{"id":64185,"date":"2023-05-26T14:03:48","date_gmt":"2023-05-26T11:03:48","guid":{"rendered":"http:\/\/localhost\/sykli\/?page_id=64185"},"modified":"2025-02-07T13:51:58","modified_gmt":"2025-02-07T11:51:58","slug":"ilmoituskanava","status":"publish","type":"page","link":"https:\/\/sykli.fi\/demo\/yhteys\/ilmoituskanava\/","title":{"rendered":"Ilmoituskanava"},"content":{"rendered":"\r\n<section id=\"hero-block_b8513db578d13200056599e1bb499088\" class=\"hero site-banner section-default default alignfull\">\r\n\r\n    <div class=\"site-banner-bg section-bg-image \" >\r\n\r\n        <img loading=\"lazy\" decoding=\"async\" width=\"1920\" height=\"1280\" src=\"https:\/\/sykli.fi\/demo\/wp-content\/uploads\/2022\/09\/sykli-etusivu-06-2019.jpg\" class=\"attachment-1536\u00d71536 size-1536\u00d71536\" alt=\"Vihreit\u00e4 lehti\u00e4 l\u00e4hikuvassa.\" srcset=\"https:\/\/sykli.fi\/demo\/wp-content\/uploads\/2022\/09\/sykli-etusivu-06-2019.jpg 1920w, https:\/\/sykli.fi\/demo\/wp-content\/uploads\/2022\/09\/sykli-etusivu-06-2019-300x200.jpg 300w, https:\/\/sykli.fi\/demo\/wp-content\/uploads\/2022\/09\/sykli-etusivu-06-2019-1024x683.jpg 1024w, https:\/\/sykli.fi\/demo\/wp-content\/uploads\/2022\/09\/sykli-etusivu-06-2019-768x512.jpg 768w, https:\/\/sykli.fi\/demo\/wp-content\/uploads\/2022\/09\/sykli-etusivu-06-2019-1536x1024.jpg 1536w\" sizes=\"auto, (max-width: 1920px) 100vw, 1920px\" \/>\r\n        \r\n        \r\n            <div class=\"site-banner-content container\">\r\n                <div class=\"row w-100\">\r\n                    <div class=\"col-md-12\">\r\n                        <div class=\"hero-text-overlay\">\r\n                                                                <h1 class=\"hero-title\">Syklin ilmoituskanava<\/h1>\r\n                            <div class=\"inner-content\">\r\n                            <div class=\"acf-innerblocks-container\"><\/div>\r\n                        <\/div>                        <\/div>\r\n                    <\/div>\r\n                <\/div>\r\n            <\/div>\r\n\r\n        <\/section>\n\n\n<h2 class=\"wp-block-heading\" id=\"ilmoituskanava\">Syklin ilmoituskanava<\/h2>\n\n\n\n<p>Voit antaa anonyymin\u00e4 palautetta ilmoituskanavan kautta Suomen ymp\u00e4rist\u00f6opisto Syklin toiminnasta, joka kohdistuu v\u00e4\u00e4rink\u00e4yt\u00f6ksiin tai ep\u00e4eettiseen toimintaan tai h\u00e4irint\u00e4\u00e4n.<\/p>\n\n\n\n<p>Ilmoituskanavaa ei ole tarkoitettu asiakaspalautteisiin tai reklamointiin, k\u00e4yt\u00e4th\u00e4n siihen <a href=\"https:\/\/sykli.fi\/demo\/yhteys\/palaute\/\">palautelomaketta<\/a>.<\/p>\n\n\n\n<h4 class=\"wp-block-heading\">Milloin tulee tehd\u00e4 ilmoitus?<\/h4>\n\n\n\n<p>Tee ehdotus rikkomukseen kohdistuvasta ep\u00e4ilyst\u00e4, kun asia koskee mahdollisesti ep\u00e4eettist\u00e4 toimintaa Sykliss\u00e4. T\u00e4llaisia voivat olla muun muassa toimihenkil\u00f6n ep\u00e4eettinen, petollinen, arveluttava, ep\u00e4rehellinen, laiton tai huolimaton toiminta tai k\u00e4yt\u00f6s.<\/p>\n\n\n\n<p>Kaikki ilmoitukset k\u00e4sitell\u00e4\u00e4n ehdottoman luottamuksellisesti. Ilmoituksen tekij\u00e4n henkil\u00f6llisyys pidet\u00e4\u00e4n luottamuksellisena koko prosessin ajan. Ilmoituksesi on t\u00e4ysin nimet\u00f6n, ellet itse liit\u00e4 yhteystietojasi viestiin. S\u00e4hk\u00f6isess\u00e4 ilmoituksessa kysyt\u00e4\u00e4n kuitenkin s\u00e4hk\u00f6postiosoitetta, jotta voimme vastata sinulle. S\u00e4hk\u00f6postiosoite on vain Syklin sis\u00e4isen tarkastajan tiedossa. Voit my\u00f6s k\u00e4ytt\u00e4\u00e4 t\u00e4ysin anonyymia s\u00e4hk\u00f6postiosoitetta.<\/p>\n\n\n\n<h4 class=\"wp-block-heading\">N\u00e4in teet ilmoituksen<\/h4>\n\n\n\n<p>J\u00e4t\u00e4 ilmoitus mahdollisesta v\u00e4\u00e4rink\u00e4yt\u00f6sep\u00e4ilyst\u00e4 Syklin sis\u00e4iselle tarkastajalle:<\/p>\n\n\n\n<ul class=\"wp-block-list\">\n<li><strong>Verkossa t\u00e4ytett\u00e4v\u00e4ll\u00e4 lomakkeella<\/strong>, <a href=\"https:\/\/forms.office.com\/Pages\/ResponsePage.aspx?id=gWp4uhUfTkmK-bYFBFbbELI8jiu4EFhAjxJon08sLlhURDE4T1RaSUY0V1Y2TVJGRTMwVEdIVkYxTi4u\">lomakkeeseen p\u00e4\u00e4set t\u00e4st\u00e4 \u00bb<\/a><\/li>\n\n\n\n<li><strong>S\u00e4hk\u00f6postilla:<\/strong>&nbsp;<a href=\"mailto:ilmoituskanava@sykli.fi\">ilmoituskanava@sykli.fi<\/a><\/li>\n\n\n\n<li><strong>Kirjeell\u00e4<\/strong>&nbsp;osoitteeseen Sis\u00e4inen tarkastaja\/luottamuksellinen, Suomen ymp\u00e4rist\u00f6opisto Sykli, Esterinportti 1, 3.krs. 00240 Helsinki<\/li>\n\n\n\n<li><strong>Soittamalla<\/strong>&nbsp;Syklin vaihteeseen 050 529 6428. Kerro heti aluksi, ett\u00e4 kyseess\u00e4 on ilmoitus v\u00e4\u00e4rink\u00e4yt\u00f6sep\u00e4ilyst\u00e4, jolloin puhelusi ohjataan sis\u00e4iselle tarkastajalle.<\/li>\n<\/ul>\n\n\n\n<p><em>Kaikki ilmoitukset k\u00e4sitell\u00e4\u00e4n ehdottoman luottamuksellisesti.<\/em><\/p>\n\n\n\n<p>Ilmoituksessa on suositeltavaa antaa ilmoittajan nimi ja yhteystiedot, jotta Suomen ymp\u00e4rist\u00f6opisto Sykli voi tarvittaessa pyyt\u00e4\u00e4 ilmoittajaa selvent\u00e4m\u00e4\u00e4n ilmoittamiaan tietoja tai antamaan asiassa lis\u00e4tietoja. Ilmoitus voidaan kuitenkin tehd\u00e4 my\u00f6s nimett\u00f6m\u00e4n\u00e4.<\/p>\n\n\n\n<h4 class=\"wp-block-heading\">Tietosuoja<\/h4>\n\n\n\n<p>Sinulla on halutessasi oikeus pyyt\u00e4\u00e4 ja saada luettelo kaikista tapaustasi koskevista tallennetuista tiedoista. Tarvittaessa sinulla on my\u00f6s oikeus pyyt\u00e4\u00e4 Suomen ymp\u00e4rist\u00f6opisto Sykli\u00e4 korjaamaan ep\u00e4t\u00e4ydelliset ja v\u00e4\u00e4r\u00e4t tiedot.<\/p>\n","protected":false},"excerpt":{"rendered":"<p>Syklin ilmoituskanava Voit antaa anonyymin\u00e4 palautetta ilmoituskanavan kautta Suomen ymp\u00e4rist\u00f6opisto Syklin toiminnasta, joka kohdistuu v\u00e4\u00e4rink\u00e4yt\u00f6ksiin tai ep\u00e4eettiseen toimintaan tai h\u00e4irint\u00e4\u00e4n. [&hellip;]<\/p>\n","protected":false},"author":2,"featured_media":61776,"parent":51,"menu_order":6,"comment_status":"closed","ping_status":"closed","template":"","meta":{"_acf_changed":false,"footnotes":""},"class_list":["post-64185","page","type-page","status-publish","has-post-thumbnail","hentry"],"acf":[],"_links":{"self":[{"href":"https:\/\/sykli.fi\/demo\/wp-json\/wp\/v2\/pages\/64185","targetHints":{"allow":["GET"]}}],"collection":[{"href":"https:\/\/sykli.fi\/demo\/wp-json\/wp\/v2\/pages"}],"about":[{"href":"https:\/\/sykli.fi\/demo\/wp-json\/wp\/v2\/types\/page"}],"author":[{"embeddable":true,"href":"https:\/\/sykli.fi\/demo\/wp-json\/wp\/v2\/users\/2"}],"replies":[{"embeddable":true,"href":"https:\/\/sykli.fi\/demo\/wp-json\/wp\/v2\/comments?post=64185"}],"version-history":[{"count":4,"href":"https:\/\/sykli.fi\/demo\/wp-json\/wp\/v2\/pages\/64185\/revisions"}],"predecessor-version":[{"id":70302,"href":"https:\/\/sykli.fi\/demo\/wp-json\/wp\/v2\/pages\/64185\/revisions\/70302"}],"up":[{"embeddable":true,"href":"https:\/\/sykli.fi\/demo\/wp-json\/wp\/v2\/pages\/51"}],"wp:featuredmedia":[{"embeddable":true,"href":"https:\/\/sykli.fi\/demo\/wp-json\/wp\/v2\/media\/61776"}],"wp:attachment":[{"href":"https:\/\/sykli.fi\/demo\/wp-json\/wp\/v2\/media?parent=64185"}],"curies":[{"name":"wp","href":"https:\/\/api.w.org\/{rel}","templated":true}]}}