{"id":64155,"date":"2023-09-26T16:42:41","date_gmt":"2023-09-26T13:42:41","guid":{"rendered":"http:\/\/localhost\/sykli\/?page_id=64155"},"modified":"2023-09-26T16:42:42","modified_gmt":"2023-09-26T13:42:42","slug":"kestava-kehitys-yrityksen-toiminnassa-2","status":"publish","type":"page","link":"https:\/\/sykli.fi\/demo\/koulutusalat\/laatu-ymparisto-ja-turvallisuusjohtaminen\/tilauskoulutukset\/kestava-kehitys-yrityksen-toiminnassa-2\/","title":{"rendered":"Kest\u00e4v\u00e4 kehitys yrityksen toiminnassa"},"content":{"rendered":"\r\n<section id=\"hero-block_5a5acacc9c20cca025ddbc3075cdd0d0\" class=\"hero site-banner section-default default alignfull\">\r\n\r\n    <div class=\"site-banner-bg section-bg-image \" >\r\n\r\n        <img loading=\"lazy\" decoding=\"async\" width=\"2560\" height=\"1429\" src=\"https:\/\/sykli.fi\/demo\/wp-content\/uploads\/2023\/04\/shutterstock_1493445623-LYT-scaled.jpg\" class=\"attachment-1536\u00d71536 size-1536\u00d71536\" alt=\"Palapelin palat.\" srcset=\"https:\/\/sykli.fi\/demo\/wp-content\/uploads\/2023\/04\/shutterstock_1493445623-LYT-scaled.jpg 2560w, https:\/\/sykli.fi\/demo\/wp-content\/uploads\/2023\/04\/shutterstock_1493445623-LYT-300x167.jpg 300w, https:\/\/sykli.fi\/demo\/wp-content\/uploads\/2023\/04\/shutterstock_1493445623-LYT-1024x571.jpg 1024w, https:\/\/sykli.fi\/demo\/wp-content\/uploads\/2023\/04\/shutterstock_1493445623-LYT-768x429.jpg 768w, https:\/\/sykli.fi\/demo\/wp-content\/uploads\/2023\/04\/shutterstock_1493445623-LYT-1536x857.jpg 1536w, https:\/\/sykli.fi\/demo\/wp-content\/uploads\/2023\/04\/shutterstock_1493445623-LYT-2048x1143.jpg 2048w\" sizes=\"auto, (max-width: 2560px) 100vw, 2560px\" \/>\r\n        \r\n        \r\n            <div class=\"site-banner-content container\">\r\n                <div class=\"row w-100\">\r\n                    <div class=\"col-md-12\">\r\n                        <div class=\"hero-text-overlay\">\r\n                                                                <h1 class=\"hero-title\">Kest\u00e4v\u00e4 kehitys yrityksen toiminnassa<\/h1>\r\n                            <div class=\"inner-content\">\r\n                            <div class=\"acf-innerblocks-container\"><\/div>\r\n                        <\/div>                        <\/div>\r\n                    <\/div>\r\n                <\/div>\r\n            <\/div>\r\n\r\n        <\/section>\n\n\n<h2 class=\"wp-block-heading\">Kest\u00e4v\u00e4n kehityksen koulutus<\/h2>\n\n\n\n<p>Miten organisaatioiden toimintaymp\u00e4rist\u00f6 muuttuu ilmastonmuutoksen my\u00f6t\u00e4? Miten varmistaa toiminnan kest\u00e4vyys ja kannattavuus pitk\u00e4ll\u00e4 aikav\u00e4lill\u00e4? Mit\u00e4 on sosiaalinen kest\u00e4vyys yrityksen arjen toiminnassa?<\/p>\n\n\n\n<p>Kest\u00e4v\u00e4n kehityksen osaamista tarvitaan kaikilla aloilla ja kaikissa ty\u00f6teht\u00e4viss\u00e4. Kest\u00e4v\u00e4n kehityksen koulutuksemme perehdytt\u00e4v\u00e4t osallistujat kest\u00e4v\u00e4n kehityksen ulottuvuuksiin, eli taloudelliseen, ekologiseen ja sosio-kulttuuriseen kest\u00e4vyyteen. Lis\u00e4ksi tutustutaan oman alan kannalta ajankohtaisiin kest\u00e4v\u00e4\u00e4n kehitykseen nivoutuviin ilmi\u00f6ihin. Koulutuksesta saat konkreettisia ty\u00f6kaluja siihen, miten edist\u00e4\u00e4 kest\u00e4v\u00e4\u00e4 kehityst\u00e4 \u2013 niin johtamisessa, ty\u00f6yhteis\u00f6tasolla kuin omissa ty\u00f6teht\u00e4viss\u00e4.<\/p>\n\n\n\n<p><strong>Kohderyhm\u00e4<\/strong><br>Koulutus voidaan toteuttaa koko henkil\u00f6st\u00f6lle, yksik\u00f6ille tai tiimeille, tai yrityksen johdolle ja esihenkil\u00f6ille.<\/p>\n\n\n\n<p><strong>Toteutustapa<\/strong><br>Tilauskoulutus, jonka sis\u00e4lt\u00f6 r\u00e4\u00e4t\u00e4l\u00f6id\u00e4\u00e4n asiakkaan tarpeen mukaan. Kesto \u00bd-1 pv. Tarjoamme koulutuksen tarvittaessa my\u00f6s verkkototeutuksena.<\/p>\n\n\n<h2>Kysy lis\u00e4\u00e4<\/h2>\r\n<div class=\"row\">\r\n                                <div class=\"col-md-6\">\r\n                    <div class=\"staff-box\">\r\n                        <div class=\"row\">\r\n                            <div class=\"col-4\">\r\n                                <img loading=\"lazy\" decoding=\"async\" width=\"150\" height=\"250\" src=\"https:\/\/sykli.fi\/demo\/wp-content\/uploads\/2022\/09\/minna-myllykoski-2022-nettisivuille-mv.jpg\" class=\"attachment-post-thumbnail size-post-thumbnail wp-post-image\" alt=\"\" \/>                            <\/div>\r\n                            <div class=\"col-8\">\r\n                                <h3>Minna Myllykoski<\/h3>\r\n                                Laatu- ja vastuullisuusp\u00e4\u00e4llikk\u00f6                                <ul>\r\n                                    <li><svg xmlns=\"http:\/\/www.w3.org\/2000\/svg\" width=\"16\" height=\"16\" fill=\"currentColor\" class=\"bi bi-telephone-fill\" viewBox=\"0 0 16 16\">\r\n                                <path fill-rule=\"evenodd\" d=\"M1.885.511a1.745 1.745 0 0 1 2.61.163L6.29 2.98c.329.423.445.974.315 1.494l-.547 2.19a.678.678 0 0 0 .178.643l2.457 2.457a.678.678 0 0 0 .644.178l2.189-.547a1.745 1.745 0 0 1 1.494.315l2.306 1.794c.829.645.905 1.87.163 2.611l-1.034 1.034c-.74.74-1.846 1.065-2.877.702a18.634 18.634 0 0 1-7.01-4.42 18.634 18.634 0 0 1-4.42-7.009c-.362-1.03-.037-2.137.703-2.877L1.885.511z\"\/>\r\n                              <\/svg> <a href=\"tel:+358407406028\">040 740 6028<\/a><\/li><li><svg xmlns=\"http:\/\/www.w3.org\/2000\/svg\" width=\"16\" height=\"16\" fill=\"currentColor\" class=\"bi bi-envelope-fill\" viewBox=\"0 0 16 16\">\r\n                                <path d=\"M.05 3.555A2 2 0 0 1 2 2h12a2 2 0 0 1 1.95 1.555L8 8.414.05 3.555ZM0 4.697v7.104l5.803-3.558L0 4.697ZM6.761 8.83l-6.57 4.027A2 2 0 0 0 2 14h12a2 2 0 0 0 1.808-1.144l-6.57-4.027L8 9.586l-1.239-.757Zm3.436-.586L16 11.801V4.697l-5.803 3.546Z\"\/>\r\n                              <\/svg> <a href=\"mailto:minna.myllykoski@sykli.fi\">minna.myllykoski@sykli.fi<\/a><\/li>                                <\/ul>\r\n                            <\/div>\r\n                        <\/div>\r\n                    <\/div>\r\n                <\/div>\r\n    <\/div>","protected":false},"excerpt":{"rendered":"<p>Kest\u00e4v\u00e4n kehityksen koulutus Miten organisaatioiden toimintaymp\u00e4rist\u00f6 muuttuu ilmastonmuutoksen my\u00f6t\u00e4? Miten varmistaa toiminnan kest\u00e4vyys ja kannattavuus pitk\u00e4ll\u00e4 aikav\u00e4lill\u00e4? Mit\u00e4 on sosiaalinen [&hellip;]<\/p>\n","protected":false},"author":2,"featured_media":63695,"parent":62059,"menu_order":3,"comment_status":"closed","ping_status":"closed","template":"","meta":{"_acf_changed":false,"footnotes":""},"class_list":["post-64155","page","type-page","status-publish","has-post-thumbnail","hentry"],"acf":[],"_links":{"self":[{"href":"https:\/\/sykli.fi\/demo\/wp-json\/wp\/v2\/pages\/64155","targetHints":{"allow":["GET"]}}],"collection":[{"href":"https:\/\/sykli.fi\/demo\/wp-json\/wp\/v2\/pages"}],"about":[{"href":"https:\/\/sykli.fi\/demo\/wp-json\/wp\/v2\/types\/page"}],"author":[{"embeddable":true,"href":"https:\/\/sykli.fi\/demo\/wp-json\/wp\/v2\/users\/2"}],"replies":[{"embeddable":true,"href":"https:\/\/sykli.fi\/demo\/wp-json\/wp\/v2\/comments?post=64155"}],"version-history":[{"count":1,"href":"https:\/\/sykli.fi\/demo\/wp-json\/wp\/v2\/pages\/64155\/revisions"}],"predecessor-version":[{"id":65232,"href":"https:\/\/sykli.fi\/demo\/wp-json\/wp\/v2\/pages\/64155\/revisions\/65232"}],"up":[{"embeddable":true,"href":"https:\/\/sykli.fi\/demo\/wp-json\/wp\/v2\/pages\/62059"}],"wp:featuredmedia":[{"embeddable":true,"href":"https:\/\/sykli.fi\/demo\/wp-json\/wp\/v2\/media\/63695"}],"wp:attachment":[{"href":"https:\/\/sykli.fi\/demo\/wp-json\/wp\/v2\/media?parent=64155"}],"curies":[{"name":"wp","href":"https:\/\/api.w.org\/{rel}","templated":true}]}}