{"id":63947,"date":"2023-05-09T13:35:09","date_gmt":"2023-05-09T10:35:09","guid":{"rendered":"http:\/\/localhost\/sykli\/?page_id=63947"},"modified":"2023-05-09T13:48:47","modified_gmt":"2023-05-09T10:48:47","slug":"koulutusta-maarakentajille","status":"publish","type":"page","link":"https:\/\/sykli.fi\/demo\/koulutusalat\/ymparistohuolto\/ymparistohuollon-tilauskoulutukset\/koulutusta-maarakentajille\/","title":{"rendered":"Koulutusta maarakentajille"},"content":{"rendered":"\r\n<section id=\"hero-block_9ef103a7a4488a5131bc8e7913185263\" class=\"hero site-banner section-default default alignfull\">\r\n\r\n    <div class=\"site-banner-bg section-bg-image \" >\r\n\r\n        <img loading=\"lazy\" decoding=\"async\" width=\"1000\" height=\"750\" src=\"https:\/\/sykli.fi\/demo\/wp-content\/uploads\/2023\/04\/shutterstock_727038277-ymparistohuolto.jpg\" class=\"attachment-1536\u00d71536 size-1536\u00d71536\" alt=\"Taimi.\" srcset=\"https:\/\/sykli.fi\/demo\/wp-content\/uploads\/2023\/04\/shutterstock_727038277-ymparistohuolto.jpg 1000w, https:\/\/sykli.fi\/demo\/wp-content\/uploads\/2023\/04\/shutterstock_727038277-ymparistohuolto-300x225.jpg 300w, https:\/\/sykli.fi\/demo\/wp-content\/uploads\/2023\/04\/shutterstock_727038277-ymparistohuolto-768x576.jpg 768w\" sizes=\"auto, (max-width: 1000px) 100vw, 1000px\" \/>\r\n        \r\n        \r\n            <div class=\"site-banner-content container\">\r\n                <div class=\"row w-100\">\r\n                    <div class=\"col-md-12\">\r\n                        <div class=\"hero-text-overlay\">\r\n                                                                <h1 class=\"hero-title\">Koulutusta maarakentajille<\/h1>\r\n                            <div class=\"inner-content\">\r\n                            <div class=\"acf-innerblocks-container\"><\/div>\r\n                        <\/div>                        <\/div>\r\n                    <\/div>\r\n                <\/div>\r\n            <\/div>\r\n\r\n        <\/section>\n\n\n<h2 class=\"wp-block-heading\">Maarakentaja \u2013 kehit\u00e4 osaamistasi ammattilaisena! P\u00e4tev\u00f6idy ty\u00f6ss\u00e4si ja suorita ymp\u00e4rist\u00f6alan ammattitutkinto!<\/h2>\n\n\n\n<p>Koulutus on maarakennusalan ammattilaisille r\u00e4\u00e4t\u00e4l\u00f6ity\u00e4 ymp\u00e4rist\u00f6alan ammattitutkintoon valmistavaa koulutusta. Tavoitteena on lis\u00e4t\u00e4 maarakennusalalla ty\u00f6skentelevien ammatillista osaamista vesihuoltoverkostoista, ymp\u00e4rist\u00f6asioissa ja kiertotaloudesta sek\u00e4 saada kokonaisn\u00e4kemys ymp\u00e4rist\u00f6alan vaatimuksista. Koulutuksen aloitus sopimuksen mukaan<\/p>\n\n\n\n<h4 class=\"wp-block-heading\">Koulutuksen tavoite<\/h4>\n\n\n\n<p>Koulutus tarjoaa maarakentajille ajankohtaista tietoa vesihuoltoverkostoista sek\u00e4 kiertotalouden vaatimuksista ja vaikutuksista maarakennusty\u00f6h\u00f6n.<br><br>Koulutus lis\u00e4\u00e4 maarakennusalalla ty\u00f6skentelevien ammatillista osaamista vesihuoltoverkostojen rakentamisessa ja kunnossapidossa, ymp\u00e4rist\u00f6asioissa sek\u00e4 tiet\u00e4myst\u00e4 kiertotalouden vaatimuksista (mm. maa-ainesten k\u00e4sittely, uusioraaka-aineiden hy\u00f6dynt\u00e4minen).<\/p>\n\n\n\n<h4 class=\"wp-block-heading\">Koulutuksen sis\u00e4lt\u00f6<\/h4>\n\n\n\n<p>Tutkinto on laajuudeltaan 150 osp.<br><strong>Kaikille yhteinen osa:<\/strong><\/p>\n\n\n\n<p>Ymp\u00e4rist\u00f6alan ty\u00f6teht\u00e4viss\u00e4 toimiminen (50 osp)<\/p>\n\n\n\n<ul class=\"wp-block-list\">\n<li>Asiakkaat ja Vuorovaikutus ty\u00f6yhteis\u00f6ss\u00e4<\/li>\n\n\n\n<li>Organisaation viestint\u00e4k\u00e4yt\u00e4nn\u00f6t<\/li>\n\n\n\n<li>Toimintaj\u00e4rjestelm\u00e4t ja ohjeistukset<\/li>\n\n\n\n<li>Materiaalien kierto ja ymp\u00e4rist\u00f6vaikutukset<\/li>\n\n\n\n<li>Koulutukseen sis\u00e4ltyy ty\u00f6turvallisuuskortti<\/li>\n<\/ul>\n\n\n\n<p><strong>Lis\u00e4ksi valitaan 100 osp seuraavista osista:<\/strong><br>Vesihuoltoverkostojen rakentaminen ja saneeraus, 50 osp<\/p>\n\n\n\n<ul class=\"wp-block-list\">\n<li>vesihuollon perusperiaatteiden noudattaminen<\/li>\n\n\n\n<li>tunnistaa maarakentamiseen ja putkiasennuksiin liittyv\u00e4t vaaratekij\u00e4t ja niiden aiheuttamat turvallisuusriskit<\/li>\n\n\n\n<li>h\u00e4iri\u00f6tilanteissa toimiminen (mm. putkirikko)<\/li>\n\n\n\n<li>ty\u00f6ss\u00e4 vaadittavien j\u00e4rjestelmien k\u00e4ytt\u00f6<\/li>\n\n\n\n<li>verkoston rakennus- tai saneerausty\u00f6n suunnittelu<\/li>\n\n\n\n<li>vesihuoltoverkoston rakentaminen tai saneeraus<\/li>\n\n\n\n<li>koulutukseen sis\u00e4ltyy vesity\u00f6kortti<\/li>\n<\/ul>\n\n\n\n<p>Materiaalien talteenotto ja hy\u00f6dynt\u00e4minen, 50 osp<\/p>\n\n\n\n<ul class=\"wp-block-list\">\n<li>tavanomaisten ja vaarallisten maa-ainesten varastointi sek\u00e4 niiden hy\u00f6tyk\u00e4ytt\u00f6mahdollisuuksien tunnistaminen<\/li>\n\n\n\n<li>ymp\u00e4rist\u00f6huollon perusperiaatteiden noudattaminen<\/li>\n\n\n\n<li>tunnistaa omaan ty\u00f6h\u00f6n ja ty\u00f6ymp\u00e4rist\u00f6\u00f6n liittyv\u00e4t vaaratekij\u00e4t ja niiden aiheuttamat turvallisuusriskit<\/li>\n\n\n\n<li>ty\u00f6maan materiaalien vastaanotto ja luokittelu<\/li>\n\n\n\n<li>materiaalin k\u00e4sittely sek\u00e4 koneiden ja laitteiden k\u00e4ytt\u00f6<\/li>\n\n\n\n<li>materiaalien laadun seuranta<\/li>\n<\/ul>\n\n\n\n<p>Pilaantuneiden maiden k\u00e4sitteleminen, 50 osp<\/p>\n\n\n\n<ul class=\"wp-block-list\">\n<li>pilaantuneen maan k\u00e4sittely<\/li>\n\n\n\n<li>koneiden ja laitteiden k\u00e4ytt\u00f6<\/li>\n\n\n\n<li>maa-aineksen laadun varmistaminen<\/li>\n\n\n\n<li>ty\u00f6maaj\u00e4tteiden k\u00e4sittely<\/li>\n\n\n\n<li>tunnistaa ty\u00f6h\u00f6n ja ty\u00f6ymp\u00e4rist\u00f6\u00f6n liittyv\u00e4t vaaratekij\u00e4t ja niiden aiheuttamat turvallisuusriskit<\/li>\n<\/ul>\n\n\n\n<h4 class=\"wp-block-heading\">Koulutuksen kohderyhm\u00e4<\/h4>\n\n\n\n<p>Koulutus sopii maa- ja pohjarakentajille, Infra-rakentajille, verkostorakentajille, maarakennuskoneenkuljettajille sek\u00e4 henkil\u00f6ille, jotka toimivat maa-ainesten v\u00e4livarastoilla sek\u00e4 maarakennusty\u00f6mailla. Vaadittava osaaminen osoitetaan n\u00e4yt\u00f6in.<\/p>\n\n\n\n<h4 class=\"wp-block-heading\">Toteutustapa<\/h4>\n\n\n\n<p>Koulutuksen kokonaiskesto on noin 1,5 vuotta, ml. tutkintotilaisuudet. L\u00e4hiopetusta on noin kerran kuukaudessa. Kes\u00e4ll\u00e4 ei l\u00e4hiopetusta. Koulutusp\u00e4ivien lukum\u00e4\u00e4r\u00e4 on valituista osista riippuen noin 10 kappaletta. Tutkinto perustuu aikuisten n\u00e4ytt\u00f6tutkintoj\u00e4rjestelm\u00e4\u00e4n.<\/p>\n\n\n\n<p>Koulutusp\u00e4iviin voi tarvittaessa osallistua et\u00e4yhteydell\u00e4.<br>Tutkinnon yhdist\u00e4minen maanrakennusalan tutkintoihin Ymp\u00e4rist\u00f6alan ammattitutkintoon voi halutessaan my\u00f6s sis\u00e4llytt\u00e4\u00e4 rakennusalan perustutkinnon osia. Kysy lis\u00e4\u00e4 yhdistelymahdollisuuksista ja hintatietoja Syklist\u00e4!<\/p>\n\n\n<h2>Kysy lis\u00e4\u00e4<\/h2>\r\n<div class=\"row\">\r\n                                <div class=\"col-md-6\">\r\n                    <div class=\"staff-box\">\r\n                        <div class=\"row\">\r\n                            <div class=\"col-4\">\r\n                                <img loading=\"lazy\" decoding=\"async\" width=\"150\" height=\"250\" src=\"https:\/\/sykli.fi\/demo\/wp-content\/uploads\/2022\/09\/risto-ponto-2022-nettisivuille-mv.jpg\" class=\"attachment-post-thumbnail size-post-thumbnail wp-post-image\" alt=\"\" \/>                            <\/div>\r\n                            <div class=\"col-8\">\r\n                                <h3>Risto Ponto<\/h3>\r\n                                Asiantuntija, vesihuolto                                <ul>\r\n                                    <li><svg xmlns=\"http:\/\/www.w3.org\/2000\/svg\" width=\"16\" height=\"16\" fill=\"currentColor\" class=\"bi bi-telephone-fill\" viewBox=\"0 0 16 16\">\r\n                                <path fill-rule=\"evenodd\" d=\"M1.885.511a1.745 1.745 0 0 1 2.61.163L6.29 2.98c.329.423.445.974.315 1.494l-.547 2.19a.678.678 0 0 0 .178.643l2.457 2.457a.678.678 0 0 0 .644.178l2.189-.547a1.745 1.745 0 0 1 1.494.315l2.306 1.794c.829.645.905 1.87.163 2.611l-1.034 1.034c-.74.74-1.846 1.065-2.877.702a18.634 18.634 0 0 1-7.01-4.42 18.634 18.634 0 0 1-4.42-7.009c-.362-1.03-.037-2.137.703-2.877L1.885.511z\"\/>\r\n                              <\/svg> <a href=\"tel:+358503879555\">050 387 9555<\/a><\/li><li><svg xmlns=\"http:\/\/www.w3.org\/2000\/svg\" width=\"16\" height=\"16\" fill=\"currentColor\" class=\"bi bi-envelope-fill\" viewBox=\"0 0 16 16\">\r\n                                <path d=\"M.05 3.555A2 2 0 0 1 2 2h12a2 2 0 0 1 1.95 1.555L8 8.414.05 3.555ZM0 4.697v7.104l5.803-3.558L0 4.697ZM6.761 8.83l-6.57 4.027A2 2 0 0 0 2 14h12a2 2 0 0 0 1.808-1.144l-6.57-4.027L8 9.586l-1.239-.757Zm3.436-.586L16 11.801V4.697l-5.803 3.546Z\"\/>\r\n                              <\/svg> <a href=\"mailto:risto.ponto@sykli.fi\">risto.ponto@sykli.fi<\/a><\/li>                                <\/ul>\r\n                            <\/div>\r\n                        <\/div>\r\n                    <\/div>\r\n                <\/div>\r\n    <\/div>","protected":false},"excerpt":{"rendered":"<p>Maarakentaja \u2013 kehit\u00e4 osaamistasi ammattilaisena! P\u00e4tev\u00f6idy ty\u00f6ss\u00e4si ja suorita ymp\u00e4rist\u00f6alan ammattitutkinto! Koulutus on maarakennusalan ammattilaisille r\u00e4\u00e4t\u00e4l\u00f6ity\u00e4 ymp\u00e4rist\u00f6alan ammattitutkintoon valmistavaa koulutusta. [&hellip;]<\/p>\n","protected":false},"author":2,"featured_media":63701,"parent":63496,"menu_order":0,"comment_status":"closed","ping_status":"closed","template":"","meta":{"_acf_changed":false,"footnotes":""},"class_list":["post-63947","page","type-page","status-publish","has-post-thumbnail","hentry"],"acf":[],"_links":{"self":[{"href":"https:\/\/sykli.fi\/demo\/wp-json\/wp\/v2\/pages\/63947","targetHints":{"allow":["GET"]}}],"collection":[{"href":"https:\/\/sykli.fi\/demo\/wp-json\/wp\/v2\/pages"}],"about":[{"href":"https:\/\/sykli.fi\/demo\/wp-json\/wp\/v2\/types\/page"}],"author":[{"embeddable":true,"href":"https:\/\/sykli.fi\/demo\/wp-json\/wp\/v2\/users\/2"}],"replies":[{"embeddable":true,"href":"https:\/\/sykli.fi\/demo\/wp-json\/wp\/v2\/comments?post=63947"}],"version-history":[{"count":1,"href":"https:\/\/sykli.fi\/demo\/wp-json\/wp\/v2\/pages\/63947\/revisions"}],"predecessor-version":[{"id":64759,"href":"https:\/\/sykli.fi\/demo\/wp-json\/wp\/v2\/pages\/63947\/revisions\/64759"}],"up":[{"embeddable":true,"href":"https:\/\/sykli.fi\/demo\/wp-json\/wp\/v2\/pages\/63496"}],"wp:featuredmedia":[{"embeddable":true,"href":"https:\/\/sykli.fi\/demo\/wp-json\/wp\/v2\/media\/63701"}],"wp:attachment":[{"href":"https:\/\/sykli.fi\/demo\/wp-json\/wp\/v2\/media?parent=63947"}],"curies":[{"name":"wp","href":"https:\/\/api.w.org\/{rel}","templated":true}]}}