{"id":63924,"date":"2023-05-05T11:11:14","date_gmt":"2023-05-05T08:11:14","guid":{"rendered":"http:\/\/localhost\/sykli\/?page_id=63924"},"modified":"2026-02-18T10:55:52","modified_gmt":"2026-02-18T08:55:52","slug":"wilma-lomakkeet","status":"publish","type":"page","link":"https:\/\/sykli.fi\/demo\/opiskelijalle\/wilma-lomakkeet\/","title":{"rendered":"Wilman lomakkeet"},"content":{"rendered":"\r\n<section id=\"hero-block_f9532931aa8799ce7d474d909e0015a9\" class=\"hero site-banner section-default default alignfull\">\r\n\r\n    <div class=\"site-banner-bg section-bg-image ob-position\" style=\"object-position: 50% 73%\" >\r\n\r\n        <img loading=\"lazy\" decoding=\"async\" width=\"2560\" height=\"1708\" src=\"https:\/\/sykli.fi\/demo\/wp-content\/uploads\/2023\/05\/shutterstock_585458957-scaled.jpg\" class=\"attachment-1536\u00d71536 size-1536\u00d71536\" alt=\"K\u00e4si pitelee kyn\u00e4\u00e4 ja kirjoittaa lomakkeelle.\" srcset=\"https:\/\/sykli.fi\/demo\/wp-content\/uploads\/2023\/05\/shutterstock_585458957-scaled.jpg 2560w, https:\/\/sykli.fi\/demo\/wp-content\/uploads\/2023\/05\/shutterstock_585458957-300x200.jpg 300w, https:\/\/sykli.fi\/demo\/wp-content\/uploads\/2023\/05\/shutterstock_585458957-1024x683.jpg 1024w, https:\/\/sykli.fi\/demo\/wp-content\/uploads\/2023\/05\/shutterstock_585458957-768x512.jpg 768w, https:\/\/sykli.fi\/demo\/wp-content\/uploads\/2023\/05\/shutterstock_585458957-1536x1025.jpg 1536w, https:\/\/sykli.fi\/demo\/wp-content\/uploads\/2023\/05\/shutterstock_585458957-2048x1366.jpg 2048w\" sizes=\"auto, (max-width: 2560px) 100vw, 2560px\" \/>\r\n        \r\n        \r\n            <div class=\"site-banner-content container\">\r\n                <div class=\"row w-100\">\r\n                    <div class=\"col-md-12\">\r\n                        <div class=\"hero-text-overlay\">\r\n                                                                <h1 class=\"hero-title\">Wilman lomakkeet<\/h1>\r\n                            <div class=\"inner-content\">\r\n                            <div class=\"acf-innerblocks-container\"><\/div>\r\n                        <\/div>                        <\/div>\r\n                    <\/div>\r\n                <\/div>\r\n            <\/div>\r\n\r\n        <\/section>\n\n\n<h2 class=\"wp-block-heading\">Linkit s\u00e4hk\u00f6isiin lomakkeisiin<\/h2>\n\n\n\n<p>Sykliss\u00e4 on k\u00e4yt\u00f6ss\u00e4 erilaisia Wilma-lomakkeita hakijalle, opiskelijalle ja ty\u00f6jakso-organisaatiolle tietojen ilmoittamiseen. Lomakkeita ei ole optimoitu puhelimelle, joten t\u00e4yt\u00e4 lomakkeet tietokoneella.<\/p>\n\n\n\n<h5 class=\"wp-block-heading\">Tutkintokoulutukset<\/h5>\n\n\n\n<ul class=\"wp-block-list\">\n<li><a href=\"https:\/\/sykli.inschool.fi\/browsecourses?school-id=1&amp;long-term=225&amp;checkout=true\" target=\"_blank\" rel=\"noreferrer noopener\">Hakulomake tutkintokoulutukseen<\/a> \u2013 hakijalle, joka on aloittamassa Sykliss\u00e4 tutkintoon tai tutkinnon osaan valmistavaa koulutusta<\/li>\n\n\n\n<li><a href=\"https:\/\/sykli.inschool.fi\/browsecourses?school-id=1&amp;long-term=222&amp;checkout=true\" target=\"_blank\" rel=\"noreferrer noopener\">Oppisopimuksen esitietolomake<\/a> \u2013 hakijalle, jolle solmitaan Syklin oma oppisopimus<\/li>\n\n\n\n<li><a href=\"https:\/\/sykli.inschool.fi\/browsecourses?school-id=1&amp;long-term=265&amp;checkout=true\" target=\"_blank\" rel=\"noreferrer noopener\">N\u00e4ytt\u00f6ilmoituslomake<\/a> \u2013 tutkinto-opiskelijalle, jolle on jo sovittu n\u00e4ytt\u00f6p\u00e4iv\u00e4<\/li>\n\n\n\n<li><a href=\"https:\/\/sykli.inschool.fi\/browsecourses?school-id=1&amp;long-term=319&amp;checkout=true\" target=\"_blank\" rel=\"noreferrer noopener\">Opiskelutietojen muutoslomake<\/a> \u2013 opiskelijalle, jonka tiedot ovat muuttuneet tai joka haluaa keskeytt\u00e4\u00e4\/lopettaa opinnot tai pident\u00e4\u00e4 oppiaikaa<\/li>\n\n\n\n<li><a href=\"https:\/\/sykli.inschool.fi\/browsecourses?school-id=1&amp;long-term=386&amp;checkout=true\" target=\"_blank\" rel=\"noreferrer noopener\">Opintososiaalisten etuuksien lasku<\/a> &#8211; Syklin omalle oppisopimusopimusopiskelijalle, joka on oikeutettu opintososiaalisiin etuuksiin<\/li>\n<\/ul>\n\n\n\n<h5 class=\"wp-block-heading\">Ty\u00f6voimakoulutukset<\/h5>\n\n\n\n<ul class=\"wp-block-list\">\n<li><a href=\"https:\/\/sykli.inschool.fi\/browsecourses?school-id=1&amp;long-term=272&amp;checkout=true\" target=\"_blank\" rel=\"noreferrer noopener\">Henkil\u00f6tietolomake FEC\/KEKO\/Muutosturva -koulutukseen<\/a> \u2013 hakijalle, joka osallistuu F.E.C- tai KEKO- tai Muutosturva-koulutusohjelmaan<\/li>\n\n\n\n<li><a href=\"https:\/\/sykli.inschool.fi\/browsecourses?school-id=1&amp;long-term=330&amp;checkout=true\" target=\"_blank\" rel=\"noreferrer noopener\">Opiskelijatietolomake RekryKoulutukseen<\/a> \u2013 hakijalle, joka osallistuu ty\u00f6voimakoulutuksena j\u00e4rjestett\u00e4v\u00e4\u00e4n RekryKoulutukseen<\/li>\n\n\n\n<li><a href=\"https:\/\/sykli.inschool.fi\/browsecourses?school-id=1&amp;long-term=331&amp;checkout=true\" target=\"_blank\" rel=\"noreferrer noopener\">Ty\u00f6jakson tiedot<\/a> \u2013 yritykselle ty\u00f6voimakoulutuksen ty\u00f6jaksotietojen ilmoittamiseen<\/li>\n<\/ul>\n\n\n\n<h5 class=\"wp-block-heading\">JOTPA-koulutukset<\/h5>\n\n\n\n<ul class=\"wp-block-list\">\n<li><a href=\"https:\/\/sykli.inschool.fi\/browsecourses?school-id=1&amp;long-term=364&amp;checkout=true\" target=\"_blank\" rel=\"noreferrer noopener\">Opiskelijatietolomake JOTPA-koulutukseen<\/a> &#8211; hakijalle, joka osallistuu jatkuvan oppimisen koulutukseen<\/li>\n<\/ul>\n\n\n<h2>Lis\u00e4tietoja<\/h2>\r\n<div class=\"row\">\r\n                                <div class=\"col-md-6\">\r\n                    <div class=\"staff-box\">\r\n                        <div class=\"row\">\r\n                            <div class=\"col-4\">\r\n                                <img loading=\"lazy\" decoding=\"async\" width=\"150\" height=\"243\" src=\"https:\/\/sykli.fi\/demo\/wp-content\/uploads\/2023\/04\/kirsi-e1680513251230.jpg\" class=\"attachment-post-thumbnail size-post-thumbnail wp-post-image\" alt=\"\" \/>                            <\/div>\r\n                            <div class=\"col-8\">\r\n                                <h3>Kirsi Tuikkala-Kalminen<\/h3>\r\n                                Hallintop\u00e4\u00e4llikk\u00f6                                <ul>\r\n                                    <li><svg xmlns=\"http:\/\/www.w3.org\/2000\/svg\" width=\"16\" height=\"16\" fill=\"currentColor\" class=\"bi bi-telephone-fill\" viewBox=\"0 0 16 16\">\r\n                                <path fill-rule=\"evenodd\" d=\"M1.885.511a1.745 1.745 0 0 1 2.61.163L6.29 2.98c.329.423.445.974.315 1.494l-.547 2.19a.678.678 0 0 0 .178.643l2.457 2.457a.678.678 0 0 0 .644.178l2.189-.547a1.745 1.745 0 0 1 1.494.315l2.306 1.794c.829.645.905 1.87.163 2.611l-1.034 1.034c-.74.74-1.846 1.065-2.877.702a18.634 18.634 0 0 1-7.01-4.42 18.634 18.634 0 0 1-4.42-7.009c-.362-1.03-.037-2.137.703-2.877L1.885.511z\"\/>\r\n                              <\/svg> <a href=\"tel:+358407483751\">040 748 3751<\/a><\/li><li><svg xmlns=\"http:\/\/www.w3.org\/2000\/svg\" width=\"16\" height=\"16\" fill=\"currentColor\" class=\"bi bi-envelope-fill\" viewBox=\"0 0 16 16\">\r\n                                <path d=\"M.05 3.555A2 2 0 0 1 2 2h12a2 2 0 0 1 1.95 1.555L8 8.414.05 3.555ZM0 4.697v7.104l5.803-3.558L0 4.697ZM6.761 8.83l-6.57 4.027A2 2 0 0 0 2 14h12a2 2 0 0 0 1.808-1.144l-6.57-4.027L8 9.586l-1.239-.757Zm3.436-.586L16 11.801V4.697l-5.803 3.546Z\"\/>\r\n                              <\/svg> <a href=\"mailto:kirsi.kalminen@sykli.fi\">kirsi.kalminen@sykli.fi<\/a><\/li>                                <\/ul>\r\n                            <\/div>\r\n                        <\/div>\r\n                    <\/div>\r\n                <\/div>\r\n    <\/div>","protected":false},"excerpt":{"rendered":"<p>Linkit s\u00e4hk\u00f6isiin lomakkeisiin Sykliss\u00e4 on k\u00e4yt\u00f6ss\u00e4 erilaisia Wilma-lomakkeita hakijalle, opiskelijalle ja ty\u00f6jakso-organisaatiolle tietojen ilmoittamiseen. Lomakkeita ei ole optimoitu puhelimelle, joten [&hellip;]<\/p>\n","protected":false},"author":2,"featured_media":63961,"parent":39,"menu_order":5,"comment_status":"closed","ping_status":"closed","template":"","meta":{"_acf_changed":false,"footnotes":""},"class_list":["post-63924","page","type-page","status-publish","has-post-thumbnail","hentry"],"acf":[],"_links":{"self":[{"href":"https:\/\/sykli.fi\/demo\/wp-json\/wp\/v2\/pages\/63924","targetHints":{"allow":["GET"]}}],"collection":[{"href":"https:\/\/sykli.fi\/demo\/wp-json\/wp\/v2\/pages"}],"about":[{"href":"https:\/\/sykli.fi\/demo\/wp-json\/wp\/v2\/types\/page"}],"author":[{"embeddable":true,"href":"https:\/\/sykli.fi\/demo\/wp-json\/wp\/v2\/users\/2"}],"replies":[{"embeddable":true,"href":"https:\/\/sykli.fi\/demo\/wp-json\/wp\/v2\/comments?post=63924"}],"version-history":[{"count":6,"href":"https:\/\/sykli.fi\/demo\/wp-json\/wp\/v2\/pages\/63924\/revisions"}],"predecessor-version":[{"id":73674,"href":"https:\/\/sykli.fi\/demo\/wp-json\/wp\/v2\/pages\/63924\/revisions\/73674"}],"up":[{"embeddable":true,"href":"https:\/\/sykli.fi\/demo\/wp-json\/wp\/v2\/pages\/39"}],"wp:featuredmedia":[{"embeddable":true,"href":"https:\/\/sykli.fi\/demo\/wp-json\/wp\/v2\/media\/63961"}],"wp:attachment":[{"href":"https:\/\/sykli.fi\/demo\/wp-json\/wp\/v2\/media?parent=63924"}],"curies":[{"name":"wp","href":"https:\/\/api.w.org\/{rel}","templated":true}]}}