{"id":63910,"date":"2023-05-05T10:36:00","date_gmt":"2023-05-05T07:36:00","guid":{"rendered":"http:\/\/localhost\/sykli\/?page_id=63910"},"modified":"2026-02-27T08:34:32","modified_gmt":"2026-02-27T06:34:32","slug":"aloitusohjeet","status":"publish","type":"page","link":"https:\/\/sykli.fi\/demo\/opiskelijalle\/aloitusohjeet\/","title":{"rendered":"Aloitusohjeet tutkintokoulutukseen hakeutuneelle"},"content":{"rendered":"\r\n<section id=\"hero-block_86ded1498445f7225b773215207e8d6b\" class=\"hero site-banner section-default default alignfull\">\r\n\r\n    <div class=\"site-banner-bg section-bg-image \" >\r\n\r\n        <img loading=\"lazy\" decoding=\"async\" width=\"1000\" height=\"667\" src=\"https:\/\/sykli.fi\/demo\/wp-content\/uploads\/2023\/04\/shutterstock_421993138-tilauskoulutukset.jpg\" class=\"attachment-1536\u00d71536 size-1536\u00d71536\" alt=\"Kirja laiturilla.\" srcset=\"https:\/\/sykli.fi\/demo\/wp-content\/uploads\/2023\/04\/shutterstock_421993138-tilauskoulutukset.jpg 1000w, https:\/\/sykli.fi\/demo\/wp-content\/uploads\/2023\/04\/shutterstock_421993138-tilauskoulutukset-300x200.jpg 300w, https:\/\/sykli.fi\/demo\/wp-content\/uploads\/2023\/04\/shutterstock_421993138-tilauskoulutukset-768x512.jpg 768w\" sizes=\"auto, (max-width: 1000px) 100vw, 1000px\" \/>\r\n        \r\n        \r\n            <div class=\"site-banner-content container\">\r\n                <div class=\"row w-100\">\r\n                    <div class=\"col-md-12\">\r\n                        <div class=\"hero-text-overlay\">\r\n                                                                <h1 class=\"hero-title\">Aloitusohjeet tutkinto&shy;koulutukseen hakeutuneelle<\/h1>\r\n                            <div class=\"inner-content\">\r\n                            <div class=\"acf-innerblocks-container\"><\/div>\r\n                        <\/div>                        <\/div>\r\n                    <\/div>\r\n                <\/div>\r\n            <\/div>\r\n\r\n        <\/section>\n\n\n<h2 class=\"wp-block-heading\">Aloitusohje Syklin oppisopimusopiskelijalle<\/h2>\n\n\n\n<p><br>Kun olet t\u00e4ytt\u00e4nyt <em>Hakulomakkeen tutkintokoulutukseen<\/em>, niin mik\u00e4li opintojesi rahoitusmuoto on Syklin oppisopimus, t\u00e4yt\u00e4 viel\u00e4 <em><a rel=\"noreferrer noopener\" href=\"https:\/\/sykli.inschool.fi\/browsecourses?school-id=1&amp;long-term=222&amp;checkout=true\" data-type=\"URL\" data-id=\"https:\/\/sykli.inschool.fi\/browsecourses?school-id=1&amp;long-term=222&amp;checkout=true\" target=\"_blank\">Oppisopimuksen esitietolomake<\/a><\/em>.<\/p>\n\n\n\n<p>Kun olemme saaneet sinulta hakulomakkeen ja oppisopimuksen esitietolomakkeen, Syklin koulutustarkastaja solmii sinun ja ty\u00f6nantajasi kanssa oppisopimuksen, joka allekirjoitetaan s\u00e4hk\u00f6isesti Visma Signissa.<br>Lis\u00e4tietoja oppisopimuksesta l\u00f6yd\u00e4t t\u00e4\u00e4lt\u00e4: <a rel=\"noreferrer noopener\" href=\"https:\/\/sykli.fi\/demo\/\/opiskelijalle\/oppisopimuskoulutus\/\" data-type=\"URL\" data-id=\"https:\/\/sykli.fi\/demo\/\/opiskelijalle\/oppisopimuskoulutus\/\" target=\"_blank\">Opiskelijalle -&gt; Oppisopimuskoulutus<\/a>.<\/p>\n\n\n\n<p>T\u00e4m\u00e4n j\u00e4lkeen jatka t\u00e4t\u00e4 ohjetta eteenp\u00e4in kaikkien tutkinto-opiskelijoiden ohjeisiin.<\/p>\n\n\n\n<h2 class=\"wp-block-heading\">Aloitusohjeet kaikille tutkinto-opiskelijoille<\/h2>\n\n\n\n<h5 class=\"wp-block-heading\"><br>1. Opintojesi aloituskeskustelun ajanvaraus<\/h5>\n\n\n\n<p>Kaikille tutkinto-opiskelijoille laaditaan opintoihin henkil\u00f6kohtainen osaamisen kehitt\u00e4missuunnitelma eli HOKS. Oppi- ja koulutussopimusopiskelijoilla HOKS-keskustelussa tulee olla mukana my\u00f6s ty\u00f6paikkaohjaajasi. Varaa aika t\u00e4h\u00e4n opintojesi aloituskeskusteluun oman tutkintosi osaamisalan mukaan.<\/p>\n\n\n\n<p>.<\/p>\n\n\n\n<p><\/p>\n\n\n\n<h5 class=\"wp-block-heading\">Tutkintotavoitteisen opiskelijan ajanvaraukset:<\/h5>\n\n\n\n<p><strong>Ymp\u00e4rist\u00f6alan erikoisammattitutkinto<\/strong><\/p>\n\n\n\n<ul class=\"wp-block-list\">\n<li>V\u00e4h\u00e4hiilisyyden asiantuntija: <a href=\"https:\/\/eur02.safelinks.protection.outlook.com\/?url=https%3A%2F%2Foutlook.office365.com%2Fowa%2Fcalendar%2FVhhiilisyydenasiantuntijankoulutusohjelma%40sykli.fi%2Fbookings%2F&amp;data=05%7C02%7C%7Cc2b8e8bb5ce44b7dc3e608dc231b855c%7Cba786a811f15494e8af9b6050456db10%7C0%7C0%7C638423848310890484%7CUnknown%7CTWFpbGZsb3d8eyJWIjoiMC4wLjAwMDAiLCJQIjoiV2luMzIiLCJBTiI6Ik1haWwiLCJXVCI6Mn0%3D%7C0%7C%7C%7C&amp;sdata=a%2BmDPAlvX5%2FjtvxypY%2FzG%2BHr7iDnXAVqYeRmDog9h7k%3D&amp;reserved=0\" target=\"_blank\" rel=\"noreferrer noopener\">Bookings-kalenteri<\/a><\/li>\n\n\n\n<li>J\u00e4tehuolto: Katja Rautalin, <a href=\"mailto:katja.rautalin@sykli.fi\">katja.rautalin@sykli.fi<\/a>, 046 920 0445<\/li>\n\n\n\n<li>Ymp\u00e4rist\u00f6kasvatus: <a data-type=\"URL\" data-id=\"https:\/\/outlook.office365.com\/owa\/calendar\/SYKLI1@sykli.fi\/bookings\/\" href=\"https:\/\/outlook.office365.com\/owa\/calendar\/SYKLI1@sykli.fi\/bookings\/\" target=\"_blank\" rel=\"noreferrer noopener\">Bookings-kalenteri<\/a> <\/li>\n\n\n\n<li>Laatu-, ymp\u00e4rist\u00f6- ja turvallisuusjohtaminen: <a rel=\"noreferrer noopener\" href=\"https:\/\/outlook.office365.com\/owa\/calendar\/LYTkoulutusohjelma@sykli.fi\/bookings\/\" data-type=\"URL\" data-id=\"https:\/\/outlook.office365.com\/owa\/calendar\/LYTkoulutusohjelma@sykli.fi\/bookings\/\" target=\"_blank\">Bookings-kalenteri<\/a> <\/li>\n\n\n\n<li>Resurssitehokkuus: Virpi Vuolahti, <a href=\"mailto:virpi.vuolahti@sykli.fi\">virpi.vuolahti@sykli.fi<\/a>, 044 722 5939<\/li>\n\n\n\n<li>Vesihuolto: <a rel=\"noreferrer noopener\" href=\"https:\/\/outlook.office365.com\/owa\/calendar\/VESIHUOLTO1@sykli.fi\/bookings\/\" data-type=\"URL\" data-id=\"https:\/\/outlook.office365.com\/owa\/calendar\/VESIHUOLTO1@sykli.fi\/bookings\/\" target=\"_blank\">Bookings-kalenteri<\/a><\/li>\n<\/ul>\n\n\n\n<p><strong>Ymp\u00e4rist\u00f6alan ammattitutkinto<\/strong><\/p>\n\n\n\n<ul class=\"wp-block-list\">\n<li>Vesihuolto: Riikka Elo, <a href=\"mailto:riikka.elo@sykli.fi\">riikka.elo@sykli.fi<\/a>, 040&nbsp;572 2786<\/li>\n\n\n\n<li>Ymp\u00e4rist\u00f6huolto: Katja Rautalin, <a href=\"mailto:katja.rautalin@sykli.fi\">katja.rautalin@sykli.fi<\/a>, 046\u00a0920 0445<\/li>\n<\/ul>\n\n\n\n<p>.<\/p>\n\n\n\n<p><\/p>\n\n\n\n<h5 class=\"wp-block-heading has-darkblue-color has-text-color has-link-color wp-elements-438cca423502625a19fbbb853164f0e0\">Osatutkintotavoitteisen (yhden tutkinnon osan) opiskelijan ajanvaraukset: <\/h5>\n\n\n\n<div class=\"wp-block-buttons is-layout-flex wp-block-buttons-is-layout-flex\">\n<div class=\"wp-block-button\"><a class=\"wp-block-button__link wp-element-button\" href=\"https:\/\/eur02.safelinks.protection.outlook.com\/?url=https%3A%2F%2Foutlook.office.com%2Fbook%2FTUTKINNONOSAT%40sykli.fi%2F%3Fismsaljsauthenabled&amp;data=05%7C02%7C%7C666aae60f4714c5bea0008de64a406a7%7Cba786a811f15494e8af9b6050456db10%7C0%7C0%7C639058852821829868%7CUnknown%7CTWFpbGZsb3d8eyJFbXB0eU1hcGkiOnRydWUsIlYiOiIwLjAuMDAwMCIsIlAiOiJXaW4zMiIsIkFOIjoiTWFpbCIsIldUIjoyfQ%3D%3D%7C0%7C%7C%7C&amp;sdata=ClT%2Bv5ry2O8rhGyQUYSpSFJ6vn8JLIQ2WXoXfELKe5Y%3D&amp;reserved=0\">T\u00e4st\u00e4 ajanvaraukseen<\/a><\/div>\n<\/div>\n\n\n\n<p><\/p>\n\n\n\n<hr class=\"wp-block-separator has-alpha-channel-opacity\"\/>\n\n\n\n<h5 class=\"wp-block-heading\">2. Tutustu ammattitaitovaatimuksiin ja mieti omaa osaamistasi<\/h5>\n\n\n\n<p>Ennen HOKS-keskustelua tutustu osaamisalasi ammattitaitovaatimuksiin<\/p>\n\n\n\n<ul class=\"wp-block-list\">\n<li><a href=\"https:\/\/eperusteet.opintopolku.fi\/#\/fi\/ammatillinen\/9425413\/tiedot\" target=\"_blank\" rel=\"noreferrer noopener\">2025 Ymp\u00e4rist\u00f6alan erikoisammattitutkinto (1.8.2025 alkaen)<\/a><\/li>\n\n\n\n<li><a href=\"https:\/\/eperusteet.opintopolku.fi\/#\/fi\/ammatillinen\/9425412\/tiedot\" target=\"_blank\" rel=\"noreferrer noopener\">2025 Ymp\u00e4rist\u00f6alan ammattitutkinto (1.8.2025 alkaen)<\/a><\/li>\n<\/ul>\n\n\n\n<p>Mieti, mit\u00e4 ammattitaitovaatimusten mukaista osaamista sinulta jo mahdollisesti l\u00f6ytyy ja kirjaa huomiosi muistiin opintojesi aloituskeskustelua varten.<\/p>\n\n\n\n<p>Lis\u00e4tietoa HOKSin laadinnasta l\u00f6yd\u00e4t t\u00e4\u00e4lt\u00e4: <a href=\"https:\/\/sykli.fi\/demo\/\/opiskelijalle\/ohjeet-tutkinto-opiskelijalle\/\" data-type=\"URL\" data-id=\"https:\/\/sykli.fi\/demo\/\/opiskelijalle\/ohjeet-tutkinto-opiskelijalle\/\" target=\"_blank\" rel=\"noreferrer noopener\">Ohjeet tutkinto-opiskelijalle<\/a><\/p>\n\n\n\n<hr class=\"wp-block-separator has-alpha-channel-opacity\"\/>\n\n\n\n<h5 class=\"wp-block-heading\">3. Osaamisen tunnistaminen<\/h5>\n\n\n\n<p>Osaamisen tunnistaminen tarkoittaa sit\u00e4, ett\u00e4 opiskelijan aiemmin hankkima osaaminen selvitet\u00e4\u00e4n. Koulutuksen j\u00e4rjest\u00e4j\u00e4n\u00e4 teht\u00e4v\u00e4mme on tunnistaa opiskelijan aiemmin hankkima osaaminen opiskelijan esitt\u00e4mien asiakirjojen ja muiden selvitysten perusteella, joita voivat olla esimerkiksi tutkintotodistukset, ty\u00f6todistukset, osaamiskartoitukset, haastattelut tai muut menetelm\u00e4t. Kun tiedet\u00e4\u00e4n, mit\u00e4 opiskelija jo osaa, voidaan tuota tunnistettua osaamista tunnustaa osaksi opintoja ja suunnata koulutusta tarkoituksenmukaisesti puuttuvan osaamisen hankkimiseen. Osaamisen tunnustaminen nopeuttaa my\u00f6s tutkinnon suorittamista.<\/p>\n\n\n\n<p>Ota mukaasi HOKS-keskusteluun aiemmin suorittamiesi ammatillisten tutkintojen tutkintotodistukset. Ymp\u00e4rist\u00f6alan erikoisammattitutkintoon on mahdollista tunnustaa tutkinnon valinnainen osa tutkinnon osalla muusta aiemmin suoritetusta ammatti- tai erikoisammattitutkinnosta, jonka tutkinnon perusteet ovat edelleen voimassa. Samoin Ymp\u00e4rist\u00f6alan ammattitutkintoon on mahdollista tunnustaa tutkinnon valinnainen osa tutkinnon osalla muusta aiemmin suoritetusta perus-, ammatti- tai erikoisammattitutkinnosta, jonka tutkinnon perusteet ovat edelleen voimassa.<\/p>\n\n\n\n<p>My\u00f6s ajantasaisia korkeakouluopintoja on mahdollistaa tunnustaa 1.8.2025 alkaen osaksi Ymp\u00e4rist\u00f6alan ammatti- ja erikoisammattitutkintoa tutkintotodistuksen ja opintorekisteriotteen perusteella. Korkeakouluopintojen pit\u00e4\u00e4 tukeaa suoritettavassa tutkinnossa vaadittavaa ammatillista osaamista.<\/p>\n\n\n\n<p>Mik\u00e4li sinulle valitaan osa muusta tutkinnosta, niin skannaa tai valokuvaa tutkintotodistuksen (yleens\u00e4 se on vaaleanpunainen paperi) etusivu ja my\u00f6s sen k\u00e4\u00e4nt\u00f6puoli (takasivu), ja toimita se s\u00e4hk\u00f6postilla Syklin opintotoimistoon osoitteeseen: <a href=\"mailto:opintotoimisto@sykli.fi\">opintotoimisto@sykli.fi&nbsp;<\/a> Toimistossa kirjataan todistuksen tiedot opiskelijahallintaj\u00e4rjestelm\u00e4\u00e4n osaamisen tunnustamista varten.<\/p>\n\n\n\n<hr class=\"wp-block-separator has-alpha-channel-opacity\"\/>\n\n\n\n<h5 class=\"wp-block-heading\">4. Opintojesi rahoitusmuodon varmistaminen<\/h5>\n\n\n\n<p>Olet jo hakulomakkeella ilmoittanut opinnoillesi rahoitusmuodon. Rahoitusmuotosi varmistetaan viel\u00e4 HOKS-keskustelussa. Mik\u00e4li olet kuitenkin viel\u00e4 ep\u00e4varma rahoitusmuodon suhteen, niin lis\u00e4tietoa sen valintaan l\u00f6yd\u00e4t t\u00e4\u00e4lt\u00e4 <a data-type=\"URL\" data-id=\"https:\/\/sykli.fi\/demo\/\/hakijalle\/haku-tutkintokoulutukseen\/\" href=\"https:\/\/sykli.fi\/demo\/\/hakijalle\/haku-tutkintokoulutukseen\/\" target=\"_blank\" rel=\"noreferrer noopener\">Hakijalle -&gt; Haku tutkintokoulutukseen<\/a>. Sivulta l\u00f6yd\u00e4t my\u00f6s lyhyen ohjevideon aiheesta. Osatutkintotavoitteisessa koulutuksessa, jossa suoritetaan ainoastaan yksi tutkinnon osa, on rahoitusmuoto aina omaehtoisen opiskelijan valitonosuusrahoitus (VOS).<\/p>\n\n\n\n<hr class=\"wp-block-separator has-alpha-channel-opacity\"\/>\n\n\n\n<h5 class=\"wp-block-heading\">5. Amis-palautteen antaminen<\/h5>\n\n\n\n<p>HOKSin hyv\u00e4ksynn\u00e4n j\u00e4lkeen sinulle tulee s\u00e4hk\u00f6postiisi <em>Opetushallituksen<\/em> <em>Amis-alkupalautekysely<\/em>, jossa kysyt\u00e4\u00e4n opintojen hakeutumisvaiheeseen sek\u00e4 HOKSin laadintaan liittyv\u00e4\u00e4 palautetta. Muistathan vastata t\u00e4h\u00e4n kyselyyn!<\/p>\n\n\n\n<p><\/p>\n\n\n<h2>Lis\u00e4tietoja koulutusohjelmien yhteyshenkil\u00f6ilt\u00e4, sek\u00e4 opintotoimistosta: <\/h2>\r\n<div class=\"row\">\r\n                                <div class=\"col-md-6\">\r\n                    <div class=\"staff-box\">\r\n                        <div class=\"row\">\r\n                            <div class=\"col-4\">\r\n                                <img loading=\"lazy\" decoding=\"async\" width=\"150\" height=\"243\" src=\"https:\/\/sykli.fi\/demo\/wp-content\/uploads\/2023\/04\/kirsi-e1680513251230.jpg\" class=\"attachment-post-thumbnail size-post-thumbnail wp-post-image\" alt=\"\" \/>                            <\/div>\r\n                            <div class=\"col-8\">\r\n                                <h3>Kirsi Tuikkala-Kalminen<\/h3>\r\n                                Hallintop\u00e4\u00e4llikk\u00f6                                <ul>\r\n                                    <li><svg xmlns=\"http:\/\/www.w3.org\/2000\/svg\" width=\"16\" height=\"16\" fill=\"currentColor\" class=\"bi bi-telephone-fill\" viewBox=\"0 0 16 16\">\r\n                                <path fill-rule=\"evenodd\" d=\"M1.885.511a1.745 1.745 0 0 1 2.61.163L6.29 2.98c.329.423.445.974.315 1.494l-.547 2.19a.678.678 0 0 0 .178.643l2.457 2.457a.678.678 0 0 0 .644.178l2.189-.547a1.745 1.745 0 0 1 1.494.315l2.306 1.794c.829.645.905 1.87.163 2.611l-1.034 1.034c-.74.74-1.846 1.065-2.877.702a18.634 18.634 0 0 1-7.01-4.42 18.634 18.634 0 0 1-4.42-7.009c-.362-1.03-.037-2.137.703-2.877L1.885.511z\"\/>\r\n                              <\/svg> <a href=\"tel:+358407483751\">040 748 3751<\/a><\/li><li><svg xmlns=\"http:\/\/www.w3.org\/2000\/svg\" width=\"16\" height=\"16\" fill=\"currentColor\" class=\"bi bi-envelope-fill\" viewBox=\"0 0 16 16\">\r\n                                <path d=\"M.05 3.555A2 2 0 0 1 2 2h12a2 2 0 0 1 1.95 1.555L8 8.414.05 3.555ZM0 4.697v7.104l5.803-3.558L0 4.697ZM6.761 8.83l-6.57 4.027A2 2 0 0 0 2 14h12a2 2 0 0 0 1.808-1.144l-6.57-4.027L8 9.586l-1.239-.757Zm3.436-.586L16 11.801V4.697l-5.803 3.546Z\"\/>\r\n                              <\/svg> <a href=\"mailto:kirsi.kalminen@sykli.fi\">kirsi.kalminen@sykli.fi<\/a><\/li>                                <\/ul>\r\n                            <\/div>\r\n                        <\/div>\r\n                    <\/div>\r\n                <\/div>\r\n                                <div class=\"col-md-6\">\r\n                    <div class=\"staff-box\">\r\n                        <div class=\"row\">\r\n                            <div class=\"col-4\">\r\n                                <img loading=\"lazy\" decoding=\"async\" width=\"150\" height=\"250\" src=\"https:\/\/sykli.fi\/demo\/wp-content\/uploads\/2022\/09\/sanna-nettisivuille-mv.jpg\" class=\"attachment-post-thumbnail size-post-thumbnail wp-post-image\" alt=\"\" \/>                            <\/div>\r\n                            <div class=\"col-8\">\r\n                                <h3>Sanna Sachse<\/h3>\r\n                                Hallintokoordinaattori                                <ul>\r\n                                    <li><svg xmlns=\"http:\/\/www.w3.org\/2000\/svg\" width=\"16\" height=\"16\" fill=\"currentColor\" class=\"bi bi-telephone-fill\" viewBox=\"0 0 16 16\">\r\n                                <path fill-rule=\"evenodd\" d=\"M1.885.511a1.745 1.745 0 0 1 2.61.163L6.29 2.98c.329.423.445.974.315 1.494l-.547 2.19a.678.678 0 0 0 .178.643l2.457 2.457a.678.678 0 0 0 .644.178l2.189-.547a1.745 1.745 0 0 1 1.494.315l2.306 1.794c.829.645.905 1.87.163 2.611l-1.034 1.034c-.74.74-1.846 1.065-2.877.702a18.634 18.634 0 0 1-7.01-4.42 18.634 18.634 0 0 1-4.42-7.009c-.362-1.03-.037-2.137.703-2.877L1.885.511z\"\/>\r\n                              <\/svg> <a href=\"tel:+358444938359\">044 493 8359<\/a><\/li><li><svg xmlns=\"http:\/\/www.w3.org\/2000\/svg\" width=\"16\" height=\"16\" fill=\"currentColor\" class=\"bi bi-envelope-fill\" viewBox=\"0 0 16 16\">\r\n                                <path d=\"M.05 3.555A2 2 0 0 1 2 2h12a2 2 0 0 1 1.95 1.555L8 8.414.05 3.555ZM0 4.697v7.104l5.803-3.558L0 4.697ZM6.761 8.83l-6.57 4.027A2 2 0 0 0 2 14h12a2 2 0 0 0 1.808-1.144l-6.57-4.027L8 9.586l-1.239-.757Zm3.436-.586L16 11.801V4.697l-5.803 3.546Z\"\/>\r\n                              <\/svg> <a href=\"mailto:sanna.sachse@sykli.fi\">sanna.sachse@sykli.fi<\/a><\/li>                                <\/ul>\r\n                            <\/div>\r\n                        <\/div>\r\n                    <\/div>\r\n                <\/div>\r\n    <\/div>","protected":false},"excerpt":{"rendered":"<p>Aloitusohje Syklin oppisopimusopiskelijalle Kun olet t\u00e4ytt\u00e4nyt Hakulomakkeen tutkintokoulutukseen, niin mik\u00e4li opintojesi rahoitusmuoto on Syklin oppisopimus, t\u00e4yt\u00e4 viel\u00e4 Oppisopimuksen esitietolomake. Kun [&hellip;]<\/p>\n","protected":false},"author":2,"featured_media":63650,"parent":39,"menu_order":1,"comment_status":"closed","ping_status":"closed","template":"","meta":{"_acf_changed":false,"footnotes":""},"class_list":["post-63910","page","type-page","status-publish","has-post-thumbnail","hentry"],"acf":[],"_links":{"self":[{"href":"https:\/\/sykli.fi\/demo\/wp-json\/wp\/v2\/pages\/63910","targetHints":{"allow":["GET"]}}],"collection":[{"href":"https:\/\/sykli.fi\/demo\/wp-json\/wp\/v2\/pages"}],"about":[{"href":"https:\/\/sykli.fi\/demo\/wp-json\/wp\/v2\/types\/page"}],"author":[{"embeddable":true,"href":"https:\/\/sykli.fi\/demo\/wp-json\/wp\/v2\/users\/2"}],"replies":[{"embeddable":true,"href":"https:\/\/sykli.fi\/demo\/wp-json\/wp\/v2\/comments?post=63910"}],"version-history":[{"count":9,"href":"https:\/\/sykli.fi\/demo\/wp-json\/wp\/v2\/pages\/63910\/revisions"}],"predecessor-version":[{"id":73772,"href":"https:\/\/sykli.fi\/demo\/wp-json\/wp\/v2\/pages\/63910\/revisions\/73772"}],"up":[{"embeddable":true,"href":"https:\/\/sykli.fi\/demo\/wp-json\/wp\/v2\/pages\/39"}],"wp:featuredmedia":[{"embeddable":true,"href":"https:\/\/sykli.fi\/demo\/wp-json\/wp\/v2\/media\/63650"}],"wp:attachment":[{"href":"https:\/\/sykli.fi\/demo\/wp-json\/wp\/v2\/media?parent=63910"}],"curies":[{"name":"wp","href":"https:\/\/api.w.org\/{rel}","templated":true}]}}