{"id":63595,"date":"2023-04-24T13:47:00","date_gmt":"2023-04-24T10:47:00","guid":{"rendered":"http:\/\/localhost\/sykli\/?page_id=63595"},"modified":"2025-11-28T09:53:21","modified_gmt":"2025-11-28T07:53:21","slug":"erikoiskuljetusten-liikenteenohjaajan-ekl-peruskurssi","status":"publish","type":"page","link":"https:\/\/sykli.fi\/demo\/koulutusalat\/logistiikka\/logistiikan-avoimet-koulutukset-ja-tilauskoulutukset\/erikoiskuljetusten-liikenteenohjaajan-ekl-peruskurssi\/","title":{"rendered":"Erikoiskuljetusten liikenteenohjaajan (EKL) perus- ja t\u00e4ydennyskurssi"},"content":{"rendered":"\r\n<section id=\"hero-block_d025f24c35f78ca4e534b6bf8267ff3d\" class=\"hero site-banner section-default default alignfull\">\r\n\r\n    <div class=\"site-banner-bg section-bg-image \" >\r\n\r\n        <img loading=\"lazy\" decoding=\"async\" width=\"1920\" height=\"600\" src=\"https:\/\/sykli.fi\/demo\/wp-content\/uploads\/2022\/09\/logistiikka.jpg\" class=\"attachment-1536\u00d71536 size-1536\u00d71536\" alt=\"Rekka-auto kulkee tiet\u00e4 pitkin ja edess\u00e4 kaunis auringonlasku.\" srcset=\"https:\/\/sykli.fi\/demo\/wp-content\/uploads\/2022\/09\/logistiikka.jpg 1920w, https:\/\/sykli.fi\/demo\/wp-content\/uploads\/2022\/09\/logistiikka-300x94.jpg 300w, https:\/\/sykli.fi\/demo\/wp-content\/uploads\/2022\/09\/logistiikka-1024x320.jpg 1024w, https:\/\/sykli.fi\/demo\/wp-content\/uploads\/2022\/09\/logistiikka-768x240.jpg 768w, https:\/\/sykli.fi\/demo\/wp-content\/uploads\/2022\/09\/logistiikka-1536x480.jpg 1536w\" sizes=\"auto, (max-width: 1920px) 100vw, 1920px\" \/>\r\n        \r\n        \r\n            <div class=\"site-banner-content container\">\r\n                <div class=\"row w-100\">\r\n                    <div class=\"col-md-12\">\r\n                        <div class=\"hero-text-overlay\">\r\n                                                                <h1 class=\"hero-title\">Erikoiskuljetusten liikenteenohjaajan (EKL) perus- ja t\u00e4ydennyskurssi<\/h1>\r\n                            <div class=\"inner-content\">\r\n                            <div class=\"acf-innerblocks-container\"><\/div>\r\n                        <\/div>                        <\/div>\r\n                    <\/div>\r\n                <\/div>\r\n            <\/div>\r\n\r\n        <\/section>\n\n\n<h2 class=\"wp-block-heading\">Erikoiskuljetusten liikenteenohjaajan peruskurssi<\/h2>\n\n\n\n<p>Erikoiskuljetusten liikenteenohjaajilla on suuri vastuu huolehtia siit\u00e4, ettei kuljetus aiheuta vaaraa muille tiell\u00e4 liikkujille tai tarpeettomasti h\u00e4iritse muun liikenteen sujuvuutta. Liikenteenohjaaja parantaa ammattitaitoisella toiminnallaan erikoiskuljetusta suorittavien ja muiden tiell\u00e4 ty\u00f6skentelevien ty\u00f6turvallisuutta sek\u00e4 varmistaa kuljetettavan esineen,<br>kuljetusajoneuvon, tien ja tien laitteiden ehj\u00e4n\u00e4 s\u00e4ilymist\u00e4.<br><br>Kohderyhm\u00e4n\u00e4 kuljettajat ja liikenn\u00f6itsij\u00e4t, jotka toimivat erikoiskuljetusten parissa ja tarvitsevat liikenteenohjaajan oikeutta.<br><br>Kurssin kesto on 3 p\u00e4iv\u00e4\u00e4, yhteens\u00e4 v\u00e4hint\u00e4\u00e4n 21 oppituntia.<br>Kurssiin ei liity koetta ja kurssin suorittamisen j\u00e4lkeen EKL-oikeuden saa 5 vuodeksi. Kurssilla koulutetaan my\u00f6s kuljetuksiin liittyv\u00e4 sillanvalvonta (oikeus valvoa sillan ylityksi\u00e4).<\/p>\n\n\n\n<p>Kurssista on mahdollista saada yksi ammattip\u00e4tevyysp\u00e4iv\u00e4.<br><br><strong>Kurssille p\u00e4\u00e4semisen vaatimukset:<\/strong><\/p>\n\n\n\n<ul class=\"wp-block-list\">\n<li>v\u00e4hint\u00e4\u00e4n B-luokan ajo-oikeus<\/li>\n\n\n\n<li>on henkil\u00f6kohtaisilta ominaisuuksiltaan sopiva erikoiskuljetusten liikenteenohjaajaksi (TLL 67\u00a7)<\/li>\n<\/ul>\n\n\n\n<p>Kurssiin ei liity koetta ja kurssin suorittamisen j\u00e4lkeen EKL-oikeuden saa 5 vuodeksi. Kurssilla koulutetaan my\u00f6s kuljetuksiin liittyv\u00e4 sillanvalvonta (oikeus valvoa sillan ylityksi\u00e4). Kurssin 1. p\u00e4iv\u00e4st\u00e4 on mahdollista saada ammattip\u00e4tevyysmerkint\u00e4.<\/p>\n\n\n\n<p><strong>Koulutuksen hinta<\/strong><\/p>\n\n\n\n<ul class=\"wp-block-list\">\n<li>Peruskurssin hinta on 1255\u20ac, sis\u00e4lt\u00e4\u00e4 alv 25,5 %<\/li>\n\n\n\n<li>EKL-kortti-\/viranomaksu Traficom:lle 40\u20ac alv 0%, ammattip\u00e4tevyyden kirjaamismaksu Traficom 10\u20ac alv 0%<br><\/li>\n<\/ul>\n\n\n\n<hr class=\"wp-block-separator has-alpha-channel-opacity\"\/>\n\n\n\n<h2 class=\"wp-block-heading\">Erikoiskuljetusten liikenteenohjaajan t\u00e4ydennyskurssi<\/h2>\n\n\n\n<p>Traficom:n my\u00f6nt\u00e4m\u00e4 erikoiskuljetusten liikenteenohjaajaoikeus on voimassa 5 vuotta.<\/p>\n\n\n\n<p>Jos nykyisen EKL-ohjaajan oikeutesi p\u00e4\u00e4ttymiseen on aikaa v\u00e4hemm\u00e4n kuin (1) vuosi ja suoritat t\u00e4ydennyskurssin, saat uuteen oikeuteesi voimassaoloa t\u00e4ydet viisi (5) vuotta nykyisen p\u00e4\u00e4ttymisest\u00e4. Jos EKL-ohjaajan oikeutesi on vanhentunut v\u00e4hemm\u00e4n kuin 6 kuukautta, voit viel\u00e4 uudistaa oikeuden t\u00e4ll\u00e4 kurssilla, mutta menet\u00e4t kortin voimassaoloaikaa. Kurssilla kerrataan erikoiskuljetusten liikenteenohjaajan teht\u00e4viin liittyv\u00e4t keskeiset asiat ja mahdolliset muutokset m\u00e4\u00e4r\u00e4yksiss\u00e4. Kurssilla koulutetaan my\u00f6s kuljetuksiin liittyv\u00e4 sillanvalvonta (oikeus valvoa sillan ylityksi\u00e4).<br><br>Kohderyhm\u00e4n\u00e4 kuljettajat ja liikenn\u00f6itsij\u00e4t, joilla on voimassa oleva EKL-oikeus ja tarvitsevat oikeuden uudistamista.<br><br>Kurssin kesto on 1 p\u00e4iv\u00e4, yhteens\u00e4 v\u00e4hint\u00e4\u00e4n 7 oppituntia, eik\u00e4 kurssiin ei liity koetta. Kurssista on mahdollista saada ammattip\u00e4tevyysmerkint\u00e4.<\/p>\n\n\n\n<p><strong>Kurssille p\u00e4\u00e4semisen vaatimukset:<\/strong><\/p>\n\n\n\n<ul class=\"wp-block-list\">\n<li>v\u00e4hint\u00e4\u00e4n B-luokan ajo-oikeus<\/li>\n\n\n\n<li>voimassa oleva Tieturva 1 p\u00e4tevyys<\/li>\n\n\n\n<li>voimassa oleva EKL -oikeus<\/li>\n<\/ul>\n\n\n\n<p>Kurssiin ei liity koetta ja kurssin suorittamisen j\u00e4lkeen EKL-oikeuden saa 5 vuodeksi.<\/p>\n\n\n\n<p><strong>Koulutuksen hinta<\/strong><\/p>\n\n\n\n<ul class=\"wp-block-list\">\n<li>T\u00e4ydennyskurssin hinta on 276,10\u20ac, sis\u00e4lt\u00e4\u00e4 alv 25,5 %<\/li>\n\n\n\n<li>EKL-kortti-\/viranomaksu Traficom:lle 40\u20ac alv 0%, ammattip\u00e4tevyyden kirjaamismaksu Traficom 10\u20ac alv 0%<\/li>\n<\/ul>\n\n\n\n<hr class=\"wp-block-separator has-alpha-channel-opacity\"\/>\n\n\n<div class=\"koulutukset-block\"><h2><\/h2><div class=\"row single-koulutukset\">            <div class=\"col-sm-6 col-md-4\">\r\n                <div class=\"calendar-card\">\r\n\r\n                                            <p class=\"calendar-card-koulutustyyppi\">Ammattip\u00e4tevyyskoulutus<\/p>\r\n                    \r\n                                            <img decoding=\"async\" src=\"https:\/\/ssl.eventilla.com\/static\/logos\/137656\/1908aab9fb6ef826ebdada6b5235ed70.jpg\" alt=\"Logistiikan verkkokoulutukset &#8211; valitse itsellesi sopiva koulutus ja ajankohta\">\r\n                    \r\n                    <div class=\"calendar-card-content\">\r\n                        <a href=\"https:\/\/ssl.eventilla.com\/sykli_logistiikan_verkkokoulutukset\" target=\"_blank\" rel=\"noopener\">\r\n                                                            <p class=\"calendar-card-opiskelumuoto\">Verkkokoulutus<\/p>\r\n                                                        <h3>Logistiikan verkkokoulutukset &#8211; valitse itsellesi sopiva koulutus ja ajankohta<\/h3>\r\n                        <\/a>\r\n\r\n                        \r\n                        <ul class=\"calendar-card-event-details\">\r\n                                                                                                <li class=\"date\">\r\n                                        <svg class=\"bi  \" width=\"1em\" height=\"1em\" fill=\"currentColor\">\n\t<use xlink:href=\"https:\/\/sykli.fi\/demo\/wp-content\/themes\/luotsi\/assets\/img\/bootstrap-icons.svg#calendar3\" \/>\n<\/svg>                                        Jatkuva haku                                    <\/li>\r\n                                                            \r\n                                                    <\/ul>\r\n\r\n                        <a class=\"btn\" href=\"https:\/\/ssl.eventilla.com\/sykli_logistiikan_verkkokoulutukset\" target=\"_blank\" rel=\"noopener\">\r\n                            Lue lis\u00e4\u00e4                        <\/a>\r\n                    <\/div>\r\n                <\/div>\r\n            <\/div>\r\n<\/div><\/div>\n\n\n<div style=\"height:14px\" aria-hidden=\"true\" class=\"wp-block-spacer\"><\/div>\n\n\n<h2>Kysy lis\u00e4\u00e4<\/h2>\r\n<div class=\"row\">\r\n                                <div class=\"col-md-6\">\r\n                    <div class=\"staff-box\">\r\n                        <div class=\"row\">\r\n                            <div class=\"col-4\">\r\n                                <img loading=\"lazy\" decoding=\"async\" width=\"150\" height=\"250\" src=\"https:\/\/sykli.fi\/demo\/wp-content\/uploads\/2022\/09\/taru-uotila-2022-nettisivuille-mv.jpg\" class=\"attachment-post-thumbnail size-post-thumbnail wp-post-image\" alt=\"\" \/>                            <\/div>\r\n                            <div class=\"col-8\">\r\n                                <h3>Taru Uotila<\/h3>\r\n                                Johtaja, hankkeet ja kehitt\u00e4minen                                <ul>\r\n                                    <li><svg xmlns=\"http:\/\/www.w3.org\/2000\/svg\" width=\"16\" height=\"16\" fill=\"currentColor\" class=\"bi bi-telephone-fill\" viewBox=\"0 0 16 16\">\r\n                                <path fill-rule=\"evenodd\" d=\"M1.885.511a1.745 1.745 0 0 1 2.61.163L6.29 2.98c.329.423.445.974.315 1.494l-.547 2.19a.678.678 0 0 0 .178.643l2.457 2.457a.678.678 0 0 0 .644.178l2.189-.547a1.745 1.745 0 0 1 1.494.315l2.306 1.794c.829.645.905 1.87.163 2.611l-1.034 1.034c-.74.74-1.846 1.065-2.877.702a18.634 18.634 0 0 1-7.01-4.42 18.634 18.634 0 0 1-4.42-7.009c-.362-1.03-.037-2.137.703-2.877L1.885.511z\"\/>\r\n                              <\/svg> <a href=\"tel:+358503701414\">050 370 1414<\/a><\/li><li><svg xmlns=\"http:\/\/www.w3.org\/2000\/svg\" width=\"16\" height=\"16\" fill=\"currentColor\" class=\"bi bi-envelope-fill\" viewBox=\"0 0 16 16\">\r\n                                <path d=\"M.05 3.555A2 2 0 0 1 2 2h12a2 2 0 0 1 1.95 1.555L8 8.414.05 3.555ZM0 4.697v7.104l5.803-3.558L0 4.697ZM6.761 8.83l-6.57 4.027A2 2 0 0 0 2 14h12a2 2 0 0 0 1.808-1.144l-6.57-4.027L8 9.586l-1.239-.757Zm3.436-.586L16 11.801V4.697l-5.803 3.546Z\"\/>\r\n                              <\/svg> <a href=\"mailto:taru.uotila@sykli.fi\">taru.uotila@sykli.fi<\/a><\/li>                                <\/ul>\r\n                            <\/div>\r\n                        <\/div>\r\n                    <\/div>\r\n                <\/div>\r\n    <\/div>","protected":false},"excerpt":{"rendered":"<p>Erikoiskuljetusten liikenteenohjaajan peruskurssi Erikoiskuljetusten liikenteenohjaajilla on suuri vastuu huolehtia siit\u00e4, ettei kuljetus aiheuta vaaraa muille tiell\u00e4 liikkujille tai tarpeettomasti h\u00e4iritse [&hellip;]<\/p>\n","protected":false},"author":2,"featured_media":61848,"parent":62070,"menu_order":0,"comment_status":"closed","ping_status":"closed","template":"","meta":{"_acf_changed":false,"footnotes":""},"class_list":["post-63595","page","type-page","status-publish","has-post-thumbnail","hentry"],"acf":[],"_links":{"self":[{"href":"https:\/\/sykli.fi\/demo\/wp-json\/wp\/v2\/pages\/63595","targetHints":{"allow":["GET"]}}],"collection":[{"href":"https:\/\/sykli.fi\/demo\/wp-json\/wp\/v2\/pages"}],"about":[{"href":"https:\/\/sykli.fi\/demo\/wp-json\/wp\/v2\/types\/page"}],"author":[{"embeddable":true,"href":"https:\/\/sykli.fi\/demo\/wp-json\/wp\/v2\/users\/2"}],"replies":[{"embeddable":true,"href":"https:\/\/sykli.fi\/demo\/wp-json\/wp\/v2\/comments?post=63595"}],"version-history":[{"count":5,"href":"https:\/\/sykli.fi\/demo\/wp-json\/wp\/v2\/pages\/63595\/revisions"}],"predecessor-version":[{"id":73115,"href":"https:\/\/sykli.fi\/demo\/wp-json\/wp\/v2\/pages\/63595\/revisions\/73115"}],"up":[{"embeddable":true,"href":"https:\/\/sykli.fi\/demo\/wp-json\/wp\/v2\/pages\/62070"}],"wp:featuredmedia":[{"embeddable":true,"href":"https:\/\/sykli.fi\/demo\/wp-json\/wp\/v2\/media\/61848"}],"wp:attachment":[{"href":"https:\/\/sykli.fi\/demo\/wp-json\/wp\/v2\/media?parent=63595"}],"curies":[{"name":"wp","href":"https:\/\/api.w.org\/{rel}","templated":true}]}}