{"id":63511,"date":"2023-04-14T08:46:53","date_gmt":"2023-04-14T05:46:53","guid":{"rendered":"http:\/\/localhost\/sykli\/?page_id=63511"},"modified":"2025-02-04T19:47:17","modified_gmt":"2025-02-04T17:47:17","slug":"kuormaus-ja-kuormansidonta-kappalekuljetuksessa","status":"publish","type":"page","link":"https:\/\/sykli.fi\/demo\/koulutusalat\/logistiikka\/logistiikan-avoimet-koulutukset-ja-tilauskoulutukset\/kuormaus-ja-kuormansidonta-kappalekuljetuksessa\/","title":{"rendered":"Kuormaus ja kuormansidonta kappalekuljetuksessa"},"content":{"rendered":"\r\n<section id=\"hero-block_5ff8656998e25eaab147fe69737e02ce\" class=\"hero site-banner section-default default alignfull\">\r\n\r\n    <div class=\"site-banner-bg section-bg-image \" >\r\n\r\n        <img loading=\"lazy\" decoding=\"async\" width=\"1920\" height=\"600\" src=\"https:\/\/sykli.fi\/demo\/wp-content\/uploads\/2022\/09\/logistiikka.jpg\" class=\"attachment-1536\u00d71536 size-1536\u00d71536\" alt=\"Rekka-auto kulkee tiet\u00e4 pitkin ja edess\u00e4 kaunis auringonlasku.\" srcset=\"https:\/\/sykli.fi\/demo\/wp-content\/uploads\/2022\/09\/logistiikka.jpg 1920w, https:\/\/sykli.fi\/demo\/wp-content\/uploads\/2022\/09\/logistiikka-300x94.jpg 300w, https:\/\/sykli.fi\/demo\/wp-content\/uploads\/2022\/09\/logistiikka-1024x320.jpg 1024w, https:\/\/sykli.fi\/demo\/wp-content\/uploads\/2022\/09\/logistiikka-768x240.jpg 768w, https:\/\/sykli.fi\/demo\/wp-content\/uploads\/2022\/09\/logistiikka-1536x480.jpg 1536w\" sizes=\"auto, (max-width: 1920px) 100vw, 1920px\" \/>\r\n        \r\n        \r\n            <div class=\"site-banner-content container\">\r\n                <div class=\"row w-100\">\r\n                    <div class=\"col-md-12\">\r\n                        <div class=\"hero-text-overlay\">\r\n                                                                <h1 class=\"hero-title\">Kuormaus ja kuormansidonta kappalekuljetuksessa<\/h1>\r\n                            <div class=\"inner-content\">\r\n                            <div class=\"acf-innerblocks-container\">\n\n<p><\/p>\n\n<\/div>\r\n                        <\/div>                        <\/div>\r\n                    <\/div>\r\n                <\/div>\r\n            <\/div>\r\n\r\n        <\/section>\n\n\n<p>Koulutuksen j\u00e4lkeen osallistuja tiet\u00e4\u00e4 kuormansidonta- ja varmistamism\u00e4\u00e4r\u00e4ykset sek\u00e4 osaa tehd\u00e4 kuormansidonnan ja varmistamisen, laki- ja turvallisuusm\u00e4\u00e4r\u00e4ysten mukaisesti.<br><br>Koulutuksen kohderyhm\u00e4n\u00e4 ovat autonkuljettajat ja liikenn\u00f6itsij\u00e4t.<\/p>\n\n\n\n<h3 class=\"wp-block-heading\">Koulutuksen sis\u00e4lt\u00f6<\/h3>\n\n\n\n<p><\/p>\n\n\n\n<ul class=\"wp-block-list\">\n<li>Kuormaus ja painojakauma<\/li>\n\n\n\n<li>Akseli-, teli- ja kokonaispainot<\/li>\n\n\n\n<li>Kuormansidonta- ja suojausv\u00e4lineet<\/li>\n\n\n\n<li>Ylikuormamaksulaki<\/li>\n\n\n\n<li>Kuljetusten valvonta<\/li>\n\n\n\n<li>Kuormansidonta- ja suojausv\u00e4lineiden k\u00e4ytt\u00f6 ja tarkistukset<\/li>\n\n\n\n<li>K\u00e4yt\u00e4nn\u00f6n harjoituksia erilaisten kuormien sidonnoista ja tuennoista.<br><\/li>\n<\/ul>\n\n\n\n<p>Koulutus kest\u00e4\u00e4 7 oppituntia sek\u00e4 ruoka- ja kahvitauot.<br><br>Koulutuksen hinta on 135\u20ac, sis\u00e4lt\u00e4\u00e4 alv 25,5 %.<br>Hinta voimassa toistaiseksi, hintaan lis\u00e4t\u00e4\u00e4n mahdolliset viranomaismaksut.<\/p>\n\n\n<h2>Kysy lis\u00e4\u00e4<\/h2>\r\n<div class=\"row\">\r\n                                <div class=\"col-md-6\">\r\n                    <div class=\"staff-box\">\r\n                        <div class=\"row\">\r\n                            <div class=\"col-4\">\r\n                                <img loading=\"lazy\" decoding=\"async\" width=\"150\" height=\"250\" src=\"https:\/\/sykli.fi\/demo\/wp-content\/uploads\/2022\/09\/taru-uotila-2022-nettisivuille-mv.jpg\" class=\"attachment-post-thumbnail size-post-thumbnail wp-post-image\" alt=\"\" \/>                            <\/div>\r\n                            <div class=\"col-8\">\r\n                                <h3>Taru Uotila<\/h3>\r\n                                Johtaja, hankkeet ja kehitt\u00e4minen                                <ul>\r\n                                    <li><svg xmlns=\"http:\/\/www.w3.org\/2000\/svg\" width=\"16\" height=\"16\" fill=\"currentColor\" class=\"bi bi-telephone-fill\" viewBox=\"0 0 16 16\">\r\n                                <path fill-rule=\"evenodd\" d=\"M1.885.511a1.745 1.745 0 0 1 2.61.163L6.29 2.98c.329.423.445.974.315 1.494l-.547 2.19a.678.678 0 0 0 .178.643l2.457 2.457a.678.678 0 0 0 .644.178l2.189-.547a1.745 1.745 0 0 1 1.494.315l2.306 1.794c.829.645.905 1.87.163 2.611l-1.034 1.034c-.74.74-1.846 1.065-2.877.702a18.634 18.634 0 0 1-7.01-4.42 18.634 18.634 0 0 1-4.42-7.009c-.362-1.03-.037-2.137.703-2.877L1.885.511z\"\/>\r\n                              <\/svg> <a href=\"tel:+358503701414\">050 370 1414<\/a><\/li><li><svg xmlns=\"http:\/\/www.w3.org\/2000\/svg\" width=\"16\" height=\"16\" fill=\"currentColor\" class=\"bi bi-envelope-fill\" viewBox=\"0 0 16 16\">\r\n                                <path d=\"M.05 3.555A2 2 0 0 1 2 2h12a2 2 0 0 1 1.95 1.555L8 8.414.05 3.555ZM0 4.697v7.104l5.803-3.558L0 4.697ZM6.761 8.83l-6.57 4.027A2 2 0 0 0 2 14h12a2 2 0 0 0 1.808-1.144l-6.57-4.027L8 9.586l-1.239-.757Zm3.436-.586L16 11.801V4.697l-5.803 3.546Z\"\/>\r\n                              <\/svg> <a href=\"mailto:taru.uotila@sykli.fi\">taru.uotila@sykli.fi<\/a><\/li>                                <\/ul>\r\n                            <\/div>\r\n                        <\/div>\r\n                    <\/div>\r\n                <\/div>\r\n    <\/div>","protected":false},"excerpt":{"rendered":"<p>Koulutuksen j\u00e4lkeen osallistuja tiet\u00e4\u00e4 kuormansidonta- ja varmistamism\u00e4\u00e4r\u00e4ykset sek\u00e4 osaa tehd\u00e4 kuormansidonnan ja varmistamisen, laki- ja turvallisuusm\u00e4\u00e4r\u00e4ysten mukaisesti. Koulutuksen kohderyhm\u00e4n\u00e4 ovat [&hellip;]<\/p>\n","protected":false},"author":2,"featured_media":61848,"parent":62070,"menu_order":0,"comment_status":"closed","ping_status":"closed","template":"","meta":{"_acf_changed":false,"footnotes":""},"class_list":["post-63511","page","type-page","status-publish","has-post-thumbnail","hentry"],"acf":[],"_links":{"self":[{"href":"https:\/\/sykli.fi\/demo\/wp-json\/wp\/v2\/pages\/63511","targetHints":{"allow":["GET"]}}],"collection":[{"href":"https:\/\/sykli.fi\/demo\/wp-json\/wp\/v2\/pages"}],"about":[{"href":"https:\/\/sykli.fi\/demo\/wp-json\/wp\/v2\/types\/page"}],"author":[{"embeddable":true,"href":"https:\/\/sykli.fi\/demo\/wp-json\/wp\/v2\/users\/2"}],"replies":[{"embeddable":true,"href":"https:\/\/sykli.fi\/demo\/wp-json\/wp\/v2\/comments?post=63511"}],"version-history":[{"count":4,"href":"https:\/\/sykli.fi\/demo\/wp-json\/wp\/v2\/pages\/63511\/revisions"}],"predecessor-version":[{"id":70252,"href":"https:\/\/sykli.fi\/demo\/wp-json\/wp\/v2\/pages\/63511\/revisions\/70252"}],"up":[{"embeddable":true,"href":"https:\/\/sykli.fi\/demo\/wp-json\/wp\/v2\/pages\/62070"}],"wp:featuredmedia":[{"embeddable":true,"href":"https:\/\/sykli.fi\/demo\/wp-json\/wp\/v2\/media\/61848"}],"wp:attachment":[{"href":"https:\/\/sykli.fi\/demo\/wp-json\/wp\/v2\/media?parent=63511"}],"curies":[{"name":"wp","href":"https:\/\/api.w.org\/{rel}","templated":true}]}}