{"id":63509,"date":"2023-04-13T15:39:51","date_gmt":"2023-04-13T12:39:51","guid":{"rendered":"http:\/\/localhost\/sykli\/?page_id=63509"},"modified":"2025-02-04T19:48:06","modified_gmt":"2025-02-04T17:48:06","slug":"tulityokortti","status":"publish","type":"page","link":"https:\/\/sykli.fi\/demo\/koulutusalat\/logistiikka\/logistiikan-avoimet-koulutukset-ja-tilauskoulutukset\/tulityokortti\/","title":{"rendered":"Tulity\u00f6kortti"},"content":{"rendered":"\r\n<section id=\"hero-block_5d41526ad27bcb04009e378cb2ee7283\" class=\"hero site-banner section-default default alignfull\">\r\n\r\n    <div class=\"site-banner-bg section-bg-image \" >\r\n\r\n        <img loading=\"lazy\" decoding=\"async\" width=\"2560\" height=\"1072\" src=\"https:\/\/sykli.fi\/demo\/wp-content\/uploads\/2024\/02\/shutterstock_2169000283-scaled.jpg\" class=\"attachment-1536\u00d71536 size-1536\u00d71536\" alt=\"Tulity\u00f6kortti\" srcset=\"https:\/\/sykli.fi\/demo\/wp-content\/uploads\/2024\/02\/shutterstock_2169000283-scaled.jpg 2560w, https:\/\/sykli.fi\/demo\/wp-content\/uploads\/2024\/02\/shutterstock_2169000283-300x126.jpg 300w, https:\/\/sykli.fi\/demo\/wp-content\/uploads\/2024\/02\/shutterstock_2169000283-1024x429.jpg 1024w, https:\/\/sykli.fi\/demo\/wp-content\/uploads\/2024\/02\/shutterstock_2169000283-768x322.jpg 768w, https:\/\/sykli.fi\/demo\/wp-content\/uploads\/2024\/02\/shutterstock_2169000283-1536x643.jpg 1536w, https:\/\/sykli.fi\/demo\/wp-content\/uploads\/2024\/02\/shutterstock_2169000283-2048x857.jpg 2048w\" sizes=\"auto, (max-width: 2560px) 100vw, 2560px\" \/>\r\n        \r\n        \r\n            <div class=\"site-banner-content container\">\r\n                <div class=\"row w-100\">\r\n                    <div class=\"col-md-12\">\r\n                        <div class=\"hero-text-overlay\">\r\n                                                                <h1 class=\"hero-title\">Tulity\u00f6kortti<\/h1>\r\n                            <div class=\"inner-content\">\r\n                            <div class=\"acf-innerblocks-container\"><\/div>\r\n                        <\/div>                        <\/div>\r\n                    <\/div>\r\n                <\/div>\r\n            <\/div>\r\n\r\n        <\/section>\n\n\n<h2 class=\"wp-block-heading has-medium-font-size\">Tulity\u00f6kortti antaa tulity\u00f6p\u00e4tevyyden<\/h2>\n\n\n\n<p>Tulity\u00f6korttikoulutuksen tavoitteena on edist\u00e4\u00e4 turvallisuutta t\u00f6iss\u00e4, joissa syntyy kipin\u00f6it\u00e4 tai joissa k\u00e4ytet\u00e4\u00e4n liekki\u00e4 tai muuta l\u00e4mp\u00f6\u00e4, ja jotka aiheuttavat palovaaraa. Tulity\u00f6kortti&nbsp;vaaditaan aina, kun ty\u00f6skennell\u00e4\u00e4n palovaarallisissa ymp\u00e4rist\u00f6iss\u00e4.&nbsp;<\/p>\n\n\n\n<p>Koulutuksessa perehdyt\u00e4\u00e4n keskeiseen lains\u00e4\u00e4d\u00e4nt\u00f6\u00f6n ja siihen liittyviin k\u00e4yt\u00e4nn\u00f6n toimiin. Kurssin suorittanut ymm\u00e4rt\u00e4\u00e4&nbsp;tulity\u00f6n ennakkosuunnittelun sek\u00e4 tulity\u00f6luvan merkityksen ja osaa hoitaa tulity\u00f6t turvallisesti ja ammattimaisesti.<\/p>\n\n\n\n<p>Koulutuksesta <strong>ei saa<\/strong> kuljettajien ammattip\u00e4tevyysmerkint\u00e4\u00e4.<\/p>\n\n\n\n<p>Kohderyhm\u00e4n\u00e4 ovat tulity\u00f6luvan my\u00f6nt\u00e4j\u00e4t, tulit\u00f6it\u00e4 tekev\u00e4t ja tulity\u00f6vartioina toimivat henkil\u00f6t, jotka tarvitsevat <a href=\"https:\/\/www.spek.fi\/koulutus\/turvallisuuskortit\/tulityo\/\" target=\"_blank\" rel=\"noreferrer noopener\">Suomen Pelastusalan Keskusj\u00e4rjest\u00f6n (SPEK) <\/a>my\u00f6nt\u00e4m\u00e4n Tulity\u00f6kortin.<br><br>Kurssin todistus, Tulity\u00f6kortti, on voimassa viisi vuotta suoritusajankohdasta.<br><\/p>\n\n\n\n<h2 class=\"wp-block-heading has-medium-font-size\">Tulity\u00f6korttikoulutus<\/h2>\n\n\n\n<ul class=\"wp-block-list\">\n<li>Tulity\u00f6t turvallisesti<\/li>\n\n\n\n<li>Vastuut ja velvollisuudet<\/li>\n\n\n\n<li>Tulity\u00f6riskit eri toimintaymp\u00e4rist\u00f6iss\u00e4<\/li>\n\n\n\n<li>Turvatoimet eri toimintaymp\u00e4rist\u00f6iss\u00e4<\/li>\n\n\n\n<li>Toiminta onnettomuustilanteessa<\/li>\n\n\n\n<li>Harjoitukset<br><\/li>\n<\/ul>\n\n\n\n<h2 class=\"wp-block-heading has-medium-font-size\">Tulity\u00f6korttikoulutuksen suorittaminen<\/h2>\n\n\n\n<p>Koulutus kest\u00e4\u00e4 8 oppituntia sek\u00e4 ruoka- ja kahvitauot.<br><br>Koulutuksen hinta on 135\u20ac, sis\u00e4lt\u00e4\u00e4 alv 25,5 %, hintaan lis\u00e4t\u00e4\u00e4n mahdolliset viranomaismaksut.<\/p>\n\n\n<h2>Kysy lis\u00e4\u00e4 tai pyyd\u00e4 tarjous<\/h2>\r\n<div class=\"row\">\r\n                                <div class=\"col-md-6\">\r\n                    <div class=\"staff-box\">\r\n                        <div class=\"row\">\r\n                            <div class=\"col-4\">\r\n                                <img loading=\"lazy\" decoding=\"async\" width=\"150\" height=\"250\" src=\"https:\/\/sykli.fi\/demo\/wp-content\/uploads\/2022\/09\/taru-uotila-2022-nettisivuille-mv.jpg\" class=\"attachment-post-thumbnail size-post-thumbnail wp-post-image\" alt=\"\" \/>                            <\/div>\r\n                            <div class=\"col-8\">\r\n                                <h3>Taru Uotila<\/h3>\r\n                                Johtaja, hankkeet ja kehitt\u00e4minen                                <ul>\r\n                                    <li><svg xmlns=\"http:\/\/www.w3.org\/2000\/svg\" width=\"16\" height=\"16\" fill=\"currentColor\" class=\"bi bi-telephone-fill\" viewBox=\"0 0 16 16\">\r\n                                <path fill-rule=\"evenodd\" d=\"M1.885.511a1.745 1.745 0 0 1 2.61.163L6.29 2.98c.329.423.445.974.315 1.494l-.547 2.19a.678.678 0 0 0 .178.643l2.457 2.457a.678.678 0 0 0 .644.178l2.189-.547a1.745 1.745 0 0 1 1.494.315l2.306 1.794c.829.645.905 1.87.163 2.611l-1.034 1.034c-.74.74-1.846 1.065-2.877.702a18.634 18.634 0 0 1-7.01-4.42 18.634 18.634 0 0 1-4.42-7.009c-.362-1.03-.037-2.137.703-2.877L1.885.511z\"\/>\r\n                              <\/svg> <a href=\"tel:+358503701414\">050 370 1414<\/a><\/li><li><svg xmlns=\"http:\/\/www.w3.org\/2000\/svg\" width=\"16\" height=\"16\" fill=\"currentColor\" class=\"bi bi-envelope-fill\" viewBox=\"0 0 16 16\">\r\n                                <path d=\"M.05 3.555A2 2 0 0 1 2 2h12a2 2 0 0 1 1.95 1.555L8 8.414.05 3.555ZM0 4.697v7.104l5.803-3.558L0 4.697ZM6.761 8.83l-6.57 4.027A2 2 0 0 0 2 14h12a2 2 0 0 0 1.808-1.144l-6.57-4.027L8 9.586l-1.239-.757Zm3.436-.586L16 11.801V4.697l-5.803 3.546Z\"\/>\r\n                              <\/svg> <a href=\"mailto:taru.uotila@sykli.fi\">taru.uotila@sykli.fi<\/a><\/li>                                <\/ul>\r\n                            <\/div>\r\n                        <\/div>\r\n                    <\/div>\r\n                <\/div>\r\n    <\/div>\n\n\n<p><a href=\"https:\/\/sykli.fi\/demo\/tyoelamalle\/lupa-ja-korttikoulutukset\/\">Tutustu muihin lupa- ja korttikoulutuksiin t\u00e4\u00e4ll\u00e4!<\/a><\/p>\n","protected":false},"excerpt":{"rendered":"<p>Tulity\u00f6kortti antaa tulity\u00f6p\u00e4tevyyden Tulity\u00f6korttikoulutuksen tavoitteena on edist\u00e4\u00e4 turvallisuutta t\u00f6iss\u00e4, joissa syntyy kipin\u00f6it\u00e4 tai joissa k\u00e4ytet\u00e4\u00e4n liekki\u00e4 tai muuta l\u00e4mp\u00f6\u00e4, ja [&hellip;]<\/p>\n","protected":false},"author":2,"featured_media":66376,"parent":62070,"menu_order":0,"comment_status":"closed","ping_status":"closed","template":"","meta":{"_acf_changed":false,"footnotes":""},"class_list":["post-63509","page","type-page","status-publish","has-post-thumbnail","hentry"],"acf":[],"_links":{"self":[{"href":"https:\/\/sykli.fi\/demo\/wp-json\/wp\/v2\/pages\/63509","targetHints":{"allow":["GET"]}}],"collection":[{"href":"https:\/\/sykli.fi\/demo\/wp-json\/wp\/v2\/pages"}],"about":[{"href":"https:\/\/sykli.fi\/demo\/wp-json\/wp\/v2\/types\/page"}],"author":[{"embeddable":true,"href":"https:\/\/sykli.fi\/demo\/wp-json\/wp\/v2\/users\/2"}],"replies":[{"embeddable":true,"href":"https:\/\/sykli.fi\/demo\/wp-json\/wp\/v2\/comments?post=63509"}],"version-history":[{"count":7,"href":"https:\/\/sykli.fi\/demo\/wp-json\/wp\/v2\/pages\/63509\/revisions"}],"predecessor-version":[{"id":70253,"href":"https:\/\/sykli.fi\/demo\/wp-json\/wp\/v2\/pages\/63509\/revisions\/70253"}],"up":[{"embeddable":true,"href":"https:\/\/sykli.fi\/demo\/wp-json\/wp\/v2\/pages\/62070"}],"wp:featuredmedia":[{"embeddable":true,"href":"https:\/\/sykli.fi\/demo\/wp-json\/wp\/v2\/media\/66376"}],"wp:attachment":[{"href":"https:\/\/sykli.fi\/demo\/wp-json\/wp\/v2\/media?parent=63509"}],"curies":[{"name":"wp","href":"https:\/\/api.w.org\/{rel}","templated":true}]}}