{"id":63200,"date":"2023-03-31T10:12:23","date_gmt":"2023-03-31T07:12:23","guid":{"rendered":"http:\/\/localhost\/sykli\/?page_id=63200"},"modified":"2026-03-24T10:44:35","modified_gmt":"2026-03-24T08:44:35","slug":"ymparisto-ja-kestavyyskasvatuksen-tilauskoulutukset","status":"publish","type":"page","link":"https:\/\/sykli.fi\/demo\/koulutusalat\/ymparistokasvatus\/ymparisto-ja-kestavyyskasvatuksen-tilauskoulutukset\/","title":{"rendered":"Ymp\u00e4rist\u00f6- ja kest\u00e4vyyskasvatuksen tilauskoulutukset"},"content":{"rendered":"\r\n<section id=\"hero-block_6cb43eb008087f749b4e864b70ffeec3\" class=\"hero site-banner section-default default alignfull\">\r\n\r\n    <div class=\"site-banner-bg section-bg-image \" >\r\n\r\n        <img loading=\"lazy\" decoding=\"async\" width=\"2560\" height=\"1707\" src=\"https:\/\/sykli.fi\/demo\/wp-content\/uploads\/2023\/11\/MicrosoftTeams-image-12-scaled.jpg\" class=\"attachment-1536\u00d71536 size-1536\u00d71536\" alt=\"\" srcset=\"https:\/\/sykli.fi\/demo\/wp-content\/uploads\/2023\/11\/MicrosoftTeams-image-12-scaled.jpg 2560w, https:\/\/sykli.fi\/demo\/wp-content\/uploads\/2023\/11\/MicrosoftTeams-image-12-300x200.jpg 300w, https:\/\/sykli.fi\/demo\/wp-content\/uploads\/2023\/11\/MicrosoftTeams-image-12-1024x683.jpg 1024w, https:\/\/sykli.fi\/demo\/wp-content\/uploads\/2023\/11\/MicrosoftTeams-image-12-768x512.jpg 768w, https:\/\/sykli.fi\/demo\/wp-content\/uploads\/2023\/11\/MicrosoftTeams-image-12-1536x1024.jpg 1536w, https:\/\/sykli.fi\/demo\/wp-content\/uploads\/2023\/11\/MicrosoftTeams-image-12-2048x1365.jpg 2048w\" sizes=\"auto, (max-width: 2560px) 100vw, 2560px\" \/>\r\n        \r\n        \r\n            <div class=\"site-banner-content container\">\r\n                <div class=\"row w-100\">\r\n                    <div class=\"col-md-12\">\r\n                        <div class=\"hero-text-overlay\">\r\n                                                                <h1 class=\"hero-title\">Ymp\u00e4rist\u00f6- ja kest\u00e4vyyskasvatuksen tilauskoulutukset<\/h1>\r\n                            <div class=\"inner-content\">\r\n                            <div class=\"acf-innerblocks-container\"><\/div>\r\n                        <\/div>                        <\/div>\r\n                    <\/div>\r\n                <\/div>\r\n            <\/div>\r\n\r\n        <\/section>\n\n\n<h2 class=\"wp-block-heading\">Toiminnallisia koulutuksia ymp\u00e4rist\u00f6- ja kest\u00e4vyyskasvatukseen <\/h2>\n\n\n\n<p>Tarjoamme tilauksesta innostavia, toiminnallisia ty\u00f6pajoja ulkona oppimisen, kest\u00e4v\u00e4n kehityksen ja luonnon hyvinvointivaikutusten teemoista. Tilauskoulutukset ovat hyv\u00e4 tapa kouluttaa henkil\u00f6kuntaa sek\u00e4 rakentaa pohjaa ymp\u00e4rist\u00f6kasvatuksen ja kest\u00e4v\u00e4n kehityksen ty\u00f6n koordinointiin ja suunnitteluun.&nbsp;<\/p>\n\n\n\n<p>Koulutukset ja ty\u00f6pajat ovat inspiroivia ja mukaansatempaavia. Ty\u00f6pajat tarjoavat uusia oivalluksia ja konkreettisia ty\u00f6kaluja toiminnallisiin menetelmiin ja l\u00e4hiymp\u00e4rist\u00f6n monipuoliseen hy\u00f6dynt\u00e4miseen opetuksessa. Koulutukset tukevat varhaiskasvatuksen ja perusopetuksen opetussuunnitelman perusteiden jalkauttamista ja tarjoavat ideoita monialaisten oppimiskokonaisuuksien toteuttamiseen sek\u00e4 laaja-alaiseen osaamiseen.&nbsp;&nbsp;<\/p>\n\n\n\n<p>P\u00e4\u00e4paino ty\u00f6pajoissa on toiminnallisuudessa eli osallistujat p\u00e4\u00e4sev\u00e4t kokeilemaan k\u00e4yt\u00e4nn\u00f6ss\u00e4 erilaisia toiminnallisia menetelmi\u00e4 ja aloittamaan oman ty\u00f6ns\u00e4 kehitt\u00e4misen yhdess\u00e4 kollegoidensa kanssa. Osallistujat saavat materiaalia koulutuksissa k\u00e4ytetyist\u00e4 menetelmist\u00e4, jotta he voivat koulutuksissa keskitty\u00e4 toimintaan ja tekemiseen sek\u00e4 toistaa menetelm\u00e4t my\u00f6hemmin vaivatta.&nbsp;&nbsp;&nbsp;<\/p>\n\n\n\n<p>Koulutukset toteutetaan ensisijaisesti tilaajan toivomassa paikassa l\u00e4hikoulutuksena, mutta my\u00f6s et\u00e4toteutus on mahdollinen.&nbsp;&nbsp;<\/p>\n\n\n\n<p>Koulutuksen kesto on sovittavissa. Koko p\u00e4iv\u00e4n koulutus voi koostua yhdest\u00e4 ty\u00f6pajasta (6 h) tai kahden ty\u00f6pajan (3 h) yhdistelm\u00e4st\u00e4. Puolen p\u00e4iv\u00e4n koulutus koostuu yhdest\u00e4 valitusta ty\u00f6pajasta (3 h).&nbsp;&nbsp;<\/p>\n\n\n\n<figure class=\"wp-block-image size-full\"><img loading=\"lazy\" decoding=\"async\" width=\"1024\" height=\"500\" src=\"https:\/\/sykli.fi\/demo\/\/wp-content\/uploads\/2023\/05\/Ymke_tilauskoulutustarjonta-1.png\" alt=\"\" class=\"wp-image-64209\" srcset=\"https:\/\/sykli.fi\/demo\/wp-content\/uploads\/2023\/05\/Ymke_tilauskoulutustarjonta-1.png 1024w, https:\/\/sykli.fi\/demo\/wp-content\/uploads\/2023\/05\/Ymke_tilauskoulutustarjonta-1-300x146.png 300w, https:\/\/sykli.fi\/demo\/wp-content\/uploads\/2023\/05\/Ymke_tilauskoulutustarjonta-1-768x375.png 768w\" sizes=\"auto, (max-width: 1024px) 100vw, 1024px\" \/><\/figure>\n\n\n\n<p class=\"has-text-align-center\"><em>Ymp\u00e4rist\u00f6- ja kest\u00e4vyyskasvatuksen tilauskoulutukset<\/em><\/p>\n\n\n\n<hr class=\"wp-block-separator has-alpha-channel-opacity\"\/>\n\n\n\n<h2 class=\"wp-block-heading\">Koulutuskokonaisuudet<\/h2>\n\n\n\n<p>Koulutuskokonaisuuden voi vapaasti valita alla olevista vaihtoehdoista.<\/p>\n\n\n\n<figure class=\"wp-block-image size-full is-resized\"><img loading=\"lazy\" decoding=\"async\" width=\"100\" height=\"100\" src=\"https:\/\/sykli.fi\/demo\/\/wp-content\/uploads\/2023\/04\/Ulkona-oppiminen.jpg\" alt=\"\" class=\"wp-image-63820\" style=\"width:50px;height:50px\"\/><\/figure>\n\n\n\n<h5 class=\"wp-block-heading\">Ulkona oppimisen ABC (6 h)&nbsp;<\/h5>\n\n\n\n<p><em>esiopetus, peruskoulu<\/em>&nbsp;<\/p>\n\n\n\n<p>Peruskurssi ulkona oppimisen aloittamiseen. Ty\u00f6pajassa k\u00e4ymme l\u00e4pi, miten aloittaa ulko-opetus turvallisesti ja luoda rutiinit, sek\u00e4 pohdimme, miten ulkona oppiminen saadaan osaksi toimintakulttuuria. Tavoitteena on tarjota laajasti opetukseen soveltuvia toiminnallisia menetelmi\u00e4 k\u00e4ytett\u00e4v\u00e4ksi ulkoluokassa ymp\u00e4ri vuoden. Luomme yhteyksi\u00e4 ulkona oppimisen ja opetussuunnitelman v\u00e4lille eri oppiaineisiin sopivilla menetelmill\u00e4. Tutuiksi tulevat my\u00f6s ulkoluokassa toimimisen hy\u00f6dyt niin kasvattajalle, oppilaalle kuin ryhm\u00e4llekin. Livekoulutus ulkona tai et\u00e4toteutus webinaarina.&nbsp;<\/p>\n\n\n\n<figure class=\"wp-block-image size-full is-resized\"><img loading=\"lazy\" decoding=\"async\" width=\"100\" height=\"100\" src=\"https:\/\/sykli.fi\/demo\/\/wp-content\/uploads\/2023\/04\/Ulkona-oppiminen.jpg\" alt=\"\" class=\"wp-image-63820\" style=\"width:50px;height:50px\"\/><\/figure>\n\n\n\n<h5 class=\"wp-block-heading\">Ulkona oppimisen ABC (3 h)&nbsp;<\/h5>\n\n\n\n<p><em>esiopetus, peruskoulu<\/em>&nbsp;<\/p>\n\n\n\n<p>Tiivis peruskurssi ulkona oppimisen aloittamiseen. Ty\u00f6pajassa k\u00e4ymme l\u00e4pi, miten aloittaa ulko-opetus turvallisesti ja luoda rutiinit. Tavoitteena on tarjota opetukseen soveltuvia toiminnallisia menetelmi\u00e4 k\u00e4ytett\u00e4v\u00e4ksi ulkoluokassa. Ty\u00f6pajassa luomme yhteyksi\u00e4 ulkona oppimisen ja opetussuunnitelman v\u00e4lille eri oppiaineisiin sopivilla menetelmill\u00e4. Livekoulutus ulkona tai et\u00e4toteutus webinaarina.&nbsp;<\/p>\n\n\n\n<figure class=\"wp-block-image size-full is-resized\"><img loading=\"lazy\" decoding=\"async\" width=\"100\" height=\"100\" src=\"https:\/\/sykli.fi\/demo\/\/wp-content\/uploads\/2023\/04\/Ulkona-oppiminen.jpg\" alt=\"\" class=\"wp-image-63820\" style=\"width:50px;height:50px\"\/><\/figure>\n\n\n\n<h5 class=\"wp-block-heading\">Ulkona oppimisen ABC (6 h)&nbsp;<\/h5>\n\n\n\n<p><em>varhaiskasvatus, esiopetus<\/em>&nbsp;<\/p>\n\n\n\n<p>Peruskurssi ulkona oppimisen aloittamiseen. Ty\u00f6pajassa k\u00e4ymme l\u00e4pi, miten aloittaa l\u00e4hiluonnossa toimiminen turvallisesti ja luoda rutiinit, sek\u00e4 pohdimme, miten ulkona oppiminen saadaan osaksi toimintakulttuuria. Tavoitteena on tarjota laajasti toiminnallisia menetelmi\u00e4 k\u00e4ytett\u00e4viksi l\u00e4hiluonnossa ymp\u00e4ri vuoden. Ty\u00f6pajassa luomme yhteyksi\u00e4 l\u00e4hiluonnossa toimimisen ja VASUn \/ EOPSin perusteiden v\u00e4lille monipuolisilla menetelmill\u00e4. Tutuiksi tulevat my\u00f6s ulkona toimimisen hy\u00f6dyt niin kasvattajalle, lapselle kuin ryhm\u00e4llekin. Livekoulutus ulkona tai et\u00e4toteutus webinaarina.&nbsp;<\/p>\n\n\n\n<figure class=\"wp-block-image size-full is-resized\"><img loading=\"lazy\" decoding=\"async\" width=\"100\" height=\"100\" src=\"https:\/\/sykli.fi\/demo\/\/wp-content\/uploads\/2023\/04\/Ulkona-oppiminen.jpg\" alt=\"\" class=\"wp-image-63820\" style=\"width:50px;height:50px\"\/><\/figure>\n\n\n\n<h5 class=\"wp-block-heading\">Ulkona oppimisen ABC (3 h)&nbsp;<\/h5>\n\n\n\n<p><em>varhaiskasvatus, esiopetus<\/em>&nbsp;<\/p>\n\n\n\n<p>Tiivis peruskurssi ulkona oppimisen aloittamiseen. Ty\u00f6pajassa k\u00e4ymme l\u00e4pi, miten aloittaa l\u00e4hiluonnossa toimiminen turvallisesti ja luoda rutiinit. Tavoitteena on tarjota toiminnallisia menetelmi\u00e4 l\u00e4hiluonnossa k\u00e4ytett\u00e4v\u00e4ksi. Ty\u00f6pajassa luomme yhteyksi\u00e4 l\u00e4hiluonnossa toimimisen ja VASUn \/ EOPSin perusteiden v\u00e4lille monipuolisilla menetelmill\u00e4. Livekoulutus ulkona tai et\u00e4toteutus webinaarina.&nbsp;<\/p>\n\n\n\n<figure class=\"wp-block-image size-full is-resized\"><img loading=\"lazy\" decoding=\"async\" width=\"100\" height=\"100\" src=\"https:\/\/sykli.fi\/demo\/\/wp-content\/uploads\/2023\/04\/Ulkona-oppiminen.jpg\" alt=\"\" class=\"wp-image-63820\" style=\"width:50px;height:50px\"\/><\/figure>\n\n\n\n<h5 class=\"wp-block-heading\">Pedagogiikka osaksi luontotoimintaa (6 h)&nbsp;&nbsp;<\/h5>\n\n\n\n<p><em>varhaiskasvatus, esiopetus<\/em>&nbsp;<\/p>\n\n\n\n<p>Miksi teemme, niin kuin teemme? Koulutus luo pedagogista viitekehyst\u00e4 ulkona oppimiselle mm. toimintaprosessin, lasten osallisuuden ja pedagogisen dokumentoinnin n\u00e4k\u00f6kulmasta. Nivomme VASUn\/EOPSin perusteet osaksi luontotoimintaa. Monipuolinen koulutusp\u00e4iv\u00e4 sis\u00e4lt\u00e4\u00e4 k\u00e4yt\u00e4nn\u00f6n ideoita pedagogisen dokumentoinnin toteuttamiseen. Innostavat leikit ja teht\u00e4v\u00e4t on helppo toteuttaa ilman suuria materiaalihankintoja. Koulutus toteutetaan kokonaan ulkona. Koulutuksessa mukana Syklin ja Suomen Ladun kouluttajat. &nbsp;<\/p>\n\n\n\n<hr class=\"wp-block-separator has-alpha-channel-opacity is-style-dots\"\/>\n\n\n\n<figure class=\"wp-block-image size-full is-resized\"><img loading=\"lazy\" decoding=\"async\" width=\"100\" height=\"100\" src=\"https:\/\/sykli.fi\/demo\/\/wp-content\/uploads\/2023\/04\/Kestavyyskasvatus.jpg\" alt=\"\" class=\"wp-image-63821\" style=\"width:50px;height:50px\"\/><\/figure>\n\n\n\n<h5 class=\"wp-block-heading\">Johdatus ymp\u00e4rist\u00f6- ja kest\u00e4vyyskasvatukseen (3 h)&nbsp;&nbsp;<\/h5>\n\n\n\n<p><em>varhaiskasvatus, esiopetus, peruskoulu<\/em>&nbsp;<\/p>\n\n\n\n<p>Koulutus tarjoaa tietoa ajankohtaisista kest\u00e4v\u00e4n kehityksen teemoista koulun \/ varhaiskasvatuksen n\u00e4k\u00f6kulmasta. Koulutuksessa tutustumme k\u00e4yt\u00e4nn\u00f6n ty\u00f6kaluihin ja pohdimme yhdess\u00e4, kuinka sitouttaa kaikki mukaan ja saada aikaan muutoksia arvoihin, asenteisiin ja toimintaan. Et\u00e4toteutus webinaarina tai livekoulutuksena 6 h koulutuksen osana.&nbsp;<\/p>\n\n\n\n<figure class=\"wp-block-image size-full is-resized\"><img loading=\"lazy\" decoding=\"async\" width=\"100\" height=\"100\" src=\"https:\/\/sykli.fi\/demo\/\/wp-content\/uploads\/2023\/04\/Kestavyyskasvatus.jpg\" alt=\"\" class=\"wp-image-63821\" style=\"width:50px;height:50px\"\/><\/figure>\n\n\n\n<h5 class=\"wp-block-heading\">Kest\u00e4v\u00e4 kehitys ulkoluokassa (3 h)&nbsp;&nbsp;<\/h5>\n\n\n\n<p><em>esiopetus, perusopetus<\/em>&nbsp;<\/p>\n\n\n\n<p>Koulutus tarjoaa toiminnallisia menetelmi\u00e4 ajankohtaisten kest\u00e4v\u00e4n kehityksen teemojen k\u00e4sittelyyn oppilaiden kanssa. Tutustumme aiheeseen vauhdikkaiden pedagogisten pelien ja leikkien kautta sek\u00e4 hahmotamme luonnonilmi\u00f6it\u00e4 l\u00e4hiymp\u00e4rist\u00f6\u00e4 tutkimalla. Koulutuksessa avaamme vaikeasti hahmottuvat ymp\u00e4rist\u00f6asiat oppilaita innostavalla tavalla. Luomme my\u00f6s yhdess\u00e4 hyv\u00e4\u00e4 tulevaisuutta: Miten voimme yhdess\u00e4 oppilaiden kanssa rakentaa ja kehitt\u00e4\u00e4 kest\u00e4v\u00e4\u00e4 el\u00e4m\u00e4ntapaa? Koulutus toteutetaan kokonaan ulkona.&nbsp;<\/p>\n\n\n\n<figure class=\"wp-block-image size-full is-resized\"><img loading=\"lazy\" decoding=\"async\" width=\"100\" height=\"100\" src=\"https:\/\/sykli.fi\/demo\/\/wp-content\/uploads\/2023\/04\/Kestavyyskasvatus.jpg\" alt=\"\" class=\"wp-image-63821\" style=\"width:50px;height:50px\"\/><\/figure>\n\n\n\n<h5 class=\"wp-block-heading\">Kest\u00e4v\u00e4 kehitys varhaiskasvatuksessa (3 h)<strong>&nbsp;<\/strong>&nbsp;<\/h5>\n\n\n\n<p><em>varhaiskasvatus, esiopetus<\/em>&nbsp;<\/p>\n\n\n\n<p>Koulutus tarjoaa toiminnallisia menetelmi\u00e4 ajankohtaisten kest\u00e4v\u00e4n kehityksen teemojen k\u00e4sittelyyn oppilaiden kanssa. Tutustumme aiheeseen vauhdikkaiden pedagogisten pelien ja leikkien kautta sek\u00e4 hahmotamme luonnonilmi\u00f6it\u00e4 l\u00e4hiymp\u00e4rist\u00f6\u00e4 tutkimalla. Luomme my\u00f6s yhdess\u00e4 hyv\u00e4\u00e4 tulevaisuutta: milt\u00e4 n\u00e4ytt\u00e4\u00e4 varhaiskasvatuksen ja esiopetuksen kest\u00e4v\u00e4 arki? Pohdimme, miten lapset p\u00e4\u00e4sev\u00e4t vaikuttamaan omaan arkeensa liittyviin asioihin. Koulutus toteutetaan kokonaan ulkona.&nbsp;<\/p>\n\n\n\n<hr class=\"wp-block-separator has-alpha-channel-opacity is-style-dots\"\/>\n\n\n\n<figure class=\"wp-block-image size-full is-resized\"><img loading=\"lazy\" decoding=\"async\" width=\"100\" height=\"100\" src=\"https:\/\/sykli.fi\/demo\/\/wp-content\/uploads\/2023\/04\/Hyvinvointia-luonnosta.jpg\" alt=\"\" class=\"wp-image-63824\" style=\"width:50px;height:50px\"\/><\/figure>\n\n\n\n<h5 class=\"wp-block-heading\">Hyvinvointia luonnosta (3 h)&nbsp;&nbsp;&nbsp;&nbsp;&nbsp;<\/h5>\n\n\n\n<p><em>kaikille kouluasteille<\/em>&nbsp;<\/p>\n\n\n\n<p>Millaista hyvinvointia luonto tarjoaa? Koulutuksessa opimme hy\u00f6dynt\u00e4m\u00e4\u00e4n l\u00e4hiluontoa monipuolisena rauhoittumisen, luonto- ja liikuntael\u00e4mysten sek\u00e4 oppimisen paikkana lasten kanssa. Ulkona toimimisella on keskeinen merkitys osallisuuden kokemuksen, ryhm\u00e4ytymisen ja positiivisen min\u00e4kuvan muodostumisen kannalta. Luonnon hyvinvointivaikutukset lis\u00e4\u00e4v\u00e4t my\u00f6s opettajien ja kasvattajien ty\u00f6hyvinvointia. Koulutuksessa avaamme luonnossa toimimisen etuja eri n\u00e4k\u00f6kulmista. Koulutus toteutetaan kokonaan ulkona.&nbsp;<br><br><\/p>\n\n\n<h2>Kysy lis\u00e4\u00e4 ja pyyd\u00e4 tarjous!<\/h2>\r\n<div class=\"row\">\r\n                                <div class=\"col-md-6\">\r\n                    <div class=\"staff-box\">\r\n                        <div class=\"row\">\r\n                            <div class=\"col-4\">\r\n                                <img loading=\"lazy\" decoding=\"async\" width=\"797\" height=\"1017\" src=\"https:\/\/sykli.fi\/demo\/wp-content\/uploads\/2022\/09\/ulla-myllyniemi.jpg\" class=\"attachment-post-thumbnail size-post-thumbnail wp-post-image\" alt=\"\" srcset=\"https:\/\/sykli.fi\/demo\/wp-content\/uploads\/2022\/09\/ulla-myllyniemi.jpg 797w, https:\/\/sykli.fi\/demo\/wp-content\/uploads\/2022\/09\/ulla-myllyniemi-235x300.jpg 235w, https:\/\/sykli.fi\/demo\/wp-content\/uploads\/2022\/09\/ulla-myllyniemi-768x980.jpg 768w\" sizes=\"auto, (max-width: 797px) 100vw, 797px\" \/>                            <\/div>\r\n                            <div class=\"col-8\">\r\n                                <h3>Ulla Myllyniemi<\/h3>\r\n                                Asiantuntija,\u00a0ymp\u00e4rist\u00f6kasvatus, ulkona oppiminen                                <ul>\r\n                                    <li><svg xmlns=\"http:\/\/www.w3.org\/2000\/svg\" width=\"16\" height=\"16\" fill=\"currentColor\" class=\"bi bi-telephone-fill\" viewBox=\"0 0 16 16\">\r\n                                <path fill-rule=\"evenodd\" d=\"M1.885.511a1.745 1.745 0 0 1 2.61.163L6.29 2.98c.329.423.445.974.315 1.494l-.547 2.19a.678.678 0 0 0 .178.643l2.457 2.457a.678.678 0 0 0 .644.178l2.189-.547a1.745 1.745 0 0 1 1.494.315l2.306 1.794c.829.645.905 1.87.163 2.611l-1.034 1.034c-.74.74-1.846 1.065-2.877.702a18.634 18.634 0 0 1-7.01-4.42 18.634 18.634 0 0 1-4.42-7.009c-.362-1.03-.037-2.137.703-2.877L1.885.511z\"\/>\r\n                              <\/svg> <a href=\"tel:+358447723771\">044 7723 771<\/a><\/li><li><svg xmlns=\"http:\/\/www.w3.org\/2000\/svg\" width=\"16\" height=\"16\" fill=\"currentColor\" class=\"bi bi-envelope-fill\" viewBox=\"0 0 16 16\">\r\n                                <path d=\"M.05 3.555A2 2 0 0 1 2 2h12a2 2 0 0 1 1.95 1.555L8 8.414.05 3.555ZM0 4.697v7.104l5.803-3.558L0 4.697ZM6.761 8.83l-6.57 4.027A2 2 0 0 0 2 14h12a2 2 0 0 0 1.808-1.144l-6.57-4.027L8 9.586l-1.239-.757Zm3.436-.586L16 11.801V4.697l-5.803 3.546Z\"\/>\r\n                              <\/svg> <a href=\"mailto:ulla.myllyniemi@sykli.fi\">ulla.myllyniemi@sykli.fi<\/a><\/li>                                <\/ul>\r\n                            <\/div>\r\n                        <\/div>\r\n                    <\/div>\r\n                <\/div>\r\n                                <div class=\"col-md-6\">\r\n                    <div class=\"staff-box\">\r\n                        <div class=\"row\">\r\n                            <div class=\"col-4\">\r\n                                <img loading=\"lazy\" decoding=\"async\" width=\"150\" height=\"250\" src=\"https:\/\/sykli.fi\/demo\/wp-content\/uploads\/2022\/09\/anna-haukka-2022-nettisivuille-mv.jpg\" class=\"attachment-post-thumbnail size-post-thumbnail wp-post-image\" alt=\"\" \/>                            <\/div>\r\n                            <div class=\"col-8\">\r\n                                <h3>Anna Haukka<\/h3>\r\n                                Asiantuntija,\u00a0ymp\u00e4rist\u00f6kasvatus, luonnon monimuotoisuus                                <ul>\r\n                                    <li><svg xmlns=\"http:\/\/www.w3.org\/2000\/svg\" width=\"16\" height=\"16\" fill=\"currentColor\" class=\"bi bi-telephone-fill\" viewBox=\"0 0 16 16\">\r\n                                <path fill-rule=\"evenodd\" d=\"M1.885.511a1.745 1.745 0 0 1 2.61.163L6.29 2.98c.329.423.445.974.315 1.494l-.547 2.19a.678.678 0 0 0 .178.643l2.457 2.457a.678.678 0 0 0 .644.178l2.189-.547a1.745 1.745 0 0 1 1.494.315l2.306 1.794c.829.645.905 1.87.163 2.611l-1.034 1.034c-.74.74-1.846 1.065-2.877.702a18.634 18.634 0 0 1-7.01-4.42 18.634 18.634 0 0 1-4.42-7.009c-.362-1.03-.037-2.137.703-2.877L1.885.511z\"\/>\r\n                              <\/svg> <a href=\"tel:+358505536601\">050 553 6601 <\/a><\/li><li><svg xmlns=\"http:\/\/www.w3.org\/2000\/svg\" width=\"16\" height=\"16\" fill=\"currentColor\" class=\"bi bi-envelope-fill\" viewBox=\"0 0 16 16\">\r\n                                <path d=\"M.05 3.555A2 2 0 0 1 2 2h12a2 2 0 0 1 1.95 1.555L8 8.414.05 3.555ZM0 4.697v7.104l5.803-3.558L0 4.697ZM6.761 8.83l-6.57 4.027A2 2 0 0 0 2 14h12a2 2 0 0 0 1.808-1.144l-6.57-4.027L8 9.586l-1.239-.757Zm3.436-.586L16 11.801V4.697l-5.803 3.546Z\"\/>\r\n                              <\/svg> <a href=\"mailto:anna.haukka@sykli.fi\">anna.haukka@sykli.fi<\/a><\/li>                                <\/ul>\r\n                            <\/div>\r\n                        <\/div>\r\n                    <\/div>\r\n                <\/div>\r\n    <\/div>","protected":false},"excerpt":{"rendered":"<p>Toiminnallisia koulutuksia ymp\u00e4rist\u00f6- ja kest\u00e4vyyskasvatukseen Tarjoamme tilauksesta innostavia, toiminnallisia ty\u00f6pajoja ulkona oppimisen, kest\u00e4v\u00e4n kehityksen ja luonnon hyvinvointivaikutusten teemoista. Tilauskoulutukset ovat [&hellip;]<\/p>\n","protected":false},"author":2,"featured_media":65852,"parent":1545,"menu_order":3,"comment_status":"closed","ping_status":"closed","template":"","meta":{"_acf_changed":false,"footnotes":""},"class_list":["post-63200","page","type-page","status-publish","has-post-thumbnail","hentry"],"acf":[],"_links":{"self":[{"href":"https:\/\/sykli.fi\/demo\/wp-json\/wp\/v2\/pages\/63200","targetHints":{"allow":["GET"]}}],"collection":[{"href":"https:\/\/sykli.fi\/demo\/wp-json\/wp\/v2\/pages"}],"about":[{"href":"https:\/\/sykli.fi\/demo\/wp-json\/wp\/v2\/types\/page"}],"author":[{"embeddable":true,"href":"https:\/\/sykli.fi\/demo\/wp-json\/wp\/v2\/users\/2"}],"replies":[{"embeddable":true,"href":"https:\/\/sykli.fi\/demo\/wp-json\/wp\/v2\/comments?post=63200"}],"version-history":[{"count":10,"href":"https:\/\/sykli.fi\/demo\/wp-json\/wp\/v2\/pages\/63200\/revisions"}],"predecessor-version":[{"id":73981,"href":"https:\/\/sykli.fi\/demo\/wp-json\/wp\/v2\/pages\/63200\/revisions\/73981"}],"up":[{"embeddable":true,"href":"https:\/\/sykli.fi\/demo\/wp-json\/wp\/v2\/pages\/1545"}],"wp:featuredmedia":[{"embeddable":true,"href":"https:\/\/sykli.fi\/demo\/wp-json\/wp\/v2\/media\/65852"}],"wp:attachment":[{"href":"https:\/\/sykli.fi\/demo\/wp-json\/wp\/v2\/media?parent=63200"}],"curies":[{"name":"wp","href":"https:\/\/api.w.org\/{rel}","templated":true}]}}