{"id":63089,"date":"2023-03-29T15:30:35","date_gmt":"2023-03-29T12:30:35","guid":{"rendered":"http:\/\/localhost\/sykli\/?page_id=63089"},"modified":"2025-10-15T15:52:55","modified_gmt":"2025-10-15T12:52:55","slug":"ilmastonmuutoksen-osaajan-koulutusohjelma","status":"publish","type":"page","link":"https:\/\/sykli.fi\/demo\/koulutusalat\/resurssitehokkuus\/ymparistoalan-erikoisammattitutkinto\/ilmastonmuutoksen-osaajan-koulutusohjelma\/","title":{"rendered":"Ilmastonmuutoksen osaajan koulutusohjelma"},"content":{"rendered":"\r\n<section id=\"hero-block_81be16f236c481c0dd6913045b20b0a8\" class=\"hero site-banner section-default default alignfull\">\r\n\r\n    <div class=\"site-banner-bg section-bg-image \" >\r\n\r\n        <img loading=\"lazy\" decoding=\"async\" width=\"1920\" height=\"1260\" src=\"https:\/\/sykli.fi\/demo\/wp-content\/uploads\/2022\/08\/resurssitehokkuus.jpg\" class=\"attachment-1536\u00d71536 size-1536\u00d71536\" alt=\"Resurssitehokkuus\" srcset=\"https:\/\/sykli.fi\/demo\/wp-content\/uploads\/2022\/08\/resurssitehokkuus.jpg 1920w, https:\/\/sykli.fi\/demo\/wp-content\/uploads\/2022\/08\/resurssitehokkuus-300x197.jpg 300w, https:\/\/sykli.fi\/demo\/wp-content\/uploads\/2022\/08\/resurssitehokkuus-1024x672.jpg 1024w, https:\/\/sykli.fi\/demo\/wp-content\/uploads\/2022\/08\/resurssitehokkuus-768x504.jpg 768w, https:\/\/sykli.fi\/demo\/wp-content\/uploads\/2022\/08\/resurssitehokkuus-1536x1008.jpg 1536w\" sizes=\"auto, (max-width: 1920px) 100vw, 1920px\" \/>\r\n        \r\n        \r\n            <div class=\"site-banner-content container\">\r\n                <div class=\"row w-100\">\r\n                    <div class=\"col-md-12\">\r\n                        <div class=\"hero-text-overlay\">\r\n                                                                <h1 class=\"hero-title\">Ilmastonmuutoksen osaajan koulutusohjelma<\/h1>\r\n                            <div class=\"inner-content\">\r\n                            <div class=\"acf-innerblocks-container\">\n\n<p>Ymp\u00e4rist\u00f6alan erikoisammattitutkinto<\/p>\n\n<\/div>\r\n                        <\/div>                        <\/div>\r\n                    <\/div>\r\n                <\/div>\r\n            <\/div>\r\n\r\n        <\/section>\n\n\n<p>Haluatko ty\u00f6llisty\u00e4 ja vaikuttaa ilmastonmuutoksen hillint\u00e4\u00e4n? Ilmastonmuutoksen torjuminen on yksi t\u00e4rkeimmist\u00e4 globaaleista teht\u00e4vist\u00e4 juuri nyt. Rekrytoivan koulutuksemme kautta p\u00e4\u00e4set n\u00e4ytt\u00e4m\u00e4\u00e4n potentiaalisi sinua kiinnostavassa organisaatiossa ja samalla saat ajankohtaista osaamista ilmastonmuutokseen ja sen hillitsemiseen.<\/p>\n\n\n\n<p>Koulutuksessa suoritat ymp\u00e4rist\u00f6alan erikoisammattitutkinnon (180 osp), joka koostuu nelj\u00e4st\u00e4 tutkinnon osasta:<\/p>\n\n\n\n<ul class=\"wp-block-list\">\n<li>Toiminnan kehitt\u00e4minen kest\u00e4v\u00e4ll\u00e4 tavalla (25 osp)<\/li>\n\n\n\n<li>Ty\u00f6yhteis\u00f6ss\u00e4 toimiminen (25 osp)<\/li>\n\n\n\n<li>Resurssitehokkuuden asiantuntijana toimiminen (90 osp)<\/li>\n\n\n\n<li>Ymp\u00e4rist\u00f6alan kehitt\u00e4mishankkeen toteuttaminen (40 osp)<\/li>\n<\/ul>\n\n\n\n<p>Keskeisin tutkinnon osista on resurssitehokkuuden asiantuntijana toimiminen, jonka osana ty\u00f6jaksolla toteutetaan energia- tai materiaalitehokkuuden kehitt\u00e4misprojekti. Tavoitteena on ty\u00f6llisty\u00e4 koulutuksen p\u00e4\u00e4tteeksi ilmastonmuutoksen hillint\u00e4\u00e4n liittyviin asiantuntijateht\u00e4viin.<\/p>\n\n\n\n<p>Lis\u00e4tietoa ymp\u00e4rist\u00f6alan erikoisammattitutkinnon suorittamisesta l\u00f6yd\u00e4t <a href=\"https:\/\/eperusteet.opintopolku.fi\/#\/fi\/ammatillinen\/3792067\/tiedot\" data-type=\"URL\" data-id=\"https:\/\/eperusteet.opintopolku.fi\/#\/fi\/ammatillinen\/3792067\/tiedot\" target=\"_blank\" rel=\"noreferrer noopener\">ePerusteista<\/a>.<\/p>\n\n\n\n<p><strong>Koulutuksen keskeiset sis\u00e4ll\u00f6t:<\/strong><\/p>\n\n\n\n<ul class=\"wp-block-list\">\n<li>Resurssitehokkuus<\/li>\n\n\n\n<li>Ilmastonmuutoksen ajankohtaiset asiat<\/li>\n\n\n\n<li>Ilmastonmuutoksen ty\u00f6kalut<\/li>\n\n\n\n<li>Ilmastonmuutoksen hillint\u00e4, sopeutuminen ja innovaatiot<\/li>\n\n\n\n<li>Projektity\u00f6skentely<\/li>\n\n\n\n<li>Kest\u00e4v\u00e4ll\u00e4 tavalla toimiminen<\/li>\n\n\n\n<li>Johdatus kiertotalouteen<\/li>\n\n\n\n<li>Oman osaamisen markkinointi ja tehokas ty\u00f6nhaku<\/li>\n<\/ul>\n\n\n\n<p>Koulutus kest\u00e4\u00e4 8 kk ja koulutusp\u00e4ivi\u00e4 on yhteens\u00e4 noin 20. Ne toteutetaan tilanteen mukaan l\u00e4hi-, et\u00e4- tai monimuoto-opetuksena. Suurin osa koulutuksesta eli noin 140 p\u00e4iv\u00e4\u00e4 muodostuu organisaatiossa tapahtuvassa ty\u00f6el\u00e4m\u00e4ss\u00e4 oppimisesta.<\/p>\n\n\n\n<p>Koulutus on tarkoitettu ty\u00f6tt\u00f6mille ja ty\u00f6tt\u00f6myysuhan alaisille korkeakoulututkinnon suorittaneille henkil\u00f6ille. Soveltuva koulutustausta on esimerkiksi tekninen, luonnontieteellinen, ymp\u00e4rist\u00f6tieteellinen, kaupallinen tai yhteiskuntatieteellinen. Voit olla urasi alussa tai t\u00e4ydent\u00e4\u00e4 takana olevaa pidemp\u00e4\u00e4 uraa t\u00e4ll\u00e4 ajankohtaisella osaamisella. Koulutuksessa edellytet\u00e4\u00e4n riitt\u00e4v\u00e4\u00e4 suomen kielen taitoa.<\/p>\n\n\n\n<div class=\"wp-block-buttons is-layout-flex wp-block-buttons-is-layout-flex\">\n<div class=\"wp-block-button\"><a class=\"wp-block-button__link wp-element-button\" href=\"https:\/\/sykli.fi\/demo\/tarinat\/syklin-ilmastonmuutoksen-osaaja-koulutus-avasi-ovet-innostavaan-tyopaikkaan-vastuullisuuskonsulttina\/\" target=\"_blank\" rel=\"noreferrer noopener\">Tutustu opiskelijan tarinaan!<\/a><\/div>\n<\/div>\n\n\n<div class=\"koulutukset-block\"><h2><\/h2>Ei t\u00e4ll\u00e4 hetkell\u00e4 avoimia koulutuksia.<\/div>\n\n<h2>Kysy lis\u00e4\u00e4<\/h2>\r\n<div class=\"row\">\r\n                                <div class=\"col-md-6\">\r\n                    <div class=\"staff-box\">\r\n                        <div class=\"row\">\r\n                            <div class=\"col-4\">\r\n                                <img loading=\"lazy\" decoding=\"async\" width=\"1697\" height=\"2417\" src=\"https:\/\/sykli.fi\/demo\/wp-content\/uploads\/2024\/02\/Henkilokuva_Virpi_Vuolahti_mv.jpg\" class=\"attachment-post-thumbnail size-post-thumbnail wp-post-image\" alt=\"\" srcset=\"https:\/\/sykli.fi\/demo\/wp-content\/uploads\/2024\/02\/Henkilokuva_Virpi_Vuolahti_mv.jpg 1697w, https:\/\/sykli.fi\/demo\/wp-content\/uploads\/2024\/02\/Henkilokuva_Virpi_Vuolahti_mv-211x300.jpg 211w, https:\/\/sykli.fi\/demo\/wp-content\/uploads\/2024\/02\/Henkilokuva_Virpi_Vuolahti_mv-719x1024.jpg 719w, https:\/\/sykli.fi\/demo\/wp-content\/uploads\/2024\/02\/Henkilokuva_Virpi_Vuolahti_mv-768x1094.jpg 768w, https:\/\/sykli.fi\/demo\/wp-content\/uploads\/2024\/02\/Henkilokuva_Virpi_Vuolahti_mv-1078x1536.jpg 1078w, https:\/\/sykli.fi\/demo\/wp-content\/uploads\/2024\/02\/Henkilokuva_Virpi_Vuolahti_mv-1438x2048.jpg 1438w\" sizes=\"auto, (max-width: 1697px) 100vw, 1697px\" \/>                            <\/div>\r\n                            <div class=\"col-8\">\r\n                                <h3>Virpi Vuolahti<\/h3>\r\n                                Koulutusvastaava                                <ul>\r\n                                    <li><svg xmlns=\"http:\/\/www.w3.org\/2000\/svg\" width=\"16\" height=\"16\" fill=\"currentColor\" class=\"bi bi-telephone-fill\" viewBox=\"0 0 16 16\">\r\n                                <path fill-rule=\"evenodd\" d=\"M1.885.511a1.745 1.745 0 0 1 2.61.163L6.29 2.98c.329.423.445.974.315 1.494l-.547 2.19a.678.678 0 0 0 .178.643l2.457 2.457a.678.678 0 0 0 .644.178l2.189-.547a1.745 1.745 0 0 1 1.494.315l2.306 1.794c.829.645.905 1.87.163 2.611l-1.034 1.034c-.74.74-1.846 1.065-2.877.702a18.634 18.634 0 0 1-7.01-4.42 18.634 18.634 0 0 1-4.42-7.009c-.362-1.03-.037-2.137.703-2.877L1.885.511z\"\/>\r\n                              <\/svg> <a href=\"tel:+358447225939\">044 722 5939<\/a><\/li><li><svg xmlns=\"http:\/\/www.w3.org\/2000\/svg\" width=\"16\" height=\"16\" fill=\"currentColor\" class=\"bi bi-envelope-fill\" viewBox=\"0 0 16 16\">\r\n                                <path d=\"M.05 3.555A2 2 0 0 1 2 2h12a2 2 0 0 1 1.95 1.555L8 8.414.05 3.555ZM0 4.697v7.104l5.803-3.558L0 4.697ZM6.761 8.83l-6.57 4.027A2 2 0 0 0 2 14h12a2 2 0 0 0 1.808-1.144l-6.57-4.027L8 9.586l-1.239-.757Zm3.436-.586L16 11.801V4.697l-5.803 3.546Z\"\/>\r\n                              <\/svg> <a href=\"mailto:virpi.vuolahti@sykli.fi\">virpi.vuolahti@sykli.fi<\/a><\/li>                                <\/ul>\r\n                            <\/div>\r\n                        <\/div>\r\n                    <\/div>\r\n                <\/div>\r\n    <\/div>\n\n\n<p><\/p>\n\n\n\n<p><\/p>\n","protected":false},"excerpt":{"rendered":"<p>Haluatko ty\u00f6llisty\u00e4 ja vaikuttaa ilmastonmuutoksen hillint\u00e4\u00e4n? Ilmastonmuutoksen torjuminen on yksi t\u00e4rkeimmist\u00e4 globaaleista teht\u00e4vist\u00e4 juuri nyt. Rekrytoivan koulutuksemme kautta p\u00e4\u00e4set n\u00e4ytt\u00e4m\u00e4\u00e4n [&hellip;]<\/p>\n","protected":false},"author":2,"featured_media":60907,"parent":62044,"menu_order":3,"comment_status":"closed","ping_status":"closed","template":"","meta":{"_acf_changed":false,"footnotes":""},"class_list":["post-63089","page","type-page","status-publish","has-post-thumbnail","hentry"],"acf":[],"_links":{"self":[{"href":"https:\/\/sykli.fi\/demo\/wp-json\/wp\/v2\/pages\/63089","targetHints":{"allow":["GET"]}}],"collection":[{"href":"https:\/\/sykli.fi\/demo\/wp-json\/wp\/v2\/pages"}],"about":[{"href":"https:\/\/sykli.fi\/demo\/wp-json\/wp\/v2\/types\/page"}],"author":[{"embeddable":true,"href":"https:\/\/sykli.fi\/demo\/wp-json\/wp\/v2\/users\/2"}],"replies":[{"embeddable":true,"href":"https:\/\/sykli.fi\/demo\/wp-json\/wp\/v2\/comments?post=63089"}],"version-history":[{"count":2,"href":"https:\/\/sykli.fi\/demo\/wp-json\/wp\/v2\/pages\/63089\/revisions"}],"predecessor-version":[{"id":72809,"href":"https:\/\/sykli.fi\/demo\/wp-json\/wp\/v2\/pages\/63089\/revisions\/72809"}],"up":[{"embeddable":true,"href":"https:\/\/sykli.fi\/demo\/wp-json\/wp\/v2\/pages\/62044"}],"wp:featuredmedia":[{"embeddable":true,"href":"https:\/\/sykli.fi\/demo\/wp-json\/wp\/v2\/media\/60907"}],"wp:attachment":[{"href":"https:\/\/sykli.fi\/demo\/wp-json\/wp\/v2\/media?parent=63089"}],"curies":[{"name":"wp","href":"https:\/\/api.w.org\/{rel}","templated":true}]}}