{"id":63066,"date":"2023-03-29T14:33:15","date_gmt":"2023-03-29T11:33:15","guid":{"rendered":"http:\/\/localhost\/sykli\/?page_id=63066"},"modified":"2023-06-02T10:27:04","modified_gmt":"2023-06-02T07:27:04","slug":"resurssitehokkuuden-koulutusohjelma","status":"publish","type":"page","link":"https:\/\/sykli.fi\/demo\/koulutusalat\/resurssitehokkuus\/ymparistoalan-erikoisammattitutkinto\/resurssitehokkuuden-koulutusohjelma\/","title":{"rendered":"Resurssitehokkuuden koulutusohjelma"},"content":{"rendered":"\r\n<section id=\"hero-block_aa783ab22d1c24a25951452f758d892e\" class=\"hero site-banner section-default default alignfull\">\r\n\r\n    <div class=\"site-banner-bg section-bg-image \" >\r\n\r\n        <img loading=\"lazy\" decoding=\"async\" width=\"1920\" height=\"1260\" src=\"https:\/\/sykli.fi\/demo\/wp-content\/uploads\/2022\/08\/resurssitehokkuus.jpg\" class=\"attachment-1536\u00d71536 size-1536\u00d71536\" alt=\"Resurssitehokkuus\" srcset=\"https:\/\/sykli.fi\/demo\/wp-content\/uploads\/2022\/08\/resurssitehokkuus.jpg 1920w, https:\/\/sykli.fi\/demo\/wp-content\/uploads\/2022\/08\/resurssitehokkuus-300x197.jpg 300w, https:\/\/sykli.fi\/demo\/wp-content\/uploads\/2022\/08\/resurssitehokkuus-1024x672.jpg 1024w, https:\/\/sykli.fi\/demo\/wp-content\/uploads\/2022\/08\/resurssitehokkuus-768x504.jpg 768w, https:\/\/sykli.fi\/demo\/wp-content\/uploads\/2022\/08\/resurssitehokkuus-1536x1008.jpg 1536w\" sizes=\"auto, (max-width: 1920px) 100vw, 1920px\" \/>\r\n        \r\n        \r\n            <div class=\"site-banner-content container\">\r\n                <div class=\"row w-100\">\r\n                    <div class=\"col-md-12\">\r\n                        <div class=\"hero-text-overlay\">\r\n                                                                <h1 class=\"hero-title\">Resurssitehokkuuden koulutusohjelma<\/h1>\r\n                            <div class=\"inner-content\">\r\n                            <div class=\"acf-innerblocks-container\">\n\n<p>Ymp\u00e4rist\u00f6alan erikoisammattitutkinto<\/p>\n\n<\/div>\r\n                        <\/div>                        <\/div>\r\n                    <\/div>\r\n                <\/div>\r\n            <\/div>\r\n\r\n        <\/section>\n\n\n<h2 class=\"wp-block-heading\">Resurssitehokkuuden koulutusohjelma<\/h2>\n\n\n\n<p>Resurssitehokkuuden koulutusohjelma on suunnattu tuotannon asiantuntijoille, ymp\u00e4rist\u00f6alalla ty\u00f6skenteleville, kiinteist\u00f6- ja rakennustekniikan tai kiinteist\u00f6huollon ammattilaisille. Koulutus sopii my\u00f6s esimerkiksi alan vaihtajille tai t\u00e4ydennyskoulutukseksi korkeakoulututkinnon suorittaneille ja se on osa ymp\u00e4rist\u00f6alan erikoisammattitutkintoon valmistavaa koulutusta. Koulutuksessa opiskelija voi valita, keskittyyk\u00f6 opiskelussaan energiatehokkuuden vai materiaalitehokkuuden aihepiiriin.&nbsp;<br>&nbsp;<br><strong>Energiatehokkuudessa <\/strong>koulutuksen tavoitteena on lis\u00e4t\u00e4 osaamista kiinteist\u00f6jen, tuotantolaitosten sek\u00e4 muiden kohteiden energiatehokkuuden kartoittamiseen sek\u00e4 kehitt\u00e4miseen liittyen.&nbsp;<\/p>\n\n\n\n<p><strong>Materiaalitehokkuudessa<\/strong> tavoitteena on antaa konkreettisia ty\u00f6kaluja yrityksen materiaalitehokkuuden kehitt\u00e4miseen. Tavoitteena laatia kehitysty\u00f6n\u00e4 materiaalitehokkuuden kartoitus ja \u2013kehitt\u00e4missuunnitelma valitsemalleen organisaatiolle.\u00a0<\/p>\n\n\n\n<p>Koulutuksen suorittaminen kest\u00e4\u00e4 1\u20131,5 vuotta, ja sen laajuus on 180 osp. L\u00e4hip\u00e4ivi\u00e4 on 1\u20132 kuukaudessa, mink\u00e4 lis\u00e4ksi opiskelijalta edellytet\u00e4\u00e4n jonkin verran itsen\u00e4ist\u00e4 verkko-opiskelua. Tutkinto on kehitt\u00e4mispainotteinen. Se muodostuu k\u00e4yt\u00e4nn\u00f6ss\u00e4 muutamasta isommasta kehitt\u00e4misty\u00f6st\u00e4, jotka liittyv\u00e4t organisaation nykytilanteen kartoittamiseen ja laadittaviin kehitt\u00e4missuunnitelmiin.&nbsp;<\/p>\n\n\n<div class=\"koulutukset-block\"><h2><\/h2>Ei t\u00e4ll\u00e4 hetkell\u00e4 avoimia koulutuksia.<\/div>\n\n<h2>Kysy lis\u00e4\u00e4<\/h2>\r\n<div class=\"row\">\r\n                                <div class=\"col-md-6\">\r\n                    <div class=\"staff-box\">\r\n                        <div class=\"row\">\r\n                            <div class=\"col-4\">\r\n                                <img loading=\"lazy\" decoding=\"async\" width=\"150\" height=\"250\" src=\"https:\/\/sykli.fi\/demo\/wp-content\/uploads\/2022\/09\/maria-torn-2022-nettisivuille-mv.jpg\" class=\"attachment-post-thumbnail size-post-thumbnail wp-post-image\" alt=\"\" \/>                            <\/div>\r\n                            <div class=\"col-8\">\r\n                                <h3>Maria T\u00f6rn<\/h3>\r\n                                Asiantuntija,\u00a0j\u00e4tehuolto, resurssitehokkuus                                <ul>\r\n                                    <li><svg xmlns=\"http:\/\/www.w3.org\/2000\/svg\" width=\"16\" height=\"16\" fill=\"currentColor\" class=\"bi bi-telephone-fill\" viewBox=\"0 0 16 16\">\r\n                                <path fill-rule=\"evenodd\" d=\"M1.885.511a1.745 1.745 0 0 1 2.61.163L6.29 2.98c.329.423.445.974.315 1.494l-.547 2.19a.678.678 0 0 0 .178.643l2.457 2.457a.678.678 0 0 0 .644.178l2.189-.547a1.745 1.745 0 0 1 1.494.315l2.306 1.794c.829.645.905 1.87.163 2.611l-1.034 1.034c-.74.74-1.846 1.065-2.877.702a18.634 18.634 0 0 1-7.01-4.42 18.634 18.634 0 0 1-4.42-7.009c-.362-1.03-.037-2.137.703-2.877L1.885.511z\"\/>\r\n                              <\/svg> <a href=\"tel:+358415015144\">041 5015 144<\/a><\/li><li><svg xmlns=\"http:\/\/www.w3.org\/2000\/svg\" width=\"16\" height=\"16\" fill=\"currentColor\" class=\"bi bi-envelope-fill\" viewBox=\"0 0 16 16\">\r\n                                <path d=\"M.05 3.555A2 2 0 0 1 2 2h12a2 2 0 0 1 1.95 1.555L8 8.414.05 3.555ZM0 4.697v7.104l5.803-3.558L0 4.697ZM6.761 8.83l-6.57 4.027A2 2 0 0 0 2 14h12a2 2 0 0 0 1.808-1.144l-6.57-4.027L8 9.586l-1.239-.757Zm3.436-.586L16 11.801V4.697l-5.803 3.546Z\"\/>\r\n                              <\/svg> <a href=\"mailto:maria.torn@sykli.fi\">maria.torn@sykli.fi<\/a><\/li>                                <\/ul>\r\n                            <\/div>\r\n                        <\/div>\r\n                    <\/div>\r\n                <\/div>\r\n                                <div class=\"col-md-6\">\r\n                    <div class=\"staff-box\">\r\n                        <div class=\"row\">\r\n                            <div class=\"col-4\">\r\n                                <img loading=\"lazy\" decoding=\"async\" width=\"150\" height=\"250\" src=\"https:\/\/sykli.fi\/demo\/wp-content\/uploads\/2022\/09\/timo-lahti-2022-nettisivuille-mv.jpg\" class=\"attachment-post-thumbnail size-post-thumbnail wp-post-image\" alt=\"\" \/>                            <\/div>\r\n                            <div class=\"col-8\">\r\n                                <h3>Timo Lahti<\/h3>\r\n                                asiantuntija, hiilineutraali kiertotalous                                <ul>\r\n                                    <li><svg xmlns=\"http:\/\/www.w3.org\/2000\/svg\" width=\"16\" height=\"16\" fill=\"currentColor\" class=\"bi bi-telephone-fill\" viewBox=\"0 0 16 16\">\r\n                                <path fill-rule=\"evenodd\" d=\"M1.885.511a1.745 1.745 0 0 1 2.61.163L6.29 2.98c.329.423.445.974.315 1.494l-.547 2.19a.678.678 0 0 0 .178.643l2.457 2.457a.678.678 0 0 0 .644.178l2.189-.547a1.745 1.745 0 0 1 1.494.315l2.306 1.794c.829.645.905 1.87.163 2.611l-1.034 1.034c-.74.74-1.846 1.065-2.877.702a18.634 18.634 0 0 1-7.01-4.42 18.634 18.634 0 0 1-4.42-7.009c-.362-1.03-.037-2.137.703-2.877L1.885.511z\"\/>\r\n                              <\/svg> <a href=\"tel:+358503083688\">050 3083 688<\/a><\/li><li><svg xmlns=\"http:\/\/www.w3.org\/2000\/svg\" width=\"16\" height=\"16\" fill=\"currentColor\" class=\"bi bi-envelope-fill\" viewBox=\"0 0 16 16\">\r\n                                <path d=\"M.05 3.555A2 2 0 0 1 2 2h12a2 2 0 0 1 1.95 1.555L8 8.414.05 3.555ZM0 4.697v7.104l5.803-3.558L0 4.697ZM6.761 8.83l-6.57 4.027A2 2 0 0 0 2 14h12a2 2 0 0 0 1.808-1.144l-6.57-4.027L8 9.586l-1.239-.757Zm3.436-.586L16 11.801V4.697l-5.803 3.546Z\"\/>\r\n                              <\/svg> <a href=\"mailto:timo.lahti@sykli.fi\">timo.lahti@sykli.fi<\/a><\/li>                                <\/ul>\r\n                            <\/div>\r\n                        <\/div>\r\n                    <\/div>\r\n                <\/div>\r\n    <\/div>","protected":false},"excerpt":{"rendered":"<p>Resurssitehokkuuden koulutusohjelma Resurssitehokkuuden koulutusohjelma on suunnattu tuotannon asiantuntijoille, ymp\u00e4rist\u00f6alalla ty\u00f6skenteleville, kiinteist\u00f6- ja rakennustekniikan tai kiinteist\u00f6huollon ammattilaisille. Koulutus sopii my\u00f6s esimerkiksi [&hellip;]<\/p>\n","protected":false},"author":2,"featured_media":60907,"parent":62044,"menu_order":1,"comment_status":"closed","ping_status":"closed","template":"","meta":{"_acf_changed":false,"footnotes":""},"class_list":["post-63066","page","type-page","status-publish","has-post-thumbnail","hentry"],"acf":[],"_links":{"self":[{"href":"https:\/\/sykli.fi\/demo\/wp-json\/wp\/v2\/pages\/63066","targetHints":{"allow":["GET"]}}],"collection":[{"href":"https:\/\/sykli.fi\/demo\/wp-json\/wp\/v2\/pages"}],"about":[{"href":"https:\/\/sykli.fi\/demo\/wp-json\/wp\/v2\/types\/page"}],"author":[{"embeddable":true,"href":"https:\/\/sykli.fi\/demo\/wp-json\/wp\/v2\/users\/2"}],"replies":[{"embeddable":true,"href":"https:\/\/sykli.fi\/demo\/wp-json\/wp\/v2\/comments?post=63066"}],"version-history":[{"count":0,"href":"https:\/\/sykli.fi\/demo\/wp-json\/wp\/v2\/pages\/63066\/revisions"}],"up":[{"embeddable":true,"href":"https:\/\/sykli.fi\/demo\/wp-json\/wp\/v2\/pages\/62044"}],"wp:featuredmedia":[{"embeddable":true,"href":"https:\/\/sykli.fi\/demo\/wp-json\/wp\/v2\/media\/60907"}],"wp:attachment":[{"href":"https:\/\/sykli.fi\/demo\/wp-json\/wp\/v2\/media?parent=63066"}],"curies":[{"name":"wp","href":"https:\/\/api.w.org\/{rel}","templated":true}]}}