{"id":62830,"date":"2023-03-28T14:55:51","date_gmt":"2023-03-28T11:55:51","guid":{"rendered":"http:\/\/localhost\/sykli\/?page_id=62830"},"modified":"2024-06-07T14:29:19","modified_gmt":"2024-06-07T11:29:19","slug":"ymparistoalan-erikoisammattitutkinto-vahahiilisyys","status":"publish","type":"page","link":"https:\/\/sykli.fi\/demo\/koulutusalat\/resurssitehokkuus\/ymparistoalan-erikoisammattitutkinto\/ymparistoalan-erikoisammattitutkinto-vahahiilisyys\/","title":{"rendered":"V\u00e4h\u00e4hiilisyyden asiantuntijan koulutusohjelma"},"content":{"rendered":"\r\n<section id=\"hero-block_a5972a8757fbeed13d6ee6680c8372e5\" class=\"hero site-banner section-default default alignfull\">\r\n\r\n    <div class=\"site-banner-bg section-bg-image \" >\r\n\r\n        <img loading=\"lazy\" decoding=\"async\" width=\"1920\" height=\"1260\" src=\"https:\/\/sykli.fi\/demo\/wp-content\/uploads\/2022\/08\/resurssitehokkuus.jpg\" class=\"attachment-1536\u00d71536 size-1536\u00d71536\" alt=\"Resurssitehokkuus\" srcset=\"https:\/\/sykli.fi\/demo\/wp-content\/uploads\/2022\/08\/resurssitehokkuus.jpg 1920w, https:\/\/sykli.fi\/demo\/wp-content\/uploads\/2022\/08\/resurssitehokkuus-300x197.jpg 300w, https:\/\/sykli.fi\/demo\/wp-content\/uploads\/2022\/08\/resurssitehokkuus-1024x672.jpg 1024w, https:\/\/sykli.fi\/demo\/wp-content\/uploads\/2022\/08\/resurssitehokkuus-768x504.jpg 768w, https:\/\/sykli.fi\/demo\/wp-content\/uploads\/2022\/08\/resurssitehokkuus-1536x1008.jpg 1536w\" sizes=\"auto, (max-width: 1920px) 100vw, 1920px\" \/>\r\n        \r\n        \r\n            <div class=\"site-banner-content container\">\r\n                <div class=\"row w-100\">\r\n                    <div class=\"col-md-12\">\r\n                        <div class=\"hero-text-overlay\">\r\n                                                                <h1 class=\"hero-title\">V\u00e4h\u00e4hiilisyyden asiantuntijan koulutusohjelma<\/h1>\r\n                            <div class=\"inner-content\">\r\n                            <div class=\"acf-innerblocks-container\">\n\n<p>Ymp\u00e4rist\u00f6alan erikoisammattitutkinto<\/p>\n\n<\/div>\r\n                        <\/div>                        <\/div>\r\n                    <\/div>\r\n                <\/div>\r\n            <\/div>\r\n\r\n        <\/section>\n\n\n<h2 class=\"wp-block-heading\">V\u00e4h\u00e4hiilisyyden asiantuntijan koulutusohjelma &#8211; ymp\u00e4rist\u00f6alan erikoisammattitutkinto<\/h2>\n\n\n\n<p>Suomi t\u00e4ht\u00e4\u00e4 hiilineutraaliuteen vuoteen 2035 menness\u00e4, joten v\u00e4h\u00e4hiilisyyteen liittyv\u00e4ll\u00e4 osaamisella on kova kysynt\u00e4. Syklin j\u00e4rjest\u00e4m\u00e4 v\u00e4h\u00e4hiilisyyden asiantuntijan koulutus tarjoaa k\u00e4yt\u00e4nn\u00f6nl\u00e4heist\u00e4 osaamista organisaation v\u00e4h\u00e4hiilisyyden edist\u00e4miseen ja p\u00e4\u00e4st\u00f6v\u00e4hennystavoitteiden saavuttamiseen. Koulutuksen voi suorittaa ty\u00f6n ohessa.&nbsp;<\/p>\n\n\n\n<p>Koulutuksen keski\u00f6ss\u00e4 on kehitt\u00e4mishankkeen toteuttaminen, joka tarkoittaa tyypillisesti hiilijalanj\u00e4ljen laskemista ja p\u00e4\u00e4st\u00f6v\u00e4hennystoimien kartoitusta valikoidulle organisaatiolle. Koulutus tarjoaa tietotaitoa ja vertaiskeskusteluja sek\u00e4 tukea omassa organisaatiossa toteutettavalle kehitysty\u00f6lle.&nbsp;<\/p>\n\n\n<div class=\"koulutukset-block\"><h2><\/h2><div class=\"row single-koulutukset\">            <div class=\"col-sm-6 col-md-4\">\r\n                <div class=\"calendar-card\">\r\n\r\n                                            <p class=\"calendar-card-koulutustyyppi\">Erikoisammattitutkinto<\/p>\r\n                    \r\n                                            <img decoding=\"async\" src=\"https:\/\/ssl.eventilla.com\/static\/logos\/206078\/2be9997f2c4ebee150e87cf2e28be534.jpg\" alt=\"Organisaation v\u00e4h\u00e4hiilisyyden asiantuntija (Ymp\u00e4rist\u00f6alan erikoisammattitutkinto), syksy 2025 (205329)\">\r\n                    \r\n                    <div class=\"calendar-card-content\">\r\n                        <a href=\"https:\/\/ssl.eventilla.com\/vahac-syksy2025\" target=\"_blank\" rel=\"noopener\">\r\n                                                            <p class=\"calendar-card-opiskelumuoto\">Hybridi<\/p>\r\n                                                        <h3>Organisaation v\u00e4h\u00e4hiilisyyden asiantuntija (Ymp\u00e4rist\u00f6alan erikoisammattitutkinto), syksy 2025 (205329)<\/h3>\r\n                        <\/a>\r\n\r\n                        \r\n                        <ul class=\"calendar-card-event-details\">\r\n                                                                                                <li class=\"date\">\r\n                                        <svg class=\"bi  \" width=\"1em\" height=\"1em\" fill=\"currentColor\">\n\t<use xlink:href=\"https:\/\/sykli.fi\/demo\/wp-content\/themes\/luotsi\/assets\/img\/bootstrap-icons.svg#calendar3\" \/>\n<\/svg>15.12.2025 &#8211; 18.05.2027                                    <\/li>\r\n                                \r\n                                                            \r\n                                                    <\/ul>\r\n\r\n                        <a class=\"btn\" href=\"https:\/\/ssl.eventilla.com\/vahac-syksy2025\" target=\"_blank\" rel=\"noopener\">\r\n                            Lue lis\u00e4\u00e4                        <\/a>\r\n                    <\/div>\r\n                <\/div>\r\n            <\/div>\r\n<\/div><\/div>\n\n\n<p class=\"has-light-blue-background-color has-background\"><em>&#8221;Suosittelen Syklin Organisaation v\u00e4h\u00e4hiilisyyden asiantuntija -koulutusta. Kannattaa hakea jos tarvitset lis\u00e4tietoa ja k\u00e4yt\u00e4nn\u00f6n ohjausta mm. hiililaskentaan, kiertotalouteen ja resurssitehokkuuteen liittyviss\u00e4 asioissa. Kouluttajat ohjaavat monissa vaikeissa kysymyksiss\u00e4 konkreettisesti, ja opiskelijaryhm\u00e4ss\u00e4 k\u00e4ydyt keskustelut syvent\u00e4v\u00e4t opittua.<\/em>&#8221; &#8211; <strong>Opiskelijapalaute.<\/strong><\/p>\n\n\n\n<h3 class=\"wp-block-heading has-medium-font-size\">Koulutusohjelman laajuus ja kesto<\/h3>\n\n\n\n<p>Koulutus kest\u00e4\u00e4 12 \u2013 18 kuukautta. Koulutusp\u00e4ivi\u00e4 j\u00e4rjestet\u00e4\u00e4n noin kerran kuukaudessa joko Helsingiss\u00e4 tai verkko-opiskelumuotoisesti. Koulutus t\u00e4ht\u00e4\u00e4 <a href=\"https:\/\/sykli.fi\/demo\/hakijalle\/ymparistoalan-erikoisammattitutkinto\/\" target=\"_blank\" rel=\"noreferrer noopener\">Ymp\u00e4rist\u00f6alan erikoisammattitutkinnon<\/a> (180 osp) suorittamiseen resurssitehokkuuden osaamisalalla.&nbsp;<\/p>\n\n\n\n<h3 class=\"wp-block-heading has-medium-font-size\">Koulutusohjelman sis\u00e4lt\u00f6<\/h3>\n\n\n\n<p>Koulutuskokonaisuus muodostuu seuraavista kokonaisuuksista:&nbsp;<\/p>\n\n\n\n<ul class=\"wp-block-list\">\n<li>Resurssitehokkuuden asiantuntijana toimiminen (90 osp)&nbsp;<\/li>\n\n\n\n<li>Toiminnan kehitt\u00e4minen kest\u00e4v\u00e4ll\u00e4 tavalla (25 osp)&nbsp;<\/li>\n\n\n\n<li>Ty\u00f6yhteis\u00f6ss\u00e4 toimiminen (25 osp)&nbsp;<\/li>\n\n\n\n<li>Kehitt\u00e4mishankkeen toteuttaminen (40 osp)&nbsp;<\/li>\n<\/ul>\n\n\n\n<p>Koulutuksen keskeisi\u00e4 teemoja ovat:&nbsp;<\/p>\n\n\n\n<ul class=\"wp-block-list\">\n<li>GHG-protokollan mukainen hiilijalanj\u00e4ljen laskenta&nbsp;<\/li>\n\n\n\n<li>Hiilensidonta ja hiilikompensaatiot&nbsp;<\/li>\n\n\n\n<li>Kest\u00e4v\u00e4 kehitys&nbsp;<\/li>\n\n\n\n<li>Ilmastonmuutos<\/li>\n\n\n\n<li>Resurssitehokkuus&nbsp;<\/li>\n\n\n\n<li>Liikkuminen ja logistiikka&nbsp;<\/li>\n\n\n\n<li>Luonnon monimuotoisuus&nbsp;<\/li>\n\n\n\n<li>Kiertotalous&nbsp;<\/li>\n\n\n\n<li>Uusiutuva energia&nbsp;<\/li>\n\n\n\n<li>V\u00e4h\u00e4hiiliset investoinnit&nbsp;<\/li>\n<\/ul>\n\n\n\n<p>Lue lis\u00e4\u00e4 <a href=\"https:\/\/eperusteet.opintopolku.fi\/#\/fi\/ammatillinen\/3792067\/tiedot\" target=\"_blank\" rel=\"noreferrer noopener\">erikoisammattitutkinnosta e-perusteista.<\/a><\/p>\n\n\n<h2>Kysy lis\u00e4\u00e4<\/h2>\r\n<div class=\"row\">\r\n                                <div class=\"col-md-6\">\r\n                    <div class=\"staff-box\">\r\n                        <div class=\"row\">\r\n                            <div class=\"col-4\">\r\n                                <img loading=\"lazy\" decoding=\"async\" width=\"552\" height=\"828\" src=\"https:\/\/sykli.fi\/demo\/wp-content\/uploads\/2022\/09\/joonas-raaska-2022.jpg\" class=\"attachment-post-thumbnail size-post-thumbnail wp-post-image\" alt=\"\" srcset=\"https:\/\/sykli.fi\/demo\/wp-content\/uploads\/2022\/09\/joonas-raaska-2022.jpg 552w, https:\/\/sykli.fi\/demo\/wp-content\/uploads\/2022\/09\/joonas-raaska-2022-200x300.jpg 200w\" sizes=\"auto, (max-width: 552px) 100vw, 552px\" \/>                            <\/div>\r\n                            <div class=\"col-8\">\r\n                                <h3>Joonas Raaska<\/h3>\r\n                                Asiantuntija,\u00a0v\u00e4h\u00e4hiilisyys                                <ul>\r\n                                    <li><svg xmlns=\"http:\/\/www.w3.org\/2000\/svg\" width=\"16\" height=\"16\" fill=\"currentColor\" class=\"bi bi-telephone-fill\" viewBox=\"0 0 16 16\">\r\n                                <path fill-rule=\"evenodd\" d=\"M1.885.511a1.745 1.745 0 0 1 2.61.163L6.29 2.98c.329.423.445.974.315 1.494l-.547 2.19a.678.678 0 0 0 .178.643l2.457 2.457a.678.678 0 0 0 .644.178l2.189-.547a1.745 1.745 0 0 1 1.494.315l2.306 1.794c.829.645.905 1.87.163 2.611l-1.034 1.034c-.74.74-1.846 1.065-2.877.702a18.634 18.634 0 0 1-7.01-4.42 18.634 18.634 0 0 1-4.42-7.009c-.362-1.03-.037-2.137.703-2.877L1.885.511z\"\/>\r\n                              <\/svg> <a href=\"tel:+358443815819\">044 381 5819<\/a><\/li><li><svg xmlns=\"http:\/\/www.w3.org\/2000\/svg\" width=\"16\" height=\"16\" fill=\"currentColor\" class=\"bi bi-envelope-fill\" viewBox=\"0 0 16 16\">\r\n                                <path d=\"M.05 3.555A2 2 0 0 1 2 2h12a2 2 0 0 1 1.95 1.555L8 8.414.05 3.555ZM0 4.697v7.104l5.803-3.558L0 4.697ZM6.761 8.83l-6.57 4.027A2 2 0 0 0 2 14h12a2 2 0 0 0 1.808-1.144l-6.57-4.027L8 9.586l-1.239-.757Zm3.436-.586L16 11.801V4.697l-5.803 3.546Z\"\/>\r\n                              <\/svg> <a href=\"mailto:joonas.raaska@sykli.fi\">joonas.raaska@sykli.fi<\/a><\/li>                                <\/ul>\r\n                            <\/div>\r\n                        <\/div>\r\n                    <\/div>\r\n                <\/div>\r\n                                <div class=\"col-md-6\">\r\n                    <div class=\"staff-box\">\r\n                        <div class=\"row\">\r\n                            <div class=\"col-4\">\r\n                                <img loading=\"lazy\" decoding=\"async\" width=\"1709\" height=\"2560\" src=\"https:\/\/sykli.fi\/demo\/wp-content\/uploads\/2023\/03\/Luojukoski_7966_LK-2-scaled.jpg\" class=\"attachment-post-thumbnail size-post-thumbnail wp-post-image\" alt=\"\" srcset=\"https:\/\/sykli.fi\/demo\/wp-content\/uploads\/2023\/03\/Luojukoski_7966_LK-2-scaled.jpg 1709w, https:\/\/sykli.fi\/demo\/wp-content\/uploads\/2023\/03\/Luojukoski_7966_LK-2-200x300.jpg 200w, https:\/\/sykli.fi\/demo\/wp-content\/uploads\/2023\/03\/Luojukoski_7966_LK-2-684x1024.jpg 684w, https:\/\/sykli.fi\/demo\/wp-content\/uploads\/2023\/03\/Luojukoski_7966_LK-2-768x1150.jpg 768w, https:\/\/sykli.fi\/demo\/wp-content\/uploads\/2023\/03\/Luojukoski_7966_LK-2-1025x1536.jpg 1025w, https:\/\/sykli.fi\/demo\/wp-content\/uploads\/2023\/03\/Luojukoski_7966_LK-2-1367x2048.jpg 1367w\" sizes=\"auto, (max-width: 1709px) 100vw, 1709px\" \/>                            <\/div>\r\n                            <div class=\"col-8\">\r\n                                <h3>Jiri Luojukoski<\/h3>\r\n                                Asiantuntija, hankkeet ja kehitt\u00e4minen                                <ul>\r\n                                    <li><svg xmlns=\"http:\/\/www.w3.org\/2000\/svg\" width=\"16\" height=\"16\" fill=\"currentColor\" class=\"bi bi-telephone-fill\" viewBox=\"0 0 16 16\">\r\n                                <path fill-rule=\"evenodd\" d=\"M1.885.511a1.745 1.745 0 0 1 2.61.163L6.29 2.98c.329.423.445.974.315 1.494l-.547 2.19a.678.678 0 0 0 .178.643l2.457 2.457a.678.678 0 0 0 .644.178l2.189-.547a1.745 1.745 0 0 1 1.494.315l2.306 1.794c.829.645.905 1.87.163 2.611l-1.034 1.034c-.74.74-1.846 1.065-2.877.702a18.634 18.634 0 0 1-7.01-4.42 18.634 18.634 0 0 1-4.42-7.009c-.362-1.03-.037-2.137.703-2.877L1.885.511z\"\/>\r\n                              <\/svg> <a href=\"tel:+358444916396\">044 491 6396<\/a><\/li><li><svg xmlns=\"http:\/\/www.w3.org\/2000\/svg\" width=\"16\" height=\"16\" fill=\"currentColor\" class=\"bi bi-envelope-fill\" viewBox=\"0 0 16 16\">\r\n                                <path d=\"M.05 3.555A2 2 0 0 1 2 2h12a2 2 0 0 1 1.95 1.555L8 8.414.05 3.555ZM0 4.697v7.104l5.803-3.558L0 4.697ZM6.761 8.83l-6.57 4.027A2 2 0 0 0 2 14h12a2 2 0 0 0 1.808-1.144l-6.57-4.027L8 9.586l-1.239-.757Zm3.436-.586L16 11.801V4.697l-5.803 3.546Z\"\/>\r\n                              <\/svg> <a href=\"mailto:jiri.luojukoski@sykli.fi\">jiri.luojukoski@sykli.fi<\/a><\/li>                                <\/ul>\r\n                            <\/div>\r\n                        <\/div>\r\n                    <\/div>\r\n                <\/div>\r\n    <\/div>","protected":false},"excerpt":{"rendered":"<p>V\u00e4h\u00e4hiilisyyden asiantuntijan koulutusohjelma &#8211; ymp\u00e4rist\u00f6alan erikoisammattitutkinto Suomi t\u00e4ht\u00e4\u00e4 hiilineutraaliuteen vuoteen 2035 menness\u00e4, joten v\u00e4h\u00e4hiilisyyteen liittyv\u00e4ll\u00e4 osaamisella on kova kysynt\u00e4. Syklin [&hellip;]<\/p>\n","protected":false},"author":2,"featured_media":60907,"parent":62044,"menu_order":2,"comment_status":"closed","ping_status":"closed","template":"","meta":{"_acf_changed":false,"footnotes":""},"class_list":["post-62830","page","type-page","status-publish","has-post-thumbnail","hentry"],"acf":[],"_links":{"self":[{"href":"https:\/\/sykli.fi\/demo\/wp-json\/wp\/v2\/pages\/62830","targetHints":{"allow":["GET"]}}],"collection":[{"href":"https:\/\/sykli.fi\/demo\/wp-json\/wp\/v2\/pages"}],"about":[{"href":"https:\/\/sykli.fi\/demo\/wp-json\/wp\/v2\/types\/page"}],"author":[{"embeddable":true,"href":"https:\/\/sykli.fi\/demo\/wp-json\/wp\/v2\/users\/2"}],"replies":[{"embeddable":true,"href":"https:\/\/sykli.fi\/demo\/wp-json\/wp\/v2\/comments?post=62830"}],"version-history":[{"count":10,"href":"https:\/\/sykli.fi\/demo\/wp-json\/wp\/v2\/pages\/62830\/revisions"}],"predecessor-version":[{"id":68589,"href":"https:\/\/sykli.fi\/demo\/wp-json\/wp\/v2\/pages\/62830\/revisions\/68589"}],"up":[{"embeddable":true,"href":"https:\/\/sykli.fi\/demo\/wp-json\/wp\/v2\/pages\/62044"}],"wp:featuredmedia":[{"embeddable":true,"href":"https:\/\/sykli.fi\/demo\/wp-json\/wp\/v2\/media\/60907"}],"wp:attachment":[{"href":"https:\/\/sykli.fi\/demo\/wp-json\/wp\/v2\/media?parent=62830"}],"curies":[{"name":"wp","href":"https:\/\/api.w.org\/{rel}","templated":true}]}}