{"id":62818,"date":"2023-03-28T11:40:49","date_gmt":"2023-03-28T08:40:49","guid":{"rendered":"http:\/\/localhost\/sykli\/?page_id=62818"},"modified":"2026-03-11T15:27:51","modified_gmt":"2026-03-11T13:27:51","slug":"rekrykoulutus","status":"publish","type":"page","link":"https:\/\/sykli.fi\/demo\/hakijalle\/haku-tyovoimakoulutuksiin\/rekrykoulutus\/","title":{"rendered":"RekryKoulutus"},"content":{"rendered":"\r\n<section id=\"hero-block_1cd693cc56797204e97e57f38b5878af\" class=\"hero site-banner section-default default alignfull\">\r\n\r\n    <div class=\"site-banner-bg section-bg-image \" >\r\n\r\n        <img loading=\"lazy\" decoding=\"async\" width=\"1000\" height=\"563\" src=\"https:\/\/sykli.fi\/demo\/wp-content\/uploads\/2023\/06\/shutterstock_1957121446-haku-tyovoimakoul.jpg\" class=\"attachment-1536\u00d71536 size-1536\u00d71536\" alt=\"\" srcset=\"https:\/\/sykli.fi\/demo\/wp-content\/uploads\/2023\/06\/shutterstock_1957121446-haku-tyovoimakoul.jpg 1000w, https:\/\/sykli.fi\/demo\/wp-content\/uploads\/2023\/06\/shutterstock_1957121446-haku-tyovoimakoul-300x169.jpg 300w, https:\/\/sykli.fi\/demo\/wp-content\/uploads\/2023\/06\/shutterstock_1957121446-haku-tyovoimakoul-768x432.jpg 768w\" sizes=\"auto, (max-width: 1000px) 100vw, 1000px\" \/>\r\n        \r\n        \r\n            <div class=\"site-banner-content container\">\r\n                <div class=\"row w-100\">\r\n                    <div class=\"col-md-12\">\r\n                        <div class=\"hero-text-overlay\">\r\n                                                                <h1 class=\"hero-title\">RekryKoulutus<\/h1>\r\n                            <div class=\"inner-content\">\r\n                            <div class=\"acf-innerblocks-container\"><\/div>\r\n                        <\/div>                        <\/div>\r\n                    <\/div>\r\n                <\/div>\r\n            <\/div>\r\n\r\n        <\/section>\n\n\n<p><strong>RekryKoulutus&nbsp;<\/strong>on ty\u00f6voimakoulutusta, jonka tavoitteena on, ett\u00e4 ty\u00f6nhakijat saavat ty\u00f6nantajan tarvitseman ammattitaidon ja ty\u00f6llistyv\u00e4t kyseess\u00e4 olevan ty\u00f6nantajan palvelukseen koulutuksen p\u00e4\u00e4tytty\u00e4. Ohjelma\u202ftoteutetaan yhteisty\u00f6ss\u00e4&nbsp;ty\u00f6voimaviranomaisten, ty\u00f6nantajien ja Syklin kanssa.<\/p>\n\n\n\n<p>Rekrytoivassa koulutusohjelmassa yhdistyy tietopuolinen opetus oppilaitoksessa ja ty\u00f6ss\u00e4oppiminen koulutuksessa mukana olevassa yhteisty\u00f6yrityksess\u00e4. Koulutukset toteutetaan yhteisty\u00f6ss\u00e4&nbsp;sellaisten ty\u00f6nantajien kanssa, joilla on tarve saada lis\u00e4\u00e4 ty\u00f6ntekij\u00f6it\u00e4. Koulutus on osallistujalle maksuton. Koulutuksen ajalta opiskelijalle ei makseta palkkaa, mutta opiskelija on oikeutettu ty\u00f6tt\u00f6myysetuuksiin.<\/p>\n\n\n\n<h3 class=\"wp-block-heading\">Hakuprosessi<\/h3>\n\n\n\n<p>Ty\u00f6nhaku pit\u00e4\u00e4 olla voimassa ennen koulutuksen alkua. Rekrykoulutus on ty\u00f6nantajan kanssa yhdess\u00e4 suunniteltu koulutus, joten haastattelu on osa valintaa.<\/p>\n\n\n\n<p>L\u00f6yd\u00e4t Syklin avoinna olevat RekryKoulutukset ty\u00f6markkinatorilta.<br><a href=\"https:\/\/eur02.safelinks.protection.outlook.com\/?url=https%3A%2F%2Ftyomarkkinatori.fi%2Fhenkiloasiakkaat%2Fkoulutukset-ja-palvelut%3Fq%3Drekrykoulutus%26a%3D01%26m%3D0%26y%3D0%26pa%3D1%26e%3DPK2%26e%3DPK2.1%26e%3DPK2.2%26e%3DPK2.3%26e%3DPK2.4%26e%3DPK7%26e%3DPK7.1%26e%3DPK7.2%26e%3DPK7.3%26e%3DPK7.4%26e%3DPK7.4.1%26e%3DPK7.4.2%26e%3DPK7.4.3%26e%3DPK13%26eo%3D3&amp;data=05%7C02%7C%7C0ed19d20ef2046d35fd108de7f5cb17f%7Cba786a811f15494e8af9b6050456db10%7C0%7C0%7C639088233267864727%7CUnknown%7CTWFpbGZsb3d8eyJFbXB0eU1hcGkiOnRydWUsIlYiOiIwLjAuMDAwMCIsIlAiOiJXaW4zMiIsIkFOIjoiTWFpbCIsIldUIjoyfQ%3D%3D%7C0%7C%7C%7C&amp;sdata=WiwlVxJBloHo1xWze0%2FslTcQIA4bOXWWTV%2Bx%2BcQucbc%3D&amp;reserved=0\">Koulutukset ja palvelut &#8211; Henkil\u00f6asiakkaat &#8211; Ty\u00f6markkinatori<\/a><br>Haku tehd\u00e4\u00e4n rekrykoulutuksen koulutusnumerolla.<\/p>\n\n\n\n<p>Ty\u00f6voimaviranomainen arvioi hakemuksen perusteella\u202ft\u00e4ytt\u00e4\u00e4k\u00f6&nbsp;hakija koulutukselle asetetut p\u00e4\u00e4syvaatimukset\u202fja tekee p\u00e4\u00e4t\u00f6ksen hakuprosessin jatkosta.\u202fHakijan omalla motivaatiolla ja kiinnostuksella on\u202ft\u00e4rke\u00e4&nbsp;rooli koulutusohjelmaan haettaessa.<\/p>\n\n\n\n<p>Seuraavassa vaiheessa Sykli\u202fhaastattelee\u202fhyv\u00e4ksytyt hakijat, ja koordinoi hakijoiden ja ty\u00f6nantajien kohtaamista. Ty\u00f6nantajat haastattelevat sopivat hakijat ja sopimus ty\u00f6jaksosta tehd\u00e4\u00e4n. Tavoitteena on, ett\u00e4 ty\u00f6nantaja solmii ty\u00f6suhteet niiden kanssa, jotka ovat suorittaneet koulutuksen hyv\u00e4ksytysti.<\/p>\n\n\n\n<p>Lis\u00e4tietoja koulutukseen hakeutumisesta ja koulutuksen aikaisista taloudellisista etuuksista saat alueellisten ty\u00f6llisyyspalveluiden puhelinneuvonnasta.<\/p>\n\n\n\n<p><strong>Helsinki<\/strong>&nbsp;+358 9 310 36107 ty\u00f6llisyyspalveluiden puhelinneuvonta<\/p>\n\n\n\n<p><strong>Espoo&nbsp;<\/strong>+358 9 816 94000 ty\u00f6llisyyspalveluiden asiakaspalvelu.<\/p>\n\n\n\n<p><strong>Vantaa<\/strong>&nbsp;+358 9 8395 0120&nbsp;ty\u00f6llisyyspalvelujen puhelinneuvonta.<\/p>\n\n\n\n<p><strong>Muut alueet&nbsp;<\/strong>tarkista aluekohtaisesti.<br><\/p>\n\n\n<h2>Kysy lis\u00e4\u00e4<\/h2>\r\n<div class=\"row\">\r\n                                <div class=\"col-md-6\">\r\n                    <div class=\"staff-box\">\r\n                        <div class=\"row\">\r\n                            <div class=\"col-4\">\r\n                                <img loading=\"lazy\" decoding=\"async\" width=\"150\" height=\"250\" src=\"https:\/\/sykli.fi\/demo\/wp-content\/uploads\/2022\/09\/terhi-liettila-2019-nettisivuille-mv.jpg\" class=\"attachment-post-thumbnail size-post-thumbnail wp-post-image\" alt=\"\" \/>                            <\/div>\r\n                            <div class=\"col-8\">\r\n                                <h3>Terhi Liettil\u00e4<\/h3>\r\n                                Asiantuntija, ratkaisut ja kumppanuudet                                <ul>\r\n                                    <li><svg xmlns=\"http:\/\/www.w3.org\/2000\/svg\" width=\"16\" height=\"16\" fill=\"currentColor\" class=\"bi bi-telephone-fill\" viewBox=\"0 0 16 16\">\r\n                                <path fill-rule=\"evenodd\" d=\"M1.885.511a1.745 1.745 0 0 1 2.61.163L6.29 2.98c.329.423.445.974.315 1.494l-.547 2.19a.678.678 0 0 0 .178.643l2.457 2.457a.678.678 0 0 0 .644.178l2.189-.547a1.745 1.745 0 0 1 1.494.315l2.306 1.794c.829.645.905 1.87.163 2.611l-1.034 1.034c-.74.74-1.846 1.065-2.877.702a18.634 18.634 0 0 1-7.01-4.42 18.634 18.634 0 0 1-4.42-7.009c-.362-1.03-.037-2.137.703-2.877L1.885.511z\"\/>\r\n                              <\/svg> <a href=\"tel:+358469227696\">046 922 7696<\/a><\/li><li><svg xmlns=\"http:\/\/www.w3.org\/2000\/svg\" width=\"16\" height=\"16\" fill=\"currentColor\" class=\"bi bi-envelope-fill\" viewBox=\"0 0 16 16\">\r\n                                <path d=\"M.05 3.555A2 2 0 0 1 2 2h12a2 2 0 0 1 1.95 1.555L8 8.414.05 3.555ZM0 4.697v7.104l5.803-3.558L0 4.697ZM6.761 8.83l-6.57 4.027A2 2 0 0 0 2 14h12a2 2 0 0 0 1.808-1.144l-6.57-4.027L8 9.586l-1.239-.757Zm3.436-.586L16 11.801V4.697l-5.803 3.546Z\"\/>\r\n                              <\/svg> <a href=\"mailto:terhi.liettila@sykli.fi\">terhi.liettila@sykli.fi<\/a><\/li>                                <\/ul>\r\n                            <\/div>\r\n                        <\/div>\r\n                    <\/div>\r\n                <\/div>\r\n    <\/div>","protected":false},"excerpt":{"rendered":"<p>RekryKoulutus&nbsp;on ty\u00f6voimakoulutusta, jonka tavoitteena on, ett\u00e4 ty\u00f6nhakijat saavat ty\u00f6nantajan tarvitseman ammattitaidon ja ty\u00f6llistyv\u00e4t kyseess\u00e4 olevan ty\u00f6nantajan palvelukseen koulutuksen p\u00e4\u00e4tytty\u00e4. Ohjelma\u202ftoteutetaan [&hellip;]<\/p>\n","protected":false},"author":2,"featured_media":64565,"parent":61891,"menu_order":3,"comment_status":"closed","ping_status":"closed","template":"","meta":{"_acf_changed":false,"footnotes":""},"class_list":["post-62818","page","type-page","status-publish","has-post-thumbnail","hentry"],"acf":[],"_links":{"self":[{"href":"https:\/\/sykli.fi\/demo\/wp-json\/wp\/v2\/pages\/62818","targetHints":{"allow":["GET"]}}],"collection":[{"href":"https:\/\/sykli.fi\/demo\/wp-json\/wp\/v2\/pages"}],"about":[{"href":"https:\/\/sykli.fi\/demo\/wp-json\/wp\/v2\/types\/page"}],"author":[{"embeddable":true,"href":"https:\/\/sykli.fi\/demo\/wp-json\/wp\/v2\/users\/2"}],"replies":[{"embeddable":true,"href":"https:\/\/sykli.fi\/demo\/wp-json\/wp\/v2\/comments?post=62818"}],"version-history":[{"count":7,"href":"https:\/\/sykli.fi\/demo\/wp-json\/wp\/v2\/pages\/62818\/revisions"}],"predecessor-version":[{"id":73871,"href":"https:\/\/sykli.fi\/demo\/wp-json\/wp\/v2\/pages\/62818\/revisions\/73871"}],"up":[{"embeddable":true,"href":"https:\/\/sykli.fi\/demo\/wp-json\/wp\/v2\/pages\/61891"}],"wp:featuredmedia":[{"embeddable":true,"href":"https:\/\/sykli.fi\/demo\/wp-json\/wp\/v2\/media\/64565"}],"wp:attachment":[{"href":"https:\/\/sykli.fi\/demo\/wp-json\/wp\/v2\/media?parent=62818"}],"curies":[{"name":"wp","href":"https:\/\/api.w.org\/{rel}","templated":true}]}}