{"id":62815,"date":"2023-03-28T11:39:07","date_gmt":"2023-03-28T08:39:07","guid":{"rendered":"http:\/\/localhost\/sykli\/?page_id=62815"},"modified":"2025-10-06T13:14:07","modified_gmt":"2025-10-06T10:14:07","slug":"tutkintoon-johtavat-tyovoimakoulutukset","status":"publish","type":"page","link":"https:\/\/sykli.fi\/demo\/hakijalle\/haku-tyovoimakoulutuksiin\/tutkintoon-johtavat-tyovoimakoulutukset\/","title":{"rendered":"Tutkintoon johtavat ty\u00f6voimakoulutukset"},"content":{"rendered":"\r\n<section id=\"hero-block_6176f56b652f0fba68dcaabf84276d04\" class=\"hero site-banner section-default default alignfull\">\r\n\r\n    <div class=\"site-banner-bg section-bg-image \" >\r\n\r\n        <img loading=\"lazy\" decoding=\"async\" width=\"1000\" height=\"563\" src=\"https:\/\/sykli.fi\/demo\/wp-content\/uploads\/2023\/06\/shutterstock_1957121446-haku-tyovoimakoul.jpg\" class=\"attachment-1536\u00d71536 size-1536\u00d71536\" alt=\"\" srcset=\"https:\/\/sykli.fi\/demo\/wp-content\/uploads\/2023\/06\/shutterstock_1957121446-haku-tyovoimakoul.jpg 1000w, https:\/\/sykli.fi\/demo\/wp-content\/uploads\/2023\/06\/shutterstock_1957121446-haku-tyovoimakoul-300x169.jpg 300w, https:\/\/sykli.fi\/demo\/wp-content\/uploads\/2023\/06\/shutterstock_1957121446-haku-tyovoimakoul-768x432.jpg 768w\" sizes=\"auto, (max-width: 1000px) 100vw, 1000px\" \/>\r\n        \r\n        \r\n            <div class=\"site-banner-content container\">\r\n                <div class=\"row w-100\">\r\n                    <div class=\"col-md-12\">\r\n                        <div class=\"hero-text-overlay\">\r\n                                                                <h1 class=\"hero-title\">Tutkintoon johtavat ty\u00f6voimakoulutukset<\/h1>\r\n                            <div class=\"inner-content\">\r\n                            <div class=\"acf-innerblocks-container\"><\/div>\r\n                        <\/div>                        <\/div>\r\n                    <\/div>\r\n                <\/div>\r\n            <\/div>\r\n\r\n        <\/section>\n\n\n<h2 class=\"wp-block-heading\">Tutkintoon johtavat ty\u00f6voimakoulutukset Sykliss\u00e4<\/h2>\n\n\n\n<p>Tutkintoon johtavien ty\u00f6voimakoulutusten tavoitteena on ty\u00f6llistymismahdollisuuksien paraneminen. Mahdollisuus ty\u00f6llistymiseen kasvaa, kun hankit uutta osaamista, joka t\u00e4ydent\u00e4\u00e4 entist\u00e4. P\u00e4\u00e4set my\u00f6s luomaan t\u00e4rkeit\u00e4 ty\u00f6el\u00e4m\u00e4n suhteita. Ty\u00f6voimakoulutus on tehokas tapa l\u00f6yt\u00e4\u00e4 tie ty\u00f6el\u00e4m\u00e4\u00e4n, koska se sis\u00e4lt\u00e4\u00e4 asiantuntijatason ty\u00f6jakson yhteisty\u00f6yrityksess\u00e4 \u2013 se on mahdollisuus p\u00e4\u00e4st\u00e4 n\u00e4ytt\u00e4m\u00e4\u00e4n osaamisesi ja potentiaalisi ty\u00f6el\u00e4m\u00e4ss\u00e4.<\/p>\n\n\n\n<p>Sykli j\u00e4rjest\u00e4\u00e4 ty\u00f6voimakoulutusta sek\u00e4 korkeasti koulutetuille, ett\u00e4 k\u00e4yt\u00e4nn\u00f6n ammatteihin suuntautuville. Koulutusohjelmat kest\u00e4v\u00e4t keskim\u00e4\u00e4rin puoli vuotta sis\u00e4lt\u00e4en tutkintoon tai osatutkintoon valmistavaa opiskelua ja ty\u00f6ss\u00e4oppimista koulutussopimusorganisaatiossa. Yhteisty\u00f6yritykset etsit\u00e4\u00e4n yhteisty\u00f6ss\u00e4 Syklin kanssa.<\/p>\n\n\n\n<p>Koulutuksia j\u00e4rjestet\u00e4\u00e4n ymp\u00e4rist\u00f6huollon, vesihuollon, resurssitehokkuuden ja laatu, ymp\u00e4rist\u00f6- ja turvallisuusjohtamisen osaamisaloilla. Koulutuksiin valitaan opiskelijat paikallisten ty\u00f6voimaviranomaisten ja Syklin yhteisty\u00f6n\u00e4.&nbsp;<\/p>\n\n\n\n<p>Koulutus on opiskelijalle maksuton. Koulutuksen ajalta opiskelijalle ei makseta palkkaa, mutta opiskelija on oikeutettu ty\u00f6tt\u00f6myysetuuksiin.&nbsp;<\/p>\n\n\n\n<p><strong>Hakeutuminen<\/strong> <\/p>\n\n\n\n<p>L\u00f6yd\u00e4t Syklin avoinna olevat ty\u00f6voimakoulutukset <a href=\"https:\/\/tyomarkkinatori.fi\/henkiloasiakkaat\/tyovoimakoulutukset?m=0&amp;y=0&amp;pa=1&amp;e=PK7&amp;e=PK7.1&amp;e=PK7.2&amp;e=PK7.3&amp;e=PK7.4&amp;eo=3\">Ty\u00f6markkinatorilta<\/a> hakusanalla Sykli.<\/p>\n\n\n<div class=\"page-linkbox-block alignfull\">\r\n    <div class=\"container\">\r\n        <div class=\"acf-innerblocks-container\">\n\r\n<div class=\"page-linkbox has-turquoise-background-color \">\r\n    <img loading=\"lazy\" decoding=\"async\" width=\"800\" height=\"528\" src=\"https:\/\/sykli.fi\/demo\/wp-content\/uploads\/2023\/04\/shutterstock_668593321-1-sykli-tyonanatajana.jpg\" class=\"attachment-large size-large\" alt=\"\" srcset=\"https:\/\/sykli.fi\/demo\/wp-content\/uploads\/2023\/04\/shutterstock_668593321-1-sykli-tyonanatajana.jpg 1000w, https:\/\/sykli.fi\/demo\/wp-content\/uploads\/2023\/04\/shutterstock_668593321-1-sykli-tyonanatajana-300x198.jpg 300w, https:\/\/sykli.fi\/demo\/wp-content\/uploads\/2023\/04\/shutterstock_668593321-1-sykli-tyonanatajana-768x507.jpg 768w\" sizes=\"auto, (max-width: 800px) 100vw, 800px\" \/>    <a  href=\" https:\/\/sykli.fi\/demo\/hakijalle\/haku-tyovoimakoulutuksiin\/tutkintoon-johtavat-tyovoimakoulutukset\/vastuullisuusjohtaminen-ja-raportointi\/\" >\r\n        <h2>Vastuullisuusjohtaminen ja vastuullisuusraportointi<\/h2>\r\n\r\n        \r\n    <\/a>\r\n\r\n<\/div>\n\n\r\n<div class=\"page-linkbox has-turquoise-background-color \">\r\n    <img loading=\"lazy\" decoding=\"async\" width=\"800\" height=\"534\" src=\"https:\/\/sykli.fi\/demo\/wp-content\/uploads\/2023\/04\/shutterstock_749441887-osaajia-yritykselle-tyovoimakoulutukset.jpg\" class=\"attachment-large size-large\" alt=\"Pisaroita lehdell\u00e4.\" srcset=\"https:\/\/sykli.fi\/demo\/wp-content\/uploads\/2023\/04\/shutterstock_749441887-osaajia-yritykselle-tyovoimakoulutukset.jpg 1000w, https:\/\/sykli.fi\/demo\/wp-content\/uploads\/2023\/04\/shutterstock_749441887-osaajia-yritykselle-tyovoimakoulutukset-300x200.jpg 300w, https:\/\/sykli.fi\/demo\/wp-content\/uploads\/2023\/04\/shutterstock_749441887-osaajia-yritykselle-tyovoimakoulutukset-768x512.jpg 768w\" sizes=\"auto, (max-width: 800px) 100vw, 800px\" \/>    <a  href=\" https:\/\/sykli.fi\/demo\/hakijalle\/haku-tyovoimakoulutuksiin\/tutkintoon-johtavat-tyovoimakoulutukset\/vihrean-siirtyman-projektiasiantuntija\/\" >\r\n        <h2>Vihre\u00e4n siirtym\u00e4n projektiosaaja<\/h2>\r\n\r\n        \r\n    <\/a>\r\n\r\n<\/div>\n\n\r\n<div class=\"page-linkbox has-turquoise-background-color \">\r\n    <img loading=\"lazy\" decoding=\"async\" width=\"800\" height=\"528\" src=\"https:\/\/sykli.fi\/demo\/wp-content\/uploads\/2023\/04\/shutterstock_668593321-1-sykli-tyonanatajana.jpg\" class=\"attachment-large size-large\" alt=\"\" srcset=\"https:\/\/sykli.fi\/demo\/wp-content\/uploads\/2023\/04\/shutterstock_668593321-1-sykli-tyonanatajana.jpg 1000w, https:\/\/sykli.fi\/demo\/wp-content\/uploads\/2023\/04\/shutterstock_668593321-1-sykli-tyonanatajana-300x198.jpg 300w, https:\/\/sykli.fi\/demo\/wp-content\/uploads\/2023\/04\/shutterstock_668593321-1-sykli-tyonanatajana-768x507.jpg 768w\" sizes=\"auto, (max-width: 800px) 100vw, 800px\" \/>    <a  href=\" https:\/\/sykli.fi\/demo\/hakijalle\/haku-tyovoimakoulutuksiin\/tutkintoon-johtavat-tyovoimakoulutukset\/resurssiviisauden-osaaja\/\" >\r\n        <h2>Resurssiviisauden osaaja, Tampere<\/h2>\r\n\r\n        \r\n    <\/a>\r\n\r\n<\/div>\n<\/div>\r\n\r\n    <\/div>\r\n<\/div>\n\n\r\n\r\n    <div class=\"reference-highlight-block\">\r\n                    <h2>Opiskelijatarinoita<\/h2>\r\n        \r\n        <div class=\"row\">\r\n\r\n            \r\n                <div class=\"col-md-4\">\r\n                    <a  href=\"https:\/\/sykli.fi\/demo\/tarinat\/vastuullisuusjohtamisen-osaaja-koulutuksen-kautta-uudelle-uralle-rakennusalan-projektijohtajasta-vastuullisuusasiantuntijaksi\/\" >\r\n                        <div class=\"reference-box\">\r\n\r\n                                                            <p class=\"reference-box-tag\">\r\n                                    <span>Opiskelijatarina<\/span>                                <\/p>\r\n                            \r\n                            <div class=\"reference-box-content\">\r\n                                <h3>Vastuullisuusjohtamisen osaaja -koulutuksen kautta uudelle uralle: rakennusalan projektijohtajasta vastuullisuusasiantuntijaksi<\/h3>\r\n\r\n                                                                    <ul class=\"reference-box-field\">\r\n                                        <li>Tutkintoon johtava ty\u00f6voimakoulutus<\/li><li>Ty\u00f6voimakoulutukset<\/li>                                    <\/ul>\r\n                                \r\n                                <div class=\"reference-box-excerpt\">\r\n                                    Vastuullisuus on yh\u00e4 t\u00e4rke\u00e4mpi osa yritysten ja organisaatioiden toimintaa, ja sen hallinta vaatii asiantuntijuutta. Syklin Vastuullisuusjohtamisen osaaja -koulutus on tutkintoon&hellip;                                <\/div>\r\n                            <\/div>\r\n                        <\/div>\r\n                    <\/a>\r\n                <\/div>\r\n\r\n            \r\n                <div class=\"col-md-4\">\r\n                    <a  href=\"https:\/\/sykli.fi\/demo\/tarinat\/emmi-hanninen-kansainvalisen-politiikan-asiantuntijasta-vastuullisuuden-edistajaksi\/\" >\r\n                        <div class=\"reference-box\">\r\n\r\n                                                            <p class=\"reference-box-tag\">\r\n                                    <span>Opiskelijatarina<\/span>                                <\/p>\r\n                            \r\n                            <div class=\"reference-box-content\">\r\n                                <h3>Emmi H\u00e4nninen &#8211; Kansainv\u00e4lisen politiikan asiantuntijasta vastuullisuuden edist\u00e4j\u00e4ksi<\/h3>\r\n\r\n                                                                    <ul class=\"reference-box-field\">\r\n                                        <li>Tutkintoon johtava ty\u00f6voimakoulutus<\/li>                                    <\/ul>\r\n                                \r\n                                <div class=\"reference-box-excerpt\">\r\n                                    Kokenut kansainv\u00e4lisen politiikan asiantuntija, Emmi H\u00e4nninen, siirtyi vuosikymmenen ty\u00f6uran j\u00e4lkeen yritysvastuun kent\u00e4lle Suomen ymp\u00e4rist\u00f6opisto Syklin Kest\u00e4v\u00e4n kehityksen johtaminen -koulutuksen kautta.&hellip;                                <\/div>\r\n                            <\/div>\r\n                        <\/div>\r\n                    <\/a>\r\n                <\/div>\r\n\r\n            \r\n                <div class=\"col-md-4\">\r\n                    <a  href=\"https:\/\/sykli.fi\/demo\/tarinat\/syklin-ilmastonmuutoksen-osaaja-koulutus-avasi-ovet-innostavaan-tyopaikkaan-vastuullisuuskonsulttina\/\" >\r\n                        <div class=\"reference-box\">\r\n\r\n                                                            <p class=\"reference-box-tag\">\r\n                                    <span>Opiskelijatarina<\/span>                                <\/p>\r\n                            \r\n                            <div class=\"reference-box-content\">\r\n                                <h3>Syklin Ilmastonmuutoksen osaaja -koulutus avasi ovet innostavaan ty\u00f6paikkaan vastuullisuuskonsulttina<\/h3>\r\n\r\n                                                                    <ul class=\"reference-box-field\">\r\n                                        <li>Resurssitehokkuus<\/li><li>Tutkintoon johtava ty\u00f6voimakoulutus<\/li><li>Ty\u00f6voimakoulutukset<\/li>                                    <\/ul>\r\n                                \r\n                                <div class=\"reference-box-excerpt\">\r\n                                    Maija-Leena Tapio suoritti Sykliss\u00e4 Ilmastonmuutoksen osaaja -koulutuksen, joka avasi ovet merkityksellisiin ty\u00f6teht\u00e4viin ilmasto- ja vastuullisuusteemojen parissa. Valmistuttuaan h\u00e4n ty\u00f6llistyi vastuullisuuskonsultiksi&hellip;                                <\/div>\r\n                            <\/div>\r\n                        <\/div>\r\n                    <\/a>\r\n                <\/div>\r\n\r\n            \r\n            <div class=\"wp-container is-content-justification-center wp-block-buttons\">\r\n                <div class=\"wp-block-button\">\r\n                    <a class=\"wp-block-button__link\" href=\"\r\n                                            https:\/\/sykli.fi\/demo\/opiskelija-ja-asiakastarinat\/\">\r\n                                        Lue lis\u00e4\u00e4 tarinoita\r\n                    <\/a>\r\n                <\/div>\r\n            <\/div>\r\n        <\/div>\r\n    <\/div>\r\n\n\n\n<p><\/p>\n","protected":false},"excerpt":{"rendered":"<p>Tutkintoon johtavat ty\u00f6voimakoulutukset Sykliss\u00e4 Tutkintoon johtavien ty\u00f6voimakoulutusten tavoitteena on ty\u00f6llistymismahdollisuuksien paraneminen. Mahdollisuus ty\u00f6llistymiseen kasvaa, kun hankit uutta osaamista, joka t\u00e4ydent\u00e4\u00e4 [&hellip;]<\/p>\n","protected":false},"author":2,"featured_media":64565,"parent":61891,"menu_order":0,"comment_status":"closed","ping_status":"closed","template":"","meta":{"_acf_changed":false,"footnotes":""},"class_list":["post-62815","page","type-page","status-publish","has-post-thumbnail","hentry"],"acf":[],"_links":{"self":[{"href":"https:\/\/sykli.fi\/demo\/wp-json\/wp\/v2\/pages\/62815","targetHints":{"allow":["GET"]}}],"collection":[{"href":"https:\/\/sykli.fi\/demo\/wp-json\/wp\/v2\/pages"}],"about":[{"href":"https:\/\/sykli.fi\/demo\/wp-json\/wp\/v2\/types\/page"}],"author":[{"embeddable":true,"href":"https:\/\/sykli.fi\/demo\/wp-json\/wp\/v2\/users\/2"}],"replies":[{"embeddable":true,"href":"https:\/\/sykli.fi\/demo\/wp-json\/wp\/v2\/comments?post=62815"}],"version-history":[{"count":9,"href":"https:\/\/sykli.fi\/demo\/wp-json\/wp\/v2\/pages\/62815\/revisions"}],"predecessor-version":[{"id":72688,"href":"https:\/\/sykli.fi\/demo\/wp-json\/wp\/v2\/pages\/62815\/revisions\/72688"}],"up":[{"embeddable":true,"href":"https:\/\/sykli.fi\/demo\/wp-json\/wp\/v2\/pages\/61891"}],"wp:featuredmedia":[{"embeddable":true,"href":"https:\/\/sykli.fi\/demo\/wp-json\/wp\/v2\/media\/64565"}],"wp:attachment":[{"href":"https:\/\/sykli.fi\/demo\/wp-json\/wp\/v2\/media?parent=62815"}],"curies":[{"name":"wp","href":"https:\/\/api.w.org\/{rel}","templated":true}]}}