{"id":62812,"date":"2023-03-28T11:36:10","date_gmt":"2023-03-28T08:36:10","guid":{"rendered":"http:\/\/localhost\/sykli\/?page_id=62812"},"modified":"2026-03-17T13:16:27","modified_gmt":"2026-03-17T11:16:27","slug":"keko-koulutukset","status":"publish","type":"page","link":"https:\/\/sykli.fi\/demo\/hakijalle\/haku-tyovoimakoulutuksiin\/keko-koulutukset\/","title":{"rendered":"Kehitt\u00e4miskoulutus KEKO"},"content":{"rendered":"\r\n<section id=\"hero-block_91961bae61f5b09fda5fbe44cc15bb7f\" class=\"hero site-banner section-default default alignfull\">\r\n\r\n    <div class=\"site-banner-bg section-bg-image \" >\r\n\r\n        <img loading=\"lazy\" decoding=\"async\" width=\"1000\" height=\"563\" src=\"https:\/\/sykli.fi\/demo\/wp-content\/uploads\/2023\/06\/shutterstock_1957121446-haku-tyovoimakoul.jpg\" class=\"attachment-1536\u00d71536 size-1536\u00d71536\" alt=\"\" srcset=\"https:\/\/sykli.fi\/demo\/wp-content\/uploads\/2023\/06\/shutterstock_1957121446-haku-tyovoimakoul.jpg 1000w, https:\/\/sykli.fi\/demo\/wp-content\/uploads\/2023\/06\/shutterstock_1957121446-haku-tyovoimakoul-300x169.jpg 300w, https:\/\/sykli.fi\/demo\/wp-content\/uploads\/2023\/06\/shutterstock_1957121446-haku-tyovoimakoul-768x432.jpg 768w\" sizes=\"auto, (max-width: 1000px) 100vw, 1000px\" \/>\r\n        \r\n        \r\n            <div class=\"site-banner-content container\">\r\n                <div class=\"row w-100\">\r\n                    <div class=\"col-md-12\">\r\n                        <div class=\"hero-text-overlay\">\r\n                                                                <h1 class=\"hero-title\">Kehitt\u00e4miskoulutus KEKO<\/h1>\r\n                            <div class=\"inner-content\">\r\n                            <div class=\"acf-innerblocks-container\"><\/div>\r\n                        <\/div>                        <\/div>\r\n                    <\/div>\r\n                <\/div>\r\n            <\/div>\r\n\r\n        <\/section>\n\n\n<h1 class=\"wp-block-heading\">Syklin KEKO -koulutukset<\/h1>\n\n\n\n<p>Kehitt\u00e4miskoulutus KEKO on ty\u00f6voimakoulutusta, jonka tavoitteena on tukea\u202fty\u00f6nhakijan\u202furakehityst\u00e4 ja ty\u00f6llistymist\u00e4.\u202fOhjelma\u202ftoteutetaan yhteisty\u00f6ss\u00e4 ty\u00f6voimaviranomaisten kanssa.\u202f<br><\/p>\n\n\n\n<h2 class=\"wp-block-heading\">KEKO-ohjelmaan hakeutuminen&nbsp;<\/h2>\n\n\n\n<p>Syklin kehitt\u00e4miskoulutuksessa eli KEKO:ssa saat sis\u00e4ll\u00f6llist\u00e4 lis\u00e4koulutusta kest\u00e4v\u00e4st\u00e4 kehityksest\u00e4 ja vihre\u00e4n siirtym\u00e4n eri teemoista. Saat ty\u00f6kaluja asiantuntijaty\u00f6n menestyksekk\u00e4\u00e4seen toteuttamiseen, kuten digitaidot ja viestint\u00e4 sek\u00e4 vahvistat metataitojasi kuten ty\u00f6el\u00e4m\u00e4taidot, ty\u00f6nhakutaidot ja verkostoituminen.&nbsp;<\/p>\n\n\n\n<p>KEKO-koulutus on tehokas tapa l\u00f6yt\u00e4\u00e4 tie ty\u00f6el\u00e4m\u00e4\u00e4n tai uuteen uraan. Se on my\u00f6s mahdollisuus p\u00e4\u00e4st\u00e4 n\u00e4ytt\u00e4m\u00e4\u00e4n osaamisesi ja potentiaalisi ty\u00f6el\u00e4m\u00e4ss\u00e4. Tavoitteena on ty\u00f6llistyminen yhteisty\u00f6yritykseen ty\u00f6jakson p\u00e4\u00e4tteeksi.&nbsp;<\/p>\n\n\n\n<p>T\u00e4ydennyskoulutus on suunnattu korkeasti koulutettujen teknisen, luonnontieteellisen tai kaupallisen taustan omaaville tai vastaavan osaamisen ty\u00f6el\u00e4m\u00e4ss\u00e4 hankkineille, joilla on riitt\u00e4v\u00e4n hyv\u00e4 suomen kielen taito. Sykliss\u00e4 on hyvi\u00e4 kokemuksia my\u00f6s edell\u00e4 mainittujen alojen ulkopuolisista hakijoista, jotka tavoittelevat uran vaihtoa. Monissa ty\u00f6teht\u00e4viss\u00e4 vaaditaan nyky\u00e4\u00e4n monialaisuutta, jolloin henkil\u00f6n tausta muista poikkeavalta alalta voi olla eduksi.&nbsp;&nbsp;<\/p>\n\n\n\n<p>Koulutus on opiskelijalle maksuton. Koulutuksen ajalta opiskelijalle ei makseta palkkaa, mutta opiskelija on oikeutettu ty\u00f6tt\u00f6myysetuuksiin.&nbsp;Huomioithan, ett\u00e4 ty\u00f6nhakusi tulee olla voimassa.<\/p>\n\n\n\n<h3 class=\"wp-block-heading\">Koulutuksen sis\u00e4lt\u00f6&nbsp;<\/h3>\n\n\n\n<p>Koulutus kest\u00e4\u00e4 <em>yleens\u00e4 <\/em>noin kuusi kuukautta (120 arkip\u00e4iv\u00e4\u00e4). Koulutuksen keski\u00f6ss\u00e4 on ty\u00f6ss\u00e4oppiminen, joka tapahtuu yhteisty\u00f6organisaatiossa (noin 100 p\u00e4iv\u00e4\u00e4). Lis\u00e4ksi koulutukseen sis\u00e4ltyy Syklin toteuttama koulutus (noin 20 p\u00e4iv\u00e4\u00e4).&nbsp;&nbsp;<\/p>\n\n\n\n<p><strong>Eri koulutuksissa opitaan esimerkiksi seuraavista teemoista:<\/strong><\/p>\n\n\n\n<ul class=\"wp-block-list\">\n<li>projektin suunnittelusta, toteuttamisesta ja raportoinnista&nbsp;<\/li>\n\n\n\n<li>kiertotaloudesta&nbsp;<\/li>\n\n\n\n<li>data ja digitalisaatiosta&nbsp;<\/li>\n\n\n\n<li>materiaalitehokkuudesta<\/li>\n\n\n\n<li>vastuullisuusviestinn\u00e4st\u00e4&nbsp;<\/li>\n\n\n\n<li>hiilijalanj\u00e4ljest\u00e4 ja p\u00e4\u00e4st\u00f6v\u00e4hennyspolusta&nbsp;<\/li>\n\n\n\n<li>rahoituksesta&nbsp;<\/li>\n\n\n\n<li>kiinteist\u00f6n energiatehokkuudesta<\/li>\n<\/ul>\n\n\n\n<h3 class=\"wp-block-heading\">Miten mukaan koulutukseen?&nbsp;<\/h3>\n\n\n\n<p>Koulutukseen hakeutuminen tapahtuu kahdessa vaiheessa.<\/p>\n\n\n\n<ul class=\"wp-block-list\">\n<li>Koulutuskohtainen haku Syklin Laura -rekrytointij\u00e4rjestelm\u00e4\u00e4n. Sykli\u202fhaastattelee\u202fjatkoon p\u00e4\u00e4sseet\u202fhakijat.<\/li>\n\n\n\n<li>T\u00e4yt\u00e4 my\u00f6s\u202fhakulomake Ty\u00f6markkinatorilla. L\u00f6yd\u00e4t hakulomakkeen ty\u00f6voimapalveluiden nettisivuilta:&nbsp;<a href=\"https:\/\/tyomarkkinatori.fi\/henkiloasiakkaat\/tyovoimakoulutukset?m=0&amp;y=0&amp;pa=1&amp;e=PK7&amp;e=PK7.1&amp;e=PK7.2&amp;e=PK7.3&amp;e=PK7.4&amp;eo=3\" target=\"_blank\" rel=\"noreferrer noopener\">https:\/\/tyomarkkinatori.fi\/<\/a>. Kirjoita\u202fsanahakuun \u201dSykli\u201d.<\/li>\n<\/ul>\n\n\n\n<h3 class=\"wp-block-heading\"><br>Avoinna olevat koulutukset<\/h3>\n\n\n<div class=\"page-linkbox-block alignfull\">\r\n    <div class=\"container\">\r\n        <div class=\"acf-innerblocks-container\">\n\r\n<div class=\"page-linkbox has-turquoise-background-color \">\r\n    <img loading=\"lazy\" decoding=\"async\" width=\"800\" height=\"534\" src=\"https:\/\/sykli.fi\/demo\/wp-content\/uploads\/2023\/04\/shutterstock_74181004.jpg\" class=\"attachment-large size-large\" alt=\"\" srcset=\"https:\/\/sykli.fi\/demo\/wp-content\/uploads\/2023\/04\/shutterstock_74181004.jpg 1000w, https:\/\/sykli.fi\/demo\/wp-content\/uploads\/2023\/04\/shutterstock_74181004-300x200.jpg 300w, https:\/\/sykli.fi\/demo\/wp-content\/uploads\/2023\/04\/shutterstock_74181004-768x512.jpg 768w\" sizes=\"auto, (max-width: 800px) 100vw, 800px\" \/>    <a  href=\" https:\/\/sykli.fi\/demo\/hakijalle\/haku-tyovoimakoulutuksiin\/keko-koulutukset\/vihrean-siirtyman-projektiasiantuntija-keko-2026-oulu\/\" >\r\n        <h2>Vihre\u00e4n siirtym\u00e4n projektiasiantuntija, Oulu<\/h2>\r\n\r\n        \r\n    <\/a>\r\n\r\n<\/div>\n<\/div>\r\n\r\n    <\/div>\r\n<\/div>\n\n<h2>Kysy lis\u00e4\u00e4<\/h2>\r\n<div class=\"row\">\r\n                                <div class=\"col-md-6\">\r\n                    <div class=\"staff-box\">\r\n                        <div class=\"row\">\r\n                            <div class=\"col-4\">\r\n                                <img loading=\"lazy\" decoding=\"async\" width=\"150\" height=\"250\" src=\"https:\/\/sykli.fi\/demo\/wp-content\/uploads\/2022\/09\/terhi-liettila-2019-nettisivuille-mv.jpg\" class=\"attachment-post-thumbnail size-post-thumbnail wp-post-image\" alt=\"\" \/>                            <\/div>\r\n                            <div class=\"col-8\">\r\n                                <h3>Terhi Liettil\u00e4<\/h3>\r\n                                Asiantuntija, ratkaisut ja kumppanuudet                                <ul>\r\n                                    <li><svg xmlns=\"http:\/\/www.w3.org\/2000\/svg\" width=\"16\" height=\"16\" fill=\"currentColor\" class=\"bi bi-telephone-fill\" viewBox=\"0 0 16 16\">\r\n                                <path fill-rule=\"evenodd\" d=\"M1.885.511a1.745 1.745 0 0 1 2.61.163L6.29 2.98c.329.423.445.974.315 1.494l-.547 2.19a.678.678 0 0 0 .178.643l2.457 2.457a.678.678 0 0 0 .644.178l2.189-.547a1.745 1.745 0 0 1 1.494.315l2.306 1.794c.829.645.905 1.87.163 2.611l-1.034 1.034c-.74.74-1.846 1.065-2.877.702a18.634 18.634 0 0 1-7.01-4.42 18.634 18.634 0 0 1-4.42-7.009c-.362-1.03-.037-2.137.703-2.877L1.885.511z\"\/>\r\n                              <\/svg> <a href=\"tel:+358469227696\">046 922 7696<\/a><\/li><li><svg xmlns=\"http:\/\/www.w3.org\/2000\/svg\" width=\"16\" height=\"16\" fill=\"currentColor\" class=\"bi bi-envelope-fill\" viewBox=\"0 0 16 16\">\r\n                                <path d=\"M.05 3.555A2 2 0 0 1 2 2h12a2 2 0 0 1 1.95 1.555L8 8.414.05 3.555ZM0 4.697v7.104l5.803-3.558L0 4.697ZM6.761 8.83l-6.57 4.027A2 2 0 0 0 2 14h12a2 2 0 0 0 1.808-1.144l-6.57-4.027L8 9.586l-1.239-.757Zm3.436-.586L16 11.801V4.697l-5.803 3.546Z\"\/>\r\n                              <\/svg> <a href=\"mailto:terhi.liettila@sykli.fi\">terhi.liettila@sykli.fi<\/a><\/li>                                <\/ul>\r\n                            <\/div>\r\n                        <\/div>\r\n                    <\/div>\r\n                <\/div>\r\n    <\/div>\n\n\r\n\r\n    <div class=\"reference-highlight-block\">\r\n                    <h2>Opiskelijatarinoita<\/h2>\r\n        \r\n        <div class=\"row\">\r\n\r\n            \r\n                <div class=\"col-md-4\">\r\n                    <a  href=\"https:\/\/sykli.fi\/demo\/tarinat\/syklin-keko-koulutus-tarjoaa-tyoelamaan-valmiuksia-vihrean-siirtyman-asiantuntijatehtavissa\/\" >\r\n                        <div class=\"reference-box\">\r\n\r\n                                                            <p class=\"reference-box-tag\">\r\n                                    <span>Opiskelijatarina<\/span>                                <\/p>\r\n                            \r\n                            <div class=\"reference-box-content\">\r\n                                <h3>Syklin KEKO-koulutus tarjoaa ty\u00f6el\u00e4m\u00e4\u00e4n valmiuksia vihre\u00e4n siirtym\u00e4n asiantuntijateht\u00e4viss\u00e4<\/h3>\r\n\r\n                                                                    <ul class=\"reference-box-field\">\r\n                                        <li>KEKO-ohjelma<\/li>                                    <\/ul>\r\n                                \r\n                                <div class=\"reference-box-excerpt\">\r\n                                    Elokuussa 2024 alkoi Syklin KEKO-koulutus Pohjois-Pohjanmaalla, joka keskittyi vihre\u00e4n siirtym\u00e4n projektiasiantuntijateht\u00e4viin. Syklin kehitt\u00e4miskoulutus eli KEKO tarjosi opiskelijoille syv\u00e4llist\u00e4 osaamista kest\u00e4v\u00e4st\u00e4&hellip;                                <\/div>\r\n                            <\/div>\r\n                        <\/div>\r\n                    <\/a>\r\n                <\/div>\r\n\r\n            \r\n                <div class=\"col-md-4\">\r\n                    <a  href=\"https:\/\/sykli.fi\/demo\/tarinat\/vihrea-siirtyma-on-iso-osa-nykypaivaa-tulevaisuutta-ja-tulee-koskettamaan-meita-jokaista\/\" >\r\n                        <div class=\"reference-box\">\r\n\r\n                                                            <p class=\"reference-box-tag\">\r\n                                    <span>Opiskelijatarina<\/span>                                <\/p>\r\n                            \r\n                            <div class=\"reference-box-content\">\r\n                                <h3>&#8221;Vihre\u00e4 siirtym\u00e4 on iso osa nykyp\u00e4iv\u00e4\u00e4, tulevaisuutta ja tulee koskettamaan meit\u00e4 jokaista&#8221;<\/h3>\r\n\r\n                                                                    <ul class=\"reference-box-field\">\r\n                                        <li>KEKO-ohjelma<\/li>                                    <\/ul>\r\n                                \r\n                                <div class=\"reference-box-excerpt\">\r\n                                    &nbsp; Anna Taskinen osallistui Syklin Vihre\u00e4n siirtym\u00e4n projektiasiantuntija -KEKO-koulutukseen, joka tarjoaa sis\u00e4ll\u00f6llist\u00e4 lis\u00e4koulutusta kest\u00e4v\u00e4st\u00e4 kehityksest\u00e4 ja vihre\u00e4n siirtym\u00e4n eri teemoista.&hellip;                                <\/div>\r\n                            <\/div>\r\n                        <\/div>\r\n                    <\/a>\r\n                <\/div>\r\n\r\n            \r\n            <div class=\"wp-container is-content-justification-center wp-block-buttons\">\r\n                <div class=\"wp-block-button\">\r\n                    <a class=\"wp-block-button__link\" href=\"\r\n                                            https:\/\/sykli.fi\/demo\/opiskelija-ja-asiakastarinat\/\">\r\n                                        Lue lis\u00e4\u00e4 tarinoita\r\n                    <\/a>\r\n                <\/div>\r\n            <\/div>\r\n        <\/div>\r\n    <\/div>\r\n","protected":false},"excerpt":{"rendered":"<p>Syklin KEKO -koulutukset Kehitt\u00e4miskoulutus KEKO on ty\u00f6voimakoulutusta, jonka tavoitteena on tukea\u202fty\u00f6nhakijan\u202furakehityst\u00e4 ja ty\u00f6llistymist\u00e4.\u202fOhjelma\u202ftoteutetaan yhteisty\u00f6ss\u00e4 ty\u00f6voimaviranomaisten kanssa.\u202f KEKO-ohjelmaan hakeutuminen&nbsp; Syklin kehitt\u00e4miskoulutuksessa [&hellip;]<\/p>\n","protected":false},"author":2,"featured_media":64565,"parent":61891,"menu_order":1,"comment_status":"closed","ping_status":"closed","template":"","meta":{"_acf_changed":false,"footnotes":""},"class_list":["post-62812","page","type-page","status-publish","has-post-thumbnail","hentry"],"acf":[],"_links":{"self":[{"href":"https:\/\/sykli.fi\/demo\/wp-json\/wp\/v2\/pages\/62812","targetHints":{"allow":["GET"]}}],"collection":[{"href":"https:\/\/sykli.fi\/demo\/wp-json\/wp\/v2\/pages"}],"about":[{"href":"https:\/\/sykli.fi\/demo\/wp-json\/wp\/v2\/types\/page"}],"author":[{"embeddable":true,"href":"https:\/\/sykli.fi\/demo\/wp-json\/wp\/v2\/users\/2"}],"replies":[{"embeddable":true,"href":"https:\/\/sykli.fi\/demo\/wp-json\/wp\/v2\/comments?post=62812"}],"version-history":[{"count":9,"href":"https:\/\/sykli.fi\/demo\/wp-json\/wp\/v2\/pages\/62812\/revisions"}],"predecessor-version":[{"id":73927,"href":"https:\/\/sykli.fi\/demo\/wp-json\/wp\/v2\/pages\/62812\/revisions\/73927"}],"up":[{"embeddable":true,"href":"https:\/\/sykli.fi\/demo\/wp-json\/wp\/v2\/pages\/61891"}],"wp:featuredmedia":[{"embeddable":true,"href":"https:\/\/sykli.fi\/demo\/wp-json\/wp\/v2\/media\/64565"}],"wp:attachment":[{"href":"https:\/\/sykli.fi\/demo\/wp-json\/wp\/v2\/media?parent=62812"}],"curies":[{"name":"wp","href":"https:\/\/api.w.org\/{rel}","templated":true}]}}