{"id":62280,"date":"2022-10-24T08:59:59","date_gmt":"2022-10-24T05:59:59","guid":{"rendered":"http:\/\/localhost\/sykli\/?page_id=62280"},"modified":"2023-04-27T13:32:05","modified_gmt":"2023-04-27T10:32:05","slug":"tutustu-asiakastarinoihin","status":"publish","type":"page","link":"https:\/\/sykli.fi\/demo\/tyoelamalle\/tutustu-asiakastarinoihin\/","title":{"rendered":"Tutustu asiakastarinoihin"},"content":{"rendered":"\n<div class=\"wp-block-query is-layout-flow wp-block-query-is-layout-flow\"><ul class=\"is-flex-container columns-2 wp-block-post-template is-layout-flow wp-block-post-template-is-layout-flow\"><li class=\"wp-block-post post-73013 asiakastarinat type-asiakastarinat status-publish has-post-thumbnail hentry tarinan_tyyppi-asiakastarina\">\n<h2 class=\"wp-block-post-title\"><a href=\"https:\/\/sykli.fi\/demo\/tarinat\/tambest-oy-hiilijalanjalkilaskenta-toi-lisaa-tyokaluja-vastuullisuustyohon\/\" target=\"_self\" >Tambest Oy: hiilijalanj\u00e4lkilaskenta toi lis\u00e4\u00e4 ty\u00f6kaluja vastuullisuusty\u00f6h\u00f6n<\/a><\/h2>\n\n<figure class=\"wp-block-post-featured-image\"><a href=\"https:\/\/sykli.fi\/demo\/tarinat\/tambest-oy-hiilijalanjalkilaskenta-toi-lisaa-tyokaluja-vastuullisuustyohon\/\" target=\"_self\"  ><img loading=\"lazy\" decoding=\"async\" width=\"2560\" height=\"1707\" src=\"https:\/\/sykli.fi\/demo\/wp-content\/uploads\/2025\/11\/shutterstock_2435064269-scaled.jpg\" class=\"attachment-post-thumbnail size-post-thumbnail wp-post-image\" alt=\"Tambest Oy: hiilijalanj\u00e4lkilaskenta toi lis\u00e4\u00e4 ty\u00f6kaluja vastuullisuusty\u00f6h\u00f6n\" style=\"object-fit:cover;\" srcset=\"https:\/\/sykli.fi\/demo\/wp-content\/uploads\/2025\/11\/shutterstock_2435064269-scaled.jpg 2560w, https:\/\/sykli.fi\/demo\/wp-content\/uploads\/2025\/11\/shutterstock_2435064269-300x200.jpg 300w, https:\/\/sykli.fi\/demo\/wp-content\/uploads\/2025\/11\/shutterstock_2435064269-1024x683.jpg 1024w, https:\/\/sykli.fi\/demo\/wp-content\/uploads\/2025\/11\/shutterstock_2435064269-768x512.jpg 768w, https:\/\/sykli.fi\/demo\/wp-content\/uploads\/2025\/11\/shutterstock_2435064269-1536x1024.jpg 1536w, https:\/\/sykli.fi\/demo\/wp-content\/uploads\/2025\/11\/shutterstock_2435064269-2048x1365.jpg 2048w\" sizes=\"auto, (max-width: 2560px) 100vw, 2560px\" \/><\/a><\/figure>\n\n<div class=\"wp-block-post-excerpt\"><p class=\"wp-block-post-excerpt__excerpt\">PIRTE\u00c4\u2013Pk-yritykset v\u00e4h\u00e4hiilisyyden edell\u00e4k\u00e4vij\u00f6iksi -hankkeessa mukana oleva Tambest Oy on suomalainen lasinjalostuksen ammattilainen, joka valmistaa arkkitehtonisia ja turvallisuuslaseja vaativiin k\u00e4ytt\u00f6kohteisiin. Yrityksen<\/p><p class=\"wp-block-post-excerpt__more-text\"><a class=\"wp-block-post-excerpt__more-link\" href=\"https:\/\/sykli.fi\/demo\/tarinat\/tambest-oy-hiilijalanjalkilaskenta-toi-lisaa-tyokaluja-vastuullisuustyohon\/\">Lue lis\u00e4\u00e4<\/a><\/p><\/div>\n<\/li><li class=\"wp-block-post post-72998 asiakastarinat type-asiakastarinat status-publish has-post-thumbnail hentry tarinan_tyyppi-asiakastarina\">\n<h2 class=\"wp-block-post-title\"><a href=\"https:\/\/sykli.fi\/demo\/tarinat\/alpit-nordic-vastuullisuus-on-alusta-lahtien-ollut-luonnollinen-osa-kasvuyrityksen-arkea\/\" target=\"_self\" >Alpit Nordic \u2013 vastuullisuus on alusta l\u00e4htien ollut luonnollinen osa kasvuyrityksen arkea<\/a><\/h2>\n\n<figure class=\"wp-block-post-featured-image\"><a href=\"https:\/\/sykli.fi\/demo\/tarinat\/alpit-nordic-vastuullisuus-on-alusta-lahtien-ollut-luonnollinen-osa-kasvuyrityksen-arkea\/\" target=\"_self\"  ><img loading=\"lazy\" decoding=\"async\" width=\"2560\" height=\"1440\" src=\"https:\/\/sykli.fi\/demo\/wp-content\/uploads\/2025\/11\/shutterstock_2030694479-scaled.jpg\" class=\"attachment-post-thumbnail size-post-thumbnail wp-post-image\" alt=\"Alpit Nordic \u2013 vastuullisuus on alusta l\u00e4htien ollut luonnollinen osa kasvuyrityksen arkea\" style=\"object-fit:cover;\" srcset=\"https:\/\/sykli.fi\/demo\/wp-content\/uploads\/2025\/11\/shutterstock_2030694479-scaled.jpg 2560w, https:\/\/sykli.fi\/demo\/wp-content\/uploads\/2025\/11\/shutterstock_2030694479-300x169.jpg 300w, https:\/\/sykli.fi\/demo\/wp-content\/uploads\/2025\/11\/shutterstock_2030694479-1024x576.jpg 1024w, https:\/\/sykli.fi\/demo\/wp-content\/uploads\/2025\/11\/shutterstock_2030694479-768x432.jpg 768w, https:\/\/sykli.fi\/demo\/wp-content\/uploads\/2025\/11\/shutterstock_2030694479-1536x864.jpg 1536w, https:\/\/sykli.fi\/demo\/wp-content\/uploads\/2025\/11\/shutterstock_2030694479-2048x1152.jpg 2048w\" sizes=\"auto, (max-width: 2560px) 100vw, 2560px\" \/><\/a><\/figure>\n\n<div class=\"wp-block-post-excerpt\"><p class=\"wp-block-post-excerpt__excerpt\">Alpit Nordic on IT-asiantuntijayritys, joka toteuttaa laajoja kokonaisuuksia julkisella sektorilla ja toimii IT-laitteiden, -palveluiden ja -asiantuntijuuden kumppanina erikokoisille yksityisen sektorin<\/p><p class=\"wp-block-post-excerpt__more-text\"><a class=\"wp-block-post-excerpt__more-link\" href=\"https:\/\/sykli.fi\/demo\/tarinat\/alpit-nordic-vastuullisuus-on-alusta-lahtien-ollut-luonnollinen-osa-kasvuyrityksen-arkea\/\">Lue lis\u00e4\u00e4<\/a><\/p><\/div>\n<\/li><li class=\"wp-block-post post-72861 asiakastarinat type-asiakastarinat status-publish has-post-thumbnail hentry koulutusala-ammattilaisen-kadenjalki tarinan_tyyppi-asiakastarina\">\n<h2 class=\"wp-block-post-title\"><a href=\"https:\/\/sykli.fi\/demo\/tarinat\/saimaan-tukipalvelut-kehittaa-henkilostonsa-kestavyysosaamista-syklin-ammattilaisen-kadenjalki-verkkokursseilla\/\" target=\"_self\" >Saimaan Tukipalvelut kehitt\u00e4\u00e4 henkil\u00f6st\u00f6ns\u00e4 kest\u00e4vyysosaamista Syklin Ammattilaisen k\u00e4denj\u00e4lki -verkkokursseilla<\/a><\/h2>\n\n<figure class=\"wp-block-post-featured-image\"><a href=\"https:\/\/sykli.fi\/demo\/tarinat\/saimaan-tukipalvelut-kehittaa-henkilostonsa-kestavyysosaamista-syklin-ammattilaisen-kadenjalki-verkkokursseilla\/\" target=\"_self\"  ><img loading=\"lazy\" decoding=\"async\" width=\"2560\" height=\"1708\" src=\"https:\/\/sykli.fi\/demo\/wp-content\/uploads\/2025\/10\/Saimaan-Tukipalvelut-kuva-398A5931-scaled.jpg\" class=\"attachment-post-thumbnail size-post-thumbnail wp-post-image\" alt=\"Saimaan Tukipalvelut kehitt\u00e4\u00e4 henkil\u00f6st\u00f6ns\u00e4 kest\u00e4vyysosaamista Syklin Ammattilaisen k\u00e4denj\u00e4lki -verkkokursseilla\" style=\"object-fit:cover;\" srcset=\"https:\/\/sykli.fi\/demo\/wp-content\/uploads\/2025\/10\/Saimaan-Tukipalvelut-kuva-398A5931-scaled.jpg 2560w, https:\/\/sykli.fi\/demo\/wp-content\/uploads\/2025\/10\/Saimaan-Tukipalvelut-kuva-398A5931-300x200.jpg 300w, https:\/\/sykli.fi\/demo\/wp-content\/uploads\/2025\/10\/Saimaan-Tukipalvelut-kuva-398A5931-1024x683.jpg 1024w, https:\/\/sykli.fi\/demo\/wp-content\/uploads\/2025\/10\/Saimaan-Tukipalvelut-kuva-398A5931-768x512.jpg 768w, https:\/\/sykli.fi\/demo\/wp-content\/uploads\/2025\/10\/Saimaan-Tukipalvelut-kuva-398A5931-1536x1025.jpg 1536w, https:\/\/sykli.fi\/demo\/wp-content\/uploads\/2025\/10\/Saimaan-Tukipalvelut-kuva-398A5931-2048x1366.jpg 2048w\" sizes=\"auto, (max-width: 2560px) 100vw, 2560px\" \/><\/a><\/figure>\n\n<div class=\"wp-block-post-excerpt\"><p class=\"wp-block-post-excerpt__excerpt\">Kuva: Saimaan Tukipalvelut Oy Saimaan Tukipalvelut&nbsp;on ottanut t\u00e4rke\u00e4n askeleen henkil\u00f6st\u00f6ns\u00e4 kest\u00e4vyysosaamisen kehitt\u00e4misess\u00e4. Yhti\u00f6 on kouluttanut ty\u00f6ntekij\u00f6it\u00e4\u00e4n Syklin&nbsp;Ammattilaisen k\u00e4denj\u00e4lki\u2122&nbsp;-verkkokurssialustalla varmistaakseen kest\u00e4v\u00e4t,<\/p><p class=\"wp-block-post-excerpt__more-text\"><a class=\"wp-block-post-excerpt__more-link\" href=\"https:\/\/sykli.fi\/demo\/tarinat\/saimaan-tukipalvelut-kehittaa-henkilostonsa-kestavyysosaamista-syklin-ammattilaisen-kadenjalki-verkkokursseilla\/\">Lue lis\u00e4\u00e4<\/a><\/p><\/div>\n<\/li><li class=\"wp-block-post post-70075 asiakastarinat type-asiakastarinat status-publish has-post-thumbnail hentry tarinan_tyyppi-asiakastarina\">\n<h2 class=\"wp-block-post-title\"><a href=\"https:\/\/sykli.fi\/demo\/tarinat\/syklin-asiantuntijat-vahvistamassa-tampereen-varhaiskasvatuksen-ulkona-opettamisen-toimintakulttuuria\/\" target=\"_self\" >Syklin asiantuntijat vahvistamassa Tampereen varhaiskasvatuksen ulkona opettamisen toimintakulttuuria<\/a><\/h2>\n\n<figure class=\"wp-block-post-featured-image\"><a href=\"https:\/\/sykli.fi\/demo\/tarinat\/syklin-asiantuntijat-vahvistamassa-tampereen-varhaiskasvatuksen-ulkona-opettamisen-toimintakulttuuria\/\" target=\"_self\"  ><img loading=\"lazy\" decoding=\"async\" width=\"2048\" height=\"1365\" src=\"https:\/\/sykli.fi\/demo\/wp-content\/uploads\/2024\/03\/Sykli-92.jpg\" class=\"attachment-post-thumbnail size-post-thumbnail wp-post-image\" alt=\"Syklin asiantuntijat vahvistamassa Tampereen varhaiskasvatuksen ulkona opettamisen toimintakulttuuria\" style=\"object-fit:cover;\" srcset=\"https:\/\/sykli.fi\/demo\/wp-content\/uploads\/2024\/03\/Sykli-92.jpg 2048w, https:\/\/sykli.fi\/demo\/wp-content\/uploads\/2024\/03\/Sykli-92-300x200.jpg 300w, https:\/\/sykli.fi\/demo\/wp-content\/uploads\/2024\/03\/Sykli-92-1024x683.jpg 1024w, https:\/\/sykli.fi\/demo\/wp-content\/uploads\/2024\/03\/Sykli-92-768x512.jpg 768w, https:\/\/sykli.fi\/demo\/wp-content\/uploads\/2024\/03\/Sykli-92-1536x1024.jpg 1536w\" sizes=\"auto, (max-width: 2048px) 100vw, 2048px\" \/><\/a><\/figure>\n\n<div class=\"wp-block-post-excerpt\"><p class=\"wp-block-post-excerpt__excerpt\">Suomen ymp\u00e4rist\u00f6opisto SYKLI oli mukana kehitt\u00e4m\u00e4ss\u00e4 ja vahvistamassa Tampereen varhaiskasvatuksen ulkona opettamisen toimintakulttuuria. Viisi Tampereella sijaitsevaa p\u00e4iv\u00e4kotia asettivat tavoitteensa vuodelle<\/p><p class=\"wp-block-post-excerpt__more-text\"><a class=\"wp-block-post-excerpt__more-link\" href=\"https:\/\/sykli.fi\/demo\/tarinat\/syklin-asiantuntijat-vahvistamassa-tampereen-varhaiskasvatuksen-ulkona-opettamisen-toimintakulttuuria\/\">Lue lis\u00e4\u00e4<\/a><\/p><\/div>\n<\/li><li class=\"wp-block-post post-69259 asiakastarinat type-asiakastarinat status-publish has-post-thumbnail hentry tarinan_tyyppi-asiakastarina\">\n<h2 class=\"wp-block-post-title\"><a href=\"https:\/\/sykli.fi\/demo\/tarinat\/lisakasia-vastuullisuustyohon-tyovoimakoulutuksen-avulla\/\" target=\"_self\" >Lis\u00e4k\u00e4si\u00e4 vastuullisuusty\u00f6h\u00f6n ty\u00f6voimakoulutuksen avulla<\/a><\/h2>\n\n<figure class=\"wp-block-post-featured-image\"><a href=\"https:\/\/sykli.fi\/demo\/tarinat\/lisakasia-vastuullisuustyohon-tyovoimakoulutuksen-avulla\/\" target=\"_self\"  ><img loading=\"lazy\" decoding=\"async\" width=\"1200\" height=\"630\" src=\"https:\/\/sykli.fi\/demo\/wp-content\/uploads\/2024\/09\/Islet-Group-asiakastarina.png\" class=\"attachment-post-thumbnail size-post-thumbnail wp-post-image\" alt=\"Lis\u00e4k\u00e4si\u00e4 vastuullisuusty\u00f6h\u00f6n ty\u00f6voimakoulutuksen avulla\" style=\"object-fit:cover;\" srcset=\"https:\/\/sykli.fi\/demo\/wp-content\/uploads\/2024\/09\/Islet-Group-asiakastarina.png 1200w, https:\/\/sykli.fi\/demo\/wp-content\/uploads\/2024\/09\/Islet-Group-asiakastarina-300x158.png 300w, https:\/\/sykli.fi\/demo\/wp-content\/uploads\/2024\/09\/Islet-Group-asiakastarina-1024x538.png 1024w, https:\/\/sykli.fi\/demo\/wp-content\/uploads\/2024\/09\/Islet-Group-asiakastarina-768x403.png 768w\" sizes=\"auto, (max-width: 1200px) 100vw, 1200px\" \/><\/a><\/figure>\n\n<div class=\"wp-block-post-excerpt\"><p class=\"wp-block-post-excerpt__excerpt\">Islet Group l\u00f6ysi kaivattuja lis\u00e4k\u00e4si\u00e4 vastuullisuusty\u00f6h\u00f6n Syklin Kest\u00e4v\u00e4n kehityksen johtaminen -ty\u00f6voimakoulutuksen kautta. Hy\u00f6ty oli molemminpuolinen. Koulutukseen osallistunut Marika sai konkreettista<\/p><p class=\"wp-block-post-excerpt__more-text\"><a class=\"wp-block-post-excerpt__more-link\" href=\"https:\/\/sykli.fi\/demo\/tarinat\/lisakasia-vastuullisuustyohon-tyovoimakoulutuksen-avulla\/\">Lue lis\u00e4\u00e4<\/a><\/p><\/div>\n<\/li><li class=\"wp-block-post post-66067 asiakastarinat type-asiakastarinat status-publish has-post-thumbnail hentry koulutusala-ammatillinen-koulutus tarinan_tyyppi-asiakastarina\">\n<h2 class=\"wp-block-post-title\"><a href=\"https:\/\/sykli.fi\/demo\/tarinat\/kestavaa-tyoelamaosaamista-kehittamassa-rastor-instituutti-suomen-ymparistoopisto-sykli\/\" target=\"_self\" >Kest\u00e4v\u00e4\u00e4 ty\u00f6el\u00e4m\u00e4osaamista kehitt\u00e4m\u00e4ss\u00e4: Rastor-instituutti &#038; Suomen ymp\u00e4rist\u00f6opisto Sykli<\/a><\/h2>\n\n<figure class=\"wp-block-post-featured-image\"><a href=\"https:\/\/sykli.fi\/demo\/tarinat\/kestavaa-tyoelamaosaamista-kehittamassa-rastor-instituutti-suomen-ymparistoopisto-sykli\/\" target=\"_self\"  ><img loading=\"lazy\" decoding=\"async\" width=\"2560\" height=\"1280\" src=\"https:\/\/sykli.fi\/demo\/wp-content\/uploads\/2024\/01\/Kestavaa-kehitysta-yhteistyolla-scaled.jpg\" class=\"attachment-post-thumbnail size-post-thumbnail wp-post-image\" alt=\"Kest\u00e4v\u00e4\u00e4 ty\u00f6el\u00e4m\u00e4osaamista kehitt\u00e4m\u00e4ss\u00e4: Rastor-instituutti &#038; Suomen ymp\u00e4rist\u00f6opisto Sykli\" style=\"object-fit:cover;\" srcset=\"https:\/\/sykli.fi\/demo\/wp-content\/uploads\/2024\/01\/Kestavaa-kehitysta-yhteistyolla-scaled.jpg 2560w, https:\/\/sykli.fi\/demo\/wp-content\/uploads\/2024\/01\/Kestavaa-kehitysta-yhteistyolla-300x150.jpg 300w, https:\/\/sykli.fi\/demo\/wp-content\/uploads\/2024\/01\/Kestavaa-kehitysta-yhteistyolla-1024x512.jpg 1024w, https:\/\/sykli.fi\/demo\/wp-content\/uploads\/2024\/01\/Kestavaa-kehitysta-yhteistyolla-768x384.jpg 768w, https:\/\/sykli.fi\/demo\/wp-content\/uploads\/2024\/01\/Kestavaa-kehitysta-yhteistyolla-1536x768.jpg 1536w, https:\/\/sykli.fi\/demo\/wp-content\/uploads\/2024\/01\/Kestavaa-kehitysta-yhteistyolla-2048x1024.jpg 2048w\" sizes=\"auto, (max-width: 2560px) 100vw, 2560px\" \/><\/a><\/figure>\n\n<div class=\"wp-block-post-excerpt\"><p class=\"wp-block-post-excerpt__excerpt\">Rastor-instituutti kehitti Ilmastovastuullinen toiminta -tutkinnon osaan liittyv\u00e4t kurssit yhteisty\u00f6ss\u00e4 Suomen ymp\u00e4rist\u00f6opisto Syklin kanssa. Ilmastovastuullinen toiminta \u2013tutkinnon osa tuli mukaan kaikkiin<\/p><p class=\"wp-block-post-excerpt__more-text\"><a class=\"wp-block-post-excerpt__more-link\" href=\"https:\/\/sykli.fi\/demo\/tarinat\/kestavaa-tyoelamaosaamista-kehittamassa-rastor-instituutti-suomen-ymparistoopisto-sykli\/\">Lue lis\u00e4\u00e4<\/a><\/p><\/div>\n<\/li><li class=\"wp-block-post post-64465 asiakastarinat type-asiakastarinat status-publish has-post-thumbnail hentry koulutusala-ammatillinen-koulutus tarinan_tyyppi-asiakastarina\">\n<h2 class=\"wp-block-post-title\"><a href=\"https:\/\/sykli.fi\/demo\/tarinat\/ammattilaisen-kadenjalki-verkkokurssit-tukevat-sakkyn-kestavan-kehityksen-strategiaa\/\" target=\"_self\" >Ammattilaisen k\u00e4denj\u00e4lki -verkkokurssit tukevat SAKKYn kest\u00e4v\u00e4n kehityksen strategiaa<\/a><\/h2>\n\n<figure class=\"wp-block-post-featured-image\"><a href=\"https:\/\/sykli.fi\/demo\/tarinat\/ammattilaisen-kadenjalki-verkkokurssit-tukevat-sakkyn-kestavan-kehityksen-strategiaa\/\" target=\"_self\"  ><img loading=\"lazy\" decoding=\"async\" width=\"2560\" height=\"1649\" src=\"https:\/\/sykli.fi\/demo\/wp-content\/uploads\/2023\/06\/kristiina-ja-paivi-virtaharju-scaled.jpg\" class=\"attachment-post-thumbnail size-post-thumbnail wp-post-image\" alt=\"Ammattilaisen k\u00e4denj\u00e4lki -verkkokurssit tukevat SAKKYn kest\u00e4v\u00e4n kehityksen strategiaa\" style=\"object-fit:cover;\" srcset=\"https:\/\/sykli.fi\/demo\/wp-content\/uploads\/2023\/06\/kristiina-ja-paivi-virtaharju-scaled.jpg 2560w, https:\/\/sykli.fi\/demo\/wp-content\/uploads\/2023\/06\/kristiina-ja-paivi-virtaharju-300x193.jpg 300w, https:\/\/sykli.fi\/demo\/wp-content\/uploads\/2023\/06\/kristiina-ja-paivi-virtaharju-1024x660.jpg 1024w, https:\/\/sykli.fi\/demo\/wp-content\/uploads\/2023\/06\/kristiina-ja-paivi-virtaharju-768x495.jpg 768w, https:\/\/sykli.fi\/demo\/wp-content\/uploads\/2023\/06\/kristiina-ja-paivi-virtaharju-1536x990.jpg 1536w, https:\/\/sykli.fi\/demo\/wp-content\/uploads\/2023\/06\/kristiina-ja-paivi-virtaharju-2048x1319.jpg 2048w\" sizes=\"auto, (max-width: 2560px) 100vw, 2560px\" \/><\/a><\/figure>\n\n<div class=\"wp-block-post-excerpt\"><p class=\"wp-block-post-excerpt__excerpt\">Savon koulutuskuntayhtym\u00e4 SAKKY on ollut Ammattilaisen k\u00e4denj\u00e4ljen oppilaitosasiakas syyskuusta 2022 l\u00e4htien. SAKKY on yksi suurimpia monialaisia ammatillisen koulutuksen j\u00e4rjest\u00e4ji\u00e4 Suomessa<\/p><p class=\"wp-block-post-excerpt__more-text\"><a class=\"wp-block-post-excerpt__more-link\" href=\"https:\/\/sykli.fi\/demo\/tarinat\/ammattilaisen-kadenjalki-verkkokurssit-tukevat-sakkyn-kestavan-kehityksen-strategiaa\/\">Lue lis\u00e4\u00e4<\/a><\/p><\/div>\n<\/li><li class=\"wp-block-post post-61685 asiakastarinat type-asiakastarinat status-publish has-post-thumbnail hentry koulutusala-fec-koulutukset koulutusala-osaajia-yritykselle koulutusala-tyovoimakoulutukset tarinan_tyyppi-asiakastarina tarinan_tyyppi-opiskelijatarina\">\n<h2 class=\"wp-block-post-title\"><a href=\"https:\/\/sykli.fi\/demo\/tarinat\/lue-koulutusohjelmamme-mentorin-kokemus-f-e-c-koulutusohjelmasta\/\" target=\"_self\" >Lue koulutusohjelmamme mentorin kokemus F.E.C -koulutusohjelmasta<\/a><\/h2>\n\n<figure class=\"wp-block-post-featured-image\"><a href=\"https:\/\/sykli.fi\/demo\/tarinat\/lue-koulutusohjelmamme-mentorin-kokemus-f-e-c-koulutusohjelmasta\/\" target=\"_self\"  ><img loading=\"lazy\" decoding=\"async\" width=\"1000\" height=\"667\" src=\"https:\/\/sykli.fi\/demo\/wp-content\/uploads\/2023\/04\/shutterstock_736740664-kumppanuus.jpg\" class=\"attachment-post-thumbnail size-post-thumbnail wp-post-image\" alt=\"Lue koulutusohjelmamme mentorin kokemus F.E.C -koulutusohjelmasta\" style=\"object-fit:cover;\" srcset=\"https:\/\/sykli.fi\/demo\/wp-content\/uploads\/2023\/04\/shutterstock_736740664-kumppanuus.jpg 1000w, https:\/\/sykli.fi\/demo\/wp-content\/uploads\/2023\/04\/shutterstock_736740664-kumppanuus-300x200.jpg 300w, https:\/\/sykli.fi\/demo\/wp-content\/uploads\/2023\/04\/shutterstock_736740664-kumppanuus-768x512.jpg 768w\" sizes=\"auto, (max-width: 1000px) 100vw, 1000px\" \/><\/a><\/figure>\n\n<div class=\"wp-block-post-excerpt\"><p class=\"wp-block-post-excerpt__excerpt\">F.E.C -koulutusharjoittelija voi tuoda taloon osaamista, jota ei olla osattu viel\u00e4 kaivatakaan Projektip\u00e4\u00e4llikk\u00f6&nbsp;Anu Arolaakso&nbsp;kertoo seuraavassa jutussa kokemuksia siit\u00e4, mit\u00e4 Syklin<\/p><p class=\"wp-block-post-excerpt__more-text\"><a class=\"wp-block-post-excerpt__more-link\" href=\"https:\/\/sykli.fi\/demo\/tarinat\/lue-koulutusohjelmamme-mentorin-kokemus-f-e-c-koulutusohjelmasta\/\">Lue lis\u00e4\u00e4<\/a><\/p><\/div>\n<\/li><li class=\"wp-block-post post-61683 asiakastarinat type-asiakastarinat status-publish has-post-thumbnail hentry koulutusala-fec-koulutukset koulutusala-tyovoimakoulutukset tarinan_tyyppi-asiakastarina tarinan_tyyppi-opiskelijatarina\">\n<h2 class=\"wp-block-post-title\"><a href=\"https:\/\/sykli.fi\/demo\/tarinat\/yritysten-ja-opiskelijoiden-kokemuksia-tyovoimakoulutuksista-2\/\" target=\"_self\" >Yritysten ja opiskelijoiden kokemuksia ty\u00f6voimakoulutuksista<\/a><\/h2>\n\n<figure class=\"wp-block-post-featured-image\"><a href=\"https:\/\/sykli.fi\/demo\/tarinat\/yritysten-ja-opiskelijoiden-kokemuksia-tyovoimakoulutuksista-2\/\" target=\"_self\"  ><img loading=\"lazy\" decoding=\"async\" width=\"1000\" height=\"667\" src=\"https:\/\/sykli.fi\/demo\/wp-content\/uploads\/2023\/04\/shutterstock_770131126-ohjeet-tyovoimakoulutus-os.jpg\" class=\"attachment-post-thumbnail size-post-thumbnail wp-post-image\" alt=\"Yritysten ja opiskelijoiden kokemuksia ty\u00f6voimakoulutuksista\" style=\"object-fit:cover;\" srcset=\"https:\/\/sykli.fi\/demo\/wp-content\/uploads\/2023\/04\/shutterstock_770131126-ohjeet-tyovoimakoulutus-os.jpg 1000w, https:\/\/sykli.fi\/demo\/wp-content\/uploads\/2023\/04\/shutterstock_770131126-ohjeet-tyovoimakoulutus-os-300x200.jpg 300w, https:\/\/sykli.fi\/demo\/wp-content\/uploads\/2023\/04\/shutterstock_770131126-ohjeet-tyovoimakoulutus-os-768x512.jpg 768w\" sizes=\"auto, (max-width: 1000px) 100vw, 1000px\" \/><\/a><\/figure>\n\n<div class=\"wp-block-post-excerpt\"><p class=\"wp-block-post-excerpt__excerpt\">Syklin Yritys\u2013 ja urapalvelut j\u00e4rjest\u00e4\u00e4 ty\u00f6voimakoulutuksia ja -valmennuksia, kuten tutkintoon valmistavia koulutuksia ja F.E.C (Further Educated with Companies) -ohjelman koulutuksia,<\/p><p class=\"wp-block-post-excerpt__more-text\"><a class=\"wp-block-post-excerpt__more-link\" href=\"https:\/\/sykli.fi\/demo\/tarinat\/yritysten-ja-opiskelijoiden-kokemuksia-tyovoimakoulutuksista-2\/\">Lue lis\u00e4\u00e4<\/a><\/p><\/div>\n<\/li><\/ul>\n\n\n\n<\/div>\n","protected":false},"excerpt":{"rendered":"","protected":false},"author":1,"featured_media":60907,"parent":43,"menu_order":55,"comment_status":"closed","ping_status":"closed","template":"","meta":{"_acf_changed":false,"footnotes":""},"class_list":["post-62280","page","type-page","status-publish","has-post-thumbnail","hentry"],"acf":[],"_links":{"self":[{"href":"https:\/\/sykli.fi\/demo\/wp-json\/wp\/v2\/pages\/62280","targetHints":{"allow":["GET"]}}],"collection":[{"href":"https:\/\/sykli.fi\/demo\/wp-json\/wp\/v2\/pages"}],"about":[{"href":"https:\/\/sykli.fi\/demo\/wp-json\/wp\/v2\/types\/page"}],"author":[{"embeddable":true,"href":"https:\/\/sykli.fi\/demo\/wp-json\/wp\/v2\/users\/1"}],"replies":[{"embeddable":true,"href":"https:\/\/sykli.fi\/demo\/wp-json\/wp\/v2\/comments?post=62280"}],"version-history":[{"count":0,"href":"https:\/\/sykli.fi\/demo\/wp-json\/wp\/v2\/pages\/62280\/revisions"}],"up":[{"embeddable":true,"href":"https:\/\/sykli.fi\/demo\/wp-json\/wp\/v2\/pages\/43"}],"wp:featuredmedia":[{"embeddable":true,"href":"https:\/\/sykli.fi\/demo\/wp-json\/wp\/v2\/media\/60907"}],"wp:attachment":[{"href":"https:\/\/sykli.fi\/demo\/wp-json\/wp\/v2\/media?parent=62280"}],"curies":[{"name":"wp","href":"https:\/\/api.w.org\/{rel}","templated":true}]}}