{"id":62274,"date":"2022-10-24T08:51:47","date_gmt":"2022-10-24T05:51:47","guid":{"rendered":"http:\/\/localhost\/sykli\/?page_id=62274"},"modified":"2023-04-28T13:40:23","modified_gmt":"2023-04-28T10:40:23","slug":"tutustu-opiskelijatarinoihin","status":"publish","type":"page","link":"https:\/\/sykli.fi\/demo\/hakijalle\/tutustu-opiskelijatarinoihin\/","title":{"rendered":"Tutustu opiskelijatarinoihin"},"content":{"rendered":"\n<div class=\"wp-block-query is-layout-flow wp-block-query-is-layout-flow\"><ul class=\"is-flex-container columns-2 wp-block-post-template is-layout-flow wp-block-post-template-is-layout-flow\"><li class=\"wp-block-post post-70374 asiakastarinat type-asiakastarinat status-publish has-post-thumbnail hentry koulutusala-tutkintoon-johtava-tyovoimakoulutus koulutusala-tyovoimakoulutukset tarinan_tyyppi-opiskelijatarina\">\n<h2 class=\"wp-block-post-title\"><a href=\"https:\/\/sykli.fi\/demo\/tarinat\/vastuullisuusjohtamisen-osaaja-koulutuksen-kautta-uudelle-uralle-rakennusalan-projektijohtajasta-vastuullisuusasiantuntijaksi\/\" target=\"_self\" >Vastuullisuusjohtamisen osaaja -koulutuksen kautta uudelle uralle: rakennusalan projektijohtajasta vastuullisuusasiantuntijaksi<\/a><\/h2>\n\n<figure class=\"wp-block-post-featured-image\"><a href=\"https:\/\/sykli.fi\/demo\/tarinat\/vastuullisuusjohtamisen-osaaja-koulutuksen-kautta-uudelle-uralle-rakennusalan-projektijohtajasta-vastuullisuusasiantuntijaksi\/\" target=\"_self\"  ><img loading=\"lazy\" decoding=\"async\" width=\"1200\" height=\"630\" src=\"https:\/\/sykli.fi\/demo\/wp-content\/uploads\/2025\/02\/Opiskelijatarina-Kimmo-Manninen-banneri.png\" class=\"attachment-post-thumbnail size-post-thumbnail wp-post-image\" alt=\"Vastuullisuusjohtamisen osaaja -koulutuksen kautta uudelle uralle: rakennusalan projektijohtajasta vastuullisuusasiantuntijaksi\" style=\"object-fit:cover;\" srcset=\"https:\/\/sykli.fi\/demo\/wp-content\/uploads\/2025\/02\/Opiskelijatarina-Kimmo-Manninen-banneri.png 1200w, https:\/\/sykli.fi\/demo\/wp-content\/uploads\/2025\/02\/Opiskelijatarina-Kimmo-Manninen-banneri-300x158.png 300w, https:\/\/sykli.fi\/demo\/wp-content\/uploads\/2025\/02\/Opiskelijatarina-Kimmo-Manninen-banneri-1024x538.png 1024w, https:\/\/sykli.fi\/demo\/wp-content\/uploads\/2025\/02\/Opiskelijatarina-Kimmo-Manninen-banneri-768x403.png 768w\" sizes=\"auto, (max-width: 1200px) 100vw, 1200px\" \/><\/a><\/figure>\n\n<div class=\"wp-block-post-excerpt\"><p class=\"wp-block-post-excerpt__excerpt\">Vastuullisuus on yh\u00e4 t\u00e4rke\u00e4mpi osa yritysten ja organisaatioiden toimintaa, ja sen hallinta vaatii asiantuntijuutta. Syklin Vastuullisuusjohtamisen osaaja -koulutus on tutkintoon<\/p><p class=\"wp-block-post-excerpt__more-text\"><a class=\"wp-block-post-excerpt__more-link\" href=\"https:\/\/sykli.fi\/demo\/tarinat\/vastuullisuusjohtamisen-osaaja-koulutuksen-kautta-uudelle-uralle-rakennusalan-projektijohtajasta-vastuullisuusasiantuntijaksi\/\">Lue lis\u00e4\u00e4<\/a><\/p><\/div>\n<\/li><li class=\"wp-block-post post-69950 asiakastarinat type-asiakastarinat status-publish has-post-thumbnail hentry koulutusala-keko-ohjelma tarinan_tyyppi-opiskelijatarina\">\n<h2 class=\"wp-block-post-title\"><a href=\"https:\/\/sykli.fi\/demo\/tarinat\/syklin-keko-koulutus-tarjoaa-tyoelamaan-valmiuksia-vihrean-siirtyman-asiantuntijatehtavissa\/\" target=\"_self\" >Syklin KEKO-koulutus tarjoaa ty\u00f6el\u00e4m\u00e4\u00e4n valmiuksia vihre\u00e4n siirtym\u00e4n asiantuntijateht\u00e4viss\u00e4<\/a><\/h2>\n\n<figure class=\"wp-block-post-featured-image\"><a href=\"https:\/\/sykli.fi\/demo\/tarinat\/syklin-keko-koulutus-tarjoaa-tyoelamaan-valmiuksia-vihrean-siirtyman-asiantuntijatehtavissa\/\" target=\"_self\"  ><img loading=\"lazy\" decoding=\"async\" width=\"1200\" height=\"630\" src=\"https:\/\/sykli.fi\/demo\/wp-content\/uploads\/2025\/01\/Opiskelijatarina-Jarmo.png\" class=\"attachment-post-thumbnail size-post-thumbnail wp-post-image\" alt=\"Syklin KEKO-koulutus tarjoaa ty\u00f6el\u00e4m\u00e4\u00e4n valmiuksia vihre\u00e4n siirtym\u00e4n asiantuntijateht\u00e4viss\u00e4\" style=\"object-fit:cover;\" srcset=\"https:\/\/sykli.fi\/demo\/wp-content\/uploads\/2025\/01\/Opiskelijatarina-Jarmo.png 1200w, https:\/\/sykli.fi\/demo\/wp-content\/uploads\/2025\/01\/Opiskelijatarina-Jarmo-300x158.png 300w, https:\/\/sykli.fi\/demo\/wp-content\/uploads\/2025\/01\/Opiskelijatarina-Jarmo-1024x538.png 1024w, https:\/\/sykli.fi\/demo\/wp-content\/uploads\/2025\/01\/Opiskelijatarina-Jarmo-768x403.png 768w\" sizes=\"auto, (max-width: 1200px) 100vw, 1200px\" \/><\/a><\/figure>\n\n<div class=\"wp-block-post-excerpt\"><p class=\"wp-block-post-excerpt__excerpt\">Elokuussa 2024 alkoi Syklin KEKO-koulutus Pohjois-Pohjanmaalla, joka keskittyi vihre\u00e4n siirtym\u00e4n projektiasiantuntijateht\u00e4viin. Syklin kehitt\u00e4miskoulutus eli KEKO tarjosi opiskelijoille syv\u00e4llist\u00e4 osaamista kest\u00e4v\u00e4st\u00e4<\/p><p class=\"wp-block-post-excerpt__more-text\"><a class=\"wp-block-post-excerpt__more-link\" href=\"https:\/\/sykli.fi\/demo\/tarinat\/syklin-keko-koulutus-tarjoaa-tyoelamaan-valmiuksia-vihrean-siirtyman-asiantuntijatehtavissa\/\">Lue lis\u00e4\u00e4<\/a><\/p><\/div>\n<\/li><li class=\"wp-block-post post-69053 asiakastarinat type-asiakastarinat status-publish has-post-thumbnail hentry koulutusala-tutkintoon-johtava-tyovoimakoulutus tarinan_tyyppi-opiskelijatarina\">\n<h2 class=\"wp-block-post-title\"><a href=\"https:\/\/sykli.fi\/demo\/tarinat\/emmi-hanninen-kansainvalisen-politiikan-asiantuntijasta-vastuullisuuden-edistajaksi\/\" target=\"_self\" >Emmi H\u00e4nninen &#8211; Kansainv\u00e4lisen politiikan asiantuntijasta vastuullisuuden edist\u00e4j\u00e4ksi<\/a><\/h2>\n\n<figure class=\"wp-block-post-featured-image\"><a href=\"https:\/\/sykli.fi\/demo\/tarinat\/emmi-hanninen-kansainvalisen-politiikan-asiantuntijasta-vastuullisuuden-edistajaksi\/\" target=\"_self\"  ><img loading=\"lazy\" decoding=\"async\" width=\"1200\" height=\"630\" src=\"https:\/\/sykli.fi\/demo\/wp-content\/uploads\/2024\/08\/Opiskelijatarina-Emmi-Hanninen.png\" class=\"attachment-post-thumbnail size-post-thumbnail wp-post-image\" alt=\"Emmi H\u00e4nninen &#8211; Kansainv\u00e4lisen politiikan asiantuntijasta vastuullisuuden edist\u00e4j\u00e4ksi\" style=\"object-fit:cover;\" srcset=\"https:\/\/sykli.fi\/demo\/wp-content\/uploads\/2024\/08\/Opiskelijatarina-Emmi-Hanninen.png 1200w, https:\/\/sykli.fi\/demo\/wp-content\/uploads\/2024\/08\/Opiskelijatarina-Emmi-Hanninen-300x158.png 300w, https:\/\/sykli.fi\/demo\/wp-content\/uploads\/2024\/08\/Opiskelijatarina-Emmi-Hanninen-1024x538.png 1024w, https:\/\/sykli.fi\/demo\/wp-content\/uploads\/2024\/08\/Opiskelijatarina-Emmi-Hanninen-768x403.png 768w\" sizes=\"auto, (max-width: 1200px) 100vw, 1200px\" \/><\/a><\/figure>\n\n<div class=\"wp-block-post-excerpt\"><p class=\"wp-block-post-excerpt__excerpt\">Kokenut kansainv\u00e4lisen politiikan asiantuntija, Emmi H\u00e4nninen, siirtyi vuosikymmenen ty\u00f6uran j\u00e4lkeen yritysvastuun kent\u00e4lle Suomen ymp\u00e4rist\u00f6opisto Syklin Kest\u00e4v\u00e4n kehityksen johtaminen -koulutuksen kautta.<\/p><p class=\"wp-block-post-excerpt__more-text\"><a class=\"wp-block-post-excerpt__more-link\" href=\"https:\/\/sykli.fi\/demo\/tarinat\/emmi-hanninen-kansainvalisen-politiikan-asiantuntijasta-vastuullisuuden-edistajaksi\/\">Lue lis\u00e4\u00e4<\/a><\/p><\/div>\n<\/li><li class=\"wp-block-post post-67992 asiakastarinat type-asiakastarinat status-publish has-post-thumbnail hentry koulutusala-fec-koulutukset tarinan_tyyppi-opiskelijatarina\">\n<h2 class=\"wp-block-post-title\"><a href=\"https:\/\/sykli.fi\/demo\/tarinat\/fec-koulutus-avasi-ovet-ymparistoasiantuntijan-tyohon-henni-teraksen-onnistunut-urahyppy\/\" target=\"_self\" >FEC-koulutus avasi ovet ymp\u00e4rist\u00f6asiantuntijan ty\u00f6h\u00f6n: Henni Ter\u00e4ksen onnistunut urahyppy<\/a><\/h2>\n\n<figure class=\"wp-block-post-featured-image\"><a href=\"https:\/\/sykli.fi\/demo\/tarinat\/fec-koulutus-avasi-ovet-ymparistoasiantuntijan-tyohon-henni-teraksen-onnistunut-urahyppy\/\" target=\"_self\"  ><img loading=\"lazy\" decoding=\"async\" width=\"1200\" height=\"630\" src=\"https:\/\/sykli.fi\/demo\/wp-content\/uploads\/2024\/04\/Kopio-Opiskelijatarina-Henni-Teras.png\" class=\"attachment-post-thumbnail size-post-thumbnail wp-post-image\" alt=\"FEC-koulutus avasi ovet ymp\u00e4rist\u00f6asiantuntijan ty\u00f6h\u00f6n: Henni Ter\u00e4ksen onnistunut urahyppy\" style=\"object-fit:cover;\" srcset=\"https:\/\/sykli.fi\/demo\/wp-content\/uploads\/2024\/04\/Kopio-Opiskelijatarina-Henni-Teras.png 1200w, https:\/\/sykli.fi\/demo\/wp-content\/uploads\/2024\/04\/Kopio-Opiskelijatarina-Henni-Teras-300x158.png 300w, https:\/\/sykli.fi\/demo\/wp-content\/uploads\/2024\/04\/Kopio-Opiskelijatarina-Henni-Teras-1024x538.png 1024w, https:\/\/sykli.fi\/demo\/wp-content\/uploads\/2024\/04\/Kopio-Opiskelijatarina-Henni-Teras-768x403.png 768w\" sizes=\"auto, (max-width: 1200px) 100vw, 1200px\" \/><\/a><\/figure>\n\n<div class=\"wp-block-post-excerpt\"><p class=\"wp-block-post-excerpt__excerpt\">Henni Ter\u00e4s on positiivisella otteella varustettu kest\u00e4v\u00e4n kehityksen ammattilainen. H\u00e4nen ty\u00f6uraansa on v\u00e4ritt\u00e4nyt monipuolinen koulutustausta ja kokemus eri ammateista. Vuonna<\/p><p class=\"wp-block-post-excerpt__more-text\"><a class=\"wp-block-post-excerpt__more-link\" href=\"https:\/\/sykli.fi\/demo\/tarinat\/fec-koulutus-avasi-ovet-ymparistoasiantuntijan-tyohon-henni-teraksen-onnistunut-urahyppy\/\">Lue lis\u00e4\u00e4<\/a><\/p><\/div>\n<\/li><li class=\"wp-block-post post-66442 asiakastarinat type-asiakastarinat status-publish has-post-thumbnail hentry koulutusala-keko-ohjelma tarinan_tyyppi-opiskelijatarina\">\n<h2 class=\"wp-block-post-title\"><a href=\"https:\/\/sykli.fi\/demo\/tarinat\/vihrea-siirtyma-on-iso-osa-nykypaivaa-tulevaisuutta-ja-tulee-koskettamaan-meita-jokaista\/\" target=\"_self\" >&#8221;Vihre\u00e4 siirtym\u00e4 on iso osa nykyp\u00e4iv\u00e4\u00e4, tulevaisuutta ja tulee koskettamaan meit\u00e4 jokaista&#8221;<\/a><\/h2>\n\n<figure class=\"wp-block-post-featured-image\"><a href=\"https:\/\/sykli.fi\/demo\/tarinat\/vihrea-siirtyma-on-iso-osa-nykypaivaa-tulevaisuutta-ja-tulee-koskettamaan-meita-jokaista\/\" target=\"_self\"  ><img loading=\"lazy\" decoding=\"async\" width=\"1200\" height=\"800\" src=\"https:\/\/sykli.fi\/demo\/wp-content\/uploads\/2024\/02\/Artikkelikuvia-nettisivuille-1.png\" class=\"attachment-post-thumbnail size-post-thumbnail wp-post-image\" alt=\"&#8221;Vihre\u00e4 siirtym\u00e4 on iso osa nykyp\u00e4iv\u00e4\u00e4, tulevaisuutta ja tulee koskettamaan meit\u00e4 jokaista&#8221;\" style=\"object-fit:cover;\" srcset=\"https:\/\/sykli.fi\/demo\/wp-content\/uploads\/2024\/02\/Artikkelikuvia-nettisivuille-1.png 1200w, https:\/\/sykli.fi\/demo\/wp-content\/uploads\/2024\/02\/Artikkelikuvia-nettisivuille-1-300x200.png 300w, https:\/\/sykli.fi\/demo\/wp-content\/uploads\/2024\/02\/Artikkelikuvia-nettisivuille-1-1024x683.png 1024w, https:\/\/sykli.fi\/demo\/wp-content\/uploads\/2024\/02\/Artikkelikuvia-nettisivuille-1-768x512.png 768w\" sizes=\"auto, (max-width: 1200px) 100vw, 1200px\" \/><\/a><\/figure>\n\n<div class=\"wp-block-post-excerpt\"><p class=\"wp-block-post-excerpt__excerpt\">&nbsp; Anna Taskinen osallistui Syklin Vihre\u00e4n siirtym\u00e4n projektiasiantuntija -KEKO-koulutukseen, joka tarjoaa sis\u00e4ll\u00f6llist\u00e4 lis\u00e4koulutusta kest\u00e4v\u00e4st\u00e4 kehityksest\u00e4 ja vihre\u00e4n siirtym\u00e4n eri teemoista.<\/p><p class=\"wp-block-post-excerpt__more-text\"><a class=\"wp-block-post-excerpt__more-link\" href=\"https:\/\/sykli.fi\/demo\/tarinat\/vihrea-siirtyma-on-iso-osa-nykypaivaa-tulevaisuutta-ja-tulee-koskettamaan-meita-jokaista\/\">Lue lis\u00e4\u00e4<\/a><\/p><\/div>\n<\/li><li class=\"wp-block-post post-66095 asiakastarinat type-asiakastarinat status-publish has-post-thumbnail hentry koulutusala-ymparistokasvatus tarinan_tyyppi-opiskelijatarina\">\n<h2 class=\"wp-block-post-title\"><a href=\"https:\/\/sykli.fi\/demo\/tarinat\/olen-loytanyt-jalleen-opettamisen-ilon\/\" target=\"_self\" >\u201dOlen l\u00f6yt\u00e4nyt j\u00e4lleen opettamisen ilon\u201d<\/a><\/h2>\n\n<figure class=\"wp-block-post-featured-image\"><a href=\"https:\/\/sykli.fi\/demo\/tarinat\/olen-loytanyt-jalleen-opettamisen-ilon\/\" target=\"_self\"  ><img loading=\"lazy\" decoding=\"async\" width=\"1200\" height=\"800\" src=\"https:\/\/sykli.fi\/demo\/wp-content\/uploads\/2024\/01\/Kopio-Opiskelijarefe-artikkelikuva.png\" class=\"attachment-post-thumbnail size-post-thumbnail wp-post-image\" alt=\"\u201dOlen l\u00f6yt\u00e4nyt j\u00e4lleen opettamisen ilon\u201d\" style=\"object-fit:cover;\" srcset=\"https:\/\/sykli.fi\/demo\/wp-content\/uploads\/2024\/01\/Kopio-Opiskelijarefe-artikkelikuva.png 1200w, https:\/\/sykli.fi\/demo\/wp-content\/uploads\/2024\/01\/Kopio-Opiskelijarefe-artikkelikuva-300x200.png 300w, https:\/\/sykli.fi\/demo\/wp-content\/uploads\/2024\/01\/Kopio-Opiskelijarefe-artikkelikuva-1024x683.png 1024w, https:\/\/sykli.fi\/demo\/wp-content\/uploads\/2024\/01\/Kopio-Opiskelijarefe-artikkelikuva-768x512.png 768w\" sizes=\"auto, (max-width: 1200px) 100vw, 1200px\" \/><\/a><\/figure>\n\n<div class=\"wp-block-post-excerpt\"><p class=\"wp-block-post-excerpt__excerpt\">Valmistuin Syklist\u00e4 ymp\u00e4rist\u00f6kasvattajaksi joulukuussa 2018. Samoihin aikoihin valmistui koulun ja Vilppulankosken v\u00e4liselle alueelle Pohjois-H\u00e4meen Puumiesten toimesta upea ulkoluokka, kota. Opiskelemme<\/p><p class=\"wp-block-post-excerpt__more-text\"><a class=\"wp-block-post-excerpt__more-link\" href=\"https:\/\/sykli.fi\/demo\/tarinat\/olen-loytanyt-jalleen-opettamisen-ilon\/\">Lue lis\u00e4\u00e4<\/a><\/p><\/div>\n<\/li><li class=\"wp-block-post post-66094 asiakastarinat type-asiakastarinat status-publish has-post-thumbnail hentry koulutusala-ymparistokasvatus tarinan_tyyppi-opiskelijatarina\">\n<h2 class=\"wp-block-post-title\"><a href=\"https:\/\/sykli.fi\/demo\/tarinat\/paljon-uusia-ihmisia-ja-yhteyksia-niin-ammatillisesti-kuin-ihan-ystaviksikin-asti\/\" target=\"_self\" >\u201dPaljon uusia ihmisi\u00e4 ja yhteyksi\u00e4 niin ammatillisesti kuin ihan yst\u00e4viksikin asti\u201d<\/a><\/h2>\n\n<figure class=\"wp-block-post-featured-image\"><a href=\"https:\/\/sykli.fi\/demo\/tarinat\/paljon-uusia-ihmisia-ja-yhteyksia-niin-ammatillisesti-kuin-ihan-ystaviksikin-asti\/\" target=\"_self\"  ><img loading=\"lazy\" decoding=\"async\" width=\"1200\" height=\"800\" src=\"https:\/\/sykli.fi\/demo\/wp-content\/uploads\/2024\/01\/Kopio-Opiskelijarefe-artikkelikuva3.png\" class=\"attachment-post-thumbnail size-post-thumbnail wp-post-image\" alt=\"\u201dPaljon uusia ihmisi\u00e4 ja yhteyksi\u00e4 niin ammatillisesti kuin ihan yst\u00e4viksikin asti\u201d\" style=\"object-fit:cover;\" srcset=\"https:\/\/sykli.fi\/demo\/wp-content\/uploads\/2024\/01\/Kopio-Opiskelijarefe-artikkelikuva3.png 1200w, https:\/\/sykli.fi\/demo\/wp-content\/uploads\/2024\/01\/Kopio-Opiskelijarefe-artikkelikuva3-300x200.png 300w, https:\/\/sykli.fi\/demo\/wp-content\/uploads\/2024\/01\/Kopio-Opiskelijarefe-artikkelikuva3-1024x683.png 1024w, https:\/\/sykli.fi\/demo\/wp-content\/uploads\/2024\/01\/Kopio-Opiskelijarefe-artikkelikuva3-768x512.png 768w\" sizes=\"auto, (max-width: 1200px) 100vw, 1200px\" \/><\/a><\/figure>\n\n<div class=\"wp-block-post-excerpt\"><p class=\"wp-block-post-excerpt__excerpt\">Opiskelin ymp\u00e4rist\u00f6kasvattajaksi vuosina 2017\u20132018. Koulutus oli ensimm\u00e4inen ulkona oppimisen painotuksella ja kaikki l\u00e4hitapaamiset olivat leirimuotoisia. Olin t\u00e4t\u00e4 ennen osallistunut pariin<\/p><p class=\"wp-block-post-excerpt__more-text\"><a class=\"wp-block-post-excerpt__more-link\" href=\"https:\/\/sykli.fi\/demo\/tarinat\/paljon-uusia-ihmisia-ja-yhteyksia-niin-ammatillisesti-kuin-ihan-ystaviksikin-asti\/\">Lue lis\u00e4\u00e4<\/a><\/p><\/div>\n<\/li><li class=\"wp-block-post post-66093 asiakastarinat type-asiakastarinat status-publish has-post-thumbnail hentry koulutusala-ymparistokasvatus tarinan_tyyppi-opiskelijatarina\">\n<h2 class=\"wp-block-post-title\"><a href=\"https:\/\/sykli.fi\/demo\/tarinat\/ympariston-huomioiva-arvokasvatus-on-luonnonsuojelutyota\/\" target=\"_self\" >\u201dYmp\u00e4rist\u00f6n huomioiva arvokasvatus on luonnonsuojeluty\u00f6t\u00e4!\u201d\u00a0<\/a><\/h2>\n\n<figure class=\"wp-block-post-featured-image\"><a href=\"https:\/\/sykli.fi\/demo\/tarinat\/ympariston-huomioiva-arvokasvatus-on-luonnonsuojelutyota\/\" target=\"_self\"  ><img loading=\"lazy\" decoding=\"async\" width=\"1200\" height=\"800\" src=\"https:\/\/sykli.fi\/demo\/wp-content\/uploads\/2024\/01\/Kopio-Opiskelijarefe-artikkelikuva5.png\" class=\"attachment-post-thumbnail size-post-thumbnail wp-post-image\" alt=\"\u201dYmp\u00e4rist\u00f6n huomioiva arvokasvatus on luonnonsuojeluty\u00f6t\u00e4!\u201d\u00a0\" style=\"object-fit:cover;\" srcset=\"https:\/\/sykli.fi\/demo\/wp-content\/uploads\/2024\/01\/Kopio-Opiskelijarefe-artikkelikuva5.png 1200w, https:\/\/sykli.fi\/demo\/wp-content\/uploads\/2024\/01\/Kopio-Opiskelijarefe-artikkelikuva5-300x200.png 300w, https:\/\/sykli.fi\/demo\/wp-content\/uploads\/2024\/01\/Kopio-Opiskelijarefe-artikkelikuva5-1024x683.png 1024w, https:\/\/sykli.fi\/demo\/wp-content\/uploads\/2024\/01\/Kopio-Opiskelijarefe-artikkelikuva5-768x512.png 768w\" sizes=\"auto, (max-width: 1200px) 100vw, 1200px\" \/><\/a><\/figure>\n\n<div class=\"wp-block-post-excerpt\"><p class=\"wp-block-post-excerpt__excerpt\">Valmistuin ymp\u00e4rist\u00f6kasvattajaksi joulukuussa 2021. Olen hy\u00f6dynt\u00e4nyt Syklin opintoja ty\u00f6ss\u00e4ni aktiivisesti. Olemme jatkaneet opinnoissani tekemieni suunnitelmien ja ohjelmien parissa, ja ne<\/p><p class=\"wp-block-post-excerpt__more-text\"><a class=\"wp-block-post-excerpt__more-link\" href=\"https:\/\/sykli.fi\/demo\/tarinat\/ympariston-huomioiva-arvokasvatus-on-luonnonsuojelutyota\/\">Lue lis\u00e4\u00e4<\/a><\/p><\/div>\n<\/li><li class=\"wp-block-post post-66092 asiakastarinat type-asiakastarinat status-publish has-post-thumbnail hentry koulutusala-ymparistokasvatus tarinan_tyyppi-opiskelijatarina\">\n<h2 class=\"wp-block-post-title\"><a href=\"https:\/\/sykli.fi\/demo\/tarinat\/syklin-kautta-sain-intoa-ja-rohkeutta-kokeilla-ja-kehittya\/\" target=\"_self\" >\u201dSyklin kautta sain intoa ja rohkeutta kokeilla ja kehitty\u00e4\u201d<\/a><\/h2>\n\n<figure class=\"wp-block-post-featured-image\"><a href=\"https:\/\/sykli.fi\/demo\/tarinat\/syklin-kautta-sain-intoa-ja-rohkeutta-kokeilla-ja-kehittya\/\" target=\"_self\"  ><img loading=\"lazy\" decoding=\"async\" width=\"1200\" height=\"800\" src=\"https:\/\/sykli.fi\/demo\/wp-content\/uploads\/2024\/01\/Kopio-Opiskelijarefe-artikkelikuva2.png\" class=\"attachment-post-thumbnail size-post-thumbnail wp-post-image\" alt=\"\u201dSyklin kautta sain intoa ja rohkeutta kokeilla ja kehitty\u00e4\u201d\" style=\"object-fit:cover;\" srcset=\"https:\/\/sykli.fi\/demo\/wp-content\/uploads\/2024\/01\/Kopio-Opiskelijarefe-artikkelikuva2.png 1200w, https:\/\/sykli.fi\/demo\/wp-content\/uploads\/2024\/01\/Kopio-Opiskelijarefe-artikkelikuva2-300x200.png 300w, https:\/\/sykli.fi\/demo\/wp-content\/uploads\/2024\/01\/Kopio-Opiskelijarefe-artikkelikuva2-1024x683.png 1024w, https:\/\/sykli.fi\/demo\/wp-content\/uploads\/2024\/01\/Kopio-Opiskelijarefe-artikkelikuva2-768x512.png 768w\" sizes=\"auto, (max-width: 1200px) 100vw, 1200px\" \/><\/a><\/figure>\n\n<div class=\"wp-block-post-excerpt\"><p class=\"wp-block-post-excerpt__excerpt\">Olen varhaiskasvatuksen opettaja Oulun seudulta. Valmistuin ymp\u00e4rist\u00f6kasvattajaksi Syklist\u00e4 kev\u00e4\u00e4ll\u00e4 2021. Jo opiskeluaikana sain ty\u00f6h\u00f6ni paljon uutta sis\u00e4lt\u00f6\u00e4 ulkona oppimiseen ja<\/p><p class=\"wp-block-post-excerpt__more-text\"><a class=\"wp-block-post-excerpt__more-link\" href=\"https:\/\/sykli.fi\/demo\/tarinat\/syklin-kautta-sain-intoa-ja-rohkeutta-kokeilla-ja-kehittya\/\">Lue lis\u00e4\u00e4<\/a><\/p><\/div>\n<\/li><li class=\"wp-block-post post-66091 asiakastarinat type-asiakastarinat status-publish has-post-thumbnail hentry koulutusala-ymparistokasvatus tarinan_tyyppi-opiskelijatarina\">\n<h2 class=\"wp-block-post-title\"><a href=\"https:\/\/sykli.fi\/demo\/tarinat\/olen-pystynyt-innostamaan-muitakin-tyoyhteisossa-mukaan-luontotoimintaan\/\" target=\"_self\" >\u201dOlen pystynyt innostamaan muitakin ty\u00f6yhteis\u00f6ss\u00e4 mukaan luontotoimintaan\u201d<\/a><\/h2>\n\n<figure class=\"wp-block-post-featured-image\"><a href=\"https:\/\/sykli.fi\/demo\/tarinat\/olen-pystynyt-innostamaan-muitakin-tyoyhteisossa-mukaan-luontotoimintaan\/\" target=\"_self\"  ><img loading=\"lazy\" decoding=\"async\" width=\"1200\" height=\"800\" src=\"https:\/\/sykli.fi\/demo\/wp-content\/uploads\/2024\/01\/Kopio-Opiskelijarefe-artikkelikuva4.png\" class=\"attachment-post-thumbnail size-post-thumbnail wp-post-image\" alt=\"\u201dOlen pystynyt innostamaan muitakin ty\u00f6yhteis\u00f6ss\u00e4 mukaan luontotoimintaan\u201d\" style=\"object-fit:cover;\" srcset=\"https:\/\/sykli.fi\/demo\/wp-content\/uploads\/2024\/01\/Kopio-Opiskelijarefe-artikkelikuva4.png 1200w, https:\/\/sykli.fi\/demo\/wp-content\/uploads\/2024\/01\/Kopio-Opiskelijarefe-artikkelikuva4-300x200.png 300w, https:\/\/sykli.fi\/demo\/wp-content\/uploads\/2024\/01\/Kopio-Opiskelijarefe-artikkelikuva4-1024x683.png 1024w, https:\/\/sykli.fi\/demo\/wp-content\/uploads\/2024\/01\/Kopio-Opiskelijarefe-artikkelikuva4-768x512.png 768w\" sizes=\"auto, (max-width: 1200px) 100vw, 1200px\" \/><\/a><\/figure>\n\n<div class=\"wp-block-post-excerpt\"><p class=\"wp-block-post-excerpt__excerpt\">Opiskelin Sykliss\u00e4 ymp\u00e4rist\u00f6kasvattajaksi vuosina 2020\u20132021.&nbsp; Jo opiskeluaikana tajusin, ett\u00e4 ymp\u00e4rist\u00f6kasvatus, luontosuhteen vahvistaminen ja l\u00e4hiluonnon hy\u00f6dynt\u00e4minen lasten kanssa ovat minun juttuni.&nbsp;&nbsp;<\/p><p class=\"wp-block-post-excerpt__more-text\"><a class=\"wp-block-post-excerpt__more-link\" href=\"https:\/\/sykli.fi\/demo\/tarinat\/olen-pystynyt-innostamaan-muitakin-tyoyhteisossa-mukaan-luontotoimintaan\/\">Lue lis\u00e4\u00e4<\/a><\/p><\/div>\n<\/li><\/ul>\n\n<nav class=\"wp-block-query-pagination is-layout-flex wp-block-query-pagination-is-layout-flex\" aria-label=\"Sivutus\">\n\n\n<div class=\"wp-block-query-pagination-numbers\"><span aria-current=\"page\" class=\"page-numbers current\">1<\/span>\n<a class=\"page-numbers\" href=\"?query-0-page=2\">2<\/a>\n<a class=\"page-numbers\" href=\"?query-0-page=3\">3<\/a><\/div>\n\n<a href=\"\/demo\/wp-json\/wp\/v2\/pages\/62274?query-0-page=2\" class=\"wp-block-query-pagination-next\">Seuraava sivu<\/a>\n<\/nav>\n\n<\/div>\n","protected":false},"excerpt":{"rendered":"","protected":false},"author":1,"featured_media":63650,"parent":37,"menu_order":24,"comment_status":"closed","ping_status":"closed","template":"","meta":{"_acf_changed":false,"footnotes":""},"class_list":["post-62274","page","type-page","status-publish","has-post-thumbnail","hentry"],"acf":[],"_links":{"self":[{"href":"https:\/\/sykli.fi\/demo\/wp-json\/wp\/v2\/pages\/62274","targetHints":{"allow":["GET"]}}],"collection":[{"href":"https:\/\/sykli.fi\/demo\/wp-json\/wp\/v2\/pages"}],"about":[{"href":"https:\/\/sykli.fi\/demo\/wp-json\/wp\/v2\/types\/page"}],"author":[{"embeddable":true,"href":"https:\/\/sykli.fi\/demo\/wp-json\/wp\/v2\/users\/1"}],"replies":[{"embeddable":true,"href":"https:\/\/sykli.fi\/demo\/wp-json\/wp\/v2\/comments?post=62274"}],"version-history":[{"count":0,"href":"https:\/\/sykli.fi\/demo\/wp-json\/wp\/v2\/pages\/62274\/revisions"}],"up":[{"embeddable":true,"href":"https:\/\/sykli.fi\/demo\/wp-json\/wp\/v2\/pages\/37"}],"wp:featuredmedia":[{"embeddable":true,"href":"https:\/\/sykli.fi\/demo\/wp-json\/wp\/v2\/media\/63650"}],"wp:attachment":[{"href":"https:\/\/sykli.fi\/demo\/wp-json\/wp\/v2\/media?parent=62274"}],"curies":[{"name":"wp","href":"https:\/\/api.w.org\/{rel}","templated":true}]}}