{"id":62272,"date":"2022-10-24T08:48:11","date_gmt":"2022-10-24T05:48:11","guid":{"rendered":"http:\/\/localhost\/sykli\/?page_id=62272"},"modified":"2023-05-17T15:13:46","modified_gmt":"2023-05-17T12:13:46","slug":"paattyneet-kehittamishankkeet","status":"publish","type":"page","link":"https:\/\/sykli.fi\/demo\/vaikuttaminen\/paattyneet-kehittamishankkeet\/","title":{"rendered":"P\u00e4\u00e4ttyneet hankkeet"},"content":{"rendered":"\r\n<section id=\"hero-block_783f7325fd6409eda2361060b9291243\" class=\"hero site-banner section-default default alignfull\">\r\n\r\n    <div class=\"site-banner-bg section-bg-image \" >\r\n\r\n        <img loading=\"lazy\" decoding=\"async\" width=\"1920\" height=\"600\" src=\"https:\/\/sykli.fi\/demo\/wp-content\/uploads\/2022\/10\/hankkeet.jpg\" class=\"attachment-1536\u00d71536 size-1536\u00d71536\" alt=\"Ihmiset keskustelevat tietokoneen \u00e4\u00e4rell\u00e4.\" srcset=\"https:\/\/sykli.fi\/demo\/wp-content\/uploads\/2022\/10\/hankkeet.jpg 1920w, https:\/\/sykli.fi\/demo\/wp-content\/uploads\/2022\/10\/hankkeet-300x94.jpg 300w, https:\/\/sykli.fi\/demo\/wp-content\/uploads\/2022\/10\/hankkeet-1024x320.jpg 1024w, https:\/\/sykli.fi\/demo\/wp-content\/uploads\/2022\/10\/hankkeet-768x240.jpg 768w, https:\/\/sykli.fi\/demo\/wp-content\/uploads\/2022\/10\/hankkeet-1536x480.jpg 1536w\" sizes=\"auto, (max-width: 1920px) 100vw, 1920px\" \/>\r\n        \r\n        \r\n            <div class=\"site-banner-content container\">\r\n                <div class=\"row w-100\">\r\n                    <div class=\"col-md-12\">\r\n                        <div class=\"hero-text-overlay\">\r\n                                                                <h1 class=\"hero-title\">P\u00e4\u00e4ttyneet hankkeet<\/h1>\r\n                            <div class=\"inner-content\">\r\n                            <div class=\"acf-innerblocks-container\"><\/div>\r\n                        <\/div>                        <\/div>\r\n                    <\/div>\r\n                <\/div>\r\n            <\/div>\r\n\r\n        <\/section>\n\n\n<div class=\"wp-block-query is-layout-flow wp-block-query-is-layout-flow\"><ul class=\"is-flex-container columns-2 wp-block-post-template is-layout-flow wp-block-post-template-is-layout-flow\"><li class=\"wp-block-post post-70533 hankkeet type-hankkeet status-publish has-post-thumbnail hentry hankkeen_kateroriat-paattyneet-hankkeet\">\n<h2 class=\"wp-block-post-title\"><a href=\"https:\/\/sykli.fi\/demo\/vaikuttaminen\/paattyneet-kehittamishankkeet\/vetko-jatevedenpuhdistamo-energian-tuottajana-ja-kuluttajana\/\" target=\"_self\" >VETKU \u2013 J\u00e4tevedenpuhdistamo energian tuottajana ja kuluttajana<\/a><\/h2>\n\n<figure class=\"wp-block-post-featured-image\"><a href=\"https:\/\/sykli.fi\/demo\/vaikuttaminen\/paattyneet-kehittamishankkeet\/vetko-jatevedenpuhdistamo-energian-tuottajana-ja-kuluttajana\/\" target=\"_self\"  ><img loading=\"lazy\" decoding=\"async\" width=\"2560\" height=\"1920\" src=\"https:\/\/sykli.fi\/demo\/wp-content\/uploads\/2025\/03\/VETKO-scaled.jpg\" class=\"attachment-post-thumbnail size-post-thumbnail wp-post-image\" alt=\"VETKU \u2013 J\u00e4tevedenpuhdistamo energian tuottajana ja kuluttajana\" style=\"object-fit:cover;\" srcset=\"https:\/\/sykli.fi\/demo\/wp-content\/uploads\/2025\/03\/VETKO-scaled.jpg 2560w, https:\/\/sykli.fi\/demo\/wp-content\/uploads\/2025\/03\/VETKO-300x225.jpg 300w, https:\/\/sykli.fi\/demo\/wp-content\/uploads\/2025\/03\/VETKO-1024x768.jpg 1024w, https:\/\/sykli.fi\/demo\/wp-content\/uploads\/2025\/03\/VETKO-768x576.jpg 768w, https:\/\/sykli.fi\/demo\/wp-content\/uploads\/2025\/03\/VETKO-1536x1152.jpg 1536w, https:\/\/sykli.fi\/demo\/wp-content\/uploads\/2025\/03\/VETKO-2048x1536.jpg 2048w\" sizes=\"auto, (max-width: 2560px) 100vw, 2560px\" \/><\/a><\/figure>\n\n<div class=\"wp-block-post-excerpt\"><p class=\"wp-block-post-excerpt__excerpt\">Hankkeen tavoite Hankkeen tavoitteena on vauhdittaa energiatehokkuustoimien ja energiantuotantotapojen k\u00e4ytt\u00f6\u00f6nottoa j\u00e4tevedenpuhdistamoilla kokoamalla yhteen alan toimijoita sek\u00e4 tuottamalla viestint\u00e4- ja koulutusaineistoa<\/p><p class=\"wp-block-post-excerpt__more-text\"><a class=\"wp-block-post-excerpt__more-link\" href=\"https:\/\/sykli.fi\/demo\/vaikuttaminen\/paattyneet-kehittamishankkeet\/vetko-jatevedenpuhdistamo-energian-tuottajana-ja-kuluttajana\/\">Lue lis\u00e4\u00e4<\/a><\/p><\/div>\n<\/li><li class=\"wp-block-post post-69956 hankkeet type-hankkeet status-publish hentry hankkeen_kateroriat-paattyneet-hankkeet\">\n<h2 class=\"wp-block-post-title\"><a href=\"https:\/\/sykli.fi\/demo\/vaikuttaminen\/paattyneet-kehittamishankkeet\/ote-opinnoista-opintojen-tuen-ja-ohjauksen-kehittamista\/\" target=\"_self\" >Ote opinnoista \u2013 opintojen tuen ja ohjauksen kehitt\u00e4mist\u00e4<\/a><\/h2>\n\n\n\n<div class=\"wp-block-post-excerpt\"><p class=\"wp-block-post-excerpt__excerpt\">Hankkeen tarkoituksena on selkiytt\u00e4\u00e4 ja parantaa oppimisen tuen j\u00e4rjest\u00e4mist\u00e4 ja j\u00e4rjestelm\u00e4\u00e4 systemaattisemmaksi osaksi toimintaa.\u00a0 Syklin osalta hankkeen tavoitteena on parantaa<\/p><p class=\"wp-block-post-excerpt__more-text\"><a class=\"wp-block-post-excerpt__more-link\" href=\"https:\/\/sykli.fi\/demo\/vaikuttaminen\/paattyneet-kehittamishankkeet\/ote-opinnoista-opintojen-tuen-ja-ohjauksen-kehittamista\/\">Lue lis\u00e4\u00e4<\/a><\/p><\/div>\n<\/li><li class=\"wp-block-post post-68062 hankkeet type-hankkeet status-publish has-post-thumbnail hentry hankkeen_kateroriat-paattyneet-hankkeet\">\n<h2 class=\"wp-block-post-title\"><a href=\"https:\/\/sykli.fi\/demo\/vaikuttaminen\/paattyneet-kehittamishankkeet\/vesihuoltolaitosten-kyberturvallisuuden-parantaminen-koulutuksen-avulla\/\" target=\"_self\" >Vesihuoltolaitosten kyberturvallisuuden parantaminen koulutuksen avulla\u00a0<\/a><\/h2>\n\n<figure class=\"wp-block-post-featured-image\"><a href=\"https:\/\/sykli.fi\/demo\/vaikuttaminen\/paattyneet-kehittamishankkeet\/vesihuoltolaitosten-kyberturvallisuuden-parantaminen-koulutuksen-avulla\/\" target=\"_self\"  ><img loading=\"lazy\" decoding=\"async\" width=\"1000\" height=\"667\" src=\"https:\/\/sykli.fi\/demo\/wp-content\/uploads\/2024\/04\/shutterstock_2194275685.jpg\" class=\"attachment-post-thumbnail size-post-thumbnail wp-post-image\" alt=\"Vesihuoltolaitosten kyberturvallisuuden parantaminen koulutuksen avulla\u00a0\" style=\"object-fit:cover;\" srcset=\"https:\/\/sykli.fi\/demo\/wp-content\/uploads\/2024\/04\/shutterstock_2194275685.jpg 1000w, https:\/\/sykli.fi\/demo\/wp-content\/uploads\/2024\/04\/shutterstock_2194275685-300x200.jpg 300w, https:\/\/sykli.fi\/demo\/wp-content\/uploads\/2024\/04\/shutterstock_2194275685-768x512.jpg 768w\" sizes=\"auto, (max-width: 1000px) 100vw, 1000px\" \/><\/a><\/figure>\n\n<div class=\"wp-block-post-excerpt\"><p class=\"wp-block-post-excerpt__excerpt\">Vesihuolto on yhteiskunnan kriittinen toiminto, joka vaatii korkeaa kyberturvallisuutta. Kyberhy\u00f6kk\u00e4ykset voivat aiheuttaa vakavia seurauksia vesihuollon toimivuudelle ja ihmisten terveydelle. Vesihuoltolaitosten<\/p><p class=\"wp-block-post-excerpt__more-text\"><a class=\"wp-block-post-excerpt__more-link\" href=\"https:\/\/sykli.fi\/demo\/vaikuttaminen\/paattyneet-kehittamishankkeet\/vesihuoltolaitosten-kyberturvallisuuden-parantaminen-koulutuksen-avulla\/\">Lue lis\u00e4\u00e4<\/a><\/p><\/div>\n<\/li><li class=\"wp-block-post post-66514 hankkeet type-hankkeet status-publish has-post-thumbnail hentry hankkeen_kateroriat-paattyneet-hankkeet\">\n<h2 class=\"wp-block-post-title\"><a href=\"https:\/\/sykli.fi\/demo\/vaikuttaminen\/paattyneet-kehittamishankkeet\/virkea\/\" target=\"_self\" >Viheralan k\u00e4yt\u00e4nn\u00f6t ja luontopohjaiset ratkaisut<\/a><\/h2>\n\n<figure class=\"wp-block-post-featured-image\"><a href=\"https:\/\/sykli.fi\/demo\/vaikuttaminen\/paattyneet-kehittamishankkeet\/virkea\/\" target=\"_self\"  ><img loading=\"lazy\" decoding=\"async\" width=\"1024\" height=\"1024\" src=\"https:\/\/sykli.fi\/demo\/wp-content\/uploads\/2024\/02\/VIRKEA-tekoalykuva.png\" class=\"attachment-post-thumbnail size-post-thumbnail wp-post-image\" alt=\"Viheralan k\u00e4yt\u00e4nn\u00f6t ja luontopohjaiset ratkaisut\" style=\"object-fit:cover;\" srcset=\"https:\/\/sykli.fi\/demo\/wp-content\/uploads\/2024\/02\/VIRKEA-tekoalykuva.png 1024w, https:\/\/sykli.fi\/demo\/wp-content\/uploads\/2024\/02\/VIRKEA-tekoalykuva-300x300.png 300w, https:\/\/sykli.fi\/demo\/wp-content\/uploads\/2024\/02\/VIRKEA-tekoalykuva-150x150.png 150w, https:\/\/sykli.fi\/demo\/wp-content\/uploads\/2024\/02\/VIRKEA-tekoalykuva-768x768.png 768w\" sizes=\"auto, (max-width: 1024px) 100vw, 1024px\" \/><\/a><\/figure>\n\n<div class=\"wp-block-post-excerpt\"><p class=\"wp-block-post-excerpt__excerpt\">Hankkeen tiedot: Kesto: 01\/2024\u201312\/2025 Rahoitus: EAKR-rahoitus Budjetti: 199 118 \u20ac Toteuttajat: Suomen ymp\u00e4rist\u00f6opisto SYKLI (Hankkeen p\u00e4\u00e4toteuttaja) ja H\u00e4meen ammattikorkeakoulu (HAMK)<\/p><p class=\"wp-block-post-excerpt__more-text\"><a class=\"wp-block-post-excerpt__more-link\" href=\"https:\/\/sykli.fi\/demo\/vaikuttaminen\/paattyneet-kehittamishankkeet\/virkea\/\">Lue lis\u00e4\u00e4<\/a><\/p><\/div>\n<\/li><li class=\"wp-block-post post-66003 hankkeet type-hankkeet status-publish has-post-thumbnail hentry hankkeen_kateroriat-paattyneet-hankkeet\">\n<h2 class=\"wp-block-post-title\"><a href=\"https:\/\/sykli.fi\/demo\/vaikuttaminen\/paattyneet-kehittamishankkeet\/dakive-datalla-kiinteistojen-vahahiilisyyteen-ja-energiatehokkuuteen\/\" target=\"_self\" >DaKiVE \u2013 Datalla kiinteist\u00f6jen v\u00e4h\u00e4hiilisyyteen ja energiatehokkuuteen<\/a><\/h2>\n\n<figure class=\"wp-block-post-featured-image\"><a href=\"https:\/\/sykli.fi\/demo\/vaikuttaminen\/paattyneet-kehittamishankkeet\/dakive-datalla-kiinteistojen-vahahiilisyyteen-ja-energiatehokkuuteen\/\" target=\"_self\"  ><img loading=\"lazy\" decoding=\"async\" width=\"1592\" height=\"2048\" src=\"https:\/\/sykli.fi\/demo\/wp-content\/uploads\/2023\/12\/DaKiVE-hankekuva-v2.png\" class=\"attachment-post-thumbnail size-post-thumbnail wp-post-image\" alt=\"DaKiVE \u2013 Datalla kiinteist\u00f6jen v\u00e4h\u00e4hiilisyyteen ja energiatehokkuuteen\" style=\"object-fit:cover;\" srcset=\"https:\/\/sykli.fi\/demo\/wp-content\/uploads\/2023\/12\/DaKiVE-hankekuva-v2.png 1592w, https:\/\/sykli.fi\/demo\/wp-content\/uploads\/2023\/12\/DaKiVE-hankekuva-v2-233x300.png 233w, https:\/\/sykli.fi\/demo\/wp-content\/uploads\/2023\/12\/DaKiVE-hankekuva-v2-796x1024.png 796w, https:\/\/sykli.fi\/demo\/wp-content\/uploads\/2023\/12\/DaKiVE-hankekuva-v2-768x988.png 768w, https:\/\/sykli.fi\/demo\/wp-content\/uploads\/2023\/12\/DaKiVE-hankekuva-v2-1194x1536.png 1194w\" sizes=\"auto, (max-width: 1592px) 100vw, 1592px\" \/><\/a><\/figure>\n\n<div class=\"wp-block-post-excerpt\"><p class=\"wp-block-post-excerpt__excerpt\">Julkisten kiinteist\u00f6jen kuten koulu- ja toimistorakennusten toimintaymp\u00e4rist\u00f6ss\u00e4 on paljon potentiaalia datan ja digitalisaation hy\u00f6dynt\u00e4miselle. Kiinteist\u00f6n yll\u00e4pidosta vastaavat voivat hy\u00f6dynt\u00e4\u00e4 ty\u00f6ss\u00e4\u00e4n<\/p><p class=\"wp-block-post-excerpt__more-text\"><a class=\"wp-block-post-excerpt__more-link\" href=\"https:\/\/sykli.fi\/demo\/vaikuttaminen\/paattyneet-kehittamishankkeet\/dakive-datalla-kiinteistojen-vahahiilisyyteen-ja-energiatehokkuuteen\/\">Lue lis\u00e4\u00e4<\/a><\/p><\/div>\n<\/li><li class=\"wp-block-post post-65890 hankkeet type-hankkeet status-publish has-post-thumbnail hentry hankkeen_kateroriat-paattyneet-hankkeet\">\n<h2 class=\"wp-block-post-title\"><a href=\"https:\/\/sykli.fi\/demo\/vaikuttaminen\/paattyneet-kehittamishankkeet\/enemman-elamaa\/\" target=\"_self\" >Enemm\u00e4n el\u00e4m\u00e4\u00e4 \u2013 kohti luontopositiivista ammatillista koulutusta 6\/2023-6\/2025\u00a0<\/a><\/h2>\n\n<figure class=\"wp-block-post-featured-image\"><a href=\"https:\/\/sykli.fi\/demo\/vaikuttaminen\/paattyneet-kehittamishankkeet\/enemman-elamaa\/\" target=\"_self\"  ><img loading=\"lazy\" decoding=\"async\" width=\"1920\" height=\"1080\" src=\"https:\/\/sykli.fi\/demo\/wp-content\/uploads\/2023\/12\/Enemman-elamaa-kuvituskuva-TEEMA-1-1.jpg\" class=\"attachment-post-thumbnail size-post-thumbnail wp-post-image\" alt=\"Enemm\u00e4n el\u00e4m\u00e4\u00e4 \u2013 kohti luontopositiivista ammatillista koulutusta 6\/2023-6\/2025\u00a0\" style=\"object-fit:cover;\" srcset=\"https:\/\/sykli.fi\/demo\/wp-content\/uploads\/2023\/12\/Enemman-elamaa-kuvituskuva-TEEMA-1-1.jpg 1920w, https:\/\/sykli.fi\/demo\/wp-content\/uploads\/2023\/12\/Enemman-elamaa-kuvituskuva-TEEMA-1-1-300x169.jpg 300w, https:\/\/sykli.fi\/demo\/wp-content\/uploads\/2023\/12\/Enemman-elamaa-kuvituskuva-TEEMA-1-1-1024x576.jpg 1024w, https:\/\/sykli.fi\/demo\/wp-content\/uploads\/2023\/12\/Enemman-elamaa-kuvituskuva-TEEMA-1-1-768x432.jpg 768w, https:\/\/sykli.fi\/demo\/wp-content\/uploads\/2023\/12\/Enemman-elamaa-kuvituskuva-TEEMA-1-1-1536x864.jpg 1536w\" sizes=\"auto, (max-width: 1920px) 100vw, 1920px\" \/><\/a><\/figure>\n\n<div class=\"wp-block-post-excerpt\"><p class=\"wp-block-post-excerpt__excerpt\">J\u00e4rjest\u00e4mme webinaareja ja tarjoamme\u202fverkkokursseja\u202ftavoitteellisen\u202fluontoty\u00f6n ja luonnon\u202fmonimuotoisuutta vaalivan\u202fpedagogiikan tueksi osana\u202fammatillista koulutusta. Webinaareissa ja verkkokursseilla saat konkreettisia teht\u00e4vi\u00e4 luontoty\u00f6n edist\u00e4miseksi oppilaitoksessa tai<\/p><p class=\"wp-block-post-excerpt__more-text\"><a class=\"wp-block-post-excerpt__more-link\" href=\"https:\/\/sykli.fi\/demo\/vaikuttaminen\/paattyneet-kehittamishankkeet\/enemman-elamaa\/\">Lue lis\u00e4\u00e4<\/a><\/p><\/div>\n<\/li><li class=\"wp-block-post post-65881 hankkeet type-hankkeet status-publish has-post-thumbnail hentry hankkeen_kateroriat-paattyneet-hankkeet\">\n<h2 class=\"wp-block-post-title\"><a href=\"https:\/\/sykli.fi\/demo\/vaikuttaminen\/paattyneet-kehittamishankkeet\/kieppi-kiertotalouden-pilotointihanke-osaaminen-innovaatiot-ja-yhteistyo\/\" target=\"_self\" >KIEPPI \u2013 Kiertotalouden Pilotointihanke: Osaaminen, innovaatiot ja yhteisty\u00f6<\/a><\/h2>\n\n<figure class=\"wp-block-post-featured-image\"><a href=\"https:\/\/sykli.fi\/demo\/vaikuttaminen\/paattyneet-kehittamishankkeet\/kieppi-kiertotalouden-pilotointihanke-osaaminen-innovaatiot-ja-yhteistyo\/\" target=\"_self\"  ><img loading=\"lazy\" decoding=\"async\" width=\"258\" height=\"215\" src=\"https:\/\/sykli.fi\/demo\/wp-content\/uploads\/2023\/12\/Kieppi.png\" class=\"attachment-post-thumbnail size-post-thumbnail wp-post-image\" alt=\"KIEPPI \u2013 Kiertotalouden Pilotointihanke: Osaaminen, innovaatiot ja yhteisty\u00f6\" style=\"object-fit:cover;\" \/><\/a><\/figure>\n\n<div class=\"wp-block-post-excerpt\"><p class=\"wp-block-post-excerpt__excerpt\">Sykli toteutti yhteisty\u00f6ss\u00e4 Sataedun kanssa Satakunnan alueen yrityksille suunnatun koulutuskokonaisuuden. T\u00e4m\u00e4 innovatiivinen koulutusohjelma oli suunniteltu tukemaan ja vahvistamaan yritysten valmiuksia<\/p><p class=\"wp-block-post-excerpt__more-text\"><a class=\"wp-block-post-excerpt__more-link\" href=\"https:\/\/sykli.fi\/demo\/vaikuttaminen\/paattyneet-kehittamishankkeet\/kieppi-kiertotalouden-pilotointihanke-osaaminen-innovaatiot-ja-yhteistyo\/\">Lue lis\u00e4\u00e4<\/a><\/p><\/div>\n<\/li><li class=\"wp-block-post post-65810 hankkeet type-hankkeet status-publish has-post-thumbnail hentry hankkeen_kateroriat-paattyneet-hankkeet\">\n<h2 class=\"wp-block-post-title\"><a href=\"https:\/\/sykli.fi\/demo\/vaikuttaminen\/paattyneet-kehittamishankkeet\/kanta-hameen-rakennetun-ympariston-sopeutuminen-ilmastonmuutokseen-ilmara\/\" target=\"_self\" >Kanta-H\u00e4meen rakennetun ymp\u00e4rist\u00f6n sopeutuminen ilmastonmuutokseen (ILMARA)<\/a><\/h2>\n\n<figure class=\"wp-block-post-featured-image\"><a href=\"https:\/\/sykli.fi\/demo\/vaikuttaminen\/paattyneet-kehittamishankkeet\/kanta-hameen-rakennetun-ympariston-sopeutuminen-ilmastonmuutokseen-ilmara\/\" target=\"_self\"  ><img loading=\"lazy\" decoding=\"async\" width=\"2048\" height=\"1151\" src=\"https:\/\/sykli.fi\/demo\/wp-content\/uploads\/2023\/11\/ILMARA-hanke.jpeg\" class=\"attachment-post-thumbnail size-post-thumbnail wp-post-image\" alt=\"Kanta-H\u00e4meen rakennetun ymp\u00e4rist\u00f6n sopeutuminen ilmastonmuutokseen (ILMARA)\" style=\"object-fit:cover;\" srcset=\"https:\/\/sykli.fi\/demo\/wp-content\/uploads\/2023\/11\/ILMARA-hanke.jpeg 2048w, https:\/\/sykli.fi\/demo\/wp-content\/uploads\/2023\/11\/ILMARA-hanke-300x169.jpeg 300w, https:\/\/sykli.fi\/demo\/wp-content\/uploads\/2023\/11\/ILMARA-hanke-1024x576.jpeg 1024w, https:\/\/sykli.fi\/demo\/wp-content\/uploads\/2023\/11\/ILMARA-hanke-768x432.jpeg 768w, https:\/\/sykli.fi\/demo\/wp-content\/uploads\/2023\/11\/ILMARA-hanke-1536x863.jpeg 1536w\" sizes=\"auto, (max-width: 2048px) 100vw, 2048px\" \/><\/a><\/figure>\n\n<div class=\"wp-block-post-excerpt\"><p class=\"wp-block-post-excerpt__excerpt\">Ilmastonmuutos vaikuttaa ilmastoomme ja aiheuttaa muutoksia s\u00e4\u00e4ilmi\u00f6ihin, kuten talvien leudontumista, hellejaksojen lis\u00e4\u00e4ntymist\u00e4, rankkasateita ja l\u00e4mp\u00f6tilan nopeita vaihteluita. N\u00e4m\u00e4 muutokset aiheuttavat<\/p><p class=\"wp-block-post-excerpt__more-text\"><a class=\"wp-block-post-excerpt__more-link\" href=\"https:\/\/sykli.fi\/demo\/vaikuttaminen\/paattyneet-kehittamishankkeet\/kanta-hameen-rakennetun-ympariston-sopeutuminen-ilmastonmuutokseen-ilmara\/\">Lue lis\u00e4\u00e4<\/a><\/p><\/div>\n<\/li><li class=\"wp-block-post post-65742 hankkeet type-hankkeet status-publish has-post-thumbnail hentry hankkeen_kateroriat-paattyneet-hankkeet\">\n<h2 class=\"wp-block-post-title\"><a href=\"https:\/\/sykli.fi\/demo\/vaikuttaminen\/paattyneet-kehittamishankkeet\/lumoa-kiinteistonhoitoon\/\" target=\"_self\" >LUMOA kiinteist\u00f6nhoitoon<\/a><\/h2>\n\n<figure class=\"wp-block-post-featured-image\"><a href=\"https:\/\/sykli.fi\/demo\/vaikuttaminen\/paattyneet-kehittamishankkeet\/lumoa-kiinteistonhoitoon\/\" target=\"_self\"  ><img loading=\"lazy\" decoding=\"async\" width=\"609\" height=\"340\" src=\"https:\/\/sykli.fi\/demo\/wp-content\/uploads\/2023\/11\/lumoa_logo_blacktxt.png\" class=\"attachment-post-thumbnail size-post-thumbnail wp-post-image\" alt=\"LUMOA kiinteist\u00f6nhoitoon\" style=\"object-fit:cover;\" srcset=\"https:\/\/sykli.fi\/demo\/wp-content\/uploads\/2023\/11\/lumoa_logo_blacktxt.png 609w, https:\/\/sykli.fi\/demo\/wp-content\/uploads\/2023\/11\/lumoa_logo_blacktxt-300x167.png 300w\" sizes=\"auto, (max-width: 609px) 100vw, 609px\" \/><\/a><\/figure>\n\n<div class=\"wp-block-post-excerpt\"><p class=\"wp-block-post-excerpt__excerpt\">LUMOA kiinteist\u00f6nhoitoon -hankkeessa koulutettiin kiinteist\u00f6nhoito- ja viheralan toimijoita luonnon monimuotoisuudesta sek\u00e4 sen turvaamisesta k\u00e4yt\u00e4nn\u00f6n teht\u00e4viss\u00e4. Hanke oli EU:n osarahoittama ja<\/p><p class=\"wp-block-post-excerpt__more-text\"><a class=\"wp-block-post-excerpt__more-link\" href=\"https:\/\/sykli.fi\/demo\/vaikuttaminen\/paattyneet-kehittamishankkeet\/lumoa-kiinteistonhoitoon\/\">Lue lis\u00e4\u00e4<\/a><\/p><\/div>\n<\/li><li class=\"wp-block-post post-65720 hankkeet type-hankkeet status-publish has-post-thumbnail hentry hankkeen_kateroriat-paattyneet-hankkeet\">\n<h2 class=\"wp-block-post-title\"><a href=\"https:\/\/sykli.fi\/demo\/vaikuttaminen\/paattyneet-kehittamishankkeet\/opiskelijan-aanella\/\" target=\"_self\" >Opiskelijan \u00e4\u00e4nell\u00e4<\/a><\/h2>\n\n<figure class=\"wp-block-post-featured-image\"><a href=\"https:\/\/sykli.fi\/demo\/vaikuttaminen\/paattyneet-kehittamishankkeet\/opiskelijan-aanella\/\" target=\"_self\"  ><img loading=\"lazy\" decoding=\"async\" width=\"2560\" height=\"894\" src=\"https:\/\/sykli.fi\/demo\/wp-content\/uploads\/2023\/04\/kehittamishankkeet.png\" class=\"attachment-post-thumbnail size-post-thumbnail wp-post-image\" alt=\"Opiskelijan \u00e4\u00e4nell\u00e4\" style=\"object-fit:cover;\" srcset=\"https:\/\/sykli.fi\/demo\/wp-content\/uploads\/2023\/04\/kehittamishankkeet.png 2560w, https:\/\/sykli.fi\/demo\/wp-content\/uploads\/2023\/04\/kehittamishankkeet-300x105.png 300w, https:\/\/sykli.fi\/demo\/wp-content\/uploads\/2023\/04\/kehittamishankkeet-1024x358.png 1024w, https:\/\/sykli.fi\/demo\/wp-content\/uploads\/2023\/04\/kehittamishankkeet-768x268.png 768w, https:\/\/sykli.fi\/demo\/wp-content\/uploads\/2023\/04\/kehittamishankkeet-1536x537.png 1536w, https:\/\/sykli.fi\/demo\/wp-content\/uploads\/2023\/04\/kehittamishankkeet-2048x715.png 2048w\" sizes=\"auto, (max-width: 2560px) 100vw, 2560px\" \/><\/a><\/figure>\n\n<div class=\"wp-block-post-excerpt\"><p class=\"wp-block-post-excerpt__excerpt\">Hankkeen 17 ammatillisen koulutuksen j\u00e4rjest\u00e4j\u00e4\u00e4 kehittiv\u00e4t uudenlaisia ja innovatiivisia malleja opiskelijoiden osallisuuden, osaamisidentiteetin, toimintakyvyn ja arjentaitojen vahvistamiseen. Lis\u00e4ksi kehitimme erilaisiin<\/p><p class=\"wp-block-post-excerpt__more-text\"><a class=\"wp-block-post-excerpt__more-link\" href=\"https:\/\/sykli.fi\/demo\/vaikuttaminen\/paattyneet-kehittamishankkeet\/opiskelijan-aanella\/\">Lue lis\u00e4\u00e4<\/a><\/p><\/div>\n<\/li><\/ul>\n\n<nav class=\"wp-block-query-pagination is-layout-flex wp-block-query-pagination-is-layout-flex\" aria-label=\"Sivutus\">\n\n\n<div class=\"wp-block-query-pagination-numbers\"><span aria-current=\"page\" class=\"page-numbers current\">1<\/span>\n<a class=\"page-numbers\" href=\"?query-3-page=2\">2<\/a>\n<a class=\"page-numbers\" href=\"?query-3-page=3\">3<\/a>\n<span class=\"page-numbers dots\">&hellip;<\/span>\n<a class=\"page-numbers\" href=\"?query-3-page=13\">13<\/a><\/div>\n\n<a href=\"\/demo\/wp-json\/wp\/v2\/pages\/62272?query-3-page=2\" class=\"wp-block-query-pagination-next\">Seuraava sivu<\/a>\n<\/nav>\n\n<\/div>\n","protected":false},"excerpt":{"rendered":"","protected":false},"author":1,"featured_media":62270,"parent":47,"menu_order":2,"comment_status":"closed","ping_status":"closed","template":"","meta":{"_acf_changed":false,"footnotes":""},"class_list":["post-62272","page","type-page","status-publish","has-post-thumbnail","hentry"],"acf":[],"_links":{"self":[{"href":"https:\/\/sykli.fi\/demo\/wp-json\/wp\/v2\/pages\/62272","targetHints":{"allow":["GET"]}}],"collection":[{"href":"https:\/\/sykli.fi\/demo\/wp-json\/wp\/v2\/pages"}],"about":[{"href":"https:\/\/sykli.fi\/demo\/wp-json\/wp\/v2\/types\/page"}],"author":[{"embeddable":true,"href":"https:\/\/sykli.fi\/demo\/wp-json\/wp\/v2\/users\/1"}],"replies":[{"embeddable":true,"href":"https:\/\/sykli.fi\/demo\/wp-json\/wp\/v2\/comments?post=62272"}],"version-history":[{"count":0,"href":"https:\/\/sykli.fi\/demo\/wp-json\/wp\/v2\/pages\/62272\/revisions"}],"up":[{"embeddable":true,"href":"https:\/\/sykli.fi\/demo\/wp-json\/wp\/v2\/pages\/47"}],"wp:featuredmedia":[{"embeddable":true,"href":"https:\/\/sykli.fi\/demo\/wp-json\/wp\/v2\/media\/62270"}],"wp:attachment":[{"href":"https:\/\/sykli.fi\/demo\/wp-json\/wp\/v2\/media?parent=62272"}],"curies":[{"name":"wp","href":"https:\/\/api.w.org\/{rel}","templated":true}]}}