{"id":62258,"date":"2022-10-21T14:51:07","date_gmt":"2022-10-21T11:51:07","guid":{"rendered":"http:\/\/localhost\/sykli\/?page_id=62258"},"modified":"2023-09-26T16:43:44","modified_gmt":"2023-09-26T13:43:44","slug":"kiertotalous-haltuun-pelaamalla-circula-kiertotaloustyopaja","status":"publish","type":"page","link":"https:\/\/sykli.fi\/demo\/koulutusalat\/laatu-ymparisto-ja-turvallisuusjohtaminen\/tilauskoulutukset\/kiertotalous-haltuun-pelaamalla-circula-kiertotaloustyopaja\/","title":{"rendered":"Kiertotalous haltuun pelaamalla: Circula\u00ae -kiertotalousty\u00f6paja"},"content":{"rendered":"\r\n<section id=\"hero-block_b00974ae66cb423a76de8f4ce2b71332\" class=\"hero site-banner section-default default alignfull\">\r\n\r\n    <div class=\"site-banner-bg section-bg-image \" >\r\n\r\n        <img loading=\"lazy\" decoding=\"async\" width=\"2560\" height=\"1429\" src=\"https:\/\/sykli.fi\/demo\/wp-content\/uploads\/2023\/04\/shutterstock_1493445623-LYT-scaled.jpg\" class=\"attachment-1536\u00d71536 size-1536\u00d71536\" alt=\"Palapelin palat.\" srcset=\"https:\/\/sykli.fi\/demo\/wp-content\/uploads\/2023\/04\/shutterstock_1493445623-LYT-scaled.jpg 2560w, https:\/\/sykli.fi\/demo\/wp-content\/uploads\/2023\/04\/shutterstock_1493445623-LYT-300x167.jpg 300w, https:\/\/sykli.fi\/demo\/wp-content\/uploads\/2023\/04\/shutterstock_1493445623-LYT-1024x571.jpg 1024w, https:\/\/sykli.fi\/demo\/wp-content\/uploads\/2023\/04\/shutterstock_1493445623-LYT-768x429.jpg 768w, https:\/\/sykli.fi\/demo\/wp-content\/uploads\/2023\/04\/shutterstock_1493445623-LYT-1536x857.jpg 1536w, https:\/\/sykli.fi\/demo\/wp-content\/uploads\/2023\/04\/shutterstock_1493445623-LYT-2048x1143.jpg 2048w\" sizes=\"auto, (max-width: 2560px) 100vw, 2560px\" \/>\r\n        \r\n        \r\n            <div class=\"site-banner-content container\">\r\n                <div class=\"row w-100\">\r\n                    <div class=\"col-md-12\">\r\n                        <div class=\"hero-text-overlay\">\r\n                                                                <h1 class=\"hero-title\">Kiertotalous haltuun pelaamalla: Circula\u00ae -kiertotalousty\u00f6paja<\/h1>\r\n                            <div class=\"inner-content\">\r\n                            <div class=\"acf-innerblocks-container\"><\/div>\r\n                        <\/div>                        <\/div>\r\n                    <\/div>\r\n                <\/div>\r\n            <\/div>\r\n\r\n        <\/section>\n\n\n<p>Tulevaisuudessa menestyv\u00e4t ne yritykset, jotka uudistavat liiketoimintamallinsa kiertotalouden liiketoimintamalleiksi. Circula\u00ae Kehitt\u00e4misty\u00f6paja on hauska tapa tutustua kiertotalouteen ja samalla kehitt\u00e4\u00e4 yrityksen toimintaa!<\/p>\n\n\n\n<p>Haluaisitko ymm\u00e4rt\u00e4\u00e4 paremmin kiertotaloutta tai tiet\u00e4\u00e4, miten oman yrityksesi toimintaa voisi uudistaa sen mukaisesti? Tuntuuko asiaan perehtyminen hankalalta? Circula\u00ae Kiertotalousty\u00f6pajassa tutustutaan kiertotalouteen ja sen eri liiketoimintamalleihin luovan tiimity\u00f6n kautta ja pelimenetelmi\u00e4 hy\u00f6dynt\u00e4en. Samalla ty\u00f6paja ohjaa tunnistamaan omia ja muiden vahvuuksia. Circula\u00ae menetelm\u00e4\u00e4 voidaan k\u00e4ytt\u00e4\u00e4 yritysten kehitt\u00e4misty\u00f6ss\u00e4, tiimien kehitt\u00e4misen v\u00e4lineen\u00e4 tai ilmastovastuuseen motivoinnin ty\u00f6kaluna.<\/p>\n\n\n\n<figure class=\"wp-block-image size-large is-resized\"><img loading=\"lazy\" decoding=\"async\" src=\"https:\/\/sykli.fi\/demo\/\/wp-content\/uploads\/2023\/04\/Circula_logo_rgb-1024x383.png\" alt=\"\" class=\"wp-image-63838\" width=\"256\" height=\"96\" srcset=\"https:\/\/sykli.fi\/demo\/wp-content\/uploads\/2023\/04\/Circula_logo_rgb-1024x383.png 1024w, https:\/\/sykli.fi\/demo\/wp-content\/uploads\/2023\/04\/Circula_logo_rgb-300x112.png 300w, https:\/\/sykli.fi\/demo\/wp-content\/uploads\/2023\/04\/Circula_logo_rgb-768x287.png 768w, https:\/\/sykli.fi\/demo\/wp-content\/uploads\/2023\/04\/Circula_logo_rgb.png 1230w\" sizes=\"auto, (max-width: 256px) 100vw, 256px\" \/><\/figure>\n\n\n\n<p><strong>Kohderyhm\u00e4<\/strong><br>Ty\u00f6paja voidaan toteuttaa koko henkil\u00f6st\u00f6lle, yksik\u00f6ille tai tiimeille, tai yrityksen johdolle ja esihenkil\u00f6ille. Ty\u00f6pajan voi j\u00e4rjest\u00e4\u00e4 my\u00f6s yrityksen yhteisty\u00f6kumppaneille ja verkostoille.<\/p>\n\n\n\n<p><strong>Toteutustapa<\/strong><br>Tilausty\u00f6paja, jonka kesto r\u00e4\u00e4t\u00e4l\u00f6id\u00e4\u00e4n asiakkaan tarpeen mukaan, \u00bd-1 pv.<\/p>\n\n\n\n<p><strong>Hinta<\/strong><\/p>\n\n\n\n<ul class=\"wp-block-list\">\n<li><strong>Peruspaketti<\/strong><br>Lyhyt johdatus kiertotalouteen, Kiertotalousk\u00e4vely, Circula\u00ae-pelin pelaaminen<br><strong>Kesto:<\/strong>&nbsp;3 tuntia<br><strong>Hinta:<\/strong>&nbsp;900 \u20ac (+ alv. 24 % + matkakulut)<\/li>\n\n\n\n<li><strong>R\u00e4\u00e4t\u00e4l\u00f6ity paketti<\/strong><br>Circulasta saa enemm\u00e4n irti, jos sit\u00e4 pelataan oikeilla ylij\u00e4\u00e4m\u00e4resursseilla. R\u00e4\u00e4t\u00e4l\u00f6idyss\u00e4 Circula\u00ae-peliss\u00e4 selvit\u00e4mme ensin yhdess\u00e4 yrityksen tai alueen yritysten oikeita materiaalivirtoja ja ylij\u00e4\u00e4mi\u00e4. Tuloksena voi synty\u00e4 aivan oikeita ideoita kiertotalouden mukaiseen liiketoimintaan.<br>Lyhyt johdatus kiertotalouteen, Kiertotalousk\u00e4vely, Circula\u00ae-pelin pelaaminen<br><strong>Kesto:<\/strong>&nbsp;valmistelu 2 h, peliaika 4 tuntia<br><strong>Hinta:<\/strong>&nbsp;1800 \u20ac (+ alv. 24 % + matkakulut)<\/li>\n<\/ul>\n\n\n<h2>Kysy lis\u00e4\u00e4<\/h2>\r\n<div class=\"row\">\r\n                                <div class=\"col-md-6\">\r\n                    <div class=\"staff-box\">\r\n                        <div class=\"row\">\r\n                            <div class=\"col-4\">\r\n                                <img loading=\"lazy\" decoding=\"async\" width=\"150\" height=\"250\" src=\"https:\/\/sykli.fi\/demo\/wp-content\/uploads\/2022\/09\/Aura_Piha_2019_nettisivuille_mv.jpg\" class=\"attachment-post-thumbnail size-post-thumbnail wp-post-image\" alt=\"\" \/>                            <\/div>\r\n                            <div class=\"col-8\">\r\n                                <h3>Aura Piha<\/h3>\r\n                                Verkkokurssivastaava, Ammattilaisen k\u00e4denj\u00e4lki                                <ul>\r\n                                    <li><svg xmlns=\"http:\/\/www.w3.org\/2000\/svg\" width=\"16\" height=\"16\" fill=\"currentColor\" class=\"bi bi-telephone-fill\" viewBox=\"0 0 16 16\">\r\n                                <path fill-rule=\"evenodd\" d=\"M1.885.511a1.745 1.745 0 0 1 2.61.163L6.29 2.98c.329.423.445.974.315 1.494l-.547 2.19a.678.678 0 0 0 .178.643l2.457 2.457a.678.678 0 0 0 .644.178l2.189-.547a1.745 1.745 0 0 1 1.494.315l2.306 1.794c.829.645.905 1.87.163 2.611l-1.034 1.034c-.74.74-1.846 1.065-2.877.702a18.634 18.634 0 0 1-7.01-4.42 18.634 18.634 0 0 1-4.42-7.009c-.362-1.03-.037-2.137.703-2.877L1.885.511z\"\/>\r\n                              <\/svg> <a href=\"tel:+358504642696\">050 464 2696<\/a><\/li><li><svg xmlns=\"http:\/\/www.w3.org\/2000\/svg\" width=\"16\" height=\"16\" fill=\"currentColor\" class=\"bi bi-envelope-fill\" viewBox=\"0 0 16 16\">\r\n                                <path d=\"M.05 3.555A2 2 0 0 1 2 2h12a2 2 0 0 1 1.95 1.555L8 8.414.05 3.555ZM0 4.697v7.104l5.803-3.558L0 4.697ZM6.761 8.83l-6.57 4.027A2 2 0 0 0 2 14h12a2 2 0 0 0 1.808-1.144l-6.57-4.027L8 9.586l-1.239-.757Zm3.436-.586L16 11.801V4.697l-5.803 3.546Z\"\/>\r\n                              <\/svg> <a href=\"mailto:aura.piha@sykli.fi\">aura.piha@sykli.fi<\/a><\/li>                                <\/ul>\r\n                            <\/div>\r\n                        <\/div>\r\n                    <\/div>\r\n                <\/div>\r\n    <\/div>","protected":false},"excerpt":{"rendered":"<p>Tulevaisuudessa menestyv\u00e4t ne yritykset, jotka uudistavat liiketoimintamallinsa kiertotalouden liiketoimintamalleiksi. Circula\u00ae Kehitt\u00e4misty\u00f6paja on hauska tapa tutustua kiertotalouteen ja samalla kehitt\u00e4\u00e4 yrityksen [&hellip;]<\/p>\n","protected":false},"author":2,"featured_media":63695,"parent":62059,"menu_order":4,"comment_status":"closed","ping_status":"closed","template":"","meta":{"_acf_changed":false,"footnotes":""},"class_list":["post-62258","page","type-page","status-publish","has-post-thumbnail","hentry"],"acf":[],"_links":{"self":[{"href":"https:\/\/sykli.fi\/demo\/wp-json\/wp\/v2\/pages\/62258","targetHints":{"allow":["GET"]}}],"collection":[{"href":"https:\/\/sykli.fi\/demo\/wp-json\/wp\/v2\/pages"}],"about":[{"href":"https:\/\/sykli.fi\/demo\/wp-json\/wp\/v2\/types\/page"}],"author":[{"embeddable":true,"href":"https:\/\/sykli.fi\/demo\/wp-json\/wp\/v2\/users\/2"}],"replies":[{"embeddable":true,"href":"https:\/\/sykli.fi\/demo\/wp-json\/wp\/v2\/comments?post=62258"}],"version-history":[{"count":1,"href":"https:\/\/sykli.fi\/demo\/wp-json\/wp\/v2\/pages\/62258\/revisions"}],"predecessor-version":[{"id":65233,"href":"https:\/\/sykli.fi\/demo\/wp-json\/wp\/v2\/pages\/62258\/revisions\/65233"}],"up":[{"embeddable":true,"href":"https:\/\/sykli.fi\/demo\/wp-json\/wp\/v2\/pages\/62059"}],"wp:featuredmedia":[{"embeddable":true,"href":"https:\/\/sykli.fi\/demo\/wp-json\/wp\/v2\/media\/63695"}],"wp:attachment":[{"href":"https:\/\/sykli.fi\/demo\/wp-json\/wp\/v2\/media?parent=62258"}],"curies":[{"name":"wp","href":"https:\/\/api.w.org\/{rel}","templated":true}]}}