{"id":62246,"date":"2022-10-21T14:42:07","date_gmt":"2022-10-21T11:42:07","guid":{"rendered":"http:\/\/localhost\/sykli\/?page_id=62246"},"modified":"2023-09-26T16:40:32","modified_gmt":"2023-09-26T13:40:32","slug":"ilmastohuolesta-ilmastovastuuseen","status":"publish","type":"page","link":"https:\/\/sykli.fi\/demo\/koulutusalat\/laatu-ymparisto-ja-turvallisuusjohtaminen\/tilauskoulutukset\/ilmastohuolesta-ilmastovastuuseen\/","title":{"rendered":"Ilmastohuolesta ilmastovastuuseen"},"content":{"rendered":"\r\n<section id=\"hero-block_a4ee70ed891766572b9d10d6e5cea666\" class=\"hero site-banner section-default default alignfull\">\r\n\r\n    <div class=\"site-banner-bg section-bg-image \" >\r\n\r\n        <img loading=\"lazy\" decoding=\"async\" width=\"2560\" height=\"1429\" src=\"https:\/\/sykli.fi\/demo\/wp-content\/uploads\/2023\/04\/shutterstock_1493445623-LYT-scaled.jpg\" class=\"attachment-1536\u00d71536 size-1536\u00d71536\" alt=\"Palapelin palat.\" srcset=\"https:\/\/sykli.fi\/demo\/wp-content\/uploads\/2023\/04\/shutterstock_1493445623-LYT-scaled.jpg 2560w, https:\/\/sykli.fi\/demo\/wp-content\/uploads\/2023\/04\/shutterstock_1493445623-LYT-300x167.jpg 300w, https:\/\/sykli.fi\/demo\/wp-content\/uploads\/2023\/04\/shutterstock_1493445623-LYT-1024x571.jpg 1024w, https:\/\/sykli.fi\/demo\/wp-content\/uploads\/2023\/04\/shutterstock_1493445623-LYT-768x429.jpg 768w, https:\/\/sykli.fi\/demo\/wp-content\/uploads\/2023\/04\/shutterstock_1493445623-LYT-1536x857.jpg 1536w, https:\/\/sykli.fi\/demo\/wp-content\/uploads\/2023\/04\/shutterstock_1493445623-LYT-2048x1143.jpg 2048w\" sizes=\"auto, (max-width: 2560px) 100vw, 2560px\" \/>\r\n        \r\n        \r\n            <div class=\"site-banner-content container\">\r\n                <div class=\"row w-100\">\r\n                    <div class=\"col-md-12\">\r\n                        <div class=\"hero-text-overlay\">\r\n                                                                <h1 class=\"hero-title\">Ilmastohuolesta ilmastovastuuseen<\/h1>\r\n                            <div class=\"inner-content\">\r\n                            <div class=\"acf-innerblocks-container\"><\/div>\r\n                        <\/div>                        <\/div>\r\n                    <\/div>\r\n                <\/div>\r\n            <\/div>\r\n\r\n        <\/section>\n\n\n<h2 class=\"wp-block-heading\">Ilmastohuolesta ilmastovastuuseen -ty\u00f6paja<\/h2>\n\n\n\n<p>Ilmastonmuutos on suomalaisten nuorten suurin huolenaihe. Ilmastonmuutos huolestuttaa my\u00f6s aikuisia. T\u00e4m\u00e4 n\u00e4kyy monin uusin tavoin ty\u00f6el\u00e4m\u00e4ss\u00e4: Ilmastohuoli vaikuttaa siihen, miten mielekk\u00e4\u00e4ksi ty\u00f6ntekij\u00e4t kokevat ty\u00f6ns\u00e4 ja miten he jaksavat ty\u00f6ss\u00e4\u00e4n. Yh\u00e4 useampi valitsee ty\u00f6paikkansa sen mukaan, miss\u00e4 m\u00e4\u00e4rin kokee ty\u00f6paikan arvomaailman vastaavan omia arvojaan.<\/p>\n\n\n\n<p>Ilmastohuolen positiivisia k\u00e4\u00e4nt\u00f6puolia ovat motivaatio ja halu toimia ilmastovastuullisesti. Ty\u00f6ll\u00e4\u00e4n ja ty\u00f6paikoillaan ihmiset voivat rakentaa kest\u00e4v\u00e4mp\u00e4\u00e4 tulevaisuutta. Yritykset ja ty\u00f6yhteis\u00f6t ovat keskeisess\u00e4 roolissa muutoksen tekij\u00f6in\u00e4 mahdollistaessaan t\u00e4m\u00e4n. Ilmastohuolesta ilmastovastuuseen -ty\u00f6pajassa luodaan osallistujille tilaa tutustua ilmastonmuutoksen aiheuttamiin tunteisiin ja ilmi\u00f6ihin, ja perehdyt\u00e4\u00e4n tapoihin, joille huoli voidaan kanavoida toiminnaksi erilaisissa ty\u00f6teht\u00e4viss\u00e4 ja -rooleissa. Ty\u00f6paja auttaa kehitt\u00e4m\u00e4\u00e4n ty\u00f6paikan ilmastovastuuta arjen ty\u00f6n ja toiminnan tasoilla.<\/p>\n\n\n\n<p><strong>Kohderyhm\u00e4<\/strong><br>Koulutus voidaan toteuttaa koko henkil\u00f6st\u00f6lle, yksik\u00f6ille tai tiimeille, tai yrityksen johdolle ja esihenkil\u00f6ille.<\/p>\n\n\n\n<p><strong>Toteutustapa<\/strong><br>Tilauskoulutus, jonka sis\u00e4lt\u00f6 r\u00e4\u00e4t\u00e4l\u00f6id\u00e4\u00e4n asiakkaan tarpeen mukaan. Kesto \u00bd-1 pv.<\/p>\n\n\n<h2>Kysy lis\u00e4\u00e4<\/h2>\r\n<div class=\"row\">\r\n                                <div class=\"col-md-6\">\r\n                    <div class=\"staff-box\">\r\n                        <div class=\"row\">\r\n                            <div class=\"col-4\">\r\n                                <img loading=\"lazy\" decoding=\"async\" width=\"150\" height=\"250\" src=\"https:\/\/sykli.fi\/demo\/wp-content\/uploads\/2022\/09\/pauli-vennervirta-2022-nettisivuille-mv.jpg\" class=\"attachment-post-thumbnail size-post-thumbnail wp-post-image\" alt=\"\" \/>                            <\/div>\r\n                            <div class=\"col-8\">\r\n                                <h3>Pauli Vennervirta<\/h3>\r\n                                Asiantuntija,\u00a0ilmasto                                <ul>\r\n                                    <li><svg xmlns=\"http:\/\/www.w3.org\/2000\/svg\" width=\"16\" height=\"16\" fill=\"currentColor\" class=\"bi bi-telephone-fill\" viewBox=\"0 0 16 16\">\r\n                                <path fill-rule=\"evenodd\" d=\"M1.885.511a1.745 1.745 0 0 1 2.61.163L6.29 2.98c.329.423.445.974.315 1.494l-.547 2.19a.678.678 0 0 0 .178.643l2.457 2.457a.678.678 0 0 0 .644.178l2.189-.547a1.745 1.745 0 0 1 1.494.315l2.306 1.794c.829.645.905 1.87.163 2.611l-1.034 1.034c-.74.74-1.846 1.065-2.877.702a18.634 18.634 0 0 1-7.01-4.42 18.634 18.634 0 0 1-4.42-7.009c-.362-1.03-.037-2.137.703-2.877L1.885.511z\"\/>\r\n                              <\/svg> <a href=\"tel:+358503873938\">050 387 3938<\/a><\/li><li><svg xmlns=\"http:\/\/www.w3.org\/2000\/svg\" width=\"16\" height=\"16\" fill=\"currentColor\" class=\"bi bi-envelope-fill\" viewBox=\"0 0 16 16\">\r\n                                <path d=\"M.05 3.555A2 2 0 0 1 2 2h12a2 2 0 0 1 1.95 1.555L8 8.414.05 3.555ZM0 4.697v7.104l5.803-3.558L0 4.697ZM6.761 8.83l-6.57 4.027A2 2 0 0 0 2 14h12a2 2 0 0 0 1.808-1.144l-6.57-4.027L8 9.586l-1.239-.757Zm3.436-.586L16 11.801V4.697l-5.803 3.546Z\"\/>\r\n                              <\/svg> <a href=\"mailto:pauli.vennervirta@sykli.fi\">pauli.vennervirta@sykli.fi<\/a><\/li>                                <\/ul>\r\n                            <\/div>\r\n                        <\/div>\r\n                    <\/div>\r\n                <\/div>\r\n    <\/div>","protected":false},"excerpt":{"rendered":"<p>Ilmastohuolesta ilmastovastuuseen -ty\u00f6paja Ilmastonmuutos on suomalaisten nuorten suurin huolenaihe. Ilmastonmuutos huolestuttaa my\u00f6s aikuisia. T\u00e4m\u00e4 n\u00e4kyy monin uusin tavoin ty\u00f6el\u00e4m\u00e4ss\u00e4: Ilmastohuoli [&hellip;]<\/p>\n","protected":false},"author":2,"featured_media":63695,"parent":62059,"menu_order":1,"comment_status":"closed","ping_status":"closed","template":"","meta":{"_acf_changed":false,"footnotes":""},"class_list":["post-62246","page","type-page","status-publish","has-post-thumbnail","hentry"],"acf":[],"_links":{"self":[{"href":"https:\/\/sykli.fi\/demo\/wp-json\/wp\/v2\/pages\/62246","targetHints":{"allow":["GET"]}}],"collection":[{"href":"https:\/\/sykli.fi\/demo\/wp-json\/wp\/v2\/pages"}],"about":[{"href":"https:\/\/sykli.fi\/demo\/wp-json\/wp\/v2\/types\/page"}],"author":[{"embeddable":true,"href":"https:\/\/sykli.fi\/demo\/wp-json\/wp\/v2\/users\/2"}],"replies":[{"embeddable":true,"href":"https:\/\/sykli.fi\/demo\/wp-json\/wp\/v2\/comments?post=62246"}],"version-history":[{"count":1,"href":"https:\/\/sykli.fi\/demo\/wp-json\/wp\/v2\/pages\/62246\/revisions"}],"predecessor-version":[{"id":65229,"href":"https:\/\/sykli.fi\/demo\/wp-json\/wp\/v2\/pages\/62246\/revisions\/65229"}],"up":[{"embeddable":true,"href":"https:\/\/sykli.fi\/demo\/wp-json\/wp\/v2\/pages\/62059"}],"wp:featuredmedia":[{"embeddable":true,"href":"https:\/\/sykli.fi\/demo\/wp-json\/wp\/v2\/media\/63695"}],"wp:attachment":[{"href":"https:\/\/sykli.fi\/demo\/wp-json\/wp\/v2\/media?parent=62246"}],"curies":[{"name":"wp","href":"https:\/\/api.w.org\/{rel}","templated":true}]}}