{"id":62227,"date":"2022-10-21T11:01:22","date_gmt":"2022-10-21T08:01:22","guid":{"rendered":"http:\/\/localhost\/sykli\/?page_id=62227"},"modified":"2023-06-06T15:19:18","modified_gmt":"2023-06-06T12:19:18","slug":"jatevedenpumppaamojen-huoltokoulutus","status":"publish","type":"page","link":"https:\/\/sykli.fi\/demo\/koulutusalat\/vesihuolto\/lyhytkoulutukset\/jatevedenpumppaamojen-huoltokoulutus\/","title":{"rendered":"J\u00e4tevedenpumppaamojen huoltokoulutus"},"content":{"rendered":"\r\n<section id=\"hero-block_1123cdcf6037ba2fa6fc4bddc814a3f8\" class=\"hero site-banner section-default default alignfull\">\r\n\r\n    <div class=\"site-banner-bg section-bg-image \" >\r\n\r\n        <img loading=\"lazy\" decoding=\"async\" width=\"2560\" height=\"1919\" src=\"https:\/\/sykli.fi\/demo\/wp-content\/uploads\/2023\/04\/shutterstock_1028274760-vesihuolto-scaled.jpg\" class=\"attachment-1536\u00d71536 size-1536\u00d71536\" alt=\"Vesihuolto\" srcset=\"https:\/\/sykli.fi\/demo\/wp-content\/uploads\/2023\/04\/shutterstock_1028274760-vesihuolto-scaled.jpg 2560w, https:\/\/sykli.fi\/demo\/wp-content\/uploads\/2023\/04\/shutterstock_1028274760-vesihuolto-300x225.jpg 300w, https:\/\/sykli.fi\/demo\/wp-content\/uploads\/2023\/04\/shutterstock_1028274760-vesihuolto-1024x767.jpg 1024w, https:\/\/sykli.fi\/demo\/wp-content\/uploads\/2023\/04\/shutterstock_1028274760-vesihuolto-768x576.jpg 768w, https:\/\/sykli.fi\/demo\/wp-content\/uploads\/2023\/04\/shutterstock_1028274760-vesihuolto-1536x1151.jpg 1536w, https:\/\/sykli.fi\/demo\/wp-content\/uploads\/2023\/04\/shutterstock_1028274760-vesihuolto-2048x1535.jpg 2048w\" sizes=\"auto, (max-width: 2560px) 100vw, 2560px\" \/>\r\n        \r\n        \r\n            <div class=\"site-banner-content container\">\r\n                <div class=\"row w-100\">\r\n                    <div class=\"col-md-12\">\r\n                        <div class=\"hero-text-overlay\">\r\n                                                                <h1 class=\"hero-title\">J\u00e4teveden&shy;pumppaamojen huoltokoulutus<\/h1>\r\n                            <div class=\"inner-content\">\r\n                            <div class=\"acf-innerblocks-container\"><\/div>\r\n                        <\/div>                        <\/div>\r\n                    <\/div>\r\n                <\/div>\r\n            <\/div>\r\n\r\n        <\/section>\n\n\n<p>Tiivis paketti j\u00e4tevesipumppaamoiden huoltoon liittyvist\u00e4 asioista automaation, pumppaustekniikan ja turvallisuuden n\u00e4k\u00f6kulmasta.<\/p>\n\n\n\n<p>Osallistujat saavat j\u00e4tevesipumppaamoiden huoltoon liittyen k\u00e4sityksen pumppaamoiden ohjauksessa k\u00e4ytett\u00e4v\u00e4st\u00e4 automaatiosta, j\u00e4teveden pumppaamisen liittyv\u00e4st\u00e4 tekniikasta ja huoltoon liittyvist\u00e4 turvallisuusn\u00e4k\u00f6kulmista.<\/p>\n\n\n\n<p><strong>Sis\u00e4lt\u00f6<br><\/strong><br><strong>Pumppaamoiden automaatio<\/strong><\/p>\n\n\n\n<ul class=\"wp-block-list\">\n<li>pumppaamoissa k\u00e4ytetty automaatio<\/li>\n\n\n\n<li>pumppaamoautomaation valinnan  haasteet<\/li>\n\n\n\n<li>erilaiset mittaustekniikat ja tiedonsiirtov\u00e4yl\u00e4t<\/li>\n<\/ul>\n\n\n\n<p><strong>Pumppaamoturvallisuus<\/strong><br><br><strong>Pumppaustekniikka<\/strong><\/p>\n\n\n\n<ul class=\"wp-block-list\">\n<li>erilaiset pumppausmenetelm\u00e4t<\/li>\n\n\n\n<li>pumppaamojen valinta<\/li>\n<\/ul>\n\n\n\n<p><strong>Pumppaamoiden energiatehokkuus<\/strong><\/p>\n\n\n\n<ul class=\"wp-block-list\">\n<li>Pumppujen valinnan ja verkoston huollon vaikutus energiatehokkuuteen<\/li>\n<\/ul>\n\n\n\n<p><strong>Pumppaamoiden huolto<\/strong><\/p>\n\n\n\n<ul class=\"wp-block-list\">\n<li>huolto-ohjelmat<\/li>\n\n\n\n<li>yll\u00e4pito- ja m\u00e4\u00e4r\u00e4aikaishuollot<\/li>\n<\/ul>\n\n\n\n<p><strong>Alan uutuudet<\/strong><\/p>\n\n\n\n<p><\/p>\n\n\n\n<p><strong>Kohderyhm\u00e4<\/strong><br>Kunnallisten pumppaamoiden huoltohenkil\u00f6st\u00f6 ja ty\u00f6njohtajat.<\/p>\n\n\n\n<p><strong>Kesto<\/strong><br>1 pv<\/p>\n\n\n<h2>Kysy lis\u00e4\u00e4 ja pyyd\u00e4 tarjous!<\/h2>\r\n<div class=\"row\">\r\n                                <div class=\"col-md-6\">\r\n                    <div class=\"staff-box\">\r\n                        <div class=\"row\">\r\n                            <div class=\"col-4\">\r\n                                <img loading=\"lazy\" decoding=\"async\" width=\"150\" height=\"250\" src=\"https:\/\/sykli.fi\/demo\/wp-content\/uploads\/2022\/09\/risto-ponto-2022-nettisivuille-mv.jpg\" class=\"attachment-post-thumbnail size-post-thumbnail wp-post-image\" alt=\"\" \/>                            <\/div>\r\n                            <div class=\"col-8\">\r\n                                <h3>Risto Ponto<\/h3>\r\n                                Asiantuntija, vesihuolto                                <ul>\r\n                                    <li><svg xmlns=\"http:\/\/www.w3.org\/2000\/svg\" width=\"16\" height=\"16\" fill=\"currentColor\" class=\"bi bi-telephone-fill\" viewBox=\"0 0 16 16\">\r\n                                <path fill-rule=\"evenodd\" d=\"M1.885.511a1.745 1.745 0 0 1 2.61.163L6.29 2.98c.329.423.445.974.315 1.494l-.547 2.19a.678.678 0 0 0 .178.643l2.457 2.457a.678.678 0 0 0 .644.178l2.189-.547a1.745 1.745 0 0 1 1.494.315l2.306 1.794c.829.645.905 1.87.163 2.611l-1.034 1.034c-.74.74-1.846 1.065-2.877.702a18.634 18.634 0 0 1-7.01-4.42 18.634 18.634 0 0 1-4.42-7.009c-.362-1.03-.037-2.137.703-2.877L1.885.511z\"\/>\r\n                              <\/svg> <a href=\"tel:+358503879555\">050 387 9555<\/a><\/li><li><svg xmlns=\"http:\/\/www.w3.org\/2000\/svg\" width=\"16\" height=\"16\" fill=\"currentColor\" class=\"bi bi-envelope-fill\" viewBox=\"0 0 16 16\">\r\n                                <path d=\"M.05 3.555A2 2 0 0 1 2 2h12a2 2 0 0 1 1.95 1.555L8 8.414.05 3.555ZM0 4.697v7.104l5.803-3.558L0 4.697ZM6.761 8.83l-6.57 4.027A2 2 0 0 0 2 14h12a2 2 0 0 0 1.808-1.144l-6.57-4.027L8 9.586l-1.239-.757Zm3.436-.586L16 11.801V4.697l-5.803 3.546Z\"\/>\r\n                              <\/svg> <a href=\"mailto:risto.ponto@sykli.fi\">risto.ponto@sykli.fi<\/a><\/li>                                <\/ul>\r\n                            <\/div>\r\n                        <\/div>\r\n                    <\/div>\r\n                <\/div>\r\n    <\/div>","protected":false},"excerpt":{"rendered":"<p>Tiivis paketti j\u00e4tevesipumppaamoiden huoltoon liittyvist\u00e4 asioista automaation, pumppaustekniikan ja turvallisuuden n\u00e4k\u00f6kulmasta. Osallistujat saavat j\u00e4tevesipumppaamoiden huoltoon liittyen k\u00e4sityksen pumppaamoiden ohjauksessa k\u00e4ytett\u00e4v\u00e4st\u00e4 [&hellip;]<\/p>\n","protected":false},"author":2,"featured_media":63691,"parent":62026,"menu_order":3,"comment_status":"closed","ping_status":"closed","template":"","meta":{"_acf_changed":false,"footnotes":""},"class_list":["post-62227","page","type-page","status-publish","has-post-thumbnail","hentry"],"acf":[],"_links":{"self":[{"href":"https:\/\/sykli.fi\/demo\/wp-json\/wp\/v2\/pages\/62227","targetHints":{"allow":["GET"]}}],"collection":[{"href":"https:\/\/sykli.fi\/demo\/wp-json\/wp\/v2\/pages"}],"about":[{"href":"https:\/\/sykli.fi\/demo\/wp-json\/wp\/v2\/types\/page"}],"author":[{"embeddable":true,"href":"https:\/\/sykli.fi\/demo\/wp-json\/wp\/v2\/users\/2"}],"replies":[{"embeddable":true,"href":"https:\/\/sykli.fi\/demo\/wp-json\/wp\/v2\/comments?post=62227"}],"version-history":[{"count":0,"href":"https:\/\/sykli.fi\/demo\/wp-json\/wp\/v2\/pages\/62227\/revisions"}],"up":[{"embeddable":true,"href":"https:\/\/sykli.fi\/demo\/wp-json\/wp\/v2\/pages\/62026"}],"wp:featuredmedia":[{"embeddable":true,"href":"https:\/\/sykli.fi\/demo\/wp-json\/wp\/v2\/media\/63691"}],"wp:attachment":[{"href":"https:\/\/sykli.fi\/demo\/wp-json\/wp\/v2\/media?parent=62227"}],"curies":[{"name":"wp","href":"https:\/\/api.w.org\/{rel}","templated":true}]}}