{"id":62216,"date":"2022-10-21T10:57:13","date_gmt":"2022-10-21T07:57:13","guid":{"rendered":"http:\/\/localhost\/sykli\/?page_id=62216"},"modified":"2023-08-11T08:52:26","modified_gmt":"2023-08-11T05:52:26","slug":"lyhytkestoisten-maarakennustoiden-liikennejarjestelyt-liksu","status":"publish","type":"page","link":"https:\/\/sykli.fi\/demo\/koulutusalat\/vesihuolto\/lyhytkoulutukset\/lyhytkestoisten-maarakennustoiden-liikennejarjestelyt-liksu\/","title":{"rendered":"Lyhytkestoisten maarakennust\u00f6iden liikennej\u00e4rjestelyt &#8211; LIKSU"},"content":{"rendered":"\r\n<section id=\"hero-block_8cc2665d3b21ae7f673bbb2ed05db386\" class=\"hero site-banner section-default default alignfull\">\r\n\r\n    <div class=\"site-banner-bg section-bg-image \" >\r\n\r\n        <img loading=\"lazy\" decoding=\"async\" width=\"2560\" height=\"1919\" src=\"https:\/\/sykli.fi\/demo\/wp-content\/uploads\/2023\/04\/shutterstock_1028274760-vesihuolto-scaled.jpg\" class=\"attachment-1536\u00d71536 size-1536\u00d71536\" alt=\"Vesihuolto\" srcset=\"https:\/\/sykli.fi\/demo\/wp-content\/uploads\/2023\/04\/shutterstock_1028274760-vesihuolto-scaled.jpg 2560w, https:\/\/sykli.fi\/demo\/wp-content\/uploads\/2023\/04\/shutterstock_1028274760-vesihuolto-300x225.jpg 300w, https:\/\/sykli.fi\/demo\/wp-content\/uploads\/2023\/04\/shutterstock_1028274760-vesihuolto-1024x767.jpg 1024w, https:\/\/sykli.fi\/demo\/wp-content\/uploads\/2023\/04\/shutterstock_1028274760-vesihuolto-768x576.jpg 768w, https:\/\/sykli.fi\/demo\/wp-content\/uploads\/2023\/04\/shutterstock_1028274760-vesihuolto-1536x1151.jpg 1536w, https:\/\/sykli.fi\/demo\/wp-content\/uploads\/2023\/04\/shutterstock_1028274760-vesihuolto-2048x1535.jpg 2048w\" sizes=\"auto, (max-width: 2560px) 100vw, 2560px\" \/>\r\n        \r\n        \r\n            <div class=\"site-banner-content container\">\r\n                <div class=\"row w-100\">\r\n                    <div class=\"col-md-12\">\r\n                        <div class=\"hero-text-overlay\">\r\n                                                                <h1 class=\"hero-title\">Lyhytkestoisten maarakennust\u00f6iden liikennej\u00e4rjestelyt &#8211; LIKSU<\/h1>\r\n                            <div class=\"inner-content\">\r\n                            <div class=\"acf-innerblocks-container\"><\/div>\r\n                        <\/div>                        <\/div>\r\n                    <\/div>\r\n                <\/div>\r\n            <\/div>\r\n\r\n        <\/section>\n\n\n<p>Koulutus antaa valmiuksia putkirikko, ym. yll\u00e4tt\u00e4vien liikennealueilla teht\u00e4vien, lyhytkestoisten ty\u00f6maiden liikennej\u00e4rjestelyjen suunnitteluun.<\/p>\n\n\n\n<p>Koulutukseen osallistuneet saavat k\u00e4ytt\u00f6\u00f6ns\u00e4 my\u00f6s\u00a0<strong><a href=\"https:\/\/liikennemerkkisovellus.sykli.fi\/\">LIKS<\/a><a href=\"https:\/\/liikennemerkkisovellus.sykli.fi\/\" target=\"_blank\" rel=\"noreferrer noopener\">U -suunnitteluohjelman<\/a><\/strong>!<\/p>\n\n\n\n<p><strong>Tavoite<\/strong><\/p>\n\n\n\n<p>Koulutuksen tavoitteena on vesihuoltolaitosten, maarakentajien ja muiden katualueilla ty\u00f6skentelevien tahojen valmiuksien parantaminen liikennej\u00e4rjestelyjen suunnittelussa ja j\u00e4rjest\u00e4misess\u00e4. Laki kadun ja er\u00e4iden yleisten alueiden kunnossa- ja puhtaanpidosta (547\/2005) edellytt\u00e4\u00e4 liikennealueella toimijoita suunnittelemaan ja j\u00e4rjest\u00e4m\u00e4\u00e4n ty\u00f6maiden vaikutusalueen liikennej\u00e4rjestelyt turvalliseksi tienk\u00e4ytt\u00e4jille.<\/p>\n\n\n\n<p><strong>Koulutuksen sis\u00e4lt\u00f6<\/strong><\/p>\n\n\n\n<p>Koulutuksessa k\u00e4sitell\u00e4\u00e4n<\/p>\n\n\n\n<ul class=\"wp-block-list\">\n<li>Tie- ja turvallisuuslains\u00e4\u00e4d\u00e4nt\u00f6\u00e4<\/li>\n\n\n\n<li>Liikennesuunnittelun perusteet<\/li>\n\n\n\n<li>LIKSU- liikennesuunnitteluohjelmaa<\/li>\n\n\n\n<li>Liikennemerkit ja niiden sijoittelu<\/li>\n\n\n\n<li>Liikennemerkkien vaikutusalueet<\/li>\n\n\n\n<li>Ty\u00f6maiden jouheva ohittaminen<\/li>\n\n\n\n<li>Liikennej\u00e4rjestelyt asukasymp\u00e4rist\u00f6ss\u00e4<\/li>\n\n\n\n<li>Kiinteist\u00f6jen pelastusteiden huomioiminen<\/li>\n<\/ul>\n\n\n\n<p>Koulutuksessa tehd\u00e4\u00e4n liikennesuunnittelun harjoituksia\u00a0<strong><a href=\"https:\/\/liikennemerkkisovellus.sykli.fi\/\">LIKSU -l<\/a><a href=\"https:\/\/liikennemerkkisovellus.sykli.fi\/\" target=\"_blank\" rel=\"noreferrer noopener\">iikennesuunnitteluohjelmalla<\/a><\/strong>.<\/p>\n\n\n\n<p><strong>Kohderyhm\u00e4<\/strong><\/p>\n\n\n\n<p>Koulutus soveltuu kaikille vesihuolto-, energia- ja viestint\u00e4verkostojen asentajille, ty\u00f6njohdolle, suunnittelijoille, ty\u00f6maavalvojille ja muille liikennealueella lyhytkestoisilla ty\u00f6mailla toimiville.<\/p>\n\n\n\n<p><strong>Kesto<\/strong><\/p>\n\n\n\n<p>Koulutuksen kesto on yksi p\u00e4iv\u00e4.<\/p>\n\n\n\n<p><strong>Koulutuspaikka<\/strong><\/p>\n\n\n\n<p>Tilauskoulutuksissa koulutuspaikka ja tapa sovitaan erikseen.<br>Koulutus voidaan toteutetaan my\u00f6s verkkokoulutuksena (Teams).<br><\/p>\n\n\n<h2>Lis\u00e4tietoja<\/h2>\r\n<div class=\"row\">\r\n                                <div class=\"col-md-6\">\r\n                    <div class=\"staff-box\">\r\n                        <div class=\"row\">\r\n                            <div class=\"col-4\">\r\n                                <img loading=\"lazy\" decoding=\"async\" width=\"150\" height=\"250\" src=\"https:\/\/sykli.fi\/demo\/wp-content\/uploads\/2022\/09\/risto-ponto-2022-nettisivuille-mv.jpg\" class=\"attachment-post-thumbnail size-post-thumbnail wp-post-image\" alt=\"\" \/>                            <\/div>\r\n                            <div class=\"col-8\">\r\n                                <h3>Risto Ponto<\/h3>\r\n                                Asiantuntija, vesihuolto                                <ul>\r\n                                    <li><svg xmlns=\"http:\/\/www.w3.org\/2000\/svg\" width=\"16\" height=\"16\" fill=\"currentColor\" class=\"bi bi-telephone-fill\" viewBox=\"0 0 16 16\">\r\n                                <path fill-rule=\"evenodd\" d=\"M1.885.511a1.745 1.745 0 0 1 2.61.163L6.29 2.98c.329.423.445.974.315 1.494l-.547 2.19a.678.678 0 0 0 .178.643l2.457 2.457a.678.678 0 0 0 .644.178l2.189-.547a1.745 1.745 0 0 1 1.494.315l2.306 1.794c.829.645.905 1.87.163 2.611l-1.034 1.034c-.74.74-1.846 1.065-2.877.702a18.634 18.634 0 0 1-7.01-4.42 18.634 18.634 0 0 1-4.42-7.009c-.362-1.03-.037-2.137.703-2.877L1.885.511z\"\/>\r\n                              <\/svg> <a href=\"tel:+358503879555\">050 387 9555<\/a><\/li><li><svg xmlns=\"http:\/\/www.w3.org\/2000\/svg\" width=\"16\" height=\"16\" fill=\"currentColor\" class=\"bi bi-envelope-fill\" viewBox=\"0 0 16 16\">\r\n                                <path d=\"M.05 3.555A2 2 0 0 1 2 2h12a2 2 0 0 1 1.95 1.555L8 8.414.05 3.555ZM0 4.697v7.104l5.803-3.558L0 4.697ZM6.761 8.83l-6.57 4.027A2 2 0 0 0 2 14h12a2 2 0 0 0 1.808-1.144l-6.57-4.027L8 9.586l-1.239-.757Zm3.436-.586L16 11.801V4.697l-5.803 3.546Z\"\/>\r\n                              <\/svg> <a href=\"mailto:risto.ponto@sykli.fi\">risto.ponto@sykli.fi<\/a><\/li>                                <\/ul>\r\n                            <\/div>\r\n                        <\/div>\r\n                    <\/div>\r\n                <\/div>\r\n    <\/div>","protected":false},"excerpt":{"rendered":"<p>Koulutus antaa valmiuksia putkirikko, ym. yll\u00e4tt\u00e4vien liikennealueilla teht\u00e4vien, lyhytkestoisten ty\u00f6maiden liikennej\u00e4rjestelyjen suunnitteluun. Koulutukseen osallistuneet saavat k\u00e4ytt\u00f6\u00f6ns\u00e4 my\u00f6s\u00a0LIKSU -suunnitteluohjelman! Tavoite Koulutuksen [&hellip;]<\/p>\n","protected":false},"author":2,"featured_media":63691,"parent":62026,"menu_order":5,"comment_status":"closed","ping_status":"closed","template":"","meta":{"_acf_changed":false,"footnotes":""},"class_list":["post-62216","page","type-page","status-publish","has-post-thumbnail","hentry"],"acf":[],"_links":{"self":[{"href":"https:\/\/sykli.fi\/demo\/wp-json\/wp\/v2\/pages\/62216","targetHints":{"allow":["GET"]}}],"collection":[{"href":"https:\/\/sykli.fi\/demo\/wp-json\/wp\/v2\/pages"}],"about":[{"href":"https:\/\/sykli.fi\/demo\/wp-json\/wp\/v2\/types\/page"}],"author":[{"embeddable":true,"href":"https:\/\/sykli.fi\/demo\/wp-json\/wp\/v2\/users\/2"}],"replies":[{"embeddable":true,"href":"https:\/\/sykli.fi\/demo\/wp-json\/wp\/v2\/comments?post=62216"}],"version-history":[{"count":2,"href":"https:\/\/sykli.fi\/demo\/wp-json\/wp\/v2\/pages\/62216\/revisions"}],"predecessor-version":[{"id":64773,"href":"https:\/\/sykli.fi\/demo\/wp-json\/wp\/v2\/pages\/62216\/revisions\/64773"}],"up":[{"embeddable":true,"href":"https:\/\/sykli.fi\/demo\/wp-json\/wp\/v2\/pages\/62026"}],"wp:featuredmedia":[{"embeddable":true,"href":"https:\/\/sykli.fi\/demo\/wp-json\/wp\/v2\/media\/63691"}],"wp:attachment":[{"href":"https:\/\/sykli.fi\/demo\/wp-json\/wp\/v2\/media?parent=62216"}],"curies":[{"name":"wp","href":"https:\/\/api.w.org\/{rel}","templated":true}]}}