{"id":62210,"date":"2022-10-21T10:52:34","date_gmt":"2022-10-21T07:52:34","guid":{"rendered":"http:\/\/localhost\/sykli\/?page_id=62210"},"modified":"2023-06-05T19:49:29","modified_gmt":"2023-06-05T16:49:29","slug":"riskienkartoitus-vesihuoltolaitoksille-wsp-ja-ssp-koulutus-ja-konsultointi","status":"publish","type":"page","link":"https:\/\/sykli.fi\/demo\/koulutusalat\/vesihuolto\/lyhytkoulutukset\/riskienkartoitus-vesihuoltolaitoksille-wsp-ja-ssp-koulutus-ja-konsultointi\/","title":{"rendered":"Riskienkartoitus vesihuoltolaitoksille, WSP ja SSP -ohjelmat, koulutus ja konsultointi"},"content":{"rendered":"\r\n<section id=\"hero-block_9f987ad6128af1b84b2372167162942f\" class=\"hero site-banner section-default default alignfull\">\r\n\r\n    <div class=\"site-banner-bg section-bg-image \" >\r\n\r\n        <img loading=\"lazy\" decoding=\"async\" width=\"2560\" height=\"1919\" src=\"https:\/\/sykli.fi\/demo\/wp-content\/uploads\/2023\/04\/shutterstock_1028274760-vesihuolto-scaled.jpg\" class=\"attachment-1536\u00d71536 size-1536\u00d71536\" alt=\"Vesihuolto\" srcset=\"https:\/\/sykli.fi\/demo\/wp-content\/uploads\/2023\/04\/shutterstock_1028274760-vesihuolto-scaled.jpg 2560w, https:\/\/sykli.fi\/demo\/wp-content\/uploads\/2023\/04\/shutterstock_1028274760-vesihuolto-300x225.jpg 300w, https:\/\/sykli.fi\/demo\/wp-content\/uploads\/2023\/04\/shutterstock_1028274760-vesihuolto-1024x767.jpg 1024w, https:\/\/sykli.fi\/demo\/wp-content\/uploads\/2023\/04\/shutterstock_1028274760-vesihuolto-768x576.jpg 768w, https:\/\/sykli.fi\/demo\/wp-content\/uploads\/2023\/04\/shutterstock_1028274760-vesihuolto-1536x1151.jpg 1536w, https:\/\/sykli.fi\/demo\/wp-content\/uploads\/2023\/04\/shutterstock_1028274760-vesihuolto-2048x1535.jpg 2048w\" sizes=\"auto, (max-width: 2560px) 100vw, 2560px\" \/>\r\n        \r\n        \r\n            <div class=\"site-banner-content container\">\r\n                <div class=\"row w-100\">\r\n                    <div class=\"col-md-12\">\r\n                        <div class=\"hero-text-overlay\">\r\n                                                                <h1 class=\"hero-title\">Riskienkartoitus vesihuoltolaitoksille, WSP ja SSP -ohjelmat, koulutus ja konsultointi<\/h1>\r\n                            <div class=\"inner-content\">\r\n                            <div class=\"acf-innerblocks-container\"><\/div>\r\n                        <\/div>                        <\/div>\r\n                    <\/div>\r\n                <\/div>\r\n            <\/div>\r\n\r\n        <\/section>\n\n\n<h3 class=\"wp-block-heading\">Monipuolista apua riskienhallintaty\u00f6h\u00f6n<\/h3>\n\n\n\n<p><strong>WSP<\/strong> (Water Safety Plan = talousvesi) \u2013 ja <strong>SSP<\/strong> (Sanitation Safety Plan = j\u00e4tevesi) -ohjelmat ovat Sosiaali- ja terveysministeri\u00f6n kehitt\u00e4m\u00e4t webpohjaiset ty\u00f6kalut vesihuollon kokonaisvaltaiseen riskienhallintaan.<\/p>\n\n\n\n<p><strong>Tavoite<\/strong><br>WSP- ja SSP -konsultoinnin avulla helpotamme vesihuoltolaitosten riskien hallintaty\u00f6t\u00e4 laatimalla ja ohjaamalla riskienhallintaohjelmien k\u00e4ytt\u00f6\u00f6nottoa. Ohjelmien avulla riskikartoitukset tehd\u00e4\u00e4n sek\u00e4 talousvesi- ett\u00e4 j\u00e4tevesipuolelle, mukaan lukien laitokset ja verkostot. Kartoituksesta syntyvien raporttien avulla riskienhallintaa seurataan ja yll\u00e4pidet\u00e4\u00e4n vaivattomasti.<\/p>\n\n\n\n<p><strong>Sis\u00e4lt\u00f6<\/strong><br>Koulutuksessa perehdyt\u00e4\u00e4n riskienhallintaan ja ohjelman toimintoihin sek\u00e4 hahmotellaan riskienhallintasuunnitelmaa.<br><br>Koulutuksessa k\u00e4sitell\u00e4\u00e4n mm. seuraavia aiheita:<\/p>\n\n\n\n<ul class=\"wp-block-list\">\n<li>WSP- ja SSP- ohjelman perustoiminnot<\/li>\n\n\n\n<li>riskien tunnistaminen ja vaarojen arviointi<\/li>\n\n\n\n<li>riskej\u00e4 v\u00e4hent\u00e4vien toimenpiteiden valinta<\/li>\n\n\n\n<li>toimenpidesuunnitelman laatiminen<\/li>\n<\/ul>\n\n\n\n<p><strong>Kohderyhm\u00e4<\/strong><br>Vesihuoltolaitoksen toiminnasta vastaavat henkil\u00f6t ja viranomaiset sek\u00e4 k\u00e4ytt\u00f6henkil\u00f6kunta.<\/p>\n\n\n\n<p><strong>Laajuus<\/strong><br>Laajuus m\u00e4\u00e4r\u00e4ytyy laitoksen koon ja arvioitavien kohteiden lukum\u00e4\u00e4r\u00e4n mukaan. Kartoitus voidaan tehd\u00e4 sek\u00e4 talousvesist\u00e4 ett\u00e4 j\u00e4tevesist\u00e4 tai vain toisesta kokonaisuudesta, laitoksen omien tarpeiden mukaan. Kartoitusty\u00f6 j\u00e4rjestet\u00e4\u00e4n asiakkaan tiloissa tai muussa sovitussa paikassa.<\/p>\n\n\n<h2>Kysy lis\u00e4\u00e4 ja pyyd\u00e4 tarjous!<\/h2>\r\n<div class=\"row\">\r\n                                <div class=\"col-md-6\">\r\n                    <div class=\"staff-box\">\r\n                        <div class=\"row\">\r\n                            <div class=\"col-4\">\r\n                                <img loading=\"lazy\" decoding=\"async\" width=\"150\" height=\"250\" src=\"https:\/\/sykli.fi\/demo\/wp-content\/uploads\/2022\/09\/riikka-elo-2022-nettisivuille-mv.jpg\" class=\"attachment-post-thumbnail size-post-thumbnail wp-post-image\" alt=\"\" \/>                            <\/div>\r\n                            <div class=\"col-8\">\r\n                                <h3>Riikka Elo<\/h3>\r\n                                Koulutusjohtaja                                <ul>\r\n                                    <li><svg xmlns=\"http:\/\/www.w3.org\/2000\/svg\" width=\"16\" height=\"16\" fill=\"currentColor\" class=\"bi bi-telephone-fill\" viewBox=\"0 0 16 16\">\r\n                                <path fill-rule=\"evenodd\" d=\"M1.885.511a1.745 1.745 0 0 1 2.61.163L6.29 2.98c.329.423.445.974.315 1.494l-.547 2.19a.678.678 0 0 0 .178.643l2.457 2.457a.678.678 0 0 0 .644.178l2.189-.547a1.745 1.745 0 0 1 1.494.315l2.306 1.794c.829.645.905 1.87.163 2.611l-1.034 1.034c-.74.74-1.846 1.065-2.877.702a18.634 18.634 0 0 1-7.01-4.42 18.634 18.634 0 0 1-4.42-7.009c-.362-1.03-.037-2.137.703-2.877L1.885.511z\"\/>\r\n                              <\/svg> <a href=\"tel:+358405722786\">040 572 2786<\/a><\/li><li><svg xmlns=\"http:\/\/www.w3.org\/2000\/svg\" width=\"16\" height=\"16\" fill=\"currentColor\" class=\"bi bi-envelope-fill\" viewBox=\"0 0 16 16\">\r\n                                <path d=\"M.05 3.555A2 2 0 0 1 2 2h12a2 2 0 0 1 1.95 1.555L8 8.414.05 3.555ZM0 4.697v7.104l5.803-3.558L0 4.697ZM6.761 8.83l-6.57 4.027A2 2 0 0 0 2 14h12a2 2 0 0 0 1.808-1.144l-6.57-4.027L8 9.586l-1.239-.757Zm3.436-.586L16 11.801V4.697l-5.803 3.546Z\"\/>\r\n                              <\/svg> <a href=\"mailto:riikka.elo@sykli.fi\">riikka.elo@sykli.fi<\/a><\/li>                                <\/ul>\r\n                            <\/div>\r\n                        <\/div>\r\n                    <\/div>\r\n                <\/div>\r\n    <\/div>","protected":false},"excerpt":{"rendered":"<p>Monipuolista apua riskienhallintaty\u00f6h\u00f6n WSP (Water Safety Plan = talousvesi) \u2013 ja SSP (Sanitation Safety Plan = j\u00e4tevesi) -ohjelmat ovat Sosiaali- [&hellip;]<\/p>\n","protected":false},"author":2,"featured_media":63691,"parent":62026,"menu_order":5,"comment_status":"closed","ping_status":"closed","template":"","meta":{"_acf_changed":false,"footnotes":""},"class_list":["post-62210","page","type-page","status-publish","has-post-thumbnail","hentry"],"acf":[],"_links":{"self":[{"href":"https:\/\/sykli.fi\/demo\/wp-json\/wp\/v2\/pages\/62210","targetHints":{"allow":["GET"]}}],"collection":[{"href":"https:\/\/sykli.fi\/demo\/wp-json\/wp\/v2\/pages"}],"about":[{"href":"https:\/\/sykli.fi\/demo\/wp-json\/wp\/v2\/types\/page"}],"author":[{"embeddable":true,"href":"https:\/\/sykli.fi\/demo\/wp-json\/wp\/v2\/users\/2"}],"replies":[{"embeddable":true,"href":"https:\/\/sykli.fi\/demo\/wp-json\/wp\/v2\/comments?post=62210"}],"version-history":[{"count":0,"href":"https:\/\/sykli.fi\/demo\/wp-json\/wp\/v2\/pages\/62210\/revisions"}],"up":[{"embeddable":true,"href":"https:\/\/sykli.fi\/demo\/wp-json\/wp\/v2\/pages\/62026"}],"wp:featuredmedia":[{"embeddable":true,"href":"https:\/\/sykli.fi\/demo\/wp-json\/wp\/v2\/media\/63691"}],"wp:attachment":[{"href":"https:\/\/sykli.fi\/demo\/wp-json\/wp\/v2\/media?parent=62210"}],"curies":[{"name":"wp","href":"https:\/\/api.w.org\/{rel}","templated":true}]}}