{"id":62192,"date":"2022-10-21T10:38:33","date_gmt":"2022-10-21T07:38:33","guid":{"rendered":"http:\/\/localhost\/sykli\/?page_id=62192"},"modified":"2024-03-18T12:59:32","modified_gmt":"2024-03-18T10:59:32","slug":"allasvesityokortti","status":"publish","type":"page","link":"https:\/\/sykli.fi\/demo\/koulutusalat\/vesihuolto\/lyhytkoulutukset\/allasvesityokortti\/","title":{"rendered":"Allasvesity\u00f6kortti"},"content":{"rendered":"\r\n<section id=\"hero-block_a52f81146e34cfab8a1cd9e481cd80d6\" class=\"hero site-banner section-default default alignfull\">\r\n\r\n    <div class=\"site-banner-bg section-bg-image \" >\r\n\r\n        <img loading=\"lazy\" decoding=\"async\" width=\"2560\" height=\"1919\" src=\"https:\/\/sykli.fi\/demo\/wp-content\/uploads\/2023\/04\/shutterstock_1028274760-vesihuolto-scaled.jpg\" class=\"attachment-1536\u00d71536 size-1536\u00d71536\" alt=\"Vesihuolto\" srcset=\"https:\/\/sykli.fi\/demo\/wp-content\/uploads\/2023\/04\/shutterstock_1028274760-vesihuolto-scaled.jpg 2560w, https:\/\/sykli.fi\/demo\/wp-content\/uploads\/2023\/04\/shutterstock_1028274760-vesihuolto-300x225.jpg 300w, https:\/\/sykli.fi\/demo\/wp-content\/uploads\/2023\/04\/shutterstock_1028274760-vesihuolto-1024x767.jpg 1024w, https:\/\/sykli.fi\/demo\/wp-content\/uploads\/2023\/04\/shutterstock_1028274760-vesihuolto-768x576.jpg 768w, https:\/\/sykli.fi\/demo\/wp-content\/uploads\/2023\/04\/shutterstock_1028274760-vesihuolto-1536x1151.jpg 1536w, https:\/\/sykli.fi\/demo\/wp-content\/uploads\/2023\/04\/shutterstock_1028274760-vesihuolto-2048x1535.jpg 2048w\" sizes=\"auto, (max-width: 2560px) 100vw, 2560px\" \/>\r\n        \r\n        \r\n            <div class=\"site-banner-content container\">\r\n                <div class=\"row w-100\">\r\n                    <div class=\"col-md-12\">\r\n                        <div class=\"hero-text-overlay\">\r\n                                                                <h1 class=\"hero-title\">Allasvesity\u00f6kortti<\/h1>\r\n                            <div class=\"inner-content\">\r\n                            <div class=\"acf-innerblocks-container\"><\/div>\r\n                        <\/div>                        <\/div>\r\n                    <\/div>\r\n                <\/div>\r\n            <\/div>\r\n\r\n        <\/section>\n\n\n<p>Allasvesity\u00f6kortti on lains\u00e4\u00e4d\u00e4nn\u00f6n mukaan oltava kaikilla niill\u00e4 ty\u00f6ntekij\u00f6ill\u00e4, joiden toiminnalla voi olla vaikutuksia allasveden laatuun. Koulutus perehdytt\u00e4\u00e4 osallistujat laitostekniikkaan ja allasvesihygieniaan liittyviin kysymyksiin lain edellytt\u00e4m\u00e4ss\u00e4 laajuudessa. <\/p>\n\n\n\n<h2 class=\"wp-block-heading has-medium-font-size\">Koulutuksen kuvaus<\/h2>\n\n\n\n<p>Koulutuksessa k\u00e4yd\u00e4\u00e4n l\u00e4pi STM:n asetuksen (1350\/2006) mukaisesti osaamistestiss\u00e4 vaadittavat osaamisalueet, joita ovat allasveden mikrobiologia ja kemia, allasveden k\u00e4sittely, muu tiloihin liittyv\u00e4 tekniikka ja hygienia, lains\u00e4\u00e4d\u00e4nt\u00f6 ja allasveden laadun valvonta. <a href=\"https:\/\/valvira.fi\/documents\/152634019\/163769309\/Valviran-hyvaksymat-allasvesitestaajat.pdf\/b28b43ae-0330-0f42-951c-f585ba86e818\/Valviran-hyvaksymat-allasvesitestaajat.pdf?t=1693301952301\" target=\"_blank\" rel=\"noreferrer noopener\">Olemme Valviran hyv\u00e4ksym\u00e4 allasvesihygienian osaamistestaaja.<\/a><\/p>\n\n\n\n<p>Allasvesity\u00f6kortti suoritetaan osallistumalla testaajan j\u00e4rjest\u00e4m\u00e4\u00e4n testitilaisuuteen koulutusp\u00e4iv\u00e4n p\u00e4\u00e4tteeksi. Hyv\u00e4ksytty testitulos on voimassa viisi vuotta. Viiden vuoden kuluessa testi on suoritettava uudelleen.<\/p>\n\n\n\n<h2 class=\"wp-block-heading has-medium-font-size\">Kohderyhm\u00e4<\/h2>\n\n\n\n<p>Koulutus soveltuu uimahalleissa, kylpyl\u00f6iss\u00e4, kuntoutuslaitoksissa tai vastaavissa ty\u00f6skenteleville henkil\u00f6ille.<\/p>\n\n\n\n<h2 class=\"wp-block-heading has-medium-font-size\">Allasvesity\u00f6kortin suorittaminen<\/h2>\n\n\n\n<p>Koulutuksen kesto on yksi p\u00e4iv\u00e4. Koulutus toteutetaan asiakkaan tiloissa tai sovitussa paikassa.<\/p>\n\n\n<div class=\"koulutukset-block\"><h2><\/h2>Ei t\u00e4ll\u00e4 hetkell\u00e4 avoimia koulutuksia.<\/div>\n\n\n<p class=\"has-light-blue-color has-text-color\">Koulutus on my\u00f6s tilauskoulutus \u2013 ota yhteytt\u00e4 ja pyyd\u00e4 tarjous!<\/p>\n\n\n<h2>Pyyd\u00e4 tarjous!<\/h2>\r\n<div class=\"row\">\r\n                                <div class=\"col-md-6\">\r\n                    <div class=\"staff-box\">\r\n                        <div class=\"row\">\r\n                            <div class=\"col-4\">\r\n                                <img loading=\"lazy\" decoding=\"async\" width=\"150\" height=\"250\" src=\"https:\/\/sykli.fi\/demo\/wp-content\/uploads\/2022\/09\/riikka-elo-2022-nettisivuille-mv.jpg\" class=\"attachment-post-thumbnail size-post-thumbnail wp-post-image\" alt=\"\" \/>                            <\/div>\r\n                            <div class=\"col-8\">\r\n                                <h3>Riikka Elo<\/h3>\r\n                                Koulutusjohtaja                                <ul>\r\n                                    <li><svg xmlns=\"http:\/\/www.w3.org\/2000\/svg\" width=\"16\" height=\"16\" fill=\"currentColor\" class=\"bi bi-telephone-fill\" viewBox=\"0 0 16 16\">\r\n                                <path fill-rule=\"evenodd\" d=\"M1.885.511a1.745 1.745 0 0 1 2.61.163L6.29 2.98c.329.423.445.974.315 1.494l-.547 2.19a.678.678 0 0 0 .178.643l2.457 2.457a.678.678 0 0 0 .644.178l2.189-.547a1.745 1.745 0 0 1 1.494.315l2.306 1.794c.829.645.905 1.87.163 2.611l-1.034 1.034c-.74.74-1.846 1.065-2.877.702a18.634 18.634 0 0 1-7.01-4.42 18.634 18.634 0 0 1-4.42-7.009c-.362-1.03-.037-2.137.703-2.877L1.885.511z\"\/>\r\n                              <\/svg> <a href=\"tel:+358405722786\">040 572 2786<\/a><\/li><li><svg xmlns=\"http:\/\/www.w3.org\/2000\/svg\" width=\"16\" height=\"16\" fill=\"currentColor\" class=\"bi bi-envelope-fill\" viewBox=\"0 0 16 16\">\r\n                                <path d=\"M.05 3.555A2 2 0 0 1 2 2h12a2 2 0 0 1 1.95 1.555L8 8.414.05 3.555ZM0 4.697v7.104l5.803-3.558L0 4.697ZM6.761 8.83l-6.57 4.027A2 2 0 0 0 2 14h12a2 2 0 0 0 1.808-1.144l-6.57-4.027L8 9.586l-1.239-.757Zm3.436-.586L16 11.801V4.697l-5.803 3.546Z\"\/>\r\n                              <\/svg> <a href=\"mailto:riikka.elo@sykli.fi\">riikka.elo@sykli.fi<\/a><\/li>                                <\/ul>\r\n                            <\/div>\r\n                        <\/div>\r\n                    <\/div>\r\n                <\/div>\r\n    <\/div>\n\n\n<p><a href=\"https:\/\/sykli.fi\/demo\/koulutusalat\/vesihuolto\/lyhytkoulutukset\/\">Tutustu muihin vesihuollon tilaus- ja korttikoulutuksiin!<\/a><\/p>\n","protected":false},"excerpt":{"rendered":"<p>Allasvesity\u00f6kortti on lains\u00e4\u00e4d\u00e4nn\u00f6n mukaan oltava kaikilla niill\u00e4 ty\u00f6ntekij\u00f6ill\u00e4, joiden toiminnalla voi olla vaikutuksia allasveden laatuun. Koulutus perehdytt\u00e4\u00e4 osallistujat laitostekniikkaan ja [&hellip;]<\/p>\n","protected":false},"author":2,"featured_media":63691,"parent":62026,"menu_order":1,"comment_status":"closed","ping_status":"closed","template":"","meta":{"_acf_changed":false,"footnotes":""},"class_list":["post-62192","page","type-page","status-publish","has-post-thumbnail","hentry"],"acf":[],"_links":{"self":[{"href":"https:\/\/sykli.fi\/demo\/wp-json\/wp\/v2\/pages\/62192","targetHints":{"allow":["GET"]}}],"collection":[{"href":"https:\/\/sykli.fi\/demo\/wp-json\/wp\/v2\/pages"}],"about":[{"href":"https:\/\/sykli.fi\/demo\/wp-json\/wp\/v2\/types\/page"}],"author":[{"embeddable":true,"href":"https:\/\/sykli.fi\/demo\/wp-json\/wp\/v2\/users\/2"}],"replies":[{"embeddable":true,"href":"https:\/\/sykli.fi\/demo\/wp-json\/wp\/v2\/comments?post=62192"}],"version-history":[{"count":9,"href":"https:\/\/sykli.fi\/demo\/wp-json\/wp\/v2\/pages\/62192\/revisions"}],"predecessor-version":[{"id":66666,"href":"https:\/\/sykli.fi\/demo\/wp-json\/wp\/v2\/pages\/62192\/revisions\/66666"}],"up":[{"embeddable":true,"href":"https:\/\/sykli.fi\/demo\/wp-json\/wp\/v2\/pages\/62026"}],"wp:featuredmedia":[{"embeddable":true,"href":"https:\/\/sykli.fi\/demo\/wp-json\/wp\/v2\/media\/63691"}],"wp:attachment":[{"href":"https:\/\/sykli.fi\/demo\/wp-json\/wp\/v2\/media?parent=62192"}],"curies":[{"name":"wp","href":"https:\/\/api.w.org\/{rel}","templated":true}]}}