{"id":62070,"date":"2022-10-20T09:13:51","date_gmt":"2022-10-20T06:13:51","guid":{"rendered":"http:\/\/localhost\/sykli\/?page_id=62070"},"modified":"2023-09-07T15:21:59","modified_gmt":"2023-09-07T12:21:59","slug":"logistiikan-avoimet-koulutukset-ja-tilauskoulutukset","status":"publish","type":"page","link":"https:\/\/sykli.fi\/demo\/koulutusalat\/logistiikka\/logistiikan-avoimet-koulutukset-ja-tilauskoulutukset\/","title":{"rendered":"Logistiikan avoimet koulutukset ja tilauskoulutukset"},"content":{"rendered":"\r\n<section id=\"hero-block_23dcab32486bc9e127b178889c900231\" class=\"hero site-banner section-default default alignfull\">\r\n\r\n    <div class=\"site-banner-bg section-bg-image \" >\r\n\r\n        <img loading=\"lazy\" decoding=\"async\" width=\"1920\" height=\"600\" src=\"https:\/\/sykli.fi\/demo\/wp-content\/uploads\/2022\/09\/logistiikka.jpg\" class=\"attachment-1536\u00d71536 size-1536\u00d71536\" alt=\"Rekka-auto kulkee tiet\u00e4 pitkin ja edess\u00e4 kaunis auringonlasku.\" srcset=\"https:\/\/sykli.fi\/demo\/wp-content\/uploads\/2022\/09\/logistiikka.jpg 1920w, https:\/\/sykli.fi\/demo\/wp-content\/uploads\/2022\/09\/logistiikka-300x94.jpg 300w, https:\/\/sykli.fi\/demo\/wp-content\/uploads\/2022\/09\/logistiikka-1024x320.jpg 1024w, https:\/\/sykli.fi\/demo\/wp-content\/uploads\/2022\/09\/logistiikka-768x240.jpg 768w, https:\/\/sykli.fi\/demo\/wp-content\/uploads\/2022\/09\/logistiikka-1536x480.jpg 1536w\" sizes=\"auto, (max-width: 1920px) 100vw, 1920px\" \/>\r\n        \r\n        \r\n            <div class=\"site-banner-content container\">\r\n                <div class=\"row w-100\">\r\n                    <div class=\"col-md-12\">\r\n                        <div class=\"hero-text-overlay\">\r\n                                                                <h1 class=\"hero-title\">Logistiikan avoimet koulutukset ja tilauskoulutukset<\/h1>\r\n                            <div class=\"inner-content\">\r\n                            <div class=\"acf-innerblocks-container\"><\/div>\r\n                        <\/div>                        <\/div>\r\n                    <\/div>\r\n                <\/div>\r\n            <\/div>\r\n\r\n        <\/section>\n\n\n<p>J\u00e4rjest\u00e4mme <strong>avoimia logistiikka-alan koulutuksia<\/strong> toimipisteiss\u00e4mme Riihim\u00e4ell\u00e4 ja Helsingiss\u00e4 sek\u00e4 verkossa. Koulutuksemme soveltuvat ammattikuljettajille. Osa on ammattip\u00e4tevyysdirektiivin mukaisia koulutuksia. Koulutusten kesto on 1\u20133 p\u00e4iv\u00e4\u00e4. Valtaosa on yhden p\u00e4iv\u00e4n koulutuksia. Tarjoamme niin perus- kuin t\u00e4ydennyskoulutuksia.<\/p>\n\n\n\n<p>Tarjoamme kuljetusyrityksille joustavia ratkaisuja hankkia kuljettajille vaadittava ammattip\u00e4tevyys. Valikoimassamme on laaja kattaus ammattip\u00e4tevyysdirektiivin (CAP) mukaisia turvallisuuskortti- ja osaamistodistuskoulutuksia. Meilt\u00e4 voi ostaa <strong>tilauskoulutusta<\/strong> joko yksitt\u00e4isin\u00e4 p\u00e4ivin\u00e4 tai koulutuspakettina. Asiakas voi laatia oman koulutuspaketin, vaikka viisi direktiivip\u00e4iv\u00e4\u00e4 tarvitsemistaan aiheista. Mik\u00e4li sopivaa koulutusohjelmaa ei l\u00f6ydy Syklin valmiista tarjonnasta, r\u00e4\u00e4t\u00e4l\u00f6imme halutun direktiivip\u00e4iv\u00e4n ohjelman ja haemme sille hyv\u00e4ksynn\u00e4n Traficomista.<\/p>\n\n\n\n<p>Ammattip\u00e4tevyyskoulutus voidaan toteuttaa tilaajan valitsemassa paikassa: yrityksen omissa tiloissa, hotellissa, oppilaitoksessa tai Syklin koulutustiloissa Riihim\u00e4ell\u00e4 ja Helsingiss\u00e4. Koulutusajankohdan valitseminen on joustavaa, ja j\u00e4rjest\u00e4mme koulutuksia my\u00f6s viikonloppuisin, mik\u00e4 helpottaa kuljettajien ty\u00f6j\u00e4rjestelyit\u00e4. Tarjoamme niin perus- kuin t\u00e4ydennyskoulutuksia.<\/p>\n\n\n\n<h3 class=\"wp-block-heading\">Tutustu logistiikan koulutuksiimme<\/h3>\n\n\n<div class=\"page-linkbox-block alignfull\">\r\n    <div class=\"container\">\r\n        <div class=\"acf-innerblocks-container\">\n\r\n<div class=\"page-linkbox has-turquoise-background-color \">\r\n    <img loading=\"lazy\" decoding=\"async\" width=\"800\" height=\"250\" src=\"https:\/\/sykli.fi\/demo\/wp-content\/uploads\/2022\/09\/logistiikka-1024x320.jpg\" class=\"attachment-large size-large\" alt=\"Rekka-auto kulkee tiet\u00e4 pitkin ja edess\u00e4 kaunis auringonlasku.\" srcset=\"https:\/\/sykli.fi\/demo\/wp-content\/uploads\/2022\/09\/logistiikka-1024x320.jpg 1024w, https:\/\/sykli.fi\/demo\/wp-content\/uploads\/2022\/09\/logistiikka-300x94.jpg 300w, https:\/\/sykli.fi\/demo\/wp-content\/uploads\/2022\/09\/logistiikka-768x240.jpg 768w, https:\/\/sykli.fi\/demo\/wp-content\/uploads\/2022\/09\/logistiikka-1536x480.jpg 1536w, https:\/\/sykli.fi\/demo\/wp-content\/uploads\/2022\/09\/logistiikka.jpg 1920w\" sizes=\"auto, (max-width: 800px) 100vw, 800px\" \/>    <a  href=\" https:\/\/sykli.fi\/demo\/koulutusalat\/logistiikka\/logistiikan-avoimet-koulutukset-ja-tilauskoulutukset\/adr-kurssit\/\" >\r\n        <h2>ADR-kurssit<\/h2>\r\n\r\n        \r\n    <\/a>\r\n\r\n<\/div>\n\n\r\n<div class=\"page-linkbox has-turquoise-background-color \">\r\n    <img loading=\"lazy\" decoding=\"async\" width=\"800\" height=\"250\" src=\"https:\/\/sykli.fi\/demo\/wp-content\/uploads\/2022\/09\/logistiikka-1024x320.jpg\" class=\"attachment-large size-large\" alt=\"Rekka-auto kulkee tiet\u00e4 pitkin ja edess\u00e4 kaunis auringonlasku.\" srcset=\"https:\/\/sykli.fi\/demo\/wp-content\/uploads\/2022\/09\/logistiikka-1024x320.jpg 1024w, https:\/\/sykli.fi\/demo\/wp-content\/uploads\/2022\/09\/logistiikka-300x94.jpg 300w, https:\/\/sykli.fi\/demo\/wp-content\/uploads\/2022\/09\/logistiikka-768x240.jpg 768w, https:\/\/sykli.fi\/demo\/wp-content\/uploads\/2022\/09\/logistiikka-1536x480.jpg 1536w, https:\/\/sykli.fi\/demo\/wp-content\/uploads\/2022\/09\/logistiikka.jpg 1920w\" sizes=\"auto, (max-width: 800px) 100vw, 800px\" \/>    <a  href=\" https:\/\/sykli.fi\/demo\/koulutusalat\/logistiikka\/logistiikan-avoimet-koulutukset-ja-tilauskoulutukset\/ajo-ja-lepoaika-asetus-ja-digitaalinen-ajopiiri\/\" >\r\n        <h2>Ajo- ja lepoaika-asetus ja digitaalinen ajopiiri<\/h2>\r\n\r\n        \r\n    <\/a>\r\n\r\n<\/div>\n\n\r\n<div class=\"page-linkbox has-turquoise-background-color \">\r\n    <img loading=\"lazy\" decoding=\"async\" width=\"800\" height=\"250\" src=\"https:\/\/sykli.fi\/demo\/wp-content\/uploads\/2022\/09\/logistiikka-1024x320.jpg\" class=\"attachment-large size-large\" alt=\"Rekka-auto kulkee tiet\u00e4 pitkin ja edess\u00e4 kaunis auringonlasku.\" srcset=\"https:\/\/sykli.fi\/demo\/wp-content\/uploads\/2022\/09\/logistiikka-1024x320.jpg 1024w, https:\/\/sykli.fi\/demo\/wp-content\/uploads\/2022\/09\/logistiikka-300x94.jpg 300w, https:\/\/sykli.fi\/demo\/wp-content\/uploads\/2022\/09\/logistiikka-768x240.jpg 768w, https:\/\/sykli.fi\/demo\/wp-content\/uploads\/2022\/09\/logistiikka-1536x480.jpg 1536w, https:\/\/sykli.fi\/demo\/wp-content\/uploads\/2022\/09\/logistiikka.jpg 1920w\" sizes=\"auto, (max-width: 800px) 100vw, 800px\" \/>    <a  href=\" https:\/\/sykli.fi\/demo\/koulutusalat\/logistiikka\/logistiikan-avoimet-koulutukset-ja-tilauskoulutukset\/ammattikuljettaja-osana-ilmastonmuutosta-ja-kiertotaloutta\/\" >\r\n        <h2>Ammattikuljettaja osana ilmastonmuutosta ja kiertotaloutta<\/h2>\r\n\r\n        \r\n    <\/a>\r\n\r\n<\/div>\n\n\r\n<div class=\"page-linkbox has-turquoise-background-color \">\r\n    <img loading=\"lazy\" decoding=\"async\" width=\"800\" height=\"250\" src=\"https:\/\/sykli.fi\/demo\/wp-content\/uploads\/2022\/09\/logistiikka-1024x320.jpg\" class=\"attachment-large size-large\" alt=\"Rekka-auto kulkee tiet\u00e4 pitkin ja edess\u00e4 kaunis auringonlasku.\" srcset=\"https:\/\/sykli.fi\/demo\/wp-content\/uploads\/2022\/09\/logistiikka-1024x320.jpg 1024w, https:\/\/sykli.fi\/demo\/wp-content\/uploads\/2022\/09\/logistiikka-300x94.jpg 300w, https:\/\/sykli.fi\/demo\/wp-content\/uploads\/2022\/09\/logistiikka-768x240.jpg 768w, https:\/\/sykli.fi\/demo\/wp-content\/uploads\/2022\/09\/logistiikka-1536x480.jpg 1536w, https:\/\/sykli.fi\/demo\/wp-content\/uploads\/2022\/09\/logistiikka.jpg 1920w\" sizes=\"auto, (max-width: 800px) 100vw, 800px\" \/>    <a  href=\" https:\/\/sykli.fi\/demo\/koulutusalat\/logistiikka\/logistiikan-avoimet-koulutukset-ja-tilauskoulutukset\/ammattikuljettajien-hataensiapukurssi\/\" >\r\n        <h2>Ammattikuljettajien h\u00e4t\u00e4ensiapukurssi<\/h2>\r\n\r\n        \r\n    <\/a>\r\n\r\n<\/div>\n\n\r\n<div class=\"page-linkbox has-turquoise-background-color \">\r\n    <img loading=\"lazy\" decoding=\"async\" width=\"800\" height=\"250\" src=\"https:\/\/sykli.fi\/demo\/wp-content\/uploads\/2022\/09\/logistiikka-1024x320.jpg\" class=\"attachment-large size-large\" alt=\"Rekka-auto kulkee tiet\u00e4 pitkin ja edess\u00e4 kaunis auringonlasku.\" srcset=\"https:\/\/sykli.fi\/demo\/wp-content\/uploads\/2022\/09\/logistiikka-1024x320.jpg 1024w, https:\/\/sykli.fi\/demo\/wp-content\/uploads\/2022\/09\/logistiikka-300x94.jpg 300w, https:\/\/sykli.fi\/demo\/wp-content\/uploads\/2022\/09\/logistiikka-768x240.jpg 768w, https:\/\/sykli.fi\/demo\/wp-content\/uploads\/2022\/09\/logistiikka-1536x480.jpg 1536w, https:\/\/sykli.fi\/demo\/wp-content\/uploads\/2022\/09\/logistiikka.jpg 1920w\" sizes=\"auto, (max-width: 800px) 100vw, 800px\" \/>    <a  href=\" https:\/\/sykli.fi\/demo\/koulutusalat\/logistiikka\/logistiikan-avoimet-koulutukset-ja-tilauskoulutukset\/ennakoivan-ajotavan-koulutus\/\" >\r\n        <h2>Ennakoivan ajotavan koulutus<\/h2>\r\n\r\n        \r\n    <\/a>\r\n\r\n<\/div>\n\n\r\n<div class=\"page-linkbox has-turquoise-background-color \">\r\n    <img loading=\"lazy\" decoding=\"async\" width=\"800\" height=\"250\" src=\"https:\/\/sykli.fi\/demo\/wp-content\/uploads\/2022\/09\/logistiikka-1024x320.jpg\" class=\"attachment-large size-large\" alt=\"Rekka-auto kulkee tiet\u00e4 pitkin ja edess\u00e4 kaunis auringonlasku.\" srcset=\"https:\/\/sykli.fi\/demo\/wp-content\/uploads\/2022\/09\/logistiikka-1024x320.jpg 1024w, https:\/\/sykli.fi\/demo\/wp-content\/uploads\/2022\/09\/logistiikka-300x94.jpg 300w, https:\/\/sykli.fi\/demo\/wp-content\/uploads\/2022\/09\/logistiikka-768x240.jpg 768w, https:\/\/sykli.fi\/demo\/wp-content\/uploads\/2022\/09\/logistiikka-1536x480.jpg 1536w, https:\/\/sykli.fi\/demo\/wp-content\/uploads\/2022\/09\/logistiikka.jpg 1920w\" sizes=\"auto, (max-width: 800px) 100vw, 800px\" \/>    <a  href=\" https:\/\/sykli.fi\/demo\/koulutusalat\/logistiikka\/logistiikan-avoimet-koulutukset-ja-tilauskoulutukset\/erikoiskuljetusten-liikenteenohjaajan-ekl-peruskurssi\/\" >\r\n        <h2>Erikoiskuljetusten liikenteenohjaajan (EKL) perus- ja t\u00e4ydennyskurssi<\/h2>\r\n\r\n        \r\n    <\/a>\r\n\r\n<\/div>\n\n\r\n<div class=\"page-linkbox has-turquoise-background-color \">\r\n    <img loading=\"lazy\" decoding=\"async\" width=\"800\" height=\"250\" src=\"https:\/\/sykli.fi\/demo\/wp-content\/uploads\/2022\/09\/logistiikka-1024x320.jpg\" class=\"attachment-large size-large\" alt=\"Rekka-auto kulkee tiet\u00e4 pitkin ja edess\u00e4 kaunis auringonlasku.\" srcset=\"https:\/\/sykli.fi\/demo\/wp-content\/uploads\/2022\/09\/logistiikka-1024x320.jpg 1024w, https:\/\/sykli.fi\/demo\/wp-content\/uploads\/2022\/09\/logistiikka-300x94.jpg 300w, https:\/\/sykli.fi\/demo\/wp-content\/uploads\/2022\/09\/logistiikka-768x240.jpg 768w, https:\/\/sykli.fi\/demo\/wp-content\/uploads\/2022\/09\/logistiikka-1536x480.jpg 1536w, https:\/\/sykli.fi\/demo\/wp-content\/uploads\/2022\/09\/logistiikka.jpg 1920w\" sizes=\"auto, (max-width: 800px) 100vw, 800px\" \/>    <a  href=\" https:\/\/sykli.fi\/demo\/koulutusalat\/logistiikka\/logistiikan-avoimet-koulutukset-ja-tilauskoulutukset\/kuljettaja-loka-ja-viemarihuollon-tyoprosessin-toteuttajana\/\" >\r\n        <h2>Kuljettaja loka- ja viem\u00e4rihuollon ty\u00f6prosessin toteuttajana<\/h2>\r\n\r\n        \r\n    <\/a>\r\n\r\n<\/div>\n\n\r\n<div class=\"page-linkbox has-turquoise-background-color \">\r\n    <img loading=\"lazy\" decoding=\"async\" width=\"800\" height=\"250\" src=\"https:\/\/sykli.fi\/demo\/wp-content\/uploads\/2022\/09\/logistiikka-1024x320.jpg\" class=\"attachment-large size-large\" alt=\"Rekka-auto kulkee tiet\u00e4 pitkin ja edess\u00e4 kaunis auringonlasku.\" srcset=\"https:\/\/sykli.fi\/demo\/wp-content\/uploads\/2022\/09\/logistiikka-1024x320.jpg 1024w, https:\/\/sykli.fi\/demo\/wp-content\/uploads\/2022\/09\/logistiikka-300x94.jpg 300w, https:\/\/sykli.fi\/demo\/wp-content\/uploads\/2022\/09\/logistiikka-768x240.jpg 768w, https:\/\/sykli.fi\/demo\/wp-content\/uploads\/2022\/09\/logistiikka-1536x480.jpg 1536w, https:\/\/sykli.fi\/demo\/wp-content\/uploads\/2022\/09\/logistiikka.jpg 1920w\" sizes=\"auto, (max-width: 800px) 100vw, 800px\" \/>    <a  href=\" https:\/\/sykli.fi\/demo\/koulutusalat\/logistiikka\/logistiikan-avoimet-koulutukset-ja-tilauskoulutukset\/kuljetusalan-kannattavuus-ja-asiakaspalvelu\/\" >\r\n        <h2>Kuljetusalan kannattavuus ja asiakaspalvelu<\/h2>\r\n\r\n        \r\n    <\/a>\r\n\r\n<\/div>\n\n\r\n<div class=\"page-linkbox has-turquoise-background-color \">\r\n    <img loading=\"lazy\" decoding=\"async\" width=\"800\" height=\"250\" src=\"https:\/\/sykli.fi\/demo\/wp-content\/uploads\/2022\/09\/logistiikka-1024x320.jpg\" class=\"attachment-large size-large\" alt=\"Rekka-auto kulkee tiet\u00e4 pitkin ja edess\u00e4 kaunis auringonlasku.\" srcset=\"https:\/\/sykli.fi\/demo\/wp-content\/uploads\/2022\/09\/logistiikka-1024x320.jpg 1024w, https:\/\/sykli.fi\/demo\/wp-content\/uploads\/2022\/09\/logistiikka-300x94.jpg 300w, https:\/\/sykli.fi\/demo\/wp-content\/uploads\/2022\/09\/logistiikka-768x240.jpg 768w, https:\/\/sykli.fi\/demo\/wp-content\/uploads\/2022\/09\/logistiikka-1536x480.jpg 1536w, https:\/\/sykli.fi\/demo\/wp-content\/uploads\/2022\/09\/logistiikka.jpg 1920w\" sizes=\"auto, (max-width: 800px) 100vw, 800px\" \/>    <a  href=\" https:\/\/sykli.fi\/demo\/koulutusalat\/logistiikka\/logistiikan-avoimet-koulutukset-ja-tilauskoulutukset\/kuormaus-ja-kuormansidonta-kappalekuljetuksessa\/\" >\r\n        <h2>Kuormaus ja kuormansidonta kappalekuljetuksessa<\/h2>\r\n\r\n        \r\n    <\/a>\r\n\r\n<\/div>\n\n\r\n<div class=\"page-linkbox has-turquoise-background-color \">\r\n    <img loading=\"lazy\" decoding=\"async\" width=\"800\" height=\"335\" src=\"https:\/\/sykli.fi\/demo\/wp-content\/uploads\/2024\/02\/shutterstock_2169000283-1024x429.jpg\" class=\"attachment-large size-large\" alt=\"Tulity\u00f6kortti\" srcset=\"https:\/\/sykli.fi\/demo\/wp-content\/uploads\/2024\/02\/shutterstock_2169000283-1024x429.jpg 1024w, https:\/\/sykli.fi\/demo\/wp-content\/uploads\/2024\/02\/shutterstock_2169000283-300x126.jpg 300w, https:\/\/sykli.fi\/demo\/wp-content\/uploads\/2024\/02\/shutterstock_2169000283-768x322.jpg 768w, https:\/\/sykli.fi\/demo\/wp-content\/uploads\/2024\/02\/shutterstock_2169000283-1536x643.jpg 1536w, https:\/\/sykli.fi\/demo\/wp-content\/uploads\/2024\/02\/shutterstock_2169000283-2048x857.jpg 2048w\" sizes=\"auto, (max-width: 800px) 100vw, 800px\" \/>    <a  href=\" https:\/\/sykli.fi\/demo\/koulutusalat\/logistiikka\/logistiikan-avoimet-koulutukset-ja-tilauskoulutukset\/tulityokortti\/\" >\r\n        <h2>Tulity\u00f6kortti<\/h2>\r\n\r\n        \r\n    <\/a>\r\n\r\n<\/div>\n\n\r\n<div class=\"page-linkbox has-turquoise-background-color \">\r\n    <img loading=\"lazy\" decoding=\"async\" width=\"800\" height=\"250\" src=\"https:\/\/sykli.fi\/demo\/wp-content\/uploads\/2022\/09\/logistiikka-1024x320.jpg\" class=\"attachment-large size-large\" alt=\"Rekka-auto kulkee tiet\u00e4 pitkin ja edess\u00e4 kaunis auringonlasku.\" srcset=\"https:\/\/sykli.fi\/demo\/wp-content\/uploads\/2022\/09\/logistiikka-1024x320.jpg 1024w, https:\/\/sykli.fi\/demo\/wp-content\/uploads\/2022\/09\/logistiikka-300x94.jpg 300w, https:\/\/sykli.fi\/demo\/wp-content\/uploads\/2022\/09\/logistiikka-768x240.jpg 768w, https:\/\/sykli.fi\/demo\/wp-content\/uploads\/2022\/09\/logistiikka-1536x480.jpg 1536w, https:\/\/sykli.fi\/demo\/wp-content\/uploads\/2022\/09\/logistiikka.jpg 1920w\" sizes=\"auto, (max-width: 800px) 100vw, 800px\" \/>    <a  href=\" https:\/\/sykli.fi\/demo\/koulutusalat\/logistiikka\/logistiikan-avoimet-koulutukset-ja-tilauskoulutukset\/kuljetusalan-tyoturvakortti\/\" >\r\n        <h2>Ty\u00f6turvallisuuskortti<\/h2>\r\n\r\n        \r\n    <\/a>\r\n\r\n<\/div>\n\n\r\n<div class=\"page-linkbox has-turquoise-background-color \">\r\n    <img loading=\"lazy\" decoding=\"async\" width=\"800\" height=\"250\" src=\"https:\/\/sykli.fi\/demo\/wp-content\/uploads\/2022\/09\/logistiikka-1024x320.jpg\" class=\"attachment-large size-large\" alt=\"Rekka-auto kulkee tiet\u00e4 pitkin ja edess\u00e4 kaunis auringonlasku.\" srcset=\"https:\/\/sykli.fi\/demo\/wp-content\/uploads\/2022\/09\/logistiikka-1024x320.jpg 1024w, https:\/\/sykli.fi\/demo\/wp-content\/uploads\/2022\/09\/logistiikka-300x94.jpg 300w, https:\/\/sykli.fi\/demo\/wp-content\/uploads\/2022\/09\/logistiikka-768x240.jpg 768w, https:\/\/sykli.fi\/demo\/wp-content\/uploads\/2022\/09\/logistiikka-1536x480.jpg 1536w, https:\/\/sykli.fi\/demo\/wp-content\/uploads\/2022\/09\/logistiikka.jpg 1920w\" sizes=\"auto, (max-width: 800px) 100vw, 800px\" \/>    <a  href=\" https:\/\/sykli.fi\/demo\/koulutusalat\/logistiikka\/logistiikan-avoimet-koulutukset-ja-tilauskoulutukset\/vaarallisten-aineiden-tiedostava-koulutus\/\" >\r\n        <h2>Vaarallisten aineiden tiedostava koulutus\u00a0<\/h2>\r\n\r\n        \r\n    <\/a>\r\n\r\n<\/div>\n<\/div>\r\n\r\n    <\/div>\r\n<\/div>","protected":false},"excerpt":{"rendered":"<p>J\u00e4rjest\u00e4mme avoimia logistiikka-alan koulutuksia toimipisteiss\u00e4mme Riihim\u00e4ell\u00e4 ja Helsingiss\u00e4 sek\u00e4 verkossa. Koulutuksemme soveltuvat ammattikuljettajille. Osa on ammattip\u00e4tevyysdirektiivin mukaisia koulutuksia. Koulutusten kesto [&hellip;]<\/p>\n","protected":false},"author":1,"featured_media":61848,"parent":1593,"menu_order":42,"comment_status":"closed","ping_status":"closed","template":"","meta":{"_acf_changed":false,"footnotes":""},"class_list":["post-62070","page","type-page","status-publish","has-post-thumbnail","hentry"],"acf":[],"_links":{"self":[{"href":"https:\/\/sykli.fi\/demo\/wp-json\/wp\/v2\/pages\/62070","targetHints":{"allow":["GET"]}}],"collection":[{"href":"https:\/\/sykli.fi\/demo\/wp-json\/wp\/v2\/pages"}],"about":[{"href":"https:\/\/sykli.fi\/demo\/wp-json\/wp\/v2\/types\/page"}],"author":[{"embeddable":true,"href":"https:\/\/sykli.fi\/demo\/wp-json\/wp\/v2\/users\/1"}],"replies":[{"embeddable":true,"href":"https:\/\/sykli.fi\/demo\/wp-json\/wp\/v2\/comments?post=62070"}],"version-history":[{"count":1,"href":"https:\/\/sykli.fi\/demo\/wp-json\/wp\/v2\/pages\/62070\/revisions"}],"predecessor-version":[{"id":65002,"href":"https:\/\/sykli.fi\/demo\/wp-json\/wp\/v2\/pages\/62070\/revisions\/65002"}],"up":[{"embeddable":true,"href":"https:\/\/sykli.fi\/demo\/wp-json\/wp\/v2\/pages\/1593"}],"wp:featuredmedia":[{"embeddable":true,"href":"https:\/\/sykli.fi\/demo\/wp-json\/wp\/v2\/media\/61848"}],"wp:attachment":[{"href":"https:\/\/sykli.fi\/demo\/wp-json\/wp\/v2\/media?parent=62070"}],"curies":[{"name":"wp","href":"https:\/\/api.w.org\/{rel}","templated":true}]}}