{"id":62059,"date":"2022-10-20T08:57:56","date_gmt":"2022-10-20T05:57:56","guid":{"rendered":"http:\/\/localhost\/sykli\/?page_id=62059"},"modified":"2023-05-30T15:42:38","modified_gmt":"2023-05-30T12:42:38","slug":"tilauskoulutukset","status":"publish","type":"page","link":"https:\/\/sykli.fi\/demo\/koulutusalat\/laatu-ymparisto-ja-turvallisuusjohtaminen\/tilauskoulutukset\/","title":{"rendered":"Tilauskoulutukset"},"content":{"rendered":"\r\n<section id=\"hero-block_cf232e99b931692afeac217b8b8301e2\" class=\"hero site-banner section-default default alignfull\">\r\n\r\n    <div class=\"site-banner-bg section-bg-image \" >\r\n\r\n        <img loading=\"lazy\" decoding=\"async\" width=\"2560\" height=\"1429\" src=\"https:\/\/sykli.fi\/demo\/wp-content\/uploads\/2023\/04\/shutterstock_1493445623-LYT-scaled.jpg\" class=\"attachment-1536\u00d71536 size-1536\u00d71536\" alt=\"Palapelin palat.\" srcset=\"https:\/\/sykli.fi\/demo\/wp-content\/uploads\/2023\/04\/shutterstock_1493445623-LYT-scaled.jpg 2560w, https:\/\/sykli.fi\/demo\/wp-content\/uploads\/2023\/04\/shutterstock_1493445623-LYT-300x167.jpg 300w, https:\/\/sykli.fi\/demo\/wp-content\/uploads\/2023\/04\/shutterstock_1493445623-LYT-1024x571.jpg 1024w, https:\/\/sykli.fi\/demo\/wp-content\/uploads\/2023\/04\/shutterstock_1493445623-LYT-768x429.jpg 768w, https:\/\/sykli.fi\/demo\/wp-content\/uploads\/2023\/04\/shutterstock_1493445623-LYT-1536x857.jpg 1536w, https:\/\/sykli.fi\/demo\/wp-content\/uploads\/2023\/04\/shutterstock_1493445623-LYT-2048x1143.jpg 2048w\" sizes=\"auto, (max-width: 2560px) 100vw, 2560px\" \/>\r\n        \r\n        \r\n            <div class=\"site-banner-content container\">\r\n                <div class=\"row w-100\">\r\n                    <div class=\"col-md-12\">\r\n                        <div class=\"hero-text-overlay\">\r\n                                                                <h1 class=\"hero-title\">Laatu-, ymp\u00e4rist\u00f6- ja turvallisuusjohtamisen tilauskoulutukset<\/h1>\r\n                            <div class=\"inner-content\">\r\n                            <div class=\"acf-innerblocks-container\">\n\n<p><\/p>\n\n<\/div>\r\n                        <\/div>                        <\/div>\r\n                    <\/div>\r\n                <\/div>\r\n            <\/div>\r\n\r\n        <\/section>\n\n\n<p>Etsitk\u00f6 tukea laatu-, ymp\u00e4rist\u00f6- tai turvallisuusjohtamisen tai vastuullisuuden kehitt\u00e4miseen yrityksess\u00e4si? Sykli tarjoaa monipuolisia tilauskoulutuksia yrityksille ja organisaatioille. Koulutukset tarjoavat organisaation tarpeiden mukaista osaamista sek\u00e4 ideoita organisaation omaan kehitt\u00e4misty\u00f6h\u00f6n. Voimme toteuttaa koulutuksen esimerkiksi johtoryhm\u00e4lle, esihenkil\u00f6ille, kehitystiimille tai koko henkil\u00f6st\u00f6lle.\u00a0<br><br>Koulutus voi olla asiakkaan toiveen mukaan esimerkiksi puolikas p\u00e4iv\u00e4, yksi p\u00e4iv\u00e4 tai useamman puolikkaan p\u00e4iv\u00e4n ty\u00f6pajan sarja. Voimme toteuttaa koulutuksen joustavasti asiakkaan tiloissa, et\u00e4yhteydell\u00e4 tai Syklin tiloissa.\u00a0\u00a0<\/p>\n\n\n\n<h3 class=\"wp-block-heading\">Tutustu tilauskoulutuksiin<\/h3>\n\n\n<div class=\"page-linkbox-block alignfull\">\r\n    <div class=\"container\">\r\n        <div class=\"acf-innerblocks-container\">\n\r\n<div class=\"page-linkbox has-turquoise-background-color \">\r\n    <img loading=\"lazy\" decoding=\"async\" width=\"800\" height=\"446\" src=\"https:\/\/sykli.fi\/demo\/wp-content\/uploads\/2023\/04\/shutterstock_1493445623-LYT-1024x571.jpg\" class=\"attachment-large size-large\" alt=\"Palapelin palat.\" srcset=\"https:\/\/sykli.fi\/demo\/wp-content\/uploads\/2023\/04\/shutterstock_1493445623-LYT-1024x571.jpg 1024w, https:\/\/sykli.fi\/demo\/wp-content\/uploads\/2023\/04\/shutterstock_1493445623-LYT-300x167.jpg 300w, https:\/\/sykli.fi\/demo\/wp-content\/uploads\/2023\/04\/shutterstock_1493445623-LYT-768x429.jpg 768w, https:\/\/sykli.fi\/demo\/wp-content\/uploads\/2023\/04\/shutterstock_1493445623-LYT-1536x857.jpg 1536w, https:\/\/sykli.fi\/demo\/wp-content\/uploads\/2023\/04\/shutterstock_1493445623-LYT-2048x1143.jpg 2048w\" sizes=\"auto, (max-width: 800px) 100vw, 800px\" \/>    <a  href=\" https:\/\/sykli.fi\/demo\/koulutusalat\/laatu-ymparisto-ja-turvallisuusjohtaminen\/tilauskoulutukset\/ilmastohuolesta-ilmastovastuuseen\/\" >\r\n        <h2>Ilmastohuolesta ilmastovastuuseen<\/h2>\r\n\r\n        \r\n    <\/a>\r\n\r\n<\/div>\n\n\r\n<div class=\"page-linkbox has-turquoise-background-color \">\r\n    <img loading=\"lazy\" decoding=\"async\" width=\"800\" height=\"446\" src=\"https:\/\/sykli.fi\/demo\/wp-content\/uploads\/2023\/04\/shutterstock_1493445623-LYT-1024x571.jpg\" class=\"attachment-large size-large\" alt=\"Palapelin palat.\" srcset=\"https:\/\/sykli.fi\/demo\/wp-content\/uploads\/2023\/04\/shutterstock_1493445623-LYT-1024x571.jpg 1024w, https:\/\/sykli.fi\/demo\/wp-content\/uploads\/2023\/04\/shutterstock_1493445623-LYT-300x167.jpg 300w, https:\/\/sykli.fi\/demo\/wp-content\/uploads\/2023\/04\/shutterstock_1493445623-LYT-768x429.jpg 768w, https:\/\/sykli.fi\/demo\/wp-content\/uploads\/2023\/04\/shutterstock_1493445623-LYT-1536x857.jpg 1536w, https:\/\/sykli.fi\/demo\/wp-content\/uploads\/2023\/04\/shutterstock_1493445623-LYT-2048x1143.jpg 2048w\" sizes=\"auto, (max-width: 800px) 100vw, 800px\" \/>    <a  href=\" https:\/\/sykli.fi\/demo\/koulutusalat\/laatu-ymparisto-ja-turvallisuusjohtaminen\/tilauskoulutukset\/kaikki-mukaan-ymparistotyohon\/\" >\r\n        <h2>Kaikki mukaan ymp\u00e4rist\u00f6ty\u00f6h\u00f6n<\/h2>\r\n\r\n        \r\n    <\/a>\r\n\r\n<\/div>\n\n\r\n<div class=\"page-linkbox has-turquoise-background-color \">\r\n    <img loading=\"lazy\" decoding=\"async\" width=\"800\" height=\"446\" src=\"https:\/\/sykli.fi\/demo\/wp-content\/uploads\/2023\/04\/shutterstock_1493445623-LYT-1024x571.jpg\" class=\"attachment-large size-large\" alt=\"Palapelin palat.\" srcset=\"https:\/\/sykli.fi\/demo\/wp-content\/uploads\/2023\/04\/shutterstock_1493445623-LYT-1024x571.jpg 1024w, https:\/\/sykli.fi\/demo\/wp-content\/uploads\/2023\/04\/shutterstock_1493445623-LYT-300x167.jpg 300w, https:\/\/sykli.fi\/demo\/wp-content\/uploads\/2023\/04\/shutterstock_1493445623-LYT-768x429.jpg 768w, https:\/\/sykli.fi\/demo\/wp-content\/uploads\/2023\/04\/shutterstock_1493445623-LYT-1536x857.jpg 1536w, https:\/\/sykli.fi\/demo\/wp-content\/uploads\/2023\/04\/shutterstock_1493445623-LYT-2048x1143.jpg 2048w\" sizes=\"auto, (max-width: 800px) 100vw, 800px\" \/>    <a  href=\" https:\/\/sykli.fi\/demo\/koulutusalat\/laatu-ymparisto-ja-turvallisuusjohtaminen\/tilauskoulutukset\/kestava-kehitys-yrityksen-toiminnassa\/\" >\r\n        <h2>Kest\u00e4v\u00e4 kehitys yrityksen toiminnassa<\/h2>\r\n\r\n        \r\n    <\/a>\r\n\r\n<\/div>\n\n\r\n<div class=\"page-linkbox has-turquoise-background-color \">\r\n    <img loading=\"lazy\" decoding=\"async\" width=\"800\" height=\"446\" src=\"https:\/\/sykli.fi\/demo\/wp-content\/uploads\/2023\/04\/shutterstock_1493445623-LYT-1024x571.jpg\" class=\"attachment-large size-large\" alt=\"Palapelin palat.\" srcset=\"https:\/\/sykli.fi\/demo\/wp-content\/uploads\/2023\/04\/shutterstock_1493445623-LYT-1024x571.jpg 1024w, https:\/\/sykli.fi\/demo\/wp-content\/uploads\/2023\/04\/shutterstock_1493445623-LYT-300x167.jpg 300w, https:\/\/sykli.fi\/demo\/wp-content\/uploads\/2023\/04\/shutterstock_1493445623-LYT-768x429.jpg 768w, https:\/\/sykli.fi\/demo\/wp-content\/uploads\/2023\/04\/shutterstock_1493445623-LYT-1536x857.jpg 1536w, https:\/\/sykli.fi\/demo\/wp-content\/uploads\/2023\/04\/shutterstock_1493445623-LYT-2048x1143.jpg 2048w\" sizes=\"auto, (max-width: 800px) 100vw, 800px\" \/>    <a  href=\" https:\/\/sykli.fi\/demo\/koulutusalat\/laatu-ymparisto-ja-turvallisuusjohtaminen\/tilauskoulutukset\/kiertotalous-haltuun-pelaamalla-circula-kiertotaloustyopaja\/\" >\r\n        <h2>Kiertotalous haltuun pelaamalla: Circula\u00ae -kiertotalousty\u00f6paja<\/h2>\r\n\r\n        \r\n    <\/a>\r\n\r\n<\/div>\n\n\r\n<div class=\"page-linkbox has-turquoise-background-color \">\r\n    <img loading=\"lazy\" decoding=\"async\" width=\"800\" height=\"446\" src=\"https:\/\/sykli.fi\/demo\/wp-content\/uploads\/2023\/04\/shutterstock_1493445623-LYT-1024x571.jpg\" class=\"attachment-large size-large\" alt=\"Palapelin palat.\" srcset=\"https:\/\/sykli.fi\/demo\/wp-content\/uploads\/2023\/04\/shutterstock_1493445623-LYT-1024x571.jpg 1024w, https:\/\/sykli.fi\/demo\/wp-content\/uploads\/2023\/04\/shutterstock_1493445623-LYT-300x167.jpg 300w, https:\/\/sykli.fi\/demo\/wp-content\/uploads\/2023\/04\/shutterstock_1493445623-LYT-768x429.jpg 768w, https:\/\/sykli.fi\/demo\/wp-content\/uploads\/2023\/04\/shutterstock_1493445623-LYT-1536x857.jpg 1536w, https:\/\/sykli.fi\/demo\/wp-content\/uploads\/2023\/04\/shutterstock_1493445623-LYT-2048x1143.jpg 2048w\" sizes=\"auto, (max-width: 800px) 100vw, 800px\" \/>    <a  href=\" https:\/\/sykli.fi\/demo\/koulutusalat\/laatu-ymparisto-ja-turvallisuusjohtaminen\/tilauskoulutukset\/laatu-ymparisto-tai-turvallisuusjarjestelman-kick-off\/\" >\r\n        <h2>Laatu-, ymp\u00e4rist\u00f6- tai turvallisuusj\u00e4rjestelm\u00e4n kick-off<\/h2>\r\n\r\n        \r\n    <\/a>\r\n\r\n<\/div>\n\n\r\n<div class=\"page-linkbox has-turquoise-background-color \">\r\n    <img loading=\"lazy\" decoding=\"async\" width=\"800\" height=\"446\" src=\"https:\/\/sykli.fi\/demo\/wp-content\/uploads\/2023\/04\/shutterstock_1493445623-LYT-1024x571.jpg\" class=\"attachment-large size-large\" alt=\"Palapelin palat.\" srcset=\"https:\/\/sykli.fi\/demo\/wp-content\/uploads\/2023\/04\/shutterstock_1493445623-LYT-1024x571.jpg 1024w, https:\/\/sykli.fi\/demo\/wp-content\/uploads\/2023\/04\/shutterstock_1493445623-LYT-300x167.jpg 300w, https:\/\/sykli.fi\/demo\/wp-content\/uploads\/2023\/04\/shutterstock_1493445623-LYT-768x429.jpg 768w, https:\/\/sykli.fi\/demo\/wp-content\/uploads\/2023\/04\/shutterstock_1493445623-LYT-1536x857.jpg 1536w, https:\/\/sykli.fi\/demo\/wp-content\/uploads\/2023\/04\/shutterstock_1493445623-LYT-2048x1143.jpg 2048w\" sizes=\"auto, (max-width: 800px) 100vw, 800px\" \/>    <a  href=\" https:\/\/sykli.fi\/demo\/koulutusalat\/laatu-ymparisto-ja-turvallisuusjohtaminen\/tilauskoulutukset\/prosessit-kuntoon\/\" >\r\n        <h2>Prosessit kuntoon!<\/h2>\r\n\r\n        \r\n    <\/a>\r\n\r\n<\/div>\n\n\r\n<div class=\"page-linkbox has-turquoise-background-color \">\r\n    <img loading=\"lazy\" decoding=\"async\" width=\"800\" height=\"446\" src=\"https:\/\/sykli.fi\/demo\/wp-content\/uploads\/2023\/04\/shutterstock_1493445623-LYT-1024x571.jpg\" class=\"attachment-large size-large\" alt=\"Palapelin palat.\" srcset=\"https:\/\/sykli.fi\/demo\/wp-content\/uploads\/2023\/04\/shutterstock_1493445623-LYT-1024x571.jpg 1024w, https:\/\/sykli.fi\/demo\/wp-content\/uploads\/2023\/04\/shutterstock_1493445623-LYT-300x167.jpg 300w, https:\/\/sykli.fi\/demo\/wp-content\/uploads\/2023\/04\/shutterstock_1493445623-LYT-768x429.jpg 768w, https:\/\/sykli.fi\/demo\/wp-content\/uploads\/2023\/04\/shutterstock_1493445623-LYT-1536x857.jpg 1536w, https:\/\/sykli.fi\/demo\/wp-content\/uploads\/2023\/04\/shutterstock_1493445623-LYT-2048x1143.jpg 2048w\" sizes=\"auto, (max-width: 800px) 100vw, 800px\" \/>    <a  href=\" https:\/\/sykli.fi\/demo\/koulutusalat\/laatu-ymparisto-ja-turvallisuusjohtaminen\/tilauskoulutukset\/sisaiset-auditoinnit\/\" >\r\n        <h2>Sis\u00e4iset auditoinnit<\/h2>\r\n\r\n        \r\n    <\/a>\r\n\r\n<\/div>\n<\/div>\r\n\r\n    <\/div>\r\n<\/div>\n\n\n<p><\/p>\n\n\n<h2>Kysy lis\u00e4\u00e4 ja pyyd\u00e4 tarjous<\/h2>\r\n<div class=\"row\">\r\n                                <div class=\"col-md-6\">\r\n                    <div class=\"staff-box\">\r\n                        <div class=\"row\">\r\n                            <div class=\"col-4\">\r\n                                <img loading=\"lazy\" decoding=\"async\" width=\"150\" height=\"250\" src=\"https:\/\/sykli.fi\/demo\/wp-content\/uploads\/2022\/09\/minna-myllykoski-2022-nettisivuille-mv.jpg\" class=\"attachment-post-thumbnail size-post-thumbnail wp-post-image\" alt=\"\" \/>                            <\/div>\r\n                            <div class=\"col-8\">\r\n                                <h3>Minna Myllykoski<\/h3>\r\n                                Laatu- ja vastuullisuusp\u00e4\u00e4llikk\u00f6                                <ul>\r\n                                    <li><svg xmlns=\"http:\/\/www.w3.org\/2000\/svg\" width=\"16\" height=\"16\" fill=\"currentColor\" class=\"bi bi-telephone-fill\" viewBox=\"0 0 16 16\">\r\n                                <path fill-rule=\"evenodd\" d=\"M1.885.511a1.745 1.745 0 0 1 2.61.163L6.29 2.98c.329.423.445.974.315 1.494l-.547 2.19a.678.678 0 0 0 .178.643l2.457 2.457a.678.678 0 0 0 .644.178l2.189-.547a1.745 1.745 0 0 1 1.494.315l2.306 1.794c.829.645.905 1.87.163 2.611l-1.034 1.034c-.74.74-1.846 1.065-2.877.702a18.634 18.634 0 0 1-7.01-4.42 18.634 18.634 0 0 1-4.42-7.009c-.362-1.03-.037-2.137.703-2.877L1.885.511z\"\/>\r\n                              <\/svg> <a href=\"tel:+358407406028\">040 740 6028<\/a><\/li><li><svg xmlns=\"http:\/\/www.w3.org\/2000\/svg\" width=\"16\" height=\"16\" fill=\"currentColor\" class=\"bi bi-envelope-fill\" viewBox=\"0 0 16 16\">\r\n                                <path d=\"M.05 3.555A2 2 0 0 1 2 2h12a2 2 0 0 1 1.95 1.555L8 8.414.05 3.555ZM0 4.697v7.104l5.803-3.558L0 4.697ZM6.761 8.83l-6.57 4.027A2 2 0 0 0 2 14h12a2 2 0 0 0 1.808-1.144l-6.57-4.027L8 9.586l-1.239-.757Zm3.436-.586L16 11.801V4.697l-5.803 3.546Z\"\/>\r\n                              <\/svg> <a href=\"mailto:minna.myllykoski@sykli.fi\">minna.myllykoski@sykli.fi<\/a><\/li>                                <\/ul>\r\n                            <\/div>\r\n                        <\/div>\r\n                    <\/div>\r\n                <\/div>\r\n    <\/div>","protected":false},"excerpt":{"rendered":"<p>Etsitk\u00f6 tukea laatu-, ymp\u00e4rist\u00f6- tai turvallisuusjohtamisen tai vastuullisuuden kehitt\u00e4miseen yrityksess\u00e4si? Sykli tarjoaa monipuolisia tilauskoulutuksia yrityksille ja organisaatioille. Koulutukset tarjoavat organisaation [&hellip;]<\/p>\n","protected":false},"author":1,"featured_media":63695,"parent":1543,"menu_order":57,"comment_status":"closed","ping_status":"closed","template":"","meta":{"_acf_changed":false,"footnotes":""},"class_list":["post-62059","page","type-page","status-publish","has-post-thumbnail","hentry"],"acf":[],"_links":{"self":[{"href":"https:\/\/sykli.fi\/demo\/wp-json\/wp\/v2\/pages\/62059","targetHints":{"allow":["GET"]}}],"collection":[{"href":"https:\/\/sykli.fi\/demo\/wp-json\/wp\/v2\/pages"}],"about":[{"href":"https:\/\/sykli.fi\/demo\/wp-json\/wp\/v2\/types\/page"}],"author":[{"embeddable":true,"href":"https:\/\/sykli.fi\/demo\/wp-json\/wp\/v2\/users\/1"}],"replies":[{"embeddable":true,"href":"https:\/\/sykli.fi\/demo\/wp-json\/wp\/v2\/comments?post=62059"}],"version-history":[{"count":0,"href":"https:\/\/sykli.fi\/demo\/wp-json\/wp\/v2\/pages\/62059\/revisions"}],"up":[{"embeddable":true,"href":"https:\/\/sykli.fi\/demo\/wp-json\/wp\/v2\/pages\/1543"}],"wp:featuredmedia":[{"embeddable":true,"href":"https:\/\/sykli.fi\/demo\/wp-json\/wp\/v2\/media\/63695"}],"wp:attachment":[{"href":"https:\/\/sykli.fi\/demo\/wp-json\/wp\/v2\/media?parent=62059"}],"curies":[{"name":"wp","href":"https:\/\/api.w.org\/{rel}","templated":true}]}}