{"id":62054,"date":"2022-10-20T08:53:11","date_gmt":"2022-10-20T05:53:11","guid":{"rendered":"http:\/\/localhost\/sykli\/?page_id=62054"},"modified":"2026-03-12T12:05:45","modified_gmt":"2026-03-12T10:05:45","slug":"ymparistoalan-erikoisammattitutkinto","status":"publish","type":"page","link":"https:\/\/sykli.fi\/demo\/koulutusalat\/laatu-ymparisto-ja-turvallisuusjohtaminen\/ymparistoalan-erikoisammattitutkinto\/","title":{"rendered":"Ymp\u00e4rist\u00f6alan erikoisammattitutkinto"},"content":{"rendered":"\r\n<section id=\"hero-block_d0951d28fd4ebf5cca0fd99f2bfbf14d\" class=\"hero site-banner section-default default alignfull\">\r\n\r\n    <div class=\"site-banner-bg section-bg-image \" >\r\n\r\n        <img loading=\"lazy\" decoding=\"async\" width=\"2560\" height=\"1429\" src=\"https:\/\/sykli.fi\/demo\/wp-content\/uploads\/2023\/04\/shutterstock_1493445623-LYT-scaled.jpg\" class=\"attachment-1536\u00d71536 size-1536\u00d71536\" alt=\"Palapelin palat.\" srcset=\"https:\/\/sykli.fi\/demo\/wp-content\/uploads\/2023\/04\/shutterstock_1493445623-LYT-scaled.jpg 2560w, https:\/\/sykli.fi\/demo\/wp-content\/uploads\/2023\/04\/shutterstock_1493445623-LYT-300x167.jpg 300w, https:\/\/sykli.fi\/demo\/wp-content\/uploads\/2023\/04\/shutterstock_1493445623-LYT-1024x571.jpg 1024w, https:\/\/sykli.fi\/demo\/wp-content\/uploads\/2023\/04\/shutterstock_1493445623-LYT-768x429.jpg 768w, https:\/\/sykli.fi\/demo\/wp-content\/uploads\/2023\/04\/shutterstock_1493445623-LYT-1536x857.jpg 1536w, https:\/\/sykli.fi\/demo\/wp-content\/uploads\/2023\/04\/shutterstock_1493445623-LYT-2048x1143.jpg 2048w\" sizes=\"auto, (max-width: 2560px) 100vw, 2560px\" \/>\r\n        \r\n        \r\n            <div class=\"site-banner-content container\">\r\n                <div class=\"row w-100\">\r\n                    <div class=\"col-md-12\">\r\n                        <div class=\"hero-text-overlay\">\r\n                                                                <h1 class=\"hero-title\">Ymp\u00e4rist\u00f6alan erikoisammattitutkinto<\/h1>\r\n                            <div class=\"inner-content\">\r\n                            <div class=\"acf-innerblocks-container\">\n\n<p>Laatu-, ymp\u00e4rist\u00f6- ja turvallisuusjohtamisen osaamisala<\/p>\n\n<\/div>\r\n                        <\/div>                        <\/div>\r\n                    <\/div>\r\n                <\/div>\r\n            <\/div>\r\n\r\n        <\/section>\n\n\n<h2 class=\"wp-block-heading\">Opiskele vastuullisuusjohtamisen asiantuntijaksi ja suorita ymp\u00e4rist\u00f6alan erikoisammattitutkinto laatu-, ymp\u00e4rist\u00f6- ja turvallisuusjohtamisen osaamisalalla<\/h2>\n\n\n\n<p>Haluatko kest\u00e4v\u00e4n kehityksen kiinte\u00e4ksi osaksi ty\u00f6paikkasi johtamista ja arjen tekemist\u00e4? Haluatko kehitt\u00e4\u00e4 tuloksia aikaansaavan laatu-, ymp\u00e4rist\u00f6- tai turvallisuusj\u00e4rjestelm\u00e4n tai vastuullisuusohjelman? Tai kaipaako olemassa oleva toimintaj\u00e4rjestelm\u00e4nne kehitt\u00e4mist\u00e4? Laatu-, ymp\u00e4rist\u00f6- ja turvallisuusjohtamisen koulutusohjelma tarjoaa sinulle ja ty\u00f6paikallesi osaamista vastuullisuuden suunnitelmalliseen edist\u00e4miseen.<\/p>\n\n\n\n<blockquote class=\"wp-block-quote is-layout-flow wp-block-quote-is-layout-flow\">\n<p class=\"has-medium-font-size\">&#8221;Osaaminen kehittyi todella paljon, olin eritt\u00e4in tyytyv\u00e4inen. Sain opiskeluista itsevarmuutta ja uskoa omaan osaamiseen ja ty\u00f6h\u00f6ni.&#8221;<\/p>\n<cite>Opiskelijapalaute<\/cite><\/blockquote>\n\n\n\n<hr class=\"wp-block-separator has-alpha-channel-opacity is-style-wide\"\/>\n\n\n\n<h2 class=\"wp-block-heading\">Koulutuksen sis\u00e4lt\u00f6<\/h2>\n\n\n\n<p>Koulutusohjelman tavoitteena on tarjota tietoa, ty\u00f6kaluja ja ohjausta organisaation vastuullisuusty\u00f6n kehitt\u00e4miseen. Koulutuksen k\u00e4yty\u00e4si osaat edist\u00e4\u00e4 kest\u00e4v\u00e4\u00e4 kehityst\u00e4 systemaattisesti rakentamalla vastuullisuutta ohjaavia toimintaj\u00e4rjestelmi\u00e4. Koulutuksen aikana p\u00e4ivit\u00e4t omaa osaamistasi, kehit\u00e4t ty\u00f6paikkasi toimintaa ja suoritat samalla ymp\u00e4rist\u00f6alan erikoisammattitutkinnon. <br><br><strong>Tutkinto muodostuu seuraavista tutkinnon osasta:<\/strong><\/p>\n\n\n\n<ul class=\"wp-block-list\">\n<li>Toiminnan kehitt\u00e4minen kest\u00e4v\u00e4ll\u00e4 tavalla (25 osp)<\/li>\n\n\n\n<li>Ty\u00f6yhteis\u00f6ss\u00e4 toimiminen (25 osp)<\/li>\n\n\n\n<li>Laatu-, ymp\u00e4rist\u00f6- ja turvallisuusvastaavana toimiminen (90 osp)<\/li>\n\n\n\n<li>Valinnaiset tutkinnonosat (yhteens\u00e4 40 osp)<\/li>\n<\/ul>\n\n\n\n<p><strong>Koulutuksen sis\u00e4lt\u00f6:<\/strong><\/p>\n\n\n\n<ul class=\"wp-block-list\">\n<li>Strateginen vastuullisuusjohtaminen<\/li>\n\n\n\n<li>Vastuullisuusraportointi<\/li>\n\n\n\n<li>Laatu-, ymp\u00e4rist\u00f6- ja turvallisuusjohtaminen<\/li>\n\n\n\n<li>Laatu-, ymp\u00e4rist\u00f6- tai turvallisuusj\u00e4rjestelmien rakentaminen ja kehitt\u00e4minen<\/li>\n\n\n\n<li>Kehitt\u00e4j\u00e4n\u00e4 organisaatiossa: fasilitointi, viestint\u00e4, kouluttaminen ja prosessien kehitt\u00e4minen<\/li>\n\n\n\n<li>Sis\u00e4iset auditoinnit, itsearviointi ja jatkuva parantaminen<\/li>\n<\/ul>\n\n\n\n<p>Suurin osa oppimisesta tapahtuu ty\u00f6t\u00e4 tekem\u00e4ll\u00e4; k\u00e4yt\u00e4nn\u00f6n kehitysty\u00f6ss\u00e4 ty\u00f6paikallasi. Koulutuksen aikana toteutat ty\u00f6paikallesi laatuun, ymp\u00e4rist\u00f6\u00f6n, turvallisuuteen ja\/tai vastuullisuuteen liittyv\u00e4n j\u00e4rjestelm\u00e4n tai ohjelman kehitt\u00e4misty\u00f6n. Voit rakentaa j\u00e4rjestelm\u00e4n tai ohjelman alusta alkaen tai kehitt\u00e4\u00e4 olemassa olevaa.<\/p>\n\n\n\n<blockquote class=\"wp-block-quote is-layout-flow wp-block-quote-is-layout-flow\">\n<p class=\"has-medium-font-size\">&#8221;Olen saanut paljon hyvi\u00e4 vinkkej\u00e4 ja vertaistukea muiden ty\u00f6paikkojen vastaavaa ty\u00f6t\u00e4 tekevilt\u00e4, jotka ovat olleet koulutuksessa suorittamassa tutkintoa kanssani.&#8221;<\/p>\n<cite>Opiskelijapalaute<\/cite><\/blockquote>\n\n\n\n<hr class=\"wp-block-separator has-alpha-channel-opacity is-style-wide\"\/>\n\n\n\n<h2 class=\"wp-block-heading\">Koulutuksen suorittaminen<\/h2>\n\n\n\n<p>Koulutusohjelma valmistaa sinut suorittamaan n\u00e4ytt\u00f6tutkintona ymp\u00e4rist\u00f6alan erikoisammattitutkinnon, jonka laajuus on 180 osaamispistett\u00e4. Koulutusohjelman kesto on toteutusmuodosta riippuen 9\u201316 kk ja opinnot henkil\u00f6kohtaistetaan jokaiselle opiskelijalle. Koulutusohjelmaan sis\u00e4ltyy:<\/p>\n\n\n\n<ul class=\"wp-block-list\">\n<li>osaamisalan omia koulutusp\u00e4ivi\u00e4 (verkko- tai l\u00e4hip\u00e4ivin\u00e4 toteutusmuodosta riippuen)<\/li>\n\n\n\n<li>kaikille Syklin erikoisammattitutkinnon opiskelijoille yhteisi\u00e4 verkkokoulutusp\u00e4ivi\u00e4 (Teams) valinnaisista ja yhteisist\u00e4 tutkinnon osista<\/li>\n\n\n\n<li>itse opiskeltavia verkkokursseja<\/li>\n\n\n\n<li>oman organisaation aktiivista kehitt\u00e4mist\u00e4<\/li>\n<\/ul>\n\n\n\n<blockquote class=\"wp-block-quote is-layout-flow wp-block-quote-is-layout-flow\">\n<p class=\"has-medium-font-size\">&#8221;Kaiken kehitt\u00e4misty\u00f6n pystyi tekem\u00e4\u00e4n omista t\u00f6ist\u00e4, joten linkki omaan ty\u00f6h\u00f6n ja ty\u00f6yhteis\u00f6n kehitt\u00e4miseen oli vahva.&#8221;<\/p>\n<cite>Opiskelijapalaute<\/cite><\/blockquote>\n\n\n\n<hr class=\"wp-block-separator has-alpha-channel-opacity is-style-wide\"\/>\n\n\n\n<h2 class=\"wp-block-heading\">Kenelle?<\/h2>\n\n\n\n<p>Koulutusohjelma on suunnattu asiantuntija-, esihenkil\u00f6- tai johtoteht\u00e4viss\u00e4 toimiville henkil\u00f6ille, jotka haluavat hankkia osaamista tai lis\u00e4t\u00e4 asiantuntijuuttaan laatu-, ymp\u00e4rist\u00f6- tai turvallisuusj\u00e4rjestelmist\u00e4 tai laajemmin kest\u00e4v\u00e4n kehityksen johtamisesta ja j\u00e4rjestelm\u00e4llisest\u00e4 kehitt\u00e4misest\u00e4 koko organisaation tasolla.<br><br>Opiskelijalla tulee olla valmiiksi korkeakoulututkinto (amk tai yliopisto) tai vahva ty\u00f6el\u00e4m\u00e4tausta asiantuntija- tai esihenkil\u00f6teht\u00e4viss\u00e4. Koulutus vahvistaa opiskelijan valmiuksia toimia laatu-, ymp\u00e4rist\u00f6-, turvallisuus- tai vastuullisuusasioiden asiantuntijana ja kehitt\u00e4j\u00e4n\u00e4 sek\u00e4 toimintaj\u00e4rjestelm\u00e4asiantuntijana tai -vastaavana.<\/p>\n\n\n\n<blockquote class=\"wp-block-quote is-layout-flow wp-block-quote-is-layout-flow\">\n<p class=\"has-medium-font-size\">&#8221;Koulutusohjelma vastasi omia ja ty\u00f6paikkani tarpeita hienosti, jopa enemm\u00e4nkin. Sain arvokasta tietoa ymp\u00e4rist\u00f6asioista ja vahvistusta omalle osaamiselleni. T\u00e4t\u00e4 juuri kaipasin!&#8221;<\/p>\n<cite>Opiskelijapalaute<\/cite><\/blockquote>\n\n\n\n<hr class=\"wp-block-separator has-alpha-channel-opacity is-style-wide\"\/>\n\n\n\n<h2 class=\"wp-block-heading\">Ilmoittaudu koulutukseen<\/h2>\n\n\n<div class=\"koulutukset-block\"><h2><\/h2><div class=\"row single-koulutukset\">            <div class=\"col-sm-6 col-md-4\">\r\n                <div class=\"calendar-card\">\r\n\r\n                                            <p class=\"calendar-card-koulutustyyppi\">Erikoisammattitutkinto<\/p>\r\n                    \r\n                                            <img decoding=\"async\" src=\"https:\/\/ssl.eventilla.com\/static\/logos\/161743\/4749681cefd21262089bde336feb7c8a.jpg\" alt=\"Vastuullisuusjohtamisen asiantuntija (Ymp\u00e4rist\u00f6alan erikoisammattitutkinto, laatu-, ymp\u00e4rist\u00f6- ja turvallisuusjohtamisen osaamisala), jatkuva aloitus (20392)\">\r\n                    \r\n                    <div class=\"calendar-card-content\">\r\n                        <a href=\"https:\/\/ssl.eventilla.com\/lyt-eat-jatkuva-aloitus\" target=\"_blank\" rel=\"noopener\">\r\n                                                            <p class=\"calendar-card-opiskelumuoto\">Verkkokoulutus<\/p>\r\n                                                        <h3>Vastuullisuusjohtamisen asiantuntija (Ymp\u00e4rist\u00f6alan erikoisammattitutkinto, laatu-, ymp\u00e4rist\u00f6- ja turvallisuusjohtamisen osaamisala), jatkuva aloitus (20392)<\/h3>\r\n                        <\/a>\r\n\r\n                        \r\n                        <ul class=\"calendar-card-event-details\">\r\n                                                                                                <li class=\"date\">\r\n                                        <svg class=\"bi  \" width=\"1em\" height=\"1em\" fill=\"currentColor\">\n\t<use xlink:href=\"https:\/\/sykli.fi\/demo\/wp-content\/themes\/luotsi\/assets\/img\/bootstrap-icons.svg#calendar3\" \/>\n<\/svg>                                        Jatkuva haku                                    <\/li>\r\n                                                            \r\n                                                    <\/ul>\r\n\r\n                        <a class=\"btn\" href=\"https:\/\/ssl.eventilla.com\/lyt-eat-jatkuva-aloitus\" target=\"_blank\" rel=\"noopener\">\r\n                            Lue lis\u00e4\u00e4                        <\/a>\r\n                    <\/div>\r\n                <\/div>\r\n            <\/div>\r\n            <div class=\"col-sm-6 col-md-4\">\r\n                <div class=\"calendar-card\">\r\n\r\n                                            <p class=\"calendar-card-koulutustyyppi\">Erikoisammattitutkinto<\/p>\r\n                    \r\n                                            <img decoding=\"async\" src=\"https:\/\/ssl.eventilla.com\/static\/logos\/246765\/4749681cefd21262089bde336feb7c8a.jpg\" alt=\"Vastuullisuusjohtamisen asiantuntija (Ymp\u00e4rist\u00f6alan erikoisammattitutkinto, laatu-, ymp\u00e4rist\u00f6- ja turvallisuusjohtamisen osaamisala), Helsinki (20392)\">\r\n                    \r\n                    <div class=\"calendar-card-content\">\r\n                        <a href=\"https:\/\/ssl.eventilla.com\/lyt-helsinki-2026\" target=\"_blank\" rel=\"noopener\">\r\n                                                            <p class=\"calendar-card-opiskelumuoto\">L\u00e4hiopiskelu<\/p>\r\n                                                        <h3>Vastuullisuusjohtamisen asiantuntija (Ymp\u00e4rist\u00f6alan erikoisammattitutkinto, laatu-, ymp\u00e4rist\u00f6- ja turvallisuusjohtamisen osaamisala), Helsinki (20392)<\/h3>\r\n                        <\/a>\r\n\r\n                        \r\n                        <ul class=\"calendar-card-event-details\">\r\n                                                                                                <li class=\"date\">\r\n                                        <svg class=\"bi  \" width=\"1em\" height=\"1em\" fill=\"currentColor\">\n\t<use xlink:href=\"https:\/\/sykli.fi\/demo\/wp-content\/themes\/luotsi\/assets\/img\/bootstrap-icons.svg#calendar3\" \/>\n<\/svg>03.03.2026 &#8211; 11.11.2026                                    <\/li>\r\n                                \r\n                                                            \r\n                                                            <li class=\"location\">\r\n                                    <svg class=\"bi  \" width=\"1em\" height=\"1em\" fill=\"currentColor\">\n\t<use xlink:href=\"https:\/\/sykli.fi\/demo\/wp-content\/themes\/luotsi\/assets\/img\/bootstrap-icons.svg#pin-map-fill\" \/>\n<\/svg>Helsinki                                <\/li>\r\n                                                    <\/ul>\r\n\r\n                        <a class=\"btn\" href=\"https:\/\/ssl.eventilla.com\/lyt-helsinki-2026\" target=\"_blank\" rel=\"noopener\">\r\n                            Lue lis\u00e4\u00e4                        <\/a>\r\n                    <\/div>\r\n                <\/div>\r\n            <\/div>\r\n<\/div><\/div>\n\n\n<hr class=\"wp-block-separator has-alpha-channel-opacity is-style-wide\"\/>\n\n\n\n<h2 class=\"wp-block-heading\">Tule kuulolle koulutusinfoon<\/h2>\n\n\n\n<p>Kiinnostuitko? Tule kuulolle Vastuullisuusjohtamisen asiantuntijan koulutusohjelman infotilaisuuteen. Tilaisuus kest\u00e4\u00e4 puoli tuntia ja se j\u00e4rjestet\u00e4\u00e4n Teamsissa. <\/p>\n\n\n\n<div class=\"wp-block-buttons is-layout-flex wp-block-buttons-is-layout-flex\">\n<div class=\"wp-block-button\"><a class=\"wp-block-button__link wp-element-button\" href=\"https:\/\/ssl.eventilla.com\/lyt-koulutusinfot-k26\" target=\"_blank\" rel=\"noreferrer noopener\">Ilmoittaudu koulutusinfoon t\u00e4st\u00e4<\/a><\/div>\n<\/div>\n\n\n\n<hr class=\"wp-block-separator has-alpha-channel-opacity is-style-wide\"\/>\n\n\n<h2>Kysy lis\u00e4\u00e4<\/h2>\r\n<div class=\"row\">\r\n                                <div class=\"col-md-6\">\r\n                    <div class=\"staff-box\">\r\n                        <div class=\"row\">\r\n                            <div class=\"col-4\">\r\n                                <img loading=\"lazy\" decoding=\"async\" width=\"150\" height=\"250\" src=\"https:\/\/sykli.fi\/demo\/wp-content\/uploads\/2022\/09\/terhi-ylipirila-2022-nettisivuille-mv.jpg\" class=\"attachment-post-thumbnail size-post-thumbnail wp-post-image\" alt=\"\" \/>                            <\/div>\r\n                            <div class=\"col-8\">\r\n                                <h3>Terhi Yli-Piril\u00e4<\/h3>\r\n                                Koulutusvastaava                                <ul>\r\n                                    <li><svg xmlns=\"http:\/\/www.w3.org\/2000\/svg\" width=\"16\" height=\"16\" fill=\"currentColor\" class=\"bi bi-telephone-fill\" viewBox=\"0 0 16 16\">\r\n                                <path fill-rule=\"evenodd\" d=\"M1.885.511a1.745 1.745 0 0 1 2.61.163L6.29 2.98c.329.423.445.974.315 1.494l-.547 2.19a.678.678 0 0 0 .178.643l2.457 2.457a.678.678 0 0 0 .644.178l2.189-.547a1.745 1.745 0 0 1 1.494.315l2.306 1.794c.829.645.905 1.87.163 2.611l-1.034 1.034c-.74.74-1.846 1.065-2.877.702a18.634 18.634 0 0 1-7.01-4.42 18.634 18.634 0 0 1-4.42-7.009c-.362-1.03-.037-2.137.703-2.877L1.885.511z\"\/>\r\n                              <\/svg> <a href=\"tel:+358503390382\">050 339 0382<\/a><\/li><li><svg xmlns=\"http:\/\/www.w3.org\/2000\/svg\" width=\"16\" height=\"16\" fill=\"currentColor\" class=\"bi bi-envelope-fill\" viewBox=\"0 0 16 16\">\r\n                                <path d=\"M.05 3.555A2 2 0 0 1 2 2h12a2 2 0 0 1 1.95 1.555L8 8.414.05 3.555ZM0 4.697v7.104l5.803-3.558L0 4.697ZM6.761 8.83l-6.57 4.027A2 2 0 0 0 2 14h12a2 2 0 0 0 1.808-1.144l-6.57-4.027L8 9.586l-1.239-.757Zm3.436-.586L16 11.801V4.697l-5.803 3.546Z\"\/>\r\n                              <\/svg> <a href=\"mailto:terhi.yli-pirila@sykli.fi\">terhi.yli-pirila@sykli.fi<\/a><\/li>                                <\/ul>\r\n                            <\/div>\r\n                        <\/div>\r\n                    <\/div>\r\n                <\/div>\r\n    <\/div>\n\n\n<hr class=\"wp-block-separator has-alpha-channel-opacity is-style-wide\"\/>\n\n\n\r\n\r\n    <div class=\"reference-highlight-block\">\r\n                    <h2>Opiskelijatarinoita<\/h2>\r\n        \r\n        <div class=\"row\">\r\n\r\n            \r\n                <div class=\"col-md-4\">\r\n                    <a  href=\"https:\/\/sykli.fi\/demo\/tarinat\/laatu-ymparisto-ja-turvallisuusjohtamisen-koulutus-tarjosi-tarjalle-varmuutta-ja-innostusta-uuteen-tyotehtavaan\/\" >\r\n                        <div class=\"reference-box\">\r\n\r\n                                                            <p class=\"reference-box-tag\">\r\n                                    <span>Opiskelijatarina<\/span>                                <\/p>\r\n                            \r\n                            <div class=\"reference-box-content\">\r\n                                <h3>Laatu-, ymp\u00e4rist\u00f6- ja turvallisuusjohtamisen koulutus tarjosi Tarjalle varmuutta ja innostusta uuteen ty\u00f6teht\u00e4v\u00e4\u00e4n<\/h3>\r\n\r\n                                                                    <ul class=\"reference-box-field\">\r\n                                        <li>Laatu-, ymp\u00e4rist\u00f6 ja turvallisuusjohtaminen<\/li>                                    <\/ul>\r\n                                \r\n                                <div class=\"reference-box-excerpt\">\r\n                                    Tarja Ollonqvist hakeutui Syklin laatu-, ymp\u00e4rist\u00f6- ja turvallisuus- johtamisen koulutukseen saadakseen tietoa, taitoa ja varmuutta uuteen ty\u00f6teht\u00e4v\u00e4\u00e4ns\u00e4 kiinteist\u00f6- ja ymp\u00e4rist\u00f6suunnittelijana.&nbsp;&nbsp;\u201cKerroin&hellip;                                <\/div>\r\n                            <\/div>\r\n                        <\/div>\r\n                    <\/a>\r\n                <\/div>\r\n\r\n            \r\n                <div class=\"col-md-4\">\r\n                    <a  href=\"https:\/\/sykli.fi\/demo\/tarinat\/aina-riittaa-opittavaa\/\" >\r\n                        <div class=\"reference-box\">\r\n\r\n                                                            <p class=\"reference-box-tag\">\r\n                                    <span>Opiskelijatarina<\/span>                                <\/p>\r\n                            \r\n                            <div class=\"reference-box-content\">\r\n                                <h3>Aina riitt\u00e4\u00e4 opittavaa!<\/h3>\r\n\r\n                                                                    <ul class=\"reference-box-field\">\r\n                                        <li>Laatu-, ymp\u00e4rist\u00f6 ja turvallisuusjohtaminen<\/li><li>Tutkintokoulutukset<\/li>                                    <\/ul>\r\n                                \r\n                                <div class=\"reference-box-excerpt\">\r\n                                    Laatup\u00e4\u00e4llikk\u00f6n\u00e4 jo vuodesta 2017 Kaunialan sairaalassa toiminut Minna Oksa hakeutui Syklin koulutukseen halusta oppia lis\u00e4\u00e4 etenkin ymp\u00e4rist\u00f6j\u00e4rjestelmien kehitt\u00e4misest\u00e4. Pitk\u00e4\u00e4n laadun&hellip;                                <\/div>\r\n                            <\/div>\r\n                        <\/div>\r\n                    <\/a>\r\n                <\/div>\r\n\r\n            \r\n                <div class=\"col-md-4\">\r\n                    <a  href=\"https:\/\/sykli.fi\/demo\/tarinat\/kaisa-liinanki-opiskelu-syklissa-siivitti-kestavan-kehityksen-tyota-gradiassa\/\" >\r\n                        <div class=\"reference-box\">\r\n\r\n                                                            <p class=\"reference-box-tag\">\r\n                                    <span>Opiskelijatarina<\/span>                                <\/p>\r\n                            \r\n                            <div class=\"reference-box-content\">\r\n                                <h3>Kaisa Liinanki: Opiskelu Sykliss\u00e4 siivitti kest\u00e4v\u00e4n kehityksen ty\u00f6t\u00e4 Gradiassa<\/h3>\r\n\r\n                                                                    <ul class=\"reference-box-field\">\r\n                                        <li>Laatu-, ymp\u00e4rist\u00f6 ja turvallisuusjohtaminen<\/li><li>Tutkintokoulutukset<\/li>                                    <\/ul>\r\n                                \r\n                                <div class=\"reference-box-excerpt\">\r\n                                    \u201dN\u00e4it\u00e4 asioita ei tehd\u00e4 yksin, vaan yhdess\u00e4 innostaen ja kannustaen sek\u00e4 resursoimalla arvovalintoihin.\u201d Kaisa Liinanki Ravitsemispalvelujen opettaja ja projektiasiantuntija&nbsp;Kaisa Liinanki&nbsp;on&hellip;                                <\/div>\r\n                            <\/div>\r\n                        <\/div>\r\n                    <\/a>\r\n                <\/div>\r\n\r\n            \r\n            <div class=\"wp-container is-content-justification-center wp-block-buttons\">\r\n                <div class=\"wp-block-button\">\r\n                    <a class=\"wp-block-button__link\" href=\"\r\n                                            https:\/\/sykli.fi\/demo\/opiskelija-ja-asiakastarinat\/\">\r\n                                        Lue lis\u00e4\u00e4 tarinoita\r\n                    <\/a>\r\n                <\/div>\r\n            <\/div>\r\n        <\/div>\r\n    <\/div>\r\n","protected":false},"excerpt":{"rendered":"<p>Opiskele vastuullisuusjohtamisen asiantuntijaksi ja suorita ymp\u00e4rist\u00f6alan erikoisammattitutkinto laatu-, ymp\u00e4rist\u00f6- ja turvallisuusjohtamisen osaamisalalla Haluatko kest\u00e4v\u00e4n kehityksen kiinte\u00e4ksi osaksi ty\u00f6paikkasi johtamista ja [&hellip;]<\/p>\n","protected":false},"author":1,"featured_media":63695,"parent":1543,"menu_order":58,"comment_status":"closed","ping_status":"closed","template":"","meta":{"_acf_changed":false,"footnotes":""},"class_list":["post-62054","page","type-page","status-publish","has-post-thumbnail","hentry"],"acf":[],"_links":{"self":[{"href":"https:\/\/sykli.fi\/demo\/wp-json\/wp\/v2\/pages\/62054","targetHints":{"allow":["GET"]}}],"collection":[{"href":"https:\/\/sykli.fi\/demo\/wp-json\/wp\/v2\/pages"}],"about":[{"href":"https:\/\/sykli.fi\/demo\/wp-json\/wp\/v2\/types\/page"}],"author":[{"embeddable":true,"href":"https:\/\/sykli.fi\/demo\/wp-json\/wp\/v2\/users\/1"}],"replies":[{"embeddable":true,"href":"https:\/\/sykli.fi\/demo\/wp-json\/wp\/v2\/comments?post=62054"}],"version-history":[{"count":10,"href":"https:\/\/sykli.fi\/demo\/wp-json\/wp\/v2\/pages\/62054\/revisions"}],"predecessor-version":[{"id":73880,"href":"https:\/\/sykli.fi\/demo\/wp-json\/wp\/v2\/pages\/62054\/revisions\/73880"}],"up":[{"embeddable":true,"href":"https:\/\/sykli.fi\/demo\/wp-json\/wp\/v2\/pages\/1543"}],"wp:featuredmedia":[{"embeddable":true,"href":"https:\/\/sykli.fi\/demo\/wp-json\/wp\/v2\/media\/63695"}],"wp:attachment":[{"href":"https:\/\/sykli.fi\/demo\/wp-json\/wp\/v2\/media?parent=62054"}],"curies":[{"name":"wp","href":"https:\/\/api.w.org\/{rel}","templated":true}]}}