{"id":62044,"date":"2022-10-20T08:36:24","date_gmt":"2022-10-20T05:36:24","guid":{"rendered":"http:\/\/localhost\/sykli\/?page_id=62044"},"modified":"2026-03-02T13:45:39","modified_gmt":"2026-03-02T11:45:39","slug":"ymparistoalan-erikoisammattitutkinto","status":"publish","type":"page","link":"https:\/\/sykli.fi\/demo\/koulutusalat\/resurssitehokkuus\/ymparistoalan-erikoisammattitutkinto\/","title":{"rendered":"Ymp\u00e4rist\u00f6alan erikoisammattitutkinto"},"content":{"rendered":"\r\n<section id=\"hero-block_da396839acd2be29f840a1ec25702ce1\" class=\"hero site-banner section-default default alignfull\">\r\n\r\n    <div class=\"site-banner-bg section-bg-image \" >\r\n\r\n        <img loading=\"lazy\" decoding=\"async\" width=\"1920\" height=\"1260\" src=\"https:\/\/sykli.fi\/demo\/wp-content\/uploads\/2022\/08\/resurssitehokkuus.jpg\" class=\"attachment-1536\u00d71536 size-1536\u00d71536\" alt=\"Resurssitehokkuus\" srcset=\"https:\/\/sykli.fi\/demo\/wp-content\/uploads\/2022\/08\/resurssitehokkuus.jpg 1920w, https:\/\/sykli.fi\/demo\/wp-content\/uploads\/2022\/08\/resurssitehokkuus-300x197.jpg 300w, https:\/\/sykli.fi\/demo\/wp-content\/uploads\/2022\/08\/resurssitehokkuus-1024x672.jpg 1024w, https:\/\/sykli.fi\/demo\/wp-content\/uploads\/2022\/08\/resurssitehokkuus-768x504.jpg 768w, https:\/\/sykli.fi\/demo\/wp-content\/uploads\/2022\/08\/resurssitehokkuus-1536x1008.jpg 1536w\" sizes=\"auto, (max-width: 1920px) 100vw, 1920px\" \/>\r\n        \r\n        \r\n            <div class=\"site-banner-content container\">\r\n                <div class=\"row w-100\">\r\n                    <div class=\"col-md-12\">\r\n                        <div class=\"hero-text-overlay\">\r\n                                                                <h1 class=\"hero-title\">Ymp\u00e4rist\u00f6alan erikoisammattitutkinto<\/h1>\r\n                            <div class=\"inner-content\">\r\n                            <div class=\"acf-innerblocks-container\">\n\n<p>Resurssitehokkuuden osaamisala<\/p>\n\n<\/div>\r\n                        <\/div>                        <\/div>\r\n                    <\/div>\r\n                <\/div>\r\n            <\/div>\r\n\r\n        <\/section>\n\n\n<h1 class=\"wp-block-heading\">Ymp\u00e4rist\u00f6alan erikoisammattitutkinto \u2013&nbsp;resurssitehokkuuden osaamisala<\/h1>\n\n\n\n<p>Tahdotko syvent\u00e4\u00e4 osaamistasi energia- tai materiaalitehokkuudesta tai perehty\u00e4 hiilijalanj\u00e4lkilaskentaan tai ilmastonmuutokseen? Tule suorittamaan ymp\u00e4rist\u00f6alan erikoisammattitutkinto resurssitehokkuuden osaamisalalla!<\/p>\n\n\n\n<p>Tutkinnon laajuus on 180 osaamispistett\u00e4. Tutkinnon voi suorittaa my\u00f6s osoittamalla n\u00e4yt\u00f6in osaamisensa ilman valmistavaa koulutusta.<\/p>\n\n\n\n<p>Ymp\u00e4rist\u00f6alan erikoisammattitutkinto on tarkoitettu asiantuntija- tai ty\u00f6njohtoteht\u00e4viss\u00e4 toimiville henkil\u00f6ille ja ymp\u00e4rist\u00f6alan yritt\u00e4jille. Resurssitehokkuuden osaamisalan koulutus soveltuu useille eri toimialoille. Pohjakoulutusvaatimusta ei ole, mutta toimenkuvan tulee soveltua tutkinnon suorittamiseen.<\/p>\n\n\n\n<p>Koulutuksessa voit syventy\u00e4 energiatehokkuuteen, materiaalitehokkuuteen, v\u00e4h\u00e4hiilisyyden laskentaan tai ilmastonmuutokseen. Saat ty\u00f6kaluja, tietoa ja ohjausta resurssitehokkaaseen toimintaan liittyen. Lis\u00e4ksi toteutat valitsemallesi kohdeorganisaatiolle joko materiaalitehokkuus- tai energiatehokkuuskartoituksen tai hiilijalanj\u00e4lkilaskennan sek\u00e4 kehitt\u00e4missuunnitelman.<\/p>\n\n\n\n<p><strong>Tutkinto muodostuu seuraavista tutkinnon osista:<\/strong><\/p>\n\n\n\n<ul class=\"wp-block-list\">\n<li>Toiminnan kehitt\u00e4minen kest\u00e4v\u00e4ll\u00e4 tavalla (25 osp)<\/li>\n\n\n\n<li>Ty\u00f6yhteis\u00f6ss\u00e4 toimiminen (25 osp)<\/li>\n\n\n\n<li>Resurssitehokkuuden asiantuntijana toimiminen (90 osp)<\/li>\n\n\n\n<li>Valinnaiset tutkinnonosat ( yhteens\u00e4 40 osp)<\/li>\n<\/ul>\n\n\n\n<p>Koulutus kest\u00e4\u00e4 noin 1,5 vuotta, ja se on tarkoitus suorittaa ty\u00f6n ohessa. Koulutukseen sis\u00e4ltyy 13\u201315 l\u00e4hiopetusp\u00e4iv\u00e4\u00e4, et\u00e4- ja verkko-opiskelua sek\u00e4 oman ty\u00f6n ja ty\u00f6yhteis\u00f6n kehitt\u00e4mist\u00e4.<\/p>\n\n\n\n<h2 class=\"wp-block-heading\">Tutustu koulutusohjelmiin<\/h2>\n\n\n<div class=\"page-linkbox-block alignfull\">\r\n    <div class=\"container\">\r\n        <div class=\"acf-innerblocks-container\">\n\r\n<div class=\"page-linkbox has-turquoise-background-color \">\r\n    <img loading=\"lazy\" decoding=\"async\" width=\"800\" height=\"525\" src=\"https:\/\/sykli.fi\/demo\/wp-content\/uploads\/2022\/08\/resurssitehokkuus-1024x672.jpg\" class=\"attachment-large size-large\" alt=\"Resurssitehokkuus\" srcset=\"https:\/\/sykli.fi\/demo\/wp-content\/uploads\/2022\/08\/resurssitehokkuus-1024x672.jpg 1024w, https:\/\/sykli.fi\/demo\/wp-content\/uploads\/2022\/08\/resurssitehokkuus-300x197.jpg 300w, https:\/\/sykli.fi\/demo\/wp-content\/uploads\/2022\/08\/resurssitehokkuus-768x504.jpg 768w, https:\/\/sykli.fi\/demo\/wp-content\/uploads\/2022\/08\/resurssitehokkuus-1536x1008.jpg 1536w, https:\/\/sykli.fi\/demo\/wp-content\/uploads\/2022\/08\/resurssitehokkuus.jpg 1920w\" sizes=\"auto, (max-width: 800px) 100vw, 800px\" \/>    <a  href=\" https:\/\/sykli.fi\/demo\/koulutusalat\/resurssitehokkuus\/ymparistoalan-erikoisammattitutkinto\/resurssitehokkuuden-koulutusohjelma\/\" >\r\n        <h2>Resurssitehokkuuden koulutusohjelma<\/h2>\r\n\r\n        \r\n    <\/a>\r\n\r\n<\/div>\n\n\r\n<div class=\"page-linkbox has-turquoise-background-color \">\r\n    <img loading=\"lazy\" decoding=\"async\" width=\"800\" height=\"525\" src=\"https:\/\/sykli.fi\/demo\/wp-content\/uploads\/2022\/08\/resurssitehokkuus-1024x672.jpg\" class=\"attachment-large size-large\" alt=\"Resurssitehokkuus\" srcset=\"https:\/\/sykli.fi\/demo\/wp-content\/uploads\/2022\/08\/resurssitehokkuus-1024x672.jpg 1024w, https:\/\/sykli.fi\/demo\/wp-content\/uploads\/2022\/08\/resurssitehokkuus-300x197.jpg 300w, https:\/\/sykli.fi\/demo\/wp-content\/uploads\/2022\/08\/resurssitehokkuus-768x504.jpg 768w, https:\/\/sykli.fi\/demo\/wp-content\/uploads\/2022\/08\/resurssitehokkuus-1536x1008.jpg 1536w, https:\/\/sykli.fi\/demo\/wp-content\/uploads\/2022\/08\/resurssitehokkuus.jpg 1920w\" sizes=\"auto, (max-width: 800px) 100vw, 800px\" \/>    <a  href=\" https:\/\/sykli.fi\/demo\/koulutusalat\/resurssitehokkuus\/ymparistoalan-erikoisammattitutkinto\/ymparistoalan-erikoisammattitutkinto-vahahiilisyys\/\" >\r\n        <h2>V\u00e4h\u00e4hiilisyyden asiantuntijan koulutusohjelma<\/h2>\r\n\r\n        \r\n    <\/a>\r\n\r\n<\/div>\n\n\r\n<div class=\"page-linkbox has-turquoise-background-color \">\r\n    <img loading=\"lazy\" decoding=\"async\" width=\"800\" height=\"525\" src=\"https:\/\/sykli.fi\/demo\/wp-content\/uploads\/2022\/08\/resurssitehokkuus-1024x672.jpg\" class=\"attachment-large size-large\" alt=\"Resurssitehokkuus\" srcset=\"https:\/\/sykli.fi\/demo\/wp-content\/uploads\/2022\/08\/resurssitehokkuus-1024x672.jpg 1024w, https:\/\/sykli.fi\/demo\/wp-content\/uploads\/2022\/08\/resurssitehokkuus-300x197.jpg 300w, https:\/\/sykli.fi\/demo\/wp-content\/uploads\/2022\/08\/resurssitehokkuus-768x504.jpg 768w, https:\/\/sykli.fi\/demo\/wp-content\/uploads\/2022\/08\/resurssitehokkuus-1536x1008.jpg 1536w, https:\/\/sykli.fi\/demo\/wp-content\/uploads\/2022\/08\/resurssitehokkuus.jpg 1920w\" sizes=\"auto, (max-width: 800px) 100vw, 800px\" \/>    <a  href=\" https:\/\/sykli.fi\/demo\/koulutusalat\/resurssitehokkuus\/ymparistoalan-erikoisammattitutkinto\/ilmastonmuutoksen-osaajan-koulutusohjelma\/\" >\r\n        <h2>Ilmastonmuutoksen osaajan koulutusohjelma<\/h2>\r\n\r\n        \r\n    <\/a>\r\n\r\n<\/div>\n\n\r\n<div class=\"page-linkbox has-turquoise-background-color \">\r\n    <img loading=\"lazy\" decoding=\"async\" width=\"800\" height=\"500\" src=\"https:\/\/sykli.fi\/demo\/wp-content\/uploads\/2024\/12\/Lumo-EAT-1024x640.jpg\" class=\"attachment-large size-large\" alt=\"\" srcset=\"https:\/\/sykli.fi\/demo\/wp-content\/uploads\/2024\/12\/Lumo-EAT-1024x640.jpg 1024w, https:\/\/sykli.fi\/demo\/wp-content\/uploads\/2024\/12\/Lumo-EAT-300x188.jpg 300w, https:\/\/sykli.fi\/demo\/wp-content\/uploads\/2024\/12\/Lumo-EAT-768x480.jpg 768w, https:\/\/sykli.fi\/demo\/wp-content\/uploads\/2024\/12\/Lumo-EAT-1536x960.jpg 1536w, https:\/\/sykli.fi\/demo\/wp-content\/uploads\/2024\/12\/Lumo-EAT-2048x1280.jpg 2048w\" sizes=\"auto, (max-width: 800px) 100vw, 800px\" \/>    <a  href=\" https:\/\/sykli.fi\/demo\/koulutusalat\/resurssitehokkuus\/ymparistoalan-erikoisammattitutkinto\/luontovaikutusten-asiantuntijan-koulutusohjelma\/\" >\r\n        <h2>Luontovaikutusten asiantuntijan koulutusohjelma<\/h2>\r\n\r\n        \r\n    <\/a>\r\n\r\n<\/div>\n<\/div>\r\n\r\n    <\/div>\r\n<\/div>","protected":false},"excerpt":{"rendered":"<p>Ymp\u00e4rist\u00f6alan erikoisammattitutkinto \u2013&nbsp;resurssitehokkuuden osaamisala Tahdotko syvent\u00e4\u00e4 osaamistasi energia- tai materiaalitehokkuudesta tai perehty\u00e4 hiilijalanj\u00e4lkilaskentaan tai ilmastonmuutokseen? Tule suorittamaan ymp\u00e4rist\u00f6alan erikoisammattitutkinto resurssitehokkuuden [&hellip;]<\/p>\n","protected":false},"author":1,"featured_media":60907,"parent":1588,"menu_order":45,"comment_status":"closed","ping_status":"closed","template":"","meta":{"_acf_changed":false,"footnotes":""},"class_list":["post-62044","page","type-page","status-publish","has-post-thumbnail","hentry"],"acf":[],"_links":{"self":[{"href":"https:\/\/sykli.fi\/demo\/wp-json\/wp\/v2\/pages\/62044","targetHints":{"allow":["GET"]}}],"collection":[{"href":"https:\/\/sykli.fi\/demo\/wp-json\/wp\/v2\/pages"}],"about":[{"href":"https:\/\/sykli.fi\/demo\/wp-json\/wp\/v2\/types\/page"}],"author":[{"embeddable":true,"href":"https:\/\/sykli.fi\/demo\/wp-json\/wp\/v2\/users\/1"}],"replies":[{"embeddable":true,"href":"https:\/\/sykli.fi\/demo\/wp-json\/wp\/v2\/comments?post=62044"}],"version-history":[{"count":6,"href":"https:\/\/sykli.fi\/demo\/wp-json\/wp\/v2\/pages\/62044\/revisions"}],"predecessor-version":[{"id":73784,"href":"https:\/\/sykli.fi\/demo\/wp-json\/wp\/v2\/pages\/62044\/revisions\/73784"}],"up":[{"embeddable":true,"href":"https:\/\/sykli.fi\/demo\/wp-json\/wp\/v2\/pages\/1588"}],"wp:featuredmedia":[{"embeddable":true,"href":"https:\/\/sykli.fi\/demo\/wp-json\/wp\/v2\/media\/60907"}],"wp:attachment":[{"href":"https:\/\/sykli.fi\/demo\/wp-json\/wp\/v2\/media?parent=62044"}],"curies":[{"name":"wp","href":"https:\/\/api.w.org\/{rel}","templated":true}]}}