{"id":62026,"date":"2022-10-19T15:59:07","date_gmt":"2022-10-19T12:59:07","guid":{"rendered":"http:\/\/localhost\/sykli\/?page_id=62026"},"modified":"2025-09-23T11:36:44","modified_gmt":"2025-09-23T08:36:44","slug":"lyhytkoulutukset","status":"publish","type":"page","link":"https:\/\/sykli.fi\/demo\/koulutusalat\/vesihuolto\/lyhytkoulutukset\/","title":{"rendered":"Vesihuollon kortti- ja tilauskoulutukset"},"content":{"rendered":"\r\n<section id=\"hero-block_7b6b4d28c15b5f2d1bed4b40e74d68db\" class=\"hero site-banner section-default default alignfull\">\r\n\r\n    <div class=\"site-banner-bg section-bg-image \" >\r\n\r\n        <img loading=\"lazy\" decoding=\"async\" width=\"2560\" height=\"1919\" src=\"https:\/\/sykli.fi\/demo\/wp-content\/uploads\/2023\/04\/shutterstock_1028274760-vesihuolto-scaled.jpg\" class=\"attachment-1536\u00d71536 size-1536\u00d71536\" alt=\"Vesihuolto\" srcset=\"https:\/\/sykli.fi\/demo\/wp-content\/uploads\/2023\/04\/shutterstock_1028274760-vesihuolto-scaled.jpg 2560w, https:\/\/sykli.fi\/demo\/wp-content\/uploads\/2023\/04\/shutterstock_1028274760-vesihuolto-300x225.jpg 300w, https:\/\/sykli.fi\/demo\/wp-content\/uploads\/2023\/04\/shutterstock_1028274760-vesihuolto-1024x767.jpg 1024w, https:\/\/sykli.fi\/demo\/wp-content\/uploads\/2023\/04\/shutterstock_1028274760-vesihuolto-768x576.jpg 768w, https:\/\/sykli.fi\/demo\/wp-content\/uploads\/2023\/04\/shutterstock_1028274760-vesihuolto-1536x1151.jpg 1536w, https:\/\/sykli.fi\/demo\/wp-content\/uploads\/2023\/04\/shutterstock_1028274760-vesihuolto-2048x1535.jpg 2048w\" sizes=\"auto, (max-width: 2560px) 100vw, 2560px\" \/>\r\n        \r\n        \r\n            <div class=\"site-banner-content container\">\r\n                <div class=\"row w-100\">\r\n                    <div class=\"col-md-12\">\r\n                        <div class=\"hero-text-overlay\">\r\n                                                                <h1 class=\"hero-title\">Vesihuollon kortti- ja tilauskoulutukset<\/h1>\r\n                            <div class=\"inner-content\">\r\n                            <div class=\"acf-innerblocks-container\">\n\n<p>Vesihuolto<\/p>\n\n<\/div>\r\n                        <\/div>                        <\/div>\r\n                    <\/div>\r\n                <\/div>\r\n            <\/div>\r\n\r\n        <\/section>\n\n\n<h2 class=\"wp-block-heading\">Korttikoulutuksia vesihuoltolaitoksille ja vesihuoltoalan toimijoille<\/h2>\n\n\n\n<p>Tarjoamme erilaisia korttikoulutuksia. Valikoimaamme kuuluvat esimerkiksi vesity\u00f6kortti, allasvesity\u00f6kortti, ty\u00f6turvakortti ja tulity\u00f6kortti. Vesity\u00f6kortti suoritetaan osallistumalla testaajan j\u00e4rjest\u00e4m\u00e4\u00e4n testitilaisuuteen koulutusp\u00e4iv\u00e4n p\u00e4\u00e4tteeksi. Hyv\u00e4ksytty testitulos on voimassa viisi vuotta.<\/p>\n\n\n\n<p>Korttikoulutukset ovat yhden p\u00e4iv\u00e4n mittaisia. Vesity\u00f6kortin sek\u00e4 ty\u00f6turvakortin kertauskoulutus kest\u00e4\u00e4 puolikkaan p\u00e4iv\u00e4n. Korttikoulutukset on suunnattu vesihuoltolaitoksille ja vesihuoltoalan toimijoille. <br><br>Koulutuksiin ovat tervetulleita:<\/p>\n\n\n\n<ul class=\"wp-block-list\">\n<li>ty\u00f6ntekij\u00e4t<\/li>\n\n\n\n<li>ty\u00f6njohto<\/li>\n\n\n\n<li>suunnittelijat<\/li>\n\n\n\n<li>asiantuntijat<\/li>\n\n\n\n<li>johto ja johtokunta<\/li>\n\n\n\n<li>laitetoimittajat, materiaalintoimittajat, palveluntarjoajat (viem\u00e4rihuolto, tietoj\u00e4rjestelmien toimittajat, urakoitsijat, konsultit)<\/li>\n\n\n\n<li>vesihuoltoalalle tulijat<\/li>\n\n\n\n<li>muut vesihuoltoalan toiminnasta kiinnostuneet<\/li>\n<\/ul>\n\n\n\n<h2 class=\"wp-block-heading\">Vesihuollon tilauskoulutukset<\/h2>\n\n\n\n<p>Tarjoamme my\u00f6s monipuolisia ja ajankohtaisia tilauskoulutuksia vesihuoltolaitoksille ja vesihuoltoalan toimijoille.<\/p>\n\n\n\n<p>Koulutukset ovat tapa vahvistaa ja p\u00e4ivitt\u00e4\u00e4 henkil\u00f6st\u00f6n ja sit\u00e4 kautta koko organisaation osaamista. Lis\u00e4ksi ne auttavat tilaajaa t\u00e4ytt\u00e4m\u00e4\u00e4n lain vaatimukset esimerkiksi riskienhallinnassa ja h\u00e4iri\u00f6tilanteissa.<\/p>\n\n\n\n<p>Koulutukset sopivat niin ty\u00f6njohdolle, ty\u00f6ntekij\u00f6ille, suunnittelijoille ja asiantuntijoille kuin laite- ja materiaalintoimittajille sek\u00e4 palveluntarjoajille.<\/p>\n\n\n\n<p>Koulutusten kesto on r\u00e4\u00e4t\u00e4l\u00f6it\u00e4viss\u00e4. Yleens\u00e4 kesto on v\u00e4hint\u00e4\u00e4n yksi p\u00e4iv\u00e4. Desinfiointikoulutuksen kesto on 1-3 p\u00e4iv\u00e4\u00e4, mutta koulutusp\u00e4iv\u00e4t voivat jaksottua esimerkiksi yhden vuoden ajalle.<\/p>\n\n\n\n<p>Toteutamme koulutuksia kaikkialla Suomessa, tilaajan toiveen mukaan. L\u00e4hikoulutus on aina paras vaihtoehto, mutta teoriaa voidaan kouluttaa osittain my\u00f6s verkossa. Desinfioinnin k\u00e4yt\u00e4nn\u00f6n koulutukset j\u00e4rjestet\u00e4\u00e4n aina vesilaitoksilla.<\/p>\n\n\n\n<h2 class=\"wp-block-heading\">Koulutusten peruutusehdot<\/h2>\n\n\n\n<p>Ilmoittautuminen voidaan perua viikkoa ennen koulutuksen alkua. Sen j\u00e4lkeen perutuista laskutetaan 50 % osallistumismaksusta. Mik\u00e4li osallistumista ei peruta lainkaan ja osallistuja j\u00e4\u00e4 pois tilaisuudesta, veloitetaan koko osallistumismaksu.<\/p>\n\n\n\n<h4 class=\"wp-block-heading\">Tutustu koulutuksiimme:<\/h4>\n\n\n<div class=\"page-linkbox-block alignfull\">\r\n    <div class=\"container\">\r\n        <div class=\"acf-innerblocks-container\">\n\r\n<div class=\"page-linkbox has-turquoise-background-color \">\r\n    <img loading=\"lazy\" decoding=\"async\" width=\"800\" height=\"599\" src=\"https:\/\/sykli.fi\/demo\/wp-content\/uploads\/2023\/04\/shutterstock_1028274760-vesihuolto-1024x767.jpg\" class=\"attachment-large size-large\" alt=\"Vesihuolto\" srcset=\"https:\/\/sykli.fi\/demo\/wp-content\/uploads\/2023\/04\/shutterstock_1028274760-vesihuolto-1024x767.jpg 1024w, https:\/\/sykli.fi\/demo\/wp-content\/uploads\/2023\/04\/shutterstock_1028274760-vesihuolto-300x225.jpg 300w, https:\/\/sykli.fi\/demo\/wp-content\/uploads\/2023\/04\/shutterstock_1028274760-vesihuolto-768x576.jpg 768w, https:\/\/sykli.fi\/demo\/wp-content\/uploads\/2023\/04\/shutterstock_1028274760-vesihuolto-1536x1151.jpg 1536w, https:\/\/sykli.fi\/demo\/wp-content\/uploads\/2023\/04\/shutterstock_1028274760-vesihuolto-2048x1535.jpg 2048w\" sizes=\"auto, (max-width: 800px) 100vw, 800px\" \/>    <a  href=\" https:\/\/sykli.fi\/demo\/koulutusalat\/vesihuolto\/lyhytkoulutukset\/allasvesityokortti\/\" >\r\n        <h2>Allasvesity\u00f6kortti<\/h2>\r\n\r\n        \r\n    <\/a>\r\n\r\n<\/div>\n\n\r\n<div class=\"page-linkbox has-turquoise-background-color \">\r\n    <img loading=\"lazy\" decoding=\"async\" width=\"800\" height=\"599\" src=\"https:\/\/sykli.fi\/demo\/wp-content\/uploads\/2023\/04\/shutterstock_1028274760-vesihuolto-1024x767.jpg\" class=\"attachment-large size-large\" alt=\"Vesihuolto\" srcset=\"https:\/\/sykli.fi\/demo\/wp-content\/uploads\/2023\/04\/shutterstock_1028274760-vesihuolto-1024x767.jpg 1024w, https:\/\/sykli.fi\/demo\/wp-content\/uploads\/2023\/04\/shutterstock_1028274760-vesihuolto-300x225.jpg 300w, https:\/\/sykli.fi\/demo\/wp-content\/uploads\/2023\/04\/shutterstock_1028274760-vesihuolto-768x576.jpg 768w, https:\/\/sykli.fi\/demo\/wp-content\/uploads\/2023\/04\/shutterstock_1028274760-vesihuolto-1536x1151.jpg 1536w, https:\/\/sykli.fi\/demo\/wp-content\/uploads\/2023\/04\/shutterstock_1028274760-vesihuolto-2048x1535.jpg 2048w\" sizes=\"auto, (max-width: 800px) 100vw, 800px\" \/>    <a  href=\" https:\/\/sykli.fi\/demo\/koulutusalat\/vesihuolto\/lyhytkoulutukset\/juomaveden-desinfiointi-koulutus-ja-konsultointi\/\" >\r\n        <h2>Juomaveden desinfiointi, koulutus ja konsultointi<\/h2>\r\n\r\n        \r\n    <\/a>\r\n\r\n<\/div>\n\n\r\n<div class=\"page-linkbox has-turquoise-background-color \">\r\n    <img loading=\"lazy\" decoding=\"async\" width=\"800\" height=\"599\" src=\"https:\/\/sykli.fi\/demo\/wp-content\/uploads\/2023\/04\/shutterstock_1028274760-vesihuolto-1024x767.jpg\" class=\"attachment-large size-large\" alt=\"Vesihuolto\" srcset=\"https:\/\/sykli.fi\/demo\/wp-content\/uploads\/2023\/04\/shutterstock_1028274760-vesihuolto-1024x767.jpg 1024w, https:\/\/sykli.fi\/demo\/wp-content\/uploads\/2023\/04\/shutterstock_1028274760-vesihuolto-300x225.jpg 300w, https:\/\/sykli.fi\/demo\/wp-content\/uploads\/2023\/04\/shutterstock_1028274760-vesihuolto-768x576.jpg 768w, https:\/\/sykli.fi\/demo\/wp-content\/uploads\/2023\/04\/shutterstock_1028274760-vesihuolto-1536x1151.jpg 1536w, https:\/\/sykli.fi\/demo\/wp-content\/uploads\/2023\/04\/shutterstock_1028274760-vesihuolto-2048x1535.jpg 2048w\" sizes=\"auto, (max-width: 800px) 100vw, 800px\" \/>    <a  href=\" https:\/\/sykli.fi\/demo\/koulutusalat\/vesihuolto\/lyhytkoulutukset\/jatevedenpumppaamojen-huoltokoulutus\/\" >\r\n        <h2>J\u00e4tevedenpumppaamojen huoltokoulutus<\/h2>\r\n\r\n        \r\n    <\/a>\r\n\r\n<\/div>\n\n\r\n<div class=\"page-linkbox has-turquoise-background-color \">\r\n    <img loading=\"lazy\" decoding=\"async\" width=\"800\" height=\"599\" src=\"https:\/\/sykli.fi\/demo\/wp-content\/uploads\/2023\/04\/shutterstock_1028274760-vesihuolto-1024x767.jpg\" class=\"attachment-large size-large\" alt=\"Vesihuolto\" srcset=\"https:\/\/sykli.fi\/demo\/wp-content\/uploads\/2023\/04\/shutterstock_1028274760-vesihuolto-1024x767.jpg 1024w, https:\/\/sykli.fi\/demo\/wp-content\/uploads\/2023\/04\/shutterstock_1028274760-vesihuolto-300x225.jpg 300w, https:\/\/sykli.fi\/demo\/wp-content\/uploads\/2023\/04\/shutterstock_1028274760-vesihuolto-768x576.jpg 768w, https:\/\/sykli.fi\/demo\/wp-content\/uploads\/2023\/04\/shutterstock_1028274760-vesihuolto-1536x1151.jpg 1536w, https:\/\/sykli.fi\/demo\/wp-content\/uploads\/2023\/04\/shutterstock_1028274760-vesihuolto-2048x1535.jpg 2048w\" sizes=\"auto, (max-width: 800px) 100vw, 800px\" \/>    <a  href=\" https:\/\/sykli.fi\/demo\/koulutusalat\/vesihuolto\/lyhytkoulutukset\/kemikaaliturvallisuuskoulutus\/\" >\r\n        <h2>Kemikaaliturvallisuuskoulutus<\/h2>\r\n\r\n        \r\n    <\/a>\r\n\r\n<\/div>\n\n\r\n<div class=\"page-linkbox has-turquoise-background-color \">\r\n    <img loading=\"lazy\" decoding=\"async\" width=\"800\" height=\"599\" src=\"https:\/\/sykli.fi\/demo\/wp-content\/uploads\/2023\/04\/shutterstock_1028274760-vesihuolto-1024x767.jpg\" class=\"attachment-large size-large\" alt=\"Vesihuolto\" srcset=\"https:\/\/sykli.fi\/demo\/wp-content\/uploads\/2023\/04\/shutterstock_1028274760-vesihuolto-1024x767.jpg 1024w, https:\/\/sykli.fi\/demo\/wp-content\/uploads\/2023\/04\/shutterstock_1028274760-vesihuolto-300x225.jpg 300w, https:\/\/sykli.fi\/demo\/wp-content\/uploads\/2023\/04\/shutterstock_1028274760-vesihuolto-768x576.jpg 768w, https:\/\/sykli.fi\/demo\/wp-content\/uploads\/2023\/04\/shutterstock_1028274760-vesihuolto-1536x1151.jpg 1536w, https:\/\/sykli.fi\/demo\/wp-content\/uploads\/2023\/04\/shutterstock_1028274760-vesihuolto-2048x1535.jpg 2048w\" sizes=\"auto, (max-width: 800px) 100vw, 800px\" \/>    <a  href=\" https:\/\/sykli.fi\/demo\/koulutusalat\/vesihuolto\/lyhytkoulutukset\/lyhytkestoisten-maarakennustoiden-liikennejarjestelyt-liksu\/\" >\r\n        <h2>Lyhytkestoisten maarakennust\u00f6iden liikennej\u00e4rjestelyt &#8211; LIKSU<\/h2>\r\n\r\n        \r\n    <\/a>\r\n\r\n<\/div>\n\n\r\n<div class=\"page-linkbox has-turquoise-background-color \">\r\n    <img loading=\"lazy\" decoding=\"async\" width=\"800\" height=\"599\" src=\"https:\/\/sykli.fi\/demo\/wp-content\/uploads\/2023\/04\/shutterstock_1028274760-vesihuolto-1024x767.jpg\" class=\"attachment-large size-large\" alt=\"Vesihuolto\" srcset=\"https:\/\/sykli.fi\/demo\/wp-content\/uploads\/2023\/04\/shutterstock_1028274760-vesihuolto-1024x767.jpg 1024w, https:\/\/sykli.fi\/demo\/wp-content\/uploads\/2023\/04\/shutterstock_1028274760-vesihuolto-300x225.jpg 300w, https:\/\/sykli.fi\/demo\/wp-content\/uploads\/2023\/04\/shutterstock_1028274760-vesihuolto-768x576.jpg 768w, https:\/\/sykli.fi\/demo\/wp-content\/uploads\/2023\/04\/shutterstock_1028274760-vesihuolto-1536x1151.jpg 1536w, https:\/\/sykli.fi\/demo\/wp-content\/uploads\/2023\/04\/shutterstock_1028274760-vesihuolto-2048x1535.jpg 2048w\" sizes=\"auto, (max-width: 800px) 100vw, 800px\" \/>    <a  href=\" https:\/\/sykli.fi\/demo\/koulutusalat\/vesihuolto\/lyhytkoulutukset\/riskienkartoitus-vesihuoltolaitoksille-wsp-ja-ssp-koulutus-ja-konsultointi\/\" >\r\n        <h2>Riskienkartoitus vesihuoltolaitoksille, WSP ja SSP -ohjelmat, koulutus ja konsultointi<\/h2>\r\n\r\n        \r\n    <\/a>\r\n\r\n<\/div>\n\n\r\n<div class=\"page-linkbox has-turquoise-background-color \">\r\n    <img loading=\"lazy\" decoding=\"async\" width=\"800\" height=\"335\" src=\"https:\/\/sykli.fi\/demo\/wp-content\/uploads\/2024\/02\/shutterstock_2169000283-1024x429.jpg\" class=\"attachment-large size-large\" alt=\"Tulity\u00f6kortti\" srcset=\"https:\/\/sykli.fi\/demo\/wp-content\/uploads\/2024\/02\/shutterstock_2169000283-1024x429.jpg 1024w, https:\/\/sykli.fi\/demo\/wp-content\/uploads\/2024\/02\/shutterstock_2169000283-300x126.jpg 300w, https:\/\/sykli.fi\/demo\/wp-content\/uploads\/2024\/02\/shutterstock_2169000283-768x322.jpg 768w, https:\/\/sykli.fi\/demo\/wp-content\/uploads\/2024\/02\/shutterstock_2169000283-1536x643.jpg 1536w, https:\/\/sykli.fi\/demo\/wp-content\/uploads\/2024\/02\/shutterstock_2169000283-2048x857.jpg 2048w\" sizes=\"auto, (max-width: 800px) 100vw, 800px\" \/>    <a  href=\" https:\/\/sykli.fi\/demo\/koulutusalat\/logistiikka\/logistiikan-avoimet-koulutukset-ja-tilauskoulutukset\/tulityokortti\/\" >\r\n        <h2>Tulity\u00f6kortti<\/h2>\r\n\r\n        \r\n    <\/a>\r\n\r\n<\/div>\n\n\r\n<div class=\"page-linkbox has-turquoise-background-color \">\r\n    <img loading=\"lazy\" decoding=\"async\" width=\"800\" height=\"250\" src=\"https:\/\/sykli.fi\/demo\/wp-content\/uploads\/2022\/09\/logistiikka-1024x320.jpg\" class=\"attachment-large size-large\" alt=\"Rekka-auto kulkee tiet\u00e4 pitkin ja edess\u00e4 kaunis auringonlasku.\" srcset=\"https:\/\/sykli.fi\/demo\/wp-content\/uploads\/2022\/09\/logistiikka-1024x320.jpg 1024w, https:\/\/sykli.fi\/demo\/wp-content\/uploads\/2022\/09\/logistiikka-300x94.jpg 300w, https:\/\/sykli.fi\/demo\/wp-content\/uploads\/2022\/09\/logistiikka-768x240.jpg 768w, https:\/\/sykli.fi\/demo\/wp-content\/uploads\/2022\/09\/logistiikka-1536x480.jpg 1536w, https:\/\/sykli.fi\/demo\/wp-content\/uploads\/2022\/09\/logistiikka.jpg 1920w\" sizes=\"auto, (max-width: 800px) 100vw, 800px\" \/>    <a  href=\" https:\/\/sykli.fi\/demo\/koulutusalat\/logistiikka\/logistiikan-avoimet-koulutukset-ja-tilauskoulutukset\/kuljetusalan-tyoturvakortti\/\" >\r\n        <h2>Ty\u00f6turvallisuuskortti<\/h2>\r\n\r\n        \r\n    <\/a>\r\n\r\n<\/div>\n\n\r\n<div class=\"page-linkbox has-turquoise-background-color \">\r\n    <img loading=\"lazy\" decoding=\"async\" width=\"800\" height=\"599\" src=\"https:\/\/sykli.fi\/demo\/wp-content\/uploads\/2023\/04\/shutterstock_1028274760-vesihuolto-1024x767.jpg\" class=\"attachment-large size-large\" alt=\"Vesihuolto\" srcset=\"https:\/\/sykli.fi\/demo\/wp-content\/uploads\/2023\/04\/shutterstock_1028274760-vesihuolto-1024x767.jpg 1024w, https:\/\/sykli.fi\/demo\/wp-content\/uploads\/2023\/04\/shutterstock_1028274760-vesihuolto-300x225.jpg 300w, https:\/\/sykli.fi\/demo\/wp-content\/uploads\/2023\/04\/shutterstock_1028274760-vesihuolto-768x576.jpg 768w, https:\/\/sykli.fi\/demo\/wp-content\/uploads\/2023\/04\/shutterstock_1028274760-vesihuolto-1536x1151.jpg 1536w, https:\/\/sykli.fi\/demo\/wp-content\/uploads\/2023\/04\/shutterstock_1028274760-vesihuolto-2048x1535.jpg 2048w\" sizes=\"auto, (max-width: 800px) 100vw, 800px\" \/>    <a  href=\" https:\/\/sykli.fi\/demo\/koulutusalat\/vesihuolto\/lyhytkoulutukset\/vesityokortti\/\" >\r\n        <h2>Vesity\u00f6kortti: koulutus ja testi<\/h2>\r\n\r\n        \r\n    <\/a>\r\n\r\n<\/div>\n\n\r\n<div class=\"page-linkbox has-turquoise-background-color \">\r\n    <img loading=\"lazy\" decoding=\"async\" width=\"800\" height=\"599\" src=\"https:\/\/sykli.fi\/demo\/wp-content\/uploads\/2023\/04\/shutterstock_1028274760-vesihuolto-1024x767.jpg\" class=\"attachment-large size-large\" alt=\"Vesihuolto\" srcset=\"https:\/\/sykli.fi\/demo\/wp-content\/uploads\/2023\/04\/shutterstock_1028274760-vesihuolto-1024x767.jpg 1024w, https:\/\/sykli.fi\/demo\/wp-content\/uploads\/2023\/04\/shutterstock_1028274760-vesihuolto-300x225.jpg 300w, https:\/\/sykli.fi\/demo\/wp-content\/uploads\/2023\/04\/shutterstock_1028274760-vesihuolto-768x576.jpg 768w, https:\/\/sykli.fi\/demo\/wp-content\/uploads\/2023\/04\/shutterstock_1028274760-vesihuolto-1536x1151.jpg 1536w, https:\/\/sykli.fi\/demo\/wp-content\/uploads\/2023\/04\/shutterstock_1028274760-vesihuolto-2048x1535.jpg 2048w\" sizes=\"auto, (max-width: 800px) 100vw, 800px\" \/>    <a  href=\" https:\/\/sykli.fi\/demo\/koulutusalat\/vesihuolto\/lyhytkoulutukset\/viemareiden-kuntotutkijan-koulutus\/\" >\r\n        <h2>Viem\u00e4reiden kuntotutkijan koulutus<\/h2>\r\n\r\n        \r\n    <\/a>\r\n\r\n<\/div>\n<\/div>\r\n\r\n    <\/div>\r\n<\/div>","protected":false},"excerpt":{"rendered":"<p>Korttikoulutuksia vesihuoltolaitoksille ja vesihuoltoalan toimijoille Tarjoamme erilaisia korttikoulutuksia. Valikoimaamme kuuluvat esimerkiksi vesity\u00f6kortti, allasvesity\u00f6kortti, ty\u00f6turvakortti ja tulity\u00f6kortti. Vesity\u00f6kortti suoritetaan osallistumalla testaajan [&hellip;]<\/p>\n","protected":false},"author":1,"featured_media":63691,"parent":1537,"menu_order":3,"comment_status":"closed","ping_status":"closed","template":"","meta":{"_acf_changed":false,"footnotes":""},"class_list":["post-62026","page","type-page","status-publish","has-post-thumbnail","hentry"],"acf":[],"_links":{"self":[{"href":"https:\/\/sykli.fi\/demo\/wp-json\/wp\/v2\/pages\/62026","targetHints":{"allow":["GET"]}}],"collection":[{"href":"https:\/\/sykli.fi\/demo\/wp-json\/wp\/v2\/pages"}],"about":[{"href":"https:\/\/sykli.fi\/demo\/wp-json\/wp\/v2\/types\/page"}],"author":[{"embeddable":true,"href":"https:\/\/sykli.fi\/demo\/wp-json\/wp\/v2\/users\/1"}],"replies":[{"embeddable":true,"href":"https:\/\/sykli.fi\/demo\/wp-json\/wp\/v2\/comments?post=62026"}],"version-history":[{"count":5,"href":"https:\/\/sykli.fi\/demo\/wp-json\/wp\/v2\/pages\/62026\/revisions"}],"predecessor-version":[{"id":72536,"href":"https:\/\/sykli.fi\/demo\/wp-json\/wp\/v2\/pages\/62026\/revisions\/72536"}],"up":[{"embeddable":true,"href":"https:\/\/sykli.fi\/demo\/wp-json\/wp\/v2\/pages\/1537"}],"wp:featuredmedia":[{"embeddable":true,"href":"https:\/\/sykli.fi\/demo\/wp-json\/wp\/v2\/media\/63691"}],"wp:attachment":[{"href":"https:\/\/sykli.fi\/demo\/wp-json\/wp\/v2\/media?parent=62026"}],"curies":[{"name":"wp","href":"https:\/\/api.w.org\/{rel}","templated":true}]}}