{"id":62023,"date":"2022-10-19T15:57:18","date_gmt":"2022-10-19T12:57:18","guid":{"rendered":"http:\/\/localhost\/sykli\/?page_id=62023"},"modified":"2026-02-16T10:24:48","modified_gmt":"2026-02-16T08:24:48","slug":"ymparistoalan-erikoisammattitutkinto","status":"publish","type":"page","link":"https:\/\/sykli.fi\/demo\/koulutusalat\/vesihuolto\/ymparistoalan-erikoisammattitutkinto\/","title":{"rendered":"Ymp\u00e4rist\u00f6alan erikoisammattitutkinto"},"content":{"rendered":"\r\n<section id=\"hero-block_f71c8048c3713d2e30f3ce3ad5a4608a\" class=\"hero site-banner section-default default alignfull\">\r\n\r\n    <div class=\"site-banner-bg section-bg-image \" >\r\n\r\n        <img loading=\"lazy\" decoding=\"async\" width=\"2560\" height=\"1919\" src=\"https:\/\/sykli.fi\/demo\/wp-content\/uploads\/2023\/04\/shutterstock_1028274760-vesihuolto-scaled.jpg\" class=\"attachment-1536\u00d71536 size-1536\u00d71536\" alt=\"Vesihuolto\" srcset=\"https:\/\/sykli.fi\/demo\/wp-content\/uploads\/2023\/04\/shutterstock_1028274760-vesihuolto-scaled.jpg 2560w, https:\/\/sykli.fi\/demo\/wp-content\/uploads\/2023\/04\/shutterstock_1028274760-vesihuolto-300x225.jpg 300w, https:\/\/sykli.fi\/demo\/wp-content\/uploads\/2023\/04\/shutterstock_1028274760-vesihuolto-1024x767.jpg 1024w, https:\/\/sykli.fi\/demo\/wp-content\/uploads\/2023\/04\/shutterstock_1028274760-vesihuolto-768x576.jpg 768w, https:\/\/sykli.fi\/demo\/wp-content\/uploads\/2023\/04\/shutterstock_1028274760-vesihuolto-1536x1151.jpg 1536w, https:\/\/sykli.fi\/demo\/wp-content\/uploads\/2023\/04\/shutterstock_1028274760-vesihuolto-2048x1535.jpg 2048w\" sizes=\"auto, (max-width: 2560px) 100vw, 2560px\" \/>\r\n        \r\n        \r\n            <div class=\"site-banner-content container\">\r\n                <div class=\"row w-100\">\r\n                    <div class=\"col-md-12\">\r\n                        <div class=\"hero-text-overlay\">\r\n                                                                <h1 class=\"hero-title\">Ymp\u00e4rist\u00f6alan erikoisammattitutkinto<\/h1>\r\n                            <div class=\"inner-content\">\r\n                            <div class=\"acf-innerblocks-container\">\n\n<p>Vesihuollon osaamisala<\/p>\n\n<\/div>\r\n                        <\/div>                        <\/div>\r\n                    <\/div>\r\n                <\/div>\r\n            <\/div>\r\n\r\n        <\/section>\n\n\n<h1 class=\"wp-block-heading\">Ymp\u00e4rist\u00f6alan erikoisammattitutkinto \u2013 vesihuollon osaamisala<\/h1>\n\n\n\n<p><br>Ymp\u00e4rist\u00f6alan erikoisammattitutkinto vesihuollon osaamisalalla on suunnattu vesihuollon ty\u00f6njohtajille ja asiantuntijoille. Koulutus vahvistaa opiskelijan omaa ja h\u00e4nen organisaationsa osaamista sek\u00e4 antaa mahdollisuuden kehitt\u00e4\u00e4 vesihuollon toimijoiden yhteisty\u00f6t\u00e4.<br><br>Koulutus on laajuudeltaan 180 osaamispistett\u00e4, ja sen kesto on noin 16 kuukautta. Se on tarkoitettu suoritettavaksi ty\u00f6n ohella.<br><br>Koulutus sis\u00e4lt\u00e4\u00e4 vesihuoltoalalla ty\u00f6skenteleville soveltuvia opintoteemoja, joista opiskelija valitsee itselleen parhaiten sopivan kokonaisuuden. Koulutuksessa k\u00e4sittelemme esimerkiksi vesihuollon toimintakokonaisuutta ja kehitt\u00e4mist\u00e4, kest\u00e4v\u00e4\u00e4 vesihuoltoa ja vesiturvallisuutta. Asiantuntijoilla koulutus painottuu erityisesti hankety\u00f6skentelyyn ja ty\u00f6njohtajilla henkil\u00f6johtamistaitoihin ja ty\u00f6lains\u00e4\u00e4d\u00e4nt\u00f6\u00f6n.<br><br>Erikoisammattitutkintoon hakeutuvalla henkil\u00f6ll\u00e4 tulee olla valmiiksi vesihuoltoalan osaaminen, kehitt\u00e4v\u00e4 ote ty\u00f6teht\u00e4viss\u00e4 sek\u00e4 valmius laatia kehitt\u00e4misdokumentteja omalle organisaatiolle.<\/p>\n\n\n<div class=\"koulutukset-block\"><h2><\/h2>Ei t\u00e4ll\u00e4 hetkell\u00e4 avoimia koulutuksia.<\/div>\n\n<h2>Kysy lis\u00e4\u00e4<\/h2>\r\n<div class=\"row\">\r\n                                <div class=\"col-md-6\">\r\n                    <div class=\"staff-box\">\r\n                        <div class=\"row\">\r\n                            <div class=\"col-4\">\r\n                                <img loading=\"lazy\" decoding=\"async\" width=\"150\" height=\"250\" src=\"https:\/\/sykli.fi\/demo\/wp-content\/uploads\/2022\/09\/riikka-elo-2022-nettisivuille-mv.jpg\" class=\"attachment-post-thumbnail size-post-thumbnail wp-post-image\" alt=\"\" \/>                            <\/div>\r\n                            <div class=\"col-8\">\r\n                                <h3>Riikka Elo<\/h3>\r\n                                Koulutusjohtaja                                <ul>\r\n                                    <li><svg xmlns=\"http:\/\/www.w3.org\/2000\/svg\" width=\"16\" height=\"16\" fill=\"currentColor\" class=\"bi bi-telephone-fill\" viewBox=\"0 0 16 16\">\r\n                                <path fill-rule=\"evenodd\" d=\"M1.885.511a1.745 1.745 0 0 1 2.61.163L6.29 2.98c.329.423.445.974.315 1.494l-.547 2.19a.678.678 0 0 0 .178.643l2.457 2.457a.678.678 0 0 0 .644.178l2.189-.547a1.745 1.745 0 0 1 1.494.315l2.306 1.794c.829.645.905 1.87.163 2.611l-1.034 1.034c-.74.74-1.846 1.065-2.877.702a18.634 18.634 0 0 1-7.01-4.42 18.634 18.634 0 0 1-4.42-7.009c-.362-1.03-.037-2.137.703-2.877L1.885.511z\"\/>\r\n                              <\/svg> <a href=\"tel:+358405722786\">040 572 2786<\/a><\/li><li><svg xmlns=\"http:\/\/www.w3.org\/2000\/svg\" width=\"16\" height=\"16\" fill=\"currentColor\" class=\"bi bi-envelope-fill\" viewBox=\"0 0 16 16\">\r\n                                <path d=\"M.05 3.555A2 2 0 0 1 2 2h12a2 2 0 0 1 1.95 1.555L8 8.414.05 3.555ZM0 4.697v7.104l5.803-3.558L0 4.697ZM6.761 8.83l-6.57 4.027A2 2 0 0 0 2 14h12a2 2 0 0 0 1.808-1.144l-6.57-4.027L8 9.586l-1.239-.757Zm3.436-.586L16 11.801V4.697l-5.803 3.546Z\"\/>\r\n                              <\/svg> <a href=\"mailto:riikka.elo@sykli.fi\">riikka.elo@sykli.fi<\/a><\/li>                                <\/ul>\r\n                            <\/div>\r\n                        <\/div>\r\n                    <\/div>\r\n                <\/div>\r\n    <\/div>\n\n\n<p><\/p>\n","protected":false},"excerpt":{"rendered":"<p>Ymp\u00e4rist\u00f6alan erikoisammattitutkinto \u2013 vesihuollon osaamisala Ymp\u00e4rist\u00f6alan erikoisammattitutkinto vesihuollon osaamisalalla on suunnattu vesihuollon ty\u00f6njohtajille ja asiantuntijoille. Koulutus vahvistaa opiskelijan omaa ja [&hellip;]<\/p>\n","protected":false},"author":1,"featured_media":63691,"parent":1537,"menu_order":2,"comment_status":"closed","ping_status":"closed","template":"","meta":{"_acf_changed":false,"footnotes":""},"class_list":["post-62023","page","type-page","status-publish","has-post-thumbnail","hentry"],"acf":[],"_links":{"self":[{"href":"https:\/\/sykli.fi\/demo\/wp-json\/wp\/v2\/pages\/62023","targetHints":{"allow":["GET"]}}],"collection":[{"href":"https:\/\/sykli.fi\/demo\/wp-json\/wp\/v2\/pages"}],"about":[{"href":"https:\/\/sykli.fi\/demo\/wp-json\/wp\/v2\/types\/page"}],"author":[{"embeddable":true,"href":"https:\/\/sykli.fi\/demo\/wp-json\/wp\/v2\/users\/1"}],"replies":[{"embeddable":true,"href":"https:\/\/sykli.fi\/demo\/wp-json\/wp\/v2\/comments?post=62023"}],"version-history":[{"count":2,"href":"https:\/\/sykli.fi\/demo\/wp-json\/wp\/v2\/pages\/62023\/revisions"}],"predecessor-version":[{"id":73650,"href":"https:\/\/sykli.fi\/demo\/wp-json\/wp\/v2\/pages\/62023\/revisions\/73650"}],"up":[{"embeddable":true,"href":"https:\/\/sykli.fi\/demo\/wp-json\/wp\/v2\/pages\/1537"}],"wp:featuredmedia":[{"embeddable":true,"href":"https:\/\/sykli.fi\/demo\/wp-json\/wp\/v2\/media\/63691"}],"wp:attachment":[{"href":"https:\/\/sykli.fi\/demo\/wp-json\/wp\/v2\/media?parent=62023"}],"curies":[{"name":"wp","href":"https:\/\/api.w.org\/{rel}","templated":true}]}}