{"id":62022,"date":"2022-10-19T15:57:13","date_gmt":"2022-10-19T12:57:13","guid":{"rendered":"http:\/\/localhost\/sykli\/?page_id=62022"},"modified":"2026-03-11T10:13:46","modified_gmt":"2026-03-11T08:13:46","slug":"ymparistoalan-ammattitutkinto","status":"publish","type":"page","link":"https:\/\/sykli.fi\/demo\/koulutusalat\/vesihuolto\/ymparistoalan-ammattitutkinto\/","title":{"rendered":"Ymp\u00e4rist\u00f6alan ammattitutkinto"},"content":{"rendered":"\r\n<section id=\"hero-block_06e29c55075eaa21a882276565cd72e1\" class=\"hero site-banner section-default default alignfull\">\r\n\r\n    <div class=\"site-banner-bg section-bg-image \" >\r\n\r\n        <img loading=\"lazy\" decoding=\"async\" width=\"2560\" height=\"1919\" src=\"https:\/\/sykli.fi\/demo\/wp-content\/uploads\/2023\/04\/shutterstock_1028274760-vesihuolto-scaled.jpg\" class=\"attachment-1536\u00d71536 size-1536\u00d71536\" alt=\"Vesihuolto\" srcset=\"https:\/\/sykli.fi\/demo\/wp-content\/uploads\/2023\/04\/shutterstock_1028274760-vesihuolto-scaled.jpg 2560w, https:\/\/sykli.fi\/demo\/wp-content\/uploads\/2023\/04\/shutterstock_1028274760-vesihuolto-300x225.jpg 300w, https:\/\/sykli.fi\/demo\/wp-content\/uploads\/2023\/04\/shutterstock_1028274760-vesihuolto-1024x767.jpg 1024w, https:\/\/sykli.fi\/demo\/wp-content\/uploads\/2023\/04\/shutterstock_1028274760-vesihuolto-768x576.jpg 768w, https:\/\/sykli.fi\/demo\/wp-content\/uploads\/2023\/04\/shutterstock_1028274760-vesihuolto-1536x1151.jpg 1536w, https:\/\/sykli.fi\/demo\/wp-content\/uploads\/2023\/04\/shutterstock_1028274760-vesihuolto-2048x1535.jpg 2048w\" sizes=\"auto, (max-width: 2560px) 100vw, 2560px\" \/>\r\n        \r\n        \r\n            <div class=\"site-banner-content container\">\r\n                <div class=\"row w-100\">\r\n                    <div class=\"col-md-12\">\r\n                        <div class=\"hero-text-overlay\">\r\n                                                                <h1 class=\"hero-title\">Ymp\u00e4rist\u00f6alan ammattitutkinto<\/h1>\r\n                            <div class=\"inner-content\">\r\n                            <div class=\"acf-innerblocks-container\">\n\n<p>Vesihuolto<\/p>\n\n<\/div>\r\n                        <\/div>                        <\/div>\r\n                    <\/div>\r\n                <\/div>\r\n            <\/div>\r\n\r\n        <\/section>\n\n\n<h1 class=\"wp-block-heading\">Vesihuolto \u2013 ymp\u00e4rist\u00f6alan ammattitutkinto<\/h1>\n\n\n\n<p>Vesihuoltoalan ty\u00f6ntekij\u00e4t voivat suorittaa Sykliss\u00e4 ymp\u00e4rist\u00f6alan ammattitutkinnon vesihuollon osaamisalalla. Koulutus vahvistaa vesihuollon ammatillista osaamista sek\u00e4 tukee organisaatioiden kehitt\u00e4mist\u00e4 ja yhteisty\u00f6t\u00e4 vesihuoltoalalla.<\/p>\n\n\n\n<p>Koulutus on suunnattu vesihuollon parissa ty\u00f6skenteleville, kuten vesilaitosten ja j\u00e4tevedenpuhdistamoiden ty\u00f6ntekij\u00f6ille sek\u00e4 vesihuoltoverkostojen asennus-, k\u00e4ytt\u00f6- ja huoltoteht\u00e4viss\u00e4 toimiville. Hakijalla tulisi olla vesihuollon perusosaamista tai ty\u00f6kokemusta alalta.<\/p>\n\n\n\n<p>Vesihuollon ammattitutkinnon laajuus on 150 osaamispistett\u00e4, ja koulutus kest\u00e4\u00e4 noin 14 kuukautta. Opiskelu sis\u00e4lt\u00e4\u00e4 l\u00e4hip\u00e4ivi\u00e4, teht\u00e4vi\u00e4, asiantuntijaluentoja ja vierailuja vesihuollon kohteisiin. Suurin osa osaamisesta hankitaan ty\u00f6ss\u00e4oppimisen kautta omassa ty\u00f6ss\u00e4 vesihuollon teht\u00e4viss\u00e4.<\/p>\n\n\n<h2>Kysy lis\u00e4\u00e4<\/h2>\r\n<div class=\"row\">\r\n                                <div class=\"col-md-6\">\r\n                    <div class=\"staff-box\">\r\n                        <div class=\"row\">\r\n                            <div class=\"col-4\">\r\n                                <img loading=\"lazy\" decoding=\"async\" width=\"150\" height=\"250\" src=\"https:\/\/sykli.fi\/demo\/wp-content\/uploads\/2022\/09\/riikka-elo-2022-nettisivuille-mv.jpg\" class=\"attachment-post-thumbnail size-post-thumbnail wp-post-image\" alt=\"\" \/>                            <\/div>\r\n                            <div class=\"col-8\">\r\n                                <h3>Riikka Elo<\/h3>\r\n                                Koulutusjohtaja                                <ul>\r\n                                    <li><svg xmlns=\"http:\/\/www.w3.org\/2000\/svg\" width=\"16\" height=\"16\" fill=\"currentColor\" class=\"bi bi-telephone-fill\" viewBox=\"0 0 16 16\">\r\n                                <path fill-rule=\"evenodd\" d=\"M1.885.511a1.745 1.745 0 0 1 2.61.163L6.29 2.98c.329.423.445.974.315 1.494l-.547 2.19a.678.678 0 0 0 .178.643l2.457 2.457a.678.678 0 0 0 .644.178l2.189-.547a1.745 1.745 0 0 1 1.494.315l2.306 1.794c.829.645.905 1.87.163 2.611l-1.034 1.034c-.74.74-1.846 1.065-2.877.702a18.634 18.634 0 0 1-7.01-4.42 18.634 18.634 0 0 1-4.42-7.009c-.362-1.03-.037-2.137.703-2.877L1.885.511z\"\/>\r\n                              <\/svg> <a href=\"tel:+358405722786\">040 572 2786<\/a><\/li><li><svg xmlns=\"http:\/\/www.w3.org\/2000\/svg\" width=\"16\" height=\"16\" fill=\"currentColor\" class=\"bi bi-envelope-fill\" viewBox=\"0 0 16 16\">\r\n                                <path d=\"M.05 3.555A2 2 0 0 1 2 2h12a2 2 0 0 1 1.95 1.555L8 8.414.05 3.555ZM0 4.697v7.104l5.803-3.558L0 4.697ZM6.761 8.83l-6.57 4.027A2 2 0 0 0 2 14h12a2 2 0 0 0 1.808-1.144l-6.57-4.027L8 9.586l-1.239-.757Zm3.436-.586L16 11.801V4.697l-5.803 3.546Z\"\/>\r\n                              <\/svg> <a href=\"mailto:riikka.elo@sykli.fi\">riikka.elo@sykli.fi<\/a><\/li>                                <\/ul>\r\n                            <\/div>\r\n                        <\/div>\r\n                    <\/div>\r\n                <\/div>\r\n    <\/div>\n\n<div class=\"koulutukset-block\"><h2><\/h2><div class=\"row single-koulutukset\">            <div class=\"col-sm-6 col-md-4\">\r\n                <div class=\"calendar-card\">\r\n\r\n                                            <p class=\"calendar-card-koulutustyyppi\">Ammattitutkinto<\/p>\r\n                    \r\n                                            <img decoding=\"async\" src=\"https:\/\/ssl.eventilla.com\/static\/logos\/225078\/a35b6eaae564a433ac9ad7fa2d08f309.png\" alt=\"205037 Ymp\u00e4rist\u00f6alan ammattitutkinto, Vesihuollon osaamisala, huhtikuu 2026\">\r\n                    \r\n                    <div class=\"calendar-card-content\">\r\n                        <a href=\"https:\/\/ssl.eventilla.com\/vesihuolto-at-riihimaki-2026\" target=\"_blank\" rel=\"noopener\">\r\n                                                        <h3>205037 Ymp\u00e4rist\u00f6alan ammattitutkinto, Vesihuollon osaamisala, huhtikuu 2026<\/h3>\r\n                        <\/a>\r\n\r\n                        \r\n                        <ul class=\"calendar-card-event-details\">\r\n                                                                                                <li class=\"date\">\r\n                                        <svg class=\"bi  \" width=\"1em\" height=\"1em\" fill=\"currentColor\">\n\t<use xlink:href=\"https:\/\/sykli.fi\/demo\/wp-content\/themes\/luotsi\/assets\/img\/bootstrap-icons.svg#calendar3\" \/>\n<\/svg>14.04.2026 &#8211; 30.09.2027                                    <\/li>\r\n                                \r\n                                                            \r\n                                                            <li class=\"location\">\r\n                                    <svg class=\"bi  \" width=\"1em\" height=\"1em\" fill=\"currentColor\">\n\t<use xlink:href=\"https:\/\/sykli.fi\/demo\/wp-content\/themes\/luotsi\/assets\/img\/bootstrap-icons.svg#pin-map-fill\" \/>\n<\/svg>Suomen ymp\u00e4rist\u00f6opisto Sykli                                <\/li>\r\n                                                    <\/ul>\r\n\r\n                        <a class=\"btn\" href=\"https:\/\/ssl.eventilla.com\/vesihuolto-at-riihimaki-2026\" target=\"_blank\" rel=\"noopener\">\r\n                            Lue lis\u00e4\u00e4                        <\/a>\r\n                    <\/div>\r\n                <\/div>\r\n            <\/div>\r\n<\/div><\/div>","protected":false},"excerpt":{"rendered":"<p>Vesihuolto \u2013 ymp\u00e4rist\u00f6alan ammattitutkinto Vesihuoltoalan ty\u00f6ntekij\u00e4t voivat suorittaa Sykliss\u00e4 ymp\u00e4rist\u00f6alan ammattitutkinnon vesihuollon osaamisalalla. Koulutus vahvistaa vesihuollon ammatillista osaamista sek\u00e4 tukee [&hellip;]<\/p>\n","protected":false},"author":1,"featured_media":63691,"parent":1537,"menu_order":1,"comment_status":"closed","ping_status":"closed","template":"","meta":{"_acf_changed":false,"footnotes":""},"class_list":["post-62022","page","type-page","status-publish","has-post-thumbnail","hentry"],"acf":[],"_links":{"self":[{"href":"https:\/\/sykli.fi\/demo\/wp-json\/wp\/v2\/pages\/62022","targetHints":{"allow":["GET"]}}],"collection":[{"href":"https:\/\/sykli.fi\/demo\/wp-json\/wp\/v2\/pages"}],"about":[{"href":"https:\/\/sykli.fi\/demo\/wp-json\/wp\/v2\/types\/page"}],"author":[{"embeddable":true,"href":"https:\/\/sykli.fi\/demo\/wp-json\/wp\/v2\/users\/1"}],"replies":[{"embeddable":true,"href":"https:\/\/sykli.fi\/demo\/wp-json\/wp\/v2\/comments?post=62022"}],"version-history":[{"count":6,"href":"https:\/\/sykli.fi\/demo\/wp-json\/wp\/v2\/pages\/62022\/revisions"}],"predecessor-version":[{"id":73863,"href":"https:\/\/sykli.fi\/demo\/wp-json\/wp\/v2\/pages\/62022\/revisions\/73863"}],"up":[{"embeddable":true,"href":"https:\/\/sykli.fi\/demo\/wp-json\/wp\/v2\/pages\/1537"}],"wp:featuredmedia":[{"embeddable":true,"href":"https:\/\/sykli.fi\/demo\/wp-json\/wp\/v2\/media\/63691"}],"wp:attachment":[{"href":"https:\/\/sykli.fi\/demo\/wp-json\/wp\/v2\/media?parent=62022"}],"curies":[{"name":"wp","href":"https:\/\/api.w.org\/{rel}","templated":true}]}}