{"id":61994,"date":"2022-10-19T15:03:47","date_gmt":"2022-10-19T12:03:47","guid":{"rendered":"http:\/\/localhost\/sykli\/?page_id=61994"},"modified":"2023-09-29T14:54:06","modified_gmt":"2023-09-29T11:54:06","slug":"ymparistoalan-erikoisammattitutkinto","status":"publish","type":"page","link":"https:\/\/sykli.fi\/demo\/koulutusalat\/ymparistohuolto\/ymparistoalan-erikoisammattitutkinto\/","title":{"rendered":"Ymp\u00e4rist\u00f6alan erikoisammattitutkinto"},"content":{"rendered":"\r\n<section id=\"hero-block_ead6fd10cc6e77f692ace4cc448391aa\" class=\"hero site-banner section-default default alignfull\">\r\n\r\n    <div class=\"site-banner-bg section-bg-image \" >\r\n\r\n        <img loading=\"lazy\" decoding=\"async\" width=\"1000\" height=\"750\" src=\"https:\/\/sykli.fi\/demo\/wp-content\/uploads\/2023\/04\/shutterstock_727038277-ymparistohuolto.jpg\" class=\"attachment-1536\u00d71536 size-1536\u00d71536\" alt=\"Taimi.\" srcset=\"https:\/\/sykli.fi\/demo\/wp-content\/uploads\/2023\/04\/shutterstock_727038277-ymparistohuolto.jpg 1000w, https:\/\/sykli.fi\/demo\/wp-content\/uploads\/2023\/04\/shutterstock_727038277-ymparistohuolto-300x225.jpg 300w, https:\/\/sykli.fi\/demo\/wp-content\/uploads\/2023\/04\/shutterstock_727038277-ymparistohuolto-768x576.jpg 768w\" sizes=\"auto, (max-width: 1000px) 100vw, 1000px\" \/>\r\n        \r\n        \r\n            <div class=\"site-banner-content container\">\r\n                <div class=\"row w-100\">\r\n                    <div class=\"col-md-12\">\r\n                        <div class=\"hero-text-overlay\">\r\n                                                                <h1 class=\"hero-title\">Ymp\u00e4rist\u00f6alan erikoisammattitutkinto<\/h1>\r\n                            <div class=\"inner-content\">\r\n                            <div class=\"acf-innerblocks-container\">\n\n<p>J\u00e4tehuolto<\/p>\n\n<\/div>\r\n                        <\/div>                        <\/div>\r\n                    <\/div>\r\n                <\/div>\r\n            <\/div>\r\n\r\n        <\/section>\n\n\n<h2 class=\"wp-block-heading\">Ymp\u00e4rist\u00f6alan erikoisammattitutkinto \u2013&nbsp;j\u00e4tehuollon osaamisala<\/h2>\n\n\n\n<p>Tahdotko vahvistaa osaamistasi kiertotaloudesta, j\u00e4tehuollosta ja kierr\u00e4tyksest\u00e4? Haluatko verkostoitua muiden j\u00e4tehuollon ammattilaisten kanssa? Suorita Sykliss\u00e4 ymp\u00e4rist\u00f6alan erikoisammattitutkinto j\u00e4tehuollon osaamisalalla!&nbsp;&nbsp;<\/p>\n\n\n\n<p>Ymp\u00e4rist\u00f6alan erikoisammattitutkinnon j\u00e4tehuollon koulutus on j\u00e4te- ja kierr\u00e4tysalan asiantuntija- tai ty\u00f6njohtoteht\u00e4viss\u00e4 toimiville henkil\u00f6ille tarkoitettu t\u00e4ydennyskoulutus. Se soveltuu my\u00f6s muilta aloilta tai k\u00e4yt\u00e4nn\u00f6n ty\u00f6teht\u00e4vist\u00e4 j\u00e4te- ja kierr\u00e4tysalan ty\u00f6njohto- tai asiantuntijateht\u00e4viin siirtyville henkil\u00f6ille. Pohjakoulutusvaatimusta ei ole, mutta toimenkuvan tulee soveltua tutkinnon suorittamiseen.&nbsp;&nbsp;<\/p>\n\n\n\n<p>Koulutus valmistaa suorittamaan ymp\u00e4rist\u00f6alan erikoisammattitutkinnon. Kyseess\u00e4 on n\u00e4ytt\u00f6tutkinto, jonka voi suorittaa my\u00f6s osoittamalla osaamisensa, ilman valmistavaa koulutusta. Tutkinnon laajuus on 180 osaamispistett\u00e4.&nbsp;&nbsp;<\/p>\n\n\n\n<p>Koulutus kest\u00e4\u00e4 noin 1,5 vuotta, ja se suoritetaan ty\u00f6n ohessa. Siihen sis\u00e4ltyy 13\u201315 l\u00e4hiopetusp\u00e4iv\u00e4\u00e4, et\u00e4- ja verkko-opiskelua sek\u00e4 oman ty\u00f6n ja ty\u00f6yhteis\u00f6n kehitt\u00e4mist\u00e4.&nbsp;&nbsp;<\/p>\n\n\n\n<p>Saat koulutuksesta:&nbsp;<\/p>\n\n\n\n<ul class=\"wp-block-list\">\n<li>Ajantasaista tietoa kiertotaloudesta, j\u00e4tehuollosta ja kierr\u00e4tyksest\u00e4&nbsp;<\/li>\n\n\n\n<li>Osaamista j\u00e4tehuollon lains\u00e4\u00e4d\u00e4nn\u00f6st\u00e4 ja m\u00e4\u00e4r\u00e4yksist\u00e4&nbsp;&nbsp;<\/li>\n\n\n\n<li>Tietoa eri j\u00e4tealan toimijoiden vastuista ja velvollisuuksista&nbsp;&nbsp;<\/li>\n\n\n\n<li>Mahdollisuuden verkostoitua toisten alan ammattilaisten kanssa ja tutustua muiden toimintatapoihin k\u00e4yt\u00e4nn\u00f6ss\u00e4&nbsp;<\/li>\n<\/ul>\n\n\n<div class=\"koulutukset-block\"><h2><\/h2>Ei t\u00e4ll\u00e4 hetkell\u00e4 avoimia koulutuksia.<\/div>\n\n<h2>Kysy lis\u00e4\u00e4<\/h2>\r\n<div class=\"row\">\r\n                                <div class=\"col-md-6\">\r\n                    <div class=\"staff-box\">\r\n                        <div class=\"row\">\r\n                            <div class=\"col-4\">\r\n                                <img loading=\"lazy\" decoding=\"async\" width=\"150\" height=\"250\" src=\"https:\/\/sykli.fi\/demo\/wp-content\/uploads\/2022\/09\/maria-torn-2022-nettisivuille-mv.jpg\" class=\"attachment-post-thumbnail size-post-thumbnail wp-post-image\" alt=\"\" \/>                            <\/div>\r\n                            <div class=\"col-8\">\r\n                                <h3>Maria T\u00f6rn<\/h3>\r\n                                Asiantuntija,\u00a0j\u00e4tehuolto, resurssitehokkuus                                <ul>\r\n                                    <li><svg xmlns=\"http:\/\/www.w3.org\/2000\/svg\" width=\"16\" height=\"16\" fill=\"currentColor\" class=\"bi bi-telephone-fill\" viewBox=\"0 0 16 16\">\r\n                                <path fill-rule=\"evenodd\" d=\"M1.885.511a1.745 1.745 0 0 1 2.61.163L6.29 2.98c.329.423.445.974.315 1.494l-.547 2.19a.678.678 0 0 0 .178.643l2.457 2.457a.678.678 0 0 0 .644.178l2.189-.547a1.745 1.745 0 0 1 1.494.315l2.306 1.794c.829.645.905 1.87.163 2.611l-1.034 1.034c-.74.74-1.846 1.065-2.877.702a18.634 18.634 0 0 1-7.01-4.42 18.634 18.634 0 0 1-4.42-7.009c-.362-1.03-.037-2.137.703-2.877L1.885.511z\"\/>\r\n                              <\/svg> <a href=\"tel:+358415015144\">041 5015 144<\/a><\/li><li><svg xmlns=\"http:\/\/www.w3.org\/2000\/svg\" width=\"16\" height=\"16\" fill=\"currentColor\" class=\"bi bi-envelope-fill\" viewBox=\"0 0 16 16\">\r\n                                <path d=\"M.05 3.555A2 2 0 0 1 2 2h12a2 2 0 0 1 1.95 1.555L8 8.414.05 3.555ZM0 4.697v7.104l5.803-3.558L0 4.697ZM6.761 8.83l-6.57 4.027A2 2 0 0 0 2 14h12a2 2 0 0 0 1.808-1.144l-6.57-4.027L8 9.586l-1.239-.757Zm3.436-.586L16 11.801V4.697l-5.803 3.546Z\"\/>\r\n                              <\/svg> <a href=\"mailto:maria.torn@sykli.fi\">maria.torn@sykli.fi<\/a><\/li>                                <\/ul>\r\n                            <\/div>\r\n                        <\/div>\r\n                    <\/div>\r\n                <\/div>\r\n    <\/div>","protected":false},"excerpt":{"rendered":"<p>Ymp\u00e4rist\u00f6alan erikoisammattitutkinto \u2013&nbsp;j\u00e4tehuollon osaamisala Tahdotko vahvistaa osaamistasi kiertotaloudesta, j\u00e4tehuollosta ja kierr\u00e4tyksest\u00e4? Haluatko verkostoitua muiden j\u00e4tehuollon ammattilaisten kanssa? Suorita Sykliss\u00e4 ymp\u00e4rist\u00f6alan [&hellip;]<\/p>\n","protected":false},"author":1,"featured_media":63701,"parent":1584,"menu_order":2,"comment_status":"closed","ping_status":"closed","template":"","meta":{"_acf_changed":false,"footnotes":""},"class_list":["post-61994","page","type-page","status-publish","has-post-thumbnail","hentry"],"acf":[],"_links":{"self":[{"href":"https:\/\/sykli.fi\/demo\/wp-json\/wp\/v2\/pages\/61994","targetHints":{"allow":["GET"]}}],"collection":[{"href":"https:\/\/sykli.fi\/demo\/wp-json\/wp\/v2\/pages"}],"about":[{"href":"https:\/\/sykli.fi\/demo\/wp-json\/wp\/v2\/types\/page"}],"author":[{"embeddable":true,"href":"https:\/\/sykli.fi\/demo\/wp-json\/wp\/v2\/users\/1"}],"replies":[{"embeddable":true,"href":"https:\/\/sykli.fi\/demo\/wp-json\/wp\/v2\/comments?post=61994"}],"version-history":[{"count":4,"href":"https:\/\/sykli.fi\/demo\/wp-json\/wp\/v2\/pages\/61994\/revisions"}],"predecessor-version":[{"id":65511,"href":"https:\/\/sykli.fi\/demo\/wp-json\/wp\/v2\/pages\/61994\/revisions\/65511"}],"up":[{"embeddable":true,"href":"https:\/\/sykli.fi\/demo\/wp-json\/wp\/v2\/pages\/1584"}],"wp:featuredmedia":[{"embeddable":true,"href":"https:\/\/sykli.fi\/demo\/wp-json\/wp\/v2\/media\/63701"}],"wp:attachment":[{"href":"https:\/\/sykli.fi\/demo\/wp-json\/wp\/v2\/media?parent=61994"}],"curies":[{"name":"wp","href":"https:\/\/api.w.org\/{rel}","templated":true}]}}