{"id":49,"date":"2022-04-12T13:53:01","date_gmt":"2022-04-12T10:53:01","guid":{"rendered":"http:\/\/localhost\/sykli\/?page_id=49"},"modified":"2025-04-30T09:17:06","modified_gmt":"2025-04-30T06:17:06","slug":"sykli","status":"publish","type":"page","link":"https:\/\/sykli.fi\/demo\/sykli\/","title":{"rendered":"Sykli"},"content":{"rendered":"\r\n<section id=\"hero-block_3f29cb57c8643dd53c0860feb0cef2c5\" class=\"hero site-banner section-default default alignfull\">\r\n\r\n    <div class=\"site-banner-bg section-bg-image \" >\r\n\r\n        <img loading=\"lazy\" decoding=\"async\" width=\"1000\" height=\"676\" src=\"https:\/\/sykli.fi\/demo\/wp-content\/uploads\/2023\/04\/shutterstock_306243440-SYKLI.jpg\" class=\"attachment-1536\u00d71536 size-1536\u00d71536\" alt=\"Koivun lehti\u00e4.\" srcset=\"https:\/\/sykli.fi\/demo\/wp-content\/uploads\/2023\/04\/shutterstock_306243440-SYKLI.jpg 1000w, https:\/\/sykli.fi\/demo\/wp-content\/uploads\/2023\/04\/shutterstock_306243440-SYKLI-300x203.jpg 300w, https:\/\/sykli.fi\/demo\/wp-content\/uploads\/2023\/04\/shutterstock_306243440-SYKLI-768x519.jpg 768w\" sizes=\"auto, (max-width: 1000px) 100vw, 1000px\" \/>\r\n        \r\n        \r\n            <div class=\"site-banner-content container\">\r\n                <div class=\"row w-100\">\r\n                    <div class=\"col-md-12\">\r\n                        <div class=\"hero-text-overlay\">\r\n                                                                <h1 class=\"hero-title\">Sykli<\/h1>\r\n                            <div class=\"inner-content\">\r\n                            <div class=\"acf-innerblocks-container\">\n\n<p><\/p>\n\n<\/div>\r\n                        <\/div>                        <\/div>\r\n                    <\/div>\r\n                <\/div>\r\n            <\/div>\r\n\r\n        <\/section>\n\n\n<h2 class=\"wp-block-heading\">Kest\u00e4v\u00e4\u00e4n osaamiseen<\/h2>\n\n\n\n<div class=\"wp-block-columns is-layout-flex wp-container-core-columns-is-layout-9d6595d7 wp-block-columns-is-layout-flex\">\n<div class=\"wp-block-column is-layout-flow wp-block-column-is-layout-flow\" style=\"flex-basis:100%\">\n<p>Suomen ymp\u00e4rist\u00f6opisto SYKLI on valtakunnallinen kouluttaja ja kehitt\u00e4j\u00e4. Meid\u00e4t tunnetaan ty\u00f6el\u00e4m\u00e4n kest\u00e4v\u00e4n kehityksen edell\u00e4k\u00e4vij\u00e4n\u00e4. Seuraamme laajasti kest\u00e4v\u00e4\u00e4n kehitykseen, kiertotalouteen ja ilmastoon liittyv\u00e4\u00e4 yhteiskunnallista keskustelua, tutkimusta, ratkaisuja ja osaamistarpeita. Sovellamme koulutuksissamme ja kehitt\u00e4mispalveluissamme uusinta tietoa ja parhaita k\u00e4yt\u00e4nt\u00f6j\u00e4 asiakkaidemme hy\u00f6dyksi.<\/p>\n\n\n\n<p>Opiskelijamme ovat aikuisia, eri aloilla toimivia ammattilaisia ja asiantuntijoita. Tarjoamme tutkintokoulutusta, rekrytoivia koulutusohjelmia, t\u00e4ydennyskoulutusta opettajille ja kasvattajille eri koulutusasteilla sek\u00e4 lyhyit\u00e4 koulutuksia, kuten kortti- ja p\u00e4tevyyskoulutuksia. R\u00e4\u00e4t\u00e4l\u00f6imme henkil\u00f6st\u00f6koulutukset asiakasorganisaation tarpeiden mukaisesti ja huomioimme opiskelijamme yksil\u00f6llisesti.<\/p>\n\n\n\n<p>Toimimme yhteisty\u00f6ss\u00e4 verkostojemme kanssa sek\u00e4 alueellisesti ett\u00e4 valtakunnallisesti, toimialoillamme ja sektorirajoja ylitt\u00e4en. Kehitt\u00e4mishankkeet tuovat uutta osaamista meille ja yhteisty\u00f6kumppaneillemme.<br><br>Olemme&nbsp;poliittisesti ja uskonnollisesti sitoutumaton toimija.<\/p>\n<\/div>\n<\/div>\n\n\n\n<div class=\"wp-block-media-text alignwide has-media-on-the-right is-stacked-on-mobile\"><div class=\"wp-block-media-text__content\">\n<h3 class=\"wp-block-heading\">Omistajat<\/h3>\n\n\n\n<p><strong>Suomen ymp\u00e4rist\u00f6opisto SYKLI Oy:n omistavat:<\/strong><\/p>\n\n\n\n<ul class=\"wp-block-list\">\n<li><a href=\"https:\/\/www.tts.fi\/\">TTS Ty\u00f6tehoseura<\/a><\/li>\n\n\n\n<li><a href=\"http:\/\/www.hraks.fi\/\">Hyria S\u00e4\u00e4ti\u00f6<\/a><\/li>\n\n\n\n<li><a href=\"https:\/\/www.pam.fi\/\">Palvelualojen ammattiliitto PAM<\/a><\/li>\n\n\n\n<li><a rel=\"noreferrer noopener\" href=\"https:\/\/ytpliitto.fi\/\" target=\"_blank\">Kierr\u00e4tysteollisuus ry<\/a><\/li>\n<\/ul>\n\n\n\n<p>Toimipaikkamme sijaitsevat Riihim\u00e4ell\u00e4 ja Helsingiss\u00e4.<\/p>\n<\/div><figure class=\"wp-block-media-text__media\"><img loading=\"lazy\" decoding=\"async\" width=\"1024\" height=\"683\" src=\"https:\/\/sykli.fi\/demo\/\/wp-content\/uploads\/2022\/08\/blogi-kuva-1024x683.jpg\" alt=\"\" class=\"wp-image-60905 size-full\" srcset=\"https:\/\/sykli.fi\/demo\/wp-content\/uploads\/2022\/08\/blogi-kuva-1024x683.jpg 1024w, https:\/\/sykli.fi\/demo\/wp-content\/uploads\/2022\/08\/blogi-kuva-300x200.jpg 300w, https:\/\/sykli.fi\/demo\/wp-content\/uploads\/2022\/08\/blogi-kuva-768x512.jpg 768w, https:\/\/sykli.fi\/demo\/wp-content\/uploads\/2022\/08\/blogi-kuva-1536x1024.jpg 1536w, https:\/\/sykli.fi\/demo\/wp-content\/uploads\/2022\/08\/blogi-kuva.jpg 1600w\" sizes=\"auto, (max-width: 1024px) 100vw, 1024px\" \/><\/figure><\/div>\n\n\n\n<div class=\"wp-block-media-text alignwide is-stacked-on-mobile\"><figure class=\"wp-block-media-text__media\"><img loading=\"lazy\" decoding=\"async\" width=\"729\" height=\"698\" src=\"https:\/\/sykli.fi\/demo\/\/wp-content\/uploads\/2022\/09\/sykli-logo-sininen.png\" alt=\"\" class=\"wp-image-61331 size-full\" srcset=\"https:\/\/sykli.fi\/demo\/wp-content\/uploads\/2022\/09\/sykli-logo-sininen.png 729w, https:\/\/sykli.fi\/demo\/wp-content\/uploads\/2022\/09\/sykli-logo-sininen-300x287.png 300w\" sizes=\"auto, (max-width: 729px) 100vw, 729px\" \/><\/figure><div class=\"wp-block-media-text__content\">\n<h3 class=\"wp-block-heading\">Syklin tunnuksen tarina<\/h3>\n\n\n\n<p>Syklinen tarkoittaa ympyr\u00e4nmuotoista, py\u00f6re\u00e4\u00e4, piiri\u00e4 tai keh\u00e4\u00e4, jaksottaista eli uudistuvaa ja toistuvaa. Maapallon luontoa ja meid\u00e4n el\u00e4m\u00e4\u00e4mme yll\u00e4pit\u00e4v\u00e4t kiertokulut ovat syklisi\u00e4.<\/p>\n\n\n\n<p>SYKLI haluaa vied\u00e4 eteenp\u00e4in muutosta, jossa kiertotalous korvaa lineaarisen talouden. Tunnuksen kohoava py\u00f6rre kuvaa lis\u00e4\u00e4ntyv\u00e4\u00e4 osaamista, aktiivisuutta ja vastuullisuutta, jonka avulla tulevaisuutemme turvataan.<\/p>\n\n\n\n<p><a href=\"https:\/\/sykli.fi\/demo\/\/koulutusalat\/\" data-type=\"page\" data-id=\"41\">Lue lis\u00e4\u00e4 koulutuksistamme \u00bb<\/a><\/p>\n<\/div><\/div>\n\n\n\n<h2 class=\"wp-block-heading\">Toimintakertomus ja kest\u00e4vyysraportti 2024<\/h2>\n\n\n\n<p><a href=\"https:\/\/sykli.fi\/demo\/wp-content\/uploads\/2025\/04\/Toimintakertomus-ja-kestavyysraportti-2024-Suomen-ymparistoopisto-SYKLI.pdf\" target=\"_blank\" rel=\"noreferrer noopener\">Tutustu vuoden 2024 toimintakertomukseen ja kest\u00e4vyysraporttiin.<\/a><\/p>\n\n\n\n<p><\/p>\n","protected":false},"excerpt":{"rendered":"<p>Kest\u00e4v\u00e4\u00e4n osaamiseen Suomen ymp\u00e4rist\u00f6opisto SYKLI on valtakunnallinen kouluttaja ja kehitt\u00e4j\u00e4. Meid\u00e4t tunnetaan ty\u00f6el\u00e4m\u00e4n kest\u00e4v\u00e4n kehityksen edell\u00e4k\u00e4vij\u00e4n\u00e4. Seuraamme laajasti kest\u00e4v\u00e4\u00e4n kehitykseen, [&hellip;]<\/p>\n","protected":false},"author":1,"featured_media":63642,"parent":0,"menu_order":66,"comment_status":"closed","ping_status":"closed","template":"","meta":{"_acf_changed":false,"footnotes":""},"class_list":["post-49","page","type-page","status-publish","has-post-thumbnail","hentry"],"acf":[],"_links":{"self":[{"href":"https:\/\/sykli.fi\/demo\/wp-json\/wp\/v2\/pages\/49","targetHints":{"allow":["GET"]}}],"collection":[{"href":"https:\/\/sykli.fi\/demo\/wp-json\/wp\/v2\/pages"}],"about":[{"href":"https:\/\/sykli.fi\/demo\/wp-json\/wp\/v2\/types\/page"}],"author":[{"embeddable":true,"href":"https:\/\/sykli.fi\/demo\/wp-json\/wp\/v2\/users\/1"}],"replies":[{"embeddable":true,"href":"https:\/\/sykli.fi\/demo\/wp-json\/wp\/v2\/comments?post=49"}],"version-history":[{"count":5,"href":"https:\/\/sykli.fi\/demo\/wp-json\/wp\/v2\/pages\/49\/revisions"}],"predecessor-version":[{"id":71048,"href":"https:\/\/sykli.fi\/demo\/wp-json\/wp\/v2\/pages\/49\/revisions\/71048"}],"wp:featuredmedia":[{"embeddable":true,"href":"https:\/\/sykli.fi\/demo\/wp-json\/wp\/v2\/media\/63642"}],"wp:attachment":[{"href":"https:\/\/sykli.fi\/demo\/wp-json\/wp\/v2\/media?parent=49"}],"curies":[{"name":"wp","href":"https:\/\/api.w.org\/{rel}","templated":true}]}}