{"id":47,"date":"2022-04-12T13:52:50","date_gmt":"2022-04-12T10:52:50","guid":{"rendered":"http:\/\/localhost\/sykli\/?page_id=47"},"modified":"2023-05-12T15:02:38","modified_gmt":"2023-05-12T12:02:38","slug":"vaikuttaminen","status":"publish","type":"page","link":"https:\/\/sykli.fi\/demo\/vaikuttaminen\/","title":{"rendered":"Vaikuttaminen"},"content":{"rendered":"\r\n<section id=\"hero-block_fb8527a89f36ba2a9429af5bd0a4744f\" class=\"hero site-banner section-default default alignfull\">\r\n\r\n    <div class=\"site-banner-bg section-bg-image ob-position\" style=\"object-position: 50% 70%\" >\r\n\r\n        <img loading=\"lazy\" decoding=\"async\" width=\"1000\" height=\"667\" src=\"https:\/\/sykli.fi\/demo\/wp-content\/uploads\/2023\/04\/shutterstock_1985950466-vaikuttaminen.jpg\" class=\"attachment-1536\u00d71536 size-1536\u00d71536\" alt=\"J\u00e4rvimaisema kes\u00e4ll\u00e4.\" srcset=\"https:\/\/sykli.fi\/demo\/wp-content\/uploads\/2023\/04\/shutterstock_1985950466-vaikuttaminen.jpg 1000w, https:\/\/sykli.fi\/demo\/wp-content\/uploads\/2023\/04\/shutterstock_1985950466-vaikuttaminen-300x200.jpg 300w, https:\/\/sykli.fi\/demo\/wp-content\/uploads\/2023\/04\/shutterstock_1985950466-vaikuttaminen-768x512.jpg 768w\" sizes=\"auto, (max-width: 1000px) 100vw, 1000px\" \/>\r\n        \r\n        \r\n            <div class=\"site-banner-content container\">\r\n                <div class=\"row w-100\">\r\n                    <div class=\"col-md-12\">\r\n                        <div class=\"hero-text-overlay\">\r\n                                                                <h1 class=\"hero-title\">Vaikuttaminen<\/h1>\r\n                            <div class=\"inner-content\">\r\n                            <div class=\"acf-innerblocks-container\"><\/div>\r\n                        <\/div>                        <\/div>\r\n                    <\/div>\r\n                <\/div>\r\n            <\/div>\r\n\r\n        <\/section>\n\n\n<p>Yksi Syklin strategian peruspilareista on <em>Vaikuttava Sykli<\/em>. Syklin teht\u00e4v\u00e4 on edist\u00e4\u00e4 kest\u00e4v\u00e4\u00e4 ty\u00f6el\u00e4m\u00e4\u00e4 ja yhteiskuntaa koulutuksen ja tiedon levitt\u00e4misen kautta. Asiantuntijamme pysyv\u00e4t ajan tasalla viimeisimmist\u00e4 tieteen saavutuksista ja pureskelevat uuden tiedon osaksi koulutussis\u00e4lt\u00f6j\u00e4mme. Kehitt\u00e4mishankkeiden avulla olemme my\u00f6s osaltamme soveltamassa uusinta tietoa ja menetelmi\u00e4 eri tilanteissa ja k\u00e4ytt\u00f6kohteissa monipuolisten yhteisty\u00f6tahojen kanssa.&nbsp;<\/p>\n\n\n\n<p><br>Sykli toimii sillanrakentajana tieteen, tutkimuksen ja akateemisten toimijoiden sek\u00e4 k\u00e4yt\u00e4nn\u00f6n ty\u00f6el\u00e4m\u00e4n ja ruohonjuuritason tekij\u00f6iden v\u00e4lill\u00e4 lis\u00e4ten ymm\u00e4rryst\u00e4 ja osaamista kest\u00e4v\u00e4n tulevaisuuden edist\u00e4miseksi. Syklin opiskelijat ja asiakkaat yhdess\u00e4 asiantuntijoidemme kanssa ovat osaltaan vaikuttamassa kest\u00e4v\u00e4mm\u00e4n maailman rakentumiseen.&nbsp;<\/p>\n\n\n<div class=\"page-linkbox-block alignfull\">\r\n    <div class=\"container\">\r\n        \r\n                <div class=\"acf-innerblocks-container\">\r\n\r\n                    \r\n\r\n                        <div class=\"page-linkbox \">\r\n\r\n                            <img loading=\"lazy\" decoding=\"async\" width=\"2560\" height=\"894\" src=\"https:\/\/sykli.fi\/demo\/wp-content\/uploads\/2023\/04\/kehittamishankkeet.png\" class=\"attachment-post-thumbnail size-post-thumbnail wp-post-image\" alt=\"K\u00e4det yhdess\u00e4.\" srcset=\"https:\/\/sykli.fi\/demo\/wp-content\/uploads\/2023\/04\/kehittamishankkeet.png 2560w, https:\/\/sykli.fi\/demo\/wp-content\/uploads\/2023\/04\/kehittamishankkeet-300x105.png 300w, https:\/\/sykli.fi\/demo\/wp-content\/uploads\/2023\/04\/kehittamishankkeet-1024x358.png 1024w, https:\/\/sykli.fi\/demo\/wp-content\/uploads\/2023\/04\/kehittamishankkeet-768x268.png 768w, https:\/\/sykli.fi\/demo\/wp-content\/uploads\/2023\/04\/kehittamishankkeet-1536x537.png 1536w, https:\/\/sykli.fi\/demo\/wp-content\/uploads\/2023\/04\/kehittamishankkeet-2048x715.png 2048w\" sizes=\"auto, (max-width: 2560px) 100vw, 2560px\" \/>                            <a  href=\" https:\/\/sykli.fi\/demo\/vaikuttaminen\/kehittamishankkeet\/\" >\r\n                                <h2>Kehitt\u00e4mishankkeet<\/h2>\r\n                            <\/a>\r\n\r\n\r\n                        <\/div>\r\n\r\n                    \r\n\r\n                        <div class=\"page-linkbox \">\r\n\r\n                            <img loading=\"lazy\" decoding=\"async\" width=\"1920\" height=\"600\" src=\"https:\/\/sykli.fi\/demo\/wp-content\/uploads\/2022\/10\/hankkeet.jpg\" class=\"attachment-post-thumbnail size-post-thumbnail wp-post-image\" alt=\"Ihmiset keskustelevat tietokoneen \u00e4\u00e4rell\u00e4.\" srcset=\"https:\/\/sykli.fi\/demo\/wp-content\/uploads\/2022\/10\/hankkeet.jpg 1920w, https:\/\/sykli.fi\/demo\/wp-content\/uploads\/2022\/10\/hankkeet-300x94.jpg 300w, https:\/\/sykli.fi\/demo\/wp-content\/uploads\/2022\/10\/hankkeet-1024x320.jpg 1024w, https:\/\/sykli.fi\/demo\/wp-content\/uploads\/2022\/10\/hankkeet-768x240.jpg 768w, https:\/\/sykli.fi\/demo\/wp-content\/uploads\/2022\/10\/hankkeet-1536x480.jpg 1536w\" sizes=\"auto, (max-width: 1920px) 100vw, 1920px\" \/>                            <a  href=\" https:\/\/sykli.fi\/demo\/vaikuttaminen\/paattyneet-kehittamishankkeet\/\" >\r\n                                <h2>P\u00e4\u00e4ttyneet hankkeet<\/h2>\r\n                            <\/a>\r\n\r\n\r\n                        <\/div>\r\n\r\n                    \r\n\r\n                        <div class=\"page-linkbox \">\r\n\r\n                            <img loading=\"lazy\" decoding=\"async\" width=\"2560\" height=\"1917\" src=\"https:\/\/sykli.fi\/demo\/wp-content\/uploads\/2023\/05\/shutterstock_212981179-scaled.jpg\" class=\"attachment-post-thumbnail size-post-thumbnail wp-post-image\" alt=\"K\u00e4ttely puunoksan kanssa.\" srcset=\"https:\/\/sykli.fi\/demo\/wp-content\/uploads\/2023\/05\/shutterstock_212981179-scaled.jpg 2560w, https:\/\/sykli.fi\/demo\/wp-content\/uploads\/2023\/05\/shutterstock_212981179-300x225.jpg 300w, https:\/\/sykli.fi\/demo\/wp-content\/uploads\/2023\/05\/shutterstock_212981179-1024x767.jpg 1024w, https:\/\/sykli.fi\/demo\/wp-content\/uploads\/2023\/05\/shutterstock_212981179-768x575.jpg 768w, https:\/\/sykli.fi\/demo\/wp-content\/uploads\/2023\/05\/shutterstock_212981179-1536x1150.jpg 1536w, https:\/\/sykli.fi\/demo\/wp-content\/uploads\/2023\/05\/shutterstock_212981179-2048x1533.jpg 2048w\" sizes=\"auto, (max-width: 2560px) 100vw, 2560px\" \/>                            <a  href=\" https:\/\/sykli.fi\/demo\/vaikuttaminen\/kumppanuus\/\" >\r\n                                <h2>Kumppanuus<\/h2>\r\n                            <\/a>\r\n\r\n\r\n                        <\/div>\r\n\r\n                    \r\n\r\n                        <div class=\"page-linkbox \">\r\n\r\n                            <img loading=\"lazy\" decoding=\"async\" width=\"1000\" height=\"479\" src=\"https:\/\/sykli.fi\/demo\/wp-content\/uploads\/2023\/04\/shutterstock_2059040609-verkostot.jpg\" class=\"attachment-post-thumbnail size-post-thumbnail wp-post-image\" alt=\"\" srcset=\"https:\/\/sykli.fi\/demo\/wp-content\/uploads\/2023\/04\/shutterstock_2059040609-verkostot.jpg 1000w, https:\/\/sykli.fi\/demo\/wp-content\/uploads\/2023\/04\/shutterstock_2059040609-verkostot-300x144.jpg 300w, https:\/\/sykli.fi\/demo\/wp-content\/uploads\/2023\/04\/shutterstock_2059040609-verkostot-768x368.jpg 768w\" sizes=\"auto, (max-width: 1000px) 100vw, 1000px\" \/>                            <a  href=\" https:\/\/sykli.fi\/demo\/vaikuttaminen\/verkostot\/\" >\r\n                                <h2>Verkostot<\/h2>\r\n                            <\/a>\r\n\r\n\r\n                        <\/div>\r\n\r\n                    \r\n\r\n                        <div class=\"page-linkbox \">\r\n\r\n                            <img loading=\"lazy\" decoding=\"async\" width=\"1920\" height=\"390\" src=\"https:\/\/sykli.fi\/demo\/wp-content\/uploads\/2022\/10\/vastuullisuus.jpg\" class=\"attachment-post-thumbnail size-post-thumbnail wp-post-image\" alt=\"Vesipisaroita ruohossa.\" srcset=\"https:\/\/sykli.fi\/demo\/wp-content\/uploads\/2022\/10\/vastuullisuus.jpg 1920w, https:\/\/sykli.fi\/demo\/wp-content\/uploads\/2022\/10\/vastuullisuus-300x61.jpg 300w, https:\/\/sykli.fi\/demo\/wp-content\/uploads\/2022\/10\/vastuullisuus-1024x208.jpg 1024w, https:\/\/sykli.fi\/demo\/wp-content\/uploads\/2022\/10\/vastuullisuus-768x156.jpg 768w, https:\/\/sykli.fi\/demo\/wp-content\/uploads\/2022\/10\/vastuullisuus-1536x312.jpg 1536w\" sizes=\"auto, (max-width: 1920px) 100vw, 1920px\" \/>                            <a  href=\" https:\/\/sykli.fi\/demo\/vaikuttaminen\/tyokalut\/\" >\r\n                                <h2>Ty\u00f6kalut ja julkaisut<\/h2>\r\n                            <\/a>\r\n\r\n\r\n                        <\/div>\r\n\r\n                    \r\n\r\n                        <div class=\"page-linkbox \">\r\n\r\n                            <img loading=\"lazy\" decoding=\"async\" width=\"2560\" height=\"1579\" src=\"https:\/\/sykli.fi\/demo\/wp-content\/uploads\/2023\/05\/shutterstock_1697161942-scaled.jpg\" class=\"attachment-post-thumbnail size-post-thumbnail wp-post-image\" alt=\"K\u00e4det, joilla on vihre\u00e4t, syd\u00e4nmuotoiset lehdet.\" srcset=\"https:\/\/sykli.fi\/demo\/wp-content\/uploads\/2023\/05\/shutterstock_1697161942-scaled.jpg 2560w, https:\/\/sykli.fi\/demo\/wp-content\/uploads\/2023\/05\/shutterstock_1697161942-300x185.jpg 300w, https:\/\/sykli.fi\/demo\/wp-content\/uploads\/2023\/05\/shutterstock_1697161942-1024x631.jpg 1024w, https:\/\/sykli.fi\/demo\/wp-content\/uploads\/2023\/05\/shutterstock_1697161942-768x474.jpg 768w, https:\/\/sykli.fi\/demo\/wp-content\/uploads\/2023\/05\/shutterstock_1697161942-1536x947.jpg 1536w, https:\/\/sykli.fi\/demo\/wp-content\/uploads\/2023\/05\/shutterstock_1697161942-2048x1263.jpg 2048w\" sizes=\"auto, (max-width: 2560px) 100vw, 2560px\" \/>                            <a  href=\" https:\/\/sykli.fi\/demo\/vaikuttaminen\/alumnitoiminta\/\" >\r\n                                <h2>Alumnitoiminta<\/h2>\r\n                            <\/a>\r\n\r\n\r\n                        <\/div>\r\n\r\n                                    <\/div>\r\n        <div class=\"acf-innerblocks-container\"><\/div>\r\n\r\n    <\/div>\r\n<\/div>","protected":false},"excerpt":{"rendered":"<p>Yksi Syklin strategian peruspilareista on Vaikuttava Sykli. Syklin teht\u00e4v\u00e4 on edist\u00e4\u00e4 kest\u00e4v\u00e4\u00e4 ty\u00f6el\u00e4m\u00e4\u00e4 ja yhteiskuntaa koulutuksen ja tiedon levitt\u00e4misen kautta. [&hellip;]<\/p>\n","protected":false},"author":1,"featured_media":61776,"parent":0,"menu_order":56,"comment_status":"closed","ping_status":"closed","template":"template-parts\/page-with-no-sidebar.php","meta":{"_acf_changed":false,"footnotes":""},"class_list":["post-47","page","type-page","status-publish","has-post-thumbnail","hentry"],"acf":[],"_links":{"self":[{"href":"https:\/\/sykli.fi\/demo\/wp-json\/wp\/v2\/pages\/47","targetHints":{"allow":["GET"]}}],"collection":[{"href":"https:\/\/sykli.fi\/demo\/wp-json\/wp\/v2\/pages"}],"about":[{"href":"https:\/\/sykli.fi\/demo\/wp-json\/wp\/v2\/types\/page"}],"author":[{"embeddable":true,"href":"https:\/\/sykli.fi\/demo\/wp-json\/wp\/v2\/users\/1"}],"replies":[{"embeddable":true,"href":"https:\/\/sykli.fi\/demo\/wp-json\/wp\/v2\/comments?post=47"}],"version-history":[{"count":0,"href":"https:\/\/sykli.fi\/demo\/wp-json\/wp\/v2\/pages\/47\/revisions"}],"wp:featuredmedia":[{"embeddable":true,"href":"https:\/\/sykli.fi\/demo\/wp-json\/wp\/v2\/media\/61776"}],"wp:attachment":[{"href":"https:\/\/sykli.fi\/demo\/wp-json\/wp\/v2\/media?parent=47"}],"curies":[{"name":"wp","href":"https:\/\/api.w.org\/{rel}","templated":true}]}}