{"id":43,"date":"2022-04-12T13:52:10","date_gmt":"2022-04-12T10:52:10","guid":{"rendered":"http:\/\/localhost\/sykli\/?page_id=43"},"modified":"2026-01-20T11:51:45","modified_gmt":"2026-01-20T09:51:45","slug":"tyoelamalle","status":"publish","type":"page","link":"https:\/\/sykli.fi\/demo\/tyoelamalle\/","title":{"rendered":"Ty\u00f6el\u00e4m\u00e4lle"},"content":{"rendered":"\r\n<section id=\"hero-block_62b55f574d39605cd74c1ca94dffef7f\" class=\"hero site-banner section-default default alignfull\">\r\n\r\n    <div class=\"site-banner-bg section-bg-image \" >\r\n\r\n        <img loading=\"lazy\" decoding=\"async\" width=\"1000\" height=\"667\" src=\"https:\/\/sykli.fi\/demo\/wp-content\/uploads\/2023\/04\/shutterstock_2017555694-tutustu-asiakastarinoihin.jpg\" class=\"attachment-1536\u00d71536 size-1536\u00d71536\" alt=\"\" srcset=\"https:\/\/sykli.fi\/demo\/wp-content\/uploads\/2023\/04\/shutterstock_2017555694-tutustu-asiakastarinoihin.jpg 1000w, https:\/\/sykli.fi\/demo\/wp-content\/uploads\/2023\/04\/shutterstock_2017555694-tutustu-asiakastarinoihin-300x200.jpg 300w, https:\/\/sykli.fi\/demo\/wp-content\/uploads\/2023\/04\/shutterstock_2017555694-tutustu-asiakastarinoihin-768x512.jpg 768w\" sizes=\"auto, (max-width: 1000px) 100vw, 1000px\" \/>\r\n        \r\n        \r\n            <div class=\"site-banner-content container\">\r\n                <div class=\"row w-100\">\r\n                    <div class=\"col-md-12\">\r\n                        <div class=\"hero-text-overlay\">\r\n                                                                <h1 class=\"hero-title\">Ty\u00f6el\u00e4m\u00e4lle<\/h1>\r\n                            <div class=\"inner-content\">\r\n                            <div class=\"acf-innerblocks-container\">\n\n<p><\/p>\n\n<\/div>\r\n                        <\/div>                        <\/div>\r\n                    <\/div>\r\n                <\/div>\r\n            <\/div>\r\n\r\n        <\/section>\n\n\n<p>Sykli rakentaa kest\u00e4v\u00e4\u00e4 tulevaisuutta kouluttamalla osaajia ty\u00f6el\u00e4m\u00e4\u00e4n ja kehitt\u00e4m\u00e4ll\u00e4 organisaatioiden toimintaa. Toimimme eri alojen ammattilaisten ja organisaatioiden parissa ymp\u00e4ri Suomea. Yrityksen ja sen henkil\u00f6st\u00f6n osaaminen on avaintekij\u00e4, kun ymp\u00e4rist\u00f6vastuun tavoitteet vied\u00e4\u00e4n k\u00e4yt\u00e4nt\u00f6\u00f6n. Autamme yrityst\u00e4nne tai organisaatiotanne toimintanne kehitt\u00e4misess\u00e4. Tarjoamme tutkintokoulutusta, rekrytoivia koulutusohjelmia, t\u00e4ydennyskoulutusta opettajille ja kasvattajille eri koulutusasteilla sek\u00e4 lyhyit\u00e4 koulutuksia, kuten kortti- ja p\u00e4tevyyskoulutuksia. R\u00e4\u00e4t\u00e4l\u00f6imme henkil\u00f6st\u00f6koulutukset asiakasorganisaation tarpeiden mukaisesti. Tutustu ajankohtaiseen tarjontaamme.<\/p>\n\n\n<div class=\"page-linkbox-block alignfull\">\r\n    <div class=\"container\">\r\n        \r\n                <div class=\"acf-innerblocks-container\">\r\n\r\n                    \r\n\r\n                        <div class=\"page-linkbox \">\r\n\r\n                            <img loading=\"lazy\" decoding=\"async\" width=\"1000\" height=\"662\" src=\"https:\/\/sykli.fi\/demo\/wp-content\/uploads\/2025\/05\/shutterstock_2567289969.jpg\" class=\"attachment-post-thumbnail size-post-thumbnail wp-post-image\" alt=\"\" srcset=\"https:\/\/sykli.fi\/demo\/wp-content\/uploads\/2025\/05\/shutterstock_2567289969.jpg 1000w, https:\/\/sykli.fi\/demo\/wp-content\/uploads\/2025\/05\/shutterstock_2567289969-300x199.jpg 300w, https:\/\/sykli.fi\/demo\/wp-content\/uploads\/2025\/05\/shutterstock_2567289969-768x508.jpg 768w\" sizes=\"auto, (max-width: 1000px) 100vw, 1000px\" \/>                            <a  href=\" https:\/\/sykli.fi\/demo\/tyoelamalle\/synergiasykli-kestavyysverkosto\/\" >\r\n                                <h2>SynergiaSykli-kest\u00e4vyysverkosto<\/h2>\r\n                            <\/a>\r\n\r\n\r\n                        <\/div>\r\n\r\n                    \r\n\r\n                        <div class=\"page-linkbox \">\r\n\r\n                            <img loading=\"lazy\" decoding=\"async\" width=\"2560\" height=\"1440\" src=\"https:\/\/sykli.fi\/demo\/wp-content\/uploads\/2026\/01\/shutterstock_2193865315-scaled.jpg\" class=\"attachment-post-thumbnail size-post-thumbnail wp-post-image\" alt=\"\" srcset=\"https:\/\/sykli.fi\/demo\/wp-content\/uploads\/2026\/01\/shutterstock_2193865315-scaled.jpg 2560w, https:\/\/sykli.fi\/demo\/wp-content\/uploads\/2026\/01\/shutterstock_2193865315-300x169.jpg 300w, https:\/\/sykli.fi\/demo\/wp-content\/uploads\/2026\/01\/shutterstock_2193865315-1024x576.jpg 1024w, https:\/\/sykli.fi\/demo\/wp-content\/uploads\/2026\/01\/shutterstock_2193865315-768x432.jpg 768w, https:\/\/sykli.fi\/demo\/wp-content\/uploads\/2026\/01\/shutterstock_2193865315-1536x864.jpg 1536w, https:\/\/sykli.fi\/demo\/wp-content\/uploads\/2026\/01\/shutterstock_2193865315-2048x1152.jpg 2048w\" sizes=\"auto, (max-width: 2560px) 100vw, 2560px\" \/>                            <a  href=\" https:\/\/sykli.fi\/demo\/tyoelamalle\/koulutukset-ja-palvelut-yrityksille\/\" >\r\n                                <h2>Koulutukset ja palvelut yrityksille<\/h2>\r\n                            <\/a>\r\n\r\n\r\n                        <\/div>\r\n\r\n                    \r\n\r\n                        <div class=\"page-linkbox \">\r\n\r\n                            <img loading=\"lazy\" decoding=\"async\" width=\"1000\" height=\"667\" src=\"https:\/\/sykli.fi\/demo\/wp-content\/uploads\/2023\/04\/shutterstock_749441887-osaajia-yritykselle-tyovoimakoulutukset.jpg\" class=\"attachment-post-thumbnail size-post-thumbnail wp-post-image\" alt=\"Pisaroita lehdell\u00e4.\" srcset=\"https:\/\/sykli.fi\/demo\/wp-content\/uploads\/2023\/04\/shutterstock_749441887-osaajia-yritykselle-tyovoimakoulutukset.jpg 1000w, https:\/\/sykli.fi\/demo\/wp-content\/uploads\/2023\/04\/shutterstock_749441887-osaajia-yritykselle-tyovoimakoulutukset-300x200.jpg 300w, https:\/\/sykli.fi\/demo\/wp-content\/uploads\/2023\/04\/shutterstock_749441887-osaajia-yritykselle-tyovoimakoulutukset-768x512.jpg 768w\" sizes=\"auto, (max-width: 1000px) 100vw, 1000px\" \/>                            <a  href=\" https:\/\/sykli.fi\/demo\/tyoelamalle\/rekrytoivatpalvelut\/\" >\r\n                                <h2>Rekrytoivat palvelut<\/h2>\r\n                            <\/a>\r\n\r\n\r\n                        <\/div>\r\n\r\n                    \r\n\r\n                        <div class=\"page-linkbox \">\r\n\r\n                            <img loading=\"lazy\" decoding=\"async\" width=\"1000\" height=\"665\" src=\"https:\/\/sykli.fi\/demo\/wp-content\/uploads\/2023\/04\/shutterstock_199054478-tyopaikkaohjaajalle.jpg\" class=\"attachment-post-thumbnail size-post-thumbnail wp-post-image\" alt=\"Kyltit mets\u00e4ss\u00e4.\" srcset=\"https:\/\/sykli.fi\/demo\/wp-content\/uploads\/2023\/04\/shutterstock_199054478-tyopaikkaohjaajalle.jpg 1000w, https:\/\/sykli.fi\/demo\/wp-content\/uploads\/2023\/04\/shutterstock_199054478-tyopaikkaohjaajalle-300x200.jpg 300w, https:\/\/sykli.fi\/demo\/wp-content\/uploads\/2023\/04\/shutterstock_199054478-tyopaikkaohjaajalle-768x511.jpg 768w\" sizes=\"auto, (max-width: 1000px) 100vw, 1000px\" \/>                            <a  href=\" https:\/\/sykli.fi\/demo\/tyoelamalle\/ohjeet-tutkinto-opiskelijan-tyossaoppimispaikalle\/\" >\r\n                                <h2>Ohjeet tutkinto-opiskelijan ty\u00f6ss\u00e4oppimispaikalle<\/h2>\r\n                            <\/a>\r\n\r\n\r\n                        <\/div>\r\n\r\n                    \r\n\r\n                        <div class=\"page-linkbox \">\r\n\r\n                            <img loading=\"lazy\" decoding=\"async\" width=\"1000\" height=\"667\" src=\"https:\/\/sykli.fi\/demo\/wp-content\/uploads\/2023\/04\/shutterstock_2017555694-tutustu-asiakastarinoihin.jpg\" class=\"attachment-post-thumbnail size-post-thumbnail wp-post-image\" alt=\"\" srcset=\"https:\/\/sykli.fi\/demo\/wp-content\/uploads\/2023\/04\/shutterstock_2017555694-tutustu-asiakastarinoihin.jpg 1000w, https:\/\/sykli.fi\/demo\/wp-content\/uploads\/2023\/04\/shutterstock_2017555694-tutustu-asiakastarinoihin-300x200.jpg 300w, https:\/\/sykli.fi\/demo\/wp-content\/uploads\/2023\/04\/shutterstock_2017555694-tutustu-asiakastarinoihin-768x512.jpg 768w\" sizes=\"auto, (max-width: 1000px) 100vw, 1000px\" \/>                            <a  href=\" https:\/\/sykli.fi\/demo\/tyoelamalle\/palvelut-oppilaitoksille\/\" >\r\n                                <h2>Palvelut oppilaitoksille ja varhaiskasvatukselle<\/h2>\r\n                            <\/a>\r\n\r\n\r\n                        <\/div>\r\n\r\n                    \r\n\r\n                        <div class=\"page-linkbox \">\r\n\r\n                            <img loading=\"lazy\" decoding=\"async\" width=\"1920\" height=\"1260\" src=\"https:\/\/sykli.fi\/demo\/wp-content\/uploads\/2022\/08\/resurssitehokkuus.jpg\" class=\"attachment-post-thumbnail size-post-thumbnail wp-post-image\" alt=\"Resurssitehokkuus\" srcset=\"https:\/\/sykli.fi\/demo\/wp-content\/uploads\/2022\/08\/resurssitehokkuus.jpg 1920w, https:\/\/sykli.fi\/demo\/wp-content\/uploads\/2022\/08\/resurssitehokkuus-300x197.jpg 300w, https:\/\/sykli.fi\/demo\/wp-content\/uploads\/2022\/08\/resurssitehokkuus-1024x672.jpg 1024w, https:\/\/sykli.fi\/demo\/wp-content\/uploads\/2022\/08\/resurssitehokkuus-768x504.jpg 768w, https:\/\/sykli.fi\/demo\/wp-content\/uploads\/2022\/08\/resurssitehokkuus-1536x1008.jpg 1536w\" sizes=\"auto, (max-width: 1920px) 100vw, 1920px\" \/>                            <a  href=\" https:\/\/sykli.fi\/demo\/tyoelamalle\/tutustu-asiakastarinoihin\/\" >\r\n                                <h2>Tutustu asiakastarinoihin<\/h2>\r\n                            <\/a>\r\n\r\n\r\n                        <\/div>\r\n\r\n                                    <\/div>\r\n        <div class=\"acf-innerblocks-container\"><\/div>\r\n\r\n    <\/div>\r\n<\/div>\n\n\r\n\r\n    <div class=\"reference-highlight-block\">\r\n                    <h2>Asiakastarinoita<\/h2>\r\n        \r\n        <div class=\"row\">\r\n\r\n            \r\n                <div class=\"col-md-4\">\r\n                    <a  href=\"https:\/\/sykli.fi\/demo\/tarinat\/tambest-oy-hiilijalanjalkilaskenta-toi-lisaa-tyokaluja-vastuullisuustyohon\/\" >\r\n                        <div class=\"reference-box\">\r\n\r\n                                                            <p class=\"reference-box-tag\">\r\n                                    <span>Asiakastarina<\/span>                                <\/p>\r\n                            \r\n                            <div class=\"reference-box-content\">\r\n                                <h3>Tambest Oy: hiilijalanj\u00e4lkilaskenta toi lis\u00e4\u00e4 ty\u00f6kaluja vastuullisuusty\u00f6h\u00f6n<\/h3>\r\n\r\n                                \r\n                                <div class=\"reference-box-excerpt\">\r\n                                    PIRTE\u00c4\u2013Pk-yritykset v\u00e4h\u00e4hiilisyyden edell\u00e4k\u00e4vij\u00f6iksi -hankkeessa mukana oleva Tambest Oy on suomalainen lasinjalostuksen ammattilainen, joka valmistaa arkkitehtonisia ja turvallisuuslaseja vaativiin k\u00e4ytt\u00f6kohteisiin. Yrityksen&hellip;                                <\/div>\r\n                            <\/div>\r\n                        <\/div>\r\n                    <\/a>\r\n                <\/div>\r\n\r\n            \r\n                <div class=\"col-md-4\">\r\n                    <a  href=\"https:\/\/sykli.fi\/demo\/tarinat\/alpit-nordic-vastuullisuus-on-alusta-lahtien-ollut-luonnollinen-osa-kasvuyrityksen-arkea\/\" >\r\n                        <div class=\"reference-box\">\r\n\r\n                                                            <p class=\"reference-box-tag\">\r\n                                    <span>Asiakastarina<\/span>                                <\/p>\r\n                            \r\n                            <div class=\"reference-box-content\">\r\n                                <h3>Alpit Nordic \u2013 vastuullisuus on alusta l\u00e4htien ollut luonnollinen osa kasvuyrityksen arkea<\/h3>\r\n\r\n                                \r\n                                <div class=\"reference-box-excerpt\">\r\n                                    Alpit Nordic on IT-asiantuntijayritys, joka toteuttaa laajoja kokonaisuuksia julkisella sektorilla ja toimii IT-laitteiden, -palveluiden ja -asiantuntijuuden kumppanina erikokoisille yksityisen sektorin&hellip;                                <\/div>\r\n                            <\/div>\r\n                        <\/div>\r\n                    <\/a>\r\n                <\/div>\r\n\r\n            \r\n                <div class=\"col-md-4\">\r\n                    <a  href=\"https:\/\/sykli.fi\/demo\/tarinat\/saimaan-tukipalvelut-kehittaa-henkilostonsa-kestavyysosaamista-syklin-ammattilaisen-kadenjalki-verkkokursseilla\/\" >\r\n                        <div class=\"reference-box\">\r\n\r\n                                                            <p class=\"reference-box-tag\">\r\n                                    <span>Asiakastarina<\/span>                                <\/p>\r\n                            \r\n                            <div class=\"reference-box-content\">\r\n                                <h3>Saimaan Tukipalvelut kehitt\u00e4\u00e4 henkil\u00f6st\u00f6ns\u00e4 kest\u00e4vyysosaamista Syklin Ammattilaisen k\u00e4denj\u00e4lki -verkkokursseilla<\/h3>\r\n\r\n                                                                    <ul class=\"reference-box-field\">\r\n                                        <li>Ammattilaisen k\u00e4denj\u00e4lki<\/li>                                    <\/ul>\r\n                                \r\n                                <div class=\"reference-box-excerpt\">\r\n                                    Kuva: Saimaan Tukipalvelut Oy Saimaan Tukipalvelut&nbsp;on ottanut t\u00e4rke\u00e4n askeleen henkil\u00f6st\u00f6ns\u00e4 kest\u00e4vyysosaamisen kehitt\u00e4misess\u00e4. Yhti\u00f6 on kouluttanut ty\u00f6ntekij\u00f6it\u00e4\u00e4n Syklin&nbsp;Ammattilaisen k\u00e4denj\u00e4lki\u2122&nbsp;-verkkokurssialustalla varmistaakseen kest\u00e4v\u00e4t,&hellip;                                <\/div>\r\n                            <\/div>\r\n                        <\/div>\r\n                    <\/a>\r\n                <\/div>\r\n\r\n            \r\n            <div class=\"wp-container is-content-justification-center wp-block-buttons\">\r\n                <div class=\"wp-block-button\">\r\n                    <a class=\"wp-block-button__link\" href=\"\r\n                     \r\n                    https:\/\/sykli.fi\/demo\/tyoelamalle\/tutustu-asiakastarinoihin\/\">\r\n                                        Lue lis\u00e4\u00e4 tarinoita\r\n                    <\/a>\r\n                <\/div>\r\n            <\/div>\r\n        <\/div>\r\n    <\/div>\r\n","protected":false},"excerpt":{"rendered":"<p>Sykli rakentaa kest\u00e4v\u00e4\u00e4 tulevaisuutta kouluttamalla osaajia ty\u00f6el\u00e4m\u00e4\u00e4n ja kehitt\u00e4m\u00e4ll\u00e4 organisaatioiden toimintaa. Toimimme eri alojen ammattilaisten ja organisaatioiden parissa ymp\u00e4ri Suomea. [&hellip;]<\/p>\n","protected":false},"author":1,"featured_media":63682,"parent":0,"menu_order":17,"comment_status":"closed","ping_status":"closed","template":"template-parts\/page-with-no-sidebar.php","meta":{"_acf_changed":false,"footnotes":""},"class_list":["post-43","page","type-page","status-publish","has-post-thumbnail","hentry"],"acf":[],"_links":{"self":[{"href":"https:\/\/sykli.fi\/demo\/wp-json\/wp\/v2\/pages\/43","targetHints":{"allow":["GET"]}}],"collection":[{"href":"https:\/\/sykli.fi\/demo\/wp-json\/wp\/v2\/pages"}],"about":[{"href":"https:\/\/sykli.fi\/demo\/wp-json\/wp\/v2\/types\/page"}],"author":[{"embeddable":true,"href":"https:\/\/sykli.fi\/demo\/wp-json\/wp\/v2\/users\/1"}],"replies":[{"embeddable":true,"href":"https:\/\/sykli.fi\/demo\/wp-json\/wp\/v2\/comments?post=43"}],"version-history":[{"count":1,"href":"https:\/\/sykli.fi\/demo\/wp-json\/wp\/v2\/pages\/43\/revisions"}],"predecessor-version":[{"id":73482,"href":"https:\/\/sykli.fi\/demo\/wp-json\/wp\/v2\/pages\/43\/revisions\/73482"}],"wp:featuredmedia":[{"embeddable":true,"href":"https:\/\/sykli.fi\/demo\/wp-json\/wp\/v2\/media\/63682"}],"wp:attachment":[{"href":"https:\/\/sykli.fi\/demo\/wp-json\/wp\/v2\/media?parent=43"}],"curies":[{"name":"wp","href":"https:\/\/api.w.org\/{rel}","templated":true}]}}