{"id":39,"date":"2022-04-12T13:51:20","date_gmt":"2022-04-12T10:51:20","guid":{"rendered":"http:\/\/localhost\/sykli\/?page_id=39"},"modified":"2023-04-26T13:39:38","modified_gmt":"2023-04-26T10:39:38","slug":"opiskelijalle","status":"publish","type":"page","link":"https:\/\/sykli.fi\/demo\/opiskelijalle\/","title":{"rendered":"Opiskelijalle"},"content":{"rendered":"\r\n<section id=\"hero-block_611bb88b33d8bfc24c1e44bfe485a8d9\" class=\"hero site-banner section-default default alignfull\">\r\n\r\n    <div class=\"site-banner-bg section-bg-image \" >\r\n\r\n        <img loading=\"lazy\" decoding=\"async\" width=\"1000\" height=\"667\" src=\"https:\/\/sykli.fi\/demo\/wp-content\/uploads\/2023\/04\/shutterstock_2207243041-opiskelijalle.jpg\" class=\"attachment-1536\u00d71536 size-1536\u00d71536\" alt=\"Koivun lehti\u00e4 kev\u00e4\u00e4ll\u00e4.\" srcset=\"https:\/\/sykli.fi\/demo\/wp-content\/uploads\/2023\/04\/shutterstock_2207243041-opiskelijalle.jpg 1000w, https:\/\/sykli.fi\/demo\/wp-content\/uploads\/2023\/04\/shutterstock_2207243041-opiskelijalle-300x200.jpg 300w, https:\/\/sykli.fi\/demo\/wp-content\/uploads\/2023\/04\/shutterstock_2207243041-opiskelijalle-768x512.jpg 768w\" sizes=\"auto, (max-width: 1000px) 100vw, 1000px\" \/>\r\n        \r\n        \r\n            <div class=\"site-banner-content container\">\r\n                <div class=\"row w-100\">\r\n                    <div class=\"col-md-12\">\r\n                        <div class=\"hero-text-overlay\">\r\n                                                                <h1 class=\"hero-title\">Opiskelijalle<\/h1>\r\n                            <div class=\"inner-content\">\r\n                            <div class=\"acf-innerblocks-container\">\n\n<p><\/p>\n\n<\/div>\r\n                        <\/div>                        <\/div>\r\n                    <\/div>\r\n                <\/div>\r\n            <\/div>\r\n\r\n        <\/section>\n\n\n<p>Kun olet hakeutunut Sykliin tutkintokoulutukseen, laadimme sinulle yhdess\u00e4 henkil\u00f6kohtaisen osaamisen kehitt\u00e4missuunnitelman (HOKS), jossa huomioidaan aikaisempi osaamisesi, ty\u00f6kokemuksesi ja koulutustaustasi. Koko tutkinnon suorittamisen sijaan, voit suorittaa my\u00f6s yksitt\u00e4isi\u00e4 tutkinnon osia.<\/p>\n\n\n\n<p>Tutkinnoissa vaadittu osaaminen osoitetaan aidoissa ty\u00f6teht\u00e4viss\u00e4, joten p\u00e4\u00e4s\u00e4\u00e4nt\u00f6isesti opiskelijalla on my\u00f6s oltava tutkinnon suorittamiseen soveltuva ty\u00f6paikka koko koulutuksen ajan. Oppisopimuskoulutuksessa sinulle nimet\u00e4\u00e4n omalta ty\u00f6paikaltasi ty\u00f6paikkaohjaaja, joka my\u00f6s osallistuu n\u00e4ytt\u00f6jesi arviointiin.<\/p>\n\n\n\n<p>Jos olet toiminut alalla pitk\u00e4\u00e4n ja ty\u00f6kokemuksesi on monipuolinen, on mahdollista, ett\u00e4 voit osoittaa ammattitutkinnon suorittamiseen riitt\u00e4v\u00e4n ammattitaidon k\u00e4yt\u00e4nn\u00f6n ty\u00f6teht\u00e4viin ja erikoisammattitutkinnossa kehitt\u00e4misty\u00f6h\u00f6n liittyvill\u00e4 suorilla n\u00e4yt\u00f6ill\u00e4, ilman koulutukseen osallistumista.<\/p>\n\n\n<div class=\"page-linkbox-block alignfull\">\r\n    <div class=\"container\">\r\n        \r\n                <div class=\"acf-innerblocks-container\">\r\n\r\n                    \r\n\r\n                        <div class=\"page-linkbox \">\r\n\r\n                            <img loading=\"lazy\" decoding=\"async\" width=\"1000\" height=\"667\" src=\"https:\/\/sykli.fi\/demo\/wp-content\/uploads\/2023\/04\/shutterstock_421993138-tilauskoulutukset.jpg\" class=\"attachment-post-thumbnail size-post-thumbnail wp-post-image\" alt=\"Kirja laiturilla.\" srcset=\"https:\/\/sykli.fi\/demo\/wp-content\/uploads\/2023\/04\/shutterstock_421993138-tilauskoulutukset.jpg 1000w, https:\/\/sykli.fi\/demo\/wp-content\/uploads\/2023\/04\/shutterstock_421993138-tilauskoulutukset-300x200.jpg 300w, https:\/\/sykli.fi\/demo\/wp-content\/uploads\/2023\/04\/shutterstock_421993138-tilauskoulutukset-768x512.jpg 768w\" sizes=\"auto, (max-width: 1000px) 100vw, 1000px\" \/>                            <a  href=\" https:\/\/sykli.fi\/demo\/opiskelijalle\/aloitusohjeet\/\" >\r\n                                <h2>Aloitusohjeet tutkintokoulutukseen hakeutuneelle<\/h2>\r\n                            <\/a>\r\n\r\n\r\n                        <\/div>\r\n\r\n                    \r\n\r\n                        <div class=\"page-linkbox \">\r\n\r\n                            <img loading=\"lazy\" decoding=\"async\" width=\"1000\" height=\"667\" src=\"https:\/\/sykli.fi\/demo\/wp-content\/uploads\/2023\/04\/shutterstock_520106560-ohjeet-tutkintoopiskelijalle.jpg\" class=\"attachment-post-thumbnail size-post-thumbnail wp-post-image\" alt=\"Ty\u00f6skentely\u00e4 l\u00e4pp\u00e4rill\u00e4.\" srcset=\"https:\/\/sykli.fi\/demo\/wp-content\/uploads\/2023\/04\/shutterstock_520106560-ohjeet-tutkintoopiskelijalle.jpg 1000w, https:\/\/sykli.fi\/demo\/wp-content\/uploads\/2023\/04\/shutterstock_520106560-ohjeet-tutkintoopiskelijalle-300x200.jpg 300w, https:\/\/sykli.fi\/demo\/wp-content\/uploads\/2023\/04\/shutterstock_520106560-ohjeet-tutkintoopiskelijalle-768x512.jpg 768w\" sizes=\"auto, (max-width: 1000px) 100vw, 1000px\" \/>                            <a  href=\" https:\/\/sykli.fi\/demo\/opiskelijalle\/ohjeet-tutkinto-opiskelijalle\/\" >\r\n                                <h2>Ohjeet tutkinto-opiskelijalle<\/h2>\r\n                            <\/a>\r\n\r\n\r\n                        <\/div>\r\n\r\n                    \r\n\r\n                        <div class=\"page-linkbox \">\r\n\r\n                            <img loading=\"lazy\" decoding=\"async\" width=\"1000\" height=\"667\" src=\"https:\/\/sykli.fi\/demo\/wp-content\/uploads\/2023\/04\/shutterstock_770131126-ohjeet-tyovoimakoulutus-os.jpg\" class=\"attachment-post-thumbnail size-post-thumbnail wp-post-image\" alt=\"Kaksi opiskelijaa kirjoittamassa.\" srcset=\"https:\/\/sykli.fi\/demo\/wp-content\/uploads\/2023\/04\/shutterstock_770131126-ohjeet-tyovoimakoulutus-os.jpg 1000w, https:\/\/sykli.fi\/demo\/wp-content\/uploads\/2023\/04\/shutterstock_770131126-ohjeet-tyovoimakoulutus-os-300x200.jpg 300w, https:\/\/sykli.fi\/demo\/wp-content\/uploads\/2023\/04\/shutterstock_770131126-ohjeet-tyovoimakoulutus-os-768x512.jpg 768w\" sizes=\"auto, (max-width: 1000px) 100vw, 1000px\" \/>                            <a  href=\" https:\/\/sykli.fi\/demo\/opiskelijalle\/ohjeet-tyovoimakoulutuksiin-osallistuville\/\" >\r\n                                <h2>Ohjeet ty\u00f6voimakoulutuksiin osallistuville<\/h2>\r\n                            <\/a>\r\n\r\n\r\n                        <\/div>\r\n\r\n                    \r\n\r\n                        <div class=\"page-linkbox \">\r\n\r\n                            <img loading=\"lazy\" decoding=\"async\" width=\"1000\" height=\"664\" src=\"https:\/\/sykli.fi\/demo\/wp-content\/uploads\/2023\/04\/shutterstock_335330159-oppisopimuskoulutus.jpg\" class=\"attachment-post-thumbnail size-post-thumbnail wp-post-image\" alt=\"Kahvikuppi ja kirja.\" srcset=\"https:\/\/sykli.fi\/demo\/wp-content\/uploads\/2023\/04\/shutterstock_335330159-oppisopimuskoulutus.jpg 1000w, https:\/\/sykli.fi\/demo\/wp-content\/uploads\/2023\/04\/shutterstock_335330159-oppisopimuskoulutus-300x199.jpg 300w, https:\/\/sykli.fi\/demo\/wp-content\/uploads\/2023\/04\/shutterstock_335330159-oppisopimuskoulutus-768x510.jpg 768w\" sizes=\"auto, (max-width: 1000px) 100vw, 1000px\" \/>                            <a  href=\" https:\/\/sykli.fi\/demo\/opiskelijalle\/oppisopimuskoulutus\/\" >\r\n                                <h2>Oppisopimuskoulutus<\/h2>\r\n                            <\/a>\r\n\r\n\r\n                        <\/div>\r\n\r\n                    \r\n\r\n                        <div class=\"page-linkbox \">\r\n\r\n                            <img loading=\"lazy\" decoding=\"async\" width=\"2560\" height=\"1708\" src=\"https:\/\/sykli.fi\/demo\/wp-content\/uploads\/2023\/05\/shutterstock_585458957-scaled.jpg\" class=\"attachment-post-thumbnail size-post-thumbnail wp-post-image\" alt=\"K\u00e4si pitelee kyn\u00e4\u00e4 ja kirjoittaa lomakkeelle.\" srcset=\"https:\/\/sykli.fi\/demo\/wp-content\/uploads\/2023\/05\/shutterstock_585458957-scaled.jpg 2560w, https:\/\/sykli.fi\/demo\/wp-content\/uploads\/2023\/05\/shutterstock_585458957-300x200.jpg 300w, https:\/\/sykli.fi\/demo\/wp-content\/uploads\/2023\/05\/shutterstock_585458957-1024x683.jpg 1024w, https:\/\/sykli.fi\/demo\/wp-content\/uploads\/2023\/05\/shutterstock_585458957-768x512.jpg 768w, https:\/\/sykli.fi\/demo\/wp-content\/uploads\/2023\/05\/shutterstock_585458957-1536x1025.jpg 1536w, https:\/\/sykli.fi\/demo\/wp-content\/uploads\/2023\/05\/shutterstock_585458957-2048x1366.jpg 2048w\" sizes=\"auto, (max-width: 2560px) 100vw, 2560px\" \/>                            <a  href=\" https:\/\/sykli.fi\/demo\/opiskelijalle\/wilma-lomakkeet\/\" >\r\n                                <h2>Wilman lomakkeet<\/h2>\r\n                            <\/a>\r\n\r\n\r\n                        <\/div>\r\n\r\n                                    <\/div>\r\n        <div class=\"acf-innerblocks-container\"><\/div>\r\n\r\n    <\/div>\r\n<\/div>\n\n\r\n\r\n    <div class=\"reference-highlight-block\">\r\n                    <h2>Opiskelijatarinoita<\/h2>\r\n        \r\n        <div class=\"row\">\r\n\r\n            \r\n                <div class=\"col-md-4\">\r\n                    <a  href=\"https:\/\/sykli.fi\/demo\/tarinat\/aina-riittaa-opittavaa\/\" >\r\n                        <div class=\"reference-box\">\r\n\r\n                                                            <p class=\"reference-box-tag\">\r\n                                    <span>Opiskelijatarina<\/span>                                <\/p>\r\n                            \r\n                            <div class=\"reference-box-content\">\r\n                                <h3>Aina riitt\u00e4\u00e4 opittavaa!<\/h3>\r\n\r\n                                                                    <ul class=\"reference-box-field\">\r\n                                        <li>Laatu-, ymp\u00e4rist\u00f6 ja turvallisuusjohtaminen<\/li><li>Tutkintokoulutukset<\/li>                                    <\/ul>\r\n                                \r\n                                <div class=\"reference-box-excerpt\">\r\n                                    Laatup\u00e4\u00e4llikk\u00f6n\u00e4 jo vuodesta 2017 Kaunialan sairaalassa toiminut Minna Oksa hakeutui Syklin koulutukseen halusta oppia lis\u00e4\u00e4 etenkin ymp\u00e4rist\u00f6j\u00e4rjestelmien kehitt\u00e4misest\u00e4. Pitk\u00e4\u00e4n laadun&hellip;                                <\/div>\r\n                            <\/div>\r\n                        <\/div>\r\n                    <\/a>\r\n                <\/div>\r\n\r\n            \r\n                <div class=\"col-md-4\">\r\n                    <a  href=\"https:\/\/sykli.fi\/demo\/tarinat\/kaisa-liinanki-opiskelu-syklissa-siivitti-kestavan-kehityksen-tyota-gradiassa\/\" >\r\n                        <div class=\"reference-box\">\r\n\r\n                                                            <p class=\"reference-box-tag\">\r\n                                    <span>Opiskelijatarina<\/span>                                <\/p>\r\n                            \r\n                            <div class=\"reference-box-content\">\r\n                                <h3>Kaisa Liinanki: Opiskelu Sykliss\u00e4 siivitti kest\u00e4v\u00e4n kehityksen ty\u00f6t\u00e4 Gradiassa<\/h3>\r\n\r\n                                                                    <ul class=\"reference-box-field\">\r\n                                        <li>Laatu-, ymp\u00e4rist\u00f6 ja turvallisuusjohtaminen<\/li><li>Tutkintokoulutukset<\/li>                                    <\/ul>\r\n                                \r\n                                <div class=\"reference-box-excerpt\">\r\n                                    \u201dN\u00e4it\u00e4 asioita ei tehd\u00e4 yksin, vaan yhdess\u00e4 innostaen ja kannustaen sek\u00e4 resursoimalla arvovalintoihin.\u201d Kaisa Liinanki Ravitsemispalvelujen opettaja ja projektiasiantuntija&nbsp;Kaisa Liinanki&nbsp;on&hellip;                                <\/div>\r\n                            <\/div>\r\n                        <\/div>\r\n                    <\/a>\r\n                <\/div>\r\n\r\n            \r\n                <div class=\"col-md-4\">\r\n                    <a  href=\"https:\/\/sykli.fi\/demo\/tarinat\/riitta-ylijoki-siivouspalveluiden-ymparistoohjelma-syntyi-opintojen-tukemana\/\" >\r\n                        <div class=\"reference-box\">\r\n\r\n                                                            <p class=\"reference-box-tag\">\r\n                                    <span>Opiskelijatarina<\/span>                                <\/p>\r\n                            \r\n                            <div class=\"reference-box-content\">\r\n                                <h3>Riitta Ylijoki: Siivouspalveluiden ymp\u00e4rist\u00f6ohjelma syntyi opintojen tukemana<\/h3>\r\n\r\n                                                                    <ul class=\"reference-box-field\">\r\n                                        <li>Laatu-, ymp\u00e4rist\u00f6 ja turvallisuusjohtaminen<\/li><li>Tutkintokoulutukset<\/li>                                    <\/ul>\r\n                                \r\n                                <div class=\"reference-box-excerpt\">\r\n                                    Siivousty\u00f6njohtaja Riitta Ylijoki kehitti siivouspalveluiden ymp\u00e4rist\u00f6ohjelman Heinolan kaupungille osana laatu-, ymp\u00e4rist\u00f6- ja turvallisuusjohtamisen opintojaan. Samalla h\u00e4n suoritti ymp\u00e4rist\u00f6alan erikoisammattitutkinnon. Erikoisammattitutkinnoissa&hellip;                                <\/div>\r\n                            <\/div>\r\n                        <\/div>\r\n                    <\/a>\r\n                <\/div>\r\n\r\n            \r\n            <div class=\"wp-container is-content-justification-center wp-block-buttons\">\r\n                <div class=\"wp-block-button\">\r\n                    <a class=\"wp-block-button__link\" href=\"\r\n                                            https:\/\/sykli.fi\/demo\/opiskelija-ja-asiakastarinat\/\">\r\n                                        Lue lis\u00e4\u00e4 tarinoita\r\n                    <\/a>\r\n                <\/div>\r\n            <\/div>\r\n        <\/div>\r\n    <\/div>\r\n","protected":false},"excerpt":{"rendered":"<p>Kun olet hakeutunut Sykliin tutkintokoulutukseen, laadimme sinulle yhdess\u00e4 henkil\u00f6kohtaisen osaamisen kehitt\u00e4missuunnitelman (HOKS), jossa huomioidaan aikaisempi osaamisesi, ty\u00f6kokemuksesi ja koulutustaustasi. Koko [&hellip;]<\/p>\n","protected":false},"author":1,"featured_media":61796,"parent":0,"menu_order":2,"comment_status":"closed","ping_status":"closed","template":"template-parts\/page-with-no-sidebar.php","meta":{"_acf_changed":false,"footnotes":""},"class_list":["post-39","page","type-page","status-publish","has-post-thumbnail","hentry"],"acf":[],"_links":{"self":[{"href":"https:\/\/sykli.fi\/demo\/wp-json\/wp\/v2\/pages\/39","targetHints":{"allow":["GET"]}}],"collection":[{"href":"https:\/\/sykli.fi\/demo\/wp-json\/wp\/v2\/pages"}],"about":[{"href":"https:\/\/sykli.fi\/demo\/wp-json\/wp\/v2\/types\/page"}],"author":[{"embeddable":true,"href":"https:\/\/sykli.fi\/demo\/wp-json\/wp\/v2\/users\/1"}],"replies":[{"embeddable":true,"href":"https:\/\/sykli.fi\/demo\/wp-json\/wp\/v2\/comments?post=39"}],"version-history":[{"count":0,"href":"https:\/\/sykli.fi\/demo\/wp-json\/wp\/v2\/pages\/39\/revisions"}],"wp:featuredmedia":[{"embeddable":true,"href":"https:\/\/sykli.fi\/demo\/wp-json\/wp\/v2\/media\/61796"}],"wp:attachment":[{"href":"https:\/\/sykli.fi\/demo\/wp-json\/wp\/v2\/media?parent=39"}],"curies":[{"name":"wp","href":"https:\/\/api.w.org\/{rel}","templated":true}]}}