{"id":37,"date":"2022-04-12T13:51:07","date_gmt":"2022-04-12T10:51:07","guid":{"rendered":"http:\/\/localhost\/sykli\/?page_id=37"},"modified":"2023-04-26T13:10:48","modified_gmt":"2023-04-26T10:10:48","slug":"hakijalle","status":"publish","type":"page","link":"https:\/\/sykli.fi\/demo\/hakijalle\/","title":{"rendered":"Hakijalle"},"content":{"rendered":"\r\n<section id=\"hero-block_2ad843833b457b1fe0dee096bf78e9cb\" class=\"hero site-banner section-default default alignfull\">\r\n\r\n    <div class=\"site-banner-bg section-bg-image \" >\r\n\r\n        <img loading=\"lazy\" decoding=\"async\" width=\"1000\" height=\"667\" src=\"https:\/\/sykli.fi\/demo\/wp-content\/uploads\/2023\/04\/shutterstock_579660880-hakijalle.jpg\" class=\"attachment-1536\u00d71536 size-1536\u00d71536\" alt=\"Pisaroita nurmikolla.\" srcset=\"https:\/\/sykli.fi\/demo\/wp-content\/uploads\/2023\/04\/shutterstock_579660880-hakijalle.jpg 1000w, https:\/\/sykli.fi\/demo\/wp-content\/uploads\/2023\/04\/shutterstock_579660880-hakijalle-300x200.jpg 300w, https:\/\/sykli.fi\/demo\/wp-content\/uploads\/2023\/04\/shutterstock_579660880-hakijalle-768x512.jpg 768w\" sizes=\"auto, (max-width: 1000px) 100vw, 1000px\" \/>\r\n        \r\n        \r\n            <div class=\"site-banner-content container\">\r\n                <div class=\"row w-100\">\r\n                    <div class=\"col-md-12\">\r\n                        <div class=\"hero-text-overlay\">\r\n                                                                <h1 class=\"hero-title\">Hakijalle<\/h1>\r\n                            <div class=\"inner-content\">\r\n                            <div class=\"acf-innerblocks-container\"><\/div>\r\n                        <\/div>                        <\/div>\r\n                    <\/div>\r\n                <\/div>\r\n            <\/div>\r\n\r\n        <\/section>\n\n\n<p>Sykli tarjoaa tutkintokoulutusta laatu-, ymp\u00e4rist\u00f6- ja turvallisuusjohtamisen, ymp\u00e4rist\u00f6kasvatuksen, ymp\u00e4rist\u00f6huollon, resurssitehokkuuden sek\u00e4 vesi- ja viem\u00e4rihuollon teht\u00e4viss\u00e4 toimiville. Koulutuksen avulla voit syvent\u00e4\u00e4 ja p\u00e4ivitt\u00e4\u00e4 osaamistasi tai kouluttautua uudelle alalle. Koulutuksia j\u00e4rjestet\u00e4\u00e4n eri puolilla Suomea oppisopimus- ja omaehtoisina koulutuksina sek\u00e4 ty\u00f6voimakoulutuksina. Koulutukset toteutetaan monimuoto- tai verkkokoulutuksina, joten koulutuksiin osallistuminen ja tutkinnon tai tutkinnon osien suorittaminen onnistuu ty\u00f6n ohella.<\/p>\n\n\n<div class=\"page-linkbox-block alignfull\">\r\n    <div class=\"container\">\r\n        \r\n                <div class=\"acf-innerblocks-container\">\r\n\r\n                    \r\n\r\n                        <div class=\"page-linkbox \">\r\n\r\n                            <img loading=\"lazy\" decoding=\"async\" width=\"1000\" height=\"667\" src=\"https:\/\/sykli.fi\/demo\/wp-content\/uploads\/2023\/04\/shutterstock_579660880-hakijalle.jpg\" class=\"attachment-post-thumbnail size-post-thumbnail wp-post-image\" alt=\"Pisaroita nurmikolla.\" srcset=\"https:\/\/sykli.fi\/demo\/wp-content\/uploads\/2023\/04\/shutterstock_579660880-hakijalle.jpg 1000w, https:\/\/sykli.fi\/demo\/wp-content\/uploads\/2023\/04\/shutterstock_579660880-hakijalle-300x200.jpg 300w, https:\/\/sykli.fi\/demo\/wp-content\/uploads\/2023\/04\/shutterstock_579660880-hakijalle-768x512.jpg 768w\" sizes=\"auto, (max-width: 1000px) 100vw, 1000px\" \/>                            <a  href=\" https:\/\/sykli.fi\/demo\/hakijalle\/haku-jotpa-koulutuksiin\/\" >\r\n                                <h2>Haku JOTPA-koulutuksiin<\/h2>\r\n                            <\/a>\r\n\r\n\r\n                        <\/div>\r\n\r\n                    \r\n\r\n                        <div class=\"page-linkbox \">\r\n\r\n                            <img loading=\"lazy\" decoding=\"async\" width=\"1920\" height=\"1280\" src=\"https:\/\/sykli.fi\/demo\/wp-content\/uploads\/2022\/09\/sykli-etusivu-06-2019.jpg\" class=\"attachment-post-thumbnail size-post-thumbnail wp-post-image\" alt=\"Vihreit\u00e4 lehti\u00e4 l\u00e4hikuvassa.\" srcset=\"https:\/\/sykli.fi\/demo\/wp-content\/uploads\/2022\/09\/sykli-etusivu-06-2019.jpg 1920w, https:\/\/sykli.fi\/demo\/wp-content\/uploads\/2022\/09\/sykli-etusivu-06-2019-300x200.jpg 300w, https:\/\/sykli.fi\/demo\/wp-content\/uploads\/2022\/09\/sykli-etusivu-06-2019-1024x683.jpg 1024w, https:\/\/sykli.fi\/demo\/wp-content\/uploads\/2022\/09\/sykli-etusivu-06-2019-768x512.jpg 768w, https:\/\/sykli.fi\/demo\/wp-content\/uploads\/2022\/09\/sykli-etusivu-06-2019-1536x1024.jpg 1536w\" sizes=\"auto, (max-width: 1920px) 100vw, 1920px\" \/>                            <a  href=\" https:\/\/sykli.fi\/demo\/hakijalle\/haku-tutkintokoulutukseen\/\" >\r\n                                <h2>Haku tutkintokoulutukseen<\/h2>\r\n                            <\/a>\r\n\r\n\r\n                        <\/div>\r\n\r\n                    \r\n\r\n                        <div class=\"page-linkbox \">\r\n\r\n                            <img loading=\"lazy\" decoding=\"async\" width=\"1000\" height=\"667\" src=\"https:\/\/sykli.fi\/demo\/wp-content\/uploads\/2023\/04\/shutterstock_1811909263-ymparistoalan-at.jpg\" class=\"attachment-post-thumbnail size-post-thumbnail wp-post-image\" alt=\"Mets\u00e4\u00e4.\" srcset=\"https:\/\/sykli.fi\/demo\/wp-content\/uploads\/2023\/04\/shutterstock_1811909263-ymparistoalan-at.jpg 1000w, https:\/\/sykli.fi\/demo\/wp-content\/uploads\/2023\/04\/shutterstock_1811909263-ymparistoalan-at-300x200.jpg 300w, https:\/\/sykli.fi\/demo\/wp-content\/uploads\/2023\/04\/shutterstock_1811909263-ymparistoalan-at-768x512.jpg 768w\" sizes=\"auto, (max-width: 1000px) 100vw, 1000px\" \/>                            <a  href=\" https:\/\/sykli.fi\/demo\/hakijalle\/ymparistoalan-ammattitutkinto\/\" >\r\n                                <h2>Ymp\u00e4rist\u00f6alan ammattitutkinto<\/h2>\r\n                            <\/a>\r\n\r\n\r\n                        <\/div>\r\n\r\n                    \r\n\r\n                        <div class=\"page-linkbox \">\r\n\r\n                            <img loading=\"lazy\" decoding=\"async\" width=\"1000\" height=\"371\" src=\"https:\/\/sykli.fi\/demo\/wp-content\/uploads\/2023\/04\/shutterstock_2023113656-ymp-alan-eat.jpg\" class=\"attachment-post-thumbnail size-post-thumbnail wp-post-image\" alt=\"Mets\u00e4.\" srcset=\"https:\/\/sykli.fi\/demo\/wp-content\/uploads\/2023\/04\/shutterstock_2023113656-ymp-alan-eat.jpg 1000w, https:\/\/sykli.fi\/demo\/wp-content\/uploads\/2023\/04\/shutterstock_2023113656-ymp-alan-eat-300x111.jpg 300w, https:\/\/sykli.fi\/demo\/wp-content\/uploads\/2023\/04\/shutterstock_2023113656-ymp-alan-eat-768x285.jpg 768w\" sizes=\"auto, (max-width: 1000px) 100vw, 1000px\" \/>                            <a  href=\" https:\/\/sykli.fi\/demo\/hakijalle\/ymparistoalan-erikoisammattitutkinto\/\" >\r\n                                <h2>Ymp\u00e4rist\u00f6alan erikoisammattitutkinto<\/h2>\r\n                            <\/a>\r\n\r\n\r\n                        <\/div>\r\n\r\n                    \r\n\r\n                        <div class=\"page-linkbox \">\r\n\r\n                            <img loading=\"lazy\" decoding=\"async\" width=\"1000\" height=\"563\" src=\"https:\/\/sykli.fi\/demo\/wp-content\/uploads\/2023\/06\/shutterstock_1957121446-haku-tyovoimakoul.jpg\" class=\"attachment-post-thumbnail size-post-thumbnail wp-post-image\" alt=\"\" srcset=\"https:\/\/sykli.fi\/demo\/wp-content\/uploads\/2023\/06\/shutterstock_1957121446-haku-tyovoimakoul.jpg 1000w, https:\/\/sykli.fi\/demo\/wp-content\/uploads\/2023\/06\/shutterstock_1957121446-haku-tyovoimakoul-300x169.jpg 300w, https:\/\/sykli.fi\/demo\/wp-content\/uploads\/2023\/06\/shutterstock_1957121446-haku-tyovoimakoul-768x432.jpg 768w\" sizes=\"auto, (max-width: 1000px) 100vw, 1000px\" \/>                            <a  href=\" https:\/\/sykli.fi\/demo\/hakijalle\/haku-tyovoimakoulutuksiin\/\" >\r\n                                <h2>Haku ty\u00f6voimakoulutuksiin<\/h2>\r\n                            <\/a>\r\n\r\n\r\n                        <\/div>\r\n\r\n                    \r\n\r\n                        <div class=\"page-linkbox \">\r\n\r\n                            <img loading=\"lazy\" decoding=\"async\" width=\"1000\" height=\"667\" src=\"https:\/\/sykli.fi\/demo\/wp-content\/uploads\/2023\/04\/shutterstock_421993138-tilauskoulutukset.jpg\" class=\"attachment-post-thumbnail size-post-thumbnail wp-post-image\" alt=\"Kirja laiturilla.\" srcset=\"https:\/\/sykli.fi\/demo\/wp-content\/uploads\/2023\/04\/shutterstock_421993138-tilauskoulutukset.jpg 1000w, https:\/\/sykli.fi\/demo\/wp-content\/uploads\/2023\/04\/shutterstock_421993138-tilauskoulutukset-300x200.jpg 300w, https:\/\/sykli.fi\/demo\/wp-content\/uploads\/2023\/04\/shutterstock_421993138-tilauskoulutukset-768x512.jpg 768w\" sizes=\"auto, (max-width: 1000px) 100vw, 1000px\" \/>                            <a  href=\" https:\/\/sykli.fi\/demo\/hakijalle\/tutustu-opiskelijatarinoihin\/\" >\r\n                                <h2>Tutustu opiskelijatarinoihin<\/h2>\r\n                            <\/a>\r\n\r\n\r\n                        <\/div>\r\n\r\n                                    <\/div>\r\n        <div class=\"acf-innerblocks-container\"><\/div>\r\n\r\n    <\/div>\r\n<\/div>\n\n\r\n\r\n    <div class=\"reference-highlight-block\">\r\n                    <h2>Opiskelijatarinoita<\/h2>\r\n        \r\n        <div class=\"row\">\r\n\r\n            \r\n                <div class=\"col-md-4\">\r\n                    <a  href=\"https:\/\/sykli.fi\/demo\/tarinat\/vastuullisuusjohtamisen-osaaja-koulutuksen-kautta-uudelle-uralle-rakennusalan-projektijohtajasta-vastuullisuusasiantuntijaksi\/\" >\r\n                        <div class=\"reference-box\">\r\n\r\n                                                            <p class=\"reference-box-tag\">\r\n                                    <span>Opiskelijatarina<\/span>                                <\/p>\r\n                            \r\n                            <div class=\"reference-box-content\">\r\n                                <h3>Vastuullisuusjohtamisen osaaja -koulutuksen kautta uudelle uralle: rakennusalan projektijohtajasta vastuullisuusasiantuntijaksi<\/h3>\r\n\r\n                                                                    <ul class=\"reference-box-field\">\r\n                                        <li>Tutkintoon johtava ty\u00f6voimakoulutus<\/li><li>Ty\u00f6voimakoulutukset<\/li>                                    <\/ul>\r\n                                \r\n                                <div class=\"reference-box-excerpt\">\r\n                                    Vastuullisuus on yh\u00e4 t\u00e4rke\u00e4mpi osa yritysten ja organisaatioiden toimintaa, ja sen hallinta vaatii asiantuntijuutta. Syklin Vastuullisuusjohtamisen osaaja -koulutus on tutkintoon&hellip;                                <\/div>\r\n                            <\/div>\r\n                        <\/div>\r\n                    <\/a>\r\n                <\/div>\r\n\r\n            \r\n                <div class=\"col-md-4\">\r\n                    <a  href=\"https:\/\/sykli.fi\/demo\/tarinat\/syklin-keko-koulutus-tarjoaa-tyoelamaan-valmiuksia-vihrean-siirtyman-asiantuntijatehtavissa\/\" >\r\n                        <div class=\"reference-box\">\r\n\r\n                                                            <p class=\"reference-box-tag\">\r\n                                    <span>Opiskelijatarina<\/span>                                <\/p>\r\n                            \r\n                            <div class=\"reference-box-content\">\r\n                                <h3>Syklin KEKO-koulutus tarjoaa ty\u00f6el\u00e4m\u00e4\u00e4n valmiuksia vihre\u00e4n siirtym\u00e4n asiantuntijateht\u00e4viss\u00e4<\/h3>\r\n\r\n                                                                    <ul class=\"reference-box-field\">\r\n                                        <li>KEKO-ohjelma<\/li>                                    <\/ul>\r\n                                \r\n                                <div class=\"reference-box-excerpt\">\r\n                                    Elokuussa 2024 alkoi Syklin KEKO-koulutus Pohjois-Pohjanmaalla, joka keskittyi vihre\u00e4n siirtym\u00e4n projektiasiantuntijateht\u00e4viin. Syklin kehitt\u00e4miskoulutus eli KEKO tarjosi opiskelijoille syv\u00e4llist\u00e4 osaamista kest\u00e4v\u00e4st\u00e4&hellip;                                <\/div>\r\n                            <\/div>\r\n                        <\/div>\r\n                    <\/a>\r\n                <\/div>\r\n\r\n            \r\n                <div class=\"col-md-4\">\r\n                    <a  href=\"https:\/\/sykli.fi\/demo\/tarinat\/emmi-hanninen-kansainvalisen-politiikan-asiantuntijasta-vastuullisuuden-edistajaksi\/\" >\r\n                        <div class=\"reference-box\">\r\n\r\n                                                            <p class=\"reference-box-tag\">\r\n                                    <span>Opiskelijatarina<\/span>                                <\/p>\r\n                            \r\n                            <div class=\"reference-box-content\">\r\n                                <h3>Emmi H\u00e4nninen &#8211; Kansainv\u00e4lisen politiikan asiantuntijasta vastuullisuuden edist\u00e4j\u00e4ksi<\/h3>\r\n\r\n                                                                    <ul class=\"reference-box-field\">\r\n                                        <li>Tutkintoon johtava ty\u00f6voimakoulutus<\/li>                                    <\/ul>\r\n                                \r\n                                <div class=\"reference-box-excerpt\">\r\n                                    Kokenut kansainv\u00e4lisen politiikan asiantuntija, Emmi H\u00e4nninen, siirtyi vuosikymmenen ty\u00f6uran j\u00e4lkeen yritysvastuun kent\u00e4lle Suomen ymp\u00e4rist\u00f6opisto Syklin Kest\u00e4v\u00e4n kehityksen johtaminen -koulutuksen kautta.&hellip;                                <\/div>\r\n                            <\/div>\r\n                        <\/div>\r\n                    <\/a>\r\n                <\/div>\r\n\r\n            \r\n            <div class=\"wp-container is-content-justification-center wp-block-buttons\">\r\n                <div class=\"wp-block-button\">\r\n                    <a class=\"wp-block-button__link\" href=\"\r\n                                            https:\/\/sykli.fi\/demo\/opiskelija-ja-asiakastarinat\/\">\r\n                                        Lue lis\u00e4\u00e4 tarinoita\r\n                    <\/a>\r\n                <\/div>\r\n            <\/div>\r\n        <\/div>\r\n    <\/div>\r\n","protected":false},"excerpt":{"rendered":"<p>Sykli tarjoaa tutkintokoulutusta laatu-, ymp\u00e4rist\u00f6- ja turvallisuusjohtamisen, ymp\u00e4rist\u00f6kasvatuksen, ymp\u00e4rist\u00f6huollon, resurssitehokkuuden sek\u00e4 vesi- ja viem\u00e4rihuollon teht\u00e4viss\u00e4 toimiville. Koulutuksen avulla voit syvent\u00e4\u00e4 [&hellip;]<\/p>\n","protected":false},"author":1,"featured_media":63654,"parent":0,"menu_order":1,"comment_status":"closed","ping_status":"closed","template":"template-parts\/page-with-no-sidebar.php","meta":{"_acf_changed":false,"footnotes":""},"class_list":["post-37","page","type-page","status-publish","has-post-thumbnail","hentry"],"acf":[],"_links":{"self":[{"href":"https:\/\/sykli.fi\/demo\/wp-json\/wp\/v2\/pages\/37","targetHints":{"allow":["GET"]}}],"collection":[{"href":"https:\/\/sykli.fi\/demo\/wp-json\/wp\/v2\/pages"}],"about":[{"href":"https:\/\/sykli.fi\/demo\/wp-json\/wp\/v2\/types\/page"}],"author":[{"embeddable":true,"href":"https:\/\/sykli.fi\/demo\/wp-json\/wp\/v2\/users\/1"}],"replies":[{"embeddable":true,"href":"https:\/\/sykli.fi\/demo\/wp-json\/wp\/v2\/comments?post=37"}],"version-history":[{"count":1,"href":"https:\/\/sykli.fi\/demo\/wp-json\/wp\/v2\/pages\/37\/revisions"}],"predecessor-version":[{"id":65571,"href":"https:\/\/sykli.fi\/demo\/wp-json\/wp\/v2\/pages\/37\/revisions\/65571"}],"wp:featuredmedia":[{"embeddable":true,"href":"https:\/\/sykli.fi\/demo\/wp-json\/wp\/v2\/media\/63654"}],"wp:attachment":[{"href":"https:\/\/sykli.fi\/demo\/wp-json\/wp\/v2\/media?parent=37"}],"curies":[{"name":"wp","href":"https:\/\/api.w.org\/{rel}","templated":true}]}}