{"id":29699,"date":"2022-06-02T15:35:57","date_gmt":"2022-06-02T12:35:57","guid":{"rendered":"http:\/\/localhost\/sykli\/?page_id=29699"},"modified":"2025-11-24T11:28:46","modified_gmt":"2025-11-24T09:28:46","slug":"ymparistoalan-erikoisammattitutkinto","status":"publish","type":"page","link":"https:\/\/sykli.fi\/demo\/hakijalle\/ymparistoalan-erikoisammattitutkinto\/","title":{"rendered":"Ymp\u00e4rist\u00f6alan erikoisammattitutkinto"},"content":{"rendered":"\r\n<section id=\"hero-block_6bd2aa4d02e8a9ec42b42ef704bd3e3e\" class=\"hero site-banner section-default default alignfull\">\r\n\r\n    <div class=\"site-banner-bg section-bg-image \" >\r\n\r\n        <img loading=\"lazy\" decoding=\"async\" width=\"1000\" height=\"371\" src=\"https:\/\/sykli.fi\/demo\/wp-content\/uploads\/2023\/04\/shutterstock_2023113656-ymp-alan-eat.jpg\" class=\"attachment-1536\u00d71536 size-1536\u00d71536\" alt=\"Mets\u00e4.\" srcset=\"https:\/\/sykli.fi\/demo\/wp-content\/uploads\/2023\/04\/shutterstock_2023113656-ymp-alan-eat.jpg 1000w, https:\/\/sykli.fi\/demo\/wp-content\/uploads\/2023\/04\/shutterstock_2023113656-ymp-alan-eat-300x111.jpg 300w, https:\/\/sykli.fi\/demo\/wp-content\/uploads\/2023\/04\/shutterstock_2023113656-ymp-alan-eat-768x285.jpg 768w\" sizes=\"auto, (max-width: 1000px) 100vw, 1000px\" \/>\r\n        \r\n        \r\n            <div class=\"site-banner-content container\">\r\n                <div class=\"row w-100\">\r\n                    <div class=\"col-md-12\">\r\n                        <div class=\"hero-text-overlay\">\r\n                                                                <h1 class=\"hero-title\">Ymp\u00e4rist\u00f6alan erikoisammatti&shy;tutkinto<\/h1>\r\n                            <div class=\"inner-content\">\r\n                            <div class=\"acf-innerblocks-container\"><\/div>\r\n                        <\/div>                        <\/div>\r\n                    <\/div>\r\n                <\/div>\r\n            <\/div>\r\n\r\n        <\/section>\n\n\n<p>Erikoisammattitutkinnossa osoitetaan alan vaativimpien ty\u00f6teht\u00e4vien hallinta. Tutkinnon ammattitaitovaatimukset on m\u00e4\u00e4ritelty siten, ett\u00e4 niiden saavuttaminen edellytt\u00e4\u00e4 alan peruskoulutusta tai sit\u00e4 vastaavia tietoja ja taitoja, ja lis\u00e4ksi t\u00e4ydent\u00e4vi\u00e4 ja syvent\u00e4vi\u00e4 opintoja sek\u00e4 noin viiden vuoden ty\u00f6kokemusta alalta. N\u00e4yt\u00f6in suoritettu ammatillinen tutkinto antaa kelpoisuuden korkeakoulututkintoon johtaviin opintoihin ja yleisen kelpoisuuden ammattikorkeakouluopintoihin.&nbsp;<\/p>\n\n\n\n<figure class=\"wp-block-image size-large\"><img loading=\"lazy\" decoding=\"async\" width=\"1024\" height=\"576\" src=\"https:\/\/sykli.fi\/demo\/wp-content\/uploads\/2025\/11\/EAT-muodostumiskuva-1-1024x576.jpg\" alt=\"\" class=\"wp-image-73075\" srcset=\"https:\/\/sykli.fi\/demo\/wp-content\/uploads\/2025\/11\/EAT-muodostumiskuva-1-1024x576.jpg 1024w, https:\/\/sykli.fi\/demo\/wp-content\/uploads\/2025\/11\/EAT-muodostumiskuva-1-300x169.jpg 300w, https:\/\/sykli.fi\/demo\/wp-content\/uploads\/2025\/11\/EAT-muodostumiskuva-1-768x432.jpg 768w, https:\/\/sykli.fi\/demo\/wp-content\/uploads\/2025\/11\/EAT-muodostumiskuva-1-1536x864.jpg 1536w, https:\/\/sykli.fi\/demo\/wp-content\/uploads\/2025\/11\/EAT-muodostumiskuva-1.jpg 1920w\" sizes=\"auto, (max-width: 1024px) 100vw, 1024px\" \/><\/figure>\n\n\n\n<p><\/p>\n\n\n\n<p><strong>Ymp\u00e4rist\u00f6alan erikoisammattitutkinto<\/strong> on tarkoitettu asiantuntija- tai ty\u00f6njohtoteht\u00e4viss\u00e4 toimiville ja ymp\u00e4rist\u00f6alan yritt\u00e4jille. Tutkinto ja siihen valmistava koulutus soveltuvat useille eri aloille. Ymp\u00e4rist\u00f6kasvatuksen ja laatu-, ymp\u00e4rist\u00f6- ja turvallisuusjohtamisen osaajat voivat toimia my\u00f6s muilla kuin perinteisill\u00e4 ymp\u00e4rist\u00f6aloilla. Soveltuvia ty\u00f6teht\u00e4vi\u00e4 ovat esimerkiksi ty\u00f6njohtajat ja p\u00e4\u00e4llik\u00f6t, opettajat, ohjaajat ja kouluttajat, konsultointiteht\u00e4viss\u00e4 ty\u00f6skentelev\u00e4t, asiantuntijat ja monet ymp\u00e4rist\u00f6alan ty\u00f6teht\u00e4v\u00e4t. Erilaiset ty\u00f6teht\u00e4v\u00e4t on huomioitu koulutusohjelmissa ja tutkinnon suoritustavoissa.&nbsp;<\/p>\n\n\n\n<p>Tutkinnon laajuus on 180 osaamispistett\u00e4 ja koulutuksen kesto noin 1,5 vuotta. Koulutus soveltuu henkil\u00f6ille, joilla on aiemmin suoritettu ammatti- tai korkeakoulututkinto ja\/tai ty\u00f6ss\u00e4 hankittua osaamista alalta. Koulutus voidaan suorittaa ty\u00f6n ohessa oppisopimuskoulutuksena tai omaehtoisena opiskeluna. Koulutus sis\u00e4lt\u00e4\u00e4 12\u221215 l\u00e4hiopetusp\u00e4iv\u00e4\u00e4. Tutkinnosta on mahdollista suorittaa my\u00f6s osa\/osia, ns. osatutkintona.&nbsp;<\/p>\n\n\n\n<p>Ymp\u00e4rist\u00f6alan erikoisammattitutkinnon suorittaneella on ammattitaito toimia osaamisalansa mukaisissa ty\u00f6njohto- tai asiantuntijateht\u00e4viss\u00e4 sek\u00e4 ymp\u00e4rist\u00f6alan yritt\u00e4j\u00e4n\u00e4. Tutkinnon suorittanut hallitsee my\u00f6s kest\u00e4v\u00e4n kehityksen mukaisen toiminnan ja tiet\u00e4\u00e4 vaatimukset ja kehitystarpeet hyv\u00e4n ty\u00f6yhteis\u00f6n luontiin ja sen j\u00e4senen\u00e4 toimimiseen.&nbsp;<\/p>\n\n\n\n<hr class=\"wp-block-separator has-alpha-channel-opacity\"\/>\n\n\n\n<h2 class=\"wp-block-heading\">Osaamisalojen kuvaukset&nbsp;<\/h2>\n\n\n\n<h3 class=\"wp-block-heading\">Vesihuollon osaamisala&nbsp;<\/h3>\n\n\n\n<p>Vesihuollon osaamisalan suorittaneilla on vahva tekninen tietous oman alansa toimintaymp\u00e4rist\u00f6ist\u00e4 (veden hankinta ja puhdistus, j\u00e4teveden k\u00e4sittely, vesihuoltoverkostot tai haja-asutusalueiden vesihuolto), asiakkaista sek\u00e4 alakohtaisista prosesseista.&nbsp;<\/p>\n\n\n\n<h3 class=\"wp-block-heading\">J\u00e4tehuollon osaamisala&nbsp;<\/h3>\n\n\n\n<p>J\u00e4tehuollon osaamisalan suorittaneilla on vahva tekninen tietous oman alansa toimintaymp\u00e4rist\u00f6ist\u00e4 (j\u00e4tteen ker\u00e4ys ja kuljetus, j\u00e4tteen laitosmainen k\u00e4sittely, j\u00e4tteenk\u00e4sittelyalueen toiminta, j\u00e4tteen energiahy\u00f6dynt\u00e4minen tai j\u00e4tehuoltopalveluiden kehitt\u00e4minen), asiakkaista sek\u00e4 alakohtaisista prosesseista.&nbsp;<\/p>\n\n\n\n<h3 class=\"wp-block-heading\">Viem\u00e4ri- ja putkistohuollon sek\u00e4 teollisuuspuhdistuksen osaamisala&nbsp;<\/h3>\n\n\n\n<p>Viem\u00e4ri- ja putkistohuollon sek\u00e4 teollisuuspuhdistuksen osaamisalan suorittaneilla on vahva tekninen tietous oman alansa toimintaymp\u00e4rist\u00f6ist\u00e4 (teollisuuspuhdistus, viem\u00e4ri- ja putkistohuolto tai -saneeraus), asiakkaista sek\u00e4 alakohtaisista prosesseista.&nbsp;<\/p>\n\n\n\n<h3 class=\"wp-block-heading\">Ymp\u00e4rist\u00f6kasvatuksen osaamisala&nbsp;<\/h3>\n\n\n\n<p>Ymp\u00e4rist\u00f6kasvatuksen osaamisalan suorittanut hallitsee ymp\u00e4rist\u00f6painotteiset kasvatusalan ty\u00f6teht\u00e4v\u00e4t sek\u00e4 kest\u00e4v\u00e4n kehityksen mukaisen toiminnan ja tiet\u00e4\u00e4 vaatimukset ja kehitystarpeet hyv\u00e4n ty\u00f6yhteis\u00f6n luontiin ja sen j\u00e4senen\u00e4 toimimiseen. Ammattitaito painottuu vahvasti ymp\u00e4rist\u00f6kasvatuksen ja kest\u00e4v\u00e4n kehityksen integroimiseen kasvatustoimintaan.&nbsp;<\/p>\n\n\n\n<h3 class=\"wp-block-heading\">Laatu-, ymp\u00e4rist\u00f6- ja turvallisuusjohtamisen osaamisala&nbsp;<\/h3>\n\n\n\n<p>Laatu-, ymp\u00e4rist\u00f6- ja turvallisuusjohtamisen osaamisala suorittaneella on ammattitaito toimia osaamisalansa mukaisissa ty\u00f6njohto- tai asiantuntijateht\u00e4viss\u00e4, kuten laatu-, ymp\u00e4rist\u00f6- tai turvallisuusvastaavana. Tutkinnon suorittanut hallitsee kest\u00e4v\u00e4n kehityksen ulottuvuuksien integroinnin organisaatiotasoisesti sek\u00e4 kest\u00e4v\u00e4n kehityksen mukaisen toiminnan ja tiet\u00e4\u00e4 vaatimukset ja kehitystarpeet hyv\u00e4n ty\u00f6yhteis\u00f6n luontiin ja sen j\u00e4senen\u00e4 toimimiseen.&nbsp;<\/p>\n\n\n\n<h3 class=\"wp-block-heading\">Resurssitehokkuuden osaamisala&nbsp;<\/h3>\n\n\n\n<p>Resurssitehokkuuden osaamisalan suorittaneilla on laaja-alainen osaaminen resurssitehokkuuden edist\u00e4misess\u00e4 erilaisissa toimintaymp\u00e4rist\u00f6iss\u00e4. Syvempi asiantuntijuus painottuu joko materiaali- tai energiatehokkuuden edist\u00e4miseen.&nbsp;<\/p>\n\n\n\n<p>Tutustu tutkinnonperusteisiin t\u00e4\u00e4lt\u00e4: <\/p>\n\n\n\n<p><a href=\"https:\/\/eperusteet.opintopolku.fi\/#\/fi\/ammatillinen\/9425413\/tiedot\" target=\"_blank\" rel=\"noreferrer noopener\">2025 Ymp\u00e4rist\u00f6alan erikoisammattitutkinto (1.8.2025 alkaen)<\/a><\/p>\n\n\n\n<h2 class=\"wp-block-heading has-text-align-left\">Tutustu koulutusaloihin<\/h2>\n\n\n<div class=\"page-linkbox-block alignfull\">\r\n    <div class=\"container\">\r\n        <div class=\"acf-innerblocks-container\">\n\r\n<div class=\"page-linkbox has-turquoise-background-color \">\r\n    <img loading=\"lazy\" decoding=\"async\" width=\"800\" height=\"599\" src=\"https:\/\/sykli.fi\/demo\/wp-content\/uploads\/2023\/04\/shutterstock_1028274760-vesihuolto-1024x767.jpg\" class=\"attachment-large size-large\" alt=\"Vesihuolto\" srcset=\"https:\/\/sykli.fi\/demo\/wp-content\/uploads\/2023\/04\/shutterstock_1028274760-vesihuolto-1024x767.jpg 1024w, https:\/\/sykli.fi\/demo\/wp-content\/uploads\/2023\/04\/shutterstock_1028274760-vesihuolto-300x225.jpg 300w, https:\/\/sykli.fi\/demo\/wp-content\/uploads\/2023\/04\/shutterstock_1028274760-vesihuolto-768x576.jpg 768w, https:\/\/sykli.fi\/demo\/wp-content\/uploads\/2023\/04\/shutterstock_1028274760-vesihuolto-1536x1151.jpg 1536w, https:\/\/sykli.fi\/demo\/wp-content\/uploads\/2023\/04\/shutterstock_1028274760-vesihuolto-2048x1535.jpg 2048w\" sizes=\"auto, (max-width: 800px) 100vw, 800px\" \/>    <a  href=\" https:\/\/sykli.fi\/demo\/koulutusalat\/vesihuolto\/ymparistoalan-erikoisammattitutkinto\/\" >\r\n        <h2>Vesihuolto<\/h2>\r\n\r\n        \r\n    <\/a>\r\n\r\n<\/div>\n\n\r\n<div class=\"page-linkbox has-turquoise-background-color \">\r\n    <img loading=\"lazy\" decoding=\"async\" width=\"800\" height=\"600\" src=\"https:\/\/sykli.fi\/demo\/wp-content\/uploads\/2023\/04\/shutterstock_727038277-ymparistohuolto.jpg\" class=\"attachment-large size-large\" alt=\"Taimi.\" srcset=\"https:\/\/sykli.fi\/demo\/wp-content\/uploads\/2023\/04\/shutterstock_727038277-ymparistohuolto.jpg 1000w, https:\/\/sykli.fi\/demo\/wp-content\/uploads\/2023\/04\/shutterstock_727038277-ymparistohuolto-300x225.jpg 300w, https:\/\/sykli.fi\/demo\/wp-content\/uploads\/2023\/04\/shutterstock_727038277-ymparistohuolto-768x576.jpg 768w\" sizes=\"auto, (max-width: 800px) 100vw, 800px\" \/>    <a  href=\" https:\/\/sykli.fi\/demo\/koulutusalat\/ymparistohuolto\/ymparistoalan-erikoisammattitutkinto\/\" >\r\n        <h2>Ymp\u00e4rist\u00f6huolto<\/h2>\r\n\r\n        \r\n    <\/a>\r\n\r\n<\/div>\n\n\r\n<div class=\"page-linkbox has-turquoise-background-color \">\r\n    <img loading=\"lazy\" decoding=\"async\" width=\"800\" height=\"534\" src=\"https:\/\/sykli.fi\/demo\/wp-content\/uploads\/2023\/04\/MicrosoftTeams-image-4-1024x683.jpg\" class=\"attachment-large size-large\" alt=\"Ymp\u00e4rist\u00f6kasvatus\" srcset=\"https:\/\/sykli.fi\/demo\/wp-content\/uploads\/2023\/04\/MicrosoftTeams-image-4-1024x683.jpg 1024w, https:\/\/sykli.fi\/demo\/wp-content\/uploads\/2023\/04\/MicrosoftTeams-image-4-300x200.jpg 300w, https:\/\/sykli.fi\/demo\/wp-content\/uploads\/2023\/04\/MicrosoftTeams-image-4-768x512.jpg 768w, https:\/\/sykli.fi\/demo\/wp-content\/uploads\/2023\/04\/MicrosoftTeams-image-4-1536x1024.jpg 1536w, https:\/\/sykli.fi\/demo\/wp-content\/uploads\/2023\/04\/MicrosoftTeams-image-4.jpg 2048w\" sizes=\"auto, (max-width: 800px) 100vw, 800px\" \/>    <a  href=\" https:\/\/sykli.fi\/demo\/koulutusalat\/ymparistokasvatus\/ymparistoalan-erikoisammattitutkinto\/\" >\r\n        <h2>Ymp\u00e4rist\u00f6kasvatus<\/h2>\r\n\r\n        \r\n    <\/a>\r\n\r\n<\/div>\n\n\r\n<div class=\"page-linkbox has-turquoise-background-color \">\r\n    <img loading=\"lazy\" decoding=\"async\" width=\"800\" height=\"446\" src=\"https:\/\/sykli.fi\/demo\/wp-content\/uploads\/2023\/04\/shutterstock_1493445623-LYT-1024x571.jpg\" class=\"attachment-large size-large\" alt=\"Palapelin palat.\" srcset=\"https:\/\/sykli.fi\/demo\/wp-content\/uploads\/2023\/04\/shutterstock_1493445623-LYT-1024x571.jpg 1024w, https:\/\/sykli.fi\/demo\/wp-content\/uploads\/2023\/04\/shutterstock_1493445623-LYT-300x167.jpg 300w, https:\/\/sykli.fi\/demo\/wp-content\/uploads\/2023\/04\/shutterstock_1493445623-LYT-768x429.jpg 768w, https:\/\/sykli.fi\/demo\/wp-content\/uploads\/2023\/04\/shutterstock_1493445623-LYT-1536x857.jpg 1536w, https:\/\/sykli.fi\/demo\/wp-content\/uploads\/2023\/04\/shutterstock_1493445623-LYT-2048x1143.jpg 2048w\" sizes=\"auto, (max-width: 800px) 100vw, 800px\" \/>    <a  href=\" https:\/\/sykli.fi\/demo\/koulutusalat\/laatu-ymparisto-ja-turvallisuusjohtaminen\/ymparistoalan-erikoisammattitutkinto\/\" >\r\n        <h2>Laatu-, ymp\u00e4rist\u00f6- ja turvallisuusjohtaminen<\/h2>\r\n\r\n        \r\n    <\/a>\r\n\r\n<\/div>\n\n\r\n<div class=\"page-linkbox has-turquoise-background-color \">\r\n    <img loading=\"lazy\" decoding=\"async\" width=\"800\" height=\"525\" src=\"https:\/\/sykli.fi\/demo\/wp-content\/uploads\/2022\/08\/resurssitehokkuus-1024x672.jpg\" class=\"attachment-large size-large\" alt=\"Resurssitehokkuus\" srcset=\"https:\/\/sykli.fi\/demo\/wp-content\/uploads\/2022\/08\/resurssitehokkuus-1024x672.jpg 1024w, https:\/\/sykli.fi\/demo\/wp-content\/uploads\/2022\/08\/resurssitehokkuus-300x197.jpg 300w, https:\/\/sykli.fi\/demo\/wp-content\/uploads\/2022\/08\/resurssitehokkuus-768x504.jpg 768w, https:\/\/sykli.fi\/demo\/wp-content\/uploads\/2022\/08\/resurssitehokkuus-1536x1008.jpg 1536w, https:\/\/sykli.fi\/demo\/wp-content\/uploads\/2022\/08\/resurssitehokkuus.jpg 1920w\" sizes=\"auto, (max-width: 800px) 100vw, 800px\" \/>    <a  href=\" https:\/\/sykli.fi\/demo\/koulutusalat\/resurssitehokkuus\/ymparistoalan-erikoisammattitutkinto\/\" >\r\n        <h2>Resurssitehokkuus<\/h2>\r\n\r\n        \r\n    <\/a>\r\n\r\n<\/div>\n<\/div>\r\n\r\n    <\/div>\r\n<\/div>","protected":false},"excerpt":{"rendered":"<p>Erikoisammattitutkinnossa osoitetaan alan vaativimpien ty\u00f6teht\u00e4vien hallinta. Tutkinnon ammattitaitovaatimukset on m\u00e4\u00e4ritelty siten, ett\u00e4 niiden saavuttaminen edellytt\u00e4\u00e4 alan peruskoulutusta tai sit\u00e4 vastaavia [&hellip;]<\/p>\n","protected":false},"author":1,"featured_media":63684,"parent":37,"menu_order":21,"comment_status":"closed","ping_status":"closed","template":"","meta":{"_acf_changed":false,"footnotes":""},"class_list":["post-29699","page","type-page","status-publish","has-post-thumbnail","hentry"],"acf":[],"_links":{"self":[{"href":"https:\/\/sykli.fi\/demo\/wp-json\/wp\/v2\/pages\/29699","targetHints":{"allow":["GET"]}}],"collection":[{"href":"https:\/\/sykli.fi\/demo\/wp-json\/wp\/v2\/pages"}],"about":[{"href":"https:\/\/sykli.fi\/demo\/wp-json\/wp\/v2\/types\/page"}],"author":[{"embeddable":true,"href":"https:\/\/sykli.fi\/demo\/wp-json\/wp\/v2\/users\/1"}],"replies":[{"embeddable":true,"href":"https:\/\/sykli.fi\/demo\/wp-json\/wp\/v2\/comments?post=29699"}],"version-history":[{"count":10,"href":"https:\/\/sykli.fi\/demo\/wp-json\/wp\/v2\/pages\/29699\/revisions"}],"predecessor-version":[{"id":73087,"href":"https:\/\/sykli.fi\/demo\/wp-json\/wp\/v2\/pages\/29699\/revisions\/73087"}],"up":[{"embeddable":true,"href":"https:\/\/sykli.fi\/demo\/wp-json\/wp\/v2\/pages\/37"}],"wp:featuredmedia":[{"embeddable":true,"href":"https:\/\/sykli.fi\/demo\/wp-json\/wp\/v2\/media\/63684"}],"wp:attachment":[{"href":"https:\/\/sykli.fi\/demo\/wp-json\/wp\/v2\/media?parent=29699"}],"curies":[{"name":"wp","href":"https:\/\/api.w.org\/{rel}","templated":true}]}}