{"id":1635,"date":"2022-05-17T11:47:19","date_gmt":"2022-05-17T08:47:19","guid":{"rendered":"http:\/\/localhost\/sykli\/?page_id=1635"},"modified":"2025-04-01T14:07:50","modified_gmt":"2025-04-01T11:07:50","slug":"sykli-tyonantajana","status":"publish","type":"page","link":"https:\/\/sykli.fi\/demo\/sykli\/sykli-tyonantajana\/","title":{"rendered":"Sykli ty\u00f6nantajana"},"content":{"rendered":"\r\n<section id=\"hero-block_437833720677237e505f15e7f46a4b23\" class=\"hero site-banner section-default default alignfull\">\r\n\r\n    <div class=\"site-banner-bg section-bg-image \" >\r\n\r\n        <img loading=\"lazy\" decoding=\"async\" width=\"1000\" height=\"660\" src=\"https:\/\/sykli.fi\/demo\/wp-content\/uploads\/2023\/04\/shutterstock_668593321-1-sykli-tyonanatajana.jpg\" class=\"attachment-1536\u00d71536 size-1536\u00d71536\" alt=\"\" srcset=\"https:\/\/sykli.fi\/demo\/wp-content\/uploads\/2023\/04\/shutterstock_668593321-1-sykli-tyonanatajana.jpg 1000w, https:\/\/sykli.fi\/demo\/wp-content\/uploads\/2023\/04\/shutterstock_668593321-1-sykli-tyonanatajana-300x198.jpg 300w, https:\/\/sykli.fi\/demo\/wp-content\/uploads\/2023\/04\/shutterstock_668593321-1-sykli-tyonanatajana-768x507.jpg 768w\" sizes=\"auto, (max-width: 1000px) 100vw, 1000px\" \/>\r\n        \r\n        \r\n            <div class=\"site-banner-content container\">\r\n                <div class=\"row w-100\">\r\n                    <div class=\"col-md-12\">\r\n                        <div class=\"hero-text-overlay\">\r\n                                                                <h1 class=\"hero-title\">Sykli ty\u00f6nantajana<\/h1>\r\n                            <div class=\"inner-content\">\r\n                            <div class=\"acf-innerblocks-container\"><\/div>\r\n                        <\/div>                        <\/div>\r\n                    <\/div>\r\n                <\/div>\r\n            <\/div>\r\n\r\n        <\/section>\n\n<div class=\"wp-block-image\">\n<figure class=\"alignleft size-medium\"><img loading=\"lazy\" decoding=\"async\" width=\"300\" height=\"300\" src=\"https:\/\/sykli.fi\/demo\/wp-content\/uploads\/2022\/04\/Parhaat_Tyopaikat_25-300x300.png\" alt=\"\" class=\"wp-image-70874\" srcset=\"https:\/\/sykli.fi\/demo\/wp-content\/uploads\/2022\/04\/Parhaat_Tyopaikat_25-300x300.png 300w, https:\/\/sykli.fi\/demo\/wp-content\/uploads\/2022\/04\/Parhaat_Tyopaikat_25-1024x1024.png 1024w, https:\/\/sykli.fi\/demo\/wp-content\/uploads\/2022\/04\/Parhaat_Tyopaikat_25-150x150.png 150w, https:\/\/sykli.fi\/demo\/wp-content\/uploads\/2022\/04\/Parhaat_Tyopaikat_25-768x768.png 768w, https:\/\/sykli.fi\/demo\/wp-content\/uploads\/2022\/04\/Parhaat_Tyopaikat_25-1536x1536.png 1536w, https:\/\/sykli.fi\/demo\/wp-content\/uploads\/2022\/04\/Parhaat_Tyopaikat_25-2048x2048.png 2048w\" sizes=\"auto, (max-width: 300px) 100vw, 300px\" \/><\/figure>\n<\/div>\n\n\n<p>Syklin t\u00e4rkein voimavara ja anti kest\u00e4v\u00e4lle ty\u00f6el\u00e4m\u00e4lle on Syklin henkil\u00f6st\u00f6. Teemme parhaamme, ett\u00e4 asiantuntijamme viihtyv\u00e4t ty\u00f6ss\u00e4\u00e4n ja voivat hyvin. Olemme <a href=\"https:\/\/greatplacetowork.fi\/suomen-parhaat-tyopaikat-2025\/#pienet\" target=\"_blank\" rel=\"noreferrer noopener\">Great Place To Work -sertifioituja!<\/a> Vuonna 2025 olemme Suomen 17. paras ty\u00f6paikka pienten yritysten sarjassa. <a href=\"https:\/\/sykli.fi\/demo\/blogi\/suomen-ymparistoopisto-sykli-on-nyt-todistetusti-yksi-suomen-parhaista-tyopaikoista\/\" target=\"_blank\" rel=\"noreferrer noopener\">Lue lis\u00e4\u00e4 saavutuksestamme t\u00e4\u00e4lt\u00e4!<\/a><\/p>\n\n\n\n<p>Meill\u00e4 jokainen ty\u00f6ntekij\u00e4 kohdataan omana itsen\u00e4\u00e4n. Itsest\u00e4\u00e4n saa jakaa sen verran kuin sopivaksi katsoo, ja kaikenlaiset maailmankatsomukset mahtuvat mukaan. Sykliss\u00e4 ty\u00f6ilmapiiri on avoin ja yst\u00e4v\u00e4llinen: tarvittaessa asiat riitelev\u00e4t, eiv\u00e4t ihmiset.<\/p>\n\n\n\n<p>Syklin ty\u00f6yhteis\u00f6 on my\u00f6s monimuotoinen. 20 toimintavuoteen on mahtunut monta tekij\u00e4\u00e4: jotkut ovat olleet Sykliss\u00e4 alkuvuosista alkaen n\u00e4ihin p\u00e4iviin asti, toiset siirtyneet el\u00e4kkeelle tai muihin haasteisiin. Entisten syklil\u00e4isten verkosto onkin meille my\u00f6s suuri voimavara ja antoisa yhteisty\u00f6kanava. My\u00f6s monet Syklist\u00e4 el\u00e4k\u00f6ityneet ovat jatkaneet Syklin tuntikouluttajana jaksamisensa mukaan. Sykli my\u00f6s kasvaa hiljakseen, ja uusia tekij\u00f6it\u00e4 rekrytoidaan tasaiseen tahtiin.<\/p>\n\n\n\n<p>Ei ole olemassa keskivertosyklil\u00e4ist\u00e4. Sykliss\u00e4 on ty\u00f6ntekij\u00f6it\u00e4 kaikista ik\u00e4luokista ja useista eri koulutustaustoista, opistotasolta tohtorikoulutukseen asti. Maantieteellinen sijainti ei my\u00f6sk\u00e4\u00e4n ole este ty\u00f6skentelylle, ja ty\u00f6ntekij\u00e4t ovat puhuneet ainakin viitt\u00e4 eri \u00e4idinkielt\u00e4. Arvostamme asiantuntemusta ja k\u00e4yt\u00e4nn\u00f6n osaamista, mutta my\u00f6s innokasta asennetta ja motivaatiota kehitt\u00e4\u00e4 itse\u00e4\u00e4n jatkuvan oppimisen polulla kohti alati kest\u00e4v\u00e4mp\u00e4\u00e4 osaamista. Tarjoamme my\u00f6s laajat ty\u00f6terveyspalvelut ja puhelinedun.<\/p>\n\n\n\n<p>Sykli tarjoaa erilaisia etuja ty\u00f6ntekij\u00f6illeen. Smartumin liikunta- ja kulttuurisetelit kuuluvat kaikille ty\u00f6ntekij\u00f6ille, ja niin halutessaan ty\u00f6ntekij\u00e4t voivat my\u00f6s valita lounas- ja ty\u00f6suhdepy\u00f6r\u00e4edun. Et\u00e4ty\u00f6mahdollisuus on hyvin vapaa ja ty\u00f6ntekij\u00e4t nauttivatkin laajasta tapaturmavakuutuksesta my\u00f6s vapaa-ajalla. Pyrimme silti tapaamaan toisiamme viikoittain yhteis\u00f6llisyyden yll\u00e4pit\u00e4miseksi, ja maanantaiaamuisin tarjoamme aamupalaa Pasilan ja Riihim\u00e4en toimipisteiss\u00e4. Parin kuukauden v\u00e4lein kokoonnumme koko henkil\u00f6st\u00f6n voimin Syklip\u00e4iviin, jossa teemme yhteist\u00e4 organisaation kehitt\u00e4mist\u00e4 tai kouluttaudumme yhdess\u00e4. Jokaisella ty\u00f6ntekij\u00e4ll\u00e4 on k\u00e4yt\u00f6ss\u00e4\u00e4n 10 osaamisp\u00e4iv\u00e4\u00e4, joita he voivat k\u00e4ytt\u00e4\u00e4 osaamisensa vahvistamiseen.<\/p>\n\n\n\n<p>Syklin johtamisj\u00e4rjestelm\u00e4 pohjautuu positiiviseen ja valmentavaan johtamiseen. Kehityskeskustelut k\u00e4yd\u00e4\u00e4n erityisen PRIDE-mallin mukaan kahdesti vuodessa ja tulokset k\u00e4yd\u00e4\u00e4n kootusti l\u00e4pi koko henkil\u00f6st\u00f6n kesken. Ty\u00f6hyvinvointia seurataan kuukausittaisilla lyhyill\u00e4 ty\u00f6hyvinvointikyselyill\u00e4 ja kerran vuodessa toteutetaan laajempi kysely.<\/p>\n\n\n\n<p><strong>Syklin ty\u00f6nantajalupaus on arvojemme mukainen<\/strong><\/p>\n\n\n\n<p><em>Toivo<\/em><\/p>\n\n\n\n<ul class=\"wp-block-list\">\n<li>Hyvinvointi on a ja o: tarjoamme laajat ty\u00f6terveyspalvelut, kulttuuri- ja liikuntasetelit, ty\u00f6suhdepy\u00f6r\u00e4edun ja laajan tapaturmavakuutuksen my\u00f6s vapaa-ajalla&nbsp;<\/li>\n\n\n\n<li>Yhteisty\u00f6 ja yhteishenki, meill\u00e4 on aikaa my\u00f6s yhteiseen kahvihetkiin&nbsp;<\/li>\n\n\n\n<li>Mahdollisuus vaikuttaa omaan toimenkuvaan ja ty\u00f6n sis\u00e4lt\u00f6\u00f6n&nbsp;<\/li>\n\n\n\n<li>Jokainen voi olla oma itsens\u00e4&nbsp;<\/li>\n<\/ul>\n\n\n\n<p><em>Uteliaisuus &nbsp;<\/em><\/p>\n\n\n\n<ul class=\"wp-block-list\">\n<li>10 osaamisp\u00e4iv\u00e4\u00e4 vuodessa oman osaamisen kehitt\u00e4miseen&nbsp;<\/li>\n\n\n\n<li>Yhteiset Sykli Akatemiat ja Pedagogiset kahvilat osaamisen sis\u00e4iseen jakamiseen&nbsp;<\/li>\n\n\n\n<li>Eri alojen asiantuntijat saman katon alla, ristiinp\u00f6lytys osana pedagogista ohjelmaa&nbsp;<\/li>\n<\/ul>\n\n\n\n<p><em>Uskallus &nbsp;<\/em><\/p>\n\n\n\n<ul class=\"wp-block-list\">\n<li>Laaja et\u00e4ty\u00f6mahdollisuus&nbsp;<\/li>\n\n\n\n<li>Ty\u00f6aikapankki&nbsp;<\/li>\n\n\n\n<li>Ketter\u00e4 kokeilukulttuuri&nbsp;<\/li>\n\n\n\n<li>Joustavat ty\u00f6skentelyk\u00e4yt\u00e4nn\u00f6t oman tilanteen mukaan &nbsp;<\/li>\n\n\n\n<li>Ty\u00f6hyvinvointikyselyt ja s\u00e4\u00e4nn\u00f6llinen seuranta&nbsp;<\/li>\n\n\n\n<li>Yhdenvertainen kohtelu ja avoin palkkarakenne&nbsp;<\/li>\n<\/ul>\n\n\n\n<p><em>Kest\u00e4v\u00e4 tulevaisuus <\/em>&nbsp;<\/p>\n\n\n\n<ul class=\"wp-block-list\">\n<li>PRIDE-keskustelut positiivisen johtamisen mallin mukaisesti&nbsp;<\/li>\n\n\n\n<li>Esihenkil\u00f6tuki aina tarvittaessa, keskustelut kuukausittain ja HR-palveluiden tuki aina saatavilla&nbsp;<\/li>\n\n\n\n<li>Merkityksellinen ty\u00f6 rakentamassa kest\u00e4v\u00e4mp\u00e4\u00e4 maailmaa&nbsp;<\/li>\n<\/ul>\n\n\n\n<div class=\"wp-block-buttons is-layout-flex wp-block-buttons-is-layout-flex\">\n<div class=\"wp-block-button\"><a class=\"wp-block-button__link wp-element-button\" href=\"https:\/\/eur02.safelinks.protection.outlook.com\/?url=https%3A%2F%2Fsykli.rekrytointi.com%2Fpaikat%2F%3Fo%3DA_A%26jid%3D6&amp;data=05%7C01%7C%7C9f3e072b22f243653ace08db66893111%7Cba786a811f15494e8af9b6050456db10%7C0%7C0%7C638216511641185435%7CUnknown%7CTWFpbGZsb3d8eyJWIjoiMC4wLjAwMDAiLCJQIjoiV2luMzIiLCJBTiI6Ik1haWwiLCJXVCI6Mn0%3D%7C3000%7C%7C%7C&amp;sdata=NwIeifs72TlnOF9PtZ7mj8h3CWLSMhmMk%2BJUgp04ZQM%3D&amp;reserved=0\" target=\"_blank\" rel=\"noreferrer noopener\">Oletko kiinnostunut hakeutumaan Sykliin t\u00f6ihin? L\u00e4het\u00e4 meille avoin hakemus t\u00e4\u00e4lt\u00e4. <\/a><\/div>\n<\/div>\n\n\n<div class=\"page-linkbox-block alignfull\">\r\n    <div class=\"container\">\r\n        <div class=\"acf-innerblocks-container\">\n\r\n<div class=\"page-linkbox has-turquoise-background-color \">\r\n    <img loading=\"lazy\" decoding=\"async\" width=\"800\" height=\"534\" src=\"https:\/\/sykli.fi\/demo\/wp-content\/uploads\/2023\/04\/shutterstock_1543490054-syklin-arvot.jpg\" class=\"attachment-large size-large\" alt=\"\" srcset=\"https:\/\/sykli.fi\/demo\/wp-content\/uploads\/2023\/04\/shutterstock_1543490054-syklin-arvot.jpg 1000w, https:\/\/sykli.fi\/demo\/wp-content\/uploads\/2023\/04\/shutterstock_1543490054-syklin-arvot-300x200.jpg 300w, https:\/\/sykli.fi\/demo\/wp-content\/uploads\/2023\/04\/shutterstock_1543490054-syklin-arvot-768x512.jpg 768w\" sizes=\"auto, (max-width: 800px) 100vw, 800px\" \/>    <a  href=\" https:\/\/sykli.fi\/demo\/sykli\/syklin-arvot\/\" >\r\n        <h2>Syklin arvot<\/h2>\r\n\r\n        \r\n    <\/a>\r\n\r\n<\/div>\n\n\r\n<div class=\"page-linkbox has-turquoise-background-color \">\r\n    <img loading=\"lazy\" decoding=\"async\" width=\"800\" height=\"570\" src=\"https:\/\/sykli.fi\/demo\/wp-content\/uploads\/2023\/04\/shutterstock_290767250-koulutusalat.jpg\" class=\"attachment-large size-large\" alt=\"Koivunlehti\u00e4.\" srcset=\"https:\/\/sykli.fi\/demo\/wp-content\/uploads\/2023\/04\/shutterstock_290767250-koulutusalat.jpg 1000w, https:\/\/sykli.fi\/demo\/wp-content\/uploads\/2023\/04\/shutterstock_290767250-koulutusalat-300x214.jpg 300w, https:\/\/sykli.fi\/demo\/wp-content\/uploads\/2023\/04\/shutterstock_290767250-koulutusalat-768x547.jpg 768w\" sizes=\"auto, (max-width: 800px) 100vw, 800px\" \/>    <a  href=\" https:\/\/sykli.fi\/demo\/sykli\/syklin-strategia\/\" >\r\n        <h2>Syklin strategia<\/h2>\r\n\r\n        \r\n    <\/a>\r\n\r\n<\/div>\n\n\r\n<div class=\"page-linkbox has-turquoise-background-color \">\r\n    <img loading=\"lazy\" decoding=\"async\" width=\"800\" height=\"534\" src=\"https:\/\/sykli.fi\/demo\/wp-content\/uploads\/2022\/09\/sykli-etusivu-06-2019-1024x683.jpg\" class=\"attachment-large size-large\" alt=\"Vihreit\u00e4 lehti\u00e4 l\u00e4hikuvassa.\" srcset=\"https:\/\/sykli.fi\/demo\/wp-content\/uploads\/2022\/09\/sykli-etusivu-06-2019-1024x683.jpg 1024w, https:\/\/sykli.fi\/demo\/wp-content\/uploads\/2022\/09\/sykli-etusivu-06-2019-300x200.jpg 300w, https:\/\/sykli.fi\/demo\/wp-content\/uploads\/2022\/09\/sykli-etusivu-06-2019-768x512.jpg 768w, https:\/\/sykli.fi\/demo\/wp-content\/uploads\/2022\/09\/sykli-etusivu-06-2019-1536x1024.jpg 1536w, https:\/\/sykli.fi\/demo\/wp-content\/uploads\/2022\/09\/sykli-etusivu-06-2019.jpg 1920w\" sizes=\"auto, (max-width: 800px) 100vw, 800px\" \/>    <a  href=\" https:\/\/sykli.fi\/demo\/yhteys\/\" >\r\n        <h2>Yhteys<\/h2>\r\n\r\n        \r\n    <\/a>\r\n\r\n<\/div>\n<\/div>\r\n\r\n    <\/div>\r\n<\/div>","protected":false},"excerpt":{"rendered":"<p>Syklin t\u00e4rkein voimavara ja anti kest\u00e4v\u00e4lle ty\u00f6el\u00e4m\u00e4lle on Syklin henkil\u00f6st\u00f6. Teemme parhaamme, ett\u00e4 asiantuntijamme viihtyv\u00e4t ty\u00f6ss\u00e4\u00e4n ja voivat hyvin. Olemme [&hellip;]<\/p>\n","protected":false},"author":1,"featured_media":63627,"parent":49,"menu_order":4,"comment_status":"closed","ping_status":"closed","template":"","meta":{"_acf_changed":false,"footnotes":""},"class_list":["post-1635","page","type-page","status-publish","has-post-thumbnail","hentry"],"acf":[],"_links":{"self":[{"href":"https:\/\/sykli.fi\/demo\/wp-json\/wp\/v2\/pages\/1635","targetHints":{"allow":["GET"]}}],"collection":[{"href":"https:\/\/sykli.fi\/demo\/wp-json\/wp\/v2\/pages"}],"about":[{"href":"https:\/\/sykli.fi\/demo\/wp-json\/wp\/v2\/types\/page"}],"author":[{"embeddable":true,"href":"https:\/\/sykli.fi\/demo\/wp-json\/wp\/v2\/users\/1"}],"replies":[{"embeddable":true,"href":"https:\/\/sykli.fi\/demo\/wp-json\/wp\/v2\/comments?post=1635"}],"version-history":[{"count":8,"href":"https:\/\/sykli.fi\/demo\/wp-json\/wp\/v2\/pages\/1635\/revisions"}],"predecessor-version":[{"id":70878,"href":"https:\/\/sykli.fi\/demo\/wp-json\/wp\/v2\/pages\/1635\/revisions\/70878"}],"up":[{"embeddable":true,"href":"https:\/\/sykli.fi\/demo\/wp-json\/wp\/v2\/pages\/49"}],"wp:featuredmedia":[{"embeddable":true,"href":"https:\/\/sykli.fi\/demo\/wp-json\/wp\/v2\/media\/63627"}],"wp:attachment":[{"href":"https:\/\/sykli.fi\/demo\/wp-json\/wp\/v2\/media?parent=1635"}],"curies":[{"name":"wp","href":"https:\/\/api.w.org\/{rel}","templated":true}]}}