{"id":1631,"date":"2022-05-17T11:46:31","date_gmt":"2022-05-17T08:46:31","guid":{"rendered":"http:\/\/localhost\/sykli\/?page_id=1631"},"modified":"2026-02-17T14:05:18","modified_gmt":"2026-02-17T12:05:18","slug":"syklin-vastuullisuus","status":"publish","type":"page","link":"https:\/\/sykli.fi\/demo\/sykli\/syklin-vastuullisuus\/","title":{"rendered":"Syklin vastuullisuus"},"content":{"rendered":"\r\n<section id=\"hero-block_ed6f3b07ce6c548a43eb742fb1473eb4\" class=\"hero site-banner section-default default alignfull\">\r\n\r\n    <div class=\"site-banner-bg section-bg-image \" >\r\n\r\n        <img loading=\"lazy\" decoding=\"async\" width=\"1000\" height=\"667\" src=\"https:\/\/sykli.fi\/demo\/wp-content\/uploads\/2023\/04\/shutterstock_760733977-syklin-vastuullisuus-1.jpg\" class=\"attachment-1536\u00d71536 size-1536\u00d71536\" alt=\"Taimi mullassa.\" srcset=\"https:\/\/sykli.fi\/demo\/wp-content\/uploads\/2023\/04\/shutterstock_760733977-syklin-vastuullisuus-1.jpg 1000w, https:\/\/sykli.fi\/demo\/wp-content\/uploads\/2023\/04\/shutterstock_760733977-syklin-vastuullisuus-1-300x200.jpg 300w, https:\/\/sykli.fi\/demo\/wp-content\/uploads\/2023\/04\/shutterstock_760733977-syklin-vastuullisuus-1-768x512.jpg 768w\" sizes=\"auto, (max-width: 1000px) 100vw, 1000px\" \/>\r\n        \r\n        \r\n            <div class=\"site-banner-content container\">\r\n                <div class=\"row w-100\">\r\n                    <div class=\"col-md-12\">\r\n                        <div class=\"hero-text-overlay\">\r\n                                                                <h1 class=\"hero-title\">Syklin vastuullisuus<\/h1>\r\n                            <div class=\"inner-content\">\r\n                            <div class=\"acf-innerblocks-container\"><\/div>\r\n                        <\/div>                        <\/div>\r\n                    <\/div>\r\n                <\/div>\r\n            <\/div>\r\n\r\n        <\/section>\n\n\n<p>Kest\u00e4v\u00e4 tulevaisuus\u202fon yksi <a href=\"https:\/\/sykli.fi\/demo\/sykli\/syklin-arvot\/\" target=\"_blank\" rel=\"noreferrer noopener\">Syklin arvoista<\/a>. Olemme sitoutuneet edist\u00e4m\u00e4\u00e4n kest\u00e4v\u00e4n kehityksen periaatteita ja rakentamaan kest\u00e4v\u00e4\u00e4 tulevaisuutta <a href=\"https:\/\/kartallaverkosto.fi\/\" target=\"_blank\" rel=\"noreferrer noopener\">Ammatillisen koulutuksen kest\u00e4vyystiekartan<\/a> mukaisesti. Koulutuksemme antavat opiskelija- ja organisaatioasiakkaille valmiudet\u00a0kehitt\u00e4\u00e4\u00a0ekologista, sosiaalista ja taloudellista kest\u00e4vyytt\u00e4 ja jatkuvasti kasvavan hanketoimintamme kautta tuemme uusien kest\u00e4vien innovaatioiden kehitt\u00e4mist\u00e4.\u00a0\u00a0<\/p>\n\n\n\n<p>Vuoden 2025 aikana uudistimme kest\u00e4vyysty\u00f6t\u00e4mme aiempaa kokonaisvaltaisempaan suuntaan. Olemme nivoneet erilaiset kest\u00e4vyysty\u00f6kalumme, sertifikaatit ja sitoumukset yhten\u00e4iseksi <a href=\"https:\/\/sykli.fi\/demo\/sykli\/syklin-vastuullisuus\/syklin-kestavyystiekartta-2025-2030\/\" target=\"_blank\" rel=\"noreferrer noopener\">kest\u00e4vyystiekartaksi<\/a>, jonka avulla kest\u00e4vyys- ja laatuty\u00f6 etenee jatkossa entist\u00e4 vaikuttavammin. Tiekartta viitoittaa tiet\u00e4mme yh\u00e4 vahvemmin kohti tavoittelemaamme tulevaisuuskuvaa.\u00a0\u00a0<\/p>\n\n\n\n<hr class=\"wp-block-separator has-alpha-channel-opacity is-style-wide\"\/>\n\n\n\n<h2 class=\"wp-block-heading\">Syklin kest\u00e4vyysty\u00f6n kokonaisuus<\/h2>\n\n\n\n<p><strong>Kest\u00e4vyystiekartta 2025-2030<\/strong><br>Syklin kest\u00e4vyysty\u00f6n kokonaisuus pohjautuu strategiaamme. Sit\u00e4 konkretisoi vuosille 2025-2030 laadittu kest\u00e4vyystiekartta. Laatu- ja vastuullisuuslupauksemme on yhdess\u00e4 tiekartan kanssa johdon sitoumus toimintamme jatkuvaan parantamiseen.<br><br><strong>Vuosittaiset toimintasuunnitelmat<\/strong><br>Tiekarttaa toteutetaan k\u00e4yt\u00e4nn\u00f6ss\u00e4 vuosittaisten toimintasuunnitelmien avulla. Niiden perustana on kest\u00e4vyyssertifikaattiemme (OKKA, Ekokompassi) edellytt\u00e4m\u00e4t kolmivuotiset (2025-2027) kehitt\u00e4missuunnitelmat, jotka muodostavat k\u00e4yt\u00e4nn\u00f6ss\u00e4 tiekartan ensimm\u00e4isen kolmen vuoden toimenpiteet. SDG Accord, kansainv\u00e4linen oppilaitoksille suunnattu kest\u00e4v\u00e4n kehityksen sitoumus, ohjaa OKKA- ja Ekokompassi-ty\u00f6n ohella vuosittaista SDG-ty\u00f6t\u00e4mme.<br><br><strong>Vuosittainen itsearviointi ja raportointi<\/strong><br>Toteutamme vuosittain kest\u00e4vyysty\u00f6mme itsearvioinnin etenemisen varmistamiseksi. Sen perusteella tarkennamme seuraavan vuoden toiminnan suunnittelua. Vuosille 2028-2030 laadimme j\u00e4lleen p\u00e4ivitetyn kolmivuotissuunnitelman konkretisoimaan tiekartan toisen kolmivuotisjakson toimenpiteit\u00e4.<\/p>\n\n\n\n<hr class=\"wp-block-separator has-alpha-channel-opacity is-style-wide\"\/>\n\n\n<div class=\"page-linkbox-block alignfull\">\r\n    <div class=\"container\">\r\n        <div class=\"acf-innerblocks-container\">\n\r\n<div class=\"page-linkbox has-turquoise-background-color \">\r\n    <img loading=\"lazy\" decoding=\"async\" width=\"800\" height=\"532\" src=\"https:\/\/sykli.fi\/demo\/wp-content\/uploads\/2023\/04\/shutterstock_199054478-tyopaikkaohjaajalle.jpg\" class=\"attachment-large size-large\" alt=\"Kyltit mets\u00e4ss\u00e4.\" srcset=\"https:\/\/sykli.fi\/demo\/wp-content\/uploads\/2023\/04\/shutterstock_199054478-tyopaikkaohjaajalle.jpg 1000w, https:\/\/sykli.fi\/demo\/wp-content\/uploads\/2023\/04\/shutterstock_199054478-tyopaikkaohjaajalle-300x200.jpg 300w, https:\/\/sykli.fi\/demo\/wp-content\/uploads\/2023\/04\/shutterstock_199054478-tyopaikkaohjaajalle-768x511.jpg 768w\" sizes=\"auto, (max-width: 800px) 100vw, 800px\" \/>    <a  href=\" https:\/\/sykli.fi\/demo\/sykli\/syklin-vastuullisuus\/syklin-kestavyystiekartta-2025-2030\/\" >\r\n        <h2>Syklin kest\u00e4vyystiekartta 2025-2030<\/h2>\r\n\r\n        \r\n    <\/a>\r\n\r\n<\/div>\n\n\r\n<div class=\"page-linkbox has-turquoise-background-color \">\r\n    <img loading=\"lazy\" decoding=\"async\" width=\"800\" height=\"450\" src=\"https:\/\/sykli.fi\/demo\/wp-content\/uploads\/2025\/06\/SDG-Flag-Day-1.jpg\" class=\"attachment-large size-large\" alt=\"\" srcset=\"https:\/\/sykli.fi\/demo\/wp-content\/uploads\/2025\/06\/SDG-Flag-Day-1.jpg 800w, https:\/\/sykli.fi\/demo\/wp-content\/uploads\/2025\/06\/SDG-Flag-Day-1-300x169.jpg 300w, https:\/\/sykli.fi\/demo\/wp-content\/uploads\/2025\/06\/SDG-Flag-Day-1-768x432.jpg 768w\" sizes=\"auto, (max-width: 800px) 100vw, 800px\" \/>    <a  href=\" https:\/\/sykli.fi\/demo\/sykli\/syklin-vastuullisuus\/syklin-sdg-tavoitteet\/\" >\r\n        <h2>Syklin SDG-tavoitteet<\/h2>\r\n\r\n        \r\n    <\/a>\r\n\r\n<\/div>\n\n\r\n<div class=\"page-linkbox has-turquoise-background-color \">\r\n    <img loading=\"lazy\" decoding=\"async\" width=\"800\" height=\"534\" src=\"https:\/\/sykli.fi\/demo\/wp-content\/uploads\/2023\/04\/shutterstock_1367093687.jpg\" class=\"attachment-large size-large\" alt=\"V\u00e4h\u00e4hiilisyys\" srcset=\"https:\/\/sykli.fi\/demo\/wp-content\/uploads\/2023\/04\/shutterstock_1367093687.jpg 1000w, https:\/\/sykli.fi\/demo\/wp-content\/uploads\/2023\/04\/shutterstock_1367093687-300x200.jpg 300w, https:\/\/sykli.fi\/demo\/wp-content\/uploads\/2023\/04\/shutterstock_1367093687-768x512.jpg 768w\" sizes=\"auto, (max-width: 800px) 100vw, 800px\" \/>    <a  href=\" https:\/\/sykli.fi\/demo\/sykli\/syklin-vastuullisuus\/syklin-kestavyysraportti\/\" >\r\n        <h2>Syklin kest\u00e4vyysraportti<\/h2>\r\n\r\n        \r\n    <\/a>\r\n\r\n<\/div>\n\n\r\n<div class=\"page-linkbox has-turquoise-background-color \">\r\n    <img loading=\"lazy\" decoding=\"async\" width=\"800\" height=\"534\" src=\"https:\/\/sykli.fi\/demo\/wp-content\/uploads\/2023\/04\/shutterstock_760733977-syklin-vastuullisuus-1.jpg\" class=\"attachment-large size-large\" alt=\"Taimi mullassa.\" srcset=\"https:\/\/sykli.fi\/demo\/wp-content\/uploads\/2023\/04\/shutterstock_760733977-syklin-vastuullisuus-1.jpg 1000w, https:\/\/sykli.fi\/demo\/wp-content\/uploads\/2023\/04\/shutterstock_760733977-syklin-vastuullisuus-1-300x200.jpg 300w, https:\/\/sykli.fi\/demo\/wp-content\/uploads\/2023\/04\/shutterstock_760733977-syklin-vastuullisuus-1-768x512.jpg 768w\" sizes=\"auto, (max-width: 800px) 100vw, 800px\" \/>    <a  href=\" https:\/\/sykli.fi\/demo\/sykli\/syklin-vastuullisuus\/syklin-sertifikaatit-ja-sitoumukset\/\" >\r\n        <h2>Sertifikaatit ja sitoumukset<\/h2>\r\n\r\n        \r\n    <\/a>\r\n\r\n<\/div>\n\n\r\n<div class=\"page-linkbox has-turquoise-background-color \">\r\n    <img loading=\"lazy\" decoding=\"async\" width=\"800\" height=\"449\" src=\"https:\/\/sykli.fi\/demo\/wp-content\/uploads\/2023\/04\/shutterstock_1029299632.jpg\" class=\"attachment-large size-large\" alt=\"Tikapuut.\" srcset=\"https:\/\/sykli.fi\/demo\/wp-content\/uploads\/2023\/04\/shutterstock_1029299632.jpg 1000w, https:\/\/sykli.fi\/demo\/wp-content\/uploads\/2023\/04\/shutterstock_1029299632-300x168.jpg 300w, https:\/\/sykli.fi\/demo\/wp-content\/uploads\/2023\/04\/shutterstock_1029299632-768x431.jpg 768w\" sizes=\"auto, (max-width: 800px) 100vw, 800px\" \/>    <a  href=\" https:\/\/sykli.fi\/demo\/sykli\/syklin-vastuullisuus\/syklin-vastuullisuustyon-aikajana\/\" >\r\n        <h2>Vastuullisuusty\u00f6n aikajana<\/h2>\r\n\r\n        \r\n    <\/a>\r\n\r\n<\/div>\n\n\r\n<div class=\"page-linkbox has-turquoise-background-color \">\r\n    <img loading=\"lazy\" decoding=\"async\" width=\"800\" height=\"534\" src=\"https:\/\/sykli.fi\/demo\/wp-content\/uploads\/2023\/04\/shutterstock_749441887-osaajia-yritykselle-tyovoimakoulutukset.jpg\" class=\"attachment-large size-large\" alt=\"Pisaroita lehdell\u00e4.\" srcset=\"https:\/\/sykli.fi\/demo\/wp-content\/uploads\/2023\/04\/shutterstock_749441887-osaajia-yritykselle-tyovoimakoulutukset.jpg 1000w, https:\/\/sykli.fi\/demo\/wp-content\/uploads\/2023\/04\/shutterstock_749441887-osaajia-yritykselle-tyovoimakoulutukset-300x200.jpg 300w, https:\/\/sykli.fi\/demo\/wp-content\/uploads\/2023\/04\/shutterstock_749441887-osaajia-yritykselle-tyovoimakoulutukset-768x512.jpg 768w\" sizes=\"auto, (max-width: 800px) 100vw, 800px\" \/>    <a  href=\" https:\/\/sykli.fi\/demo\/sykli\/syklin-vastuullisuus\/syklin-vastuullisuus-ja-laatulupaus\/\" >\r\n        <h2>Syklin laatu- ja vastuullisuuslupaus<\/h2>\r\n\r\n        \r\n    <\/a>\r\n\r\n<\/div>\n\n\r\n<div class=\"page-linkbox has-turquoise-background-color \">\r\n    <img loading=\"lazy\" decoding=\"async\" width=\"800\" height=\"493\" src=\"https:\/\/sykli.fi\/demo\/wp-content\/uploads\/2023\/05\/shutterstock_1697161942-1024x631.jpg\" class=\"attachment-large size-large\" alt=\"K\u00e4det, joilla on vihre\u00e4t, syd\u00e4nmuotoiset lehdet.\" srcset=\"https:\/\/sykli.fi\/demo\/wp-content\/uploads\/2023\/05\/shutterstock_1697161942-1024x631.jpg 1024w, https:\/\/sykli.fi\/demo\/wp-content\/uploads\/2023\/05\/shutterstock_1697161942-300x185.jpg 300w, https:\/\/sykli.fi\/demo\/wp-content\/uploads\/2023\/05\/shutterstock_1697161942-768x474.jpg 768w, https:\/\/sykli.fi\/demo\/wp-content\/uploads\/2023\/05\/shutterstock_1697161942-1536x947.jpg 1536w, https:\/\/sykli.fi\/demo\/wp-content\/uploads\/2023\/05\/shutterstock_1697161942-2048x1263.jpg 2048w\" sizes=\"auto, (max-width: 800px) 100vw, 800px\" \/>    <a  href=\" https:\/\/sykli.fi\/demo\/sykli\/syklin-saavutettavuus\/turvallisemman-tilan-ohjeistus\/\" >\r\n        <h2>Turvallisemman tilan ohjeistus<\/h2>\r\n\r\n        \r\n    <\/a>\r\n\r\n<\/div>\n\n\r\n<div class=\"page-linkbox has-turquoise-background-color \">\r\n    <img loading=\"lazy\" decoding=\"async\" width=\"800\" height=\"534\" src=\"https:\/\/sykli.fi\/demo\/wp-content\/uploads\/2023\/04\/shutterstock_1470871211-ajankohtaista.jpg\" class=\"attachment-large size-large\" alt=\"Varpuja mets\u00e4ss\u00e4.\" srcset=\"https:\/\/sykli.fi\/demo\/wp-content\/uploads\/2023\/04\/shutterstock_1470871211-ajankohtaista.jpg 1000w, https:\/\/sykli.fi\/demo\/wp-content\/uploads\/2023\/04\/shutterstock_1470871211-ajankohtaista-300x200.jpg 300w, https:\/\/sykli.fi\/demo\/wp-content\/uploads\/2023\/04\/shutterstock_1470871211-ajankohtaista-768x513.jpg 768w\" sizes=\"auto, (max-width: 800px) 100vw, 800px\" \/>    <a  href=\" https:\/\/sykli.fi\/demo\/sykli\/syklin-vastuullisuus\/opiskelijoiden-tasa-arvo-ja-yhdenvertaisuussuunnitelma\/\" >\r\n        <h2>Tasa-arvo ja yhdenvertaisuussuunnitelma<\/h2>\r\n\r\n        \r\n    <\/a>\r\n\r\n<\/div>\n\n\r\n<div class=\"page-linkbox has-turquoise-background-color \">\r\n    <img loading=\"lazy\" decoding=\"async\" width=\"800\" height=\"541\" src=\"https:\/\/sykli.fi\/demo\/wp-content\/uploads\/2023\/04\/shutterstock_306243440-SYKLI.jpg\" class=\"attachment-large size-large\" alt=\"Koivun lehti\u00e4.\" srcset=\"https:\/\/sykli.fi\/demo\/wp-content\/uploads\/2023\/04\/shutterstock_306243440-SYKLI.jpg 1000w, https:\/\/sykli.fi\/demo\/wp-content\/uploads\/2023\/04\/shutterstock_306243440-SYKLI-300x203.jpg 300w, https:\/\/sykli.fi\/demo\/wp-content\/uploads\/2023\/04\/shutterstock_306243440-SYKLI-768x519.jpg 768w\" sizes=\"auto, (max-width: 800px) 100vw, 800px\" \/>    <a  href=\" https:\/\/sykli.fi\/demo\/sykli\/syklin-saavutettavuus\/\" >\r\n        <h2>Esteett\u00f6myys ja saavutettavuus<\/h2>\r\n\r\n        \r\n    <\/a>\r\n\r\n<\/div>\n<\/div>\r\n\r\n    <\/div>\r\n<\/div>\n\n\n<hr class=\"wp-block-separator has-alpha-channel-opacity is-style-wide\"\/>\n\n\n\n<h3 class=\"wp-block-heading\">Koulutamme kest\u00e4v\u00e4n tulevaisuuden ammattilaisia&nbsp;<\/h3>\n\n\n\n<p>Syklin teht\u00e4v\u00e4 on vaikuttaa, n\u00e4ytt\u00e4\u00e4 esimerkki\u00e4 ja kouluttaa eri alojen ammattilaisia kest\u00e4v\u00e4\u00e4n osaamiseen. Koulutamme valtakunnallisesti kest\u00e4v\u00e4n tulevaisuuden ammattilaisia kuudessa eri tutkinto-ohjelmassa ja tarjoamme monipuolisia asiantuntijapalveluita yritysasiakkaille ja oppilaitoksille. Kest\u00e4vyys on osa kaikkea koulutustoimintaamme, jossa keskitymme k\u00e4yt\u00e4nn\u00f6n kest\u00e4vyys- ja vastuullisuusosaamisen lis\u00e4\u00e4miseen. Tavoitteenamme on olla yhteiskuntaa uudistava oppilaitos. Koulutus ja sivistys on tie kohti kest\u00e4v\u00e4mp\u00e4\u00e4 tulevaisuutta.\u202f&nbsp;<\/p>\n\n\n\n<h3 class=\"wp-block-heading\">Kehit\u00e4mme ja levit\u00e4mme kest\u00e4vi\u00e4 toimintamalleja&nbsp;<\/h3>\n\n\n\n<p>Tutkinto- ja tilauskoulutusten lis\u00e4ksi kehit\u00e4mme kest\u00e4v\u00e4n tulevaisuuden ja kiertotalouden toimintamalleja kehitt\u00e4mishankkeissa ja palvelutuotteidemme kautta. TKI-toiminta on t\u00e4rke\u00e4 osa Syklin toimintaa. Monipuolisen hanketoimintamme avulla vaikutamme digivihre\u00e4n siirtym\u00e4n ratkaisuihin.\u202fTuemme ennen kaikkea mikro- ja pk-yrityksi\u00e4 kest\u00e4vien innovaatioiden kehitt\u00e4misess\u00e4 ja yritystoiminnan sujuvoittamisessa v\u00e4h\u00e4hiilisen kiertotalouden periaatteiden mukaiseksi. Toimimme aktiivisesti erilaisissa verkostoissa ja koulutamme my\u00f6s kuntien p\u00e4\u00e4tt\u00e4ji\u00e4 ja asiantuntijoita edist\u00e4\u00e4ksemme kest\u00e4v\u00e4\u00e4 yhteiskuntaa ja ty\u00f6el\u00e4m\u00e4\u00e4.&nbsp;&nbsp;<\/p>\n\n\n\n<h3 class=\"wp-block-heading\">N\u00e4yt\u00e4mme esimerkki\u00e4 toiminnallamme&nbsp;<\/h3>\n\n\n\n<p>Kest\u00e4vyys tarkoittaa Syklille luonnon monimuotoisuuden vaalimista, ilmastoviisautta ja planeetan rajoissa el\u00e4mist\u00e4. Tavoitteenamme on toimia suunnann\u00e4ytt\u00e4jin\u00e4 ja kasvattaa k\u00e4denj\u00e4lke\u00e4mme koulutustemme vaikuttavuuden kautta. Strategiamme mukaisesti kehit\u00e4mme omia toimintatapojamme huomioiden oman jalanj\u00e4lkemme ja kasvattaen aktiivisesti k\u00e4denj\u00e4lke\u00e4mme. &nbsp;<br>Ekologisen kest\u00e4vyyden lis\u00e4ksi sosiaalinen vastuullisuus on meille t\u00e4rke\u00e4\u00e4. Henkil\u00f6st\u00f6 on t\u00e4rkein voimavaramme, joten panostamme merkitt\u00e4v\u00e4sti henkil\u00f6st\u00f6n osaamisen kehitt\u00e4miseen. Haluamme toiminnassamme edist\u00e4\u00e4 opiskelijoiden ja ty\u00f6ntekij\u00f6iden hyvinvointia, tasa-arvoa sek\u00e4 yhdenvertaisuutta huomioiden erilaiset opiskelijoiden tuen tarpeet.&nbsp;<\/p>\n\n\n\n<p>Sykli ei ole valmis. Toimintamme kest\u00e4vyytt\u00e4 kehitet\u00e4\u00e4n monin tavoin niin ekologisen, sosiaalisen kuin taloudellistenkin reunaehtojen mukaisesti. Haluamme jakaa tietoa toiminnastamme muille, haasteet mukaan lukien, jotta oppiminen ja kehittyminen olisi helpompaa. Kest\u00e4v\u00e4 tulevaisuus on mahdollista vain yhteisty\u00f6n kautta.&nbsp;&nbsp;&nbsp;<\/p>\n\n\n\n<hr class=\"wp-block-separator has-alpha-channel-opacity is-style-wide\"\/>\n\n\n\n<h2 class=\"wp-block-heading\">Ajankohtaista <\/h2>\n\n\n\n<p><\/p>\n\n\n\n<p><a href=\"https:\/\/sykli.fi\/demo\/sykli-yhteiskuntaa-uudistavalla-tasolla-kestavan-kehityksen-sertifikaatti-uusittu\/\" target=\"_blank\" rel=\"noreferrer noopener\">Sykli yhteiskuntaa uudistavalla tasolla \u2013 kest\u00e4v\u00e4n kehityksen sertifikaatti uusittu<\/a><\/p>\n\n\n\n<p><a href=\"https:\/\/sykli.fi\/demo\/blogi\/sykli-liputtaa-jalleen-ykn-kestavan-kehityksen-puolesta-tana-vuonna-erityisen-hyvalla-syylla\/\" target=\"_blank\" rel=\"noreferrer noopener\">Sykli liputtaa j\u00e4lleen YK:n kest\u00e4v\u00e4n kehityksen puolesta \u2013 T\u00e4n\u00e4 vuonna erityisen hyv\u00e4ll\u00e4 syyll\u00e4<\/a><\/p>\n\n\n\n<p><a href=\"https:\/\/sykli.fi\/demo\/syklin-kestavyystiekartta-2025-2030-erinomainen-valine-strategian-konkretisointiin\/\" target=\"_blank\" rel=\"noreferrer noopener\">Syklin kest\u00e4vyystiekartta vuosille 2025-2030 on julkaistu<\/a><\/p>\n\n\n\n<p><a href=\"https:\/\/sykli.fi\/demo\/syklin-kestavyysraportti-vuodelta-2024-on-julkaistu\/\" target=\"_blank\" rel=\"noreferrer noopener\">Syklin kest\u00e4vyysraportti vuodelta 2024 on julkaistu<\/a><\/p>\n\n\n\n<p><a href=\"https:\/\/sykli.fi\/demo\/kestavan-kehityksen-tavoitteet-ohjaavat-syklin-matkaa\/\" target=\"_blank\" rel=\"noreferrer noopener\">Kest\u00e4v\u00e4n kehityksen tavoitteet ohjaavat Syklin matkaa<\/a><\/p>\n\n\n\n<p><a href=\"https:\/\/sykli.fi\/demo\/kartalla-pa-kartan-verkostosivusto-ammatillisen-koulutuksen-kestavyystyolle\/\" target=\"_blank\" rel=\"noreferrer noopener\">Kartalla \u2013 P\u00e5 Kartan -verkostosivusto ammatillisen koulutuksen kest\u00e4vyysty\u00f6lle<\/a><\/p>\n\n\n\n<p><a href=\"https:\/\/sykli.fi\/demo\/sidosryhmilta-viisaita-ajatuksia-syklin-kestavyystiekartan-tueksi\/\" target=\"_blank\" rel=\"noreferrer noopener\">Sidosryhmilt\u00e4 viisaita ajatuksia Syklin kest\u00e4vyystiekartan tueksi<\/a><\/p>\n\n\n\n<p><a href=\"https:\/\/sykli.fi\/demo\/syklille-luotiin-oma-pedagoginen-ohjelma\/\" target=\"_blank\" rel=\"noreferrer noopener\">Syklille luotiin oma pedagoginen ohjelma<\/a><\/p>\n\n\n\n<hr class=\"wp-block-separator has-alpha-channel-opacity is-style-wide\"\/>\n","protected":false},"excerpt":{"rendered":"<p>Kest\u00e4v\u00e4 tulevaisuus\u202fon yksi Syklin arvoista. Olemme sitoutuneet edist\u00e4m\u00e4\u00e4n kest\u00e4v\u00e4n kehityksen periaatteita ja rakentamaan kest\u00e4v\u00e4\u00e4 tulevaisuutta Ammatillisen koulutuksen kest\u00e4vyystiekartan mukaisesti. Koulutuksemme [&hellip;]<\/p>\n","protected":false},"author":1,"featured_media":63710,"parent":49,"menu_order":3,"comment_status":"closed","ping_status":"closed","template":"","meta":{"_acf_changed":false,"footnotes":""},"class_list":["post-1631","page","type-page","status-publish","has-post-thumbnail","hentry"],"acf":[],"_links":{"self":[{"href":"https:\/\/sykli.fi\/demo\/wp-json\/wp\/v2\/pages\/1631","targetHints":{"allow":["GET"]}}],"collection":[{"href":"https:\/\/sykli.fi\/demo\/wp-json\/wp\/v2\/pages"}],"about":[{"href":"https:\/\/sykli.fi\/demo\/wp-json\/wp\/v2\/types\/page"}],"author":[{"embeddable":true,"href":"https:\/\/sykli.fi\/demo\/wp-json\/wp\/v2\/users\/1"}],"replies":[{"embeddable":true,"href":"https:\/\/sykli.fi\/demo\/wp-json\/wp\/v2\/comments?post=1631"}],"version-history":[{"count":9,"href":"https:\/\/sykli.fi\/demo\/wp-json\/wp\/v2\/pages\/1631\/revisions"}],"predecessor-version":[{"id":73656,"href":"https:\/\/sykli.fi\/demo\/wp-json\/wp\/v2\/pages\/1631\/revisions\/73656"}],"up":[{"embeddable":true,"href":"https:\/\/sykli.fi\/demo\/wp-json\/wp\/v2\/pages\/49"}],"wp:featuredmedia":[{"embeddable":true,"href":"https:\/\/sykli.fi\/demo\/wp-json\/wp\/v2\/media\/63710"}],"wp:attachment":[{"href":"https:\/\/sykli.fi\/demo\/wp-json\/wp\/v2\/media?parent=1631"}],"curies":[{"name":"wp","href":"https:\/\/api.w.org\/{rel}","templated":true}]}}