{"id":1629,"date":"2022-05-17T11:46:07","date_gmt":"2022-05-17T08:46:07","guid":{"rendered":"http:\/\/localhost\/sykli\/?page_id=1629"},"modified":"2024-02-08T16:21:02","modified_gmt":"2024-02-08T14:21:02","slug":"syklin-arvot","status":"publish","type":"page","link":"https:\/\/sykli.fi\/demo\/sykli\/syklin-arvot\/","title":{"rendered":"Syklin arvot"},"content":{"rendered":"\r\n<section id=\"hero-block_f5e86704490e74d201f38b07eed62e35\" class=\"hero site-banner section-default default alignfull\">\r\n\r\n    <div class=\"site-banner-bg section-bg-image \" >\r\n\r\n        <img loading=\"lazy\" decoding=\"async\" width=\"1000\" height=\"667\" src=\"https:\/\/sykli.fi\/demo\/wp-content\/uploads\/2023\/04\/shutterstock_1543490054-syklin-arvot.jpg\" class=\"attachment-1536\u00d71536 size-1536\u00d71536\" alt=\"\" srcset=\"https:\/\/sykli.fi\/demo\/wp-content\/uploads\/2023\/04\/shutterstock_1543490054-syklin-arvot.jpg 1000w, https:\/\/sykli.fi\/demo\/wp-content\/uploads\/2023\/04\/shutterstock_1543490054-syklin-arvot-300x200.jpg 300w, https:\/\/sykli.fi\/demo\/wp-content\/uploads\/2023\/04\/shutterstock_1543490054-syklin-arvot-768x512.jpg 768w\" sizes=\"auto, (max-width: 1000px) 100vw, 1000px\" \/>\r\n        \r\n        \r\n            <div class=\"site-banner-content container\">\r\n                <div class=\"row w-100\">\r\n                    <div class=\"col-md-12\">\r\n                        <div class=\"hero-text-overlay\">\r\n                                                                <h1 class=\"hero-title\">Syklin arvot<\/h1>\r\n                            <div class=\"inner-content\">\r\n                            <div class=\"acf-innerblocks-container\"><\/div>\r\n                        <\/div>                        <\/div>\r\n                    <\/div>\r\n                <\/div>\r\n            <\/div>\r\n\r\n        <\/section>\n\n\n<div class=\"wp-block-group arvot\"><div class=\"wp-block-group__inner-container is-layout-flow wp-block-group-is-layout-flow\">\n<div class=\"wp-block-columns is-layout-flex wp-container-core-columns-is-layout-9d6595d7 wp-block-columns-is-layout-flex\">\n<div class=\"wp-block-column is-vertically-aligned-center is-layout-flow wp-block-column-is-layout-flow\">\n<h2 class=\"wp-block-heading has-text-align-center\"><strong>Toivo<\/strong><\/h2>\n<\/div>\n\n\n\n<div class=\"wp-block-column has-white-color has-darkblue-background-color has-text-color has-background is-layout-flow wp-block-column-is-layout-flow\">\n<ul class=\"wp-block-list\">\n<li>Rohkaisemme yll\u00e4pit\u00e4m\u00e4\u00e4n toivoa aktiivisen toimijuuden kautta.<\/li>\n\n\n\n<li>Edist\u00e4mme rakentavaa vuorovaikutusta.\u00a0<\/li>\n\n\n\n<li>Kutsumme mukaan laajasti eri yhteiskunnan toimijoita.\u00a0<\/li>\n<\/ul>\n<\/div>\n<\/div>\n\n\n\n<div class=\"wp-block-columns is-layout-flex wp-container-core-columns-is-layout-9d6595d7 wp-block-columns-is-layout-flex\">\n<div class=\"wp-block-column is-vertically-aligned-center is-layout-flow wp-block-column-is-layout-flow\">\n<h2 class=\"wp-block-heading has-text-align-center\"><strong>Uteliaisuus<\/strong><\/h2>\n<\/div>\n\n\n\n<div class=\"wp-block-column has-light-blue-background-color has-background is-layout-flow wp-block-column-is-layout-flow\">\n<ul class=\"wp-block-list\">\n<li>Selvit\u00e4mme ja edist\u00e4mme luovasti uusia ratkaisuja.\u00a0<\/li>\n\n\n\n<li>Etsimme monipuolisia kumppanuuksia ja opimme sidosryhmilt\u00e4mme.\u00a0\u00a0<\/li>\n\n\n\n<li>Muutamme uuden tiedon toiminnaksi koulutustemme kautta.\u202f<\/li>\n<\/ul>\n<\/div>\n<\/div>\n\n\n\n<div class=\"wp-block-columns is-layout-flex wp-container-core-columns-is-layout-9d6595d7 wp-block-columns-is-layout-flex\">\n<div class=\"wp-block-column is-vertically-aligned-center is-layout-flow wp-block-column-is-layout-flow\">\n<h2 class=\"wp-block-heading has-text-align-center\"><strong>Uskallus<\/strong><\/h2>\n<\/div>\n\n\n\n<div class=\"wp-block-column has-darkblue-background-color has-background is-layout-flow wp-block-column-is-layout-flow\">\n<ul class=\"wp-block-list\">\n<li>Otamme rohkeasti kantaa.\u00a0\u00a0<\/li>\n\n\n\n<li>Edist\u00e4mme yhdenvertaisuutta ja oikeudenmukaisuutta.\u00a0<\/li>\n\n\n\n<li>Puhumme avoimesti keskener\u00e4isyydest\u00e4mme kest\u00e4vyysty\u00f6ss\u00e4.\u00a0<\/li>\n<\/ul>\n<\/div>\n<\/div>\n\n\n\n<div class=\"wp-block-columns is-layout-flex wp-container-core-columns-is-layout-9d6595d7 wp-block-columns-is-layout-flex\">\n<div class=\"wp-block-column is-vertically-aligned-center is-layout-flow wp-block-column-is-layout-flow\">\n<h2 class=\"wp-block-heading has-text-align-center\"><strong>Kest\u00e4v\u00e4 tulevaisuus<\/strong><\/h2>\n<\/div>\n\n\n\n<div class=\"wp-block-column has-light-blue-background-color has-background is-layout-flow wp-block-column-is-layout-flow\">\n<ul class=\"wp-block-list\">\n<li>Toimimme elinkelpoisen planeetan ja kest\u00e4v\u00e4n el\u00e4m\u00e4n puolesta.\u202f<\/li>\n\n\n\n<li>Panostamme ekologiseen j\u00e4lleenrakentamiseen ja ekososiaaliseen sivistykseen.<\/li>\n\n\n\n<li>Edist\u00e4mme hyvinvointia osana kest\u00e4v\u00e4\u00e4 tulevaisuutta.<\/li>\n<\/ul>\n<\/div>\n<\/div>\n<\/div><\/div>\n","protected":false},"excerpt":{"rendered":"<p>Toivo Uteliaisuus Uskallus Kest\u00e4v\u00e4 tulevaisuus<\/p>\n","protected":false},"author":1,"featured_media":63662,"parent":49,"menu_order":1,"comment_status":"closed","ping_status":"closed","template":"","meta":{"_acf_changed":false,"footnotes":""},"class_list":["post-1629","page","type-page","status-publish","has-post-thumbnail","hentry"],"acf":[],"_links":{"self":[{"href":"https:\/\/sykli.fi\/demo\/wp-json\/wp\/v2\/pages\/1629","targetHints":{"allow":["GET"]}}],"collection":[{"href":"https:\/\/sykli.fi\/demo\/wp-json\/wp\/v2\/pages"}],"about":[{"href":"https:\/\/sykli.fi\/demo\/wp-json\/wp\/v2\/types\/page"}],"author":[{"embeddable":true,"href":"https:\/\/sykli.fi\/demo\/wp-json\/wp\/v2\/users\/1"}],"replies":[{"embeddable":true,"href":"https:\/\/sykli.fi\/demo\/wp-json\/wp\/v2\/comments?post=1629"}],"version-history":[{"count":4,"href":"https:\/\/sykli.fi\/demo\/wp-json\/wp\/v2\/pages\/1629\/revisions"}],"predecessor-version":[{"id":66310,"href":"https:\/\/sykli.fi\/demo\/wp-json\/wp\/v2\/pages\/1629\/revisions\/66310"}],"up":[{"embeddable":true,"href":"https:\/\/sykli.fi\/demo\/wp-json\/wp\/v2\/pages\/49"}],"wp:featuredmedia":[{"embeddable":true,"href":"https:\/\/sykli.fi\/demo\/wp-json\/wp\/v2\/media\/63662"}],"wp:attachment":[{"href":"https:\/\/sykli.fi\/demo\/wp-json\/wp\/v2\/media?parent=1629"}],"curies":[{"name":"wp","href":"https:\/\/api.w.org\/{rel}","templated":true}]}}