{"id":1625,"date":"2022-05-17T11:45:25","date_gmt":"2022-05-17T08:45:25","guid":{"rendered":"http:\/\/localhost\/sykli\/?page_id=1625"},"modified":"2026-02-18T15:58:46","modified_gmt":"2026-02-18T13:58:46","slug":"alumnitoiminta","status":"publish","type":"page","link":"https:\/\/sykli.fi\/demo\/vaikuttaminen\/alumnitoiminta\/","title":{"rendered":"Alumnitoiminta"},"content":{"rendered":"\r\n<section id=\"hero-block_f64c7504590d443b699a461b0b358fb3\" class=\"hero site-banner section-default default alignfull\">\r\n\r\n    <div class=\"site-banner-bg section-bg-image ob-position\" style=\"object-position: 50% 21%\" >\r\n\r\n        <img loading=\"lazy\" decoding=\"async\" width=\"2560\" height=\"1579\" src=\"https:\/\/sykli.fi\/demo\/wp-content\/uploads\/2023\/05\/shutterstock_1697161942-scaled.jpg\" class=\"attachment-1536\u00d71536 size-1536\u00d71536\" alt=\"K\u00e4det, joilla on vihre\u00e4t, syd\u00e4nmuotoiset lehdet.\" srcset=\"https:\/\/sykli.fi\/demo\/wp-content\/uploads\/2023\/05\/shutterstock_1697161942-scaled.jpg 2560w, https:\/\/sykli.fi\/demo\/wp-content\/uploads\/2023\/05\/shutterstock_1697161942-300x185.jpg 300w, https:\/\/sykli.fi\/demo\/wp-content\/uploads\/2023\/05\/shutterstock_1697161942-1024x631.jpg 1024w, https:\/\/sykli.fi\/demo\/wp-content\/uploads\/2023\/05\/shutterstock_1697161942-768x474.jpg 768w, https:\/\/sykli.fi\/demo\/wp-content\/uploads\/2023\/05\/shutterstock_1697161942-1536x947.jpg 1536w, https:\/\/sykli.fi\/demo\/wp-content\/uploads\/2023\/05\/shutterstock_1697161942-2048x1263.jpg 2048w\" sizes=\"auto, (max-width: 2560px) 100vw, 2560px\" \/>\r\n        \r\n        \r\n            <div class=\"site-banner-content container\">\r\n                <div class=\"row w-100\">\r\n                    <div class=\"col-md-12\">\r\n                        <div class=\"hero-text-overlay\">\r\n                                                                <h1 class=\"hero-title\">Alumnitoiminta<\/h1>\r\n                            <div class=\"inner-content\">\r\n                            <div class=\"acf-innerblocks-container\">\n\n<p><\/p>\n\n<\/div>\r\n                        <\/div>                        <\/div>\r\n                    <\/div>\r\n                <\/div>\r\n            <\/div>\r\n\r\n        <\/section>\n\n\n<h2 class=\"wp-block-heading has-text-align-left\">Syklin alumnitoiminta<\/h2>\n\n\n\n<p>Yksi jatkuvan oppimisen eduista on verkostoituminen oman alan asiantuntijoiden kanssa. My\u00f6s omasta opiskeluryhm\u00e4st\u00e4 saattaa l\u00f6yty\u00e4 ty\u00f6el\u00e4m\u00e4nkin kannalta arvokkaita kontakteja! Sykli haluaa kannustaa opiskelijoitaan verkostoitumaan ja j\u00e4rjest\u00e4\u00e4kin eri osaamisalojen opiskelijoille ja jo valmistuneille vuosittain erilaisia webinaareja ja muita tapahtumia.<\/p>\n\n\n\n<p>T\u00e4lt\u00e4 sivulta l\u00f6ytyy Syklin alumneille suunnatut tilaisuudet. Voit my\u00f6s <a href=\"https:\/\/uutiskirje.sykli.fi\/\" data-type=\"URL\" data-id=\"https:\/\/uutiskirje.sykli.fi\/\" target=\"_blank\" rel=\"noreferrer noopener\">liitty\u00e4 alumnien postituslistalle<\/a>, jolloin pysyt ajan tasalla tulevista tapahtumista ja koulutuksista. Uutiskirjeen voi my\u00f6s perua milloin tahansa.<\/p>\n\n\n\n<p>Voit seurata Syklin alumnitoimintaa my\u00f6s sosiaalisen median kanavillamme:<\/p>\n\n\n\n<p><a data-type=\"URL\" data-id=\"https:\/\/www.facebook.com\/sykli\/\" href=\"https:\/\/www.facebook.com\/sykli\/\" target=\"_blank\" rel=\"noreferrer noopener\">Facebook<\/a> I <a data-type=\"URL\" data-id=\"https:\/\/www.instagram.com\/sykli_suomi\/\" href=\"https:\/\/www.instagram.com\/sykli_suomi\/\" target=\"_blank\" rel=\"noreferrer noopener\">Instagram<\/a> I <a data-type=\"URL\" data-id=\"https:\/\/www.linkedin.com\/company\/suomen-ymp%C3%A4rist%C3%B6opisto-sykli-oy\/\" href=\"https:\/\/www.linkedin.com\/company\/suomen-ymp%C3%A4rist%C3%B6opisto-sykli-oy\/\" target=\"_blank\" rel=\"noreferrer noopener\">LinkedIn<\/a> I <a data-type=\"URL\" data-id=\"https:\/\/www.youtube.com\/channel\/UCJz6z5PuxYnZ80PUToQjQEQ\/featured\" href=\"https:\/\/www.youtube.com\/channel\/UCJz6z5PuxYnZ80PUToQjQEQ\/featured\" target=\"_blank\" rel=\"noreferrer noopener\">YouTube<\/a><\/p>\n\n\n<div class=\"page-linkbox-block alignfull\">\r\n    <div class=\"container\">\r\n        <div class=\"acf-innerblocks-container\"><\/div>\r\n\r\n    <\/div>\r\n<\/div>\n\n<div class=\"page-linkbox-block alignfull\">\r\n    <div class=\"container\">\r\n        <div class=\"acf-innerblocks-container\"><\/div>\r\n\r\n    <\/div>\r\n<\/div>","protected":false},"excerpt":{"rendered":"<p>Syklin alumnitoiminta Yksi jatkuvan oppimisen eduista on verkostoituminen oman alan asiantuntijoiden kanssa. My\u00f6s omasta opiskeluryhm\u00e4st\u00e4 saattaa l\u00f6yty\u00e4 ty\u00f6el\u00e4m\u00e4nkin kannalta arvokkaita [&hellip;]<\/p>\n","protected":false},"author":1,"featured_media":63892,"parent":47,"menu_order":64,"comment_status":"closed","ping_status":"closed","template":"","meta":{"_acf_changed":false,"footnotes":""},"class_list":["post-1625","page","type-page","status-publish","has-post-thumbnail","hentry"],"acf":[],"_links":{"self":[{"href":"https:\/\/sykli.fi\/demo\/wp-json\/wp\/v2\/pages\/1625","targetHints":{"allow":["GET"]}}],"collection":[{"href":"https:\/\/sykli.fi\/demo\/wp-json\/wp\/v2\/pages"}],"about":[{"href":"https:\/\/sykli.fi\/demo\/wp-json\/wp\/v2\/types\/page"}],"author":[{"embeddable":true,"href":"https:\/\/sykli.fi\/demo\/wp-json\/wp\/v2\/users\/1"}],"replies":[{"embeddable":true,"href":"https:\/\/sykli.fi\/demo\/wp-json\/wp\/v2\/comments?post=1625"}],"version-history":[{"count":10,"href":"https:\/\/sykli.fi\/demo\/wp-json\/wp\/v2\/pages\/1625\/revisions"}],"predecessor-version":[{"id":73686,"href":"https:\/\/sykli.fi\/demo\/wp-json\/wp\/v2\/pages\/1625\/revisions\/73686"}],"up":[{"embeddable":true,"href":"https:\/\/sykli.fi\/demo\/wp-json\/wp\/v2\/pages\/47"}],"wp:featuredmedia":[{"embeddable":true,"href":"https:\/\/sykli.fi\/demo\/wp-json\/wp\/v2\/media\/63892"}],"wp:attachment":[{"href":"https:\/\/sykli.fi\/demo\/wp-json\/wp\/v2\/media?parent=1625"}],"curies":[{"name":"wp","href":"https:\/\/api.w.org\/{rel}","templated":true}]}}