{"id":1621,"date":"2022-05-17T11:44:33","date_gmt":"2022-05-17T08:44:33","guid":{"rendered":"http:\/\/localhost\/sykli\/?page_id=1621"},"modified":"2025-11-14T15:45:52","modified_gmt":"2025-11-14T13:45:52","slug":"verkostot","status":"publish","type":"page","link":"https:\/\/sykli.fi\/demo\/vaikuttaminen\/verkostot\/","title":{"rendered":"Verkostot"},"content":{"rendered":"\r\n<section id=\"hero-block_392d698bf70a2039f51b10377d97b19a\" class=\"hero site-banner section-default default alignfull\">\r\n\r\n    <div class=\"site-banner-bg section-bg-image \" >\r\n\r\n        <img loading=\"lazy\" decoding=\"async\" width=\"1000\" height=\"479\" src=\"https:\/\/sykli.fi\/demo\/wp-content\/uploads\/2023\/04\/shutterstock_2059040609-verkostot.jpg\" class=\"attachment-1536\u00d71536 size-1536\u00d71536\" alt=\"\" srcset=\"https:\/\/sykli.fi\/demo\/wp-content\/uploads\/2023\/04\/shutterstock_2059040609-verkostot.jpg 1000w, https:\/\/sykli.fi\/demo\/wp-content\/uploads\/2023\/04\/shutterstock_2059040609-verkostot-300x144.jpg 300w, https:\/\/sykli.fi\/demo\/wp-content\/uploads\/2023\/04\/shutterstock_2059040609-verkostot-768x368.jpg 768w\" sizes=\"auto, (max-width: 1000px) 100vw, 1000px\" \/>\r\n        \r\n        \r\n            <div class=\"site-banner-content container\">\r\n                <div class=\"row w-100\">\r\n                    <div class=\"col-md-12\">\r\n                        <div class=\"hero-text-overlay\">\r\n                                                                <h1 class=\"hero-title\">Verkostot<\/h1>\r\n                            <div class=\"inner-content\">\r\n                            <div class=\"acf-innerblocks-container\">\n\n<p><\/p>\n\n<\/div>\r\n                        <\/div>                        <\/div>\r\n                    <\/div>\r\n                <\/div>\r\n            <\/div>\r\n\r\n        <\/section>\n\n\n<h2 class=\"wp-block-heading has-text-align-left\">Syklin verkostot<\/h2>\n\n\n\n<p>Sykli haluaa pysy\u00e4 aktiivisena yhteiskunnan eri osa-alueilla.&nbsp;&nbsp;<\/p>\n\n\n\n<p>Olemme mukana seuraavissa verkostoissa:&nbsp;<\/p>\n\n\n\n<p>Ammattiosaamisen kehitt\u00e4misyhdistys AMKE&nbsp;<br>Sivistysty\u00f6nantajat ry&nbsp;<br>Elinkeinoel\u00e4m\u00e4n Oppilaitokset EOL ry&nbsp;<br>Finnish Business &amp; Society ry&nbsp;<br>Kierr\u00e4tysteollisuus ry&nbsp;<br>Suomen Oppisopimusosaajat Ry&nbsp;<br>Vastuu Group Oy&nbsp;<br>Henkil\u00f6st\u00f6johdon ryhm\u00e4 &#8211; HENRY ry.&nbsp;<br>Ymp\u00e4rist\u00f6johtamisen yhdistys ry (YJY)&nbsp;<br>Green Net Finland ry&nbsp;<br>Suomen Laatuyhdistys r.y.&nbsp;<br>Riihim\u00e4en-Hyvink\u00e4\u00e4n kauppakamari ry&nbsp;<br>EastCham Finland&nbsp;<br>YritysVoimala Oy&nbsp;<br>Riihim\u00e4en Tilat ja Kehitys Oy&nbsp;<br>Procom&nbsp;<\/p>\n\n\n\n<p><strong>Ymp\u00e4rist\u00f6kasvatus<\/strong>&nbsp;<\/p>\n\n\n\n<p>Ymp\u00e4rist\u00f6kasvatusj\u00e4rjest\u00f6 FEE Suomi ry&nbsp;<br>Suomen luonto- ja ymp\u00e4rist\u00f6koulujen liitto ry&nbsp;<br>Pohjoismainen yhteisty\u00f6verkosto<br>Uudenmaan ymp\u00e4rist\u00f6kasvatusverkosto V\u00e4lke<br>ELY:n valtakunnallinen ymp\u00e4rist\u00f6kasvatusverkosto<br>Seikkailukasvatusverkosto<\/p>\n\n\n\n<p><strong>V\u00e4h\u00e4hiilinen kiertotalous<\/strong>&nbsp;<\/p>\n\n\n\n<p>Suomen L\u00e4hienergialiitto ry&nbsp;<br>J\u00e4tehuoltoyhdistys ry&nbsp;<br>GBC Suomi ry&nbsp;<br>Suomen Erikoiskuljetusten Liikenteenohjaajat SEKLI ry&nbsp;<br>Limowa ry&nbsp;<br>Ouke ry&nbsp;<br>Rahtarit ry&nbsp;<br>Suomen Kiertovoima ry -KIVO&nbsp;<br>Suomen kaivamattoman tekniikan yhdistys FiSTT<br>Kiertotalous-Suomi&nbsp;&nbsp;<\/p>\n\n\n\n<p><strong>Vesihuolto<\/strong>&nbsp;<\/p>\n\n\n\n<p>Suomen Vesilaitosyhdistys ry&nbsp;<br>Suomen Vesihuolto-osuuskunnat ry&nbsp;<br>Suomen vesifoorumi ry, Finlands vattenforum rf&nbsp;<\/p>\n\n\n\n<p><strong>Hankeverkostot<\/strong> <\/p>\n\n\n\n<p>Kartalla &#8211; p\u00e5 kartan -verkosto<br>Strapetsi<br>VIERKO<br>Digikyvykkyys<br>VASKI<br>LARK<br>Opiskelijan \u00e4\u00e4nell\u00e4<br>Tienviitat<\/p>\n\n\n\n<p>Sykli on Sivistysty\u00f6nantajat ry:n j\u00e4sen ja noudattaa Ammatillisten aikuiskoulutuskeskusten ty\u00f6ehtosopimusta. Sykli yll\u00e4pit\u00e4\u00e4 vastuullisuus- ja kest\u00e4vyystoimintaa erilaisten sertifikaattien ja sitoumusten kautta. Lis\u00e4tietoa l\u00f6yd\u00e4t <a href=\"https:\/\/sykli.fi\/demo\/sykli\/syklin-vastuullisuus\/syklin-sertifikaatit-ja-sitoumukset\/\" target=\"_blank\" rel=\"noreferrer noopener\">Syklin sertifikaatit ja sitoumukset -sivulta.<\/a><\/p>\n\n\n\n<p><\/p>\n","protected":false},"excerpt":{"rendered":"<p>Syklin verkostot Sykli haluaa pysy\u00e4 aktiivisena yhteiskunnan eri osa-alueilla.&nbsp;&nbsp; Olemme mukana seuraavissa verkostoissa:&nbsp; Ammattiosaamisen kehitt\u00e4misyhdistys AMKE&nbsp;Sivistysty\u00f6nantajat ry&nbsp;Elinkeinoel\u00e4m\u00e4n Oppilaitokset EOL ry&nbsp;Finnish [&hellip;]<\/p>\n","protected":false},"author":1,"featured_media":63686,"parent":47,"menu_order":3,"comment_status":"closed","ping_status":"closed","template":"","meta":{"_acf_changed":false,"footnotes":""},"class_list":["post-1621","page","type-page","status-publish","has-post-thumbnail","hentry"],"acf":[],"_links":{"self":[{"href":"https:\/\/sykli.fi\/demo\/wp-json\/wp\/v2\/pages\/1621","targetHints":{"allow":["GET"]}}],"collection":[{"href":"https:\/\/sykli.fi\/demo\/wp-json\/wp\/v2\/pages"}],"about":[{"href":"https:\/\/sykli.fi\/demo\/wp-json\/wp\/v2\/types\/page"}],"author":[{"embeddable":true,"href":"https:\/\/sykli.fi\/demo\/wp-json\/wp\/v2\/users\/1"}],"replies":[{"embeddable":true,"href":"https:\/\/sykli.fi\/demo\/wp-json\/wp\/v2\/comments?post=1621"}],"version-history":[{"count":2,"href":"https:\/\/sykli.fi\/demo\/wp-json\/wp\/v2\/pages\/1621\/revisions"}],"predecessor-version":[{"id":73004,"href":"https:\/\/sykli.fi\/demo\/wp-json\/wp\/v2\/pages\/1621\/revisions\/73004"}],"up":[{"embeddable":true,"href":"https:\/\/sykli.fi\/demo\/wp-json\/wp\/v2\/pages\/47"}],"wp:featuredmedia":[{"embeddable":true,"href":"https:\/\/sykli.fi\/demo\/wp-json\/wp\/v2\/media\/63686"}],"wp:attachment":[{"href":"https:\/\/sykli.fi\/demo\/wp-json\/wp\/v2\/media?parent=1621"}],"curies":[{"name":"wp","href":"https:\/\/api.w.org\/{rel}","templated":true}]}}