{"id":1614,"date":"2022-05-17T11:43:01","date_gmt":"2022-05-17T08:43:01","guid":{"rendered":"http:\/\/localhost\/sykli\/?page_id=1614"},"modified":"2023-05-26T12:56:23","modified_gmt":"2023-05-26T09:56:23","slug":"kehittamishankkeet","status":"publish","type":"page","link":"https:\/\/sykli.fi\/demo\/vaikuttaminen\/kehittamishankkeet\/","title":{"rendered":"Kehitt\u00e4mishankkeet"},"content":{"rendered":"\r\n<section id=\"hero-block_8a7383e840fee751246dd6ad630632ad\" class=\"hero site-banner section-default default alignfull\">\r\n\r\n    <div class=\"site-banner-bg section-bg-image \" >\r\n\r\n        <img loading=\"lazy\" decoding=\"async\" width=\"2560\" height=\"894\" src=\"https:\/\/sykli.fi\/demo\/wp-content\/uploads\/2023\/04\/kehittamishankkeet.png\" class=\"attachment-1536\u00d71536 size-1536\u00d71536\" alt=\"K\u00e4det yhdess\u00e4.\" srcset=\"https:\/\/sykli.fi\/demo\/wp-content\/uploads\/2023\/04\/kehittamishankkeet.png 2560w, https:\/\/sykli.fi\/demo\/wp-content\/uploads\/2023\/04\/kehittamishankkeet-300x105.png 300w, https:\/\/sykli.fi\/demo\/wp-content\/uploads\/2023\/04\/kehittamishankkeet-1024x358.png 1024w, https:\/\/sykli.fi\/demo\/wp-content\/uploads\/2023\/04\/kehittamishankkeet-768x268.png 768w, https:\/\/sykli.fi\/demo\/wp-content\/uploads\/2023\/04\/kehittamishankkeet-1536x537.png 1536w, https:\/\/sykli.fi\/demo\/wp-content\/uploads\/2023\/04\/kehittamishankkeet-2048x715.png 2048w\" sizes=\"auto, (max-width: 2560px) 100vw, 2560px\" \/>\r\n        \r\n        \r\n            <div class=\"site-banner-content container\">\r\n                <div class=\"row w-100\">\r\n                    <div class=\"col-md-12\">\r\n                        <div class=\"hero-text-overlay\">\r\n                                                                <h1 class=\"hero-title\">Kehitt\u00e4mishankkeet<\/h1>\r\n                            <div class=\"inner-content\">\r\n                            <div class=\"acf-innerblocks-container\"><\/div>\r\n                        <\/div>                        <\/div>\r\n                    <\/div>\r\n                <\/div>\r\n            <\/div>\r\n\r\n        <\/section>\n\n\n<h2 class=\"wp-block-heading\">K\u00e4ynniss\u00e4 olevat hankkeet<\/h2>\n\n\n\n<div class=\"wp-block-query is-layout-flow wp-block-query-is-layout-flow\"><ul class=\"is-flex-container columns-2 wp-block-post-template is-layout-flow wp-block-post-template-is-layout-flow\"><li class=\"wp-block-post post-73267 hankkeet type-hankkeet status-publish has-post-thumbnail hentry hankkeen_kateroriat-kaynnissa-olevat-hankkeet\">\n<h2 class=\"wp-block-post-title\"><a href=\"https:\/\/sykli.fi\/demo\/vaikuttaminen\/kehittamishankkeet\/vuoto-ja-hulevesien-hallinta-seka-kustannusvaikutusten-selvittaminen-vesihuoltolaitosten-yhteistyona-vuoku\/\" target=\"_self\" >Vuoto- ja hulevesien hallinta sek\u00e4 kustannusvaikutusten selvitt\u00e4minen vesihuoltolaitosten yhteisty\u00f6n\u00e4 (VUOKU)\u00a0<\/a><\/h2>\n\n<figure class=\"wp-block-post-featured-image\"><a href=\"https:\/\/sykli.fi\/demo\/vaikuttaminen\/kehittamishankkeet\/vuoto-ja-hulevesien-hallinta-seka-kustannusvaikutusten-selvittaminen-vesihuoltolaitosten-yhteistyona-vuoku\/\" target=\"_self\"  ><img loading=\"lazy\" decoding=\"async\" width=\"2560\" height=\"1707\" src=\"https:\/\/sykli.fi\/demo\/wp-content\/uploads\/2026\/01\/shutterstock_2670703367-scaled.jpg\" class=\"attachment-post-thumbnail size-post-thumbnail wp-post-image\" alt=\"Vuoto- ja hulevesien hallinta sek\u00e4 kustannusvaikutusten selvitt\u00e4minen vesihuoltolaitosten yhteisty\u00f6n\u00e4 (VUOKU)\u00a0\" style=\"object-fit:cover;\" srcset=\"https:\/\/sykli.fi\/demo\/wp-content\/uploads\/2026\/01\/shutterstock_2670703367-scaled.jpg 2560w, https:\/\/sykli.fi\/demo\/wp-content\/uploads\/2026\/01\/shutterstock_2670703367-300x200.jpg 300w, https:\/\/sykli.fi\/demo\/wp-content\/uploads\/2026\/01\/shutterstock_2670703367-1024x683.jpg 1024w, https:\/\/sykli.fi\/demo\/wp-content\/uploads\/2026\/01\/shutterstock_2670703367-768x512.jpg 768w, https:\/\/sykli.fi\/demo\/wp-content\/uploads\/2026\/01\/shutterstock_2670703367-1536x1024.jpg 1536w, https:\/\/sykli.fi\/demo\/wp-content\/uploads\/2026\/01\/shutterstock_2670703367-2048x1365.jpg 2048w\" sizes=\"auto, (max-width: 2560px) 100vw, 2560px\" \/><\/a><\/figure>\n\n<div class=\"wp-block-post-excerpt\"><p class=\"wp-block-post-excerpt__excerpt\">Hankkeen nimi:&nbsp; Vuoto- ja hulevesien hallinta sek\u00e4 kustannusvaikutusten selvitt\u00e4minen vesihuoltolaitosten yhteisty\u00f6n\u00e4 (VUOKU)&nbsp; Hankkeen kesto:&nbsp; 1.1.2026\u201331.5.2027&nbsp; Toteuttaja: Suomen ymp\u00e4rist\u00f6opisto SYKLI Rahoitus:&nbsp;<\/p><p class=\"wp-block-post-excerpt__more-text\"><a class=\"wp-block-post-excerpt__more-link\" href=\"https:\/\/sykli.fi\/demo\/vaikuttaminen\/kehittamishankkeet\/vuoto-ja-hulevesien-hallinta-seka-kustannusvaikutusten-selvittaminen-vesihuoltolaitosten-yhteistyona-vuoku\/\">Lue lis\u00e4\u00e4<\/a><\/p><\/div>\n<\/li><li class=\"wp-block-post post-73040 hankkeet type-hankkeet status-publish has-post-thumbnail hentry hankkeen_kateroriat-kaynnissa-olevat-hankkeet\">\n<h2 class=\"wp-block-post-title\"><a href=\"https:\/\/sykli.fi\/demo\/vaikuttaminen\/kehittamishankkeet\/tietoliikenteen-ja-tietotekniikan-hiilijalanjaljen-ja-kadenjaljen-avoin-laskentapalvelu-digioptimi\/\" target=\"_self\" >Tietoliikenteen ja tietotekniikan hiilijalanj\u00e4ljen ja -k\u00e4denj\u00e4ljen avoin laskentapalvelu \u2013 DigiOptimi<\/a><\/h2>\n\n<figure class=\"wp-block-post-featured-image\"><a href=\"https:\/\/sykli.fi\/demo\/vaikuttaminen\/kehittamishankkeet\/tietoliikenteen-ja-tietotekniikan-hiilijalanjaljen-ja-kadenjaljen-avoin-laskentapalvelu-digioptimi\/\" target=\"_self\"  ><img loading=\"lazy\" decoding=\"async\" width=\"2560\" height=\"1440\" src=\"https:\/\/sykli.fi\/demo\/wp-content\/uploads\/2025\/11\/shutterstock_2585533183-scaled.jpg\" class=\"attachment-post-thumbnail size-post-thumbnail wp-post-image\" alt=\"Tietoliikenteen ja tietotekniikan hiilijalanj\u00e4ljen ja -k\u00e4denj\u00e4ljen avoin laskentapalvelu \u2013 DigiOptimi\" style=\"object-fit:cover;\" srcset=\"https:\/\/sykli.fi\/demo\/wp-content\/uploads\/2025\/11\/shutterstock_2585533183-scaled.jpg 2560w, https:\/\/sykli.fi\/demo\/wp-content\/uploads\/2025\/11\/shutterstock_2585533183-300x169.jpg 300w, https:\/\/sykli.fi\/demo\/wp-content\/uploads\/2025\/11\/shutterstock_2585533183-1024x576.jpg 1024w, https:\/\/sykli.fi\/demo\/wp-content\/uploads\/2025\/11\/shutterstock_2585533183-768x432.jpg 768w, https:\/\/sykli.fi\/demo\/wp-content\/uploads\/2025\/11\/shutterstock_2585533183-1536x864.jpg 1536w, https:\/\/sykli.fi\/demo\/wp-content\/uploads\/2025\/11\/shutterstock_2585533183-2048x1152.jpg 2048w\" sizes=\"auto, (max-width: 2560px) 100vw, 2560px\" \/><\/a><\/figure>\n\n<div class=\"wp-block-post-excerpt\"><p class=\"wp-block-post-excerpt__excerpt\">Hankeaika: 11\/2025 \u2013 10\/2027Rahoittaja: Uudenmaan liittoToteuttajat: Suomen ymp\u00e4rist\u00f6opisto SYKLI (p\u00e4\u00e4toteuttaja) ja Avoin ry (osatoteuttaja) DigiOptimi-hankkeessa kehitet\u00e4\u00e4n kaikille avoin ja maksuton<\/p><p class=\"wp-block-post-excerpt__more-text\"><a class=\"wp-block-post-excerpt__more-link\" href=\"https:\/\/sykli.fi\/demo\/vaikuttaminen\/kehittamishankkeet\/tietoliikenteen-ja-tietotekniikan-hiilijalanjaljen-ja-kadenjaljen-avoin-laskentapalvelu-digioptimi\/\">Lue lis\u00e4\u00e4<\/a><\/p><\/div>\n<\/li><li class=\"wp-block-post post-72907 hankkeet type-hankkeet status-publish has-post-thumbnail hentry hankkeen_kateroriat-kaynnissa-olevat-hankkeet\">\n<h2 class=\"wp-block-post-title\"><a href=\"https:\/\/sykli.fi\/demo\/vaikuttaminen\/kehittamishankkeet\/kaytannon-tekoalytoimijuutta-kiertotalousaloille-circulai\/\" target=\"_self\" >K\u00e4yt\u00e4nn\u00f6n teko\u00e4lytoimijuutta kiertotalousaloille \u2013 CIRCULAI<\/a><\/h2>\n\n<figure class=\"wp-block-post-featured-image\"><a href=\"https:\/\/sykli.fi\/demo\/vaikuttaminen\/kehittamishankkeet\/kaytannon-tekoalytoimijuutta-kiertotalousaloille-circulai\/\" target=\"_self\"  ><img loading=\"lazy\" decoding=\"async\" width=\"960\" height=\"538\" src=\"https:\/\/sykli.fi\/demo\/wp-content\/uploads\/2025\/10\/circulai-kuva.png\" class=\"attachment-post-thumbnail size-post-thumbnail wp-post-image\" alt=\"K\u00e4yt\u00e4nn\u00f6n teko\u00e4lytoimijuutta kiertotalousaloille \u2013 CIRCULAI\" style=\"object-fit:cover;\" srcset=\"https:\/\/sykli.fi\/demo\/wp-content\/uploads\/2025\/10\/circulai-kuva.png 960w, https:\/\/sykli.fi\/demo\/wp-content\/uploads\/2025\/10\/circulai-kuva-300x168.png 300w, https:\/\/sykli.fi\/demo\/wp-content\/uploads\/2025\/10\/circulai-kuva-768x430.png 768w\" sizes=\"auto, (max-width: 960px) 100vw, 960px\" \/><\/a><\/figure>\n\n<div class=\"wp-block-post-excerpt\"><p class=\"wp-block-post-excerpt__excerpt\">Hankkeen tavoitteet Hankkeen tavoitteena on kiertotalousalan teko\u00e4lylukutaidon edist\u00e4minen. Tavoitteena on kehitt\u00e4\u00e4 pienten- ja keskisuurten kiertotalousyritysten teko\u00e4lylukutaitoa ja -toimijuutta. Lis\u00e4ksi hanke<\/p><p class=\"wp-block-post-excerpt__more-text\"><a class=\"wp-block-post-excerpt__more-link\" href=\"https:\/\/sykli.fi\/demo\/vaikuttaminen\/kehittamishankkeet\/kaytannon-tekoalytoimijuutta-kiertotalousaloille-circulai\/\">Lue lis\u00e4\u00e4<\/a><\/p><\/div>\n<\/li><li class=\"wp-block-post post-72515 hankkeet type-hankkeet status-publish has-post-thumbnail hentry hankkeen_kateroriat-kaynnissa-olevat-hankkeet\">\n<h2 class=\"wp-block-post-title\"><a href=\"https:\/\/sykli.fi\/demo\/vaikuttaminen\/kehittamishankkeet\/riicycle-kiritys\/\" target=\"_self\" >RiiCycle KIRITYS<\/a><\/h2>\n\n<figure class=\"wp-block-post-featured-image\"><a href=\"https:\/\/sykli.fi\/demo\/vaikuttaminen\/kehittamishankkeet\/riicycle-kiritys\/\" target=\"_self\"  ><img loading=\"lazy\" decoding=\"async\" width=\"1920\" height=\"1280\" src=\"https:\/\/sykli.fi\/demo\/wp-content\/uploads\/2022\/08\/55839.jpg\" class=\"attachment-post-thumbnail size-post-thumbnail wp-post-image\" alt=\"RiiCycle KIRITYS\" style=\"object-fit:cover;\" srcset=\"https:\/\/sykli.fi\/demo\/wp-content\/uploads\/2022\/08\/55839.jpg 1920w, https:\/\/sykli.fi\/demo\/wp-content\/uploads\/2022\/08\/55839-300x200.jpg 300w, https:\/\/sykli.fi\/demo\/wp-content\/uploads\/2022\/08\/55839-1024x683.jpg 1024w, https:\/\/sykli.fi\/demo\/wp-content\/uploads\/2022\/08\/55839-768x512.jpg 768w, https:\/\/sykli.fi\/demo\/wp-content\/uploads\/2022\/08\/55839-1536x1024.jpg 1536w\" sizes=\"auto, (max-width: 1920px) 100vw, 1920px\" \/><\/a><\/figure>\n\n<div class=\"wp-block-post-excerpt\"><p class=\"wp-block-post-excerpt__excerpt\">Hankkeen tiedot Hankeaika:&nbsp;1.5.2025\u201330.4.2026 Toteuttajat:&nbsp;Riihim\u00e4en kaupunki (P\u00e4\u00e4toteuttaja), H\u00e4meen ammattikorkeakoulu HAMK (Osatoteuttaja), Suomen ymp\u00e4rist\u00f6opisto SYKLI (Osatoteuttaja) Rahoittajat: H\u00e4meen liitto ja hanketoteuttajat Budjetti:<\/p><p class=\"wp-block-post-excerpt__more-text\"><a class=\"wp-block-post-excerpt__more-link\" href=\"https:\/\/sykli.fi\/demo\/vaikuttaminen\/kehittamishankkeet\/riicycle-kiritys\/\">Lue lis\u00e4\u00e4<\/a><\/p><\/div>\n<\/li><li class=\"wp-block-post post-72496 hankkeet type-hankkeet status-publish has-post-thumbnail hentry hankkeen_kateroriat-kaynnissa-olevat-hankkeet\">\n<h2 class=\"wp-block-post-title\"><a href=\"https:\/\/sykli.fi\/demo\/vaikuttaminen\/kehittamishankkeet\/vetoke-vesihuollon-turvallisuus-ja-osaamisen-kehittaminen\/\" target=\"_self\" >VETOKE \u2013 Vesihuollon turvallisuus ja osaamisen kehitt\u00e4minen<\/a><\/h2>\n\n<figure class=\"wp-block-post-featured-image\"><a href=\"https:\/\/sykli.fi\/demo\/vaikuttaminen\/kehittamishankkeet\/vetoke-vesihuollon-turvallisuus-ja-osaamisen-kehittaminen\/\" target=\"_self\"  ><img loading=\"lazy\" decoding=\"async\" width=\"1080\" height=\"1080\" src=\"https:\/\/sykli.fi\/demo\/wp-content\/uploads\/2025\/10\/pisara.png\" class=\"attachment-post-thumbnail size-post-thumbnail wp-post-image\" alt=\"VETOKE \u2013 Vesihuollon turvallisuus ja osaamisen kehitt\u00e4minen\" style=\"object-fit:cover;\" srcset=\"https:\/\/sykli.fi\/demo\/wp-content\/uploads\/2025\/10\/pisara.png 1080w, https:\/\/sykli.fi\/demo\/wp-content\/uploads\/2025\/10\/pisara-300x300.png 300w, https:\/\/sykli.fi\/demo\/wp-content\/uploads\/2025\/10\/pisara-1024x1024.png 1024w, https:\/\/sykli.fi\/demo\/wp-content\/uploads\/2025\/10\/pisara-150x150.png 150w, https:\/\/sykli.fi\/demo\/wp-content\/uploads\/2025\/10\/pisara-768x768.png 768w\" sizes=\"auto, (max-width: 1080px) 100vw, 1080px\" \/><\/a><\/figure>\n\n<div class=\"wp-block-post-excerpt\"><p class=\"wp-block-post-excerpt__excerpt\">Hankeaika: 1.9.2025-31.12.2027&nbsp; Suomen maaseudulla toimii satoja pieni\u00e4 vesihuoltolaitoksia, kuten vesiosuuskuntia, jotka ovat vastuussa lukuisten maatilojen, yritysten ja asukkaiden turvallisesta ja<\/p><p class=\"wp-block-post-excerpt__more-text\"><a class=\"wp-block-post-excerpt__more-link\" href=\"https:\/\/sykli.fi\/demo\/vaikuttaminen\/kehittamishankkeet\/vetoke-vesihuollon-turvallisuus-ja-osaamisen-kehittaminen\/\">Lue lis\u00e4\u00e4<\/a><\/p><\/div>\n<\/li><li class=\"wp-block-post post-71749 hankkeet type-hankkeet status-publish has-post-thumbnail hentry hankkeen_kateroriat-kaynnissa-olevat-hankkeet\">\n<h2 class=\"wp-block-post-title\"><a href=\"https:\/\/sykli.fi\/demo\/vaikuttaminen\/kehittamishankkeet\/energiapositiivisten-alueiden-kanta-hame-eka\/\" target=\"_self\" >Energiapositiivisten alueiden Kanta-H\u00e4me (EKA+)<\/a><\/h2>\n\n<figure class=\"wp-block-post-featured-image\"><a href=\"https:\/\/sykli.fi\/demo\/vaikuttaminen\/kehittamishankkeet\/energiapositiivisten-alueiden-kanta-hame-eka\/\" target=\"_self\"  ><img loading=\"lazy\" decoding=\"async\" width=\"1500\" height=\"1000\" src=\"https:\/\/sykli.fi\/demo\/wp-content\/uploads\/2025\/06\/EKA-picture-5.png\" class=\"attachment-post-thumbnail size-post-thumbnail wp-post-image\" alt=\"Energiapositiivisten alueiden Kanta-H\u00e4me (EKA+)\" style=\"object-fit:cover;\" srcset=\"https:\/\/sykli.fi\/demo\/wp-content\/uploads\/2025\/06\/EKA-picture-5.png 1500w, https:\/\/sykli.fi\/demo\/wp-content\/uploads\/2025\/06\/EKA-picture-5-300x200.png 300w, https:\/\/sykli.fi\/demo\/wp-content\/uploads\/2025\/06\/EKA-picture-5-1024x683.png 1024w, https:\/\/sykli.fi\/demo\/wp-content\/uploads\/2025\/06\/EKA-picture-5-768x512.png 768w\" sizes=\"auto, (max-width: 1500px) 100vw, 1500px\" \/><\/a><\/figure>\n\n<div class=\"wp-block-post-excerpt\"><p class=\"wp-block-post-excerpt__excerpt\">Mit\u00e4 ovat energiapositiiviset alueet? Mit\u00e4 hy\u00f6ty\u00e4 niist\u00e4 on ja keiden niit\u00e4 pit\u00e4isi haluta? Miten energiapositiivisia alueita toteutetaan? Millaisia investointeja ja<\/p><p class=\"wp-block-post-excerpt__more-text\"><a class=\"wp-block-post-excerpt__more-link\" href=\"https:\/\/sykli.fi\/demo\/vaikuttaminen\/kehittamishankkeet\/energiapositiivisten-alueiden-kanta-hame-eka\/\">Lue lis\u00e4\u00e4<\/a><\/p><\/div>\n<\/li><li class=\"wp-block-post post-71215 hankkeet type-hankkeet status-publish has-post-thumbnail hentry hankkeen_kateroriat-kaynnissa-olevat-hankkeet\">\n<h2 class=\"wp-block-post-title\"><a href=\"https:\/\/sykli.fi\/demo\/vaikuttaminen\/kehittamishankkeet\/rakel-rakennusten-elinkaaren-jatkaminen-uutta-kayttoa-kehittamalla\/\" target=\"_self\" >RAKEL \u2013 Rakennusten elinkaaren jatkaminen uutta k\u00e4ytt\u00f6\u00e4 kehitt\u00e4m\u00e4ll\u00e4\u00a0<\/a><\/h2>\n\n<figure class=\"wp-block-post-featured-image\"><a href=\"https:\/\/sykli.fi\/demo\/vaikuttaminen\/kehittamishankkeet\/rakel-rakennusten-elinkaaren-jatkaminen-uutta-kayttoa-kehittamalla\/\" target=\"_self\"  ><img loading=\"lazy\" decoding=\"async\" width=\"2560\" height=\"1707\" src=\"https:\/\/sykli.fi\/demo\/wp-content\/uploads\/2025\/10\/shutterstock_2436325601-scaled.jpg\" class=\"attachment-post-thumbnail size-post-thumbnail wp-post-image\" alt=\"RAKEL \u2013 Rakennusten elinkaaren jatkaminen uutta k\u00e4ytt\u00f6\u00e4 kehitt\u00e4m\u00e4ll\u00e4\u00a0\" style=\"object-fit:cover;\" srcset=\"https:\/\/sykli.fi\/demo\/wp-content\/uploads\/2025\/10\/shutterstock_2436325601-scaled.jpg 2560w, https:\/\/sykli.fi\/demo\/wp-content\/uploads\/2025\/10\/shutterstock_2436325601-300x200.jpg 300w, https:\/\/sykli.fi\/demo\/wp-content\/uploads\/2025\/10\/shutterstock_2436325601-1024x683.jpg 1024w, https:\/\/sykli.fi\/demo\/wp-content\/uploads\/2025\/10\/shutterstock_2436325601-768x512.jpg 768w, https:\/\/sykli.fi\/demo\/wp-content\/uploads\/2025\/10\/shutterstock_2436325601-1536x1024.jpg 1536w, https:\/\/sykli.fi\/demo\/wp-content\/uploads\/2025\/10\/shutterstock_2436325601-2048x1365.jpg 2048w\" sizes=\"auto, (max-width: 2560px) 100vw, 2560px\" \/><\/a><\/figure>\n\n<div class=\"wp-block-post-excerpt\"><p class=\"wp-block-post-excerpt__excerpt\">Hankeaika\u00a0 5\/2025-10\/2027&nbsp; Kohderyhm\u00e4\u00a0 Hankkeen kohderyhmi\u00e4 ovat julkisen sektorin toimijat, rakennusten omistajat ja haltijat sek\u00e4 pk-yritykset, kuten kiinteist\u00f6kehitt\u00e4j\u00e4t ja suunnittelijat, jotka<\/p><p class=\"wp-block-post-excerpt__more-text\"><a class=\"wp-block-post-excerpt__more-link\" href=\"https:\/\/sykli.fi\/demo\/vaikuttaminen\/kehittamishankkeet\/rakel-rakennusten-elinkaaren-jatkaminen-uutta-kayttoa-kehittamalla\/\">Lue lis\u00e4\u00e4<\/a><\/p><\/div>\n<\/li><li class=\"wp-block-post post-71126 hankkeet type-hankkeet status-publish has-post-thumbnail hentry hankkeen_kateroriat-kaynnissa-olevat-hankkeet\">\n<h2 class=\"wp-block-post-title\"><a href=\"https:\/\/sykli.fi\/demo\/vaikuttaminen\/kehittamishankkeet\/kekkeri-kestavat-kuntakiinteistot-ja-rakennuskannan-energiatehokkuuden-edistaminen-kunnissa\/\" target=\"_self\" >KEKKERI &#8211; Kest\u00e4v\u00e4t kuntakiinteist\u00f6t ja rakennuskannan energiatehokkuuden edist\u00e4minen kunnissa<\/a><\/h2>\n\n<figure class=\"wp-block-post-featured-image\"><a href=\"https:\/\/sykli.fi\/demo\/vaikuttaminen\/kehittamishankkeet\/kekkeri-kestavat-kuntakiinteistot-ja-rakennuskannan-energiatehokkuuden-edistaminen-kunnissa\/\" target=\"_self\"  ><img loading=\"lazy\" decoding=\"async\" width=\"2560\" height=\"1340\" src=\"https:\/\/sykli.fi\/demo\/wp-content\/uploads\/2025\/05\/Kekkeri-hanke-scaled.jpg\" class=\"attachment-post-thumbnail size-post-thumbnail wp-post-image\" alt=\"KEKKERI &#8211; Kest\u00e4v\u00e4t kuntakiinteist\u00f6t ja rakennuskannan energiatehokkuuden edist\u00e4minen kunnissa\" style=\"object-fit:cover;\" srcset=\"https:\/\/sykli.fi\/demo\/wp-content\/uploads\/2025\/05\/Kekkeri-hanke-scaled.jpg 2560w, https:\/\/sykli.fi\/demo\/wp-content\/uploads\/2025\/05\/Kekkeri-hanke-300x157.jpg 300w, https:\/\/sykli.fi\/demo\/wp-content\/uploads\/2025\/05\/Kekkeri-hanke-1024x536.jpg 1024w, https:\/\/sykli.fi\/demo\/wp-content\/uploads\/2025\/05\/Kekkeri-hanke-768x402.jpg 768w, https:\/\/sykli.fi\/demo\/wp-content\/uploads\/2025\/05\/Kekkeri-hanke-1536x804.jpg 1536w, https:\/\/sykli.fi\/demo\/wp-content\/uploads\/2025\/05\/Kekkeri-hanke-2048x1072.jpg 2048w\" sizes=\"auto, (max-width: 2560px) 100vw, 2560px\" \/><\/a><\/figure>\n\n<div class=\"wp-block-post-excerpt\"><p class=\"wp-block-post-excerpt__excerpt\">Hankkeen tavoitteet 1. Koota ja p\u00e4ivitt\u00e4\u00e4 kuntatoimijoille suunnattua tietoa energiatehokkuusinvestoinneista ja niiden hy\u00f6dyist\u00e4. 2. Toteuttaa ty\u00f6pajoja ja tapahtumia, joissa energiatehokkuuden<\/p><p class=\"wp-block-post-excerpt__more-text\"><a class=\"wp-block-post-excerpt__more-link\" href=\"https:\/\/sykli.fi\/demo\/vaikuttaminen\/kehittamishankkeet\/kekkeri-kestavat-kuntakiinteistot-ja-rakennuskannan-energiatehokkuuden-edistaminen-kunnissa\/\">Lue lis\u00e4\u00e4<\/a><\/p><\/div>\n<\/li><li class=\"wp-block-post post-70360 hankkeet type-hankkeet status-publish has-post-thumbnail hentry hankkeen_kateroriat-kaynnissa-olevat-hankkeet\">\n<h2 class=\"wp-block-post-title\"><a href=\"https:\/\/sykli.fi\/demo\/vaikuttaminen\/kehittamishankkeet\/pirtea-pk-yritykset-vahahiilisyyden-edellakavijoiksi\/\" target=\"_self\" >PIRTE\u00c4: PK-yritykset v\u00e4h\u00e4hiilisyyden edell\u00e4k\u00e4vij\u00f6iksi<\/a><\/h2>\n\n<figure class=\"wp-block-post-featured-image\"><a href=\"https:\/\/sykli.fi\/demo\/vaikuttaminen\/kehittamishankkeet\/pirtea-pk-yritykset-vahahiilisyyden-edellakavijoiksi\/\" target=\"_self\"  ><img loading=\"lazy\" decoding=\"async\" width=\"1920\" height=\"1280\" src=\"https:\/\/sykli.fi\/demo\/wp-content\/uploads\/2022\/08\/55839.jpg\" class=\"attachment-post-thumbnail size-post-thumbnail wp-post-image\" alt=\"PIRTE\u00c4: PK-yritykset v\u00e4h\u00e4hiilisyyden edell\u00e4k\u00e4vij\u00f6iksi\" style=\"object-fit:cover;\" srcset=\"https:\/\/sykli.fi\/demo\/wp-content\/uploads\/2022\/08\/55839.jpg 1920w, https:\/\/sykli.fi\/demo\/wp-content\/uploads\/2022\/08\/55839-300x200.jpg 300w, https:\/\/sykli.fi\/demo\/wp-content\/uploads\/2022\/08\/55839-1024x683.jpg 1024w, https:\/\/sykli.fi\/demo\/wp-content\/uploads\/2022\/08\/55839-768x512.jpg 768w, https:\/\/sykli.fi\/demo\/wp-content\/uploads\/2022\/08\/55839-1536x1024.jpg 1536w\" sizes=\"auto, (max-width: 1920px) 100vw, 1920px\" \/><\/a><\/figure>\n\n<div class=\"wp-block-post-excerpt\"><p class=\"wp-block-post-excerpt__excerpt\">Hankkeen rahoitus Euroopan unioni, EAKR-rahoitus Hankkeen tavoitteet: Hankkeen tavoite on kehitt\u00e4\u00e4 pk-yritysten osaamista ja k\u00e4yt\u00e4nt\u00f6j\u00e4 v\u00e4h\u00e4hiilisimm\u00e4ksi, pienent\u00e4\u00e4 yritysten hiilijalanj\u00e4lke\u00e4, edist\u00e4\u00e4<\/p><p class=\"wp-block-post-excerpt__more-text\"><a class=\"wp-block-post-excerpt__more-link\" href=\"https:\/\/sykli.fi\/demo\/vaikuttaminen\/kehittamishankkeet\/pirtea-pk-yritykset-vahahiilisyyden-edellakavijoiksi\/\">Lue lis\u00e4\u00e4<\/a><\/p><\/div>\n<\/li><li class=\"wp-block-post post-69840 hankkeet type-hankkeet status-publish has-post-thumbnail hentry hankkeen_kateroriat-kaynnissa-olevat-hankkeet\">\n<h2 class=\"wp-block-post-title\"><a href=\"https:\/\/sykli.fi\/demo\/vaikuttaminen\/kehittamishankkeet\/diferal-differentiated-instruction-for-the-environment-for-all\/\" target=\"_self\" >Diferal: Differentiated Instruction For the Environment For All<\/a><\/h2>\n\n<figure class=\"wp-block-post-featured-image\"><a href=\"https:\/\/sykli.fi\/demo\/vaikuttaminen\/kehittamishankkeet\/diferal-differentiated-instruction-for-the-environment-for-all\/\" target=\"_self\"  ><img loading=\"lazy\" decoding=\"async\" width=\"2560\" height=\"1579\" src=\"https:\/\/sykli.fi\/demo\/wp-content\/uploads\/2023\/05\/shutterstock_1697161942-scaled.jpg\" class=\"attachment-post-thumbnail size-post-thumbnail wp-post-image\" alt=\"Diferal: Differentiated Instruction For the Environment For All\" style=\"object-fit:cover;\" srcset=\"https:\/\/sykli.fi\/demo\/wp-content\/uploads\/2023\/05\/shutterstock_1697161942-scaled.jpg 2560w, https:\/\/sykli.fi\/demo\/wp-content\/uploads\/2023\/05\/shutterstock_1697161942-300x185.jpg 300w, https:\/\/sykli.fi\/demo\/wp-content\/uploads\/2023\/05\/shutterstock_1697161942-1024x631.jpg 1024w, https:\/\/sykli.fi\/demo\/wp-content\/uploads\/2023\/05\/shutterstock_1697161942-768x474.jpg 768w, https:\/\/sykli.fi\/demo\/wp-content\/uploads\/2023\/05\/shutterstock_1697161942-1536x947.jpg 1536w, https:\/\/sykli.fi\/demo\/wp-content\/uploads\/2023\/05\/shutterstock_1697161942-2048x1263.jpg 2048w\" sizes=\"auto, (max-width: 2560px) 100vw, 2560px\" \/><\/a><\/figure>\n\n<div class=\"wp-block-post-excerpt\"><p class=\"wp-block-post-excerpt__excerpt\">Projektin tavoitteet DIFERAL-projekti pyrkii parantamaan opettajien taitoja eriytetyss\u00e4 opetuksessa ymp\u00e4rist\u00f6kasvatuksen saralla, edist\u00e4en osallistavaa ja tehokasta oppimista. Projekti t\u00e4ht\u00e4\u00e4 MOOC-verkkokurssin (Massive<\/p><p class=\"wp-block-post-excerpt__more-text\"><a class=\"wp-block-post-excerpt__more-link\" href=\"https:\/\/sykli.fi\/demo\/vaikuttaminen\/kehittamishankkeet\/diferal-differentiated-instruction-for-the-environment-for-all\/\">Lue lis\u00e4\u00e4<\/a><\/p><\/div>\n<\/li><\/ul>\n\n<nav class=\"wp-block-query-pagination is-layout-flex wp-block-query-pagination-is-layout-flex\" aria-label=\"Sivutus\">\n\n\n<div class=\"wp-block-query-pagination-numbers\"><span aria-current=\"page\" class=\"page-numbers current\">1<\/span>\n<a class=\"page-numbers\" href=\"?query-3-page=2\">2<\/a><\/div>\n\n<a href=\"\/demo\/wp-json\/wp\/v2\/pages\/1614?query-3-page=2\" class=\"wp-block-query-pagination-next\">Seuraava sivu<\/a>\n<\/nav>\n\n<\/div>\n","protected":false},"excerpt":{"rendered":"<p>K\u00e4ynniss\u00e4 olevat hankkeet<\/p>\n","protected":false},"author":1,"featured_media":63633,"parent":47,"menu_order":1,"comment_status":"closed","ping_status":"closed","template":"","meta":{"_acf_changed":false,"footnotes":""},"class_list":["post-1614","page","type-page","status-publish","has-post-thumbnail","hentry"],"acf":[],"_links":{"self":[{"href":"https:\/\/sykli.fi\/demo\/wp-json\/wp\/v2\/pages\/1614","targetHints":{"allow":["GET"]}}],"collection":[{"href":"https:\/\/sykli.fi\/demo\/wp-json\/wp\/v2\/pages"}],"about":[{"href":"https:\/\/sykli.fi\/demo\/wp-json\/wp\/v2\/types\/page"}],"author":[{"embeddable":true,"href":"https:\/\/sykli.fi\/demo\/wp-json\/wp\/v2\/users\/1"}],"replies":[{"embeddable":true,"href":"https:\/\/sykli.fi\/demo\/wp-json\/wp\/v2\/comments?post=1614"}],"version-history":[{"count":0,"href":"https:\/\/sykli.fi\/demo\/wp-json\/wp\/v2\/pages\/1614\/revisions"}],"up":[{"embeddable":true,"href":"https:\/\/sykli.fi\/demo\/wp-json\/wp\/v2\/pages\/47"}],"wp:featuredmedia":[{"embeddable":true,"href":"https:\/\/sykli.fi\/demo\/wp-json\/wp\/v2\/media\/63633"}],"wp:attachment":[{"href":"https:\/\/sykli.fi\/demo\/wp-json\/wp\/v2\/media?parent=1614"}],"curies":[{"name":"wp","href":"https:\/\/api.w.org\/{rel}","templated":true}]}}