{"id":1593,"date":"2022-05-17T11:32:24","date_gmt":"2022-05-17T08:32:24","guid":{"rendered":"http:\/\/localhost\/sykli\/?page_id=1593"},"modified":"2024-01-10T10:30:44","modified_gmt":"2024-01-10T08:30:44","slug":"logistiikka","status":"publish","type":"page","link":"https:\/\/sykli.fi\/demo\/koulutusalat\/logistiikka\/","title":{"rendered":"Logistiikka"},"content":{"rendered":"\r\n<section id=\"hero-block_351b1e5c4f7e6c6737ba2bd6fec76c42\" class=\"hero site-banner section-default default alignfull\">\r\n\r\n    <div class=\"site-banner-bg section-bg-image ob-position\" style=\"object-position: 50% %\" >\r\n\r\n        <img loading=\"lazy\" decoding=\"async\" width=\"1920\" height=\"600\" src=\"https:\/\/sykli.fi\/demo\/wp-content\/uploads\/2022\/09\/logistiikka.jpg\" class=\"attachment-1536\u00d71536 size-1536\u00d71536\" alt=\"Rekka-auto kulkee tiet\u00e4 pitkin ja edess\u00e4 kaunis auringonlasku.\" srcset=\"https:\/\/sykli.fi\/demo\/wp-content\/uploads\/2022\/09\/logistiikka.jpg 1920w, https:\/\/sykli.fi\/demo\/wp-content\/uploads\/2022\/09\/logistiikka-300x94.jpg 300w, https:\/\/sykli.fi\/demo\/wp-content\/uploads\/2022\/09\/logistiikka-1024x320.jpg 1024w, https:\/\/sykli.fi\/demo\/wp-content\/uploads\/2022\/09\/logistiikka-768x240.jpg 768w, https:\/\/sykli.fi\/demo\/wp-content\/uploads\/2022\/09\/logistiikka-1536x480.jpg 1536w\" sizes=\"auto, (max-width: 1920px) 100vw, 1920px\" \/>\r\n        \r\n        \r\n            <div class=\"site-banner-content container\">\r\n                <div class=\"row w-100\">\r\n                    <div class=\"col-md-12\">\r\n                        <div class=\"hero-text-overlay\">\r\n                                                                <h1 class=\"hero-title\">Logistiikka<\/h1>\r\n                            <div class=\"inner-content\">\r\n                            <div class=\"acf-innerblocks-container\"><\/div>\r\n                        <\/div>                        <\/div>\r\n                    <\/div>\r\n                <\/div>\r\n            <\/div>\r\n\r\n        <\/section>\n\n\n<h1 class=\"wp-block-heading\">Logistiikan koulutus Sykliss\u00e4<\/h1>\n\n\n\n<p>Sykli on j\u00e4rjest\u00e4nyt kuljettajien ammattip\u00e4tevyyskoulutuksia vuodesta 2009. Koulutamme kuorma- ja linja-autonkuljettajien ammattip\u00e4tevyysdirektiivin mukaisia koulutuksia sek\u00e4 yritysten tilauskoulutuksia.<\/p>\n\n\n\n<p>J\u00e4rjest\u00e4mme <strong>avoimia logistiikka-alan koulutuksia<\/strong> toimipisteiss\u00e4mme Riihim\u00e4ell\u00e4 ja Helsingiss\u00e4 sek\u00e4 verkossa. Koulutuksemme soveltuvat autonkuljettajille, liikenn\u00f6itsij\u00f6ille sek\u00e4 logistiikan ja varastoinnin parissa ty\u00f6skenteleville tai alaa opiskeleville henkil\u00f6ille. Osa on ammattip\u00e4tevyysdirektiivin mukaisia koulutuksia. Koulutusten kesto on 1\u20133 p\u00e4iv\u00e4\u00e4. Valtaosa on yhden p\u00e4iv\u00e4n koulutuksia. <\/p>\n\n\n\n<p>Tarjoamme lis\u00e4ksi kuljetusyrityksille joustavia ratkaisuja hankkia kuljettajille vaadittava ammattip\u00e4tevyys. Valikoimassamme on laaja kattaus ammattip\u00e4tevyysdirektiivin (CAP) mukaisia turvallisuuskortti- ja osaamistodistuskoulutuksia. Meilt\u00e4 voi ostaa <strong>tilauskoulutusta<\/strong> joko yksitt\u00e4isin\u00e4 p\u00e4ivin\u00e4 tai koulutuspakettina. Asiakas voi laatia oman koulutuspaketin, vaikka viisi direktiivip\u00e4iv\u00e4\u00e4 tarvitsemistaan aiheista. Mik\u00e4li sopivaa koulutusohjelmaa ei l\u00f6ydy Syklin valmiista tarjonnasta, r\u00e4\u00e4t\u00e4l\u00f6imme halutun direktiivip\u00e4iv\u00e4n ohjelman ja haemme sille hyv\u00e4ksynn\u00e4n Traficomista.<\/p>\n\n\n\n<p>Ammattip\u00e4tevyyskoulutus voidaan toteuttaa tilaajan valitsemassa paikassa: yrityksen omissa tiloissa, hotellissa, oppilaitoksessa tai Syklin koulutustiloissa Riihim\u00e4ell\u00e4 ja Helsingiss\u00e4. Koulutusajankohdan valitseminen on joustavaa, ja j\u00e4rjest\u00e4mme koulutuksia my\u00f6s viikonloppuisin, mik\u00e4 helpottaa kuljettajien ty\u00f6j\u00e4rjestelyit\u00e4.<\/p>\n\n\n\r\n<div class=\"infoboksi has-turquoise-border-color row\">\r\n    <div class=\"infoboksi-image col-4\">\r\n        <img loading=\"lazy\" decoding=\"async\" width=\"800\" height=\"883\" src=\"https:\/\/sykli.fi\/demo\/wp-content\/uploads\/2023\/03\/info-kuva-p-928x1024.jpg\" class=\"attachment-large size-large\" alt=\"infomerkki puhekuplassa\" srcset=\"https:\/\/sykli.fi\/demo\/wp-content\/uploads\/2023\/03\/info-kuva-p-928x1024.jpg 928w, https:\/\/sykli.fi\/demo\/wp-content\/uploads\/2023\/03\/info-kuva-p-272x300.jpg 272w, https:\/\/sykli.fi\/demo\/wp-content\/uploads\/2023\/03\/info-kuva-p-768x848.jpg 768w, https:\/\/sykli.fi\/demo\/wp-content\/uploads\/2023\/03\/info-kuva-p-1392x1536.jpg 1392w, https:\/\/sykli.fi\/demo\/wp-content\/uploads\/2023\/03\/info-kuva-p.jpg 1555w\" sizes=\"auto, (max-width: 800px) 100vw, 800px\" \/>    <\/div>\r\n    <div class=\"infoboksi-sisalto col-8\">\r\n        <div class=\"acf-innerblocks-container\">\n\n<h5 class=\"wp-block-heading\">Koulutusta j\u00e4rjestetty Sykliss\u00e4 vuodesta 2009 alkaen<\/h5>\n\n\n\n<p><\/p>\n\n\n\n<h3 class=\"wp-block-heading\">Koulutuksesta sanottua:<\/h3>\n\n\n\n<p><em>\u201dSuosittelen koulutusta ehdottomasti.\u201d&nbsp;&nbsp;<br>\u201dKertauskurssiksi eritt\u00e4in hyv\u00e4 ja laaja\u201d&nbsp;<br>&#8221;Laaja koulutus ja ammattitaitoinen kouluttaja\u201d&nbsp;<br>\u201dPaljon asiaa pieness\u00e4 ajassa. Hyv\u00e4 tunnelma. Asioista keskusteltiin avoimesti ja asiat perusteltiin hyvin. Kurssin opetus ammattitaitoista\u201d &nbsp;<br>\u201dOpettajan kokemus aiheesta n\u00e4kyi l\u00e4pi koko koulutuksen sek\u00e4 materiaalista.\u201d&nbsp;<br>\u201dMonipuolinen sis\u00e4lt\u00f6, aikaa pohtia ja keskustella\u201d<\/em><\/p>\n\n<\/div>    <\/div>\r\n<\/div>\n\n\n<p><\/p>\n\n\n\n<h2 class=\"wp-block-heading\">Tutustu logistiikan koulutuksiimme<\/h2>\n\n\n<div class=\"page-linkbox-block alignfull\">\r\n    <div class=\"container\">\r\n        <div class=\"acf-innerblocks-container\">\n\r\n<div class=\"page-linkbox has-turquoise-background-color \">\r\n    <img loading=\"lazy\" decoding=\"async\" width=\"800\" height=\"250\" src=\"https:\/\/sykli.fi\/demo\/wp-content\/uploads\/2022\/09\/logistiikka-1024x320.jpg\" class=\"attachment-large size-large\" alt=\"Rekka-auto kulkee tiet\u00e4 pitkin ja edess\u00e4 kaunis auringonlasku.\" srcset=\"https:\/\/sykli.fi\/demo\/wp-content\/uploads\/2022\/09\/logistiikka-1024x320.jpg 1024w, https:\/\/sykli.fi\/demo\/wp-content\/uploads\/2022\/09\/logistiikka-300x94.jpg 300w, https:\/\/sykli.fi\/demo\/wp-content\/uploads\/2022\/09\/logistiikka-768x240.jpg 768w, https:\/\/sykli.fi\/demo\/wp-content\/uploads\/2022\/09\/logistiikka-1536x480.jpg 1536w, https:\/\/sykli.fi\/demo\/wp-content\/uploads\/2022\/09\/logistiikka.jpg 1920w\" sizes=\"auto, (max-width: 800px) 100vw, 800px\" \/>    <a  href=\" https:\/\/sykli.fi\/demo\/koulutusalat\/logistiikka\/logistiikan-avoimet-koulutukset-ja-tilauskoulutukset\/\" >\r\n        <h2>Logistiikan avoimet koulutukset ja tilauskoulutukset<\/h2>\r\n\r\n        \r\n    <\/a>\r\n\r\n<\/div>\n\n\r\n<div class=\"page-linkbox has-turquoise-background-color \">\r\n    <img loading=\"lazy\" decoding=\"async\" width=\"800\" height=\"250\" src=\"https:\/\/sykli.fi\/demo\/wp-content\/uploads\/2022\/09\/logistiikka-1024x320.jpg\" class=\"attachment-large size-large\" alt=\"Rekka-auto kulkee tiet\u00e4 pitkin ja edess\u00e4 kaunis auringonlasku.\" srcset=\"https:\/\/sykli.fi\/demo\/wp-content\/uploads\/2022\/09\/logistiikka-1024x320.jpg 1024w, https:\/\/sykli.fi\/demo\/wp-content\/uploads\/2022\/09\/logistiikka-300x94.jpg 300w, https:\/\/sykli.fi\/demo\/wp-content\/uploads\/2022\/09\/logistiikka-768x240.jpg 768w, https:\/\/sykli.fi\/demo\/wp-content\/uploads\/2022\/09\/logistiikka-1536x480.jpg 1536w, https:\/\/sykli.fi\/demo\/wp-content\/uploads\/2022\/09\/logistiikka.jpg 1920w\" sizes=\"auto, (max-width: 800px) 100vw, 800px\" \/>    <a  href=\" https:\/\/sykli.fi\/demo\/koulutusalat\/logistiikka\/syklin-logistiikan-verkkokoulutukset\/\" >\r\n        <h2>UUTTA! Syklin logistiikan verkkokoulutukset<\/h2>\r\n\r\n        \r\n    <\/a>\r\n\r\n<\/div>\n<\/div>\r\n\r\n    <\/div>\r\n<\/div>\n\n<h2>Kysy lis\u00e4\u00e4!<\/h2>\r\n<div class=\"row\">\r\n                                <div class=\"col-md-6\">\r\n                    <div class=\"staff-box\">\r\n                        <div class=\"row\">\r\n                            <div class=\"col-4\">\r\n                                <img loading=\"lazy\" decoding=\"async\" width=\"150\" height=\"250\" src=\"https:\/\/sykli.fi\/demo\/wp-content\/uploads\/2022\/09\/taru-uotila-2022-nettisivuille-mv.jpg\" class=\"attachment-post-thumbnail size-post-thumbnail wp-post-image\" alt=\"\" \/>                            <\/div>\r\n                            <div class=\"col-8\">\r\n                                <h3>Taru Uotila<\/h3>\r\n                                Johtaja, hankkeet ja kehitt\u00e4minen                                <ul>\r\n                                    <li><svg xmlns=\"http:\/\/www.w3.org\/2000\/svg\" width=\"16\" height=\"16\" fill=\"currentColor\" class=\"bi bi-telephone-fill\" viewBox=\"0 0 16 16\">\r\n                                <path fill-rule=\"evenodd\" d=\"M1.885.511a1.745 1.745 0 0 1 2.61.163L6.29 2.98c.329.423.445.974.315 1.494l-.547 2.19a.678.678 0 0 0 .178.643l2.457 2.457a.678.678 0 0 0 .644.178l2.189-.547a1.745 1.745 0 0 1 1.494.315l2.306 1.794c.829.645.905 1.87.163 2.611l-1.034 1.034c-.74.74-1.846 1.065-2.877.702a18.634 18.634 0 0 1-7.01-4.42 18.634 18.634 0 0 1-4.42-7.009c-.362-1.03-.037-2.137.703-2.877L1.885.511z\"\/>\r\n                              <\/svg> <a href=\"tel:+358503701414\">050 370 1414<\/a><\/li><li><svg xmlns=\"http:\/\/www.w3.org\/2000\/svg\" width=\"16\" height=\"16\" fill=\"currentColor\" class=\"bi bi-envelope-fill\" viewBox=\"0 0 16 16\">\r\n                                <path d=\"M.05 3.555A2 2 0 0 1 2 2h12a2 2 0 0 1 1.95 1.555L8 8.414.05 3.555ZM0 4.697v7.104l5.803-3.558L0 4.697ZM6.761 8.83l-6.57 4.027A2 2 0 0 0 2 14h12a2 2 0 0 0 1.808-1.144l-6.57-4.027L8 9.586l-1.239-.757Zm3.436-.586L16 11.801V4.697l-5.803 3.546Z\"\/>\r\n                              <\/svg> <a href=\"mailto:taru.uotila@sykli.fi\">taru.uotila@sykli.fi<\/a><\/li>                                <\/ul>\r\n                            <\/div>\r\n                        <\/div>\r\n                    <\/div>\r\n                <\/div>\r\n    <\/div>\n\n\r\n","protected":false},"excerpt":{"rendered":"<p>Logistiikan koulutus Sykliss\u00e4 Sykli on j\u00e4rjest\u00e4nyt kuljettajien ammattip\u00e4tevyyskoulutuksia vuodesta 2009. Koulutamme kuorma- ja linja-autonkuljettajien ammattip\u00e4tevyysdirektiivin mukaisia koulutuksia sek\u00e4 yritysten tilauskoulutuksia. [&hellip;]<\/p>\n","protected":false},"author":1,"featured_media":61848,"parent":41,"menu_order":2,"comment_status":"closed","ping_status":"closed","template":"","meta":{"_acf_changed":false,"footnotes":""},"class_list":["post-1593","page","type-page","status-publish","has-post-thumbnail","hentry"],"acf":[],"_links":{"self":[{"href":"https:\/\/sykli.fi\/demo\/wp-json\/wp\/v2\/pages\/1593","targetHints":{"allow":["GET"]}}],"collection":[{"href":"https:\/\/sykli.fi\/demo\/wp-json\/wp\/v2\/pages"}],"about":[{"href":"https:\/\/sykli.fi\/demo\/wp-json\/wp\/v2\/types\/page"}],"author":[{"embeddable":true,"href":"https:\/\/sykli.fi\/demo\/wp-json\/wp\/v2\/users\/1"}],"replies":[{"embeddable":true,"href":"https:\/\/sykli.fi\/demo\/wp-json\/wp\/v2\/comments?post=1593"}],"version-history":[{"count":4,"href":"https:\/\/sykli.fi\/demo\/wp-json\/wp\/v2\/pages\/1593\/revisions"}],"predecessor-version":[{"id":66103,"href":"https:\/\/sykli.fi\/demo\/wp-json\/wp\/v2\/pages\/1593\/revisions\/66103"}],"up":[{"embeddable":true,"href":"https:\/\/sykli.fi\/demo\/wp-json\/wp\/v2\/pages\/41"}],"wp:featuredmedia":[{"embeddable":true,"href":"https:\/\/sykli.fi\/demo\/wp-json\/wp\/v2\/media\/61848"}],"wp:attachment":[{"href":"https:\/\/sykli.fi\/demo\/wp-json\/wp\/v2\/media?parent=1593"}],"curies":[{"name":"wp","href":"https:\/\/api.w.org\/{rel}","templated":true}]}}