{"id":1588,"date":"2022-05-16T15:36:57","date_gmt":"2022-05-16T12:36:57","guid":{"rendered":"http:\/\/localhost\/sykli\/?page_id=1588"},"modified":"2026-02-16T13:18:29","modified_gmt":"2026-02-16T11:18:29","slug":"resurssitehokkuus","status":"publish","type":"page","link":"https:\/\/sykli.fi\/demo\/koulutusalat\/resurssitehokkuus\/","title":{"rendered":"Resurssitehokkuus ja v\u00e4h\u00e4hiilisyys"},"content":{"rendered":"\r\n<section id=\"hero-block_9c257c7def3971e05a9cf7617ffe162c\" class=\"hero site-banner section-default default alignfull\">\r\n\r\n    <div class=\"site-banner-bg section-bg-image \" >\r\n\r\n        <img loading=\"lazy\" decoding=\"async\" width=\"1920\" height=\"1260\" src=\"https:\/\/sykli.fi\/demo\/wp-content\/uploads\/2022\/08\/resurssitehokkuus.jpg\" class=\"attachment-1536\u00d71536 size-1536\u00d71536\" alt=\"Resurssitehokkuus\" srcset=\"https:\/\/sykli.fi\/demo\/wp-content\/uploads\/2022\/08\/resurssitehokkuus.jpg 1920w, https:\/\/sykli.fi\/demo\/wp-content\/uploads\/2022\/08\/resurssitehokkuus-300x197.jpg 300w, https:\/\/sykli.fi\/demo\/wp-content\/uploads\/2022\/08\/resurssitehokkuus-1024x672.jpg 1024w, https:\/\/sykli.fi\/demo\/wp-content\/uploads\/2022\/08\/resurssitehokkuus-768x504.jpg 768w, https:\/\/sykli.fi\/demo\/wp-content\/uploads\/2022\/08\/resurssitehokkuus-1536x1008.jpg 1536w\" sizes=\"auto, (max-width: 1920px) 100vw, 1920px\" \/>\r\n        \r\n        \r\n            <div class=\"site-banner-content container\">\r\n                <div class=\"row w-100\">\r\n                    <div class=\"col-md-12\">\r\n                        <div class=\"hero-text-overlay\">\r\n                                                                <h1 class=\"hero-title\">Resurssitehokkuus ja v\u00e4h\u00e4hiilisyys<\/h1>\r\n                            <div class=\"inner-content\">\r\n                            <div class=\"acf-innerblocks-container\"><\/div>\r\n                        <\/div>                        <\/div>\r\n                    <\/div>\r\n                <\/div>\r\n            <\/div>\r\n\r\n        <\/section>\n\n\n<h1 class=\"wp-block-heading\">Resurssitehokkuuden ja v\u00e4h\u00e4hiilisyyden koulutukset<\/h1>\n\n\n\n<p>Resurssitehokkuus on usein kannattavan yritystoiminnan edellytys: raaka-aineet ja energia ovat kustannuksia, jotka on syyt\u00e4 hy\u00f6dynt\u00e4\u00e4 viisaasti. Resurssitehokas toiminta s\u00e4\u00e4st\u00e4\u00e4 rahaa ja ymp\u00e4rist\u00f6\u00e4, koska materiaalit ja energia hy\u00f6dynnet\u00e4\u00e4n mahdollisimman tehokkaasti.<\/p>\n\n\n\n<p>Voit opiskella Sykliss\u00e4 resurssitehokkuutta ja suorittaa Ymp\u00e4rist\u00f6alan erikoisammattitutkinnon resurssitehokkuuden osaamisalalla. Koulutusta on tarjolla sek\u00e4 ty\u00f6n ohessa suoritettavaksi ett\u00e4 ty\u00f6voimakoulutuksena ty\u00f6nhakijoille. Ilmastonmuutoksen osaaja -ty\u00f6voimakoulutuksia alkaa tyypillisesti kaksi ryhm\u00e4\u00e4 vuodessa. Ty\u00f6n ohessa suoritettavaksi tarkoitettu <a href=\"https:\/\/sykli.fi\/demo\/koulutusalat\/resurssitehokkuus\/ymparistoalan-erikoisammattitutkinto\/ymparistoalan-erikoisammattitutkinto-vahahiilisyys\/\"><em>V\u00e4h\u00e4hiilisyyden asiantuntija<\/em> -koulutusohjelma<\/a> painottuu hiilijalanj\u00e4ljen laskentaan. N\u00e4it\u00e4kin toteutuksia alkaa vuosittain yksi tai kaksi. &nbsp;<\/p>\n\n\n\r\n<div class=\"infoboksi has-turquoise-border-color row\">\r\n    <div class=\"infoboksi-image col-4\">\r\n        <img loading=\"lazy\" decoding=\"async\" width=\"800\" height=\"883\" src=\"https:\/\/sykli.fi\/demo\/wp-content\/uploads\/2023\/03\/info-kuva-p-928x1024.jpg\" class=\"attachment-large size-large\" alt=\"infomerkki puhekuplassa\" srcset=\"https:\/\/sykli.fi\/demo\/wp-content\/uploads\/2023\/03\/info-kuva-p-928x1024.jpg 928w, https:\/\/sykli.fi\/demo\/wp-content\/uploads\/2023\/03\/info-kuva-p-272x300.jpg 272w, https:\/\/sykli.fi\/demo\/wp-content\/uploads\/2023\/03\/info-kuva-p-768x848.jpg 768w, https:\/\/sykli.fi\/demo\/wp-content\/uploads\/2023\/03\/info-kuva-p-1392x1536.jpg 1392w, https:\/\/sykli.fi\/demo\/wp-content\/uploads\/2023\/03\/info-kuva-p.jpg 1555w\" sizes=\"auto, (max-width: 800px) 100vw, 800px\" \/>    <\/div>\r\n    <div class=\"infoboksi-sisalto col-8\">\r\n        <div class=\"acf-innerblocks-container\">\n\n<h3 class=\"wp-block-heading\">Tutkinnon suorittaneita: 94<\/h3>\n\n\n\n<p>Koulutusta j\u00e4rjestetty vuodesta 2015.<\/p>\n\n\n\n<h3 class=\"wp-block-heading\">Koulutuksesta sanottua:<\/h3>\n\n\n\n<p><em>&#8221;N\u00e4m\u00e4 opinnot olivat juuri t\u00e4h\u00e4n aikaan sopivia.&#8221;<br>&#8221;Tykk\u00e4sin koulutuksesta ja voisin opiskella lis\u00e4\u00e4kin.&#8221;<br>&#8221;Ilmastonmuutokseen ja resurssitehokkuuteen liittyv\u00e4 osaaminen kielt\u00e4m\u00e4tt\u00e4 kehittyi.&#8221;<br>&#8221;Osaamista ja tietoa on tullut monipuolisesti lis\u00e4\u00e4.&#8221;<\/em><\/p>\n\n<\/div>    <\/div>\r\n<\/div>\n\n\n<h2 class=\"wp-block-heading\">Tutustu resurssitehokkuuden koulutuksiin<\/h2>\n\n\n<div class=\"page-linkbox-block alignfull\">\r\n    <div class=\"container\">\r\n        <div class=\"acf-innerblocks-container\">\n\r\n<div class=\"page-linkbox has-turquoise-background-color \">\r\n    <img loading=\"lazy\" decoding=\"async\" width=\"800\" height=\"525\" src=\"https:\/\/sykli.fi\/demo\/wp-content\/uploads\/2022\/08\/resurssitehokkuus-1024x672.jpg\" class=\"attachment-large size-large\" alt=\"Resurssitehokkuus\" srcset=\"https:\/\/sykli.fi\/demo\/wp-content\/uploads\/2022\/08\/resurssitehokkuus-1024x672.jpg 1024w, https:\/\/sykli.fi\/demo\/wp-content\/uploads\/2022\/08\/resurssitehokkuus-300x197.jpg 300w, https:\/\/sykli.fi\/demo\/wp-content\/uploads\/2022\/08\/resurssitehokkuus-768x504.jpg 768w, https:\/\/sykli.fi\/demo\/wp-content\/uploads\/2022\/08\/resurssitehokkuus-1536x1008.jpg 1536w, https:\/\/sykli.fi\/demo\/wp-content\/uploads\/2022\/08\/resurssitehokkuus.jpg 1920w\" sizes=\"auto, (max-width: 800px) 100vw, 800px\" \/>    <a  href=\" https:\/\/sykli.fi\/demo\/koulutusalat\/resurssitehokkuus\/ymparistoalan-erikoisammattitutkinto\/\" >\r\n        <h2>Ymp\u00e4rist\u00f6alan erikoisammattitutkinto<\/h2>\r\n\r\n        \r\n    <\/a>\r\n\r\n<\/div>\n<\/div>\r\n\r\n    <\/div>\r\n<\/div>\n\n\r\n\r\n    <div class=\"reference-highlight-block\">\r\n                    <h2>Opiskelijatarinoita<\/h2>\r\n        \r\n        <div class=\"row\">\r\n\r\n            \r\n                <div class=\"col-md-4\">\r\n                    <a  href=\"https:\/\/sykli.fi\/demo\/tarinat\/syklin-ilmastonmuutoksen-osaaja-koulutus-avasi-ovet-innostavaan-tyopaikkaan-vastuullisuuskonsulttina\/\" >\r\n                        <div class=\"reference-box\">\r\n\r\n                                                            <p class=\"reference-box-tag\">\r\n                                    <span>Opiskelijatarina<\/span>                                <\/p>\r\n                            \r\n                            <div class=\"reference-box-content\">\r\n                                <h3>Syklin Ilmastonmuutoksen osaaja -koulutus avasi ovet innostavaan ty\u00f6paikkaan vastuullisuuskonsulttina<\/h3>\r\n\r\n                                                                    <ul class=\"reference-box-field\">\r\n                                        <li>Resurssitehokkuus<\/li><li>Tutkintoon johtava ty\u00f6voimakoulutus<\/li><li>Ty\u00f6voimakoulutukset<\/li>                                    <\/ul>\r\n                                \r\n                                <div class=\"reference-box-excerpt\">\r\n                                    Maija-Leena Tapio suoritti Sykliss\u00e4 Ilmastonmuutoksen osaaja -koulutuksen, joka avasi ovet merkityksellisiin ty\u00f6teht\u00e4viin ilmasto- ja vastuullisuusteemojen parissa. Valmistuttuaan h\u00e4n ty\u00f6llistyi vastuullisuuskonsultiksi&hellip;                                <\/div>\r\n                            <\/div>\r\n                        <\/div>\r\n                    <\/a>\r\n                <\/div>\r\n\r\n            \r\n            <div class=\"wp-container is-content-justification-center wp-block-buttons\">\r\n                <div class=\"wp-block-button\">\r\n                    <a class=\"wp-block-button__link\" href=\"\r\n                                            https:\/\/sykli.fi\/demo\/opiskelija-ja-asiakastarinat\/\">\r\n                                        Lue lis\u00e4\u00e4 tarinoita\r\n                    <\/a>\r\n                <\/div>\r\n            <\/div>\r\n        <\/div>\r\n    <\/div>\r\n","protected":false},"excerpt":{"rendered":"<p>Resurssitehokkuuden ja v\u00e4h\u00e4hiilisyyden koulutukset Resurssitehokkuus on usein kannattavan yritystoiminnan edellytys: raaka-aineet ja energia ovat kustannuksia, jotka on syyt\u00e4 hy\u00f6dynt\u00e4\u00e4 viisaasti. [&hellip;]<\/p>\n","protected":false},"author":1,"featured_media":60907,"parent":41,"menu_order":3,"comment_status":"closed","ping_status":"closed","template":"","meta":{"_acf_changed":false,"footnotes":""},"class_list":["post-1588","page","type-page","status-publish","has-post-thumbnail","hentry"],"acf":[],"_links":{"self":[{"href":"https:\/\/sykli.fi\/demo\/wp-json\/wp\/v2\/pages\/1588","targetHints":{"allow":["GET"]}}],"collection":[{"href":"https:\/\/sykli.fi\/demo\/wp-json\/wp\/v2\/pages"}],"about":[{"href":"https:\/\/sykli.fi\/demo\/wp-json\/wp\/v2\/types\/page"}],"author":[{"embeddable":true,"href":"https:\/\/sykli.fi\/demo\/wp-json\/wp\/v2\/users\/1"}],"replies":[{"embeddable":true,"href":"https:\/\/sykli.fi\/demo\/wp-json\/wp\/v2\/comments?post=1588"}],"version-history":[{"count":5,"href":"https:\/\/sykli.fi\/demo\/wp-json\/wp\/v2\/pages\/1588\/revisions"}],"predecessor-version":[{"id":73651,"href":"https:\/\/sykli.fi\/demo\/wp-json\/wp\/v2\/pages\/1588\/revisions\/73651"}],"up":[{"embeddable":true,"href":"https:\/\/sykli.fi\/demo\/wp-json\/wp\/v2\/pages\/41"}],"wp:featuredmedia":[{"embeddable":true,"href":"https:\/\/sykli.fi\/demo\/wp-json\/wp\/v2\/media\/60907"}],"wp:attachment":[{"href":"https:\/\/sykli.fi\/demo\/wp-json\/wp\/v2\/media?parent=1588"}],"curies":[{"name":"wp","href":"https:\/\/api.w.org\/{rel}","templated":true}]}}