{"id":1584,"date":"2022-05-16T15:35:59","date_gmt":"2022-05-16T12:35:59","guid":{"rendered":"http:\/\/localhost\/sykli\/?page_id=1584"},"modified":"2023-06-02T10:46:28","modified_gmt":"2023-06-02T07:46:28","slug":"ymparistohuolto","status":"publish","type":"page","link":"https:\/\/sykli.fi\/demo\/koulutusalat\/ymparistohuolto\/","title":{"rendered":"Ymp\u00e4rist\u00f6huolto"},"content":{"rendered":"\r\n<section id=\"hero-block_a2665230cc217dbcdbd73568871217b1\" class=\"hero site-banner section-default default alignfull\">\r\n\r\n    <div class=\"site-banner-bg section-bg-image ob-position\" style=\"object-position: 50% 63%\" >\r\n\r\n        <img loading=\"lazy\" decoding=\"async\" width=\"1000\" height=\"750\" src=\"https:\/\/sykli.fi\/demo\/wp-content\/uploads\/2023\/04\/shutterstock_727038277-ymparistohuolto.jpg\" class=\"attachment-1536\u00d71536 size-1536\u00d71536\" alt=\"Taimi.\" srcset=\"https:\/\/sykli.fi\/demo\/wp-content\/uploads\/2023\/04\/shutterstock_727038277-ymparistohuolto.jpg 1000w, https:\/\/sykli.fi\/demo\/wp-content\/uploads\/2023\/04\/shutterstock_727038277-ymparistohuolto-300x225.jpg 300w, https:\/\/sykli.fi\/demo\/wp-content\/uploads\/2023\/04\/shutterstock_727038277-ymparistohuolto-768x576.jpg 768w\" sizes=\"auto, (max-width: 1000px) 100vw, 1000px\" \/>\r\n        \r\n        \r\n            <div class=\"site-banner-content container\">\r\n                <div class=\"row w-100\">\r\n                    <div class=\"col-md-12\">\r\n                        <div class=\"hero-text-overlay\">\r\n                                                                <h1 class=\"hero-title\">Ymp\u00e4rist\u00f6huolto<\/h1>\r\n                            <div class=\"inner-content\">\r\n                            <div class=\"acf-innerblocks-container\">\n\n<p><\/p>\n\n<\/div>\r\n                        <\/div>                        <\/div>\r\n                    <\/div>\r\n                <\/div>\r\n            <\/div>\r\n\r\n        <\/section>\n\n\n<h2 class=\"wp-block-heading\">Ymp\u00e4rist\u00f6huollon koulutukset Sykliss\u00e4<\/h2>\n\n\n\n<p>Voit opiskella Sykliss\u00e4 ymp\u00e4rist\u00f6alan ammatti- tai erikoisammattitutkinnon osaamisalana ymp\u00e4rist\u00f6huolto. Tarjoamme molempiin tutkintoihin valmistavaa koulutusta eri puolilla maata. J\u00e4rjest\u00e4mme tilauksesta yrityksille r\u00e4\u00e4t\u00e4l\u00f6ity\u00e4, tutkintoon valmistavaa henkil\u00f6st\u00f6koulutusta.\u00a0<br><br>Ymp\u00e4rist\u00f6huollossa ihmiset ty\u00f6skentelev\u00e4t j\u00e4tehuollon, j\u00e4tteen hy\u00f6dynt\u00e4misen ja kierr\u00e4tyksen teht\u00e4viss\u00e4.\u00a0\u00a0Ty\u00f6teht\u00e4v\u00e4t alalla vaihtelevat asiantuntijateht\u00e4vist\u00e4 k\u00e4yt\u00e4nn\u00f6n t\u00f6ihin ja erilaisiin asiakaspalveluteht\u00e4viin\u00a0\u00a0\u00a0<\/p>\n\n\n\n<p>Koulutus- ja asiantuntijapalvelumme suuntautuvat kahdelle eri kohderyhm\u00e4lle: ymp\u00e4rist\u00f6huoltoalan ammattilaisille sek\u00e4 organisaatioille. Tarjoamme monipuolista tukea ja koulutusta silloin, kun j\u00e4tehuolto askarruttaa. Suunnittelemme palvelumme asiakkaan tarpeiden mukaisesti.&nbsp;&nbsp;<\/p>\n\n\n\n<p>J\u00e4tehuolto ja j\u00e4tteen hy\u00f6dynt\u00e4minen ovat t\u00e4rke\u00e4 osa materiaalitehokasta yhteiskuntaa. Kierr\u00e4tys onkin nopeasti kehittyv\u00e4 osa-alue, jolla ammattilaisten osaamisvaatimukset kasvavat. My\u00f6s eri aloilla toimivat yritykset ja yhteis\u00f6t tarvitsevat osaamista, jotta oma j\u00e4tehuolto j\u00e4rjestyy parhaalla mahdollisella tavalla.&nbsp;&nbsp;<\/p>\n\n\n\n<h3 class=\"wp-block-heading\"><\/h3>\n\n\n\r\n<div class=\"infoboksi has-turquoise-border-color row\">\r\n    <div class=\"infoboksi-image col-4\">\r\n        <img loading=\"lazy\" decoding=\"async\" width=\"800\" height=\"883\" src=\"https:\/\/sykli.fi\/demo\/wp-content\/uploads\/2023\/03\/info-kuva-p-928x1024.jpg\" class=\"attachment-large size-large\" alt=\"infomerkki puhekuplassa\" srcset=\"https:\/\/sykli.fi\/demo\/wp-content\/uploads\/2023\/03\/info-kuva-p-928x1024.jpg 928w, https:\/\/sykli.fi\/demo\/wp-content\/uploads\/2023\/03\/info-kuva-p-272x300.jpg 272w, https:\/\/sykli.fi\/demo\/wp-content\/uploads\/2023\/03\/info-kuva-p-768x848.jpg 768w, https:\/\/sykli.fi\/demo\/wp-content\/uploads\/2023\/03\/info-kuva-p-1392x1536.jpg 1392w, https:\/\/sykli.fi\/demo\/wp-content\/uploads\/2023\/03\/info-kuva-p.jpg 1555w\" sizes=\"auto, (max-width: 800px) 100vw, 800px\" \/>    <\/div>\r\n    <div class=\"infoboksi-sisalto col-8\">\r\n        <div class=\"acf-innerblocks-container\">\n\n<h3 class=\"wp-block-heading\">Tutkinnon suorittaneita: 927<\/h3>\n\n\n\n<p>Koulutusta on j\u00e4rjestetty Sykliss\u00e4 vuodesta 2002.<\/p>\n\n\n\n<h3 class=\"wp-block-heading\"><\/h3>\n\n\n\n<p><\/p>\n\n<\/div>    <\/div>\r\n<\/div>\n\n\n<h2 class=\"wp-block-heading\">Tutustu ymp\u00e4rist\u00f6huollon koulutuksiin<\/h2>\n\n\n<div class=\"page-linkbox-block alignfull\">\r\n    <div class=\"container\">\r\n        <div class=\"acf-innerblocks-container\">\n\r\n<div class=\"page-linkbox has-turquoise-background-color \">\r\n    <img loading=\"lazy\" decoding=\"async\" width=\"800\" height=\"600\" src=\"https:\/\/sykli.fi\/demo\/wp-content\/uploads\/2023\/04\/shutterstock_727038277-ymparistohuolto.jpg\" class=\"attachment-large size-large\" alt=\"Taimi.\" srcset=\"https:\/\/sykli.fi\/demo\/wp-content\/uploads\/2023\/04\/shutterstock_727038277-ymparistohuolto.jpg 1000w, https:\/\/sykli.fi\/demo\/wp-content\/uploads\/2023\/04\/shutterstock_727038277-ymparistohuolto-300x225.jpg 300w, https:\/\/sykli.fi\/demo\/wp-content\/uploads\/2023\/04\/shutterstock_727038277-ymparistohuolto-768x576.jpg 768w\" sizes=\"auto, (max-width: 800px) 100vw, 800px\" \/>    <a  href=\" https:\/\/sykli.fi\/demo\/koulutusalat\/ymparistohuolto\/ymparistoalan-ammattitutkinto\/\" >\r\n        <h2>Ymp\u00e4rist\u00f6alan ammattitutkinto ymp\u00e4rist\u00f6huollon osaamisala<\/h2>\r\n\r\n        \r\n    <\/a>\r\n\r\n<\/div>\n\n\r\n<div class=\"page-linkbox has-turquoise-background-color \">\r\n    <img loading=\"lazy\" decoding=\"async\" width=\"800\" height=\"600\" src=\"https:\/\/sykli.fi\/demo\/wp-content\/uploads\/2023\/04\/shutterstock_727038277-ymparistohuolto.jpg\" class=\"attachment-large size-large\" alt=\"Taimi.\" srcset=\"https:\/\/sykli.fi\/demo\/wp-content\/uploads\/2023\/04\/shutterstock_727038277-ymparistohuolto.jpg 1000w, https:\/\/sykli.fi\/demo\/wp-content\/uploads\/2023\/04\/shutterstock_727038277-ymparistohuolto-300x225.jpg 300w, https:\/\/sykli.fi\/demo\/wp-content\/uploads\/2023\/04\/shutterstock_727038277-ymparistohuolto-768x576.jpg 768w\" sizes=\"auto, (max-width: 800px) 100vw, 800px\" \/>    <a  href=\" https:\/\/sykli.fi\/demo\/koulutusalat\/ymparistohuolto\/ymparistoalan-erikoisammattitutkinto\/\" >\r\n        <h2>Ymp\u00e4rist\u00f6alan erikoisammattitutkinto j\u00e4tehuollon osaamisala<\/h2>\r\n\r\n        \r\n    <\/a>\r\n\r\n<\/div>\n\n\r\n<div class=\"page-linkbox has-turquoise-background-color \">\r\n    <img loading=\"lazy\" decoding=\"async\" width=\"800\" height=\"600\" src=\"https:\/\/sykli.fi\/demo\/wp-content\/uploads\/2023\/04\/shutterstock_727038277-ymparistohuolto.jpg\" class=\"attachment-large size-large\" alt=\"Taimi.\" srcset=\"https:\/\/sykli.fi\/demo\/wp-content\/uploads\/2023\/04\/shutterstock_727038277-ymparistohuolto.jpg 1000w, https:\/\/sykli.fi\/demo\/wp-content\/uploads\/2023\/04\/shutterstock_727038277-ymparistohuolto-300x225.jpg 300w, https:\/\/sykli.fi\/demo\/wp-content\/uploads\/2023\/04\/shutterstock_727038277-ymparistohuolto-768x576.jpg 768w\" sizes=\"auto, (max-width: 800px) 100vw, 800px\" \/>    <a  href=\" https:\/\/sykli.fi\/demo\/koulutusalat\/ymparistohuolto\/ymparistohuollon-tilauskoulutukset\/\" >\r\n        <h2>Ymp\u00e4rist\u00f6huollon tilauskoulutukset<\/h2>\r\n\r\n        \r\n    <\/a>\r\n\r\n<\/div>\n<\/div>\r\n\r\n    <\/div>\r\n<\/div>\n\n\r\n\r\n    <div class=\"reference-highlight-block\">\r\n                    <h2>Opiskelijatarinoita<\/h2>\r\n        \r\n        <div class=\"row\">\r\n\r\n            \r\n                <div class=\"col-md-4\">\r\n                    <a  href=\"https:\/\/sykli.fi\/demo\/tarinat\/ymparistoalan-osaamista-ja-tyoelamataitoja-nosto-hankkeesta\/\" >\r\n                        <div class=\"reference-box\">\r\n\r\n                                                            <p class=\"reference-box-tag\">\r\n                                    <span>Opiskelijatarina<\/span>                                <\/p>\r\n                            \r\n                            <div class=\"reference-box-content\">\r\n                                <h3>Ymp\u00e4rist\u00f6alan osaamista ja ty\u00f6el\u00e4m\u00e4taitoja NOSTO-hankkeesta<\/h3>\r\n\r\n                                                                    <ul class=\"reference-box-field\">\r\n                                        <li>Ymp\u00e4rist\u00f6huolto AT<\/li>                                    <\/ul>\r\n                                \r\n                                <div class=\"reference-box-excerpt\">\r\n                                    NOSTO-hankkeessa ymp\u00e4rist\u00f6alan ammattitutkintoa opiskelevalle Alina Starzakille luonto, luonnon monimuotoisuuden s\u00e4ilytt\u00e4minen ja luonnonvarojen viisas k\u00e4ytt\u00f6 ovat t\u00e4rkeit\u00e4 arvoja. Kiinnostus kiertotalouteen ja&hellip;                                <\/div>\r\n                            <\/div>\r\n                        <\/div>\r\n                    <\/a>\r\n                <\/div>\r\n\r\n            \r\n            <div class=\"wp-container is-content-justification-center wp-block-buttons\">\r\n                <div class=\"wp-block-button\">\r\n                    <a class=\"wp-block-button__link\" href=\"\r\n                                            https:\/\/sykli.fi\/demo\/opiskelija-ja-asiakastarinat\/\">\r\n                                        Lue lis\u00e4\u00e4 tarinoita\r\n                    <\/a>\r\n                <\/div>\r\n            <\/div>\r\n        <\/div>\r\n    <\/div>\r\n","protected":false},"excerpt":{"rendered":"<p>Ymp\u00e4rist\u00f6huollon koulutukset Sykliss\u00e4 Voit opiskella Sykliss\u00e4 ymp\u00e4rist\u00f6alan ammatti- tai erikoisammattitutkinnon osaamisalana ymp\u00e4rist\u00f6huolto. Tarjoamme molempiin tutkintoihin valmistavaa koulutusta eri puolilla maata. [&hellip;]<\/p>\n","protected":false},"author":1,"featured_media":63701,"parent":41,"menu_order":83,"comment_status":"closed","ping_status":"closed","template":"","meta":{"_acf_changed":false,"footnotes":""},"class_list":["post-1584","page","type-page","status-publish","has-post-thumbnail","hentry"],"acf":[],"_links":{"self":[{"href":"https:\/\/sykli.fi\/demo\/wp-json\/wp\/v2\/pages\/1584","targetHints":{"allow":["GET"]}}],"collection":[{"href":"https:\/\/sykli.fi\/demo\/wp-json\/wp\/v2\/pages"}],"about":[{"href":"https:\/\/sykli.fi\/demo\/wp-json\/wp\/v2\/types\/page"}],"author":[{"embeddable":true,"href":"https:\/\/sykli.fi\/demo\/wp-json\/wp\/v2\/users\/1"}],"replies":[{"embeddable":true,"href":"https:\/\/sykli.fi\/demo\/wp-json\/wp\/v2\/comments?post=1584"}],"version-history":[{"count":1,"href":"https:\/\/sykli.fi\/demo\/wp-json\/wp\/v2\/pages\/1584\/revisions"}],"predecessor-version":[{"id":72338,"href":"https:\/\/sykli.fi\/demo\/wp-json\/wp\/v2\/pages\/1584\/revisions\/72338"}],"up":[{"embeddable":true,"href":"https:\/\/sykli.fi\/demo\/wp-json\/wp\/v2\/pages\/41"}],"wp:featuredmedia":[{"embeddable":true,"href":"https:\/\/sykli.fi\/demo\/wp-json\/wp\/v2\/media\/63701"}],"wp:attachment":[{"href":"https:\/\/sykli.fi\/demo\/wp-json\/wp\/v2\/media?parent=1584"}],"curies":[{"name":"wp","href":"https:\/\/api.w.org\/{rel}","templated":true}]}}