{"id":1543,"date":"2022-05-13T14:01:01","date_gmt":"2022-05-13T11:01:01","guid":{"rendered":"http:\/\/localhost\/sykli\/?page_id=1543"},"modified":"2023-12-08T12:54:25","modified_gmt":"2023-12-08T10:54:25","slug":"laatu-ymparisto-ja-turvallisuusjohtaminen","status":"publish","type":"page","link":"https:\/\/sykli.fi\/demo\/koulutusalat\/laatu-ymparisto-ja-turvallisuusjohtaminen\/","title":{"rendered":"Laatujohtaminen, ymp\u00e4rist\u00f6johtaminen ja turvallisuusjohtaminen"},"content":{"rendered":"\r\n<section id=\"hero-block_26b12d16ced380041cec62eb4162e3aa\" class=\"hero site-banner section-default default alignfull\">\r\n\r\n    <div class=\"site-banner-bg section-bg-image \" >\r\n\r\n        <img loading=\"lazy\" decoding=\"async\" width=\"2560\" height=\"1429\" src=\"https:\/\/sykli.fi\/demo\/wp-content\/uploads\/2023\/04\/shutterstock_1493445623-LYT-scaled.jpg\" class=\"attachment-1536\u00d71536 size-1536\u00d71536\" alt=\"Palapelin palat.\" srcset=\"https:\/\/sykli.fi\/demo\/wp-content\/uploads\/2023\/04\/shutterstock_1493445623-LYT-scaled.jpg 2560w, https:\/\/sykli.fi\/demo\/wp-content\/uploads\/2023\/04\/shutterstock_1493445623-LYT-300x167.jpg 300w, https:\/\/sykli.fi\/demo\/wp-content\/uploads\/2023\/04\/shutterstock_1493445623-LYT-1024x571.jpg 1024w, https:\/\/sykli.fi\/demo\/wp-content\/uploads\/2023\/04\/shutterstock_1493445623-LYT-768x429.jpg 768w, https:\/\/sykli.fi\/demo\/wp-content\/uploads\/2023\/04\/shutterstock_1493445623-LYT-1536x857.jpg 1536w, https:\/\/sykli.fi\/demo\/wp-content\/uploads\/2023\/04\/shutterstock_1493445623-LYT-2048x1143.jpg 2048w\" sizes=\"auto, (max-width: 2560px) 100vw, 2560px\" \/>\r\n        \r\n        \r\n            <div class=\"site-banner-content container\">\r\n                <div class=\"row w-100\">\r\n                    <div class=\"col-md-12\">\r\n                        <div class=\"hero-text-overlay\">\r\n                                                                <h1 class=\"hero-title\">Laatujohtaminen, ymp\u00e4rist\u00f6johtaminen ja turvallisuusjohtaminen<\/h1>\r\n                            <div class=\"inner-content\">\r\n                            <div class=\"acf-innerblocks-container\">\n\n<p><\/p>\n\n<\/div>\r\n                        <\/div>                        <\/div>\r\n                    <\/div>\r\n                <\/div>\r\n            <\/div>\r\n\r\n        <\/section>\n\n\n<h2 class=\"wp-block-heading\">Laatujohtaminen, ymp\u00e4rist\u00f6johtaminen ja turvallisuusjohtaminen &#8211; kouluttaudu Sykliss\u00e4<\/h2>\n\n\n\n<p>Voit opiskella Sykliss\u00e4 laatu-, ymp\u00e4rist\u00f6- ja turvallisuusjohtamista ja suorittaa ymp\u00e4rist\u00f6alan erikoisammattitutkinnon. Koulutusta on tarjolla sek\u00e4 ty\u00f6n ohessa suoritettavaksi ett\u00e4 ty\u00f6voimakoulutuksena ty\u00f6tt\u00f6mille ty\u00f6nhakijoille.<\/p>\n\n\n\n<p>Koulutus on suunnattu asiantuntija-, esihenkil\u00f6- tai johtoteht\u00e4viss\u00e4 toimiville henkil\u00f6ille, jotka haluavat hankkia osaamista tai lis\u00e4t\u00e4 asiantuntijuuttaan laatu-, ymp\u00e4rist\u00f6- tai turvallisuusj\u00e4rjestelmist\u00e4 tai laajemmin kest\u00e4v\u00e4n kehityksen johtamisesta ja j\u00e4rjestelm\u00e4llisest\u00e4 kehitt\u00e4misest\u00e4 koko organisaation tasolla. Koulutus tarjoaa tietotaitoa ja vertaiskeskusteluja sek\u00e4 tukea omassa organisaatiossa toteutettavalle kehitysty\u00f6lle.<\/p>\n\n\n\n<p>Sykli tarjoaa my\u00f6s laatu-, ymp\u00e4rist\u00f6- ja turvallisuusjohtamisen tilauskoulutuksia, jotka r\u00e4\u00e4t\u00e4l\u00f6id\u00e4\u00e4n tilaajan tarpeiden mukaan. Tilauskoulutukset toteutetaan tyypillisesti osallistavina ty\u00f6pajoina.<\/p>\n\n\n<div class=\"page-linkbox-block alignfull\">\r\n    <div class=\"container\">\r\n        <div class=\"acf-innerblocks-container\">\n\r\n<div class=\"page-linkbox has-turquoise-background-color \">\r\n    <img loading=\"lazy\" decoding=\"async\" width=\"800\" height=\"446\" src=\"https:\/\/sykli.fi\/demo\/wp-content\/uploads\/2023\/04\/shutterstock_1493445623-LYT-1024x571.jpg\" class=\"attachment-large size-large\" alt=\"Palapelin palat.\" srcset=\"https:\/\/sykli.fi\/demo\/wp-content\/uploads\/2023\/04\/shutterstock_1493445623-LYT-1024x571.jpg 1024w, https:\/\/sykli.fi\/demo\/wp-content\/uploads\/2023\/04\/shutterstock_1493445623-LYT-300x167.jpg 300w, https:\/\/sykli.fi\/demo\/wp-content\/uploads\/2023\/04\/shutterstock_1493445623-LYT-768x429.jpg 768w, https:\/\/sykli.fi\/demo\/wp-content\/uploads\/2023\/04\/shutterstock_1493445623-LYT-1536x857.jpg 1536w, https:\/\/sykli.fi\/demo\/wp-content\/uploads\/2023\/04\/shutterstock_1493445623-LYT-2048x1143.jpg 2048w\" sizes=\"auto, (max-width: 800px) 100vw, 800px\" \/>    <a  href=\" https:\/\/sykli.fi\/demo\/koulutusalat\/laatu-ymparisto-ja-turvallisuusjohtaminen\/ymparistoalan-erikoisammattitutkinto\/\" >\r\n        <h2>Ymp\u00e4rist\u00f6alan erikoisammattitutkinto laatu-, ymp\u00e4rist\u00f6- ja turvallisuusjohtamisen osaamisala<\/h2>\r\n\r\n        \r\n    <\/a>\r\n\r\n<\/div>\n\n\r\n<div class=\"page-linkbox has-turquoise-background-color \">\r\n    <img loading=\"lazy\" decoding=\"async\" width=\"800\" height=\"446\" src=\"https:\/\/sykli.fi\/demo\/wp-content\/uploads\/2023\/04\/shutterstock_1493445623-LYT-1024x571.jpg\" class=\"attachment-large size-large\" alt=\"Palapelin palat.\" srcset=\"https:\/\/sykli.fi\/demo\/wp-content\/uploads\/2023\/04\/shutterstock_1493445623-LYT-1024x571.jpg 1024w, https:\/\/sykli.fi\/demo\/wp-content\/uploads\/2023\/04\/shutterstock_1493445623-LYT-300x167.jpg 300w, https:\/\/sykli.fi\/demo\/wp-content\/uploads\/2023\/04\/shutterstock_1493445623-LYT-768x429.jpg 768w, https:\/\/sykli.fi\/demo\/wp-content\/uploads\/2023\/04\/shutterstock_1493445623-LYT-1536x857.jpg 1536w, https:\/\/sykli.fi\/demo\/wp-content\/uploads\/2023\/04\/shutterstock_1493445623-LYT-2048x1143.jpg 2048w\" sizes=\"auto, (max-width: 800px) 100vw, 800px\" \/>    <a  href=\" https:\/\/sykli.fi\/demo\/koulutusalat\/laatu-ymparisto-ja-turvallisuusjohtaminen\/tilauskoulutukset\/\" >\r\n        <h2>Tilauskoulutukset<\/h2>\r\n\r\n        \r\n    <\/a>\r\n\r\n<\/div>\n\n\r\n<div class=\"page-linkbox has-turquoise-background-color \">\r\n    <img loading=\"lazy\" decoding=\"async\" width=\"800\" height=\"450\" src=\"https:\/\/sykli.fi\/demo\/wp-content\/uploads\/2023\/06\/shutterstock_1957121446-haku-tyovoimakoul.jpg\" class=\"attachment-large size-large\" alt=\"\" srcset=\"https:\/\/sykli.fi\/demo\/wp-content\/uploads\/2023\/06\/shutterstock_1957121446-haku-tyovoimakoul.jpg 1000w, https:\/\/sykli.fi\/demo\/wp-content\/uploads\/2023\/06\/shutterstock_1957121446-haku-tyovoimakoul-300x169.jpg 300w, https:\/\/sykli.fi\/demo\/wp-content\/uploads\/2023\/06\/shutterstock_1957121446-haku-tyovoimakoul-768x432.jpg 768w\" sizes=\"auto, (max-width: 800px) 100vw, 800px\" \/>    <a  href=\" https:\/\/sykli.fi\/demo\/hakijalle\/haku-tyovoimakoulutuksiin\/\" >\r\n        <h2>Haku ty\u00f6voimakoulutuksiin<\/h2>\r\n\r\n        \r\n    <\/a>\r\n\r\n<\/div>\n<\/div>\r\n\r\n    <\/div>\r\n<\/div>\n\n\r\n<div class=\"infoboksi has-turquoise-border-color row\">\r\n    <div class=\"infoboksi-image col-4\">\r\n        <img loading=\"lazy\" decoding=\"async\" width=\"800\" height=\"883\" src=\"https:\/\/sykli.fi\/demo\/wp-content\/uploads\/2023\/03\/info-kuva-p-928x1024.jpg\" class=\"attachment-large size-large\" alt=\"infomerkki puhekuplassa\" srcset=\"https:\/\/sykli.fi\/demo\/wp-content\/uploads\/2023\/03\/info-kuva-p-928x1024.jpg 928w, https:\/\/sykli.fi\/demo\/wp-content\/uploads\/2023\/03\/info-kuva-p-272x300.jpg 272w, https:\/\/sykli.fi\/demo\/wp-content\/uploads\/2023\/03\/info-kuva-p-768x848.jpg 768w, https:\/\/sykli.fi\/demo\/wp-content\/uploads\/2023\/03\/info-kuva-p-1392x1536.jpg 1392w, https:\/\/sykli.fi\/demo\/wp-content\/uploads\/2023\/03\/info-kuva-p.jpg 1555w\" sizes=\"auto, (max-width: 800px) 100vw, 800px\" \/>    <\/div>\r\n    <div class=\"infoboksi-sisalto col-8\">\r\n        <div class=\"acf-innerblocks-container\">\n\n<h3 class=\"wp-block-heading\">Tutkinnon suorittaneita: 146<\/h3>\n\n\n\n<p>Koulutusta on j\u00e4rjestetty Sykliss\u00e4 vuodesta 2011.<\/p>\n\n\n\n<h3 class=\"wp-block-heading\">Koulutuksesta sanottua:<\/h3>\n\n\n\n<p><em>\u201dKoulutusohjelma vastasi omia ja ty\u00f6paikkani tarpeita hienosti, jopa enemm\u00e4nkin. Sain arvokasta tietoa ymp\u00e4rist\u00f6asioista ja vahvistusta omalle osaamiselleni. T\u00e4t\u00e4 juuri kaipasin! Nyt jatkan ymp\u00e4rist\u00f6ty\u00f6t\u00e4 varmemmin ja osaan katsoa kokonaisuutta koko kest\u00e4v\u00e4n kehityksen kannalta. Lis\u00e4ksi kehitysprojekti teki n\u00e4kyv\u00e4ksi ty\u00f6paikkani jo tehdyn ty\u00f6n sek\u00e4 sitoutti meit\u00e4 jatkoty\u00f6h\u00f6n. On upeaa olla mukana t\u00e4llaisessa ty\u00f6ss\u00e4!\u201d<\/em><br><em>\u201dKoulutusp\u00e4iv\u00e4t olivat oikein hy\u00f6dyllisi\u00e4 ja huolella rakennettuja.\u201d<br>\u201dKouluttajat olivat ammattitaitoisia, innostavia ja mukavia!\u201d<br>\u201dSain tietoa siit\u00e4, kuinka l\u00e4hte\u00e4 rakentamaan vastuullisuusj\u00e4rjestelm\u00e4\u00e4 organisaatiossa, mit\u00e4 vaiheita ja toimia organisaation vastuullisuusty\u00f6h\u00f6n liittyy ja mit\u00e4 n\u00e4k\u00f6kulmia niiss\u00e4 on huomioitava. Pystyin soveltamaan oppimaani suoraan ty\u00f6teht\u00e4viss\u00e4ni.\u201d<br>\u201dSain konkretiaa ja oikeita esimerkkej\u00e4, jotka auttoivat soveltamaan oppeja.\u201d<\/em><\/p>\n\n<\/div>    <\/div>\r\n<\/div>\n\n\r\n\r\n    <div class=\"reference-highlight-block\">\r\n                    <h2>Opiskelijatarinoita<\/h2>\r\n        \r\n        <div class=\"row\">\r\n\r\n            \r\n                <div class=\"col-md-4\">\r\n                    <a  href=\"https:\/\/sykli.fi\/demo\/tarinat\/laatu-ymparisto-ja-turvallisuusjohtamisen-koulutus-tarjosi-tarjalle-varmuutta-ja-innostusta-uuteen-tyotehtavaan\/\" >\r\n                        <div class=\"reference-box\">\r\n\r\n                                                            <p class=\"reference-box-tag\">\r\n                                    <span>Opiskelijatarina<\/span>                                <\/p>\r\n                            \r\n                            <div class=\"reference-box-content\">\r\n                                <h3>Laatu-, ymp\u00e4rist\u00f6- ja turvallisuusjohtamisen koulutus tarjosi Tarjalle varmuutta ja innostusta uuteen ty\u00f6teht\u00e4v\u00e4\u00e4n<\/h3>\r\n\r\n                                                                    <ul class=\"reference-box-field\">\r\n                                        <li>Laatu-, ymp\u00e4rist\u00f6 ja turvallisuusjohtaminen<\/li>                                    <\/ul>\r\n                                \r\n                                <div class=\"reference-box-excerpt\">\r\n                                    Tarja Ollonqvist hakeutui Syklin laatu-, ymp\u00e4rist\u00f6- ja turvallisuus- johtamisen koulutukseen saadakseen tietoa, taitoa ja varmuutta uuteen ty\u00f6teht\u00e4v\u00e4\u00e4ns\u00e4 kiinteist\u00f6- ja ymp\u00e4rist\u00f6suunnittelijana.&nbsp;&nbsp;\u201cKerroin&hellip;                                <\/div>\r\n                            <\/div>\r\n                        <\/div>\r\n                    <\/a>\r\n                <\/div>\r\n\r\n            \r\n                <div class=\"col-md-4\">\r\n                    <a  href=\"https:\/\/sykli.fi\/demo\/tarinat\/aina-riittaa-opittavaa\/\" >\r\n                        <div class=\"reference-box\">\r\n\r\n                                                            <p class=\"reference-box-tag\">\r\n                                    <span>Opiskelijatarina<\/span>                                <\/p>\r\n                            \r\n                            <div class=\"reference-box-content\">\r\n                                <h3>Aina riitt\u00e4\u00e4 opittavaa!<\/h3>\r\n\r\n                                                                    <ul class=\"reference-box-field\">\r\n                                        <li>Laatu-, ymp\u00e4rist\u00f6 ja turvallisuusjohtaminen<\/li><li>Tutkintokoulutukset<\/li>                                    <\/ul>\r\n                                \r\n                                <div class=\"reference-box-excerpt\">\r\n                                    Laatup\u00e4\u00e4llikk\u00f6n\u00e4 jo vuodesta 2017 Kaunialan sairaalassa toiminut Minna Oksa hakeutui Syklin koulutukseen halusta oppia lis\u00e4\u00e4 etenkin ymp\u00e4rist\u00f6j\u00e4rjestelmien kehitt\u00e4misest\u00e4. Pitk\u00e4\u00e4n laadun&hellip;                                <\/div>\r\n                            <\/div>\r\n                        <\/div>\r\n                    <\/a>\r\n                <\/div>\r\n\r\n            \r\n                <div class=\"col-md-4\">\r\n                    <a  href=\"https:\/\/sykli.fi\/demo\/tarinat\/kaisa-liinanki-opiskelu-syklissa-siivitti-kestavan-kehityksen-tyota-gradiassa\/\" >\r\n                        <div class=\"reference-box\">\r\n\r\n                                                            <p class=\"reference-box-tag\">\r\n                                    <span>Opiskelijatarina<\/span>                                <\/p>\r\n                            \r\n                            <div class=\"reference-box-content\">\r\n                                <h3>Kaisa Liinanki: Opiskelu Sykliss\u00e4 siivitti kest\u00e4v\u00e4n kehityksen ty\u00f6t\u00e4 Gradiassa<\/h3>\r\n\r\n                                                                    <ul class=\"reference-box-field\">\r\n                                        <li>Laatu-, ymp\u00e4rist\u00f6 ja turvallisuusjohtaminen<\/li><li>Tutkintokoulutukset<\/li>                                    <\/ul>\r\n                                \r\n                                <div class=\"reference-box-excerpt\">\r\n                                    \u201dN\u00e4it\u00e4 asioita ei tehd\u00e4 yksin, vaan yhdess\u00e4 innostaen ja kannustaen sek\u00e4 resursoimalla arvovalintoihin.\u201d Kaisa Liinanki Ravitsemispalvelujen opettaja ja projektiasiantuntija&nbsp;Kaisa Liinanki&nbsp;on&hellip;                                <\/div>\r\n                            <\/div>\r\n                        <\/div>\r\n                    <\/a>\r\n                <\/div>\r\n\r\n            \r\n            <div class=\"wp-container is-content-justification-center wp-block-buttons\">\r\n                <div class=\"wp-block-button\">\r\n                    <a class=\"wp-block-button__link\" href=\"\r\n                                            https:\/\/sykli.fi\/demo\/opiskelija-ja-asiakastarinat\/\">\r\n                                        Lue lis\u00e4\u00e4 tarinoita\r\n                    <\/a>\r\n                <\/div>\r\n            <\/div>\r\n        <\/div>\r\n    <\/div>\r\n","protected":false},"excerpt":{"rendered":"<p>Laatujohtaminen, ymp\u00e4rist\u00f6johtaminen ja turvallisuusjohtaminen &#8211; kouluttaudu Sykliss\u00e4 Voit opiskella Sykliss\u00e4 laatu-, ymp\u00e4rist\u00f6- ja turvallisuusjohtamista ja suorittaa ymp\u00e4rist\u00f6alan erikoisammattitutkinnon. Koulutusta on [&hellip;]<\/p>\n","protected":false},"author":1,"featured_media":63695,"parent":41,"menu_order":1,"comment_status":"closed","ping_status":"closed","template":"","meta":{"_acf_changed":false,"footnotes":""},"class_list":["post-1543","page","type-page","status-publish","has-post-thumbnail","hentry"],"acf":[],"_links":{"self":[{"href":"https:\/\/sykli.fi\/demo\/wp-json\/wp\/v2\/pages\/1543","targetHints":{"allow":["GET"]}}],"collection":[{"href":"https:\/\/sykli.fi\/demo\/wp-json\/wp\/v2\/pages"}],"about":[{"href":"https:\/\/sykli.fi\/demo\/wp-json\/wp\/v2\/types\/page"}],"author":[{"embeddable":true,"href":"https:\/\/sykli.fi\/demo\/wp-json\/wp\/v2\/users\/1"}],"replies":[{"embeddable":true,"href":"https:\/\/sykli.fi\/demo\/wp-json\/wp\/v2\/comments?post=1543"}],"version-history":[{"count":9,"href":"https:\/\/sykli.fi\/demo\/wp-json\/wp\/v2\/pages\/1543\/revisions"}],"predecessor-version":[{"id":65898,"href":"https:\/\/sykli.fi\/demo\/wp-json\/wp\/v2\/pages\/1543\/revisions\/65898"}],"up":[{"embeddable":true,"href":"https:\/\/sykli.fi\/demo\/wp-json\/wp\/v2\/pages\/41"}],"wp:featuredmedia":[{"embeddable":true,"href":"https:\/\/sykli.fi\/demo\/wp-json\/wp\/v2\/media\/63695"}],"wp:attachment":[{"href":"https:\/\/sykli.fi\/demo\/wp-json\/wp\/v2\/media?parent=1543"}],"curies":[{"name":"wp","href":"https:\/\/api.w.org\/{rel}","templated":true}]}}