{"id":1537,"date":"2022-05-13T13:59:19","date_gmt":"2022-05-13T10:59:19","guid":{"rendered":"http:\/\/localhost\/sykli\/?page_id=1537"},"modified":"2025-02-20T15:01:11","modified_gmt":"2025-02-20T13:01:11","slug":"vesihuolto","status":"publish","type":"page","link":"https:\/\/sykli.fi\/demo\/koulutusalat\/vesihuolto\/","title":{"rendered":"Vesihuolto"},"content":{"rendered":"\r\n<section id=\"hero-block_7a9fa5850093449b9fd9874452258142\" class=\"hero site-banner section-default default alignfull\">\r\n\r\n    <div class=\"site-banner-bg section-bg-image \" >\r\n\r\n        <img loading=\"lazy\" decoding=\"async\" width=\"2560\" height=\"1919\" src=\"https:\/\/sykli.fi\/demo\/wp-content\/uploads\/2023\/04\/shutterstock_1028274760-vesihuolto-scaled.jpg\" class=\"attachment-1536\u00d71536 size-1536\u00d71536\" alt=\"Vesihuolto\" srcset=\"https:\/\/sykli.fi\/demo\/wp-content\/uploads\/2023\/04\/shutterstock_1028274760-vesihuolto-scaled.jpg 2560w, https:\/\/sykli.fi\/demo\/wp-content\/uploads\/2023\/04\/shutterstock_1028274760-vesihuolto-300x225.jpg 300w, https:\/\/sykli.fi\/demo\/wp-content\/uploads\/2023\/04\/shutterstock_1028274760-vesihuolto-1024x767.jpg 1024w, https:\/\/sykli.fi\/demo\/wp-content\/uploads\/2023\/04\/shutterstock_1028274760-vesihuolto-768x576.jpg 768w, https:\/\/sykli.fi\/demo\/wp-content\/uploads\/2023\/04\/shutterstock_1028274760-vesihuolto-1536x1151.jpg 1536w, https:\/\/sykli.fi\/demo\/wp-content\/uploads\/2023\/04\/shutterstock_1028274760-vesihuolto-2048x1535.jpg 2048w\" sizes=\"auto, (max-width: 2560px) 100vw, 2560px\" \/>\r\n        \r\n        \r\n            <div class=\"site-banner-content container\">\r\n                <div class=\"row w-100\">\r\n                    <div class=\"col-md-12\">\r\n                        <div class=\"hero-text-overlay\">\r\n                                                                <h1 class=\"hero-title\">Vesihuolto<\/h1>\r\n                            <div class=\"inner-content\">\r\n                            <div class=\"acf-innerblocks-container\">\n\n<p><\/p>\n\n<\/div>\r\n                        <\/div>                        <\/div>\r\n                    <\/div>\r\n                <\/div>\r\n            <\/div>\r\n\r\n        <\/section>\n\n\n<h2 class=\"wp-block-heading\">Vesihuolto: koulutukset Sykliss\u00e4<\/h2>\n\n\n\n<p>Laadukas vesihuolto on yhteiskuntamme perusedellytys. Sykli tarjoaa monipuolista ja laadukasta vesihuollon koulutusta muun muassa veden hankinnan ja puhdistuksen, j\u00e4teveden k\u00e4sittelyn ja vesihuoltoverkostojen ammattilaisille. Tarjoamme vesihuollon osaamisalalla niin tutkintokoulutuksia kuin kortti- ja yrityskoulutuksia. Sykli on Suomen johtava tutkintokouluttaja vesihuoltoalalla.<\/p>\n\n\n\n<p><strong>Koulutusvalikoimaamme kuuluvat:<\/strong><\/p>\n\n\n\n<ul class=\"wp-block-list\">\n<li><strong>Tutkintoon johtavat koulutukset<\/strong> eli vesihuollon osaamisalalla <a href=\"https:\/\/sykli.fi\/demo\/koulutusalat\/vesihuolto\/ymparistoalan-ammattitutkinto\/\" target=\"_blank\" rel=\"noreferrer noopener\">Ymp\u00e4rist\u00f6alan ammatti<\/a>&#8211; ja <a href=\"https:\/\/sykli.fi\/demo\/koulutusalat\/vesihuolto\/ymparistoalan-erikoisammattitutkinto\/\" target=\"_blank\" rel=\"noreferrer noopener\">erikoisammattitutkinto<\/a>.<\/li>\n\n\n\n<li><strong><a href=\"https:\/\/sykli.fi\/demo\/koulutusalat\/vesihuolto\/lyhytkoulutukset\/\" target=\"_blank\" rel=\"noreferrer noopener\">Kortti- ja tilauskoulutukset<\/a><\/strong>, kuten vesity\u00f6korttikoulutus, allasvesity\u00f6korttikoulutus, ty\u00f6turvakorttikoulutus ja tulity\u00f6korttikoulutus. <\/li>\n\n\n\n<li><a href=\"https:\/\/sykli.fi\/demo\/koulutusalat\/vesihuolto\/lyhytkoulutukset\/\" target=\"_blank\" rel=\"noreferrer noopener\"><strong>Yrityksen henkil\u00f6st\u00f6koulutukset<\/strong> <\/a>vesihuoltoalalla, esim. desinfiointikoulutus h\u00e4iri\u00f6tilanteita varten, kyberturvallisuuden perusteet, pumppaamoturvallisuuskoulutus.<\/li>\n<\/ul>\n\n\n\n<p>Koulutukset on suunnattu vesihuoltolaitoksille ja vesihuoltoalan toimijoille. Tarjolla on koulutuksia niin ty\u00f6njohdolle, ty\u00f6ntekij\u00f6ille ja alalle tulijoille kuin palveluntarjoajille, urakoitsijoille ja konsulteillekin.<\/p>\n\n\n\r\n<div class=\"infoboksi has-turquoise-border-color row\">\r\n    <div class=\"infoboksi-image col-4\">\r\n        <img loading=\"lazy\" decoding=\"async\" width=\"800\" height=\"883\" src=\"https:\/\/sykli.fi\/demo\/wp-content\/uploads\/2023\/03\/info-kuva-p-928x1024.jpg\" class=\"attachment-large size-large\" alt=\"infomerkki puhekuplassa\" srcset=\"https:\/\/sykli.fi\/demo\/wp-content\/uploads\/2023\/03\/info-kuva-p-928x1024.jpg 928w, https:\/\/sykli.fi\/demo\/wp-content\/uploads\/2023\/03\/info-kuva-p-272x300.jpg 272w, https:\/\/sykli.fi\/demo\/wp-content\/uploads\/2023\/03\/info-kuva-p-768x848.jpg 768w, https:\/\/sykli.fi\/demo\/wp-content\/uploads\/2023\/03\/info-kuva-p-1392x1536.jpg 1392w, https:\/\/sykli.fi\/demo\/wp-content\/uploads\/2023\/03\/info-kuva-p.jpg 1555w\" sizes=\"auto, (max-width: 800px) 100vw, 800px\" \/>    <\/div>\r\n    <div class=\"infoboksi-sisalto col-8\">\r\n        <div class=\"acf-innerblocks-container\">\n\n<h3 class=\"wp-block-heading\">Vesihuolto: tutkinnon suorittaneita: 645<\/h3>\n\n\n\n<p>Koulutusta on j\u00e4rjestetty Sykliss\u00e4 vuodesta 2007.<\/p>\n\n\n\n<h3 class=\"wp-block-heading\">Koulutuksesta sanottua:<\/h3>\n\n\n\n<p><em>\u201dkoulutus antoi minulle lis\u00e4\u00e4 tietoa, jota voin hy\u00f6dynt\u00e4\u00e4 ty\u00f6ss\u00e4ni\u201d<\/em><br><em>\u201dmukavat ja asiantuntevat kouluttajat\u201d<\/em><br><em>\u201dvesity\u00f6kortin kertauskoulutus oli mukava tilaisuus, kesto oli sopiva ja asiat tuli k\u00e4sitelty\u00e4 tiiviisti\u201d<\/em><\/p>\n\n<\/div>    <\/div>\r\n<\/div>\n\n\n<h2 class=\"wp-block-heading\">Tutustu koulutuksiin<\/h2>\n\n\n<div class=\"page-linkbox-block alignfull\">\r\n    <div class=\"container\">\r\n        <div class=\"acf-innerblocks-container\">\n\r\n<div class=\"page-linkbox has-turquoise-background-color \">\r\n    <img loading=\"lazy\" decoding=\"async\" width=\"800\" height=\"599\" src=\"https:\/\/sykli.fi\/demo\/wp-content\/uploads\/2023\/04\/shutterstock_1028274760-vesihuolto-1024x767.jpg\" class=\"attachment-large size-large\" alt=\"Vesihuolto\" srcset=\"https:\/\/sykli.fi\/demo\/wp-content\/uploads\/2023\/04\/shutterstock_1028274760-vesihuolto-1024x767.jpg 1024w, https:\/\/sykli.fi\/demo\/wp-content\/uploads\/2023\/04\/shutterstock_1028274760-vesihuolto-300x225.jpg 300w, https:\/\/sykli.fi\/demo\/wp-content\/uploads\/2023\/04\/shutterstock_1028274760-vesihuolto-768x576.jpg 768w, https:\/\/sykli.fi\/demo\/wp-content\/uploads\/2023\/04\/shutterstock_1028274760-vesihuolto-1536x1151.jpg 1536w, https:\/\/sykli.fi\/demo\/wp-content\/uploads\/2023\/04\/shutterstock_1028274760-vesihuolto-2048x1535.jpg 2048w\" sizes=\"auto, (max-width: 800px) 100vw, 800px\" \/>    <a  href=\" https:\/\/sykli.fi\/demo\/koulutusalat\/vesihuolto\/ymparistoalan-ammattitutkinto\/\" >\r\n        <h2>Ymp\u00e4rist\u00f6alan ammattitutkinto<\/h2>\r\n\r\n        \r\n    <\/a>\r\n\r\n<\/div>\n\n\r\n<div class=\"page-linkbox has-turquoise-background-color \">\r\n    <img loading=\"lazy\" decoding=\"async\" width=\"800\" height=\"599\" src=\"https:\/\/sykli.fi\/demo\/wp-content\/uploads\/2023\/04\/shutterstock_1028274760-vesihuolto-1024x767.jpg\" class=\"attachment-large size-large\" alt=\"Vesihuolto\" srcset=\"https:\/\/sykli.fi\/demo\/wp-content\/uploads\/2023\/04\/shutterstock_1028274760-vesihuolto-1024x767.jpg 1024w, https:\/\/sykli.fi\/demo\/wp-content\/uploads\/2023\/04\/shutterstock_1028274760-vesihuolto-300x225.jpg 300w, https:\/\/sykli.fi\/demo\/wp-content\/uploads\/2023\/04\/shutterstock_1028274760-vesihuolto-768x576.jpg 768w, https:\/\/sykli.fi\/demo\/wp-content\/uploads\/2023\/04\/shutterstock_1028274760-vesihuolto-1536x1151.jpg 1536w, https:\/\/sykli.fi\/demo\/wp-content\/uploads\/2023\/04\/shutterstock_1028274760-vesihuolto-2048x1535.jpg 2048w\" sizes=\"auto, (max-width: 800px) 100vw, 800px\" \/>    <a  href=\" https:\/\/sykli.fi\/demo\/koulutusalat\/vesihuolto\/ymparistoalan-erikoisammattitutkinto\/\" >\r\n        <h2>Ymp\u00e4rist\u00f6alan erikoisammattitutkinto<\/h2>\r\n\r\n        \r\n    <\/a>\r\n\r\n<\/div>\n\n\r\n<div class=\"page-linkbox has-turquoise-background-color \">\r\n    <img loading=\"lazy\" decoding=\"async\" width=\"800\" height=\"599\" src=\"https:\/\/sykli.fi\/demo\/wp-content\/uploads\/2023\/04\/shutterstock_1028274760-vesihuolto-1024x767.jpg\" class=\"attachment-large size-large\" alt=\"Vesihuolto\" srcset=\"https:\/\/sykli.fi\/demo\/wp-content\/uploads\/2023\/04\/shutterstock_1028274760-vesihuolto-1024x767.jpg 1024w, https:\/\/sykli.fi\/demo\/wp-content\/uploads\/2023\/04\/shutterstock_1028274760-vesihuolto-300x225.jpg 300w, https:\/\/sykli.fi\/demo\/wp-content\/uploads\/2023\/04\/shutterstock_1028274760-vesihuolto-768x576.jpg 768w, https:\/\/sykli.fi\/demo\/wp-content\/uploads\/2023\/04\/shutterstock_1028274760-vesihuolto-1536x1151.jpg 1536w, https:\/\/sykli.fi\/demo\/wp-content\/uploads\/2023\/04\/shutterstock_1028274760-vesihuolto-2048x1535.jpg 2048w\" sizes=\"auto, (max-width: 800px) 100vw, 800px\" \/>    <a  href=\" https:\/\/sykli.fi\/demo\/koulutusalat\/vesihuolto\/lyhytkoulutukset\/\" >\r\n        <h2>Vesihuollon kortti- ja tilauskoulutukset<\/h2>\r\n\r\n        \r\n    <\/a>\r\n\r\n<\/div>\n\n\r\n<div class=\"page-linkbox has-turquoise-background-color \">\r\n    <img loading=\"lazy\" decoding=\"async\" width=\"800\" height=\"531\" src=\"https:\/\/sykli.fi\/demo\/wp-content\/uploads\/2022\/09\/vesihuolto.jpg\" class=\"attachment-large size-large\" alt=\"Vedenpinta, jossa pieni\u00e4 laineita ja aurinko kimmelt\u00e4\u00e4 veden pinnalla.\" srcset=\"https:\/\/sykli.fi\/demo\/wp-content\/uploads\/2022\/09\/vesihuolto.jpg 950w, https:\/\/sykli.fi\/demo\/wp-content\/uploads\/2022\/09\/vesihuolto-300x199.jpg 300w, https:\/\/sykli.fi\/demo\/wp-content\/uploads\/2022\/09\/vesihuolto-768x509.jpg 768w\" sizes=\"auto, (max-width: 800px) 100vw, 800px\" \/>    <a  href=\" https:\/\/sykli.fi\/demo\/hakijalle\/haku-jotpa-koulutuksiin\/vesihuollon-taydennyskoulutus-alan-asiantuntijoille\/\" >\r\n        <h2>701218 Vesihuollon t\u00e4ydennyskoulutus alan asiantuntijoille<\/h2>\r\n\r\n        \r\n    <\/a>\r\n\r\n<\/div>\n\n\r\n<div class=\"page-linkbox has-turquoise-background-color \">\r\n    <img loading=\"lazy\" decoding=\"async\" width=\"800\" height=\"534\" src=\"https:\/\/sykli.fi\/demo\/wp-content\/uploads\/2025\/01\/shutterstock_2232470269-1024x683.jpg\" class=\"attachment-large size-large\" alt=\"\" srcset=\"https:\/\/sykli.fi\/demo\/wp-content\/uploads\/2025\/01\/shutterstock_2232470269-1024x683.jpg 1024w, https:\/\/sykli.fi\/demo\/wp-content\/uploads\/2025\/01\/shutterstock_2232470269-300x200.jpg 300w, https:\/\/sykli.fi\/demo\/wp-content\/uploads\/2025\/01\/shutterstock_2232470269-768x512.jpg 768w, https:\/\/sykli.fi\/demo\/wp-content\/uploads\/2025\/01\/shutterstock_2232470269-1536x1024.jpg 1536w, https:\/\/sykli.fi\/demo\/wp-content\/uploads\/2025\/01\/shutterstock_2232470269-2048x1365.jpg 2048w\" sizes=\"auto, (max-width: 800px) 100vw, 800px\" \/>    <a  href=\" https:\/\/sykli.fi\/demo\/hakijalle\/haku-jotpa-koulutuksiin\/vesihuollon-taydennyskoulutus-maarakentajille\/\" >\r\n        <h2>701319 Vesihuollon t\u00e4ydennyskoulutus maarakentajille &#8211; Oulu<\/h2>\r\n\r\n        \r\n    <\/a>\r\n\r\n<\/div>\n<\/div>\r\n\r\n    <\/div>\r\n<\/div>\n\n\r\n\n\n\n<p><\/p>\n","protected":false},"excerpt":{"rendered":"<p>Vesihuolto: koulutukset Sykliss\u00e4 Laadukas vesihuolto on yhteiskuntamme perusedellytys. Sykli tarjoaa monipuolista ja laadukasta vesihuollon koulutusta muun muassa veden hankinnan ja [&hellip;]<\/p>\n","protected":false},"author":1,"featured_media":63691,"parent":41,"menu_order":37,"comment_status":"closed","ping_status":"closed","template":"template-parts\/page-with-sidebar-links.php","meta":{"_acf_changed":false,"footnotes":""},"class_list":["post-1537","page","type-page","status-publish","has-post-thumbnail","hentry"],"acf":[],"_links":{"self":[{"href":"https:\/\/sykli.fi\/demo\/wp-json\/wp\/v2\/pages\/1537","targetHints":{"allow":["GET"]}}],"collection":[{"href":"https:\/\/sykli.fi\/demo\/wp-json\/wp\/v2\/pages"}],"about":[{"href":"https:\/\/sykli.fi\/demo\/wp-json\/wp\/v2\/types\/page"}],"author":[{"embeddable":true,"href":"https:\/\/sykli.fi\/demo\/wp-json\/wp\/v2\/users\/1"}],"replies":[{"embeddable":true,"href":"https:\/\/sykli.fi\/demo\/wp-json\/wp\/v2\/comments?post=1537"}],"version-history":[{"count":10,"href":"https:\/\/sykli.fi\/demo\/wp-json\/wp\/v2\/pages\/1537\/revisions"}],"predecessor-version":[{"id":70419,"href":"https:\/\/sykli.fi\/demo\/wp-json\/wp\/v2\/pages\/1537\/revisions\/70419"}],"up":[{"embeddable":true,"href":"https:\/\/sykli.fi\/demo\/wp-json\/wp\/v2\/pages\/41"}],"wp:featuredmedia":[{"embeddable":true,"href":"https:\/\/sykli.fi\/demo\/wp-json\/wp\/v2\/media\/63691"}],"wp:attachment":[{"href":"https:\/\/sykli.fi\/demo\/wp-json\/wp\/v2\/media?parent=1537"}],"curies":[{"name":"wp","href":"https:\/\/api.w.org\/{rel}","templated":true}]}}