{"id":1517,"date":"2022-05-13T13:54:50","date_gmt":"2022-05-13T10:54:50","guid":{"rendered":"http:\/\/localhost\/sykli\/?page_id=1517"},"modified":"2025-11-24T11:27:14","modified_gmt":"2025-11-24T09:27:14","slug":"ymparistoalan-ammattitutkinto","status":"publish","type":"page","link":"https:\/\/sykli.fi\/demo\/hakijalle\/ymparistoalan-ammattitutkinto\/","title":{"rendered":"Ymp\u00e4rist\u00f6alan ammattitutkinto"},"content":{"rendered":"\r\n<section id=\"hero-block_726861ab3e6b894d83576fe58f5537f4\" class=\"hero site-banner section-default default alignfull\">\r\n\r\n    <div class=\"site-banner-bg section-bg-image \" >\r\n\r\n        <img loading=\"lazy\" decoding=\"async\" width=\"1000\" height=\"667\" src=\"https:\/\/sykli.fi\/demo\/wp-content\/uploads\/2023\/04\/shutterstock_1811909263-ymparistoalan-at.jpg\" class=\"attachment-1536\u00d71536 size-1536\u00d71536\" alt=\"Mets\u00e4\u00e4.\" srcset=\"https:\/\/sykli.fi\/demo\/wp-content\/uploads\/2023\/04\/shutterstock_1811909263-ymparistoalan-at.jpg 1000w, https:\/\/sykli.fi\/demo\/wp-content\/uploads\/2023\/04\/shutterstock_1811909263-ymparistoalan-at-300x200.jpg 300w, https:\/\/sykli.fi\/demo\/wp-content\/uploads\/2023\/04\/shutterstock_1811909263-ymparistoalan-at-768x512.jpg 768w\" sizes=\"auto, (max-width: 1000px) 100vw, 1000px\" \/>\r\n        \r\n        \r\n            <div class=\"site-banner-content container\">\r\n                <div class=\"row w-100\">\r\n                    <div class=\"col-md-12\">\r\n                        <div class=\"hero-text-overlay\">\r\n                                                                <h1 class=\"hero-title\">Ymp\u00e4rist\u00f6alan ammattitutkinto<\/h1>\r\n                            <div class=\"inner-content\">\r\n                            <div class=\"acf-innerblocks-container\"><\/div>\r\n                        <\/div>                        <\/div>\r\n                    <\/div>\r\n                <\/div>\r\n            <\/div>\r\n\r\n        <\/section>\n\n\n<p>Ammattitutkinnoissa osoitetaan alan ammattity\u00f6ntekij\u00e4lt\u00e4 edellytetty ammattitaito. Tutkinnon ammattitaitovaatimukset on m\u00e4\u00e4ritelty siten, ett\u00e4 niiden saavuttaminen edellytt\u00e4\u00e4 alan peruskoulutusta tai sit\u00e4 vastaavia tietoja ja taitoja, ja lis\u00e4ksi t\u00e4ydent\u00e4vi\u00e4 ja syvent\u00e4vi\u00e4 opintoja sek\u00e4 noin kolmen vuoden ty\u00f6kokemusta alalta. N\u00e4yt\u00f6in suoritettu ammatillinen tutkinto antaa kelpoisuuden korkeakoulututkintoon johtaviin opintoihin ja yleisen kelpoisuuden ammattikorkeakouluopintoihin.&nbsp;<\/p>\n\n\n\n<figure class=\"wp-block-image size-large\"><img loading=\"lazy\" decoding=\"async\" width=\"1024\" height=\"576\" src=\"https:\/\/sykli.fi\/demo\/wp-content\/uploads\/2025\/10\/AT-muodostumiskuva-1-1024x576.jpg\" alt=\"\" class=\"wp-image-72784\" srcset=\"https:\/\/sykli.fi\/demo\/wp-content\/uploads\/2025\/10\/AT-muodostumiskuva-1-1024x576.jpg 1024w, https:\/\/sykli.fi\/demo\/wp-content\/uploads\/2025\/10\/AT-muodostumiskuva-1-300x169.jpg 300w, https:\/\/sykli.fi\/demo\/wp-content\/uploads\/2025\/10\/AT-muodostumiskuva-1-768x432.jpg 768w, https:\/\/sykli.fi\/demo\/wp-content\/uploads\/2025\/10\/AT-muodostumiskuva-1-1536x864.jpg 1536w, https:\/\/sykli.fi\/demo\/wp-content\/uploads\/2025\/10\/AT-muodostumiskuva-1.jpg 1920w\" sizes=\"auto, (max-width: 1024px) 100vw, 1024px\" \/><\/figure>\n\n\n\n<p><\/p>\n\n\n\n<p><strong>Ymp\u00e4rist\u00f6alan ammattitutkinto<\/strong> on tarkoitettu ymp\u00e4rist\u00f6huollon ja vesihuollon ty\u00f6teht\u00e4viss\u00e4 toimiville henkil\u00f6ille. Tutkinnon laajuus on 150 osaamispistett\u00e4 ja koulutuksen kesto noin 1 vuosi. Koulutus soveltuu henkil\u00f6ille, joilla on aiemmin suoritettu ammatillinen perustutkinto ja\/tai ty\u00f6ss\u00e4 hankittua osaamista alalta. Koulutus voidaan suorittaa ty\u00f6n ohessa oppisopimuskoulutuksena tai omaehtoisena opiskeluna . Koulutus sis\u00e4lt\u00e4\u00e4 10\u221212 l\u00e4hiopetusp\u00e4iv\u00e4\u00e4. Tutkinnosta on mahdollista suorittaa my\u00f6s osa\/osia, ns. osatutkintona.&nbsp;<\/p>\n\n\n\n<p>Ymp\u00e4rist\u00f6alan ammattitutkinnon suorittanut voi toimia ymp\u00e4rist\u00f6alan yritt\u00e4j\u00e4n\u00e4 tai osaamisalansa mukaisissa ty\u00f6teht\u00e4viss\u00e4.&nbsp;<\/p>\n\n\n\n<p><strong>Ymp\u00e4rist\u00f6huollon osaamisalan<\/strong> tutkinnon osia suorittanut hallitsee perusasiat j\u00e4tehuollosta ja kierr\u00e4tyksest\u00e4, sen lains\u00e4\u00e4d\u00e4nn\u00f6st\u00e4 ja m\u00e4\u00e4r\u00e4yksist\u00e4, eri toimijoiden vastuista ja velvollisuuksista sek\u00e4 j\u00e4tejakeista ja niiden hy\u00f6tyk\u00e4yt\u00f6st\u00e4 siten, ett\u00e4 h\u00e4n pystyy soveltamaan osaamistaan ty\u00f6ss\u00e4\u00e4n. Lis\u00e4ksi tutkinnon suorittaneet hallitsevat moninaisia ymp\u00e4rist\u00f6huollon ty\u00f6prosesseja ja niiden turvallisuustekij\u00f6it\u00e4 suorittamansa tutkinnon osan vaatimusten mukaisesti.&nbsp;<\/p>\n\n\n\n<p><strong>Vesihuollon osaamisalan<\/strong> tutkinnon osia suorittanut noudattaa vesihuollon perusperiaatteita, lakeja ja m\u00e4\u00e4r\u00e4yksi\u00e4 ja hallitsee omaan ty\u00f6h\u00f6ns\u00e4 liittyv\u00e4t k\u00e4sittelyprosessit ja niiden yll\u00e4- ja kunnossapitoty\u00f6t. Tutkinnon suorittaneet osaavat hankkia, siirt\u00e4\u00e4 tai puhdistaa vett\u00e4 sek\u00e4 huolehtia niihin liittyvist\u00e4 rakenteista ja hygienia- ja turvallisuusm\u00e4\u00e4r\u00e4ysten toteutumisesta.&nbsp;<\/p>\n\n\n\n<hr class=\"wp-block-separator has-alpha-channel-opacity\"\/>\n\n\n\n<h2 class=\"wp-block-heading\">Ty\u00f6teht\u00e4vi\u00e4, joissa tutkinnon suorittanut voi toimia&nbsp;<\/h2>\n\n\n\n<p>Ymp\u00e4rist\u00f6huollon osaamisalalla tutkinnon suorittaneen osaamista vastaavia ty\u00f6teht\u00e4vi\u00e4 ovat esimerkiksi j\u00e4tehuollon suunnittelun ja toteutuksen, ymp\u00e4rist\u00f6huollon ajoj\u00e4rjestelyn, materiaalien kierr\u00e4tyksen ja k\u00e4sittelyn, pilaantuneiden maiden k\u00e4sittelyn, teollisuuspuhdistuspalveluiden sek\u00e4 ymp\u00e4rist\u00f6vastaavan ty\u00f6t.&nbsp;<\/p>\n\n\n\n<p>Vesihuollon osaamisalalla t\u00e4llaisia ty\u00f6teht\u00e4vi\u00e4 ovat muun muassa talous- ja j\u00e4tevesien puhdistusprosessien hoito- ja yll\u00e4pitoty\u00f6t, vesihuoltoverkostojen rakentamis-, saneeraus- ja kunnossapitoteht\u00e4v\u00e4t sek\u00e4 viem\u00e4rihuoltopalveluiden ja haja-asutusalueiden vesihuoltoj\u00e4rjestelmien rakennus- ja huoltoteht\u00e4v\u00e4t.&nbsp;<\/p>\n\n\n\n<hr class=\"wp-block-separator has-alpha-channel-opacity\"\/>\n\n\n\n<h2 class=\"wp-block-heading\">Osaamisalojen kuvaukset&nbsp;<\/h2>\n\n\n\n<p><strong>Ymp\u00e4rist\u00f6huollon osaamisalan<\/strong> tutkinnon osia suorittanut hallitsee perusasiat j\u00e4tehuollosta ja kierr\u00e4tyksest\u00e4, sen lains\u00e4\u00e4d\u00e4nn\u00f6st\u00e4 ja m\u00e4\u00e4r\u00e4yksist\u00e4, eri toimijoiden vastuista ja velvollisuuksista sek\u00e4 j\u00e4tejakeista ja niiden hy\u00f6tyk\u00e4yt\u00f6st\u00e4 siten, ett\u00e4 h\u00e4n pystyy soveltamaan osaamistaan ty\u00f6ss\u00e4\u00e4n. Lis\u00e4ksi tutkinnon suorittaneet hallitsevat moninaisia ymp\u00e4rist\u00f6huollon ty\u00f6prosesseja ja niiden turvallisuustekij\u00f6it\u00e4 suorittamansa tutkinnon osan vaatimusten mukaisesti.&nbsp;<\/p>\n\n\n\n<p><strong>Vesihuollon osaamisalan<\/strong> tutkinnon osia suorittanut noudattaa vesihuollon perusperiaatteita, lakeja ja m\u00e4\u00e4r\u00e4yksi\u00e4 ja hallitsee omaan ty\u00f6h\u00f6ns\u00e4 liittyv\u00e4t k\u00e4sittelyprosessit ja niiden yll\u00e4- ja kunnossapitoty\u00f6t. Tutkinnon suorittaneet osaavat hankkia, siirt\u00e4\u00e4 tai puhdistaa vett\u00e4 sek\u00e4 huolehtia niihin liittyvist\u00e4 rakenteista ja hygienia- ja turvallisuusm\u00e4\u00e4r\u00e4ysten toteutumisesta.&nbsp;<\/p>\n\n\n\n<p>Tutustu tutkinnonperusteisiin t\u00e4\u00e4lt\u00e4: <\/p>\n\n\n\n<p><a href=\"https:\/\/eperusteet.opintopolku.fi\/#\/fi\/ammatillinen\/9425412\/tiedot\" target=\"_blank\" rel=\"noreferrer noopener\">2025 Ymp\u00e4rist\u00f6alan ammattitutkinto (1.8.2025 alkaen)<\/a><\/p>\n\n\n<div class=\"page-linkbox-block alignfull\">\r\n    <div class=\"container\">\r\n        <div class=\"acf-innerblocks-container\">\n\r\n<div class=\"page-linkbox has-turquoise-background-color \">\r\n    <img loading=\"lazy\" decoding=\"async\" width=\"800\" height=\"600\" src=\"https:\/\/sykli.fi\/demo\/wp-content\/uploads\/2023\/04\/shutterstock_727038277-ymparistohuolto.jpg\" class=\"attachment-large size-large\" alt=\"Taimi.\" srcset=\"https:\/\/sykli.fi\/demo\/wp-content\/uploads\/2023\/04\/shutterstock_727038277-ymparistohuolto.jpg 1000w, https:\/\/sykli.fi\/demo\/wp-content\/uploads\/2023\/04\/shutterstock_727038277-ymparistohuolto-300x225.jpg 300w, https:\/\/sykli.fi\/demo\/wp-content\/uploads\/2023\/04\/shutterstock_727038277-ymparistohuolto-768x576.jpg 768w\" sizes=\"auto, (max-width: 800px) 100vw, 800px\" \/>    <a  href=\" https:\/\/sykli.fi\/demo\/koulutusalat\/ymparistohuolto\/ymparistoalan-ammattitutkinto\/\" >\r\n        <h2>Ymp\u00e4rist\u00f6huolto<\/h2>\r\n\r\n        \r\n    <\/a>\r\n\r\n<\/div>\n\n\r\n<div class=\"page-linkbox has-turquoise-background-color \">\r\n    <img loading=\"lazy\" decoding=\"async\" width=\"800\" height=\"599\" src=\"https:\/\/sykli.fi\/demo\/wp-content\/uploads\/2023\/04\/shutterstock_1028274760-vesihuolto-1024x767.jpg\" class=\"attachment-large size-large\" alt=\"Vesihuolto\" srcset=\"https:\/\/sykli.fi\/demo\/wp-content\/uploads\/2023\/04\/shutterstock_1028274760-vesihuolto-1024x767.jpg 1024w, https:\/\/sykli.fi\/demo\/wp-content\/uploads\/2023\/04\/shutterstock_1028274760-vesihuolto-300x225.jpg 300w, https:\/\/sykli.fi\/demo\/wp-content\/uploads\/2023\/04\/shutterstock_1028274760-vesihuolto-768x576.jpg 768w, https:\/\/sykli.fi\/demo\/wp-content\/uploads\/2023\/04\/shutterstock_1028274760-vesihuolto-1536x1151.jpg 1536w, https:\/\/sykli.fi\/demo\/wp-content\/uploads\/2023\/04\/shutterstock_1028274760-vesihuolto-2048x1535.jpg 2048w\" sizes=\"auto, (max-width: 800px) 100vw, 800px\" \/>    <a  href=\" https:\/\/sykli.fi\/demo\/koulutusalat\/vesihuolto\/ymparistoalan-ammattitutkinto\/\" >\r\n        <h2>Vesihuolto<\/h2>\r\n\r\n        \r\n    <\/a>\r\n\r\n<\/div>\n<\/div>\r\n\r\n    <\/div>\r\n<\/div>","protected":false},"excerpt":{"rendered":"<p>Ammattitutkinnoissa osoitetaan alan ammattity\u00f6ntekij\u00e4lt\u00e4 edellytetty ammattitaito. Tutkinnon ammattitaitovaatimukset on m\u00e4\u00e4ritelty siten, ett\u00e4 niiden saavuttaminen edellytt\u00e4\u00e4 alan peruskoulutusta tai sit\u00e4 vastaavia [&hellip;]<\/p>\n","protected":false},"author":1,"featured_media":63671,"parent":37,"menu_order":20,"comment_status":"closed","ping_status":"closed","template":"","meta":{"_acf_changed":false,"footnotes":""},"class_list":["post-1517","page","type-page","status-publish","has-post-thumbnail","hentry"],"acf":[],"_links":{"self":[{"href":"https:\/\/sykli.fi\/demo\/wp-json\/wp\/v2\/pages\/1517","targetHints":{"allow":["GET"]}}],"collection":[{"href":"https:\/\/sykli.fi\/demo\/wp-json\/wp\/v2\/pages"}],"about":[{"href":"https:\/\/sykli.fi\/demo\/wp-json\/wp\/v2\/types\/page"}],"author":[{"embeddable":true,"href":"https:\/\/sykli.fi\/demo\/wp-json\/wp\/v2\/users\/1"}],"replies":[{"embeddable":true,"href":"https:\/\/sykli.fi\/demo\/wp-json\/wp\/v2\/comments?post=1517"}],"version-history":[{"count":5,"href":"https:\/\/sykli.fi\/demo\/wp-json\/wp\/v2\/pages\/1517\/revisions"}],"predecessor-version":[{"id":73086,"href":"https:\/\/sykli.fi\/demo\/wp-json\/wp\/v2\/pages\/1517\/revisions\/73086"}],"up":[{"embeddable":true,"href":"https:\/\/sykli.fi\/demo\/wp-json\/wp\/v2\/pages\/37"}],"wp:featuredmedia":[{"embeddable":true,"href":"https:\/\/sykli.fi\/demo\/wp-json\/wp\/v2\/media\/63671"}],"wp:attachment":[{"href":"https:\/\/sykli.fi\/demo\/wp-json\/wp\/v2\/media?parent=1517"}],"curies":[{"name":"wp","href":"https:\/\/api.w.org\/{rel}","templated":true}]}}